{"id":7534,"date":"2023-01-20T12:02:12","date_gmt":"2023-01-20T17:02:12","guid":{"rendered":"https:\/\/www.hoosierenergy.com\/?page_id=7534"},"modified":"2024-02-05T19:50:42","modified_gmt":"2024-02-06T00:50:42","slug":"electrifyindiana2022","status":"publish","type":"page","link":"https:\/\/www.hoosierenergy.com\/pt\/electrifyindiana2022\/","title":{"rendered":"Eletrifique Indiana 2022"},"content":{"rendered":"<div class=\"wpb-content-wrapper\"><div class=\"vc_row wpb_row vc_row-fluid negativetopmargin vc_custom_1654014318664 vc_row-has-fill\"><div class=\"wpb_column vc_column_container vc_col-sm-12 vc_col-md-offset-2 vc_col-md-8\"><div class=\"vc_column-inner\"><div class=\"wpb_wrapper\"><div class=\"ult-spacer spacer-69e5bd613fd98\" data-id=\"69e5bd613fd98\" data-height=\"50\" data-height-mobile=\"20\" data-height-tab=\"30\" data-height-tab-portrait=\"30\" data-height-mobile-landscape=\"20\" style=\"clear:both;display:block;\"><\/div><h1 style=\"font-size: 32px;text-align: center\" class=\"vc_custom_heading vc_do_custom_heading\" >Eletrifica\u00e7\u00e3o ben\u00e9fica de 2022 - Electrify Indiana<\/h1>\n\t<div class=\"wpb_text_column wpb_content_element\" >\n\t\t<div class=\"wpb_wrapper\">\n\t\t\t<div id=\"cid_42\" class=\"form-input-wide\">\n<div id=\"text_42\" class=\"form-html\" tabindex=\"0\" data-component=\"text\">\n<div class=\"form-header-group header-default\">\n<div class=\"header-text httal htvam\">\n<div id=\"subHeader_10\" class=\"form-subHeader\" style=\"text-align: center;\"><strong>22 de setembro de 2022 | The Westin Indianapolis | 241 W. Washington Street<\/strong><\/div>\n<\/div>\n<\/div>\n<div id=\"cid_42\" class=\"form-input-wide\" style=\"text-align: center;\">\n<div id=\"text_42\" class=\"form-html\" tabindex=\"0\" data-component=\"text\"><\/div>\n<\/div>\n<p style=\"text-align: center;\">A segunda confer\u00eancia oficial de eletrifica\u00e7\u00e3o ben\u00e9fica (BE) de Indiana \u2013 Electrify Indiana 2022 no centro de Westin Indianapolis em 22 de setembro \u2013 proporcionar\u00e1 a voc\u00ea uma oportunidade eletrizante de explorar o futuro econ\u00f4mico, de pol\u00edticas p\u00fablicas, de for\u00e7a de trabalho, de infraestrutura e de transporte de Indiana com tecnologias el\u00e9tricas liderando o caminho!<\/p>\n<\/div>\n<\/div>\n\n\t\t<\/div>\n\t<\/div>\n<div class=\"ult-spacer spacer-69e5bd614084d\" data-id=\"69e5bd614084d\" data-height=\"35\" data-height-mobile=\"10\" data-height-tab=\"25\" data-height-tab-portrait=\"25\" data-height-mobile-landscape=\"20\" style=\"clear:both;display:block;\"><\/div><\/div><\/div><\/div><\/div>\n<\/div>","protected":false},"excerpt":{"rendered":"<p>Eletrifica\u00e7\u00e3o ben\u00e9fica de 2022 \u2013 Electrify Indiana 22 de setembro de 2022 | The Westin Indianapolis | 241 W. Washington Street A segunda confer\u00eancia oficial de eletrifica\u00e7\u00e3o ben\u00e9fica (BE) de Indiana \u2013 Electrify Indiana 2022 no centro de Westin Indianapolis em 22 de setembro \u2013 proporcionar\u00e1 a voc\u00ea uma oportunidade eletrizante de explorar o futuro econ\u00f4mico, de pol\u00edticas p\u00fablicas, de for\u00e7a de trabalho, de infraestrutura e de transporte de Indiana\u2026<\/p>","protected":false},"author":1,"featured_media":8056,"parent":0,"menu_order":0,"comment_status":"closed","ping_status":"closed","template":"","meta":{"_acf_changed":false,"footnotes":""},"class_list":["post-7534","page","type-page","status-publish","has-post-thumbnail","hentry","description-off"],"acf":[],"yoast_head":"<!-- This site is optimized with the Yoast SEO plugin v27.4 - https:\/\/yoast.com\/product\/yoast-seo-wordpress\/ -->\r\n<title>Electrify Indiana 2022 | Hoosier Energy<\/title>\r\n<meta name=\"description\" content=\"Indiana\u2019s second official beneficial electrification (BE) conference - Electrify Indiana 2022 - was held September 22, 2022.\" \/>\r\n<meta name=\"robots\" content=\"index, follow, max-snippet:-1, max-image-preview:large, max-video-preview:-1\" \/>\r\n<link rel=\"canonical\" href=\"https:\/\/www.hoosierenergy.com\/pt\/electrifyindiana2022\/\" \/>\r\n<meta property=\"og:locale\" content=\"pt_PT\" \/>\r\n<meta property=\"og:type\" content=\"article\" \/>\r\n<meta property=\"og:title\" content=\"Electrify Indiana 2022 | Hoosier Energy\" \/>\r\n<meta property=\"og:description\" content=\"Indiana\u2019s second official beneficial electrification (BE) conference - Electrify Indiana 2022 - was held September 22, 2022.\" \/>\r\n<meta property=\"og:url\" content=\"https:\/\/www.hoosierenergy.com\/pt\/electrifyindiana2022\/\" \/>\r\n<meta property=\"og:site_name\" content=\"Hoosier Energy\" \/>\r\n<meta property=\"article:publisher\" content=\"https:\/\/www.facebook.com\/HoosierEnergy\" \/>\r\n<meta property=\"article:modified_time\" content=\"2024-02-06T00:50:42+00:00\" \/>\r\n<meta property=\"og:image\" content=\"https:\/\/www.hoosierenergy.com\/wp-content\/uploads\/2023\/02\/2022-EI-BANNER-Image-for-webpage.jpg\" \/>\r\n\t<meta property=\"og:image:width\" content=\"1920\" \/>\r\n\t<meta property=\"og:image:height\" content=\"1280\" \/>\r\n\t<meta property=\"og:image:type\" content=\"image\/jpeg\" \/>\r\n<meta name=\"twitter:card\" content=\"summary_large_image\" \/>\r\n<meta name=\"twitter:site\" content=\"@hoosierenergy\" \/>\r\n<meta name=\"twitter:label1\" content=\"Tempo estimado de leitura\" \/>\n\t<meta name=\"twitter:data1\" content=\"1 minuto\" \/>\r\n<script type=\"application\/ld+json\" class=\"yoast-schema-graph\">{\"@context\":\"https:\\\/\\\/schema.org\",\"@graph\":[{\"@type\":\"WebPage\",\"@id\":\"https:\\\/\\\/www.hoosierenergy.com\\\/electrifyindiana2022\\\/\",\"url\":\"https:\\\/\\\/www.hoosierenergy.com\\\/electrifyindiana2022\\\/\",\"name\":\"Electrify Indiana 2022 | Hoosier Energy\",\"isPartOf\":{\"@id\":\"https:\\\/\\\/www.hoosierenergy.com\\\/#website\"},\"primaryImageOfPage\":{\"@id\":\"https:\\\/\\\/www.hoosierenergy.com\\\/electrifyindiana2022\\\/#primaryimage\"},\"image\":{\"@id\":\"https:\\\/\\\/www.hoosierenergy.com\\\/electrifyindiana2022\\\/#primaryimage\"},\"thumbnailUrl\":\"https:\\\/\\\/www.hoosierenergy.com\\\/wp-content\\\/uploads\\\/2023\\\/02\\\/2022-EI-BANNER-Image-for-webpage.jpg\",\"datePublished\":\"2023-01-20T17:02:12+00:00\",\"dateModified\":\"2024-02-06T00:50:42+00:00\",\"description\":\"Indiana\u2019s second official beneficial electrification (BE) conference - Electrify Indiana 2022 - was held September 22, 2022.\",\"breadcrumb\":{\"@id\":\"https:\\\/\\\/www.hoosierenergy.com\\\/electrifyindiana2022\\\/#breadcrumb\"},\"inLanguage\":\"pt-PT\",\"potentialAction\":[{\"@type\":\"ReadAction\",\"target\":[\"https:\\\/\\\/www.hoosierenergy.com\\\/electrifyindiana2022\\\/\"]}]},{\"@type\":\"ImageObject\",\"inLanguage\":\"pt-PT\",\"@id\":\"https:\\\/\\\/www.hoosierenergy.com\\\/electrifyindiana2022\\\/#primaryimage\",\"url\":\"https:\\\/\\\/www.hoosierenergy.com\\\/wp-content\\\/uploads\\\/2023\\\/02\\\/2022-EI-BANNER-Image-for-webpage.jpg\",\"contentUrl\":\"https:\\\/\\\/www.hoosierenergy.com\\\/wp-content\\\/uploads\\\/2023\\\/02\\\/2022-EI-BANNER-Image-for-webpage.jpg\",\"width\":1920,\"height\":1280},{\"@type\":\"BreadcrumbList\",\"@id\":\"https:\\\/\\\/www.hoosierenergy.com\\\/electrifyindiana2022\\\/#breadcrumb\",\"itemListElement\":[{\"@type\":\"ListItem\",\"position\":1,\"name\":\"Home\",\"item\":\"https:\\\/\\\/www.hoosierenergy.com\\\/\"},{\"@type\":\"ListItem\",\"position\":2,\"name\":\"Electrify Indiana 2022\"}]},{\"@type\":\"WebSite\",\"@id\":\"https:\\\/\\\/www.hoosierenergy.com\\\/#website\",\"url\":\"https:\\\/\\\/www.hoosierenergy.com\\\/\",\"name\":\"Hoosier Energy\",\"description\":\"Powering Community\",\"alternateName\":\"Hoosier Energy Rural Electric Cooperative, Inc.\",\"potentialAction\":[{\"@type\":\"SearchAction\",\"target\":{\"@type\":\"EntryPoint\",\"urlTemplate\":\"https:\\\/\\\/www.hoosierenergy.com\\\/?s={search_term_string}\"},\"query-input\":{\"@type\":\"PropertyValueSpecification\",\"valueRequired\":true,\"valueName\":\"search_term_string\"}}],\"inLanguage\":\"pt-PT\"}]}<\/script>\r\n<!-- \/ Yoast SEO plugin. -->","yoast_head_json":{"title":"Electrify Indiana 2022 | Hoosier Energy","description":"Indiana\u2019s second official beneficial electrification (BE) conference - Electrify Indiana 2022 - was held September 22, 2022.","robots":{"index":"index","follow":"follow","max-snippet":"max-snippet:-1","max-image-preview":"max-image-preview:large","max-video-preview":"max-video-preview:-1"},"canonical":"https:\/\/www.hoosierenergy.com\/pt\/electrifyindiana2022\/","og_locale":"pt_PT","og_type":"article","og_title":"Electrify Indiana 2022 | Hoosier Energy","og_description":"Indiana\u2019s second official beneficial electrification (BE) conference - Electrify Indiana 2022 - was held September 22, 2022.","og_url":"https:\/\/www.hoosierenergy.com\/pt\/electrifyindiana2022\/","og_site_name":"Hoosier Energy","article_publisher":"https:\/\/www.facebook.com\/HoosierEnergy","article_modified_time":"2024-02-06T00:50:42+00:00","og_image":[{"width":1920,"height":1280,"url":"https:\/\/www.hoosierenergy.com\/wp-content\/uploads\/2023\/02\/2022-EI-BANNER-Image-for-webpage.jpg","type":"image\/jpeg"}],"twitter_card":"summary_large_image","twitter_site":"@hoosierenergy","twitter_misc":{"Tempo estimado de leitura":"1 minuto"},"schema":{"@context":"https:\/\/schema.org","@graph":[{"@type":"WebPage","@id":"https:\/\/www.hoosierenergy.com\/electrifyindiana2022\/","url":"https:\/\/www.hoosierenergy.com\/electrifyindiana2022\/","name":"Electrify Indiana 2022 | Hoosier Energy","isPartOf":{"@id":"https:\/\/www.hoosierenergy.com\/#website"},"primaryImageOfPage":{"@id":"https:\/\/www.hoosierenergy.com\/electrifyindiana2022\/#primaryimage"},"image":{"@id":"https:\/\/www.hoosierenergy.com\/electrifyindiana2022\/#primaryimage"},"thumbnailUrl":"https:\/\/www.hoosierenergy.com\/wp-content\/uploads\/2023\/02\/2022-EI-BANNER-Image-for-webpage.jpg","datePublished":"2023-01-20T17:02:12+00:00","dateModified":"2024-02-06T00:50:42+00:00","description":"Indiana\u2019s second official beneficial electrification (BE) conference - Electrify Indiana 2022 - was held September 22, 2022.","breadcrumb":{"@id":"https:\/\/www.hoosierenergy.com\/electrifyindiana2022\/#breadcrumb"},"inLanguage":"pt-PT","potentialAction":[{"@type":"ReadAction","target":["https:\/\/www.hoosierenergy.com\/electrifyindiana2022\/"]}]},{"@type":"ImageObject","inLanguage":"pt-PT","@id":"https:\/\/www.hoosierenergy.com\/electrifyindiana2022\/#primaryimage","url":"https:\/\/www.hoosierenergy.com\/wp-content\/uploads\/2023\/02\/2022-EI-BANNER-Image-for-webpage.jpg","contentUrl":"https:\/\/www.hoosierenergy.com\/wp-content\/uploads\/2023\/02\/2022-EI-BANNER-Image-for-webpage.jpg","width":1920,"height":1280},{"@type":"BreadcrumbList","@id":"https:\/\/www.hoosierenergy.com\/electrifyindiana2022\/#breadcrumb","itemListElement":[{"@type":"ListItem","position":1,"name":"Home","item":"https:\/\/www.hoosierenergy.com\/"},{"@type":"ListItem","position":2,"name":"Electrify Indiana 2022"}]},{"@type":"WebSite","@id":"https:\/\/www.hoosierenergy.com\/#website","url":"https:\/\/www.hoosierenergy.com\/","name":"Energia Hoosier","description":"Alimentando a Comunidade","alternateName":"Hoosier Energy Rural Electric Cooperative, Inc.","potentialAction":[{"@type":"SearchAction","target":{"@type":"EntryPoint","urlTemplate":"https:\/\/www.hoosierenergy.com\/?s={search_term_string}"},"query-input":{"@type":"PropertyValueSpecification","valueRequired":true,"valueName":"search_term_string"}}],"inLanguage":"pt-PT"}]}},"_links":{"self":[{"href":"https:\/\/www.hoosierenergy.com\/pt\/wp-json\/wp\/v2\/pages\/7534","targetHints":{"allow":["GET"]}}],"collection":[{"href":"https:\/\/www.hoosierenergy.com\/pt\/wp-json\/wp\/v2\/pages"}],"about":[{"href":"https:\/\/www.hoosierenergy.com\/pt\/wp-json\/wp\/v2\/types\/page"}],"author":[{"embeddable":true,"href":"https:\/\/www.hoosierenergy.com\/pt\/wp-json\/wp\/v2\/users\/1"}],"replies":[{"embeddable":true,"href":"https:\/\/www.hoosierenergy.com\/pt\/wp-json\/wp\/v2\/comments?post=7534"}],"version-history":[{"count":0,"href":"https:\/\/www.hoosierenergy.com\/pt\/wp-json\/wp\/v2\/pages\/7534\/revisions"}],"wp:featuredmedia":[{"embeddable":true,"href":"https:\/\/www.hoosierenergy.com\/pt\/wp-json\/wp\/v2\/media\/8056"}],"wp:attachment":[{"href":"https:\/\/www.hoosierenergy.com\/pt\/wp-json\/wp\/v2\/media?parent=7534"}],"curies":[{"name":"wp","href":"https:\/\/api.w.org\/{rel}","templated":true}]}}