{"id":7006,"date":"2022-09-02T21:02:53","date_gmt":"2022-09-02T21:02:53","guid":{"rendered":"https:\/\/hoosierenerstg.wpengine.com\/?page_id=7006"},"modified":"2026-05-04T07:13:47","modified_gmt":"2026-05-04T12:13:47","slug":"co-op-careers","status":"publish","type":"page","link":"https:\/\/www.hoosierenergy.com\/pt\/careers\/co-op-careers\/","title":{"rendered":"Carreiras cooperativas"},"content":{"rendered":"<div class=\"wpb-content-wrapper\"><div class=\"vc_row wpb_row vc_row-fluid negativetopmargin vc_custom_1654014318664 vc_row-has-fill\"><div class=\"wpb_column vc_column_container vc_col-sm-12 vc_col-md-offset-2 vc_col-md-8\"><div class=\"vc_column-inner\"><div class=\"wpb_wrapper\"><div class=\"ult-spacer spacer-6a0031c643ef0\" data-id=\"6a0031c643ef0\" data-height=\"50\" data-height-mobile=\"20\" data-height-tab=\"30\" data-height-tab-portrait=\"30\" data-height-mobile-landscape=\"20\" style=\"clear:both;display:block;\"><\/div><h2 style=\"text-align: center\" class=\"vc_custom_heading vc_do_custom_heading\" >Construa uma carreira em uma de nossas 17 cooperativas associadas<\/h2>\n\t<div class=\"wpb_text_column wpb_content_element\" >\n\t\t<div class=\"wpb_wrapper\">\n\t\t\t<p>Como uma cooperativa, a Hoosier Energy est\u00e1 comprometida em dar suporte \u00e0s cooperativas de nossos membros. Esta p\u00e1gina serve como um centro para quem procura emprego e quer ver oportunidades para servir \u00e0s cooperativas de nossos membros no centro e sul de Indiana e sudeste de Illinois.<\/p>\n<p>Cada uma de nossas cooperativas associadas opera e mant\u00e9m 34.000 milhas de linhas de distribui\u00e7\u00e3o e fornece servi\u00e7o el\u00e9trico para mais de 285.000 lares, fazendas e empresas. Nossos sistemas associados e a Hoosier Energy aderem aos mesmos princ\u00edpios cooperativos, tudo isso enquanto valoriza o crescimento e o bem-estar dos funcion\u00e1rios.<\/p>\n<p>Quer fazer uma diferen\u00e7a positiva e melhorar a vida das pessoas na sua comunidade? Explore posi\u00e7\u00f5es abertas em nossas cooperativas associadas.<\/p>\n\n\t\t<\/div>\n\t<\/div>\n<div class=\"ult-spacer spacer-6a0031c6448c3\" data-id=\"6a0031c6448c3\" data-height=\"50\" data-height-mobile=\"25\" data-height-tab=\"35\" data-height-tab-portrait=\"35\" data-height-mobile-landscape=\"25\" style=\"clear:both;display:block;\"><\/div><\/div><\/div><\/div><\/div><div class=\"vc_row wpb_row vc_row-fluid\"><div class=\"wpb_column vc_column_container vc_col-sm-12\"><div class=\"vc_column-inner\"><div class=\"wpb_wrapper\"><h3 style=\"text-align: center\" class=\"vc_custom_heading vc_do_custom_heading\" >Oportunidades de carreira atuais em nossas cooperativas associadas<\/h3><div id=\"members\" class=\"vc_row wpb_row vc_inner vc_row-fluid\"><div class=\"wpb_column vc_column_container vc_col-sm-3 vc_hidden-sm vc_hidden-xs\"><div class=\"vc_column-inner\"><div class=\"wpb_wrapper\"><\/div><\/div><\/div><div class=\"wpb_column vc_column_container vc_col-sm-6\"><div class=\"vc_column-inner\"><div class=\"wpb_wrapper\">\n\t<div class=\"wpb_text_column wpb_content_element\" >\n\t\t<div class=\"wpb_wrapper\">\n\t\t\t<ul>\n<li style=\"list-style-type: none;\">\n<ul>\n<li style=\"list-style-type: none;\">\n<ul>\n<li style=\"list-style-type: none;\">\n<ul>\n<li style=\"list-style-type: none;\">\n<ul>\n<li><a href=\"\/wp-content\/uploads\/2023\/01\/Southeastern-Indiana-REMC-Marketing-Communications-Assistant-Job-Posting.pdf\" target=\"_blank\" rel=\"noopener\">Sudeste de Indiana REMC \u2013 Assistente de Marketing e Comunica\u00e7\u00e3o<\/a><\/li>\n<li><a href=\"https:\/\/www.hoosierenergy.com\/wp-content\/uploads\/2023\/06\/Bartholomew-County-REMC-Field-Engineer-II-Job-Posting.pdf\" target=\"_blank\" rel=\"noopener\">Bartholomew County REMC \u2013 Engenheiro de campo II<\/a><\/li>\n<li><a href=\"https:\/\/rsecoop.bamboohr.com\/careers\/24\" target=\"_blank\" rel=\"noopener\">RushShelby Energy \u2013 Lineman profissional<\/a><\/li>\n<li><a href=\"https:\/\/www.hoosierenergy.com\/wp-content\/uploads\/2025\/06\/South-Central-Indiana-REMC-Journeyman-Lineworker-Job-Posting.pdf\" target=\"_blank\" rel=\"noopener\">REMC do centro-sul de Indiana \u2013 Trabalhador de linha profissional<\/a><\/li>\n<li><a href=\"https:\/\/www.hoosierenergy.com\/wp-content\/uploads\/2025\/06\/South-Central-Indiana-REMC-System-Engineer-Electric-Distribution-Job-Posting.pdf\" target=\"_blank\" rel=\"noopener\">South Central Indiana REMC \u2013 Engenheiro de Sistemas \u2013 Distribui\u00e7\u00e3o El\u00e9trica<\/a><\/li>\n<li><a href=\"https:\/\/winenergyremc.exacthire.com\/job\/187522\" target=\"_blank\" rel=\"noopener\">WIN Energy REMC \u2013 Diretor de Engenharia<\/a><\/li>\n<li><a href=\"https:\/\/www.hoosierenergy.com\/wp-content\/uploads\/2025\/11\/South-Central-Indiana-REMC-Senior-HR-Business-Partner-Job-Posting.pdf\" target=\"_blank\" rel=\"noopener\">South Central Indiana REMC \u2013 Parceiro S\u00eanior de Neg\u00f3cios de RH<\/a><\/li>\n<li><a href=\"https:\/\/www.hoosierenergy.com\/wp-content\/uploads\/2025\/11\/South-Central-Indiana-REMC-System-Operator-or-Trainee-Job-Posting.pdf\" target=\"_blank\" rel=\"noopener\">South Central Indiana REMC \u2013 Operador de Sistema ou Estagi\u00e1rio<\/a><\/li>\n<li><a href=\"https:\/\/udwi.bamboohr.com\/careers\/33?source=aWQ9MjQ%3D\" target=\"_blank\" rel=\"noopener\">Distrito de Servi\u00e7os P\u00fablicos do Oeste de Indiana REMC \u2013 Engenheiro de Planejamento de Distribui\u00e7\u00e3o<\/a><\/li>\n<li><a href=\"https:\/\/winenergyremc.exacthire.com\/job\/197549\" target=\"_blank\" rel=\"noopener\">WIN Energy REMC \u2013 T\u00e9cnico de Estaqueamento<\/a><\/li>\n<\/ul>\n<\/li>\n<\/ul>\n<\/li>\n<\/ul>\n<\/li>\n<\/ul>\n<\/li>\n<\/ul>\n\n\t\t<\/div>\n\t<\/div>\n<\/div><\/div><\/div><div class=\"wpb_column vc_column_container vc_col-sm-3 vc_hidden-sm vc_hidden-xs\"><div class=\"vc_column-inner\"><div class=\"wpb_wrapper\"><\/div><\/div><\/div><\/div><div class=\"ult-spacer spacer-6a0031c646669\" data-id=\"6a0031c646669\" data-height=\"150\" data-height-mobile=\"50\" data-height-tab=\"75\" data-height-tab-portrait=\"75\" data-height-mobile-landscape=\"50\" style=\"clear:both;display:block;\"><\/div><\/div><\/div><\/div><\/div>\n<\/div>","protected":false},"excerpt":{"rendered":"<p>Construa uma carreira em uma de nossas 17 cooperativas associadas. Como cooperativa, a Hoosier Energy est\u00e1 comprometida em apoiar nossas cooperativas associadas. Esta p\u00e1gina serve como um centro para quem busca oportunidades de trabalho em nossas cooperativas associadas no centro e sul de Indiana e no sudeste de Illinois. Cada uma de nossas cooperativas associadas opera e\u2026<\/p>","protected":false},"author":1,"featured_media":7218,"parent":7000,"menu_order":0,"comment_status":"closed","ping_status":"closed","template":"","meta":{"_acf_changed":false,"footnotes":""},"class_list":["post-7006","page","type-page","status-publish","has-post-thumbnail","hentry","description-off"],"acf":[],"yoast_head":"<!-- This site is optimized with the Yoast SEO plugin v27.4 - https:\/\/yoast.com\/product\/yoast-seo-wordpress\/ -->\r\n<title>Co-op Careers | Hoosier Energy | View Open Positions<\/title>\r\n<meta name=\"description\" content=\"As cooperatives, our members value their employees just as much as we do. View open positions at our member cooperatives today.\" \/>\r\n<meta name=\"robots\" content=\"index, follow, max-snippet:-1, max-image-preview:large, max-video-preview:-1\" \/>\r\n<link rel=\"canonical\" href=\"https:\/\/www.hoosierenergy.com\/pt\/careers\/co-op-careers\/\" \/>\r\n<meta property=\"og:locale\" content=\"pt_PT\" \/>\r\n<meta property=\"og:type\" content=\"article\" \/>\r\n<meta property=\"og:title\" content=\"Co-op Careers | Hoosier Energy | View Open Positions\" \/>\r\n<meta property=\"og:description\" content=\"As cooperatives, our members value their employees just as much as we do. View open positions at our member cooperatives today.\" \/>\r\n<meta property=\"og:url\" content=\"https:\/\/www.hoosierenergy.com\/pt\/careers\/co-op-careers\/\" \/>\r\n<meta property=\"og:site_name\" content=\"Hoosier Energy\" \/>\r\n<meta property=\"article:publisher\" content=\"https:\/\/www.facebook.com\/HoosierEnergy\" \/>\r\n<meta property=\"article:modified_time\" content=\"2026-05-04T12:13:47+00:00\" \/>\r\n<meta property=\"og:image\" content=\"https:\/\/www.hoosierenergy.com\/wp-content\/uploads\/2022\/09\/CoOp-Careers-Header.jpg\" \/>\r\n\t<meta property=\"og:image:width\" content=\"1920\" \/>\r\n\t<meta property=\"og:image:height\" content=\"400\" \/>\r\n\t<meta property=\"og:image:type\" content=\"image\/jpeg\" \/>\r\n<meta name=\"twitter:card\" content=\"summary_large_image\" \/>\r\n<meta name=\"twitter:site\" content=\"@hoosierenergy\" \/>\r\n<meta name=\"twitter:label1\" content=\"Tempo estimado de leitura\" \/>\n\t<meta name=\"twitter:data1\" content=\"2 minutos\" \/>\r\n<script type=\"application\/ld+json\" class=\"yoast-schema-graph\">{\"@context\":\"https:\\\/\\\/schema.org\",\"@graph\":[{\"@type\":\"WebPage\",\"@id\":\"https:\\\/\\\/www.hoosierenergy.com\\\/careers\\\/co-op-careers\\\/\",\"url\":\"https:\\\/\\\/www.hoosierenergy.com\\\/careers\\\/co-op-careers\\\/\",\"name\":\"Co-op Careers | Hoosier Energy | View Open Positions\",\"isPartOf\":{\"@id\":\"https:\\\/\\\/www.hoosierenergy.com\\\/#website\"},\"primaryImageOfPage\":{\"@id\":\"https:\\\/\\\/www.hoosierenergy.com\\\/careers\\\/co-op-careers\\\/#primaryimage\"},\"image\":{\"@id\":\"https:\\\/\\\/www.hoosierenergy.com\\\/careers\\\/co-op-careers\\\/#primaryimage\"},\"thumbnailUrl\":\"https:\\\/\\\/www.hoosierenergy.com\\\/wp-content\\\/uploads\\\/2022\\\/09\\\/CoOp-Careers-Header.jpg\",\"datePublished\":\"2022-09-02T21:02:53+00:00\",\"dateModified\":\"2026-05-04T12:13:47+00:00\",\"description\":\"As cooperatives, our members value their employees just as much as we do. View open positions at our member cooperatives today.\",\"breadcrumb\":{\"@id\":\"https:\\\/\\\/www.hoosierenergy.com\\\/careers\\\/co-op-careers\\\/#breadcrumb\"},\"inLanguage\":\"pt-PT\",\"potentialAction\":[{\"@type\":\"ReadAction\",\"target\":[\"https:\\\/\\\/www.hoosierenergy.com\\\/careers\\\/co-op-careers\\\/\"]}]},{\"@type\":\"ImageObject\",\"inLanguage\":\"pt-PT\",\"@id\":\"https:\\\/\\\/www.hoosierenergy.com\\\/careers\\\/co-op-careers\\\/#primaryimage\",\"url\":\"https:\\\/\\\/www.hoosierenergy.com\\\/wp-content\\\/uploads\\\/2022\\\/09\\\/CoOp-Careers-Header.jpg\",\"contentUrl\":\"https:\\\/\\\/www.hoosierenergy.com\\\/wp-content\\\/uploads\\\/2022\\\/09\\\/CoOp-Careers-Header.jpg\",\"width\":1920,\"height\":400},{\"@type\":\"BreadcrumbList\",\"@id\":\"https:\\\/\\\/www.hoosierenergy.com\\\/careers\\\/co-op-careers\\\/#breadcrumb\",\"itemListElement\":[{\"@type\":\"ListItem\",\"position\":1,\"name\":\"Home\",\"item\":\"https:\\\/\\\/www.hoosierenergy.com\\\/\"},{\"@type\":\"ListItem\",\"position\":2,\"name\":\"Careers\",\"item\":\"https:\\\/\\\/www.hoosierenergy.com\\\/careers\\\/\"},{\"@type\":\"ListItem\",\"position\":3,\"name\":\"Co-op Careers\"}]},{\"@type\":\"WebSite\",\"@id\":\"https:\\\/\\\/www.hoosierenergy.com\\\/#website\",\"url\":\"https:\\\/\\\/www.hoosierenergy.com\\\/\",\"name\":\"Hoosier Energy\",\"description\":\"Powering Community\",\"alternateName\":\"Hoosier Energy Rural Electric Cooperative, Inc.\",\"potentialAction\":[{\"@type\":\"SearchAction\",\"target\":{\"@type\":\"EntryPoint\",\"urlTemplate\":\"https:\\\/\\\/www.hoosierenergy.com\\\/?s={search_term_string}\"},\"query-input\":{\"@type\":\"PropertyValueSpecification\",\"valueRequired\":true,\"valueName\":\"search_term_string\"}}],\"inLanguage\":\"pt-PT\"}]}<\/script>\r\n<!-- \/ Yoast SEO plugin. -->","yoast_head_json":{"title":"Co-op Careers | Hoosier Energy | View Open Positions","description":"As cooperatives, our members value their employees just as much as we do. View open positions at our member cooperatives today.","robots":{"index":"index","follow":"follow","max-snippet":"max-snippet:-1","max-image-preview":"max-image-preview:large","max-video-preview":"max-video-preview:-1"},"canonical":"https:\/\/www.hoosierenergy.com\/pt\/careers\/co-op-careers\/","og_locale":"pt_PT","og_type":"article","og_title":"Co-op Careers | Hoosier Energy | View Open Positions","og_description":"As cooperatives, our members value their employees just as much as we do. View open positions at our member cooperatives today.","og_url":"https:\/\/www.hoosierenergy.com\/pt\/careers\/co-op-careers\/","og_site_name":"Hoosier Energy","article_publisher":"https:\/\/www.facebook.com\/HoosierEnergy","article_modified_time":"2026-05-04T12:13:47+00:00","og_image":[{"width":1920,"height":400,"url":"https:\/\/www.hoosierenergy.com\/wp-content\/uploads\/2022\/09\/CoOp-Careers-Header.jpg","type":"image\/jpeg"}],"twitter_card":"summary_large_image","twitter_site":"@hoosierenergy","twitter_misc":{"Tempo estimado de leitura":"2 minutos"},"schema":{"@context":"https:\/\/schema.org","@graph":[{"@type":"WebPage","@id":"https:\/\/www.hoosierenergy.com\/careers\/co-op-careers\/","url":"https:\/\/www.hoosierenergy.com\/careers\/co-op-careers\/","name":"Co-op Careers | Hoosier Energy | View Open Positions","isPartOf":{"@id":"https:\/\/www.hoosierenergy.com\/#website"},"primaryImageOfPage":{"@id":"https:\/\/www.hoosierenergy.com\/careers\/co-op-careers\/#primaryimage"},"image":{"@id":"https:\/\/www.hoosierenergy.com\/careers\/co-op-careers\/#primaryimage"},"thumbnailUrl":"https:\/\/www.hoosierenergy.com\/wp-content\/uploads\/2022\/09\/CoOp-Careers-Header.jpg","datePublished":"2022-09-02T21:02:53+00:00","dateModified":"2026-05-04T12:13:47+00:00","description":"As cooperatives, our members value their employees just as much as we do. View open positions at our member cooperatives today.","breadcrumb":{"@id":"https:\/\/www.hoosierenergy.com\/careers\/co-op-careers\/#breadcrumb"},"inLanguage":"pt-PT","potentialAction":[{"@type":"ReadAction","target":["https:\/\/www.hoosierenergy.com\/careers\/co-op-careers\/"]}]},{"@type":"ImageObject","inLanguage":"pt-PT","@id":"https:\/\/www.hoosierenergy.com\/careers\/co-op-careers\/#primaryimage","url":"https:\/\/www.hoosierenergy.com\/wp-content\/uploads\/2022\/09\/CoOp-Careers-Header.jpg","contentUrl":"https:\/\/www.hoosierenergy.com\/wp-content\/uploads\/2022\/09\/CoOp-Careers-Header.jpg","width":1920,"height":400},{"@type":"BreadcrumbList","@id":"https:\/\/www.hoosierenergy.com\/careers\/co-op-careers\/#breadcrumb","itemListElement":[{"@type":"ListItem","position":1,"name":"Home","item":"https:\/\/www.hoosierenergy.com\/"},{"@type":"ListItem","position":2,"name":"Careers","item":"https:\/\/www.hoosierenergy.com\/careers\/"},{"@type":"ListItem","position":3,"name":"Co-op Careers"}]},{"@type":"WebSite","@id":"https:\/\/www.hoosierenergy.com\/#website","url":"https:\/\/www.hoosierenergy.com\/","name":"Energia Hoosier","description":"Alimentando a Comunidade","alternateName":"Hoosier Energy Rural Electric Cooperative, Inc.","potentialAction":[{"@type":"SearchAction","target":{"@type":"EntryPoint","urlTemplate":"https:\/\/www.hoosierenergy.com\/?s={search_term_string}"},"query-input":{"@type":"PropertyValueSpecification","valueRequired":true,"valueName":"search_term_string"}}],"inLanguage":"pt-PT"}]}},"_links":{"self":[{"href":"https:\/\/www.hoosierenergy.com\/pt\/wp-json\/wp\/v2\/pages\/7006","targetHints":{"allow":["GET"]}}],"collection":[{"href":"https:\/\/www.hoosierenergy.com\/pt\/wp-json\/wp\/v2\/pages"}],"about":[{"href":"https:\/\/www.hoosierenergy.com\/pt\/wp-json\/wp\/v2\/types\/page"}],"author":[{"embeddable":true,"href":"https:\/\/www.hoosierenergy.com\/pt\/wp-json\/wp\/v2\/users\/1"}],"replies":[{"embeddable":true,"href":"https:\/\/www.hoosierenergy.com\/pt\/wp-json\/wp\/v2\/comments?post=7006"}],"version-history":[{"count":0,"href":"https:\/\/www.hoosierenergy.com\/pt\/wp-json\/wp\/v2\/pages\/7006\/revisions"}],"up":[{"embeddable":true,"href":"https:\/\/www.hoosierenergy.com\/pt\/wp-json\/wp\/v2\/pages\/7000"}],"wp:featuredmedia":[{"embeddable":true,"href":"https:\/\/www.hoosierenergy.com\/pt\/wp-json\/wp\/v2\/media\/7218"}],"wp:attachment":[{"href":"https:\/\/www.hoosierenergy.com\/pt\/wp-json\/wp\/v2\/media?parent=7006"}],"curies":[{"name":"wp","href":"https:\/\/api.w.org\/{rel}","templated":true}]}}