{"id":3,"date":"2022-05-12T14:06:16","date_gmt":"2022-05-12T14:06:16","guid":{"rendered":"https:\/\/hoosierenerstg.wpengine.com\/?page_id=3"},"modified":"2023-11-01T20:00:58","modified_gmt":"2023-11-02T01:00:58","slug":"privacy-policy","status":"publish","type":"page","link":"https:\/\/www.hoosierenergy.com\/pt\/privacy-policy\/","title":{"rendered":"pol\u00edtica de Privacidade"},"content":{"rendered":"<div class=\"wpb-content-wrapper\"><div class=\"vc_row wpb_row vc_row-fluid\"><div class=\"wpb_column vc_column_container vc_col-sm-12\"><div class=\"vc_column-inner\"><div class=\"wpb_wrapper\">\n\t<div class=\"wpb_text_column wpb_content_element\" >\n\t\t<div class=\"wpb_wrapper\">\n\t\t\t<p><span class=\"s1\">Sua privacidade \u00e9 muito importante para n\u00f3s. Informa\u00e7\u00f5es pessoais geralmente n\u00e3o s\u00e3o coletadas ao visitar o site da Hoosier Energy. Nossos servidores web e sistemas associados coletam informa\u00e7\u00f5es gerais e padr\u00e3o, como endere\u00e7o IP, tipo de navegador, tempo de acesso, n\u00famero de acessos e volume de tr\u00e1fego.<\/span><\/p>\n<p><span class=\"s1\">A Hoosier Energy reserva-se o direito de usar cookies para salvar as prefer\u00eancias do usu\u00e1rio e agregar dados sobre o tr\u00e1fego do site e\/ou intera\u00e7\u00e3o do site para melhorar a satisfa\u00e7\u00e3o do usu\u00e1rio com o site. Certas se\u00e7\u00f5es do nosso site podem exigir um formul\u00e1rio de contato. O formul\u00e1rio pode solicitar informa\u00e7\u00f5es como nome, endere\u00e7o de e-mail, endere\u00e7o para correspond\u00eancia, n\u00famero de telefone ou outras informa\u00e7\u00f5es conforme apropriado.<\/span><\/p>\n<p><span class=\"s1\">Certas se\u00e7\u00f5es do site podem exigir uma conta de usu\u00e1rio para acessar servi\u00e7os ou informa\u00e7\u00f5es adicionais. Informa\u00e7\u00f5es pessoais adicionais podem ser necess\u00e1rias para concluir o processo de cria\u00e7\u00e3o da conta de usu\u00e1rio. O envio de e-mail da Hoosier Energy pode resultar no envio de informa\u00e7\u00f5es pessoais, como nome, n\u00fameros de telefone e\/ou endere\u00e7os de e-mail.<\/span><\/p>\n<p><span class=\"s1\">A Hoosier Energy tomar\u00e1 medidas t\u00e9cnicas e processuais razo\u00e1veis para evitar a perda de quaisquer informa\u00e7\u00f5es pessoais. A Hoosier Energy pode compartilhar informa\u00e7\u00f5es com outras organiza\u00e7\u00f5es afiliadas, como cooperativas de distribui\u00e7\u00e3o de membros, servi\u00e7os de emprego, servi\u00e7os de marketing ou outros contratados terceirizados. A Hoosier Energy autorizar\u00e1 terceiros a usar informa\u00e7\u00f5es pessoais somente conforme necess\u00e1rio para fornecer servi\u00e7os contratados \u00e0 Hoosier Energy. A Hoosier Energy n\u00e3o vender\u00e1, comercializar\u00e1 ou transferir\u00e1 informa\u00e7\u00f5es pessoais de outra forma.<\/span><\/p>\n\n\t\t<\/div>\n\t<\/div>\n<\/div><\/div><\/div><\/div>\n<\/div>","protected":false},"excerpt":{"rendered":"<p>Sua privacidade \u00e9 muito importante para n\u00f3s. Informa\u00e7\u00f5es pessoais geralmente n\u00e3o s\u00e3o coletadas ao visitar o site da Hoosier Energy. Nossos servidores web e sistemas associados coletam informa\u00e7\u00f5es gerais e padr\u00e3o, como endere\u00e7o IP, tipo de navegador, tempo de acesso, n\u00famero de acessos e volume de tr\u00e1fego. A Hoosier Energy reserva-se o direito de usar cookies para salvar as prefer\u00eancias do usu\u00e1rio\u2026<\/p>","protected":false},"author":1,"featured_media":0,"parent":0,"menu_order":0,"comment_status":"closed","ping_status":"open","template":"","meta":{"_acf_changed":false,"footnotes":""},"class_list":["post-3","page","type-page","status-publish","hentry","description-off"],"acf":[],"yoast_head":"<!-- This site is optimized with the Yoast SEO plugin v27.4 - https:\/\/yoast.com\/product\/yoast-seo-wordpress\/ -->\r\n<title>Privacy Policy - Hoosier Energy<\/title>\r\n<meta name=\"description\" content=\"Hoosier Energy goes to great lengths to safeguard our visitors&#039; information. Learn more about our privacy policy today.\" \/>\r\n<meta name=\"robots\" content=\"index, follow, max-snippet:-1, max-image-preview:large, max-video-preview:-1\" \/>\r\n<link rel=\"canonical\" href=\"https:\/\/www.hoosierenergy.com\/pt\/privacy-policy\/\" \/>\r\n<meta property=\"og:locale\" content=\"pt_PT\" \/>\r\n<meta property=\"og:type\" content=\"article\" \/>\r\n<meta property=\"og:title\" content=\"Privacy Policy - Hoosier Energy\" \/>\r\n<meta property=\"og:description\" content=\"Hoosier Energy goes to great lengths to safeguard our visitors&#039; information. Learn more about our privacy policy today.\" \/>\r\n<meta property=\"og:url\" content=\"https:\/\/www.hoosierenergy.com\/pt\/privacy-policy\/\" \/>\r\n<meta property=\"og:site_name\" content=\"Hoosier Energy\" \/>\r\n<meta property=\"article:publisher\" content=\"https:\/\/www.facebook.com\/HoosierEnergy\" \/>\r\n<meta property=\"article:modified_time\" content=\"2023-11-02T01:00:58+00:00\" \/>\r\n<meta name=\"twitter:card\" content=\"summary_large_image\" \/>\r\n<meta name=\"twitter:site\" content=\"@hoosierenergy\" \/>\r\n<meta name=\"twitter:label1\" content=\"Tempo estimado de leitura\" \/>\n\t<meta name=\"twitter:data1\" content=\"1 minuto\" \/>\r\n<script type=\"application\/ld+json\" class=\"yoast-schema-graph\">{\"@context\":\"https:\\\/\\\/schema.org\",\"@graph\":[{\"@type\":\"WebPage\",\"@id\":\"https:\\\/\\\/www.hoosierenergy.com\\\/privacy-policy\\\/\",\"url\":\"https:\\\/\\\/www.hoosierenergy.com\\\/privacy-policy\\\/\",\"name\":\"Privacy Policy - Hoosier Energy\",\"isPartOf\":{\"@id\":\"https:\\\/\\\/www.hoosierenergy.com\\\/#website\"},\"datePublished\":\"2022-05-12T14:06:16+00:00\",\"dateModified\":\"2023-11-02T01:00:58+00:00\",\"description\":\"Hoosier Energy goes to great lengths to safeguard our visitors' information. Learn more about our privacy policy today.\",\"breadcrumb\":{\"@id\":\"https:\\\/\\\/www.hoosierenergy.com\\\/privacy-policy\\\/#breadcrumb\"},\"inLanguage\":\"pt-PT\",\"potentialAction\":[{\"@type\":\"ReadAction\",\"target\":[\"https:\\\/\\\/www.hoosierenergy.com\\\/privacy-policy\\\/\"]}]},{\"@type\":\"BreadcrumbList\",\"@id\":\"https:\\\/\\\/www.hoosierenergy.com\\\/privacy-policy\\\/#breadcrumb\",\"itemListElement\":[{\"@type\":\"ListItem\",\"position\":1,\"name\":\"Home\",\"item\":\"https:\\\/\\\/www.hoosierenergy.com\\\/\"},{\"@type\":\"ListItem\",\"position\":2,\"name\":\"Privacy Policy\"}]},{\"@type\":\"WebSite\",\"@id\":\"https:\\\/\\\/www.hoosierenergy.com\\\/#website\",\"url\":\"https:\\\/\\\/www.hoosierenergy.com\\\/\",\"name\":\"Hoosier Energy\",\"description\":\"Powering Community\",\"alternateName\":\"Hoosier Energy Rural Electric Cooperative, Inc.\",\"potentialAction\":[{\"@type\":\"SearchAction\",\"target\":{\"@type\":\"EntryPoint\",\"urlTemplate\":\"https:\\\/\\\/www.hoosierenergy.com\\\/?s={search_term_string}\"},\"query-input\":{\"@type\":\"PropertyValueSpecification\",\"valueRequired\":true,\"valueName\":\"search_term_string\"}}],\"inLanguage\":\"pt-PT\"}]}<\/script>\r\n<!-- \/ Yoast SEO plugin. -->","yoast_head_json":{"title":"Privacy Policy - Hoosier Energy","description":"Hoosier Energy goes to great lengths to safeguard our visitors' information. Learn more about our privacy policy today.","robots":{"index":"index","follow":"follow","max-snippet":"max-snippet:-1","max-image-preview":"max-image-preview:large","max-video-preview":"max-video-preview:-1"},"canonical":"https:\/\/www.hoosierenergy.com\/pt\/privacy-policy\/","og_locale":"pt_PT","og_type":"article","og_title":"Privacy Policy - Hoosier Energy","og_description":"Hoosier Energy goes to great lengths to safeguard our visitors' information. Learn more about our privacy policy today.","og_url":"https:\/\/www.hoosierenergy.com\/pt\/privacy-policy\/","og_site_name":"Hoosier Energy","article_publisher":"https:\/\/www.facebook.com\/HoosierEnergy","article_modified_time":"2023-11-02T01:00:58+00:00","twitter_card":"summary_large_image","twitter_site":"@hoosierenergy","twitter_misc":{"Tempo estimado de leitura":"1 minuto"},"schema":{"@context":"https:\/\/schema.org","@graph":[{"@type":"WebPage","@id":"https:\/\/www.hoosierenergy.com\/privacy-policy\/","url":"https:\/\/www.hoosierenergy.com\/privacy-policy\/","name":"Privacy Policy - Hoosier Energy","isPartOf":{"@id":"https:\/\/www.hoosierenergy.com\/#website"},"datePublished":"2022-05-12T14:06:16+00:00","dateModified":"2023-11-02T01:00:58+00:00","description":"Hoosier Energy goes to great lengths to safeguard our visitors' information. Learn more about our privacy policy today.","breadcrumb":{"@id":"https:\/\/www.hoosierenergy.com\/privacy-policy\/#breadcrumb"},"inLanguage":"pt-PT","potentialAction":[{"@type":"ReadAction","target":["https:\/\/www.hoosierenergy.com\/privacy-policy\/"]}]},{"@type":"BreadcrumbList","@id":"https:\/\/www.hoosierenergy.com\/privacy-policy\/#breadcrumb","itemListElement":[{"@type":"ListItem","position":1,"name":"Home","item":"https:\/\/www.hoosierenergy.com\/"},{"@type":"ListItem","position":2,"name":"Privacy Policy"}]},{"@type":"WebSite","@id":"https:\/\/www.hoosierenergy.com\/#website","url":"https:\/\/www.hoosierenergy.com\/","name":"Energia Hoosier","description":"Alimentando a Comunidade","alternateName":"Hoosier Energy Rural Electric Cooperative, Inc.","potentialAction":[{"@type":"SearchAction","target":{"@type":"EntryPoint","urlTemplate":"https:\/\/www.hoosierenergy.com\/?s={search_term_string}"},"query-input":{"@type":"PropertyValueSpecification","valueRequired":true,"valueName":"search_term_string"}}],"inLanguage":"pt-PT"}]}},"_links":{"self":[{"href":"https:\/\/www.hoosierenergy.com\/pt\/wp-json\/wp\/v2\/pages\/3","targetHints":{"allow":["GET"]}}],"collection":[{"href":"https:\/\/www.hoosierenergy.com\/pt\/wp-json\/wp\/v2\/pages"}],"about":[{"href":"https:\/\/www.hoosierenergy.com\/pt\/wp-json\/wp\/v2\/types\/page"}],"author":[{"embeddable":true,"href":"https:\/\/www.hoosierenergy.com\/pt\/wp-json\/wp\/v2\/users\/1"}],"replies":[{"embeddable":true,"href":"https:\/\/www.hoosierenergy.com\/pt\/wp-json\/wp\/v2\/comments?post=3"}],"version-history":[{"count":0,"href":"https:\/\/www.hoosierenergy.com\/pt\/wp-json\/wp\/v2\/pages\/3\/revisions"}],"wp:attachment":[{"href":"https:\/\/www.hoosierenergy.com\/pt\/wp-json\/wp\/v2\/media?parent=3"}],"curies":[{"name":"wp","href":"https:\/\/api.w.org\/{rel}","templated":true}]}}