{"id":23,"date":"2022-05-16T16:17:25","date_gmt":"2022-05-16T16:17:25","guid":{"rendered":"https:\/\/hoosierenerstg.wpengine.com\/?page_id=23"},"modified":"2025-03-27T10:23:48","modified_gmt":"2025-03-27T15:23:48","slug":"our-members","status":"publish","type":"page","link":"https:\/\/www.hoosierenergy.com\/pt\/our-members\/","title":{"rendered":"Nossos Membros"},"content":{"rendered":"<div class=\"wpb-content-wrapper\"><div class=\"vc_row wpb_row vc_row-fluid negativetopmargin vc_custom_1654014318664 vc_row-has-fill\"><div class=\"wpb_column vc_column_container vc_col-sm-12 vc_col-md-offset-2 vc_col-md-8\"><div class=\"vc_column-inner\"><div class=\"wpb_wrapper\"><div class=\"ult-spacer spacer-69e9fcf014357\" data-id=\"69e9fcf014357\" data-height=\"50\" data-height-mobile=\"20\" data-height-tab=\"30\" data-height-tab-portrait=\"30\" data-height-mobile-landscape=\"20\" style=\"clear:both;display:block;\"><\/div><h2 style=\"text-align: center\" class=\"vc_custom_heading vc_do_custom_heading\" >Conhe\u00e7a as 17 cooperativas associadas que ajudam a distribuir energia para mais de 700.000 consumidores na \u00e1rea de servi\u00e7o da Hoosier Energy<\/h2>\n\t<div class=\"wpb_text_column wpb_content_element\" >\n\t\t<div class=\"wpb_wrapper\">\n\t\t\t<p style=\"text-align: center;\">Nossos membros s\u00e3o o que distingue a Hoosier Energy das concession\u00e1rias de energia el\u00e9trica de propriedade de investidores. Nossa miss\u00e3o e valores s\u00e3o constru\u00eddos em torno das necessidades de nossas cooperativas associadas, assim como era quando a Hoosier Energy foi formada em 1949. Somos uma alian\u00e7a de 17 cooperativas associadas, atendendo 59 condados no centro e sul de Indiana e sudeste de Illinois.<\/p>\n<p style=\"text-align: center;\">Por meio de nossas cooperativas associadas, atendemos uma ampla gama de comunidades, n\u00e3o apenas em \u00e1reas rurais, mas tamb\u00e9m em sub\u00farbios densamente povoados e perto de grandes opera\u00e7\u00f5es comerciais. A Hoosier Energy \u00e9 uma concession\u00e1ria de gera\u00e7\u00e3o e transmiss\u00e3o, o que significa que produzimos eletricidade e a enviamos para nossas cooperativas associadas. Nossos membros ent\u00e3o distribuem a energia para os fazendeiros, moradores e empresas em suas \u00e1reas de servi\u00e7o.<\/p>\n<p style=\"text-align: center;\">Em conjunto, nossas cooperativas associadas operam e mant\u00eam 34.000 milhas de linhas de distribui\u00e7\u00e3o, fornecendo eletricidade para mais de 285.000 resid\u00eancias, fazendas e empresas em Indiana e Illinois.<\/p>\n\n\t\t<\/div>\n\t<\/div>\n<div class=\"ult-spacer spacer-69e9fcf014cf8\" data-id=\"69e9fcf014cf8\" data-height=\"35\" data-height-mobile=\"10\" data-height-tab=\"25\" data-height-tab-portrait=\"25\" data-height-mobile-landscape=\"20\" style=\"clear:both;display:block;\"><\/div><\/div><\/div><\/div><\/div><div id=\"members\" class=\"vc_row wpb_row vc_row-fluid vc_row-o-equal-height vc_row-o-content-middle vc_row-flex\"><div class=\"wpb_column vc_column_container vc_col-sm-12\"><div class=\"vc_column-inner\"><div class=\"wpb_wrapper\"><div class=\"vc_row wpb_row vc_inner vc_row-fluid\"><div class=\"wpb_column vc_column_container vc_col-sm-4\"><div class=\"vc_column-inner\"><div class=\"wpb_wrapper\">\n\t<div class=\"wpb_text_column wpb_content_element\" >\n\t\t<div class=\"wpb_wrapper\">\n\t\t\t<ul>\n<li><a href=\"https:\/\/www.bcremc.com\/\"> Condado de Bartholomew REMC<\/a><\/li>\n<li><a href=\"https:\/\/www.theremc.com\/\"> Clark County REMC<\/a><\/li>\n<li><a href=\"http:\/\/www.dmremc.com\/\"> REMC do Condado de Daviess-Martin<\/a><\/li>\n<li><a href=\"http:\/\/www.dcremc.com\/\"> REMC do Condado de Decatur<\/a><\/li>\n<li><a href=\"http:\/\/www.duboisrec.com\/\"> Dubois REC, Inc.<\/a><\/li>\n<li><a href=\"http:\/\/www.harrisonremc.com\/\"> Harrison REMC<\/a><\/li>\n<\/ul>\n\n\t\t<\/div>\n\t<\/div>\n<\/div><\/div><\/div><div class=\"wpb_column vc_column_container vc_col-sm-4\"><div class=\"vc_column-inner\"><div class=\"wpb_wrapper\">\n\t<div class=\"wpb_text_column wpb_content_element\" >\n\t\t<div class=\"wpb_wrapper\">\n\t\t\t<ul>\n<li><a href=\"http:\/\/www.hcremc.com\/\"> REMC do Condado de Henry<\/a><\/li>\n<li><a href=\"http:\/\/www.jacksonremc.com\/\"> Corpo de Bombeiros Revolucion\u00e1rios do Condado de Jackson<\/a><\/li>\n<li><a href=\"http:\/\/myremc.coop\/\"> Condado de Orange REMC<\/a><\/li>\n<li><a href=\"http:\/\/www.rse.coop\/\"> RushShelby Energia<\/a><\/li>\n<li><a href=\"http:\/\/www.sciremc.com\/\"> Centro-sul de Indiana REMC<\/a><\/li>\n<li><a href=\"http:\/\/www.seiremc.com\/\">REMC do sudeste de Indiana<\/a><\/li>\n<\/ul>\n\n\t\t<\/div>\n\t<\/div>\n<\/div><\/div><\/div><div class=\"wpb_column vc_column_container vc_col-sm-4\"><div class=\"vc_column-inner\"><div class=\"wpb_wrapper\">\n\t<div class=\"wpb_text_column wpb_content_element\" >\n\t\t<div class=\"wpb_wrapper\">\n\t\t\t<ul>\n<li><a href=\"http:\/\/www.sinpwr.com\/\">Poder do sul de Indiana<\/a><\/li>\n<li><a href=\"http:\/\/www.udwiremc.com\/\"> Distrito de servi\u00e7os p\u00fablicos do oeste de Indiana REMC<\/a><\/li>\n<li><a href=\"http:\/\/www.waynewhitecoop.com\/pages\/Home\"> Cooperativa el\u00e9trica dos condados de Wayne-White<\/a><\/li>\n<li><a href=\"http:\/\/www.winenergyremc.com\/\"> WIN Energia REMC<\/a><\/li>\n<li><a href=\"http:\/\/www.wwvremc.com\/\"> REMC do Vale das \u00c1guas Brancas<\/a><\/li>\n<\/ul>\n\n\t\t<\/div>\n\t<\/div>\n<\/div><\/div><\/div><\/div><div class=\"vc_row wpb_row vc_inner vc_row-fluid\"><div class=\"wpb_column vc_column_container vc_col-sm-12\"><div class=\"vc_column-inner\"><div class=\"wpb_wrapper\"><div class=\"ult-spacer spacer-69e9fcf0174b1\" data-id=\"69e9fcf0174b1\" data-height=\"50\" data-height-mobile=\"25\" data-height-tab=\"35\" data-height-tab-portrait=\"35\" data-height-mobile-landscape=\"25\" style=\"clear:both;display:block;\"><\/div>\n\t<div  class=\"wpb_single_image wpb_content_element vc_align_center\">\n\t\t\n\t\t<figure class=\"wpb_wrapper vc_figure\">\n\t\t\t<div class=\"vc_single_image-wrapper   vc_box_border_grey\"><img loading=\"lazy\" decoding=\"async\" width=\"1920\" height=\"1845\" src=\"https:\/\/www.hoosierenergy.com\/wp-content\/uploads\/2025\/02\/HoosierEnergy-MapUpdate-sm4-3.jpg\" class=\"vc_single_image-img attachment-full\" alt=\"Map of Counties Hoosier Energy Serves\" title=\"Atualiza\u00e7\u00e3o do mapa de energia Hoosier-sm4-3\" srcset=\"https:\/\/www.hoosierenergy.com\/wp-content\/uploads\/2025\/02\/HoosierEnergy-MapUpdate-sm4-3.jpg 1920w, https:\/\/www.hoosierenergy.com\/wp-content\/uploads\/2025\/02\/HoosierEnergy-MapUpdate-sm4-3-300x288.jpg 300w, https:\/\/www.hoosierenergy.com\/wp-content\/uploads\/2025\/02\/HoosierEnergy-MapUpdate-sm4-3-1024x984.jpg 1024w, https:\/\/www.hoosierenergy.com\/wp-content\/uploads\/2025\/02\/HoosierEnergy-MapUpdate-sm4-3-768x738.jpg 768w, https:\/\/www.hoosierenergy.com\/wp-content\/uploads\/2025\/02\/HoosierEnergy-MapUpdate-sm4-3-1536x1476.jpg 1536w, https:\/\/www.hoosierenergy.com\/wp-content\/uploads\/2025\/02\/HoosierEnergy-MapUpdate-sm4-3-12x12.jpg 12w\" sizes=\"auto, (max-width: 1920px) 100vw, 1920px\"  data-dt-location=\"https:\/\/www.hoosierenergy.com\/pt\/our-members\/hoosierenergy-mapupdate-sm4-3\/\" \/><\/div>\n\t\t<\/figure>\n\t<\/div>\n<div class=\"ult-spacer spacer-69e9fcf018622\" data-id=\"69e9fcf018622\" data-height=\"50\" data-height-mobile=\"25\" data-height-tab=\"35\" data-height-tab-portrait=\"35\" data-height-mobile-landscape=\"25\" style=\"clear:both;display:block;\"><\/div><\/div><\/div><\/div><\/div><\/div><\/div><\/div><\/div>\n<\/div>","protected":false},"excerpt":{"rendered":"<p>Conhe\u00e7a as 17 cooperativas associadas que ajudam a distribuir energia para mais de 700.000 consumidores na \u00e1rea de servi\u00e7o da Hoosier Energy Nossos associados s\u00e3o o que distingue a Hoosier Energy das concession\u00e1rias de energia el\u00e9trica de propriedade de investidores. Nossa miss\u00e3o e valores s\u00e3o constru\u00eddos em torno das necessidades de nossas cooperativas associadas, assim como era quando a Hoosier Energy foi formada em 1949. Somos uma\u2026<\/p>","protected":false},"author":1,"featured_media":18951,"parent":0,"menu_order":0,"comment_status":"closed","ping_status":"closed","template":"","meta":{"_acf_changed":false,"footnotes":""},"class_list":["post-23","page","type-page","status-publish","has-post-thumbnail","hentry","description-off"],"acf":[],"yoast_head":"<!-- This site is optimized with the Yoast SEO plugin v27.4 - https:\/\/yoast.com\/product\/yoast-seo-wordpress\/ -->\r\n<title>Our Members | Meet Our Member Cooperatives | Hoosier Energy<\/title>\r\n<meta name=\"description\" content=\"Our members are what makes us who we are. Meet the 17 member cooperatives who support our mission.\" \/>\r\n<meta name=\"robots\" content=\"index, follow, max-snippet:-1, max-image-preview:large, max-video-preview:-1\" \/>\r\n<link rel=\"canonical\" href=\"https:\/\/www.hoosierenergy.com\/pt\/our-members\/\" \/>\r\n<meta property=\"og:locale\" content=\"pt_PT\" \/>\r\n<meta property=\"og:type\" content=\"article\" \/>\r\n<meta property=\"og:title\" content=\"Our Members | Meet Our Member Cooperatives | Hoosier Energy\" \/>\r\n<meta property=\"og:description\" content=\"Our members are what makes us who we are. Meet the 17 member cooperatives who support our mission.\" \/>\r\n<meta property=\"og:url\" content=\"https:\/\/www.hoosierenergy.com\/pt\/our-members\/\" \/>\r\n<meta property=\"og:site_name\" content=\"Hoosier Energy\" \/>\r\n<meta property=\"article:publisher\" content=\"https:\/\/www.facebook.com\/HoosierEnergy\" \/>\r\n<meta property=\"article:modified_time\" content=\"2025-03-27T15:23:48+00:00\" \/>\r\n<meta property=\"og:image\" content=\"https:\/\/www.hoosierenergy.com\/wp-content\/uploads\/2025\/02\/Header-AboutOurMembers.jpg\" \/>\r\n\t<meta property=\"og:image:width\" content=\"1920\" \/>\r\n\t<meta property=\"og:image:height\" content=\"400\" \/>\r\n\t<meta property=\"og:image:type\" content=\"image\/jpeg\" \/>\r\n<meta name=\"twitter:card\" content=\"summary_large_image\" \/>\r\n<meta name=\"twitter:site\" content=\"@hoosierenergy\" \/>\r\n<meta name=\"twitter:label1\" content=\"Tempo estimado de leitura\" \/>\n\t<meta name=\"twitter:data1\" content=\"2 minutos\" \/>\r\n<script type=\"application\/ld+json\" class=\"yoast-schema-graph\">{\"@context\":\"https:\\\/\\\/schema.org\",\"@graph\":[{\"@type\":\"WebPage\",\"@id\":\"https:\\\/\\\/www.hoosierenergy.com\\\/our-members\\\/\",\"url\":\"https:\\\/\\\/www.hoosierenergy.com\\\/our-members\\\/\",\"name\":\"Our Members | Meet Our Member Cooperatives | Hoosier Energy\",\"isPartOf\":{\"@id\":\"https:\\\/\\\/www.hoosierenergy.com\\\/#website\"},\"primaryImageOfPage\":{\"@id\":\"https:\\\/\\\/www.hoosierenergy.com\\\/our-members\\\/#primaryimage\"},\"image\":{\"@id\":\"https:\\\/\\\/www.hoosierenergy.com\\\/our-members\\\/#primaryimage\"},\"thumbnailUrl\":\"https:\\\/\\\/www.hoosierenergy.com\\\/wp-content\\\/uploads\\\/2025\\\/02\\\/Header-AboutOurMembers.jpg\",\"datePublished\":\"2022-05-16T16:17:25+00:00\",\"dateModified\":\"2025-03-27T15:23:48+00:00\",\"description\":\"Our members are what makes us who we are. Meet the 17 member cooperatives who support our mission.\",\"breadcrumb\":{\"@id\":\"https:\\\/\\\/www.hoosierenergy.com\\\/our-members\\\/#breadcrumb\"},\"inLanguage\":\"pt-PT\",\"potentialAction\":[{\"@type\":\"ReadAction\",\"target\":[\"https:\\\/\\\/www.hoosierenergy.com\\\/our-members\\\/\"]}]},{\"@type\":\"ImageObject\",\"inLanguage\":\"pt-PT\",\"@id\":\"https:\\\/\\\/www.hoosierenergy.com\\\/our-members\\\/#primaryimage\",\"url\":\"https:\\\/\\\/www.hoosierenergy.com\\\/wp-content\\\/uploads\\\/2025\\\/02\\\/Header-AboutOurMembers.jpg\",\"contentUrl\":\"https:\\\/\\\/www.hoosierenergy.com\\\/wp-content\\\/uploads\\\/2025\\\/02\\\/Header-AboutOurMembers.jpg\",\"width\":1920,\"height\":400},{\"@type\":\"BreadcrumbList\",\"@id\":\"https:\\\/\\\/www.hoosierenergy.com\\\/our-members\\\/#breadcrumb\",\"itemListElement\":[{\"@type\":\"ListItem\",\"position\":1,\"name\":\"Home\",\"item\":\"https:\\\/\\\/www.hoosierenergy.com\\\/\"},{\"@type\":\"ListItem\",\"position\":2,\"name\":\"Our Members\"}]},{\"@type\":\"WebSite\",\"@id\":\"https:\\\/\\\/www.hoosierenergy.com\\\/#website\",\"url\":\"https:\\\/\\\/www.hoosierenergy.com\\\/\",\"name\":\"Hoosier Energy\",\"description\":\"Powering Community\",\"alternateName\":\"Hoosier Energy Rural Electric Cooperative, Inc.\",\"potentialAction\":[{\"@type\":\"SearchAction\",\"target\":{\"@type\":\"EntryPoint\",\"urlTemplate\":\"https:\\\/\\\/www.hoosierenergy.com\\\/?s={search_term_string}\"},\"query-input\":{\"@type\":\"PropertyValueSpecification\",\"valueRequired\":true,\"valueName\":\"search_term_string\"}}],\"inLanguage\":\"pt-PT\"}]}<\/script>\r\n<!-- \/ Yoast SEO plugin. -->","yoast_head_json":{"title":"Our Members | Meet Our Member Cooperatives | Hoosier Energy","description":"Our members are what makes us who we are. Meet the 17 member cooperatives who support our mission.","robots":{"index":"index","follow":"follow","max-snippet":"max-snippet:-1","max-image-preview":"max-image-preview:large","max-video-preview":"max-video-preview:-1"},"canonical":"https:\/\/www.hoosierenergy.com\/pt\/our-members\/","og_locale":"pt_PT","og_type":"article","og_title":"Our Members | Meet Our Member Cooperatives | Hoosier Energy","og_description":"Our members are what makes us who we are. Meet the 17 member cooperatives who support our mission.","og_url":"https:\/\/www.hoosierenergy.com\/pt\/our-members\/","og_site_name":"Hoosier Energy","article_publisher":"https:\/\/www.facebook.com\/HoosierEnergy","article_modified_time":"2025-03-27T15:23:48+00:00","og_image":[{"width":1920,"height":400,"url":"https:\/\/www.hoosierenergy.com\/wp-content\/uploads\/2025\/02\/Header-AboutOurMembers.jpg","type":"image\/jpeg"}],"twitter_card":"summary_large_image","twitter_site":"@hoosierenergy","twitter_misc":{"Tempo estimado de leitura":"2 minutos"},"schema":{"@context":"https:\/\/schema.org","@graph":[{"@type":"WebPage","@id":"https:\/\/www.hoosierenergy.com\/our-members\/","url":"https:\/\/www.hoosierenergy.com\/our-members\/","name":"Our Members | Meet Our Member Cooperatives | Hoosier Energy","isPartOf":{"@id":"https:\/\/www.hoosierenergy.com\/#website"},"primaryImageOfPage":{"@id":"https:\/\/www.hoosierenergy.com\/our-members\/#primaryimage"},"image":{"@id":"https:\/\/www.hoosierenergy.com\/our-members\/#primaryimage"},"thumbnailUrl":"https:\/\/www.hoosierenergy.com\/wp-content\/uploads\/2025\/02\/Header-AboutOurMembers.jpg","datePublished":"2022-05-16T16:17:25+00:00","dateModified":"2025-03-27T15:23:48+00:00","description":"Our members are what makes us who we are. Meet the 17 member cooperatives who support our mission.","breadcrumb":{"@id":"https:\/\/www.hoosierenergy.com\/our-members\/#breadcrumb"},"inLanguage":"pt-PT","potentialAction":[{"@type":"ReadAction","target":["https:\/\/www.hoosierenergy.com\/our-members\/"]}]},{"@type":"ImageObject","inLanguage":"pt-PT","@id":"https:\/\/www.hoosierenergy.com\/our-members\/#primaryimage","url":"https:\/\/www.hoosierenergy.com\/wp-content\/uploads\/2025\/02\/Header-AboutOurMembers.jpg","contentUrl":"https:\/\/www.hoosierenergy.com\/wp-content\/uploads\/2025\/02\/Header-AboutOurMembers.jpg","width":1920,"height":400},{"@type":"BreadcrumbList","@id":"https:\/\/www.hoosierenergy.com\/our-members\/#breadcrumb","itemListElement":[{"@type":"ListItem","position":1,"name":"Home","item":"https:\/\/www.hoosierenergy.com\/"},{"@type":"ListItem","position":2,"name":"Our Members"}]},{"@type":"WebSite","@id":"https:\/\/www.hoosierenergy.com\/#website","url":"https:\/\/www.hoosierenergy.com\/","name":"Energia Hoosier","description":"Alimentando a Comunidade","alternateName":"Hoosier Energy Rural Electric Cooperative, Inc.","potentialAction":[{"@type":"SearchAction","target":{"@type":"EntryPoint","urlTemplate":"https:\/\/www.hoosierenergy.com\/?s={search_term_string}"},"query-input":{"@type":"PropertyValueSpecification","valueRequired":true,"valueName":"search_term_string"}}],"inLanguage":"pt-PT"}]}},"_links":{"self":[{"href":"https:\/\/www.hoosierenergy.com\/pt\/wp-json\/wp\/v2\/pages\/23","targetHints":{"allow":["GET"]}}],"collection":[{"href":"https:\/\/www.hoosierenergy.com\/pt\/wp-json\/wp\/v2\/pages"}],"about":[{"href":"https:\/\/www.hoosierenergy.com\/pt\/wp-json\/wp\/v2\/types\/page"}],"author":[{"embeddable":true,"href":"https:\/\/www.hoosierenergy.com\/pt\/wp-json\/wp\/v2\/users\/1"}],"replies":[{"embeddable":true,"href":"https:\/\/www.hoosierenergy.com\/pt\/wp-json\/wp\/v2\/comments?post=23"}],"version-history":[{"count":0,"href":"https:\/\/www.hoosierenergy.com\/pt\/wp-json\/wp\/v2\/pages\/23\/revisions"}],"wp:featuredmedia":[{"embeddable":true,"href":"https:\/\/www.hoosierenergy.com\/pt\/wp-json\/wp\/v2\/media\/18951"}],"wp:attachment":[{"href":"https:\/\/www.hoosierenergy.com\/pt\/wp-json\/wp\/v2\/media?parent=23"}],"curies":[{"name":"wp","href":"https:\/\/api.w.org\/{rel}","templated":true}]}}