{"id":20846,"date":"2025-05-29T14:08:28","date_gmt":"2025-05-29T19:08:28","guid":{"rendered":"https:\/\/www.hoosierenergy.com\/?page_id=20846"},"modified":"2026-02-16T16:00:23","modified_gmt":"2026-02-16T21:00:23","slug":"ccr-rule-compliance-data","status":"publish","type":"page","link":"https:\/\/www.hoosierenergy.com\/pt\/our-cooperative\/sustainability-reporting\/ccr-rule-compliance-data\/","title":{"rendered":"CONFORMIDADE COM AS REGRAS DO CCR E INFORMA\u00c7\u00d5ES DE DADOS"},"content":{"rendered":"<div class=\"wpb-content-wrapper\"><div class=\"vc_row wpb_row vc_row-fluid negativetopmargin vc_custom_1654014318664 vc_row-has-fill\"><div class=\"wpb_column vc_column_container vc_col-sm-12 vc_col-md-offset-2 vc_col-md-8\"><div class=\"vc_column-inner\"><div class=\"wpb_wrapper\"><div class=\"ult-spacer spacer-69e5e267be3b5\" data-id=\"69e5e267be3b5\" data-height=\"50\" data-height-mobile=\"25\" data-height-tab=\"35\" data-height-tab-portrait=\"35\" data-height-mobile-landscape=\"25\" style=\"clear:both;display:block;\"><\/div>\n\t<div class=\"wpb_text_column wpb_content_element\" >\n\t\t<div class=\"wpb_wrapper\">\n\t\t\t<p style=\"text-align: center;\">Est\u00e1 com problemas para visualizar alguma dessas postagens?<\/p>\n<p>&nbsp;<\/p>\n<p style=\"text-align: center;\">Entre em contato com Angie Lee, gerente de servi\u00e7os ambientais em <a href=\"mailto:alee@hepn.com\">alee@hepn.com<\/a>.<\/p>\n<p>&nbsp;<\/p>\n<h3 style=\"text-align: center;\"><strong>ANTIGA ESTA\u00c7\u00c3O GERADORA FRANK E. RATTS<\/strong><\/h3>\n<p>&nbsp;<\/p>\n<p style=\"text-align: left;\"><strong>Restri\u00e7\u00f5es de localiza\u00e7\u00e3o do relat\u00f3rio de aplicabilidade\u00a0 \u00a0 \u00a0 \u00a0 \u00a0 \u00a0 \u00a0 \u00a0 \u00a0 \u00a0 \u00a0 \u00a0 \u00a0 \u00a0 \u00a0\u00a0<\/strong><\/p>\n<p><u><a href=\"https:\/\/www.hoosierenergy.com\/wp-content\/uploads\/2024\/11\/RATTS-LEGACY-CCR-SURFACE-IMPOUNDMENT-APPLICABILITY-REPORT-signed_compressed.pdf\">Relat\u00f3rio de aplicabilidade de reservat\u00f3rio de superf\u00edcie Ratts CCR<\/a><\/u>\u00a0 \u00a0 \u00a0 \u00a0 \u00a0 \u00a0 N\u00e3o aplic\u00e1vel neste momento<\/p>\n<p><strong>\u00a0<\/strong><\/p>\n<p><strong>Crit\u00e9rios operacionais Crit\u00e9rios de projeto\u00a0 \u00a0 \u00a0 \u00a0 \u00a0 \u00a0 \u00a0<\/strong><\/p>\n<p><a href=\"https:\/\/www.hoosierenergy.com\/wp-content\/uploads\/2024\/11\/CCR-Rule-Fugitive-Dust-Control-Plan-Ratts-final-stamped.pdf\"><u>Plano de controle de poeira fugitiva de ratos<\/u><\/a>\u00a0 \u00a0 \u00a0 \u00a0 \u00a0 \u00a0 \u00a0 \u00a0 \u00a0 \u00a0 \u00a0 \u00a0 \u00a0 \u00a0 \u00a0 \u00a0 \u00a0 \u00a0 \u00a0 \u00a0 \u00a0 \u00a0 \u00a0 \u00a0 \u00a0 \u00a0 <a href=\"https:\/\/acrobat.adobe.com\/id\/urn:aaid:sc:VA6C2:f31362be-bc1b-4451-8c2f-c86990f88c3d\"><span data-olk-copy-source=\"MessageBody\">Relat\u00f3rio sobre o hist\u00f3rico de constru\u00e7\u00e3o da unidade CCR de Ratts<\/span><\/a><\/p>\n<p><a href=\"https:\/\/www.hoosierenergy.com\/wp-content\/uploads\/2026\/01\/2026-Ratts-Station-Fugitive-Dust-Control-Annual-Report.pdf\">Relat\u00f3rio Anual de Controle de Poeira Fugitiva da Ratts CCR - Janeiro de 2026<\/a><\/p>\n<p><a href=\"https:\/\/www.hoosierenergy.com\/wp-content\/uploads\/2025\/02\/2025-Ratts-Station-Ash-Basin-PE-Inspection-Report-compressed.pdf\"><u>Relat\u00f3rio de inspe\u00e7\u00e3o do engenheiro profissional inicial da Ratts 2025<\/u><\/a><\/p>\n<p><a href=\"https:\/\/www.hoosierenergy.com\/wp-content\/uploads\/2025\/12\/2025-Ratts-Station-Ash-Basin-Inspection-Report-CTI-Nov-2025-compressed.pdf\">Relat\u00f3rio Anual de Inspe\u00e7\u00e3o de Engenharia Profissional da Ratts 2025<\/a><\/p>\n<p>&nbsp;<\/p>\n<p><strong>Monitoramento de \u00e1guas subterr\u00e2neas e a\u00e7\u00f5es corretivas de fechamento e cuidados p\u00f3s-fechamento<\/strong><\/p>\n<p>N\u00e3o aplic\u00e1vel neste momento N\u00e3o aplic\u00e1vel neste momento<\/p>\n\n\t\t<\/div>\n\t<\/div>\n<div class=\"ult-spacer spacer-69e5e267be886\" data-id=\"69e5e267be886\" data-height=\"25\" data-height-mobile=\"25\" data-height-tab=\"25\" data-height-tab-portrait=\"25\" data-height-mobile-landscape=\"25\" style=\"clear:both;display:block;\"><\/div><div class=\"vc_btn3-container vc_btn3-center\" ><a style=\"background-color:#0071af; color:#f5ff12;\" class=\"vc_general vc_btn3 vc_btn3-size-lg vc_btn3-shape-square vc_btn3-style-custom\" href=\"https:\/\/www.hoosierenergy.com\/pt\/our-cooperative\/sustainability-reporting\/\" title=\"Social\">Relat\u00f3rios de Sustentabilidade<\/a><\/div><div class=\"ult-spacer spacer-69e5e267becdd\" data-id=\"69e5e267becdd\" data-height=\"50\" data-height-mobile=\"25\" data-height-tab=\"35\" data-height-tab-portrait=\"35\" data-height-mobile-landscape=\"25\" style=\"clear:both;display:block;\"><\/div><\/div><\/div><\/div><\/div>\n<\/div>","protected":false},"excerpt":{"rendered":"<p>Est\u00e1 com dificuldades para visualizar alguma destas publica\u00e7\u00f5es? Entre em contato com Angie Lee, Gerente de Servi\u00e7os Ambientais, pelo e-mail alee@hepn.com. Relat\u00f3rio de Aplicabilidade da ANTIGA USINA GERADORA FRANK E. RATTS...<\/p>","protected":false},"author":1,"featured_media":15040,"parent":19844,"menu_order":0,"comment_status":"closed","ping_status":"closed","template":"","meta":{"_acf_changed":false,"footnotes":""},"class_list":["post-20846","page","type-page","status-publish","has-post-thumbnail","hentry","description-off"],"acf":[],"yoast_head":"<!-- This site is optimized with the Yoast SEO plugin v27.4 - https:\/\/yoast.com\/product\/yoast-seo-wordpress\/ -->\r\n<title>Environmental | ESG | Hoosier Energy<\/title>\r\n<meta name=\"description\" content=\"As responsible stewards of the environment, Hoosier Energy uses careful thought and execution when making decisions relating to energy production and conservation.\" \/>\r\n<meta name=\"robots\" content=\"index, follow, max-snippet:-1, max-image-preview:large, max-video-preview:-1\" \/>\r\n<link rel=\"canonical\" href=\"https:\/\/www.hoosierenergy.com\/pt\/our-cooperative\/sustainability-reporting\/ccr-rule-compliance-data\/\" \/>\r\n<meta property=\"og:locale\" content=\"pt_PT\" \/>\r\n<meta property=\"og:type\" content=\"article\" \/>\r\n<meta property=\"og:title\" content=\"Environmental | ESG | Hoosier Energy\" \/>\r\n<meta property=\"og:description\" content=\"As responsible stewards of the environment, Hoosier Energy uses careful thought and execution when making decisions relating to energy production and conservation.\" \/>\r\n<meta property=\"og:url\" content=\"https:\/\/www.hoosierenergy.com\/pt\/our-cooperative\/sustainability-reporting\/ccr-rule-compliance-data\/\" \/>\r\n<meta property=\"og:site_name\" content=\"Hoosier Energy\" \/>\r\n<meta property=\"article:publisher\" content=\"https:\/\/www.facebook.com\/HoosierEnergy\" \/>\r\n<meta property=\"article:modified_time\" content=\"2026-02-16T21:00:23+00:00\" \/>\r\n<meta property=\"og:image\" content=\"https:\/\/www.hoosierenergy.com\/wp-content\/uploads\/2024\/01\/ESG-Environmental-Header.jpg\" \/>\r\n\t<meta property=\"og:image:width\" content=\"1920\" \/>\r\n\t<meta property=\"og:image:height\" content=\"400\" \/>\r\n\t<meta property=\"og:image:type\" content=\"image\/jpeg\" \/>\r\n<meta name=\"twitter:card\" content=\"summary_large_image\" \/>\r\n<meta name=\"twitter:site\" content=\"@hoosierenergy\" \/>\r\n<meta name=\"twitter:label1\" content=\"Tempo estimado de leitura\" \/>\n\t<meta name=\"twitter:data1\" content=\"1 minuto\" \/>\r\n<script type=\"application\/ld+json\" class=\"yoast-schema-graph\">{\"@context\":\"https:\\\/\\\/schema.org\",\"@graph\":[{\"@type\":\"WebPage\",\"@id\":\"https:\\\/\\\/www.hoosierenergy.com\\\/our-cooperative\\\/sustainability-reporting\\\/ccr-rule-compliance-data\\\/\",\"url\":\"https:\\\/\\\/www.hoosierenergy.com\\\/our-cooperative\\\/sustainability-reporting\\\/ccr-rule-compliance-data\\\/\",\"name\":\"Environmental | ESG | Hoosier Energy\",\"isPartOf\":{\"@id\":\"https:\\\/\\\/www.hoosierenergy.com\\\/#website\"},\"primaryImageOfPage\":{\"@id\":\"https:\\\/\\\/www.hoosierenergy.com\\\/our-cooperative\\\/sustainability-reporting\\\/ccr-rule-compliance-data\\\/#primaryimage\"},\"image\":{\"@id\":\"https:\\\/\\\/www.hoosierenergy.com\\\/our-cooperative\\\/sustainability-reporting\\\/ccr-rule-compliance-data\\\/#primaryimage\"},\"thumbnailUrl\":\"https:\\\/\\\/www.hoosierenergy.com\\\/wp-content\\\/uploads\\\/2024\\\/01\\\/ESG-Environmental-Header.jpg\",\"datePublished\":\"2025-05-29T19:08:28+00:00\",\"dateModified\":\"2026-02-16T21:00:23+00:00\",\"description\":\"As responsible stewards of the environment, Hoosier Energy uses careful thought and execution when making decisions relating to energy production and conservation.\",\"breadcrumb\":{\"@id\":\"https:\\\/\\\/www.hoosierenergy.com\\\/our-cooperative\\\/sustainability-reporting\\\/ccr-rule-compliance-data\\\/#breadcrumb\"},\"inLanguage\":\"pt-PT\",\"potentialAction\":[{\"@type\":\"ReadAction\",\"target\":[\"https:\\\/\\\/www.hoosierenergy.com\\\/our-cooperative\\\/sustainability-reporting\\\/ccr-rule-compliance-data\\\/\"]}]},{\"@type\":\"ImageObject\",\"inLanguage\":\"pt-PT\",\"@id\":\"https:\\\/\\\/www.hoosierenergy.com\\\/our-cooperative\\\/sustainability-reporting\\\/ccr-rule-compliance-data\\\/#primaryimage\",\"url\":\"https:\\\/\\\/www.hoosierenergy.com\\\/wp-content\\\/uploads\\\/2024\\\/01\\\/ESG-Environmental-Header.jpg\",\"contentUrl\":\"https:\\\/\\\/www.hoosierenergy.com\\\/wp-content\\\/uploads\\\/2024\\\/01\\\/ESG-Environmental-Header.jpg\",\"width\":1920,\"height\":400},{\"@type\":\"BreadcrumbList\",\"@id\":\"https:\\\/\\\/www.hoosierenergy.com\\\/our-cooperative\\\/sustainability-reporting\\\/ccr-rule-compliance-data\\\/#breadcrumb\",\"itemListElement\":[{\"@type\":\"ListItem\",\"position\":1,\"name\":\"Home\",\"item\":\"https:\\\/\\\/www.hoosierenergy.com\\\/\"},{\"@type\":\"ListItem\",\"position\":2,\"name\":\"Our Cooperative\",\"item\":\"https:\\\/\\\/www.hoosierenergy.com\\\/our-cooperative\\\/\"},{\"@type\":\"ListItem\",\"position\":3,\"name\":\"Sustainability Reporting\",\"item\":\"https:\\\/\\\/www.hoosierenergy.com\\\/our-cooperative\\\/sustainability-reporting\\\/\"},{\"@type\":\"ListItem\",\"position\":4,\"name\":\"CCR RULE COMPLIANCE AND DATA INFORMATION\"}]},{\"@type\":\"WebSite\",\"@id\":\"https:\\\/\\\/www.hoosierenergy.com\\\/#website\",\"url\":\"https:\\\/\\\/www.hoosierenergy.com\\\/\",\"name\":\"Hoosier Energy\",\"description\":\"Powering Community\",\"alternateName\":\"Hoosier Energy Rural Electric Cooperative, Inc.\",\"potentialAction\":[{\"@type\":\"SearchAction\",\"target\":{\"@type\":\"EntryPoint\",\"urlTemplate\":\"https:\\\/\\\/www.hoosierenergy.com\\\/?s={search_term_string}\"},\"query-input\":{\"@type\":\"PropertyValueSpecification\",\"valueRequired\":true,\"valueName\":\"search_term_string\"}}],\"inLanguage\":\"pt-PT\"}]}<\/script>\r\n<!-- \/ Yoast SEO plugin. -->","yoast_head_json":{"title":"Environmental | ESG | Hoosier Energy","description":"As responsible stewards of the environment, Hoosier Energy uses careful thought and execution when making decisions relating to energy production and conservation.","robots":{"index":"index","follow":"follow","max-snippet":"max-snippet:-1","max-image-preview":"max-image-preview:large","max-video-preview":"max-video-preview:-1"},"canonical":"https:\/\/www.hoosierenergy.com\/pt\/our-cooperative\/sustainability-reporting\/ccr-rule-compliance-data\/","og_locale":"pt_PT","og_type":"article","og_title":"Environmental | ESG | Hoosier Energy","og_description":"As responsible stewards of the environment, Hoosier Energy uses careful thought and execution when making decisions relating to energy production and conservation.","og_url":"https:\/\/www.hoosierenergy.com\/pt\/our-cooperative\/sustainability-reporting\/ccr-rule-compliance-data\/","og_site_name":"Hoosier Energy","article_publisher":"https:\/\/www.facebook.com\/HoosierEnergy","article_modified_time":"2026-02-16T21:00:23+00:00","og_image":[{"width":1920,"height":400,"url":"https:\/\/www.hoosierenergy.com\/wp-content\/uploads\/2024\/01\/ESG-Environmental-Header.jpg","type":"image\/jpeg"}],"twitter_card":"summary_large_image","twitter_site":"@hoosierenergy","twitter_misc":{"Tempo estimado de leitura":"1 minuto"},"schema":{"@context":"https:\/\/schema.org","@graph":[{"@type":"WebPage","@id":"https:\/\/www.hoosierenergy.com\/our-cooperative\/sustainability-reporting\/ccr-rule-compliance-data\/","url":"https:\/\/www.hoosierenergy.com\/our-cooperative\/sustainability-reporting\/ccr-rule-compliance-data\/","name":"Environmental | ESG | Hoosier Energy","isPartOf":{"@id":"https:\/\/www.hoosierenergy.com\/#website"},"primaryImageOfPage":{"@id":"https:\/\/www.hoosierenergy.com\/our-cooperative\/sustainability-reporting\/ccr-rule-compliance-data\/#primaryimage"},"image":{"@id":"https:\/\/www.hoosierenergy.com\/our-cooperative\/sustainability-reporting\/ccr-rule-compliance-data\/#primaryimage"},"thumbnailUrl":"https:\/\/www.hoosierenergy.com\/wp-content\/uploads\/2024\/01\/ESG-Environmental-Header.jpg","datePublished":"2025-05-29T19:08:28+00:00","dateModified":"2026-02-16T21:00:23+00:00","description":"As responsible stewards of the environment, Hoosier Energy uses careful thought and execution when making decisions relating to energy production and conservation.","breadcrumb":{"@id":"https:\/\/www.hoosierenergy.com\/our-cooperative\/sustainability-reporting\/ccr-rule-compliance-data\/#breadcrumb"},"inLanguage":"pt-PT","potentialAction":[{"@type":"ReadAction","target":["https:\/\/www.hoosierenergy.com\/our-cooperative\/sustainability-reporting\/ccr-rule-compliance-data\/"]}]},{"@type":"ImageObject","inLanguage":"pt-PT","@id":"https:\/\/www.hoosierenergy.com\/our-cooperative\/sustainability-reporting\/ccr-rule-compliance-data\/#primaryimage","url":"https:\/\/www.hoosierenergy.com\/wp-content\/uploads\/2024\/01\/ESG-Environmental-Header.jpg","contentUrl":"https:\/\/www.hoosierenergy.com\/wp-content\/uploads\/2024\/01\/ESG-Environmental-Header.jpg","width":1920,"height":400},{"@type":"BreadcrumbList","@id":"https:\/\/www.hoosierenergy.com\/our-cooperative\/sustainability-reporting\/ccr-rule-compliance-data\/#breadcrumb","itemListElement":[{"@type":"ListItem","position":1,"name":"Home","item":"https:\/\/www.hoosierenergy.com\/"},{"@type":"ListItem","position":2,"name":"Our Cooperative","item":"https:\/\/www.hoosierenergy.com\/our-cooperative\/"},{"@type":"ListItem","position":3,"name":"Sustainability Reporting","item":"https:\/\/www.hoosierenergy.com\/our-cooperative\/sustainability-reporting\/"},{"@type":"ListItem","position":4,"name":"CCR RULE COMPLIANCE AND DATA INFORMATION"}]},{"@type":"WebSite","@id":"https:\/\/www.hoosierenergy.com\/#website","url":"https:\/\/www.hoosierenergy.com\/","name":"Energia Hoosier","description":"Alimentando a Comunidade","alternateName":"Hoosier Energy Rural Electric Cooperative, Inc.","potentialAction":[{"@type":"SearchAction","target":{"@type":"EntryPoint","urlTemplate":"https:\/\/www.hoosierenergy.com\/?s={search_term_string}"},"query-input":{"@type":"PropertyValueSpecification","valueRequired":true,"valueName":"search_term_string"}}],"inLanguage":"pt-PT"}]}},"_links":{"self":[{"href":"https:\/\/www.hoosierenergy.com\/pt\/wp-json\/wp\/v2\/pages\/20846","targetHints":{"allow":["GET"]}}],"collection":[{"href":"https:\/\/www.hoosierenergy.com\/pt\/wp-json\/wp\/v2\/pages"}],"about":[{"href":"https:\/\/www.hoosierenergy.com\/pt\/wp-json\/wp\/v2\/types\/page"}],"author":[{"embeddable":true,"href":"https:\/\/www.hoosierenergy.com\/pt\/wp-json\/wp\/v2\/users\/1"}],"replies":[{"embeddable":true,"href":"https:\/\/www.hoosierenergy.com\/pt\/wp-json\/wp\/v2\/comments?post=20846"}],"version-history":[{"count":0,"href":"https:\/\/www.hoosierenergy.com\/pt\/wp-json\/wp\/v2\/pages\/20846\/revisions"}],"up":[{"embeddable":true,"href":"https:\/\/www.hoosierenergy.com\/pt\/wp-json\/wp\/v2\/pages\/19844"}],"wp:featuredmedia":[{"embeddable":true,"href":"https:\/\/www.hoosierenergy.com\/pt\/wp-json\/wp\/v2\/media\/15040"}],"wp:attachment":[{"href":"https:\/\/www.hoosierenergy.com\/pt\/wp-json\/wp\/v2\/media?parent=20846"}],"curies":[{"name":"wp","href":"https:\/\/api.w.org\/{rel}","templated":true}]}}