{"id":166,"date":"2022-07-29T02:07:33","date_gmt":"2022-07-29T02:07:33","guid":{"rendered":"https:\/\/hoosierenerstg.wpengine.com\/?page_id=166"},"modified":"2025-10-02T09:04:04","modified_gmt":"2025-10-02T14:04:04","slug":"renewable-energy","status":"publish","type":"page","link":"https:\/\/www.hoosierenergy.com\/pt\/our-cooperative\/energy-strategy\/renewable-energy\/","title":{"rendered":"Energia Renov\u00e1vel"},"content":{"rendered":"<div class=\"wpb-content-wrapper\"><div class=\"vc_row wpb_row vc_row-fluid negativetopmargin vc_custom_1654014318664 vc_row-has-fill\"><div class=\"wpb_column vc_column_container vc_col-sm-12 vc_col-md-offset-2 vc_col-md-8\"><div class=\"vc_column-inner\"><div class=\"wpb_wrapper\"><div class=\"ult-spacer spacer-69e9f02737075\" data-id=\"69e9f02737075\" data-height=\"50\" data-height-mobile=\"20\" data-height-tab=\"30\" data-height-tab-portrait=\"30\" data-height-mobile-landscape=\"20\" style=\"clear:both;display:block;\"><\/div><h2 style=\"text-align: center\" class=\"vc_custom_heading vc_do_custom_heading\" >Os recursos renov\u00e1veis da Hoosier Energy est\u00e3o nos ajudando a atender \u00e0s crescentes necessidades de energia de nossas cooperativas associadas em Indiana e Illinois<\/h2>\n\t<div class=\"wpb_text_column wpb_content_element\" >\n\t\t<div class=\"wpb_wrapper\">\n\t\t\t<p style=\"text-align: center;\">Nos \u00faltimos anos, o portf\u00f3lio da Hoosier Energy cresceu e se diversificou substancialmente para atender \u00e0s necessidades dos membros e gerenciar riscos de forma eficaz. A energia renov\u00e1vel desempenhou um papel importante em nos ajudar a acomodar esse crescimento, e continuamos a expandir nosso foco em fontes sustent\u00e1veis. Como parte de nossa mudan\u00e7a para a produ\u00e7\u00e3o de energia sustent\u00e1vel, estabelecemos metas ambiciosas, mas ating\u00edveis, para energia renov\u00e1vel.<\/p>\n<p style=\"text-align: center;\">Em 2006, a Hoosier Energy adotou uma pol\u00edtica volunt\u00e1ria de energia renov\u00e1vel para fornecer pelo menos 10% das necessidades de energia do nosso sistema de 17 membros por meio de recursos de energia renov\u00e1vel at\u00e9 2025. Em 2022, projetamos que 9% do nosso fornecimento de energia vir\u00e1 de fontes renov\u00e1veis. Por meio de energia solar, energia e\u00f3lica, energia hidrel\u00e9trica, g\u00e1s metano de aterro e uma s\u00e9rie de outros programas renov\u00e1veis, estamos no caminho certo para atingir nosso compromisso.<\/p>\n\n\t\t<\/div>\n\t<\/div>\n<div class=\"ult-spacer spacer-69e9f027379ce\" data-id=\"69e9f027379ce\" data-height=\"50\" data-height-mobile=\"25\" data-height-tab=\"35\" data-height-tab-portrait=\"35\" data-height-mobile-landscape=\"25\" style=\"clear:both;display:block;\"><\/div><\/div><\/div><\/div><\/div><div data-vc-full-width=\"true\" data-vc-full-width-temp=\"true\" data-vc-full-width-init=\"false\" class=\"vc_row wpb_row vc_row-fluid vc_custom_1663458772954 vc_row-has-fill\"><div class=\"wpb_column vc_column_container vc_col-sm-12\"><div class=\"vc_column-inner\"><div class=\"wpb_wrapper\"><div class=\"ult-spacer spacer-69e9f02738434\" data-id=\"69e9f02738434\" data-height=\"150\" data-height-mobile=\"50\" data-height-tab=\"75\" data-height-tab-portrait=\"75\" data-height-mobile-landscape=\"50\" style=\"clear:both;display:block;\"><\/div><h3 style=\"color: #ffffff;text-align: center\" class=\"vc_custom_heading vc_do_custom_heading\" >O futuro \u00e9 brilhante para a energia renov\u00e1vel<\/h3><div class=\"ult-spacer spacer-69e9f027386d8\" data-id=\"69e9f027386d8\" data-height=\"150\" data-height-mobile=\"50\" data-height-tab=\"75\" data-height-tab-portrait=\"75\" data-height-mobile-landscape=\"50\" style=\"clear:both;display:block;\"><\/div><\/div><\/div><\/div><\/div><div class=\"vc_row-full-width vc_clearfix\"><\/div><div class=\"vc_row wpb_row vc_row-fluid\"><div class=\"wpb_column vc_column_container vc_col-sm-12\"><div class=\"vc_column-inner\"><div class=\"wpb_wrapper\"><div class=\"ult-spacer spacer-69e9f02738d83\" data-id=\"69e9f02738d83\" data-height=\"35\" data-height-mobile=\"20\" data-height-tab=\"25\" data-height-tab-portrait=\"25\" data-height-mobile-landscape=\"20\" style=\"clear:both;display:block;\"><\/div>\n\t<div class=\"wpb_text_column wpb_content_element\" >\n\t\t<div class=\"wpb_wrapper\">\n\t\t\t<p>Os recursos renov\u00e1veis da Hoosier Energy est\u00e3o nos ajudando a atender \u00e0s necessidades de nossas cooperativas associadas. Al\u00e9m de manter nossos pr\u00f3prios programas de energia renov\u00e1vel em nossa \u00e1rea de servi\u00e7o em Indiana e Illinois, tamb\u00e9m estamos investindo em tecnologias emergentes para dar suporte a uma rede em evolu\u00e7\u00e3o, ao mesmo tempo em que desempenhamos um papel no futuro da energia. Nossos programas renov\u00e1veis incluem as seguintes iniciativas.<\/p>\n\n\t\t<\/div>\n\t<\/div>\n<div class=\"ult-spacer spacer-69e9f02738f97\" data-id=\"69e9f02738f97\" data-height=\"50\" data-height-mobile=\"25\" data-height-tab=\"35\" data-height-tab-portrait=\"35\" data-height-mobile-landscape=\"25\" style=\"clear:both;display:block;\"><\/div><div class=\"vc_row wpb_row vc_inner vc_row-fluid\"><div class=\"wpb_column vc_column_container vc_col-sm-6\"><div class=\"vc_column-inner\"><div class=\"wpb_wrapper\"><h4 style=\"text-align: left\" class=\"vc_custom_heading vc_do_custom_heading\" >Energia solar<\/h4>\n\t<div class=\"wpb_text_column wpb_content_element\" >\n\t\t<div class=\"wpb_wrapper\">\n\t\t\t<p>Nosso programa solar consiste em 10 matrizes solares de um megawatt colocadas ao longo de estradas altamente vis\u00edveis em comunidades associadas em Indiana e Illinois. Coletivamente, essas instala\u00e7\u00f5es n\u00e3o est\u00e3o apenas gerando energia substancial, mas tamb\u00e9m est\u00e3o aumentando a visibilidade para a viabilidade da energia solar e outras fontes renov\u00e1veis. Nossas instala\u00e7\u00f5es de energia solar tamb\u00e9m est\u00e3o nos ajudando a entender como podemos integrar eficientemente a energia solar em nossa rede e compensar a necessidade de outros recursos energ\u00e9ticos durante per\u00edodos de alta demanda.<\/p>\n<p>Tamb\u00e9m temos v\u00e1rios acordos de compra de energia solar, incluindo nosso acordo mais recente para 200 MW em <a href=\"https:\/\/www.edpr.com\/north-america\/riverstart-solar-park\" target=\"_blank\" rel=\"noopener\">Parque Solar Riverstart<\/a> no Condado de Randolph.<\/p>\n\n\t\t<\/div>\n\t<\/div>\n<\/div><\/div><\/div><div class=\"wpb_column vc_column_container vc_col-sm-6\"><div class=\"vc_column-inner\"><div class=\"wpb_wrapper\"><h4 style=\"text-align: left\" class=\"vc_custom_heading vc_do_custom_heading\" >Energia e\u00f3lica<\/h4>\n\t<div class=\"wpb_text_column wpb_content_element\" >\n\t\t<div class=\"wpb_wrapper\">\n\t\t\t<p>A energia e\u00f3lica \u00e9 um dos recursos de energia renov\u00e1vel mais vis\u00edveis em muitas das comunidades que atendemos em Indiana e Illinois. Embora a Hoosier Energy n\u00e3o possua nenhum recurso e\u00f3lico, temos v\u00e1rios acordos de compra de energia que nos permitem aumentar nosso portf\u00f3lio renov\u00e1vel. Esses projetos incluem energia e\u00f3lica do Rail Splitter Wind Farm em Illinois e do Meadow Lake Wind Farm em Indiana.<\/p>\n\n\t\t<\/div>\n\t<\/div>\n<\/div><\/div><\/div><\/div><div class=\"vc_row wpb_row vc_inner vc_row-fluid\"><div class=\"wpb_column vc_column_container vc_col-sm-6\"><div class=\"vc_column-inner\"><div class=\"wpb_wrapper\"><h4 style=\"text-align: left\" class=\"vc_custom_heading vc_do_custom_heading\" >Energia hidrel\u00e9trica<\/h4>\n\t<div class=\"wpb_text_column wpb_content_element\" >\n\t\t<div class=\"wpb_wrapper\">\n\t\t\t<p>N\u00f3s compramos energia hidrel\u00e9trica por meio de uma instala\u00e7\u00e3o em Dayton, Illinois. Essa instala\u00e7\u00e3o produz aproximadamente 18.000 megawatts-hora anualmente, o que \u00e9 suficiente para abastecer cerca de 1.500 casas.<\/p>\n\n\t\t<\/div>\n\t<\/div>\n<\/div><\/div><\/div><div class=\"wpb_column vc_column_container vc_col-sm-6\"><div class=\"vc_column-inner\"><div class=\"wpb_wrapper\"><h4 style=\"text-align: left\" class=\"vc_custom_heading vc_do_custom_heading\" >Gera\u00e7\u00e3o de propriedade do consumidor<\/h4>\n\t<div class=\"wpb_text_column wpb_content_element\" >\n\t\t<div class=\"wpb_wrapper\">\n\t\t\t<p>Com mais de quatro megawatts de capacidade renov\u00e1vel de membro-consumidor em vigor em nossas comunidades em Indiana e Illinois, temos visto um interesse crescente na gera\u00e7\u00e3o de propriedade do consumidor por parte dos moradores e empresas que atendemos. Muitos est\u00e3o escolhendo instalar fontes de energia renov\u00e1veis em suas pr\u00f3prias propriedades. Conforme vemos o interesse crescer, implementamos diretrizes para gera\u00e7\u00e3o distribu\u00edda residencial e desenvolvemos fatores que os consumidores devem considerar ao investir em energias renov\u00e1veis.<\/p>\n\n\t\t<\/div>\n\t<\/div>\n<\/div><\/div><\/div><\/div><div class=\"vc_row wpb_row vc_inner vc_row-fluid\"><div class=\"wpb_column vc_column_container vc_col-sm-6\"><div class=\"vc_column-inner\"><div class=\"wpb_wrapper\"><h4 style=\"text-align: left\" class=\"vc_custom_heading vc_do_custom_heading\" >Energias renov\u00e1veis para organiza\u00e7\u00f5es comerciais e industriais<\/h4>\n\t<div class=\"wpb_text_column wpb_content_element\" >\n\t\t<div class=\"wpb_wrapper\">\n\t\t\t<p>Para empresas que buscam energia renov\u00e1vel para alimentar opera\u00e7\u00f5es comerciais e industriais, temos v\u00e1rias op\u00e7\u00f5es em vigor. Elas incluem projetos constru\u00eddos e de propriedade da Hoosier Energy, projetos constru\u00eddos por membros, cr\u00e9ditos de energia renov\u00e1vel e an\u00e1lise de energia renov\u00e1vel. Por meio desses programas, estamos ajudando a comunidade empresarial a atingir suas pr\u00f3prias metas de redu\u00e7\u00e3o de carbono.<\/p>\n\n\t\t<\/div>\n\t<\/div>\n<\/div><\/div><\/div><div class=\"wpb_column vc_column_container vc_col-sm-6\"><div class=\"vc_column-inner\"><div class=\"wpb_wrapper\"><h4 style=\"text-align: left\" class=\"vc_custom_heading vc_do_custom_heading\" >Ve\u00edculos el\u00e9tricos<\/h4>\n\t<div class=\"wpb_text_column wpb_content_element\" >\n\t\t<div class=\"wpb_wrapper\">\n\t\t\t<p>Para ajudar a promover a ado\u00e7\u00e3o de ve\u00edculos el\u00e9tricos (VEs), a Hoosier Energy desenvolveu o programa. Por meio do programa, os membros que compram um VE podem se inscrever para receber um carregador de VE gratuito. Por meio dessa iniciativa, estamos aumentando a infraestrutura de energia renov\u00e1vel em Indiana e Illinois e ajudando a educar os consumidores sobre os benef\u00edcios dos VEs. Tamb\u00e9m fornecemos detalhes e informa\u00e7\u00f5es \u00fateis por meio da se\u00e7\u00e3o Choose EV do <a href=\"https:\/\/WhyElectrify.com\" target=\"_blank\" rel=\"noopener\">Por queElectrify.com<\/a>.<\/p>\n\n\t\t<\/div>\n\t<\/div>\n<\/div><\/div><\/div><\/div><\/div><\/div><\/div><\/div><div class=\"vc_row wpb_row vc_row-fluid\"><div class=\"wpb_column vc_column_container vc_col-sm-12\"><div class=\"vc_column-inner\"><div class=\"wpb_wrapper\"><div class=\"ult-spacer spacer-69e9f0273cbb2\" data-id=\"69e9f0273cbb2\" data-height=\"50\" data-height-mobile=\"25\" data-height-tab=\"35\" data-height-tab-portrait=\"35\" data-height-mobile-landscape=\"25\" style=\"clear:both;display:block;\"><\/div><\/div><\/div><\/div><\/div><div data-vc-full-width=\"true\" data-vc-full-width-temp=\"true\" data-vc-full-width-init=\"false\" class=\"vc_row wpb_row vc_row-fluid\"><style type=\"text\/css\" data-type=\"vc_shortcodes-default-css\">.vc_do_custom_heading{margin-bottom:0.625rem;margin-top:0;}.vc_do_btn{margin-bottom:22px;}<\/style><style type=\"text\/css\" data-type=\"vc_shortcodes-custom-css\">.vc_custom_1659638016356{background-image: url(https:\/\/hoosierenergy.com\/wp-content\/uploads\/2022\/08\/Join-Our-Team-Header-01-sigmund-4khkLZuJEYI-unsplash-11.jpg?id=6840) !important;}<\/style><div class=\"wpb_column vc_column_container vc_col-sm-12\"><div class=\"vc_column-inner\"><div class=\"wpb_wrapper\"><div class=\"wpb-content-wrapper\"><div id=\"joinourteam\" data-vc-full-width=\"true\" data-vc-full-width-temp=\"true\" data-vc-full-width-init=\"false\" class=\"vc_row wpb_row vc_row-fluid vc_custom_1659638016356 vc_row-has-fill\"><div class=\"wpb_column vc_column_container vc_col-sm-12 vc_col-md-offset-2 vc_col-md-8\"><div class=\"vc_column-inner\"><div class=\"wpb_wrapper\"><div class=\"ult-spacer spacer-69e9f0273ee2a\" data-id=\"69e9f0273ee2a\" data-height=\"150\" data-height-mobile=\"75\" data-height-tab=\"100\" data-height-tab-portrait=\"100\" data-height-mobile-landscape=\"75\" style=\"clear:both;display:block;\"><\/div><h2 style=\"color: #ffffff;text-align: center\" class=\"vc_custom_heading vc_do_custom_heading\" >JUNTE-SE \u00c0 NOSSA EQUIPE<\/h2><div class=\"ult-spacer spacer-69e9f0273f10c\" data-id=\"69e9f0273f10c\" data-height=\"10\" data-height-mobile=\"5\" data-height-tab=\"10\" data-height-tab-portrait=\"10\" data-height-mobile-landscape=\"5\" style=\"clear:both;display:block;\"><\/div><div class=\"vc_row wpb_row vc_inner vc_row-fluid vc_row-o-equal-height vc_row-o-content-middle vc_row-flex\"><div class=\"center wpb_column vc_column_container vc_col-sm-12 vc_col-md-offset-2 vc_col-md-8\"><div class=\"vc_column-inner\"><div class=\"wpb_wrapper\">\n\t<div class=\"wpb_text_column wpb_content_element\" >\n\t\t<div class=\"wpb_wrapper\">\n\t\t\t<p style=\"text-align: center;\"><span style=\"color: #ffffff;\">Procurando uma oportunidade de construir uma carreira em uma organiza\u00e7\u00e3o que valoriza seus funcion\u00e1rios? Ajude-nos a criar um futuro mais brilhante para as comunidades que servimos e construa uma carreira na Hoosier Energy.<\/span><\/p>\n\n\t\t<\/div>\n\t<\/div>\n<\/div><\/div><\/div><\/div><div class=\"vc_row wpb_row vc_inner vc_row-fluid vc_row-o-equal-height vc_row-o-content-middle vc_row-flex\"><div class=\"center wpb_column vc_column_container vc_col-sm-12 vc_col-md-offset-3 vc_col-md-6\"><div class=\"vc_column-inner\"><div class=\"wpb_wrapper\"><div class=\"vc_btn3-container vc_btn3-inline\" ><a style=\"background-color:#0071af; color:#f5ff12;\" class=\"vc_general vc_btn3 vc_btn3-size-md vc_btn3-shape-square vc_btn3-style-custom\" href=\"\/pt\/careers\/\" title=\"PESQUISAR EMPREGOS\">PESQUISAR EMPREGOS<\/a><\/div><\/div><\/div><\/div><\/div><div class=\"ult-spacer spacer-69e9f027400c0\" data-id=\"69e9f027400c0\" data-height=\"150\" data-height-mobile=\"75\" data-height-tab=\"100\" data-height-tab-portrait=\"100\" data-height-mobile-landscape=\"75\" style=\"clear:both;display:block;\"><\/div><\/div><\/div><\/div><\/div><div class=\"vc_row-full-width vc_clearfix\"><\/div>\n<\/div><style type=\"text\/css\" data-type=\"rcb-_wpb_shortcodes_custom_css-60\">.vc_custom_1659638016356{background-image: url(https:\/\/hoosierenergy.com\/wp-content\/uploads\/2022\/08\/Join-Our-Team-Header-01-sigmund-4khkLZuJEYI-unsplash-11.jpg?id=6840) !important;}<\/style><\/div><\/div><\/div><\/div><div class=\"vc_row-full-width vc_clearfix\"><\/div>\n<\/div>","protected":false},"excerpt":{"rendered":"<p>Os recursos renov\u00e1veis da Hoosier Energy est\u00e3o nos ajudando a atender \u00e0s crescentes necessidades de energia de nossas cooperativas associadas em Indiana e Illinois. Nos \u00faltimos anos, o portf\u00f3lio da Hoosier Energy cresceu e se diversificou substancialmente para atender \u00e0s necessidades dos associados e gerenciar riscos de forma eficaz. A energia renov\u00e1vel desempenhou um papel importante em nos ajudar a acomodar esse crescimento, e\u2026<\/p>","protected":false},"author":1,"featured_media":7211,"parent":163,"menu_order":0,"comment_status":"closed","ping_status":"closed","template":"","meta":{"_acf_changed":false,"footnotes":""},"class_list":["post-166","page","type-page","status-publish","has-post-thumbnail","hentry","description-off"],"acf":[],"yoast_head":"<!-- This site is optimized with the Yoast SEO plugin v27.4 - https:\/\/yoast.com\/product\/yoast-seo-wordpress\/ -->\r\n<title>Renewable Energy | Hoosier Energy | Our Community<\/title>\r\n<meta name=\"description\" content=\"See how we&#039;re using renewable energy resources like wind and solar to meet the growing needs of our 17 member cooperatives.\" \/>\r\n<meta name=\"robots\" content=\"index, follow, max-snippet:-1, max-image-preview:large, max-video-preview:-1\" \/>\r\n<link rel=\"canonical\" href=\"https:\/\/www.hoosierenergy.com\/pt\/our-cooperative\/energy-strategy\/renewable-energy\/\" \/>\r\n<meta property=\"og:locale\" content=\"pt_PT\" \/>\r\n<meta property=\"og:type\" content=\"article\" \/>\r\n<meta property=\"og:title\" content=\"Renewable Energy | Hoosier Energy | Our Community\" \/>\r\n<meta property=\"og:description\" content=\"See how we&#039;re using renewable energy resources like wind and solar to meet the growing needs of our 17 member cooperatives.\" \/>\r\n<meta property=\"og:url\" content=\"https:\/\/www.hoosierenergy.com\/pt\/our-cooperative\/energy-strategy\/renewable-energy\/\" \/>\r\n<meta property=\"og:site_name\" content=\"Hoosier Energy\" \/>\r\n<meta property=\"article:publisher\" content=\"https:\/\/www.facebook.com\/HoosierEnergy\" \/>\r\n<meta property=\"article:modified_time\" content=\"2025-10-02T14:04:04+00:00\" \/>\r\n<meta property=\"og:image\" content=\"https:\/\/www.hoosierenergy.com\/wp-content\/uploads\/2022\/09\/Renewables-Header.jpg\" \/>\r\n\t<meta property=\"og:image:width\" content=\"1920\" \/>\r\n\t<meta property=\"og:image:height\" content=\"400\" \/>\r\n\t<meta property=\"og:image:type\" content=\"image\/jpeg\" \/>\r\n<meta name=\"twitter:card\" content=\"summary_large_image\" \/>\r\n<meta name=\"twitter:site\" content=\"@hoosierenergy\" \/>\r\n<meta name=\"twitter:label1\" content=\"Tempo estimado de leitura\" \/>\n\t<meta name=\"twitter:data1\" content=\"4 minutos\" \/>\r\n<script type=\"application\/ld+json\" class=\"yoast-schema-graph\">{\"@context\":\"https:\\\/\\\/schema.org\",\"@graph\":[{\"@type\":\"WebPage\",\"@id\":\"https:\\\/\\\/www.hoosierenergy.com\\\/our-cooperative\\\/energy-strategy\\\/renewable-energy\\\/\",\"url\":\"https:\\\/\\\/www.hoosierenergy.com\\\/our-cooperative\\\/energy-strategy\\\/renewable-energy\\\/\",\"name\":\"Renewable Energy | Hoosier Energy | Our Community\",\"isPartOf\":{\"@id\":\"https:\\\/\\\/www.hoosierenergy.com\\\/#website\"},\"primaryImageOfPage\":{\"@id\":\"https:\\\/\\\/www.hoosierenergy.com\\\/our-cooperative\\\/energy-strategy\\\/renewable-energy\\\/#primaryimage\"},\"image\":{\"@id\":\"https:\\\/\\\/www.hoosierenergy.com\\\/our-cooperative\\\/energy-strategy\\\/renewable-energy\\\/#primaryimage\"},\"thumbnailUrl\":\"https:\\\/\\\/www.hoosierenergy.com\\\/wp-content\\\/uploads\\\/2022\\\/09\\\/Renewables-Header.jpg\",\"datePublished\":\"2022-07-29T02:07:33+00:00\",\"dateModified\":\"2025-10-02T14:04:04+00:00\",\"description\":\"See how we're using renewable energy resources like wind and solar to meet the growing needs of our 17 member cooperatives.\",\"breadcrumb\":{\"@id\":\"https:\\\/\\\/www.hoosierenergy.com\\\/our-cooperative\\\/energy-strategy\\\/renewable-energy\\\/#breadcrumb\"},\"inLanguage\":\"pt-PT\",\"potentialAction\":[{\"@type\":\"ReadAction\",\"target\":[\"https:\\\/\\\/www.hoosierenergy.com\\\/our-cooperative\\\/energy-strategy\\\/renewable-energy\\\/\"]}]},{\"@type\":\"ImageObject\",\"inLanguage\":\"pt-PT\",\"@id\":\"https:\\\/\\\/www.hoosierenergy.com\\\/our-cooperative\\\/energy-strategy\\\/renewable-energy\\\/#primaryimage\",\"url\":\"https:\\\/\\\/www.hoosierenergy.com\\\/wp-content\\\/uploads\\\/2022\\\/09\\\/Renewables-Header.jpg\",\"contentUrl\":\"https:\\\/\\\/www.hoosierenergy.com\\\/wp-content\\\/uploads\\\/2022\\\/09\\\/Renewables-Header.jpg\",\"width\":1920,\"height\":400},{\"@type\":\"BreadcrumbList\",\"@id\":\"https:\\\/\\\/www.hoosierenergy.com\\\/our-cooperative\\\/energy-strategy\\\/renewable-energy\\\/#breadcrumb\",\"itemListElement\":[{\"@type\":\"ListItem\",\"position\":1,\"name\":\"Home\",\"item\":\"https:\\\/\\\/www.hoosierenergy.com\\\/\"},{\"@type\":\"ListItem\",\"position\":2,\"name\":\"Our Cooperative\",\"item\":\"https:\\\/\\\/www.hoosierenergy.com\\\/our-cooperative\\\/\"},{\"@type\":\"ListItem\",\"position\":3,\"name\":\"Energy Strategy\",\"item\":\"https:\\\/\\\/www.hoosierenergy.com\\\/our-cooperative\\\/energy-strategy\\\/\"},{\"@type\":\"ListItem\",\"position\":4,\"name\":\"Renewable Energy\"}]},{\"@type\":\"WebSite\",\"@id\":\"https:\\\/\\\/www.hoosierenergy.com\\\/#website\",\"url\":\"https:\\\/\\\/www.hoosierenergy.com\\\/\",\"name\":\"Hoosier Energy\",\"description\":\"Powering Community\",\"alternateName\":\"Hoosier Energy Rural Electric Cooperative, Inc.\",\"potentialAction\":[{\"@type\":\"SearchAction\",\"target\":{\"@type\":\"EntryPoint\",\"urlTemplate\":\"https:\\\/\\\/www.hoosierenergy.com\\\/?s={search_term_string}\"},\"query-input\":{\"@type\":\"PropertyValueSpecification\",\"valueRequired\":true,\"valueName\":\"search_term_string\"}}],\"inLanguage\":\"pt-PT\"}]}<\/script>\r\n<!-- \/ Yoast SEO plugin. -->","yoast_head_json":{"title":"Renewable Energy | Hoosier Energy | Our Community","description":"See how we're using renewable energy resources like wind and solar to meet the growing needs of our 17 member cooperatives.","robots":{"index":"index","follow":"follow","max-snippet":"max-snippet:-1","max-image-preview":"max-image-preview:large","max-video-preview":"max-video-preview:-1"},"canonical":"https:\/\/www.hoosierenergy.com\/pt\/our-cooperative\/energy-strategy\/renewable-energy\/","og_locale":"pt_PT","og_type":"article","og_title":"Renewable Energy | Hoosier Energy | Our Community","og_description":"See how we're using renewable energy resources like wind and solar to meet the growing needs of our 17 member cooperatives.","og_url":"https:\/\/www.hoosierenergy.com\/pt\/our-cooperative\/energy-strategy\/renewable-energy\/","og_site_name":"Hoosier Energy","article_publisher":"https:\/\/www.facebook.com\/HoosierEnergy","article_modified_time":"2025-10-02T14:04:04+00:00","og_image":[{"width":1920,"height":400,"url":"https:\/\/www.hoosierenergy.com\/wp-content\/uploads\/2022\/09\/Renewables-Header.jpg","type":"image\/jpeg"}],"twitter_card":"summary_large_image","twitter_site":"@hoosierenergy","twitter_misc":{"Tempo estimado de leitura":"4 minutos"},"schema":{"@context":"https:\/\/schema.org","@graph":[{"@type":"WebPage","@id":"https:\/\/www.hoosierenergy.com\/our-cooperative\/energy-strategy\/renewable-energy\/","url":"https:\/\/www.hoosierenergy.com\/our-cooperative\/energy-strategy\/renewable-energy\/","name":"Renewable Energy | Hoosier Energy | Our Community","isPartOf":{"@id":"https:\/\/www.hoosierenergy.com\/#website"},"primaryImageOfPage":{"@id":"https:\/\/www.hoosierenergy.com\/our-cooperative\/energy-strategy\/renewable-energy\/#primaryimage"},"image":{"@id":"https:\/\/www.hoosierenergy.com\/our-cooperative\/energy-strategy\/renewable-energy\/#primaryimage"},"thumbnailUrl":"https:\/\/www.hoosierenergy.com\/wp-content\/uploads\/2022\/09\/Renewables-Header.jpg","datePublished":"2022-07-29T02:07:33+00:00","dateModified":"2025-10-02T14:04:04+00:00","description":"See how we're using renewable energy resources like wind and solar to meet the growing needs of our 17 member cooperatives.","breadcrumb":{"@id":"https:\/\/www.hoosierenergy.com\/our-cooperative\/energy-strategy\/renewable-energy\/#breadcrumb"},"inLanguage":"pt-PT","potentialAction":[{"@type":"ReadAction","target":["https:\/\/www.hoosierenergy.com\/our-cooperative\/energy-strategy\/renewable-energy\/"]}]},{"@type":"ImageObject","inLanguage":"pt-PT","@id":"https:\/\/www.hoosierenergy.com\/our-cooperative\/energy-strategy\/renewable-energy\/#primaryimage","url":"https:\/\/www.hoosierenergy.com\/wp-content\/uploads\/2022\/09\/Renewables-Header.jpg","contentUrl":"https:\/\/www.hoosierenergy.com\/wp-content\/uploads\/2022\/09\/Renewables-Header.jpg","width":1920,"height":400},{"@type":"BreadcrumbList","@id":"https:\/\/www.hoosierenergy.com\/our-cooperative\/energy-strategy\/renewable-energy\/#breadcrumb","itemListElement":[{"@type":"ListItem","position":1,"name":"Home","item":"https:\/\/www.hoosierenergy.com\/"},{"@type":"ListItem","position":2,"name":"Our Cooperative","item":"https:\/\/www.hoosierenergy.com\/our-cooperative\/"},{"@type":"ListItem","position":3,"name":"Energy Strategy","item":"https:\/\/www.hoosierenergy.com\/our-cooperative\/energy-strategy\/"},{"@type":"ListItem","position":4,"name":"Renewable Energy"}]},{"@type":"WebSite","@id":"https:\/\/www.hoosierenergy.com\/#website","url":"https:\/\/www.hoosierenergy.com\/","name":"Energia Hoosier","description":"Alimentando a Comunidade","alternateName":"Hoosier Energy Rural Electric Cooperative, Inc.","potentialAction":[{"@type":"SearchAction","target":{"@type":"EntryPoint","urlTemplate":"https:\/\/www.hoosierenergy.com\/?s={search_term_string}"},"query-input":{"@type":"PropertyValueSpecification","valueRequired":true,"valueName":"search_term_string"}}],"inLanguage":"pt-PT"}]}},"_links":{"self":[{"href":"https:\/\/www.hoosierenergy.com\/pt\/wp-json\/wp\/v2\/pages\/166","targetHints":{"allow":["GET"]}}],"collection":[{"href":"https:\/\/www.hoosierenergy.com\/pt\/wp-json\/wp\/v2\/pages"}],"about":[{"href":"https:\/\/www.hoosierenergy.com\/pt\/wp-json\/wp\/v2\/types\/page"}],"author":[{"embeddable":true,"href":"https:\/\/www.hoosierenergy.com\/pt\/wp-json\/wp\/v2\/users\/1"}],"replies":[{"embeddable":true,"href":"https:\/\/www.hoosierenergy.com\/pt\/wp-json\/wp\/v2\/comments?post=166"}],"version-history":[{"count":0,"href":"https:\/\/www.hoosierenergy.com\/pt\/wp-json\/wp\/v2\/pages\/166\/revisions"}],"up":[{"embeddable":true,"href":"https:\/\/www.hoosierenergy.com\/pt\/wp-json\/wp\/v2\/pages\/163"}],"wp:featuredmedia":[{"embeddable":true,"href":"https:\/\/www.hoosierenergy.com\/pt\/wp-json\/wp\/v2\/media\/7211"}],"wp:attachment":[{"href":"https:\/\/www.hoosierenergy.com\/pt\/wp-json\/wp\/v2\/media?parent=166"}],"curies":[{"name":"wp","href":"https:\/\/api.w.org\/{rel}","templated":true}]}}