{"id":163,"date":"2022-07-29T01:32:09","date_gmt":"2022-07-29T01:32:09","guid":{"rendered":"https:\/\/hoosierenerstg.wpengine.com\/?page_id=163"},"modified":"2022-11-23T01:40:35","modified_gmt":"2022-11-23T01:40:35","slug":"energy-strategy","status":"publish","type":"page","link":"https:\/\/www.hoosierenergy.com\/pt\/our-cooperative\/energy-strategy\/","title":{"rendered":"Estrat\u00e9gia Energ\u00e9tica"},"content":{"rendered":"<div class=\"wpb-content-wrapper\"><div class=\"vc_row wpb_row vc_row-fluid negativetopmargin vc_custom_1654014318664 vc_row-has-fill\"><div class=\"wpb_column vc_column_container vc_col-sm-12 vc_col-md-offset-2 vc_col-md-8\"><div class=\"vc_column-inner\"><div class=\"wpb_wrapper\"><div class=\"ult-spacer spacer-69e82ed249d68\" data-id=\"69e82ed249d68\" data-height=\"50\" data-height-mobile=\"20\" data-height-tab=\"30\" data-height-tab-portrait=\"30\" data-height-mobile-landscape=\"20\" style=\"clear:both;display:block;\"><\/div><h2 style=\"text-align: center\" class=\"vc_custom_heading vc_do_custom_heading\" >Nossa estrat\u00e9gia energ\u00e9tica incorpora uma variedade de fontes de energia, garantindo energia est\u00e1vel e acess\u00edvel para as comunidades que atendemos<\/h2>\n\t<div class=\"wpb_text_column wpb_content_element\" >\n\t\t<div class=\"wpb_wrapper\">\n\t\t\t<p style=\"text-align: center;\">Para equilibrar os n\u00edveis vari\u00e1veis de demanda por eletricidade, ao mesmo tempo em que asseguramos energia confi\u00e1vel e consistente, a Hoosier Energy gerencia uma ampla gama de fontes de gera\u00e7\u00e3o. \u00c0 medida que diversificamos nossa estrat\u00e9gia de energia, estamos incorporando instala\u00e7\u00f5es menores para fornecer energia \u00e0 rede el\u00e9trica cada vez mais complexa, expandindo nosso uso de fontes de energia limpa no processo. A maneira como desenvolvemos e utilizamos fontes de fornecimento de energia continua a mudar com base nas necessidades de nossas cooperativas associadas.<\/p>\n<p style=\"text-align: center;\">Nossa estrat\u00e9gia de energia mudou substancialmente nas \u00faltimas duas d\u00e9cadas. Entre 2000 e 2020, aumentamos o tamanho do nosso portf\u00f3lio em aproximadamente 41%. Tamb\u00e9m incorporamos energia limpa \u00e0 nossa estrat\u00e9gia, estabelecendo uma meta de produ\u00e7\u00e3o de energia renov\u00e1vel de 10% at\u00e9 2025, o que resultou na adi\u00e7\u00e3o de energia e\u00f3lica, solar, g\u00e1s de aterro, energia hidrel\u00e9trica e outras iniciativas. Tamb\u00e9m adicionamos g\u00e1s natural para diminuir nossa depend\u00eancia do carv\u00e3o e adicionamos acordos de compra de energia com outros fornecedores de energia para reduzir o risco operacional. Nos pr\u00f3ximos anos, planejamos continuar integrando energia limpa \u00e0 nossa estrat\u00e9gia mais ampla.<\/p>\n\n\t\t<\/div>\n\t<\/div>\n<div class=\"ult-spacer spacer-69e82ed24a78a\" data-id=\"69e82ed24a78a\" data-height=\"50\" data-height-mobile=\"25\" data-height-tab=\"35\" data-height-tab-portrait=\"35\" data-height-mobile-landscape=\"25\" style=\"clear:both;display:block;\"><\/div><\/div><\/div><\/div><\/div><div data-vc-full-width=\"true\" data-vc-full-width-temp=\"true\" data-vc-full-width-init=\"false\" data-vc-stretch-content=\"true\" class=\"vc_row wpb_row vc_row-fluid\"><div class=\"wpb_column vc_column_container vc_col-sm-12 vc_col-has-fill\"><div class=\"vc_column-inner vc_custom_1653007235698\"><div class=\"wpb_wrapper\"><div class=\"vc_row wpb_row vc_inner vc_row-fluid vc_row-o-equal-height vc_row-o-content-middle vc_row-flex\"><div class=\"wpb_column vc_column_container vc_col-sm-6 vc_col-has-fill\"><div class=\"vc_column-inner vc_custom_1663678262131\"><div class=\"wpb_wrapper\"><\/div><\/div><\/div><div class=\"wpb_column vc_column_container vc_col-sm-4\"><div class=\"vc_column-inner vc_custom_1653418144460\"><div class=\"wpb_wrapper\"><div class=\"ult-spacer spacer-69e82ed24beb3\" data-id=\"69e82ed24beb3\" data-height=\"150\" data-height-mobile=\"50\" data-height-tab=\"75\" data-height-tab-portrait=\"75\" data-height-mobile-landscape=\"50\" style=\"clear:both;display:block;\"><\/div><h2 style=\"color: #ffffff;text-align: left\" class=\"vc_custom_heading vc_do_custom_heading light-headline\" >Nossa mistura de gera\u00e7\u00f5es<\/h2>\n\t<div class=\"wpb_text_column wpb_content_element\" >\n\t\t<div class=\"wpb_wrapper\">\n\t\t\t<p><span style=\"color: #ffffff;\">A Hoosier Energy mant\u00e9m uma ampla gama de instala\u00e7\u00f5es de gera\u00e7\u00e3o que ajudam a cumprir nossa estrat\u00e9gia de energia. Estamos comprometidos em otimizar nosso portf\u00f3lio de gera\u00e7\u00e3o para sustentar a confiabilidade a pre\u00e7os acess\u00edveis, enquanto continuamos a dar suporte \u00e0 nossa transi\u00e7\u00e3o para uma rede diversificada e limpa. Nossos recursos de gera\u00e7\u00e3o tamb\u00e9m ajudam a reduzir nossa depend\u00eancia de energia comprada, ao mesmo tempo em que criam oportunidades de desenvolvimento econ\u00f4mico para as comunidades que atendemos.<\/span><\/p>\n\n\t\t<\/div>\n\t<\/div>\n<div class=\"vc_btn3-container vc_btn3-inline\" ><a style=\"background-color:#0071af; color:#f5ff12;\" class=\"vc_general vc_btn3 vc_btn3-size-md vc_btn3-shape-square vc_btn3-style-custom\" href=\"\/pt\/our-cooperative\/energy-strategy\/generation-facilities\/\" title=\"SABER MAIS\">SABER MAIS<\/a><\/div><div class=\"ult-spacer spacer-69e82ed24c796\" data-id=\"69e82ed24c796\" data-height=\"150\" data-height-mobile=\"50\" data-height-tab=\"75\" data-height-tab-portrait=\"75\" data-height-mobile-landscape=\"50\" style=\"clear:both;display:block;\"><\/div><\/div><\/div><\/div><\/div><\/div><\/div><\/div><\/div><div class=\"vc_row-full-width vc_clearfix\"><\/div><div data-vc-full-width=\"true\" data-vc-full-width-temp=\"true\" data-vc-full-width-init=\"false\" data-vc-stretch-content=\"true\" class=\"vc_row wpb_row vc_row-fluid\"><div class=\"wpb_column vc_column_container vc_col-sm-12 vc_col-has-fill\"><div class=\"vc_column-inner vc_custom_1652967912356\"><div class=\"wpb_wrapper\"><div class=\"vc_row wpb_row vc_inner vc_row-fluid swap-on-mobile vc_row-o-equal-height vc_row-o-content-middle vc_row-flex\"><div class=\"wpb_column vc_column_container vc_col-sm-6 vc_col-lg-offset-2 vc_col-lg-4\"><div class=\"vc_column-inner vc_custom_1653418170471\"><div class=\"wpb_wrapper\"><div class=\"ult-spacer spacer-69e82ed24d3b4\" data-id=\"69e82ed24d3b4\" data-height=\"150\" data-height-mobile=\"50\" data-height-tab=\"75\" data-height-tab-portrait=\"75\" data-height-mobile-landscape=\"50\" style=\"clear:both;display:block;\"><\/div><h2 style=\"text-align: left\" class=\"vc_custom_heading vc_do_custom_heading light-headline\" >Uma rede de transmiss\u00e3o resiliente<\/h2>\n\t<div class=\"wpb_text_column wpb_content_element\" >\n\t\t<div class=\"wpb_wrapper\">\n\t\t\t<p>Uma rede de transmiss\u00e3o confi\u00e1vel \u00e9 um componente essencial da nossa miss\u00e3o e estrat\u00e9gia energ\u00e9tica. A Hoosier Energy est\u00e1 tomando medidas proativas para garantir a estabilidade cont\u00ednua do nosso sistema de transmiss\u00e3o, que inclui mais de 1.700 milhas de linhas de transmiss\u00e3o, 25 subesta\u00e7\u00f5es prim\u00e1rias e aproximadamente 250 subesta\u00e7\u00f5es de distribui\u00e7\u00e3o e pontos de entrega.<\/p>\n\n\t\t<\/div>\n\t<\/div>\n<div class=\"vc_btn3-container vc_btn3-inline\" ><a style=\"background-color:#0071af; color:#f5ff12;\" class=\"vc_general vc_btn3 vc_btn3-size-md vc_btn3-shape-square vc_btn3-style-custom\" href=\"\/pt\/our-cooperative\/energy-strategy\/grid-infrastructure\/\" title=\"SABER MAIS\">SABER MAIS<\/a><\/div><div class=\"ult-spacer spacer-69e82ed24db2b\" data-id=\"69e82ed24db2b\" data-height=\"150\" data-height-mobile=\"50\" data-height-tab=\"75\" data-height-tab-portrait=\"75\" data-height-mobile-landscape=\"50\" style=\"clear:both;display:block;\"><\/div><\/div><\/div><\/div><div class=\"wpb_column vc_column_container vc_col-sm-6 vc_col-has-fill\"><div class=\"vc_column-inner vc_custom_1663458371902\"><div class=\"wpb_wrapper\"><\/div><\/div><\/div><\/div><\/div><\/div><\/div><\/div><div class=\"vc_row-full-width vc_clearfix\"><\/div><div data-vc-full-width=\"true\" data-vc-full-width-temp=\"true\" data-vc-full-width-init=\"false\" data-vc-stretch-content=\"true\" class=\"vc_row wpb_row vc_row-fluid\"><div class=\"wpb_column vc_column_container vc_col-sm-12 vc_col-has-fill\"><div class=\"vc_column-inner vc_custom_1653007217691\"><div class=\"wpb_wrapper\"><div class=\"vc_row wpb_row vc_inner vc_row-fluid vc_row-o-equal-height vc_row-o-content-middle vc_row-flex\"><div class=\"wpb_column vc_column_container vc_col-sm-6 vc_col-has-fill\"><div class=\"vc_column-inner vc_custom_1663458382327\"><div class=\"wpb_wrapper\"><\/div><\/div><\/div><div class=\"wpb_column vc_column_container vc_col-sm-4\"><div class=\"vc_column-inner vc_custom_1653418794265\"><div class=\"wpb_wrapper\"><div class=\"ult-spacer spacer-69e82ed24eb29\" data-id=\"69e82ed24eb29\" data-height=\"150\" data-height-mobile=\"50\" data-height-tab=\"75\" data-height-tab-portrait=\"75\" data-height-mobile-landscape=\"50\" style=\"clear:both;display:block;\"><\/div><h2 style=\"color: #ffffff;text-align: left\" class=\"vc_custom_heading vc_do_custom_heading light-headline\" >\u00canfase crescente em nossa estrat\u00e9gia de energia limpa<\/h2>\n\t<div class=\"wpb_text_column wpb_content_element\" >\n\t\t<div class=\"wpb_wrapper\">\n\t\t\t<p><span style=\"color: #ffffff;\">\u00c0 medida que a Hoosier Energy continua a focar na diversifica\u00e7\u00e3o de recursos, estabilidade e acessibilidade, nosso uso de renov\u00e1veis aumentar\u00e1. Nossa estrat\u00e9gia de energia limpa incorpora uma gama de programas renov\u00e1veis, incluindo energia solar, e\u00f3lica, hidrel\u00e9trica e g\u00e1s metano de aterro. Veja como estamos planejando o futuro.<\/span><\/p>\n\n\t\t<\/div>\n\t<\/div>\n<div class=\"vc_btn3-container vc_btn3-inline\" ><a onmouseleave=\"this.style.borderColor='#f5ff12'; this.style.backgroundColor='transparent'; this.style.color='#f5ff12'\" onmouseenter=\"this.style.borderColor='#f5ff12'; this.style.backgroundColor='#f5ff12'; this.style.color='#0071af';\" style=\"border-color:#f5ff12; color:#f5ff12;\" class=\"vc_general vc_btn3 vc_btn3-size-md vc_btn3-shape-square vc_btn3-style-outline-custom\" href=\"\/pt\/our-cooperative\/energy-strategy\/renewable-energy\/\" title=\"SABER MAIS\">SABER MAIS<\/a><\/div><div class=\"ult-spacer spacer-69e82ed24f29b\" data-id=\"69e82ed24f29b\" data-height=\"150\" data-height-mobile=\"50\" data-height-tab=\"75\" data-height-tab-portrait=\"75\" data-height-mobile-landscape=\"50\" style=\"clear:both;display:block;\"><\/div><\/div><\/div><\/div><\/div><\/div><\/div><\/div><\/div><div class=\"vc_row-full-width vc_clearfix\"><\/div><div data-vc-full-width=\"true\" data-vc-full-width-temp=\"true\" data-vc-full-width-init=\"false\" class=\"vc_row wpb_row vc_row-fluid\"><style type=\"text\/css\" data-type=\"vc_shortcodes-default-css\">.vc_do_custom_heading{margin-bottom:0.625rem;margin-top:0;}.vc_do_btn{margin-bottom:22px;}<\/style><style type=\"text\/css\" data-type=\"vc_shortcodes-custom-css\">.vc_custom_1659638016356{background-image: url(https:\/\/hoosierenergy.com\/wp-content\/uploads\/2022\/08\/Join-Our-Team-Header-01-sigmund-4khkLZuJEYI-unsplash-11.jpg?id=6840) !important;}<\/style><div class=\"wpb_column vc_column_container vc_col-sm-12\"><div class=\"vc_column-inner\"><div class=\"wpb_wrapper\"><div class=\"wpb-content-wrapper\"><div id=\"joinourteam\" data-vc-full-width=\"true\" data-vc-full-width-temp=\"true\" data-vc-full-width-init=\"false\" class=\"vc_row wpb_row vc_row-fluid vc_custom_1659638016356 vc_row-has-fill\"><div class=\"wpb_column vc_column_container vc_col-sm-12 vc_col-md-offset-2 vc_col-md-8\"><div class=\"vc_column-inner\"><div class=\"wpb_wrapper\"><div class=\"ult-spacer spacer-69e82ed251a19\" data-id=\"69e82ed251a19\" data-height=\"150\" data-height-mobile=\"75\" data-height-tab=\"100\" data-height-tab-portrait=\"100\" data-height-mobile-landscape=\"75\" style=\"clear:both;display:block;\"><\/div><h2 style=\"color: #ffffff;text-align: center\" class=\"vc_custom_heading vc_do_custom_heading\" >JUNTE-SE \u00c0 NOSSA EQUIPE<\/h2><div class=\"ult-spacer spacer-69e82ed251cc3\" data-id=\"69e82ed251cc3\" data-height=\"10\" data-height-mobile=\"5\" data-height-tab=\"10\" data-height-tab-portrait=\"10\" data-height-mobile-landscape=\"5\" style=\"clear:both;display:block;\"><\/div><div class=\"vc_row wpb_row vc_inner vc_row-fluid vc_row-o-equal-height vc_row-o-content-middle vc_row-flex\"><div class=\"center wpb_column vc_column_container vc_col-sm-12 vc_col-md-offset-2 vc_col-md-8\"><div class=\"vc_column-inner\"><div class=\"wpb_wrapper\">\n\t<div class=\"wpb_text_column wpb_content_element\" >\n\t\t<div class=\"wpb_wrapper\">\n\t\t\t<p style=\"text-align: center;\"><span style=\"color: #ffffff;\">Procurando uma oportunidade de construir uma carreira em uma organiza\u00e7\u00e3o que valoriza seus funcion\u00e1rios? Ajude-nos a criar um futuro mais brilhante para as comunidades que servimos e construa uma carreira na Hoosier Energy.<\/span><\/p>\n\n\t\t<\/div>\n\t<\/div>\n<\/div><\/div><\/div><\/div><div class=\"vc_row wpb_row vc_inner vc_row-fluid vc_row-o-equal-height vc_row-o-content-middle vc_row-flex\"><div class=\"center wpb_column vc_column_container vc_col-sm-12 vc_col-md-offset-3 vc_col-md-6\"><div class=\"vc_column-inner\"><div class=\"wpb_wrapper\"><div class=\"vc_btn3-container vc_btn3-inline\" ><a style=\"background-color:#0071af; color:#f5ff12;\" class=\"vc_general vc_btn3 vc_btn3-size-md vc_btn3-shape-square vc_btn3-style-custom\" href=\"\/pt\/careers\/\" title=\"PESQUISAR EMPREGOS\">PESQUISAR EMPREGOS<\/a><\/div><\/div><\/div><\/div><\/div><div class=\"ult-spacer spacer-69e82ed252cbc\" data-id=\"69e82ed252cbc\" data-height=\"150\" data-height-mobile=\"75\" data-height-tab=\"100\" data-height-tab-portrait=\"100\" data-height-mobile-landscape=\"75\" style=\"clear:both;display:block;\"><\/div><\/div><\/div><\/div><\/div><div class=\"vc_row-full-width vc_clearfix\"><\/div>\n<\/div><style type=\"text\/css\" data-type=\"rcb-_wpb_shortcodes_custom_css-60\">.vc_custom_1659638016356{background-image: url(https:\/\/hoosierenergy.com\/wp-content\/uploads\/2022\/08\/Join-Our-Team-Header-01-sigmund-4khkLZuJEYI-unsplash-11.jpg?id=6840) !important;}<\/style><\/div><\/div><\/div><\/div><div class=\"vc_row-full-width vc_clearfix\"><\/div>\n<\/div>","protected":false},"excerpt":{"rendered":"<p>Nossa estrat\u00e9gia energ\u00e9tica incorpora uma gama de fontes de energia, garantindo energia est\u00e1vel e acess\u00edvel para as comunidades que atendemos. Para equilibrar os n\u00edveis vari\u00e1veis de demanda por eletricidade, ao mesmo tempo em que asseguramos energia confi\u00e1vel e consistente, a Hoosier Energy gerencia uma ampla gama de fontes de gera\u00e7\u00e3o. \u00c0 medida que diversificamos nossa estrat\u00e9gia energ\u00e9tica, estamos incorporando instala\u00e7\u00f5es menores para fornecer energia para\u2026<\/p>","protected":false},"author":1,"featured_media":7205,"parent":22,"menu_order":0,"comment_status":"closed","ping_status":"closed","template":"","meta":{"_acf_changed":false,"footnotes":""},"class_list":["post-163","page","type-page","status-publish","has-post-thumbnail","hentry","description-off"],"acf":[],"yoast_head":"<!-- This site is optimized with the Yoast SEO plugin v27.4 - https:\/\/yoast.com\/product\/yoast-seo-wordpress\/ -->\r\n<title>Energy Strategy | Hoosier Energy | Stable, Affordable Power<\/title>\r\n<meta name=\"description\" content=\"Our energy strategy is structured to ensure reliable power generation and transmission. Learn more about how we&#039;re delivering affordable, stable power.\" \/>\r\n<meta name=\"robots\" content=\"index, follow, max-snippet:-1, max-image-preview:large, max-video-preview:-1\" \/>\r\n<link rel=\"canonical\" href=\"https:\/\/www.hoosierenergy.com\/pt\/our-cooperative\/energy-strategy\/\" \/>\r\n<meta property=\"og:locale\" content=\"pt_PT\" \/>\r\n<meta property=\"og:type\" content=\"article\" \/>\r\n<meta property=\"og:title\" content=\"Energy Strategy | Hoosier Energy | Stable, Affordable Power\" \/>\r\n<meta property=\"og:description\" content=\"Our energy strategy is structured to ensure reliable power generation and transmission. Learn more about how we&#039;re delivering affordable, stable power.\" \/>\r\n<meta property=\"og:url\" content=\"https:\/\/www.hoosierenergy.com\/pt\/our-cooperative\/energy-strategy\/\" \/>\r\n<meta property=\"og:site_name\" content=\"Hoosier Energy\" \/>\r\n<meta property=\"article:publisher\" content=\"https:\/\/www.facebook.com\/HoosierEnergy\" \/>\r\n<meta property=\"article:modified_time\" content=\"2022-11-23T01:40:35+00:00\" \/>\r\n<meta property=\"og:image\" content=\"https:\/\/www.hoosierenergy.com\/wp-content\/uploads\/2022\/09\/EnergyStrategy-Header.jpg\" \/>\r\n\t<meta property=\"og:image:width\" content=\"1920\" \/>\r\n\t<meta property=\"og:image:height\" content=\"400\" \/>\r\n\t<meta property=\"og:image:type\" content=\"image\/jpeg\" \/>\r\n<meta name=\"twitter:card\" content=\"summary_large_image\" \/>\r\n<meta name=\"twitter:site\" content=\"@hoosierenergy\" \/>\r\n<meta name=\"twitter:label1\" content=\"Tempo estimado de leitura\" \/>\n\t<meta name=\"twitter:data1\" content=\"3 minutos\" \/>\r\n<script type=\"application\/ld+json\" class=\"yoast-schema-graph\">{\"@context\":\"https:\\\/\\\/schema.org\",\"@graph\":[{\"@type\":\"WebPage\",\"@id\":\"https:\\\/\\\/www.hoosierenergy.com\\\/our-cooperative\\\/energy-strategy\\\/\",\"url\":\"https:\\\/\\\/www.hoosierenergy.com\\\/our-cooperative\\\/energy-strategy\\\/\",\"name\":\"Energy Strategy | Hoosier Energy | Stable, Affordable Power\",\"isPartOf\":{\"@id\":\"https:\\\/\\\/www.hoosierenergy.com\\\/#website\"},\"primaryImageOfPage\":{\"@id\":\"https:\\\/\\\/www.hoosierenergy.com\\\/our-cooperative\\\/energy-strategy\\\/#primaryimage\"},\"image\":{\"@id\":\"https:\\\/\\\/www.hoosierenergy.com\\\/our-cooperative\\\/energy-strategy\\\/#primaryimage\"},\"thumbnailUrl\":\"https:\\\/\\\/www.hoosierenergy.com\\\/wp-content\\\/uploads\\\/2022\\\/09\\\/EnergyStrategy-Header.jpg\",\"datePublished\":\"2022-07-29T01:32:09+00:00\",\"dateModified\":\"2022-11-23T01:40:35+00:00\",\"description\":\"Our energy strategy is structured to ensure reliable power generation and transmission. Learn more about how we're delivering affordable, stable power.\",\"breadcrumb\":{\"@id\":\"https:\\\/\\\/www.hoosierenergy.com\\\/our-cooperative\\\/energy-strategy\\\/#breadcrumb\"},\"inLanguage\":\"pt-PT\",\"potentialAction\":[{\"@type\":\"ReadAction\",\"target\":[\"https:\\\/\\\/www.hoosierenergy.com\\\/our-cooperative\\\/energy-strategy\\\/\"]}]},{\"@type\":\"ImageObject\",\"inLanguage\":\"pt-PT\",\"@id\":\"https:\\\/\\\/www.hoosierenergy.com\\\/our-cooperative\\\/energy-strategy\\\/#primaryimage\",\"url\":\"https:\\\/\\\/www.hoosierenergy.com\\\/wp-content\\\/uploads\\\/2022\\\/09\\\/EnergyStrategy-Header.jpg\",\"contentUrl\":\"https:\\\/\\\/www.hoosierenergy.com\\\/wp-content\\\/uploads\\\/2022\\\/09\\\/EnergyStrategy-Header.jpg\",\"width\":1920,\"height\":400},{\"@type\":\"BreadcrumbList\",\"@id\":\"https:\\\/\\\/www.hoosierenergy.com\\\/our-cooperative\\\/energy-strategy\\\/#breadcrumb\",\"itemListElement\":[{\"@type\":\"ListItem\",\"position\":1,\"name\":\"Home\",\"item\":\"https:\\\/\\\/www.hoosierenergy.com\\\/\"},{\"@type\":\"ListItem\",\"position\":2,\"name\":\"Our Cooperative\",\"item\":\"https:\\\/\\\/www.hoosierenergy.com\\\/our-cooperative\\\/\"},{\"@type\":\"ListItem\",\"position\":3,\"name\":\"Energy Strategy\"}]},{\"@type\":\"WebSite\",\"@id\":\"https:\\\/\\\/www.hoosierenergy.com\\\/#website\",\"url\":\"https:\\\/\\\/www.hoosierenergy.com\\\/\",\"name\":\"Hoosier Energy\",\"description\":\"Powering Community\",\"alternateName\":\"Hoosier Energy Rural Electric Cooperative, Inc.\",\"potentialAction\":[{\"@type\":\"SearchAction\",\"target\":{\"@type\":\"EntryPoint\",\"urlTemplate\":\"https:\\\/\\\/www.hoosierenergy.com\\\/?s={search_term_string}\"},\"query-input\":{\"@type\":\"PropertyValueSpecification\",\"valueRequired\":true,\"valueName\":\"search_term_string\"}}],\"inLanguage\":\"pt-PT\"}]}<\/script>\r\n<!-- \/ Yoast SEO plugin. -->","yoast_head_json":{"title":"Energy Strategy | Hoosier Energy | Stable, Affordable Power","description":"Our energy strategy is structured to ensure reliable power generation and transmission. Learn more about how we're delivering affordable, stable power.","robots":{"index":"index","follow":"follow","max-snippet":"max-snippet:-1","max-image-preview":"max-image-preview:large","max-video-preview":"max-video-preview:-1"},"canonical":"https:\/\/www.hoosierenergy.com\/pt\/our-cooperative\/energy-strategy\/","og_locale":"pt_PT","og_type":"article","og_title":"Energy Strategy | Hoosier Energy | Stable, Affordable Power","og_description":"Our energy strategy is structured to ensure reliable power generation and transmission. Learn more about how we're delivering affordable, stable power.","og_url":"https:\/\/www.hoosierenergy.com\/pt\/our-cooperative\/energy-strategy\/","og_site_name":"Hoosier Energy","article_publisher":"https:\/\/www.facebook.com\/HoosierEnergy","article_modified_time":"2022-11-23T01:40:35+00:00","og_image":[{"width":1920,"height":400,"url":"https:\/\/www.hoosierenergy.com\/wp-content\/uploads\/2022\/09\/EnergyStrategy-Header.jpg","type":"image\/jpeg"}],"twitter_card":"summary_large_image","twitter_site":"@hoosierenergy","twitter_misc":{"Tempo estimado de leitura":"3 minutos"},"schema":{"@context":"https:\/\/schema.org","@graph":[{"@type":"WebPage","@id":"https:\/\/www.hoosierenergy.com\/our-cooperative\/energy-strategy\/","url":"https:\/\/www.hoosierenergy.com\/our-cooperative\/energy-strategy\/","name":"Energy Strategy | Hoosier Energy | Stable, Affordable Power","isPartOf":{"@id":"https:\/\/www.hoosierenergy.com\/#website"},"primaryImageOfPage":{"@id":"https:\/\/www.hoosierenergy.com\/our-cooperative\/energy-strategy\/#primaryimage"},"image":{"@id":"https:\/\/www.hoosierenergy.com\/our-cooperative\/energy-strategy\/#primaryimage"},"thumbnailUrl":"https:\/\/www.hoosierenergy.com\/wp-content\/uploads\/2022\/09\/EnergyStrategy-Header.jpg","datePublished":"2022-07-29T01:32:09+00:00","dateModified":"2022-11-23T01:40:35+00:00","description":"Our energy strategy is structured to ensure reliable power generation and transmission. Learn more about how we're delivering affordable, stable power.","breadcrumb":{"@id":"https:\/\/www.hoosierenergy.com\/our-cooperative\/energy-strategy\/#breadcrumb"},"inLanguage":"pt-PT","potentialAction":[{"@type":"ReadAction","target":["https:\/\/www.hoosierenergy.com\/our-cooperative\/energy-strategy\/"]}]},{"@type":"ImageObject","inLanguage":"pt-PT","@id":"https:\/\/www.hoosierenergy.com\/our-cooperative\/energy-strategy\/#primaryimage","url":"https:\/\/www.hoosierenergy.com\/wp-content\/uploads\/2022\/09\/EnergyStrategy-Header.jpg","contentUrl":"https:\/\/www.hoosierenergy.com\/wp-content\/uploads\/2022\/09\/EnergyStrategy-Header.jpg","width":1920,"height":400},{"@type":"BreadcrumbList","@id":"https:\/\/www.hoosierenergy.com\/our-cooperative\/energy-strategy\/#breadcrumb","itemListElement":[{"@type":"ListItem","position":1,"name":"Home","item":"https:\/\/www.hoosierenergy.com\/"},{"@type":"ListItem","position":2,"name":"Our Cooperative","item":"https:\/\/www.hoosierenergy.com\/our-cooperative\/"},{"@type":"ListItem","position":3,"name":"Energy Strategy"}]},{"@type":"WebSite","@id":"https:\/\/www.hoosierenergy.com\/#website","url":"https:\/\/www.hoosierenergy.com\/","name":"Energia Hoosier","description":"Alimentando a Comunidade","alternateName":"Hoosier Energy Rural Electric Cooperative, Inc.","potentialAction":[{"@type":"SearchAction","target":{"@type":"EntryPoint","urlTemplate":"https:\/\/www.hoosierenergy.com\/?s={search_term_string}"},"query-input":{"@type":"PropertyValueSpecification","valueRequired":true,"valueName":"search_term_string"}}],"inLanguage":"pt-PT"}]}},"_links":{"self":[{"href":"https:\/\/www.hoosierenergy.com\/pt\/wp-json\/wp\/v2\/pages\/163","targetHints":{"allow":["GET"]}}],"collection":[{"href":"https:\/\/www.hoosierenergy.com\/pt\/wp-json\/wp\/v2\/pages"}],"about":[{"href":"https:\/\/www.hoosierenergy.com\/pt\/wp-json\/wp\/v2\/types\/page"}],"author":[{"embeddable":true,"href":"https:\/\/www.hoosierenergy.com\/pt\/wp-json\/wp\/v2\/users\/1"}],"replies":[{"embeddable":true,"href":"https:\/\/www.hoosierenergy.com\/pt\/wp-json\/wp\/v2\/comments?post=163"}],"version-history":[{"count":0,"href":"https:\/\/www.hoosierenergy.com\/pt\/wp-json\/wp\/v2\/pages\/163\/revisions"}],"up":[{"embeddable":true,"href":"https:\/\/www.hoosierenergy.com\/pt\/wp-json\/wp\/v2\/pages\/22"}],"wp:featuredmedia":[{"embeddable":true,"href":"https:\/\/www.hoosierenergy.com\/pt\/wp-json\/wp\/v2\/media\/7205"}],"wp:attachment":[{"href":"https:\/\/www.hoosierenergy.com\/pt\/wp-json\/wp\/v2\/media?parent=163"}],"curies":[{"name":"wp","href":"https:\/\/api.w.org\/{rel}","templated":true}]}}