{"id":141,"date":"2022-07-20T12:28:48","date_gmt":"2022-07-20T12:28:48","guid":{"rendered":"https:\/\/hoosierenerstg.wpengine.com\/?page_id=141"},"modified":"2025-02-13T19:25:09","modified_gmt":"2025-02-14T00:25:09","slug":"mission-vision","status":"publish","type":"page","link":"https:\/\/www.hoosierenergy.com\/pt\/our-cooperative\/mission-vision\/","title":{"rendered":"Miss\u00e3o e Vis\u00e3o"},"content":{"rendered":"<div class=\"wpb-content-wrapper\"><div class=\"vc_row wpb_row vc_row-fluid negativetopmargin vc_custom_1654014318664 vc_row-has-fill\"><div class=\"wpb_column vc_column_container vc_col-sm-12 vc_col-md-offset-2 vc_col-md-8\"><div class=\"vc_column-inner\"><div class=\"wpb_wrapper\"><div class=\"ult-spacer spacer-69e67a7b23d32\" data-id=\"69e67a7b23d32\" data-height=\"50\" data-height-mobile=\"20\" data-height-tab=\"30\" data-height-tab-portrait=\"30\" data-height-mobile-landscape=\"20\" style=\"clear:both;display:block;\"><\/div><h2 style=\"text-align: center\" class=\"vc_custom_heading vc_do_custom_heading\" >Levar a cabo o esp\u00edrito e o poder da parceria, mantendo-nos fi\u00e9is \u00e0 nossa miss\u00e3o e vis\u00e3o, bem como aos sete princ\u00edpios cooperativos<\/h2>\n\t<div class=\"wpb_text_column wpb_content_element\" >\n\t\t<div class=\"wpb_wrapper\">\n\t\t\t<p style=\"text-align: center;\">Ao contr\u00e1rio de muitas grandes concession\u00e1rias de energia el\u00e9trica, nossa organiza\u00e7\u00e3o n\u00e3o \u00e9 dirigida por um grupo de investidores. Tudo o que fazemos \u00e9 em nome de nossos membros. N\u00e3o temos lucro em mente; temos membros em mente. Nossas decis\u00f5es s\u00e3o guiadas pelos fazendeiros, fam\u00edlias e empresas que atendemos, fi\u00e9is ao modelo cooperativo. Operamos de perto de acordo com os sete princ\u00edpios e valores cooperativos, que comp\u00f5em a estrutura de nossa organiza\u00e7\u00e3o.<\/p>\n\n\t\t<\/div>\n\t<\/div>\n<div class=\"ult-spacer spacer-69e67a7b246bd\" data-id=\"69e67a7b246bd\" data-height=\"50\" data-height-mobile=\"25\" data-height-tab=\"35\" data-height-tab-portrait=\"35\" data-height-mobile-landscape=\"25\" style=\"clear:both;display:block;\"><\/div><\/div><\/div><\/div><\/div><div class=\"vc_row wpb_row vc_row-fluid\"><div class=\"wpb_column vc_column_container vc_col-sm-6\"><div class=\"vc_column-inner\"><div class=\"wpb_wrapper\">\n\t<div  class=\"wpb_single_image wpb_content_element vc_align_left\">\n\t\t\n\t\t<figure class=\"wpb_wrapper vc_figure\">\n\t\t\t<div class=\"vc_single_image-wrapper   vc_box_border_grey\"><img loading=\"lazy\" decoding=\"async\" width=\"990\" height=\"765\" src=\"https:\/\/www.hoosierenergy.com\/wp-content\/uploads\/2022\/09\/MissionVision-OurMission.jpg\" class=\"vc_single_image-img attachment-full\" alt=\"\" title=\"Miss\u00e3oVis\u00e3o-NossaMiss\u00e3o\" srcset=\"https:\/\/www.hoosierenergy.com\/wp-content\/uploads\/2022\/09\/MissionVision-OurMission.jpg 990w, https:\/\/www.hoosierenergy.com\/wp-content\/uploads\/2022\/09\/MissionVision-OurMission-300x232.jpg 300w, https:\/\/www.hoosierenergy.com\/wp-content\/uploads\/2022\/09\/MissionVision-OurMission-768x593.jpg 768w\" sizes=\"auto, (max-width: 990px) 100vw, 990px\"  data-dt-location=\"https:\/\/www.hoosierenergy.com\/pt\/our-cooperative\/mission-vision\/missionvision-ourmission\/\" \/><\/div>\n\t\t<\/figure>\n\t<\/div>\n<h3 style=\"text-align: left\" class=\"vc_custom_heading vc_do_custom_heading\" >Nossa Miss\u00e3o<\/h3>\n\t<div class=\"wpb_text_column wpb_content_element\" >\n\t\t<div class=\"wpb_wrapper\">\n\t\t\t<p>Junto com nossos sistemas de membros, a Hoosier Energy est\u00e1 comprometida em ser uma organiza\u00e7\u00e3o eficiente e adapt\u00e1vel que fornece energia confi\u00e1vel e com pre\u00e7os econ\u00f4micos e servi\u00e7os direcionados aos membros. Tamb\u00e9m estamos comprometidos em atender \u00e0s necessidades em evolu\u00e7\u00e3o de nossos membros de forma segura e sustent\u00e1vel, guiados pelos sete princ\u00edpios cooperativos.<\/p>\n\n\t\t<\/div>\n\t<\/div>\n<\/div><\/div><\/div><div class=\"wpb_column vc_column_container vc_col-sm-6\"><div class=\"vc_column-inner\"><div class=\"wpb_wrapper\">\n\t<div  class=\"wpb_single_image wpb_content_element vc_align_left\">\n\t\t\n\t\t<figure class=\"wpb_wrapper vc_figure\">\n\t\t\t<div class=\"vc_single_image-wrapper   vc_box_border_grey\"><img loading=\"lazy\" decoding=\"async\" width=\"990\" height=\"765\" src=\"https:\/\/www.hoosierenergy.com\/wp-content\/uploads\/2022\/09\/MissionVision-OurVision.jpg\" class=\"vc_single_image-img attachment-full\" alt=\"\" title=\"Miss\u00e3oVis\u00e3o-NossaVis\u00e3o\" srcset=\"https:\/\/www.hoosierenergy.com\/wp-content\/uploads\/2022\/09\/MissionVision-OurVision.jpg 990w, https:\/\/www.hoosierenergy.com\/wp-content\/uploads\/2022\/09\/MissionVision-OurVision-300x232.jpg 300w, https:\/\/www.hoosierenergy.com\/wp-content\/uploads\/2022\/09\/MissionVision-OurVision-768x593.jpg 768w\" sizes=\"auto, (max-width: 990px) 100vw, 990px\"  data-dt-location=\"https:\/\/www.hoosierenergy.com\/pt\/our-cooperative\/mission-vision\/missionvision-ourvision\/\" \/><\/div>\n\t\t<\/figure>\n\t<\/div>\n<h3 style=\"text-align: left\" class=\"vc_custom_heading vc_do_custom_heading\" >Nossa Vis\u00e3o<\/h3>\n\t<div class=\"wpb_text_column wpb_content_element\" >\n\t\t<div class=\"wpb_wrapper\">\n\t\t\t<p>A vis\u00e3o da Hoosier Energy \u00e9 servir como parceira confi\u00e1vel e fornecedora de energia e servi\u00e7os confi\u00e1veis, acess\u00edveis e sustent\u00e1veis para sistemas membros. Como parte da nossa vis\u00e3o, tamb\u00e9m estamos comprometidos em nos adaptar ao mundo cada vez mais digital, conectado e em r\u00e1pida evolu\u00e7\u00e3o.<\/p>\n\n\t\t<\/div>\n\t<\/div>\n<\/div><\/div><\/div><\/div><div class=\"vc_row wpb_row vc_row-fluid vc_row-o-equal-height vc_row-o-content-middle vc_row-flex\"><div class=\"wpb_column vc_column_container vc_col-sm-6\"><div class=\"vc_column-inner\"><div class=\"wpb_wrapper\"><div class=\"ult-spacer spacer-69e67a7b27d98\" data-id=\"69e67a7b27d98\" data-height=\"50\" data-height-mobile=\"25\" data-height-tab=\"35\" data-height-tab-portrait=\"35\" data-height-mobile-landscape=\"25\" style=\"clear:both;display:block;\"><\/div><h3 style=\"text-align: left\" class=\"vc_custom_heading vc_do_custom_heading\" >Quais s\u00e3o os sete princ\u00edpios de uma cooperativa?<\/h3>\n\t<div class=\"wpb_text_column wpb_content_element\" >\n\t\t<div class=\"wpb_wrapper\">\n\t\t\t<p>Nossa miss\u00e3o e valores est\u00e3o intimamente ligados aos sete princ\u00edpios cooperativos. Como uma cooperativa, a Hoosier Energy \u00e9 uma organiza\u00e7\u00e3o democr\u00e1tica comprometida com o princ\u00edpio de que todos os membros t\u00eam poder igual. Assim como o processo democr\u00e1tico da Am\u00e9rica, nossos membros s\u00e3o encorajados a levantar preocupa\u00e7\u00f5es por meio de seus representantes eleitos. Os sete princ\u00edpios cooperativos s\u00e3o descritos abaixo:<\/p>\n<ol>\n<li><strong>Associa\u00e7\u00e3o volunt\u00e1ria e aberta:<\/strong> A associa\u00e7\u00e3o est\u00e1 aberta a todos que usam nossos servi\u00e7os, independentemente de g\u00eanero, afilia\u00e7\u00e3o social, racial, pol\u00edtica ou religiosa.<\/li>\n<li><strong>Controle democr\u00e1tico de membros:<\/strong> Somos uma organiza\u00e7\u00e3o democr\u00e1tica; cada uma das nossas 17 cooperativas associadas elege um representante que participa ativamente na defini\u00e7\u00e3o de pol\u00edticas e na tomada de decis\u00f5es para o benef\u00edcio de todos.<\/li>\n<li><strong>Participa\u00e7\u00e3o econ\u00f4mica dos membros:<\/strong> Nosso objetivo \u00e9 administrar o neg\u00f3cio da forma mais eficiente poss\u00edvel, n\u00e3o lucrar. Qualquer receita adicional \u00e9 investida diretamente no neg\u00f3cio e, ent\u00e3o, retornada aos sistemas de membros ap\u00f3s um n\u00famero especificado de anos.<\/li>\n<li><strong>Autonomia e independ\u00eancia:<\/strong> Cooperativas s\u00e3o organiza\u00e7\u00f5es aut\u00f4nomas e autossuficientes. Se a Hoosier Energy entrar em acordos com outras organiza\u00e7\u00f5es ou levantar capital de fontes externas, ela o far\u00e1 somente se os termos garantirem o controle democr\u00e1tico dos membros e a autonomia.<\/li>\n<li><strong>Educa\u00e7\u00e3o, treinamento e informa\u00e7\u00e3o:<\/strong> Por meio do Hoosier Energy Franklin Training Center, oferecemos uma variedade de treinamento de habilidades para nossa equipe e funcion\u00e1rios de cooperativas associadas. As sess\u00f5es informativas ajudam os especialistas de linha e outros funcion\u00e1rios de cooperativas el\u00e9tricas que s\u00e3o encarregados de manter um servi\u00e7o confi\u00e1vel para os consumidores.<\/li>\n<li><strong>Coopera\u00e7\u00e3o entre cooperativas:<\/strong> A filosofia da coopera\u00e7\u00e3o \u00e9 um modo de vida. Nossas cooperativas de membros formaram a Hoosier Energy para fornecer sistemas de distribui\u00e7\u00e3o el\u00e9trica com uma fonte de energia confi\u00e1vel e econ\u00f4mica. Trabalhando juntos, estamos fornecendo melhor valor para os d\u00f3lares de energia dos membros.<\/li>\n<li><strong>Preocupa\u00e7\u00e3o com a comunidade:<\/strong> Como uma cooperativa, nosso foco \u00e9 sempre local. Somos parte das comunidades que servimos. As preocupa\u00e7\u00f5es dos nossos membros s\u00e3o as nossas preocupa\u00e7\u00f5es, e trabalhamos duro todos os dias para manter a energia ligada, manter as contas de luz baixas e tornar nossas comunidades lugares melhores para se viver.<\/li>\n<\/ol>\n\n\t\t<\/div>\n\t<\/div>\n<div class=\"ult-spacer spacer-69e67a7b28295\" data-id=\"69e67a7b28295\" data-height=\"150\" data-height-mobile=\"50\" data-height-tab=\"75\" data-height-tab-portrait=\"75\" data-height-mobile-landscape=\"50\" style=\"clear:both;display:block;\"><\/div><\/div><\/div><\/div><div class=\"wpb_column vc_column_container vc_col-sm-6\"><div class=\"vc_column-inner\"><div class=\"wpb_wrapper\">\n\t<div  class=\"wpb_single_image wpb_content_element vc_align_left\">\n\t\t\n\t\t<figure class=\"wpb_wrapper vc_figure\">\n\t\t\t<div class=\"vc_single_image-wrapper   vc_box_border_grey\"><img loading=\"lazy\" decoding=\"async\" width=\"1281\" height=\"1920\" src=\"https:\/\/www.hoosierenergy.com\/wp-content\/uploads\/2022\/09\/MissionVision-SevenPrinciples2.jpg\" class=\"vc_single_image-img attachment-full\" alt=\"\" title=\"Miss\u00e3oVis\u00e3o-SetePrinc\u00edpios2\" srcset=\"https:\/\/www.hoosierenergy.com\/wp-content\/uploads\/2022\/09\/MissionVision-SevenPrinciples2.jpg 1281w, https:\/\/www.hoosierenergy.com\/wp-content\/uploads\/2022\/09\/MissionVision-SevenPrinciples2-200x300.jpg 200w, https:\/\/www.hoosierenergy.com\/wp-content\/uploads\/2022\/09\/MissionVision-SevenPrinciples2-683x1024.jpg 683w, https:\/\/www.hoosierenergy.com\/wp-content\/uploads\/2022\/09\/MissionVision-SevenPrinciples2-768x1151.jpg 768w, https:\/\/www.hoosierenergy.com\/wp-content\/uploads\/2022\/09\/MissionVision-SevenPrinciples2-1025x1536.jpg 1025w\" sizes=\"auto, (max-width: 1281px) 100vw, 1281px\"  data-dt-location=\"https:\/\/www.hoosierenergy.com\/pt\/our-cooperative\/mission-vision\/missionvision-sevenprinciples2\/\" \/><\/div>\n\t\t<\/figure>\n\t<\/div>\n<\/div><\/div><\/div><\/div><div data-vc-full-width=\"true\" data-vc-full-width-temp=\"true\" data-vc-full-width-init=\"false\" class=\"vc_row wpb_row vc_row-fluid\"><style type=\"text\/css\" data-type=\"vc_shortcodes-default-css\">.vc_do_custom_heading{margin-bottom:0.625rem;margin-top:0;}.vc_do_btn{margin-bottom:22px;}<\/style><style type=\"text\/css\" data-type=\"vc_shortcodes-custom-css\">.vc_custom_1659638016356{background-image: url(https:\/\/hoosierenergy.com\/wp-content\/uploads\/2022\/08\/Join-Our-Team-Header-01-sigmund-4khkLZuJEYI-unsplash-11.jpg?id=6840) !important;}<\/style><div class=\"wpb_column vc_column_container vc_col-sm-12\"><div class=\"vc_column-inner\"><div class=\"wpb_wrapper\"><div class=\"wpb-content-wrapper\"><div id=\"joinourteam\" data-vc-full-width=\"true\" data-vc-full-width-temp=\"true\" data-vc-full-width-init=\"false\" class=\"vc_row wpb_row vc_row-fluid vc_custom_1659638016356 vc_row-has-fill\"><div class=\"wpb_column vc_column_container vc_col-sm-12 vc_col-md-offset-2 vc_col-md-8\"><div class=\"vc_column-inner\"><div class=\"wpb_wrapper\"><div class=\"ult-spacer spacer-69e67a7b2b8ec\" data-id=\"69e67a7b2b8ec\" data-height=\"150\" data-height-mobile=\"75\" data-height-tab=\"100\" data-height-tab-portrait=\"100\" data-height-mobile-landscape=\"75\" style=\"clear:both;display:block;\"><\/div><h2 style=\"color: #ffffff;text-align: center\" class=\"vc_custom_heading vc_do_custom_heading\" >JUNTE-SE \u00c0 NOSSA EQUIPE<\/h2><div class=\"ult-spacer spacer-69e67a7b2bbbe\" data-id=\"69e67a7b2bbbe\" data-height=\"10\" data-height-mobile=\"5\" data-height-tab=\"10\" data-height-tab-portrait=\"10\" data-height-mobile-landscape=\"5\" style=\"clear:both;display:block;\"><\/div><div class=\"vc_row wpb_row vc_inner vc_row-fluid vc_row-o-equal-height vc_row-o-content-middle vc_row-flex\"><div class=\"center wpb_column vc_column_container vc_col-sm-12 vc_col-md-offset-2 vc_col-md-8\"><div class=\"vc_column-inner\"><div class=\"wpb_wrapper\">\n\t<div class=\"wpb_text_column wpb_content_element\" >\n\t\t<div class=\"wpb_wrapper\">\n\t\t\t<p style=\"text-align: center;\"><span style=\"color: #ffffff;\">Procurando uma oportunidade de construir uma carreira em uma organiza\u00e7\u00e3o que valoriza seus funcion\u00e1rios? Ajude-nos a criar um futuro mais brilhante para as comunidades que servimos e construa uma carreira na Hoosier Energy.<\/span><\/p>\n\n\t\t<\/div>\n\t<\/div>\n<\/div><\/div><\/div><\/div><div class=\"vc_row wpb_row vc_inner vc_row-fluid vc_row-o-equal-height vc_row-o-content-middle vc_row-flex\"><div class=\"center wpb_column vc_column_container vc_col-sm-12 vc_col-md-offset-3 vc_col-md-6\"><div class=\"vc_column-inner\"><div class=\"wpb_wrapper\"><div class=\"vc_btn3-container vc_btn3-inline\" ><a style=\"background-color:#0071af; color:#f5ff12;\" class=\"vc_general vc_btn3 vc_btn3-size-md vc_btn3-shape-square vc_btn3-style-custom\" href=\"\/pt\/careers\/\" title=\"PESQUISAR EMPREGOS\">PESQUISAR EMPREGOS<\/a><\/div><\/div><\/div><\/div><\/div><div class=\"ult-spacer spacer-69e67a7b2d086\" data-id=\"69e67a7b2d086\" data-height=\"150\" data-height-mobile=\"75\" data-height-tab=\"100\" data-height-tab-portrait=\"100\" data-height-mobile-landscape=\"75\" style=\"clear:both;display:block;\"><\/div><\/div><\/div><\/div><\/div><div class=\"vc_row-full-width vc_clearfix\"><\/div>\n<\/div><style type=\"text\/css\" data-type=\"rcb-_wpb_shortcodes_custom_css-60\">.vc_custom_1659638016356{background-image: url(https:\/\/hoosierenergy.com\/wp-content\/uploads\/2022\/08\/Join-Our-Team-Header-01-sigmund-4khkLZuJEYI-unsplash-11.jpg?id=6840) !important;}<\/style><\/div><\/div><\/div><\/div><div class=\"vc_row-full-width vc_clearfix\"><\/div>\n<\/div>","protected":false},"excerpt":{"rendered":"<p>Executando o esp\u00edrito e o poder da parceria permanecendo fi\u00e9is \u00e0 nossa miss\u00e3o e vis\u00e3o, bem como aos sete princ\u00edpios cooperativos. Ao contr\u00e1rio de muitas grandes concession\u00e1rias de energia el\u00e9trica, nossa organiza\u00e7\u00e3o n\u00e3o \u00e9 dirigida por um grupo de investidores. Tudo o que fazemos \u00e9 em nome de nossos membros. N\u00e3o temos lucro em mente; temos membros em mente. Nossas decis\u00f5es s\u00e3o...<\/p>","protected":false},"author":1,"featured_media":18950,"parent":22,"menu_order":0,"comment_status":"closed","ping_status":"closed","template":"","meta":{"_acf_changed":false,"footnotes":""},"class_list":["post-141","page","type-page","status-publish","has-post-thumbnail","hentry","description-off"],"acf":[],"yoast_head":"<!-- This site is optimized with the Yoast SEO plugin v27.4 - https:\/\/yoast.com\/product\/yoast-seo-wordpress\/ -->\r\n<title>Our Mission &amp; Vision | Hoosier Energy | A Rural Electric Cooperative<\/title>\r\n<meta name=\"description\" content=\"From our ESG framework to our energy strategy, everything we do is driven by our mission, vision and the cooperative principles. Learn more.\" \/>\r\n<meta name=\"robots\" content=\"index, follow, max-snippet:-1, max-image-preview:large, max-video-preview:-1\" \/>\r\n<link rel=\"canonical\" href=\"https:\/\/www.hoosierenergy.com\/pt\/our-cooperative\/mission-vision\/\" \/>\r\n<meta property=\"og:locale\" content=\"pt_PT\" \/>\r\n<meta property=\"og:type\" content=\"article\" \/>\r\n<meta property=\"og:title\" content=\"Our Mission &amp; Vision | Hoosier Energy | A Rural Electric Cooperative\" \/>\r\n<meta property=\"og:description\" content=\"From our ESG framework to our energy strategy, everything we do is driven by our mission, vision and the cooperative principles. Learn more.\" \/>\r\n<meta property=\"og:url\" content=\"https:\/\/www.hoosierenergy.com\/pt\/our-cooperative\/mission-vision\/\" \/>\r\n<meta property=\"og:site_name\" content=\"Hoosier Energy\" \/>\r\n<meta property=\"article:publisher\" content=\"https:\/\/www.facebook.com\/HoosierEnergy\" \/>\r\n<meta property=\"article:modified_time\" content=\"2025-02-14T00:25:09+00:00\" \/>\r\n<meta property=\"og:image\" content=\"https:\/\/www.hoosierenergy.com\/wp-content\/uploads\/2025\/02\/Header-MissionAndVision.jpg\" \/>\r\n\t<meta property=\"og:image:width\" content=\"1920\" \/>\r\n\t<meta property=\"og:image:height\" content=\"400\" \/>\r\n\t<meta property=\"og:image:type\" content=\"image\/jpeg\" \/>\r\n<meta name=\"twitter:card\" content=\"summary_large_image\" \/>\r\n<meta name=\"twitter:site\" content=\"@hoosierenergy\" \/>\r\n<meta name=\"twitter:label1\" content=\"Tempo estimado de leitura\" \/>\n\t<meta name=\"twitter:data1\" content=\"3 minutos\" \/>\r\n<script type=\"application\/ld+json\" class=\"yoast-schema-graph\">{\"@context\":\"https:\\\/\\\/schema.org\",\"@graph\":[{\"@type\":\"WebPage\",\"@id\":\"https:\\\/\\\/www.hoosierenergy.com\\\/our-cooperative\\\/mission-vision\\\/\",\"url\":\"https:\\\/\\\/www.hoosierenergy.com\\\/our-cooperative\\\/mission-vision\\\/\",\"name\":\"Our Mission & Vision | Hoosier Energy | A Rural Electric Cooperative\",\"isPartOf\":{\"@id\":\"https:\\\/\\\/www.hoosierenergy.com\\\/#website\"},\"primaryImageOfPage\":{\"@id\":\"https:\\\/\\\/www.hoosierenergy.com\\\/our-cooperative\\\/mission-vision\\\/#primaryimage\"},\"image\":{\"@id\":\"https:\\\/\\\/www.hoosierenergy.com\\\/our-cooperative\\\/mission-vision\\\/#primaryimage\"},\"thumbnailUrl\":\"https:\\\/\\\/www.hoosierenergy.com\\\/wp-content\\\/uploads\\\/2025\\\/02\\\/Header-MissionAndVision.jpg\",\"datePublished\":\"2022-07-20T12:28:48+00:00\",\"dateModified\":\"2025-02-14T00:25:09+00:00\",\"description\":\"From our ESG framework to our energy strategy, everything we do is driven by our mission, vision and the cooperative principles. Learn more.\",\"breadcrumb\":{\"@id\":\"https:\\\/\\\/www.hoosierenergy.com\\\/our-cooperative\\\/mission-vision\\\/#breadcrumb\"},\"inLanguage\":\"pt-PT\",\"potentialAction\":[{\"@type\":\"ReadAction\",\"target\":[\"https:\\\/\\\/www.hoosierenergy.com\\\/our-cooperative\\\/mission-vision\\\/\"]}]},{\"@type\":\"ImageObject\",\"inLanguage\":\"pt-PT\",\"@id\":\"https:\\\/\\\/www.hoosierenergy.com\\\/our-cooperative\\\/mission-vision\\\/#primaryimage\",\"url\":\"https:\\\/\\\/www.hoosierenergy.com\\\/wp-content\\\/uploads\\\/2025\\\/02\\\/Header-MissionAndVision.jpg\",\"contentUrl\":\"https:\\\/\\\/www.hoosierenergy.com\\\/wp-content\\\/uploads\\\/2025\\\/02\\\/Header-MissionAndVision.jpg\",\"width\":1920,\"height\":400},{\"@type\":\"BreadcrumbList\",\"@id\":\"https:\\\/\\\/www.hoosierenergy.com\\\/our-cooperative\\\/mission-vision\\\/#breadcrumb\",\"itemListElement\":[{\"@type\":\"ListItem\",\"position\":1,\"name\":\"Home\",\"item\":\"https:\\\/\\\/www.hoosierenergy.com\\\/\"},{\"@type\":\"ListItem\",\"position\":2,\"name\":\"Our Cooperative\",\"item\":\"https:\\\/\\\/www.hoosierenergy.com\\\/our-cooperative\\\/\"},{\"@type\":\"ListItem\",\"position\":3,\"name\":\"Mission &#038; Vision\"}]},{\"@type\":\"WebSite\",\"@id\":\"https:\\\/\\\/www.hoosierenergy.com\\\/#website\",\"url\":\"https:\\\/\\\/www.hoosierenergy.com\\\/\",\"name\":\"Hoosier Energy\",\"description\":\"Powering Community\",\"alternateName\":\"Hoosier Energy Rural Electric Cooperative, Inc.\",\"potentialAction\":[{\"@type\":\"SearchAction\",\"target\":{\"@type\":\"EntryPoint\",\"urlTemplate\":\"https:\\\/\\\/www.hoosierenergy.com\\\/?s={search_term_string}\"},\"query-input\":{\"@type\":\"PropertyValueSpecification\",\"valueRequired\":true,\"valueName\":\"search_term_string\"}}],\"inLanguage\":\"pt-PT\"}]}<\/script>\r\n<!-- \/ Yoast SEO plugin. -->","yoast_head_json":{"title":"Our Mission & Vision | Hoosier Energy | A Rural Electric Cooperative","description":"From our ESG framework to our energy strategy, everything we do is driven by our mission, vision and the cooperative principles. Learn more.","robots":{"index":"index","follow":"follow","max-snippet":"max-snippet:-1","max-image-preview":"max-image-preview:large","max-video-preview":"max-video-preview:-1"},"canonical":"https:\/\/www.hoosierenergy.com\/pt\/our-cooperative\/mission-vision\/","og_locale":"pt_PT","og_type":"article","og_title":"Our Mission & Vision | Hoosier Energy | A Rural Electric Cooperative","og_description":"From our ESG framework to our energy strategy, everything we do is driven by our mission, vision and the cooperative principles. Learn more.","og_url":"https:\/\/www.hoosierenergy.com\/pt\/our-cooperative\/mission-vision\/","og_site_name":"Hoosier Energy","article_publisher":"https:\/\/www.facebook.com\/HoosierEnergy","article_modified_time":"2025-02-14T00:25:09+00:00","og_image":[{"width":1920,"height":400,"url":"https:\/\/www.hoosierenergy.com\/wp-content\/uploads\/2025\/02\/Header-MissionAndVision.jpg","type":"image\/jpeg"}],"twitter_card":"summary_large_image","twitter_site":"@hoosierenergy","twitter_misc":{"Tempo estimado de leitura":"3 minutos"},"schema":{"@context":"https:\/\/schema.org","@graph":[{"@type":"WebPage","@id":"https:\/\/www.hoosierenergy.com\/our-cooperative\/mission-vision\/","url":"https:\/\/www.hoosierenergy.com\/our-cooperative\/mission-vision\/","name":"Our Mission & Vision | Hoosier Energy | A Rural Electric Cooperative","isPartOf":{"@id":"https:\/\/www.hoosierenergy.com\/#website"},"primaryImageOfPage":{"@id":"https:\/\/www.hoosierenergy.com\/our-cooperative\/mission-vision\/#primaryimage"},"image":{"@id":"https:\/\/www.hoosierenergy.com\/our-cooperative\/mission-vision\/#primaryimage"},"thumbnailUrl":"https:\/\/www.hoosierenergy.com\/wp-content\/uploads\/2025\/02\/Header-MissionAndVision.jpg","datePublished":"2022-07-20T12:28:48+00:00","dateModified":"2025-02-14T00:25:09+00:00","description":"From our ESG framework to our energy strategy, everything we do is driven by our mission, vision and the cooperative principles. Learn more.","breadcrumb":{"@id":"https:\/\/www.hoosierenergy.com\/our-cooperative\/mission-vision\/#breadcrumb"},"inLanguage":"pt-PT","potentialAction":[{"@type":"ReadAction","target":["https:\/\/www.hoosierenergy.com\/our-cooperative\/mission-vision\/"]}]},{"@type":"ImageObject","inLanguage":"pt-PT","@id":"https:\/\/www.hoosierenergy.com\/our-cooperative\/mission-vision\/#primaryimage","url":"https:\/\/www.hoosierenergy.com\/wp-content\/uploads\/2025\/02\/Header-MissionAndVision.jpg","contentUrl":"https:\/\/www.hoosierenergy.com\/wp-content\/uploads\/2025\/02\/Header-MissionAndVision.jpg","width":1920,"height":400},{"@type":"BreadcrumbList","@id":"https:\/\/www.hoosierenergy.com\/our-cooperative\/mission-vision\/#breadcrumb","itemListElement":[{"@type":"ListItem","position":1,"name":"Home","item":"https:\/\/www.hoosierenergy.com\/"},{"@type":"ListItem","position":2,"name":"Our Cooperative","item":"https:\/\/www.hoosierenergy.com\/our-cooperative\/"},{"@type":"ListItem","position":3,"name":"Mission &#038; Vision"}]},{"@type":"WebSite","@id":"https:\/\/www.hoosierenergy.com\/#website","url":"https:\/\/www.hoosierenergy.com\/","name":"Energia Hoosier","description":"Alimentando a Comunidade","alternateName":"Hoosier Energy Rural Electric Cooperative, Inc.","potentialAction":[{"@type":"SearchAction","target":{"@type":"EntryPoint","urlTemplate":"https:\/\/www.hoosierenergy.com\/?s={search_term_string}"},"query-input":{"@type":"PropertyValueSpecification","valueRequired":true,"valueName":"search_term_string"}}],"inLanguage":"pt-PT"}]}},"_links":{"self":[{"href":"https:\/\/www.hoosierenergy.com\/pt\/wp-json\/wp\/v2\/pages\/141","targetHints":{"allow":["GET"]}}],"collection":[{"href":"https:\/\/www.hoosierenergy.com\/pt\/wp-json\/wp\/v2\/pages"}],"about":[{"href":"https:\/\/www.hoosierenergy.com\/pt\/wp-json\/wp\/v2\/types\/page"}],"author":[{"embeddable":true,"href":"https:\/\/www.hoosierenergy.com\/pt\/wp-json\/wp\/v2\/users\/1"}],"replies":[{"embeddable":true,"href":"https:\/\/www.hoosierenergy.com\/pt\/wp-json\/wp\/v2\/comments?post=141"}],"version-history":[{"count":0,"href":"https:\/\/www.hoosierenergy.com\/pt\/wp-json\/wp\/v2\/pages\/141\/revisions"}],"up":[{"embeddable":true,"href":"https:\/\/www.hoosierenergy.com\/pt\/wp-json\/wp\/v2\/pages\/22"}],"wp:featuredmedia":[{"embeddable":true,"href":"https:\/\/www.hoosierenergy.com\/pt\/wp-json\/wp\/v2\/media\/18950"}],"wp:attachment":[{"href":"https:\/\/www.hoosierenergy.com\/pt\/wp-json\/wp\/v2\/media?parent=141"}],"curies":[{"name":"wp","href":"https:\/\/api.w.org\/{rel}","templated":true}]}}