{"id":140,"date":"2022-07-20T12:24:26","date_gmt":"2022-07-20T12:24:26","guid":{"rendered":"https:\/\/hoosierenerstg.wpengine.com\/?page_id=140"},"modified":"2025-02-03T11:12:32","modified_gmt":"2025-02-03T16:12:32","slug":"history","status":"publish","type":"page","link":"https:\/\/www.hoosierenergy.com\/pt\/our-cooperative\/history\/","title":{"rendered":"Hist\u00f3ria"},"content":{"rendered":"<div class=\"wpb-content-wrapper\"><div class=\"vc_row wpb_row vc_row-fluid negativetopmargin vc_custom_1654014318664 vc_row-has-fill\"><div class=\"wpb_column vc_column_container vc_col-sm-12 vc_col-md-offset-2 vc_col-md-8\"><div class=\"vc_column-inner\"><div class=\"wpb_wrapper\"><div class=\"ult-spacer spacer-69e9d8862ec4d\" data-id=\"69e9d8862ec4d\" data-height=\"50\" data-height-mobile=\"20\" data-height-tab=\"30\" data-height-tab-portrait=\"30\" data-height-mobile-landscape=\"20\" style=\"clear:both;display:block;\"><\/div><h2 style=\"text-align: center\" class=\"vc_custom_heading vc_do_custom_heading\" >Com ra\u00edzes que datam da d\u00e9cada de 1940, a Hoosier Energy fornece energia para regi\u00f5es de Indiana e Illinois h\u00e1 mais de 70 anos<\/h2>\n\t<div class=\"wpb_text_column wpb_content_element\" >\n\t\t<div class=\"wpb_wrapper\">\n\t\t\t<p style=\"text-align: center;\">Embora a Hoosier Energy de hoje n\u00e3o se assemelhe muito \u00e0 sua antiga, nossa miss\u00e3o continua a mesma: fornecer energia acess\u00edvel e confi\u00e1vel para regi\u00f5es rurais e carentes de Indiana e Illinois. Ao longo da hist\u00f3ria da Hoosier Energy, nossa pegada se expandiu para atingir centenas de milhares de lares, fazendas e empresas. Hoje, atendemos 17 cooperativas el\u00e9tricas associadas, fornecendo energia por meio de uma rede de transmiss\u00e3o de 1.700 milhas.<\/p>\n\n\t\t<\/div>\n\t<\/div>\n<div class=\"ult-spacer spacer-69e9d8862f851\" data-id=\"69e9d8862f851\" data-height=\"50\" data-height-mobile=\"25\" data-height-tab=\"35\" data-height-tab-portrait=\"35\" data-height-mobile-landscape=\"25\" style=\"clear:both;display:block;\"><\/div><\/div><\/div><\/div><\/div><div data-vc-full-width=\"true\" data-vc-full-width-temp=\"true\" data-vc-full-width-init=\"false\" data-vc-stretch-content=\"true\" class=\"vc_row wpb_row vc_row-fluid\"><div class=\"wpb_column vc_column_container vc_col-sm-12 vc_col-has-fill\"><div class=\"vc_column-inner vc_custom_1653007235698\"><div class=\"wpb_wrapper\"><div class=\"vc_row wpb_row vc_inner vc_row-fluid vc_row-o-equal-height vc_row-o-content-middle vc_row-flex\"><div class=\"wpb_column vc_column_container vc_col-sm-6 vc_col-has-fill\"><div class=\"vc_column-inner vc_custom_1663456884739\"><div class=\"wpb_wrapper\"><\/div><\/div><\/div><div class=\"wpb_column vc_column_container vc_col-sm-4\"><div class=\"vc_column-inner vc_custom_1653418144460\"><div class=\"wpb_wrapper\"><div class=\"ult-spacer spacer-69e9d8863130c\" data-id=\"69e9d8863130c\" data-height=\"75\" data-height-mobile=\"35\" data-height-tab=\"60\" data-height-tab-portrait=\"60\" data-height-mobile-landscape=\"35\" style=\"clear:both;display:block;\"><\/div><h2 style=\"text-align: left\" class=\"vc_custom_heading vc_do_custom_heading light-headline\" >Garantindo eletricidade para moradores rurais de Hoosiers<\/h2>\n\t<div class=\"wpb_text_column wpb_content_element\" >\n\t\t<div class=\"wpb_wrapper\">\n\t\t\t<p><span style=\"color: #ffffff;\">Na d\u00e9cada de 1930, muitas fazendas de Indiana ainda estavam sem eletricidade, em grande parte devido \u00e0s empresas privadas de servi\u00e7os p\u00fablicos da \u00e9poca n\u00e3o estarem dispostas a fazer os investimentos necess\u00e1rios para passar linhas el\u00e9tricas por partes escassamente povoadas do estado. Embora cidades e vilas ao redor do Centro-Oeste fossem eletrificadas, muitos fazendeiros rurais ainda usavam geradores a g\u00e1s para bombear \u00e1gua e executar tarefas limitadas na fazenda.<\/span><\/p>\n<p><span style=\"color: #ffffff;\">Em 1935, a rec\u00e9m-formada Rural Electrification Administration (REA) ajudou a mudar isso. A ag\u00eancia federal, estabelecida pelo presidente Franklin Delano Roosevelt, buscava levar eletricidade de baixo custo aos fazendeiros americanos. Em poucos anos, a energia el\u00e9trica chegou \u00e0s fazendas de Indiana e ao resto do pa\u00eds.<\/span><\/p>\n<p><span style=\"color: #ffffff;\">Logo ap\u00f3s a cria\u00e7\u00e3o da REA, v\u00e1rios grupos de fazendeiros se uniram para erguer linhas de transmiss\u00e3o e distribui\u00e7\u00e3o, financiando a constru\u00e7\u00e3o por meio de empr\u00e9stimos federais de juros baixos. Esses grupos permitiram que os fazendeiros trabalhassem coletivamente para garantir o sucesso uns dos outros. Nos anos que se seguiram, corpora\u00e7\u00f5es rurais de membros el\u00e9tricos (REMCs) foram formadas em todo o pa\u00eds.<\/span><\/p>\n<p><span style=\"color: #ffffff;\">Enquanto a REA ajudou a eletrificar dezenas de milhares de fazendas por todo o pa\u00eds, as concession\u00e1rias de servi\u00e7os p\u00fablicos de propriedade de investidores que produziam a eletricidade detinham todo o poder. No final da d\u00e9cada de 1940, os custos de energia estavam aumentando enquanto a confiabilidade estava diminuindo, e muitos estavam procurando uma alternativa.<\/span><\/p>\n\n\t\t<\/div>\n\t<\/div>\n<div class=\"ult-spacer spacer-69e9d886318ab\" data-id=\"69e9d886318ab\" data-height=\"75\" data-height-mobile=\"35\" data-height-tab=\"60\" data-height-tab-portrait=\"60\" data-height-mobile-landscape=\"35\" style=\"clear:both;display:block;\"><\/div><\/div><\/div><\/div><\/div><\/div><\/div><\/div><\/div><div class=\"vc_row-full-width vc_clearfix\"><\/div><div data-vc-full-width=\"true\" data-vc-full-width-temp=\"true\" data-vc-full-width-init=\"false\" data-vc-stretch-content=\"true\" class=\"vc_row wpb_row vc_row-fluid\"><div class=\"wpb_column vc_column_container vc_col-sm-12 vc_col-has-fill\"><div class=\"vc_column-inner vc_custom_1652967912356\"><div class=\"wpb_wrapper\"><div class=\"vc_row wpb_row vc_inner vc_row-fluid swap-on-mobile vc_row-o-equal-height vc_row-o-content-middle vc_row-flex\"><div class=\"wpb_column vc_column_container vc_col-sm-6 vc_col-lg-offset-2 vc_col-lg-4\"><div class=\"vc_column-inner vc_custom_1653418170471\"><div class=\"wpb_wrapper\"><div class=\"ult-spacer spacer-69e9d88632688\" data-id=\"69e9d88632688\" data-height=\"75\" data-height-mobile=\"35\" data-height-tab=\"60\" data-height-tab-portrait=\"60\" data-height-mobile-landscape=\"35\" style=\"clear:both;display:block;\"><\/div><h2 style=\"text-align: left\" class=\"vc_custom_heading vc_do_custom_heading light-headline\" >Unindo for\u00e7as para fornecer eletricidade confi\u00e1vel<\/h2>\n\t<div class=\"wpb_text_column wpb_content_element\" >\n\t\t<div class=\"wpb_wrapper\">\n\t\t\t<p>Os primeiros dias da Hoosier Energy datam da primavera de 1949, quando um grupo de fazendeiros se reuniu em um caf\u00e9 em Rushville, Indiana, para elaborar uma estrat\u00e9gia para levar eletricidade confi\u00e1vel e acess\u00edvel a grandes \u00e1reas de terras agr\u00edcolas em todo o estado.<\/p>\n<p>Logo ap\u00f3s a reuni\u00e3o, o grupo se incorporou ao que se tornaria a Hoosier Energy. O objetivo deles era simples: garantir tarifas de energia no atacado mais acess\u00edveis em compara\u00e7\u00e3o ao que estavam pagando \u00e0s concession\u00e1rias de propriedade de investidores.<\/p>\n<p>Esses fazendeiros formaram o conselho de diretores e aprovaram uma resolu\u00e7\u00e3o para buscar um empr\u00e9stimo de $6,5 milh\u00f5es da Rural Electrification Administration para construir um sistema de gera\u00e7\u00e3o e transmiss\u00e3o. O conselho reconheceu que, para garantir taxas justas para energia confi\u00e1vel, eles teriam que fazer isso sozinhos.<\/p>\n\n\t\t<\/div>\n\t<\/div>\n<div class=\"ult-spacer spacer-69e9d88632bb8\" data-id=\"69e9d88632bb8\" data-height=\"75\" data-height-mobile=\"35\" data-height-tab=\"60\" data-height-tab-portrait=\"60\" data-height-mobile-landscape=\"35\" style=\"clear:both;display:block;\"><\/div><\/div><\/div><\/div><div class=\"wpb_column vc_column_container vc_col-sm-6 vc_col-has-fill\"><div class=\"vc_column-inner vc_custom_1663456896632\"><div class=\"wpb_wrapper\"><\/div><\/div><\/div><\/div><\/div><\/div><\/div><\/div><div class=\"vc_row-full-width vc_clearfix\"><\/div><div data-vc-full-width=\"true\" data-vc-full-width-temp=\"true\" data-vc-full-width-init=\"false\" data-vc-stretch-content=\"true\" class=\"vc_row wpb_row vc_row-fluid\"><div class=\"wpb_column vc_column_container vc_col-sm-12 vc_col-has-fill\"><div class=\"vc_column-inner vc_custom_1653007217691\"><div class=\"wpb_wrapper\"><div class=\"vc_row wpb_row vc_inner vc_row-fluid vc_row-o-equal-height vc_row-o-content-middle vc_row-flex\"><div class=\"wpb_column vc_column_container vc_col-sm-6 vc_col-has-fill\"><div class=\"vc_column-inner vc_custom_1663456909225\"><div class=\"wpb_wrapper\"><\/div><\/div><\/div><div class=\"wpb_column vc_column_container vc_col-sm-4\"><div class=\"vc_column-inner vc_custom_1653418794265\"><div class=\"wpb_wrapper\"><div class=\"ult-spacer spacer-69e9d88633c1e\" data-id=\"69e9d88633c1e\" data-height=\"75\" data-height-mobile=\"35\" data-height-tab=\"60\" data-height-tab-portrait=\"60\" data-height-mobile-landscape=\"35\" style=\"clear:both;display:block;\"><\/div><h2 style=\"color: #ffffff;text-align: left\" class=\"vc_custom_heading vc_do_custom_heading light-headline\" >Hoosier Energy Hoje<\/h2>\n\t<div class=\"wpb_text_column wpb_content_element\" >\n\t\t<div class=\"wpb_wrapper\">\n\t\t\t<p><span style=\"color: #ffffff;\">Ao longo das d\u00e9cadas, a Hoosier Energy amadureceu e cresceu at\u00e9 se tornar uma cooperativa de gera\u00e7\u00e3o e transmiss\u00e3o eficiente que agora atende a mais de 700.000 consumidores por meio de 17 cooperativas el\u00e9tricas associadas em uma \u00e1rea de 15.000 milhas quadradas em Indiana e Illinois. N\u00f3s extra\u00edmos energia de uma gama diversificada de recursos e fizemos avan\u00e7os significativos na \u00faltima d\u00e9cada para aumentar a produ\u00e7\u00e3o e distribui\u00e7\u00e3o de energia renov\u00e1vel. Nosso compromisso com a energia renov\u00e1vel foi refor\u00e7ado por uma pol\u00edtica volunt\u00e1ria do conselho para aumentar a por\u00e7\u00e3o renov\u00e1vel de nossa produ\u00e7\u00e3o para pelo menos 10% at\u00e9 2025.<\/span><\/p>\n<p><span style=\"color: #ffffff;\">Hoje, operamos com a mesma vis\u00e3o e clareza que servem nossa cooperativa desde 1949. Os princ\u00edpios que guiaram nossos l\u00edderes h\u00e1 mais de 70 anos permanecem os mesmos, e estamos comprometidos em entregar valor aos nossos membros nas pr\u00f3ximas d\u00e9cadas.<\/span><\/p>\n\n\t\t<\/div>\n\t<\/div>\n<div class=\"ult-spacer spacer-69e9d886340f7\" data-id=\"69e9d886340f7\" data-height=\"75\" data-height-mobile=\"35\" data-height-tab=\"60\" data-height-tab-portrait=\"60\" data-height-mobile-landscape=\"35\" style=\"clear:both;display:block;\"><\/div><\/div><\/div><\/div><\/div><\/div><\/div><\/div><\/div><div class=\"vc_row-full-width vc_clearfix\"><\/div><div data-vc-full-width=\"true\" data-vc-full-width-temp=\"true\" data-vc-full-width-init=\"false\" class=\"vc_row wpb_row vc_row-fluid\"><style type=\"text\/css\" data-type=\"vc_shortcodes-default-css\">.vc_do_custom_heading{margin-bottom:0.625rem;margin-top:0;}.vc_do_btn{margin-bottom:22px;}<\/style><style type=\"text\/css\" data-type=\"vc_shortcodes-custom-css\">.vc_custom_1659638016356{background-image: url(https:\/\/hoosierenergy.com\/wp-content\/uploads\/2022\/08\/Join-Our-Team-Header-01-sigmund-4khkLZuJEYI-unsplash-11.jpg?id=6840) !important;}<\/style><div class=\"wpb_column vc_column_container vc_col-sm-12\"><div class=\"vc_column-inner\"><div class=\"wpb_wrapper\"><div class=\"wpb-content-wrapper\"><div id=\"joinourteam\" data-vc-full-width=\"true\" data-vc-full-width-temp=\"true\" data-vc-full-width-init=\"false\" class=\"vc_row wpb_row vc_row-fluid vc_custom_1659638016356 vc_row-has-fill\"><div class=\"wpb_column vc_column_container vc_col-sm-12 vc_col-md-offset-2 vc_col-md-8\"><div class=\"vc_column-inner\"><div class=\"wpb_wrapper\"><div class=\"ult-spacer spacer-69e9d88635eaa\" data-id=\"69e9d88635eaa\" data-height=\"150\" data-height-mobile=\"75\" data-height-tab=\"100\" data-height-tab-portrait=\"100\" data-height-mobile-landscape=\"75\" style=\"clear:both;display:block;\"><\/div><h2 style=\"color: #ffffff;text-align: center\" class=\"vc_custom_heading vc_do_custom_heading\" >JUNTE-SE \u00c0 NOSSA EQUIPE<\/h2><div class=\"ult-spacer spacer-69e9d8863619e\" data-id=\"69e9d8863619e\" data-height=\"10\" data-height-mobile=\"5\" data-height-tab=\"10\" data-height-tab-portrait=\"10\" data-height-mobile-landscape=\"5\" style=\"clear:both;display:block;\"><\/div><div class=\"vc_row wpb_row vc_inner vc_row-fluid vc_row-o-equal-height vc_row-o-content-middle vc_row-flex\"><div class=\"center wpb_column vc_column_container vc_col-sm-12 vc_col-md-offset-2 vc_col-md-8\"><div class=\"vc_column-inner\"><div class=\"wpb_wrapper\">\n\t<div class=\"wpb_text_column wpb_content_element\" >\n\t\t<div class=\"wpb_wrapper\">\n\t\t\t<p style=\"text-align: center;\"><span style=\"color: #ffffff;\">Procurando uma oportunidade de construir uma carreira em uma organiza\u00e7\u00e3o que valoriza seus funcion\u00e1rios? Ajude-nos a criar um futuro mais brilhante para as comunidades que servimos e construa uma carreira na Hoosier Energy.<\/span><\/p>\n\n\t\t<\/div>\n\t<\/div>\n<\/div><\/div><\/div><\/div><div class=\"vc_row wpb_row vc_inner vc_row-fluid vc_row-o-equal-height vc_row-o-content-middle vc_row-flex\"><div class=\"center wpb_column vc_column_container vc_col-sm-12 vc_col-md-offset-3 vc_col-md-6\"><div class=\"vc_column-inner\"><div class=\"wpb_wrapper\"><div class=\"vc_btn3-container vc_btn3-inline\" ><a style=\"background-color:#0071af; color:#f5ff12;\" class=\"vc_general vc_btn3 vc_btn3-size-md vc_btn3-shape-square vc_btn3-style-custom\" href=\"\/pt\/careers\/\" title=\"PESQUISAR EMPREGOS\">PESQUISAR EMPREGOS<\/a><\/div><\/div><\/div><\/div><\/div><div class=\"ult-spacer spacer-69e9d88637220\" data-id=\"69e9d88637220\" data-height=\"150\" data-height-mobile=\"75\" data-height-tab=\"100\" data-height-tab-portrait=\"100\" data-height-mobile-landscape=\"75\" style=\"clear:both;display:block;\"><\/div><\/div><\/div><\/div><\/div><div class=\"vc_row-full-width vc_clearfix\"><\/div>\n<\/div><style type=\"text\/css\" data-type=\"rcb-_wpb_shortcodes_custom_css-60\">.vc_custom_1659638016356{background-image: url(https:\/\/hoosierenergy.com\/wp-content\/uploads\/2022\/08\/Join-Our-Team-Header-01-sigmund-4khkLZuJEYI-unsplash-11.jpg?id=6840) !important;}<\/style><\/div><\/div><\/div><\/div><div class=\"vc_row-full-width vc_clearfix\"><\/div>\n<\/div>","protected":false},"excerpt":{"rendered":"<p>Com ra\u00edzes que datam da d\u00e9cada de 1940, a Hoosier Energy tem fornecido energia para regi\u00f5es de Indiana e Illinois por mais de 70 anos. Embora a Hoosier Energy de hoje n\u00e3o se assemelhe muito \u00e0 sua antiga forma, nossa miss\u00e3o continua a mesma: fornecer energia acess\u00edvel e confi\u00e1vel para regi\u00f5es rurais e carentes de Indiana e Illinois. Ao longo da hist\u00f3ria da Hoosier Energy,\u2026<\/p>","protected":false},"author":1,"featured_media":6829,"parent":22,"menu_order":0,"comment_status":"closed","ping_status":"closed","template":"","meta":{"_acf_changed":false,"footnotes":""},"class_list":["post-140","page","type-page","status-publish","has-post-thumbnail","hentry","description-off"],"acf":[],"yoast_head":"<!-- This site is optimized with the Yoast SEO plugin v27.4 - https:\/\/yoast.com\/product\/yoast-seo-wordpress\/ -->\r\n<title>Our History | Hoosier Energy | Serving Illinois and Indiana<\/title>\r\n<meta name=\"description\" content=\"With roots dating to the 1940s, Hoosier Energy has been powering regions of Indiana and Illinois for over 70 years. Learn more about our history.\" \/>\r\n<meta name=\"robots\" content=\"index, follow, max-snippet:-1, max-image-preview:large, max-video-preview:-1\" \/>\r\n<link rel=\"canonical\" href=\"https:\/\/www.hoosierenergy.com\/pt\/our-cooperative\/history\/\" \/>\r\n<meta property=\"og:locale\" content=\"pt_PT\" \/>\r\n<meta property=\"og:type\" content=\"article\" \/>\r\n<meta property=\"og:title\" content=\"Our History | Hoosier Energy | Serving Illinois and Indiana\" \/>\r\n<meta property=\"og:description\" content=\"With roots dating to the 1940s, Hoosier Energy has been powering regions of Indiana and Illinois for over 70 years. Learn more about our history.\" \/>\r\n<meta property=\"og:url\" content=\"https:\/\/www.hoosierenergy.com\/pt\/our-cooperative\/history\/\" \/>\r\n<meta property=\"og:site_name\" content=\"Hoosier Energy\" \/>\r\n<meta property=\"article:publisher\" content=\"https:\/\/www.facebook.com\/HoosierEnergy\" \/>\r\n<meta property=\"article:modified_time\" content=\"2025-02-03T16:12:32+00:00\" \/>\r\n<meta property=\"og:image\" content=\"https:\/\/www.hoosierenergy.com\/wp-content\/uploads\/2022\/08\/header-ourhistory.jpg\" \/>\r\n\t<meta property=\"og:image:width\" content=\"1920\" \/>\r\n\t<meta property=\"og:image:height\" content=\"560\" \/>\r\n\t<meta property=\"og:image:type\" content=\"image\/jpeg\" \/>\r\n<meta name=\"twitter:card\" content=\"summary_large_image\" \/>\r\n<meta name=\"twitter:site\" content=\"@hoosierenergy\" \/>\r\n<meta name=\"twitter:label1\" content=\"Tempo estimado de leitura\" \/>\n\t<meta name=\"twitter:data1\" content=\"4 minutos\" \/>\r\n<script type=\"application\/ld+json\" class=\"yoast-schema-graph\">{\"@context\":\"https:\\\/\\\/schema.org\",\"@graph\":[{\"@type\":\"WebPage\",\"@id\":\"https:\\\/\\\/www.hoosierenergy.com\\\/our-cooperative\\\/history\\\/\",\"url\":\"https:\\\/\\\/www.hoosierenergy.com\\\/our-cooperative\\\/history\\\/\",\"name\":\"Our History | Hoosier Energy | Serving Illinois and Indiana\",\"isPartOf\":{\"@id\":\"https:\\\/\\\/www.hoosierenergy.com\\\/#website\"},\"primaryImageOfPage\":{\"@id\":\"https:\\\/\\\/www.hoosierenergy.com\\\/our-cooperative\\\/history\\\/#primaryimage\"},\"image\":{\"@id\":\"https:\\\/\\\/www.hoosierenergy.com\\\/our-cooperative\\\/history\\\/#primaryimage\"},\"thumbnailUrl\":\"https:\\\/\\\/www.hoosierenergy.com\\\/wp-content\\\/uploads\\\/2022\\\/08\\\/header-ourhistory.jpg\",\"datePublished\":\"2022-07-20T12:24:26+00:00\",\"dateModified\":\"2025-02-03T16:12:32+00:00\",\"description\":\"With roots dating to the 1940s, Hoosier Energy has been powering regions of Indiana and Illinois for over 70 years. Learn more about our history.\",\"breadcrumb\":{\"@id\":\"https:\\\/\\\/www.hoosierenergy.com\\\/our-cooperative\\\/history\\\/#breadcrumb\"},\"inLanguage\":\"pt-PT\",\"potentialAction\":[{\"@type\":\"ReadAction\",\"target\":[\"https:\\\/\\\/www.hoosierenergy.com\\\/our-cooperative\\\/history\\\/\"]}]},{\"@type\":\"ImageObject\",\"inLanguage\":\"pt-PT\",\"@id\":\"https:\\\/\\\/www.hoosierenergy.com\\\/our-cooperative\\\/history\\\/#primaryimage\",\"url\":\"https:\\\/\\\/www.hoosierenergy.com\\\/wp-content\\\/uploads\\\/2022\\\/08\\\/header-ourhistory.jpg\",\"contentUrl\":\"https:\\\/\\\/www.hoosierenergy.com\\\/wp-content\\\/uploads\\\/2022\\\/08\\\/header-ourhistory.jpg\",\"width\":1920,\"height\":560},{\"@type\":\"BreadcrumbList\",\"@id\":\"https:\\\/\\\/www.hoosierenergy.com\\\/our-cooperative\\\/history\\\/#breadcrumb\",\"itemListElement\":[{\"@type\":\"ListItem\",\"position\":1,\"name\":\"Home\",\"item\":\"https:\\\/\\\/www.hoosierenergy.com\\\/\"},{\"@type\":\"ListItem\",\"position\":2,\"name\":\"Our Cooperative\",\"item\":\"https:\\\/\\\/www.hoosierenergy.com\\\/our-cooperative\\\/\"},{\"@type\":\"ListItem\",\"position\":3,\"name\":\"History\"}]},{\"@type\":\"WebSite\",\"@id\":\"https:\\\/\\\/www.hoosierenergy.com\\\/#website\",\"url\":\"https:\\\/\\\/www.hoosierenergy.com\\\/\",\"name\":\"Hoosier Energy\",\"description\":\"Powering Community\",\"alternateName\":\"Hoosier Energy Rural Electric Cooperative, Inc.\",\"potentialAction\":[{\"@type\":\"SearchAction\",\"target\":{\"@type\":\"EntryPoint\",\"urlTemplate\":\"https:\\\/\\\/www.hoosierenergy.com\\\/?s={search_term_string}\"},\"query-input\":{\"@type\":\"PropertyValueSpecification\",\"valueRequired\":true,\"valueName\":\"search_term_string\"}}],\"inLanguage\":\"pt-PT\"}]}<\/script>\r\n<!-- \/ Yoast SEO plugin. -->","yoast_head_json":{"title":"Our History | Hoosier Energy | Serving Illinois and Indiana","description":"With roots dating to the 1940s, Hoosier Energy has been powering regions of Indiana and Illinois for over 70 years. Learn more about our history.","robots":{"index":"index","follow":"follow","max-snippet":"max-snippet:-1","max-image-preview":"max-image-preview:large","max-video-preview":"max-video-preview:-1"},"canonical":"https:\/\/www.hoosierenergy.com\/pt\/our-cooperative\/history\/","og_locale":"pt_PT","og_type":"article","og_title":"Our History | Hoosier Energy | Serving Illinois and Indiana","og_description":"With roots dating to the 1940s, Hoosier Energy has been powering regions of Indiana and Illinois for over 70 years. Learn more about our history.","og_url":"https:\/\/www.hoosierenergy.com\/pt\/our-cooperative\/history\/","og_site_name":"Hoosier Energy","article_publisher":"https:\/\/www.facebook.com\/HoosierEnergy","article_modified_time":"2025-02-03T16:12:32+00:00","og_image":[{"width":1920,"height":560,"url":"https:\/\/www.hoosierenergy.com\/wp-content\/uploads\/2022\/08\/header-ourhistory.jpg","type":"image\/jpeg"}],"twitter_card":"summary_large_image","twitter_site":"@hoosierenergy","twitter_misc":{"Tempo estimado de leitura":"4 minutos"},"schema":{"@context":"https:\/\/schema.org","@graph":[{"@type":"WebPage","@id":"https:\/\/www.hoosierenergy.com\/our-cooperative\/history\/","url":"https:\/\/www.hoosierenergy.com\/our-cooperative\/history\/","name":"Our History | Hoosier Energy | Serving Illinois and Indiana","isPartOf":{"@id":"https:\/\/www.hoosierenergy.com\/#website"},"primaryImageOfPage":{"@id":"https:\/\/www.hoosierenergy.com\/our-cooperative\/history\/#primaryimage"},"image":{"@id":"https:\/\/www.hoosierenergy.com\/our-cooperative\/history\/#primaryimage"},"thumbnailUrl":"https:\/\/www.hoosierenergy.com\/wp-content\/uploads\/2022\/08\/header-ourhistory.jpg","datePublished":"2022-07-20T12:24:26+00:00","dateModified":"2025-02-03T16:12:32+00:00","description":"With roots dating to the 1940s, Hoosier Energy has been powering regions of Indiana and Illinois for over 70 years. Learn more about our history.","breadcrumb":{"@id":"https:\/\/www.hoosierenergy.com\/our-cooperative\/history\/#breadcrumb"},"inLanguage":"pt-PT","potentialAction":[{"@type":"ReadAction","target":["https:\/\/www.hoosierenergy.com\/our-cooperative\/history\/"]}]},{"@type":"ImageObject","inLanguage":"pt-PT","@id":"https:\/\/www.hoosierenergy.com\/our-cooperative\/history\/#primaryimage","url":"https:\/\/www.hoosierenergy.com\/wp-content\/uploads\/2022\/08\/header-ourhistory.jpg","contentUrl":"https:\/\/www.hoosierenergy.com\/wp-content\/uploads\/2022\/08\/header-ourhistory.jpg","width":1920,"height":560},{"@type":"BreadcrumbList","@id":"https:\/\/www.hoosierenergy.com\/our-cooperative\/history\/#breadcrumb","itemListElement":[{"@type":"ListItem","position":1,"name":"Home","item":"https:\/\/www.hoosierenergy.com\/"},{"@type":"ListItem","position":2,"name":"Our Cooperative","item":"https:\/\/www.hoosierenergy.com\/our-cooperative\/"},{"@type":"ListItem","position":3,"name":"History"}]},{"@type":"WebSite","@id":"https:\/\/www.hoosierenergy.com\/#website","url":"https:\/\/www.hoosierenergy.com\/","name":"Energia Hoosier","description":"Alimentando a Comunidade","alternateName":"Hoosier Energy Rural Electric Cooperative, Inc.","potentialAction":[{"@type":"SearchAction","target":{"@type":"EntryPoint","urlTemplate":"https:\/\/www.hoosierenergy.com\/?s={search_term_string}"},"query-input":{"@type":"PropertyValueSpecification","valueRequired":true,"valueName":"search_term_string"}}],"inLanguage":"pt-PT"}]}},"_links":{"self":[{"href":"https:\/\/www.hoosierenergy.com\/pt\/wp-json\/wp\/v2\/pages\/140","targetHints":{"allow":["GET"]}}],"collection":[{"href":"https:\/\/www.hoosierenergy.com\/pt\/wp-json\/wp\/v2\/pages"}],"about":[{"href":"https:\/\/www.hoosierenergy.com\/pt\/wp-json\/wp\/v2\/types\/page"}],"author":[{"embeddable":true,"href":"https:\/\/www.hoosierenergy.com\/pt\/wp-json\/wp\/v2\/users\/1"}],"replies":[{"embeddable":true,"href":"https:\/\/www.hoosierenergy.com\/pt\/wp-json\/wp\/v2\/comments?post=140"}],"version-history":[{"count":0,"href":"https:\/\/www.hoosierenergy.com\/pt\/wp-json\/wp\/v2\/pages\/140\/revisions"}],"up":[{"embeddable":true,"href":"https:\/\/www.hoosierenergy.com\/pt\/wp-json\/wp\/v2\/pages\/22"}],"wp:featuredmedia":[{"embeddable":true,"href":"https:\/\/www.hoosierenergy.com\/pt\/wp-json\/wp\/v2\/media\/6829"}],"wp:attachment":[{"href":"https:\/\/www.hoosierenergy.com\/pt\/wp-json\/wp\/v2\/media?parent=140"}],"curies":[{"name":"wp","href":"https:\/\/api.w.org\/{rel}","templated":true}]}}