{"id":128,"date":"2022-07-14T16:53:37","date_gmt":"2022-07-14T16:53:37","guid":{"rendered":"https:\/\/hoosierenerstg.wpengine.com\/?page_id=128"},"modified":"2024-01-17T11:03:48","modified_gmt":"2024-01-17T16:03:48","slug":"economic-development-assistance","status":"publish","type":"page","link":"https:\/\/www.hoosierenergy.com\/pt\/economic-development\/economic-development-assistance\/","title":{"rendered":"Assist\u00eancia ao Desenvolvimento Econ\u00f4mico"},"content":{"rendered":"<div class=\"wpb-content-wrapper\"><div class=\"vc_row wpb_row vc_row-fluid negativetopmargin vc_custom_1654014318664 vc_row-has-fill\"><div class=\"wpb_column vc_column_container vc_col-sm-12 vc_col-md-offset-2 vc_col-md-8\"><div class=\"vc_column-inner\"><div class=\"wpb_wrapper\"><div class=\"ult-spacer spacer-69e9e90b53899\" data-id=\"69e9e90b53899\" data-height=\"50\" data-height-mobile=\"20\" data-height-tab=\"30\" data-height-tab-portrait=\"30\" data-height-mobile-landscape=\"20\" style=\"clear:both;display:block;\"><\/div><h2 style=\"text-align: center\" class=\"vc_custom_heading vc_do_custom_heading\" >Nossa equipe de desenvolvimento econ\u00f4mico fornece assist\u00eancia cr\u00edtica para ajudar empresas a estabelecer ou expandir sua presen\u00e7a no Centro-Oeste<\/h2>\n\t<div class=\"wpb_text_column wpb_content_element\" >\n\t\t<div class=\"wpb_wrapper\">\n\t\t\t<p style=\"text-align: center;\">A equipe de desenvolvimento econ\u00f4mico da Hoosier Energy fornece uma ampla gama de assist\u00eancia a organiza\u00e7\u00f5es interessadas em construir ou expandir opera\u00e7\u00f5es em nossa \u00e1rea de servi\u00e7o, que inclui o centro e o sul de Indiana e o sudeste de Illinois. Nossa equipe de desenvolvimento econ\u00f4mico tem as ferramentas e os recursos necess\u00e1rios para tornar a transi\u00e7\u00e3o suave e simples. A Hoosier Energy est\u00e1 aqui para ajudar em cada etapa.<\/p>\n\n\t\t<\/div>\n\t<\/div>\n<div class=\"ult-spacer spacer-69e9e90b54291\" data-id=\"69e9e90b54291\" data-height=\"50\" data-height-mobile=\"25\" data-height-tab=\"35\" data-height-tab-portrait=\"35\" data-height-mobile-landscape=\"25\" style=\"clear:both;display:block;\"><\/div><\/div><\/div><\/div><\/div><div class=\"vc_row wpb_row vc_row-fluid\"><div class=\"wpb_column vc_column_container vc_col-sm-4\"><div class=\"vc_column-inner\"><div class=\"wpb_wrapper\">\n\t<div  class=\"wpb_single_image wpb_content_element vc_align_center\">\n\t\t\n\t\t<figure class=\"wpb_wrapper vc_figure\">\n\t\t\t<div class=\"vc_single_image-wrapper   vc_box_border_grey\"><img loading=\"lazy\" decoding=\"async\" width=\"990\" height=\"765\" src=\"https:\/\/www.hoosierenergy.com\/wp-content\/uploads\/2022\/09\/EconDevAssistance-ProjectAssistance.jpg\" class=\"vc_single_image-img attachment-full\" alt=\"\" title=\"EconDevAssistance-Assist\u00eancia a Projetos\" srcset=\"https:\/\/www.hoosierenergy.com\/wp-content\/uploads\/2022\/09\/EconDevAssistance-ProjectAssistance.jpg 990w, https:\/\/www.hoosierenergy.com\/wp-content\/uploads\/2022\/09\/EconDevAssistance-ProjectAssistance-300x232.jpg 300w, https:\/\/www.hoosierenergy.com\/wp-content\/uploads\/2022\/09\/EconDevAssistance-ProjectAssistance-768x593.jpg 768w\" sizes=\"auto, (max-width: 990px) 100vw, 990px\"  data-dt-location=\"https:\/\/www.hoosierenergy.com\/pt\/econdevassistance-projectassistance\/\" \/><\/div>\n\t\t<\/figure>\n\t<\/div>\n<h3 style=\"text-align: left\" class=\"vc_custom_heading vc_do_custom_heading\" >Assist\u00eancia ao Projeto<\/h3>\n\t<div class=\"wpb_text_column wpb_content_element\" >\n\t\t<div class=\"wpb_wrapper\">\n\t\t\t<ul>\n<li>Estimativas e an\u00e1lises de custos empresariais<\/li>\n<li>Compara\u00e7\u00f5es de custos entre estados<\/li>\n<li>An\u00e1lise de impacto econ\u00f4mico do projeto<\/li>\n<li>Informa\u00e7\u00f5es completas sobre a pesquisa do projeto<\/li>\n<li>Aconselhamento \u00e0s comunidades sobre financiamento de infraestruturas<\/li>\n<li>Estudos de imposto sobre a propriedade<\/li>\n<li>Estimativas de redu\u00e7\u00e3o de impostos<\/li>\n<li>An\u00e1lise e compara\u00e7\u00f5es personalizadas de tarifas el\u00e9tricas<\/li>\n<\/ul>\n\n\t\t<\/div>\n\t<\/div>\n<\/div><\/div><\/div><div class=\"wpb_column vc_column_container vc_col-sm-4\"><div class=\"vc_column-inner\"><div class=\"wpb_wrapper\">\n\t<div  class=\"wpb_single_image wpb_content_element vc_align_center\">\n\t\t\n\t\t<figure class=\"wpb_wrapper vc_figure\">\n\t\t\t<div class=\"vc_single_image-wrapper   vc_box_border_grey\"><img loading=\"lazy\" decoding=\"async\" width=\"990\" height=\"765\" src=\"https:\/\/www.hoosierenergy.com\/wp-content\/uploads\/2022\/09\/EconDevAssistance-IndustrialSiteDev.jpg\" class=\"vc_single_image-img attachment-full\" alt=\"\" title=\"EconDevAssistance-IndustrialSiteDev\" srcset=\"https:\/\/www.hoosierenergy.com\/wp-content\/uploads\/2022\/09\/EconDevAssistance-IndustrialSiteDev.jpg 990w, https:\/\/www.hoosierenergy.com\/wp-content\/uploads\/2022\/09\/EconDevAssistance-IndustrialSiteDev-300x232.jpg 300w, https:\/\/www.hoosierenergy.com\/wp-content\/uploads\/2022\/09\/EconDevAssistance-IndustrialSiteDev-768x593.jpg 768w\" sizes=\"auto, (max-width: 990px) 100vw, 990px\"  data-dt-location=\"https:\/\/www.hoosierenergy.com\/pt\/econdevassistance-industrialsitedev\/\" \/><\/div>\n\t\t<\/figure>\n\t<\/div>\n<h3 style=\"text-align: left\" class=\"vc_custom_heading vc_do_custom_heading\" >Desenvolvimento de S\u00edtios Industriais<\/h3>\n\t<div class=\"wpb_text_column wpb_content_element\" >\n\t\t<div class=\"wpb_wrapper\">\n\t\t\t<ul>\n<li>Produ\u00e7\u00e3o de mapas de s\u00edtios, fotografias a\u00e9reas e brochuras<\/li>\n<li>Identifica\u00e7\u00e3o de local industrial<\/li>\n<li>Assist\u00eancia de planejamento estrat\u00e9gico para construtoras e construtoras<\/li>\n<li>Financiamento de infraestrutura e especializa\u00e7\u00e3o em zoneamento<\/li>\n<li>Estudos preliminares de fase 1 e geot\u00e9cnicos do local<\/li>\n<li>Engenharia preliminar e layout de locais industriais<\/li>\n<\/ul>\n\n\t\t<\/div>\n\t<\/div>\n<\/div><\/div><\/div><div class=\"wpb_column vc_column_container vc_col-sm-4\"><div class=\"vc_column-inner\"><div class=\"wpb_wrapper\">\n\t<div  class=\"wpb_single_image wpb_content_element vc_align_center\">\n\t\t\n\t\t<figure class=\"wpb_wrapper vc_figure\">\n\t\t\t<div class=\"vc_single_image-wrapper   vc_box_border_grey\"><img loading=\"lazy\" decoding=\"async\" width=\"990\" height=\"765\" src=\"https:\/\/www.hoosierenergy.com\/wp-content\/uploads\/2022\/09\/EconDevAssistance-ProjectDev.jpg\" class=\"vc_single_image-img attachment-full\" alt=\"\" title=\"EconDevAssistance-ProjectDev\" srcset=\"https:\/\/www.hoosierenergy.com\/wp-content\/uploads\/2022\/09\/EconDevAssistance-ProjectDev.jpg 990w, https:\/\/www.hoosierenergy.com\/wp-content\/uploads\/2022\/09\/EconDevAssistance-ProjectDev-300x232.jpg 300w, https:\/\/www.hoosierenergy.com\/wp-content\/uploads\/2022\/09\/EconDevAssistance-ProjectDev-768x593.jpg 768w\" sizes=\"auto, (max-width: 990px) 100vw, 990px\"  data-dt-location=\"https:\/\/www.hoosierenergy.com\/pt\/econdevassistance-projectdev\/\" \/><\/div>\n\t\t<\/figure>\n\t<\/div>\n<h3 style=\"text-align: left\" class=\"vc_custom_heading vc_do_custom_heading\" >Desenvolvimento de Projetos<\/h3>\n\t<div class=\"wpb_text_column wpb_content_element\" >\n\t\t<div class=\"wpb_wrapper\">\n\t\t\t<ul>\n<li>Gera\u00e7\u00e3o de leads<\/li>\n<li>Visita de prospec\u00e7\u00e3o de hospedagem<\/li>\n<li>Feiras de neg\u00f3cios<\/li>\n<li>Mala direta<\/li>\n<li>Desenvolvimento e publica\u00e7\u00e3o de brochuras do site<\/li>\n<li>Antenas para locais industriais<\/li>\n<li>Marketing baseado na web<\/li>\n<\/ul>\n\n\t\t<\/div>\n\t<\/div>\n<\/div><\/div><\/div><\/div><div class=\"vc_row wpb_row vc_row-fluid\"><div class=\"wpb_column vc_column_container vc_col-sm-12\"><div class=\"vc_column-inner\"><div class=\"wpb_wrapper\"><div class=\"ult-spacer spacer-69e9e90b58953\" data-id=\"69e9e90b58953\" data-height=\"75\" data-height-mobile=\"35\" data-height-tab=\"50\" data-height-tab-portrait=\"50\" data-height-mobile-landscape=\"35\" style=\"clear:both;display:block;\"><\/div><\/div><\/div><\/div><\/div><div class=\"vc_row wpb_row vc_row-fluid\"><div class=\"wpb_column vc_column_container vc_col-sm-6\"><div class=\"vc_column-inner\"><div class=\"wpb_wrapper\">\n\t<div  class=\"wpb_single_image wpb_content_element vc_align_center\">\n\t\t\n\t\t<figure class=\"wpb_wrapper vc_figure\">\n\t\t\t<div class=\"vc_single_image-wrapper   vc_box_border_grey\"><img loading=\"lazy\" decoding=\"async\" width=\"990\" height=\"765\" src=\"https:\/\/www.hoosierenergy.com\/wp-content\/uploads\/2022\/09\/EconDevAssistance-OtherServices.jpg\" class=\"vc_single_image-img attachment-full\" alt=\"\" title=\"EconDevAssistance-OutrosServi\u00e7os\" srcset=\"https:\/\/www.hoosierenergy.com\/wp-content\/uploads\/2022\/09\/EconDevAssistance-OtherServices.jpg 990w, https:\/\/www.hoosierenergy.com\/wp-content\/uploads\/2022\/09\/EconDevAssistance-OtherServices-300x232.jpg 300w, https:\/\/www.hoosierenergy.com\/wp-content\/uploads\/2022\/09\/EconDevAssistance-OtherServices-768x593.jpg 768w\" sizes=\"auto, (max-width: 990px) 100vw, 990px\"  data-dt-location=\"https:\/\/www.hoosierenergy.com\/pt\/econdevassistance-otherservices\/\" \/><\/div>\n\t\t<\/figure>\n\t<\/div>\n<\/div><\/div><\/div><div class=\"wpb_column vc_column_container vc_col-sm-6\"><div class=\"vc_column-inner\"><div class=\"wpb_wrapper\"><h3 style=\"text-align: left\" class=\"vc_custom_heading vc_do_custom_heading\" >Outros servi\u00e7os<\/h3>\n\t<div class=\"wpb_text_column wpb_content_element\" >\n\t\t<div class=\"wpb_wrapper\">\n\t\t\t<ul>\n<li>Liga\u00e7\u00e3o com\u00a0<a href=\"https:\/\/iedc.in.gov\/\">Corpora\u00e7\u00e3o de Desenvolvimento Econ\u00f4mico de Indiana<\/a> (IEDC), organiza\u00e7\u00f5es locais de desenvolvimento econ\u00f4mico (<a href=\"\/pt\/economic-development\/economic-development-partners\/\">LEDOs<\/a>), organiza\u00e7\u00f5es regionais de desenvolvimento econ\u00f3mico (<a href=\"\/pt\/economic-development\/economic-development-partners\/\">Refaz<\/a>) e consultores para fornecer passeios e informa\u00e7\u00f5es para ind\u00fastrias em expans\u00e3o ou realoca\u00e7\u00e3o em nome dos locais atendidos.<\/li>\n<li>Educar organiza\u00e7\u00f5es locais de desenvolvimento econ\u00f4mico e funcion\u00e1rios estaduais sobre quest\u00f5es de desenvolvimento econ\u00f4mico de Indiana e Illinois.<\/li>\n<li>Realizar estudos de qualidade de energia.<\/li>\n<li>Fornecer servi\u00e7os para negocia\u00e7\u00f5es de contratos e defini\u00e7\u00e3o de tarifas personalizadas para projetos.<\/li>\n<li>Oferecer bolsas de estudo para cursos b\u00e1sicos de desenvolvimento econ\u00f4mico, cursos de desenvolvimento comunit\u00e1rio e para o Instituto de Desenvolvimento Econ\u00f4mico.<\/li>\n<li>Trabalhar com ag\u00eancias estaduais e regionais para fornecer atualiza\u00e7\u00f5es sobre quest\u00f5es relacionadas ao setor e suporte para projetos e pol\u00edticas de desenvolvimento rural.<\/li>\n<li>Fornecer intelig\u00eancia estrat\u00e9gica para organiza\u00e7\u00f5es locais em setores-chave, como pl\u00e1sticos, a\u00e7o e agricultura.<\/li>\n<li>Gerenciar a coordena\u00e7\u00e3o e a assist\u00eancia do programa do USDA.<\/li>\n<\/ul>\n\n\t\t<\/div>\n\t<\/div>\n<\/div><\/div><\/div><\/div><div class=\"vc_row wpb_row vc_row-fluid\"><div class=\"wpb_column vc_column_container vc_col-sm-12\"><div class=\"vc_column-inner\"><div class=\"wpb_wrapper\"><div class=\"ult-spacer spacer-69e9e90b5a70a\" data-id=\"69e9e90b5a70a\" data-height=\"75\" data-height-mobile=\"35\" data-height-tab=\"50\" data-height-tab-portrait=\"50\" data-height-mobile-landscape=\"35\" style=\"clear:both;display:block;\"><\/div><\/div><\/div><\/div><\/div>\n<\/div>","protected":false},"excerpt":{"rendered":"<p>Nossa equipe de desenvolvimento econ\u00f4mico fornece assist\u00eancia cr\u00edtica para ajudar empresas a estabelecer ou expandir sua presen\u00e7a no Centro-Oeste. A equipe de desenvolvimento econ\u00f4mico da Hoosier Energy fornece uma ampla gama de assist\u00eancia a organiza\u00e7\u00f5es interessadas em construir ou expandir opera\u00e7\u00f5es em nossa \u00e1rea de servi\u00e7o, que inclui o centro e o sul de Indiana e o sudeste de Illinois. Nossa equipe de desenvolvimento econ\u00f4mico tem\u2026<\/p>","protected":false},"author":1,"featured_media":7082,"parent":26,"menu_order":0,"comment_status":"closed","ping_status":"closed","template":"","meta":{"_acf_changed":false,"footnotes":""},"class_list":["post-128","page","type-page","status-publish","has-post-thumbnail","hentry","description-off"],"acf":[],"yoast_head":"<!-- This site is optimized with the Yoast SEO plugin v27.4 - https:\/\/yoast.com\/product\/yoast-seo-wordpress\/ -->\r\n<title>Economic Development Assistance | Hoosier Energy<\/title>\r\n<meta name=\"description\" content=\"Our dedicated economic development team provides crucial assistance to help businesses build their presence in our service territory. Learn more.\" \/>\r\n<meta name=\"robots\" content=\"index, follow, max-snippet:-1, max-image-preview:large, max-video-preview:-1\" \/>\r\n<link rel=\"canonical\" href=\"https:\/\/www.hoosierenergy.com\/pt\/economic-development\/economic-development-assistance\/\" \/>\r\n<meta property=\"og:locale\" content=\"pt_PT\" \/>\r\n<meta property=\"og:type\" content=\"article\" \/>\r\n<meta property=\"og:title\" content=\"Economic Development Assistance | Hoosier Energy\" \/>\r\n<meta property=\"og:description\" content=\"Our dedicated economic development team provides crucial assistance to help businesses build their presence in our service territory. Learn more.\" \/>\r\n<meta property=\"og:url\" content=\"https:\/\/www.hoosierenergy.com\/pt\/economic-development\/economic-development-assistance\/\" \/>\r\n<meta property=\"og:site_name\" content=\"Hoosier Energy\" \/>\r\n<meta property=\"article:publisher\" content=\"https:\/\/www.facebook.com\/HoosierEnergy\" \/>\r\n<meta property=\"article:modified_time\" content=\"2024-01-17T16:03:48+00:00\" \/>\r\n<meta property=\"og:image\" content=\"https:\/\/www.hoosierenergy.com\/wp-content\/uploads\/2022\/09\/EconDevAssistance-Header.jpg\" \/>\r\n\t<meta property=\"og:image:width\" content=\"1920\" \/>\r\n\t<meta property=\"og:image:height\" content=\"400\" \/>\r\n\t<meta property=\"og:image:type\" content=\"image\/jpeg\" \/>\r\n<meta name=\"twitter:card\" content=\"summary_large_image\" \/>\r\n<meta name=\"twitter:site\" content=\"@hoosierenergy\" \/>\r\n<meta name=\"twitter:label1\" content=\"Tempo estimado de leitura\" \/>\n\t<meta name=\"twitter:data1\" content=\"2 minutos\" \/>\r\n<script type=\"application\/ld+json\" class=\"yoast-schema-graph\">{\"@context\":\"https:\\\/\\\/schema.org\",\"@graph\":[{\"@type\":\"WebPage\",\"@id\":\"https:\\\/\\\/www.hoosierenergy.com\\\/economic-development\\\/economic-development-assistance\\\/\",\"url\":\"https:\\\/\\\/www.hoosierenergy.com\\\/economic-development\\\/economic-development-assistance\\\/\",\"name\":\"Economic Development Assistance | Hoosier Energy\",\"isPartOf\":{\"@id\":\"https:\\\/\\\/www.hoosierenergy.com\\\/#website\"},\"primaryImageOfPage\":{\"@id\":\"https:\\\/\\\/www.hoosierenergy.com\\\/economic-development\\\/economic-development-assistance\\\/#primaryimage\"},\"image\":{\"@id\":\"https:\\\/\\\/www.hoosierenergy.com\\\/economic-development\\\/economic-development-assistance\\\/#primaryimage\"},\"thumbnailUrl\":\"https:\\\/\\\/www.hoosierenergy.com\\\/wp-content\\\/uploads\\\/2022\\\/09\\\/EconDevAssistance-Header.jpg\",\"datePublished\":\"2022-07-14T16:53:37+00:00\",\"dateModified\":\"2024-01-17T16:03:48+00:00\",\"description\":\"Our dedicated economic development team provides crucial assistance to help businesses build their presence in our service territory. Learn more.\",\"breadcrumb\":{\"@id\":\"https:\\\/\\\/www.hoosierenergy.com\\\/economic-development\\\/economic-development-assistance\\\/#breadcrumb\"},\"inLanguage\":\"pt-PT\",\"potentialAction\":[{\"@type\":\"ReadAction\",\"target\":[\"https:\\\/\\\/www.hoosierenergy.com\\\/economic-development\\\/economic-development-assistance\\\/\"]}]},{\"@type\":\"ImageObject\",\"inLanguage\":\"pt-PT\",\"@id\":\"https:\\\/\\\/www.hoosierenergy.com\\\/economic-development\\\/economic-development-assistance\\\/#primaryimage\",\"url\":\"https:\\\/\\\/www.hoosierenergy.com\\\/wp-content\\\/uploads\\\/2022\\\/09\\\/EconDevAssistance-Header.jpg\",\"contentUrl\":\"https:\\\/\\\/www.hoosierenergy.com\\\/wp-content\\\/uploads\\\/2022\\\/09\\\/EconDevAssistance-Header.jpg\",\"width\":1920,\"height\":400},{\"@type\":\"BreadcrumbList\",\"@id\":\"https:\\\/\\\/www.hoosierenergy.com\\\/economic-development\\\/economic-development-assistance\\\/#breadcrumb\",\"itemListElement\":[{\"@type\":\"ListItem\",\"position\":1,\"name\":\"Home\",\"item\":\"https:\\\/\\\/www.hoosierenergy.com\\\/\"},{\"@type\":\"ListItem\",\"position\":2,\"name\":\"Economic Development\",\"item\":\"https:\\\/\\\/www.hoosierenergy.com\\\/economic-development\\\/\"},{\"@type\":\"ListItem\",\"position\":3,\"name\":\"Economic Development Assistance\"}]},{\"@type\":\"WebSite\",\"@id\":\"https:\\\/\\\/www.hoosierenergy.com\\\/#website\",\"url\":\"https:\\\/\\\/www.hoosierenergy.com\\\/\",\"name\":\"Hoosier Energy\",\"description\":\"Powering Community\",\"alternateName\":\"Hoosier Energy Rural Electric Cooperative, Inc.\",\"potentialAction\":[{\"@type\":\"SearchAction\",\"target\":{\"@type\":\"EntryPoint\",\"urlTemplate\":\"https:\\\/\\\/www.hoosierenergy.com\\\/?s={search_term_string}\"},\"query-input\":{\"@type\":\"PropertyValueSpecification\",\"valueRequired\":true,\"valueName\":\"search_term_string\"}}],\"inLanguage\":\"pt-PT\"}]}<\/script>\r\n<!-- \/ Yoast SEO plugin. -->","yoast_head_json":{"title":"Economic Development Assistance | Hoosier Energy","description":"Our dedicated economic development team provides crucial assistance to help businesses build their presence in our service territory. Learn more.","robots":{"index":"index","follow":"follow","max-snippet":"max-snippet:-1","max-image-preview":"max-image-preview:large","max-video-preview":"max-video-preview:-1"},"canonical":"https:\/\/www.hoosierenergy.com\/pt\/economic-development\/economic-development-assistance\/","og_locale":"pt_PT","og_type":"article","og_title":"Economic Development Assistance | Hoosier Energy","og_description":"Our dedicated economic development team provides crucial assistance to help businesses build their presence in our service territory. Learn more.","og_url":"https:\/\/www.hoosierenergy.com\/pt\/economic-development\/economic-development-assistance\/","og_site_name":"Hoosier Energy","article_publisher":"https:\/\/www.facebook.com\/HoosierEnergy","article_modified_time":"2024-01-17T16:03:48+00:00","og_image":[{"width":1920,"height":400,"url":"https:\/\/www.hoosierenergy.com\/wp-content\/uploads\/2022\/09\/EconDevAssistance-Header.jpg","type":"image\/jpeg"}],"twitter_card":"summary_large_image","twitter_site":"@hoosierenergy","twitter_misc":{"Tempo estimado de leitura":"2 minutos"},"schema":{"@context":"https:\/\/schema.org","@graph":[{"@type":"WebPage","@id":"https:\/\/www.hoosierenergy.com\/economic-development\/economic-development-assistance\/","url":"https:\/\/www.hoosierenergy.com\/economic-development\/economic-development-assistance\/","name":"Economic Development Assistance | Hoosier Energy","isPartOf":{"@id":"https:\/\/www.hoosierenergy.com\/#website"},"primaryImageOfPage":{"@id":"https:\/\/www.hoosierenergy.com\/economic-development\/economic-development-assistance\/#primaryimage"},"image":{"@id":"https:\/\/www.hoosierenergy.com\/economic-development\/economic-development-assistance\/#primaryimage"},"thumbnailUrl":"https:\/\/www.hoosierenergy.com\/wp-content\/uploads\/2022\/09\/EconDevAssistance-Header.jpg","datePublished":"2022-07-14T16:53:37+00:00","dateModified":"2024-01-17T16:03:48+00:00","description":"Our dedicated economic development team provides crucial assistance to help businesses build their presence in our service territory. Learn more.","breadcrumb":{"@id":"https:\/\/www.hoosierenergy.com\/economic-development\/economic-development-assistance\/#breadcrumb"},"inLanguage":"pt-PT","potentialAction":[{"@type":"ReadAction","target":["https:\/\/www.hoosierenergy.com\/economic-development\/economic-development-assistance\/"]}]},{"@type":"ImageObject","inLanguage":"pt-PT","@id":"https:\/\/www.hoosierenergy.com\/economic-development\/economic-development-assistance\/#primaryimage","url":"https:\/\/www.hoosierenergy.com\/wp-content\/uploads\/2022\/09\/EconDevAssistance-Header.jpg","contentUrl":"https:\/\/www.hoosierenergy.com\/wp-content\/uploads\/2022\/09\/EconDevAssistance-Header.jpg","width":1920,"height":400},{"@type":"BreadcrumbList","@id":"https:\/\/www.hoosierenergy.com\/economic-development\/economic-development-assistance\/#breadcrumb","itemListElement":[{"@type":"ListItem","position":1,"name":"Home","item":"https:\/\/www.hoosierenergy.com\/"},{"@type":"ListItem","position":2,"name":"Economic Development","item":"https:\/\/www.hoosierenergy.com\/economic-development\/"},{"@type":"ListItem","position":3,"name":"Economic Development Assistance"}]},{"@type":"WebSite","@id":"https:\/\/www.hoosierenergy.com\/#website","url":"https:\/\/www.hoosierenergy.com\/","name":"Energia Hoosier","description":"Alimentando a Comunidade","alternateName":"Hoosier Energy Rural Electric Cooperative, Inc.","potentialAction":[{"@type":"SearchAction","target":{"@type":"EntryPoint","urlTemplate":"https:\/\/www.hoosierenergy.com\/?s={search_term_string}"},"query-input":{"@type":"PropertyValueSpecification","valueRequired":true,"valueName":"search_term_string"}}],"inLanguage":"pt-PT"}]}},"_links":{"self":[{"href":"https:\/\/www.hoosierenergy.com\/pt\/wp-json\/wp\/v2\/pages\/128","targetHints":{"allow":["GET"]}}],"collection":[{"href":"https:\/\/www.hoosierenergy.com\/pt\/wp-json\/wp\/v2\/pages"}],"about":[{"href":"https:\/\/www.hoosierenergy.com\/pt\/wp-json\/wp\/v2\/types\/page"}],"author":[{"embeddable":true,"href":"https:\/\/www.hoosierenergy.com\/pt\/wp-json\/wp\/v2\/users\/1"}],"replies":[{"embeddable":true,"href":"https:\/\/www.hoosierenergy.com\/pt\/wp-json\/wp\/v2\/comments?post=128"}],"version-history":[{"count":0,"href":"https:\/\/www.hoosierenergy.com\/pt\/wp-json\/wp\/v2\/pages\/128\/revisions"}],"up":[{"embeddable":true,"href":"https:\/\/www.hoosierenergy.com\/pt\/wp-json\/wp\/v2\/pages\/26"}],"wp:featuredmedia":[{"embeddable":true,"href":"https:\/\/www.hoosierenergy.com\/pt\/wp-json\/wp\/v2\/media\/7082"}],"wp:attachment":[{"href":"https:\/\/www.hoosierenergy.com\/pt\/wp-json\/wp\/v2\/media?parent=128"}],"curies":[{"name":"wp","href":"https:\/\/api.w.org\/{rel}","templated":true}]}}