{"id":112,"date":"2022-07-13T19:53:00","date_gmt":"2022-07-13T19:53:00","guid":{"rendered":"https:\/\/hoosierenerstg.wpengine.com\/?page_id=112"},"modified":"2025-02-05T13:12:06","modified_gmt":"2025-02-05T18:12:06","slug":"site-selection-buildings","status":"publish","type":"page","link":"https:\/\/www.hoosierenergy.com\/pt\/economic-development\/site-selection-buildings\/","title":{"rendered":"Sele\u00e7\u00e3o de S\u00edtios e Edif\u00edcios"},"content":{"rendered":"<div class=\"wpb-content-wrapper\"><div class=\"vc_row wpb_row vc_row-fluid negativetopmargin vc_custom_1654014318664 vc_row-has-fill\"><div class=\"wpb_column vc_column_container vc_col-sm-12 vc_col-md-offset-2 vc_col-md-8\"><div class=\"vc_column-inner\"><div class=\"wpb_wrapper\"><div class=\"ult-spacer spacer-69e82dfe2e3ed\" data-id=\"69e82dfe2e3ed\" data-height=\"50\" data-height-mobile=\"20\" data-height-tab=\"30\" data-height-tab-portrait=\"30\" data-height-mobile-landscape=\"20\" style=\"clear:both;display:block;\"><\/div><h2 style=\"text-align: center\" class=\"vc_custom_heading vc_do_custom_heading\" >A Hoosier Energy fornece energia confi\u00e1vel e acess\u00edvel para organiza\u00e7\u00f5es e empresas no centro e sul de Indiana e no sudeste de Illinois<\/h2>\n\t<div class=\"wpb_text_column wpb_content_element\" >\n\t\t<div class=\"wpb_wrapper\">\n\t\t\t<p style=\"text-align: center;\">Em toda a nossa \u00e1rea de servi\u00e7o, oferecemos uma abund\u00e2ncia de locais e edif\u00edcios dispon\u00edveis para os selecionadores de locais escolherem. N\u00e3o importa se voc\u00ea est\u00e1 procurando locais industriais, de escrit\u00f3rio, de uso misto ou greenfield e prontos para escava\u00e7\u00e3o, a Hoosier Energy tem op\u00e7\u00f5es. Tamb\u00e9m temos a for\u00e7a de trabalho para ajudar a preencher vagas e impulsionar suas opera\u00e7\u00f5es. Nossa \u00e1rea de servi\u00e7o se beneficia de um conjunto robusto de talentos com uma ampla variedade de habilidades, oferecendo uma vantagem competitiva para startups e neg\u00f3cios em expans\u00e3o.<\/p>\n\n\t\t<\/div>\n\t<\/div>\n<div class=\"vc_btn3-container vc_btn3-center\" ><a style=\"background-color:#0071af; color:#f5ff12;\" class=\"vc_general vc_btn3 vc_btn3-size-md vc_btn3-shape-square vc_btn3-style-custom\" href=\"\/pt\/economic-development\/site-selection-buildings\/sites-buildings\/\" title=\"VEJA NOSSOS SITES E EDIF\u00cdCIOS\">VEJA NOSSOS SITES E EDIF\u00cdCIOS<\/a><\/div><div class=\"ult-spacer spacer-69e82dfe2f0ee\" data-id=\"69e82dfe2f0ee\" data-height=\"50\" data-height-mobile=\"25\" data-height-tab=\"35\" data-height-tab-portrait=\"35\" data-height-mobile-landscape=\"25\" style=\"clear:both;display:block;\"><\/div><\/div><\/div><\/div><\/div><div class=\"vc_row wpb_row vc_row-fluid\"><div class=\"wpb_column vc_column_container vc_col-sm-12\"><div class=\"vc_column-inner\"><div class=\"wpb_wrapper\"><h3 style=\"text-align: left\" class=\"vc_custom_heading vc_do_custom_heading\" >Uma for\u00e7a de trabalho robusta<\/h3><\/div><\/div><\/div><\/div><div class=\"vc_row wpb_row vc_row-fluid\"><div class=\"wpb_column vc_column_container vc_col-sm-6\"><div class=\"vc_column-inner\"><div class=\"wpb_wrapper\">\n\t<div class=\"wpb_text_column wpb_content_element\" >\n\t\t<div class=\"wpb_wrapper\">\n\t\t\t<p>Nossa for\u00e7a de trabalho regional \u00e9 composta por quase 1,1 milh\u00e3o de pessoas. Com uma m\u00e9dia de mais de 22.000 novos graduados entrando na for\u00e7a de trabalho a cada ano, temos um pipeline consistente para garantir que as empresas possam preencher vagas com talentos bem-educados e qualificados. Em n\u00fameros, a Hoosier Energy oferece aos empregadores acesso a uma for\u00e7a de trabalho altamente qualificada:<\/p>\n<ul>\n<li>Mais de 50% da nossa popula\u00e7\u00e3o est\u00e1 em idade ativa (25-64); a idade m\u00e9dia \u00e9 40.<\/li>\n<li>Mais de 81% possuem diploma de ensino m\u00e9dio.<\/li>\n<li>14% possuem bacharelado e 8% possuem p\u00f3s-gradua\u00e7\u00e3o.<\/li>\n<li>10% da principal for\u00e7a de trabalho do setor de metal e equipamentos de transporte do pa\u00eds reside em Indiana.<\/li>\n<li>Taxa de desemprego regional: 3,4%.<\/li>\n<\/ul>\n\n\t\t<\/div>\n\t<\/div>\n<\/div><\/div><\/div><div class=\"wpb_column vc_column_container vc_col-sm-6\"><div class=\"vc_column-inner\"><div class=\"wpb_wrapper\">\n\t<div class=\"wpb_text_column wpb_content_element\" >\n\t\t<div class=\"wpb_wrapper\">\n\t\t\t<p>A \u00e1rea de servi\u00e7o da Hoosier Energy tamb\u00e9m oferece acesso a diversas institui\u00e7\u00f5es de ensino superior com programas robustos de desenvolvimento de for\u00e7a de trabalho.<\/p>\n<ul>\n<li style=\"list-style-type: none;\">\n<ul>\n<li><a href=\"https:\/\/www.iecc.edu\/fcc\" target=\"_blank\" rel=\"noopener\">Faculdade Comunit\u00e1ria de Fronteira<\/a><\/li>\n<li><a href=\"https:\/\/www.indstate.edu\/\" target=\"_blank\" rel=\"noopener\">Universidade Estadual de Indiana<\/a><\/li>\n<li><a href=\"https:\/\/engagement.iu.edu\/initiatives\/talent-workforce.html\" target=\"_blank\" rel=\"noopener\">Universidade de Indiana<\/a><\/li>\n<li><a href=\"https:\/\/www.ivytech.edu\/ccec\/index.html\" target=\"_blank\" rel=\"noopener\">Faculdade comunit\u00e1ria Ivy Tech<\/a><\/li>\n<li><a href=\"https:\/\/www.cco.purdue.edu\/\" target=\"_blank\" rel=\"noopener\">Universidade Purdue<\/a><\/li>\n<li><a href=\"http:\/\/www.rose-hulman.edu\/offices-and-services\/career-services.aspx\" target=\"_blank\" rel=\"noopener\">Instituto de Tecnologia Rose-Hulman<\/a><\/li>\n<li><a href=\"http:\/\/evansville.edu\/careercenter\/\" target=\"_blank\" rel=\"noopener\">Universidade de Evansville<\/a><\/li>\n<li><a href=\"https:\/\/corporaterelations.illinois.edu\/\" target=\"_blank\" rel=\"noopener\">Universidade de Illinois<\/a><\/li>\n<li><a href=\"https:\/\/careerdevelopment.siu.edu\/employers\/index.php\" target=\"_blank\" rel=\"noopener\">Universidade do Sul de Illinois<\/a><\/li>\n<li><a href=\"https:\/\/www.vinu.edu\/web\/center-for-career-and-employer-relations\/employer-relations\" target=\"_blank\" rel=\"noopener\">Universidade de Vincennes<\/a><\/li>\n<\/ul>\n\n\t\t<\/div>\n\t<\/div>\n<\/div><\/div><\/div><\/div><div class=\"vc_row wpb_row vc_row-fluid\"><div class=\"wpb_column vc_column_container vc_col-sm-12\"><div class=\"vc_column-inner\"><div class=\"wpb_wrapper\"><div class=\"ult-spacer spacer-69e82dfe31339\" data-id=\"69e82dfe31339\" data-height=\"50\" data-height-mobile=\"25\" data-height-tab=\"35\" data-height-tab-portrait=\"35\" data-height-mobile-landscape=\"25\" style=\"clear:both;display:block;\"><\/div>\n\t<div class=\"wpb_raw_code wpb_raw_html wpb_content_element\" >\n\t\t<div class=\"wpb_wrapper\">\n\t\t\t<div style=\"height: 800px;overflow-y: scroll;\">\n<div class=\"gisp_ic_container\" data-token=\"TgkcltG63\"><\/div><script src=\"https:\/\/properties.zoomprospector.com\/static\/scripts\/ic\/embed.js\"><\/script>\n<\/div>\n\t\t<\/div>\n\t<\/div>\n<div class=\"ult-spacer spacer-69e82dfe31781\" data-id=\"69e82dfe31781\" data-height=\"50\" data-height-mobile=\"25\" data-height-tab=\"35\" data-height-tab-portrait=\"35\" data-height-mobile-landscape=\"25\" style=\"clear:both;display:block;\"><\/div><\/div><\/div><\/div><\/div><div class=\"vc_row wpb_row vc_row-fluid\"><div class=\"wpb_column vc_column_container vc_col-sm-12\"><div class=\"vc_column-inner\"><div class=\"wpb_wrapper\"><h3 style=\"text-align: left\" class=\"vc_custom_heading vc_do_custom_heading\" >Vantagens regionais para seletores de sites<\/h3>\n\t<div class=\"wpb_text_column wpb_content_element\" >\n\t\t<div class=\"wpb_wrapper\">\n\t\t\t<p>Nossa \u00e1rea de servi\u00e7o oferece uma gama de vantagens para empresas que buscam um local adequado. A regi\u00e3o de servi\u00e7o da Hoosier Energy oferece aos selecionadores de local acesso a uma abund\u00e2ncia de recursos valiosos, incluindo uma rede de transporte altamente interconectada e pr\u00f3speros clusters industriais.<\/p>\n\n\t\t<\/div>\n\t<\/div>\n<div class=\"vc_row wpb_row vc_inner vc_row-fluid\"><div class=\"wpb_column vc_column_container vc_col-sm-6\"><div class=\"vc_column-inner\"><div class=\"wpb_wrapper\"><h4 style=\"text-align: left\" class=\"vc_custom_heading vc_do_custom_heading\" >Destaques de Indiana<\/h4>\n\t<div class=\"wpb_text_column wpb_content_element\" >\n\t\t<div class=\"wpb_wrapper\">\n\t\t\t<ul>\n<li>Indiana ostenta o quinto melhor custo para fazer neg\u00f3cios nos EUA<\/li>\n<li>Cincinnati, Louisville, Nashville, Chicago e St. Louis ficam a quatro horas de carro dos territ\u00f3rios da Hoosier Energy.<\/li>\n<li>Indiana est\u00e1 em segundo lugar em termos de for\u00e7a da infraestrutura estadual (atr\u00e1s apenas do Texas).<\/li>\n<li>Como a \u201cEncruzilhada da Am\u00e9rica\u201d, Indiana abriga o centro mediano da popula\u00e7\u00e3o dos EUA, o que resulta em acesso superior aos mercados.<\/li>\n<li>Indiana \u00e9 o quarto estado mais favor\u00e1vel aos neg\u00f3cios.<\/li>\n<li>Dos 1 milh\u00e3o de empregos no setor automotivo nos EUA, cerca de metade est\u00e3o em Indiana ou nos quatro estados vizinhos: Michigan, Illinois, Ohio e Kentucky.<\/li>\n<\/ul>\n\n\t\t<\/div>\n\t<\/div>\n<\/div><\/div><\/div><div class=\"wpb_column vc_column_container vc_col-sm-6\"><div class=\"vc_column-inner\"><div class=\"wpb_wrapper\"><h4 style=\"text-align: left\" class=\"vc_custom_heading vc_do_custom_heading\" >Destaques de Illinois<\/h4>\n\t<div class=\"wpb_text_column wpb_content_element\" >\n\t\t<div class=\"wpb_wrapper\">\n\t\t\t<ul>\n<li>Illinois ocupa o segundo lugar nos EUA em cria\u00e7\u00e3o de empresas e n\u00famero de sedes.<\/li>\n<li>O Prairie State \u00e9 o segundo maior produtor de graduados em ci\u00eancia da computa\u00e7\u00e3o.<\/li>\n<li>Anualmente, Illinois recebe $100 bilh\u00f5es em investimentos estrangeiros diretos e abriga mais de 1.900 empresas internacionais e cinco aeroportos internacionais.<\/li>\n<li>Illinois \u00e9 o \u00fanico estado com todas as sete ferrovias de Classe I.<\/li>\n<li>Illinois possui o quinto maior PIB do pa\u00eds, ostenta a 19\u00aa maior economia do mundo e abriga 37 empresas da Fortune 500.<\/li>\n<\/ul>\n\n\t\t<\/div>\n\t<\/div>\n<\/div><\/div><\/div><\/div><div class=\"ult-spacer spacer-69e82dfe33a78\" data-id=\"69e82dfe33a78\" data-height=\"50\" data-height-mobile=\"25\" data-height-tab=\"35\" data-height-tab-portrait=\"35\" data-height-mobile-landscape=\"25\" style=\"clear:both;display:block;\"><\/div><\/div><\/div><\/div><\/div><div class=\"vc_row wpb_row vc_row-fluid\"><div class=\"wpb_column vc_column_container vc_col-sm-12\"><div class=\"vc_column-inner\"><div class=\"wpb_wrapper\"><h3 style=\"text-align: left\" class=\"vc_custom_heading vc_do_custom_heading\" >Mudan\u00e7as e expans\u00f5es recentes<\/h3>\n\t<div class=\"wpb_text_column wpb_content_element\" >\n\t\t<div class=\"wpb_wrapper\">\n\t\t\t<p>A equipe de desenvolvimento econ\u00f4mico da Hoosier Energy ajuda a recrutar uma gama de novos neg\u00f3cios para nosso territ\u00f3rio de servi\u00e7o e facilita expans\u00f5es para organiza\u00e7\u00f5es existentes. Temos orgulho de fazer parcerias com algumas das maiores empresas dos EUA. Algumas de nossas hist\u00f3rias de sucesso recentes incluem:<\/p>\n\n\t\t<\/div>\n\t<\/div>\n<div class=\"vc_row wpb_row vc_inner vc_row-fluid\"><div class=\"wpb_column vc_column_container vc_col-sm-6\"><div class=\"vc_column-inner\"><div class=\"wpb_wrapper\"><h4 style=\"text-align: left\" class=\"vc_custom_heading vc_do_custom_heading\" >Ilumina\u00e7\u00e3o LED IKIO<\/h4>\n\t<div class=\"wpb_text_column wpb_content_element\" >\n\t\t<div class=\"wpb_wrapper\">\n\t\t\t<ul>\n<li>Instala\u00e7\u00e3o de distribui\u00e7\u00e3o de $80 milh\u00f5es no Condado de Johnson, Indiana.<\/li>\n<li>A IKIO \u00e9 uma fabricante l\u00edder de solu\u00e7\u00f5es de ilumina\u00e7\u00e3o LED sediada nos EUA.<\/li>\n<li>$25 milh\u00f5es em novas despesas de capital.<\/li>\n<li>30 novos cargos de tempo integral esperados.<\/li>\n<\/ul>\n\n\t\t<\/div>\n\t<\/div>\n<h4 style=\"text-align: left\" class=\"vc_custom_heading vc_do_custom_heading\" >AboutBit \u2013 Criptomoeda ecologicamente correta<\/h4>\n\t<div class=\"wpb_text_column wpb_content_element\" >\n\t\t<div class=\"wpb_wrapper\">\n\t\t\t<ul>\n<li>Uma empresa sediada em Kentucky busca transformar uma propriedade perto da Merom Generating Station, no Condado de Sullivan, em uma instala\u00e7\u00e3o de minera\u00e7\u00e3o de criptomoedas.<\/li>\n<li>$50 milh\u00f5es em novas despesas de capital.<\/li>\n<li>Come\u00e7ando com 15 novos empregos de alta tecnologia, com mais por vir quando estiver operacional.<\/li>\n<\/ul>\n\n\t\t<\/div>\n\t<\/div>\n<h4 style=\"text-align: left\" class=\"vc_custom_heading vc_do_custom_heading\" >Projeto de Expans\u00e3o da Cabe\u00e7a de Javali<\/h4>\n\t<div class=\"wpb_text_column wpb_content_element\" >\n\t\t<div class=\"wpb_wrapper\">\n\t\t\t<ul>\n<li>$160 milh\u00f5es de novas instala\u00e7\u00f5es para produtor de biocombust\u00edveis em Shelbyville, Indiana.<\/li>\n<li>A processadora de alimentos Boar&#039;s Head de New Castle anunciou planos para expandir suas instala\u00e7\u00f5es atuais com mais 100.000 p\u00e9s quadrados de espa\u00e7o.<\/li>\n<li>$126 milh\u00f5es em novas despesas de capital.<\/li>\n<li>120 novos cargos de tempo integral.<\/li>\n<\/ul>\n\n\t\t<\/div>\n\t<\/div>\n<\/div><\/div><\/div><div class=\"wpb_column vc_column_container vc_col-sm-6\"><div class=\"vc_column-inner\"><div class=\"wpb_wrapper\">\n\t<div  class=\"wpb_single_image wpb_content_element vc_align_left\">\n\t\t\n\t\t<figure class=\"wpb_wrapper vc_figure\">\n\t\t\t<div class=\"vc_single_image-wrapper   vc_box_border_grey\"><img loading=\"lazy\" decoding=\"async\" width=\"990\" height=\"765\" src=\"https:\/\/www.hoosierenergy.com\/wp-content\/uploads\/2022\/09\/SiteSelection-RecentRelocations.jpg\" class=\"vc_single_image-img attachment-full\" alt=\"\" title=\"Sele\u00e7\u00e3o de Sites-Reloca\u00e7\u00f5es Recentes\" srcset=\"https:\/\/www.hoosierenergy.com\/wp-content\/uploads\/2022\/09\/SiteSelection-RecentRelocations.jpg 990w, https:\/\/www.hoosierenergy.com\/wp-content\/uploads\/2022\/09\/SiteSelection-RecentRelocations-300x232.jpg 300w, https:\/\/www.hoosierenergy.com\/wp-content\/uploads\/2022\/09\/SiteSelection-RecentRelocations-768x593.jpg 768w\" sizes=\"auto, (max-width: 990px) 100vw, 990px\"  data-dt-location=\"https:\/\/www.hoosierenergy.com\/pt\/economic-development\/site-selection-buildings\/siteselection-recentrelocations\/\" \/><\/div>\n\t\t<\/figure>\n\t<\/div>\n<\/div><\/div><\/div><\/div><div class=\"ult-spacer spacer-69e82dfe37392\" data-id=\"69e82dfe37392\" data-height=\"50\" data-height-mobile=\"25\" data-height-tab=\"35\" data-height-tab-portrait=\"35\" data-height-mobile-landscape=\"25\" style=\"clear:both;display:block;\"><\/div><\/div><\/div><\/div><\/div>\n<\/div>","protected":false},"excerpt":{"rendered":"<p>A Hoosier Energy fornece energia confi\u00e1vel e acess\u00edvel para organiza\u00e7\u00f5es e empresas no centro e sul de Indiana e no sudeste de Illinois. Em toda a nossa \u00e1rea de servi\u00e7o, oferecemos uma abund\u00e2ncia de locais e edif\u00edcios dispon\u00edveis para os selecionadores de locais escolherem. Quer voc\u00ea esteja procurando locais industriais, de escrit\u00f3rio, de uso misto ou greenfield e prontos para escava\u00e7\u00e3o, a Hoosier Energy tem op\u00e7\u00f5es. N\u00f3s\u2026<\/p>","protected":false},"author":1,"featured_media":6823,"parent":26,"menu_order":0,"comment_status":"closed","ping_status":"closed","template":"","meta":{"_acf_changed":false,"footnotes":""},"class_list":["post-112","page","type-page","status-publish","has-post-thumbnail","hentry","description-off"],"acf":[],"yoast_head":"<!-- This site is optimized with the Yoast SEO plugin v27.4 - https:\/\/yoast.com\/product\/yoast-seo-wordpress\/ -->\r\n<title>Site Selection &amp; Buildings | Hoosier Energy<\/title>\r\n<meta name=\"description\" content=\"Across our service area, we offer a wide range of available sites and buildings for site selectors to choose from. See what&#039;s available today.\" \/>\r\n<meta name=\"robots\" content=\"index, follow, max-snippet:-1, max-image-preview:large, max-video-preview:-1\" \/>\r\n<link rel=\"canonical\" href=\"https:\/\/www.hoosierenergy.com\/pt\/economic-development\/site-selection-buildings\/\" \/>\r\n<meta property=\"og:locale\" content=\"pt_PT\" \/>\r\n<meta property=\"og:type\" content=\"article\" \/>\r\n<meta property=\"og:title\" content=\"Site Selection &amp; Buildings | Hoosier Energy\" \/>\r\n<meta property=\"og:description\" content=\"Across our service area, we offer a wide range of available sites and buildings for site selectors to choose from. See what&#039;s available today.\" \/>\r\n<meta property=\"og:url\" content=\"https:\/\/www.hoosierenergy.com\/pt\/economic-development\/site-selection-buildings\/\" \/>\r\n<meta property=\"og:site_name\" content=\"Hoosier Energy\" \/>\r\n<meta property=\"article:publisher\" content=\"https:\/\/www.facebook.com\/HoosierEnergy\" \/>\r\n<meta property=\"article:modified_time\" content=\"2025-02-05T18:12:06+00:00\" \/>\r\n<meta property=\"og:image\" content=\"https:\/\/www.hoosierenergy.com\/wp-content\/uploads\/2022\/08\/header-sitesbuilding.jpg\" \/>\r\n\t<meta property=\"og:image:width\" content=\"1920\" \/>\r\n\t<meta property=\"og:image:height\" content=\"561\" \/>\r\n\t<meta property=\"og:image:type\" content=\"image\/jpeg\" \/>\r\n<meta name=\"twitter:card\" content=\"summary_large_image\" \/>\r\n<meta name=\"twitter:site\" content=\"@hoosierenergy\" \/>\r\n<meta name=\"twitter:label1\" content=\"Tempo estimado de leitura\" \/>\n\t<meta name=\"twitter:data1\" content=\"4 minutos\" \/>\r\n<script type=\"application\/ld+json\" class=\"yoast-schema-graph\">{\"@context\":\"https:\\\/\\\/schema.org\",\"@graph\":[{\"@type\":\"WebPage\",\"@id\":\"https:\\\/\\\/www.hoosierenergy.com\\\/economic-development\\\/site-selection-buildings\\\/\",\"url\":\"https:\\\/\\\/www.hoosierenergy.com\\\/economic-development\\\/site-selection-buildings\\\/\",\"name\":\"Site Selection & Buildings | Hoosier Energy\",\"isPartOf\":{\"@id\":\"https:\\\/\\\/www.hoosierenergy.com\\\/#website\"},\"primaryImageOfPage\":{\"@id\":\"https:\\\/\\\/www.hoosierenergy.com\\\/economic-development\\\/site-selection-buildings\\\/#primaryimage\"},\"image\":{\"@id\":\"https:\\\/\\\/www.hoosierenergy.com\\\/economic-development\\\/site-selection-buildings\\\/#primaryimage\"},\"thumbnailUrl\":\"https:\\\/\\\/www.hoosierenergy.com\\\/wp-content\\\/uploads\\\/2022\\\/08\\\/header-sitesbuilding.jpg\",\"datePublished\":\"2022-07-13T19:53:00+00:00\",\"dateModified\":\"2025-02-05T18:12:06+00:00\",\"description\":\"Across our service area, we offer a wide range of available sites and buildings for site selectors to choose from. See what's available today.\",\"breadcrumb\":{\"@id\":\"https:\\\/\\\/www.hoosierenergy.com\\\/economic-development\\\/site-selection-buildings\\\/#breadcrumb\"},\"inLanguage\":\"pt-PT\",\"potentialAction\":[{\"@type\":\"ReadAction\",\"target\":[\"https:\\\/\\\/www.hoosierenergy.com\\\/economic-development\\\/site-selection-buildings\\\/\"]}]},{\"@type\":\"ImageObject\",\"inLanguage\":\"pt-PT\",\"@id\":\"https:\\\/\\\/www.hoosierenergy.com\\\/economic-development\\\/site-selection-buildings\\\/#primaryimage\",\"url\":\"https:\\\/\\\/www.hoosierenergy.com\\\/wp-content\\\/uploads\\\/2022\\\/08\\\/header-sitesbuilding.jpg\",\"contentUrl\":\"https:\\\/\\\/www.hoosierenergy.com\\\/wp-content\\\/uploads\\\/2022\\\/08\\\/header-sitesbuilding.jpg\",\"width\":1920,\"height\":561},{\"@type\":\"BreadcrumbList\",\"@id\":\"https:\\\/\\\/www.hoosierenergy.com\\\/economic-development\\\/site-selection-buildings\\\/#breadcrumb\",\"itemListElement\":[{\"@type\":\"ListItem\",\"position\":1,\"name\":\"Home\",\"item\":\"https:\\\/\\\/www.hoosierenergy.com\\\/\"},{\"@type\":\"ListItem\",\"position\":2,\"name\":\"Economic Development\",\"item\":\"https:\\\/\\\/www.hoosierenergy.com\\\/economic-development\\\/\"},{\"@type\":\"ListItem\",\"position\":3,\"name\":\"Site Selection &#038; Buildings\"}]},{\"@type\":\"WebSite\",\"@id\":\"https:\\\/\\\/www.hoosierenergy.com\\\/#website\",\"url\":\"https:\\\/\\\/www.hoosierenergy.com\\\/\",\"name\":\"Hoosier Energy\",\"description\":\"Powering Community\",\"alternateName\":\"Hoosier Energy Rural Electric Cooperative, Inc.\",\"potentialAction\":[{\"@type\":\"SearchAction\",\"target\":{\"@type\":\"EntryPoint\",\"urlTemplate\":\"https:\\\/\\\/www.hoosierenergy.com\\\/?s={search_term_string}\"},\"query-input\":{\"@type\":\"PropertyValueSpecification\",\"valueRequired\":true,\"valueName\":\"search_term_string\"}}],\"inLanguage\":\"pt-PT\"}]}<\/script>\r\n<!-- \/ Yoast SEO plugin. -->","yoast_head_json":{"title":"Site Selection & Buildings | Hoosier Energy","description":"Across our service area, we offer a wide range of available sites and buildings for site selectors to choose from. See what's available today.","robots":{"index":"index","follow":"follow","max-snippet":"max-snippet:-1","max-image-preview":"max-image-preview:large","max-video-preview":"max-video-preview:-1"},"canonical":"https:\/\/www.hoosierenergy.com\/pt\/economic-development\/site-selection-buildings\/","og_locale":"pt_PT","og_type":"article","og_title":"Site Selection & Buildings | Hoosier Energy","og_description":"Across our service area, we offer a wide range of available sites and buildings for site selectors to choose from. See what's available today.","og_url":"https:\/\/www.hoosierenergy.com\/pt\/economic-development\/site-selection-buildings\/","og_site_name":"Hoosier Energy","article_publisher":"https:\/\/www.facebook.com\/HoosierEnergy","article_modified_time":"2025-02-05T18:12:06+00:00","og_image":[{"width":1920,"height":561,"url":"https:\/\/www.hoosierenergy.com\/wp-content\/uploads\/2022\/08\/header-sitesbuilding.jpg","type":"image\/jpeg"}],"twitter_card":"summary_large_image","twitter_site":"@hoosierenergy","twitter_misc":{"Tempo estimado de leitura":"4 minutos"},"schema":{"@context":"https:\/\/schema.org","@graph":[{"@type":"WebPage","@id":"https:\/\/www.hoosierenergy.com\/economic-development\/site-selection-buildings\/","url":"https:\/\/www.hoosierenergy.com\/economic-development\/site-selection-buildings\/","name":"Site Selection & Buildings | Hoosier Energy","isPartOf":{"@id":"https:\/\/www.hoosierenergy.com\/#website"},"primaryImageOfPage":{"@id":"https:\/\/www.hoosierenergy.com\/economic-development\/site-selection-buildings\/#primaryimage"},"image":{"@id":"https:\/\/www.hoosierenergy.com\/economic-development\/site-selection-buildings\/#primaryimage"},"thumbnailUrl":"https:\/\/www.hoosierenergy.com\/wp-content\/uploads\/2022\/08\/header-sitesbuilding.jpg","datePublished":"2022-07-13T19:53:00+00:00","dateModified":"2025-02-05T18:12:06+00:00","description":"Across our service area, we offer a wide range of available sites and buildings for site selectors to choose from. See what's available today.","breadcrumb":{"@id":"https:\/\/www.hoosierenergy.com\/economic-development\/site-selection-buildings\/#breadcrumb"},"inLanguage":"pt-PT","potentialAction":[{"@type":"ReadAction","target":["https:\/\/www.hoosierenergy.com\/economic-development\/site-selection-buildings\/"]}]},{"@type":"ImageObject","inLanguage":"pt-PT","@id":"https:\/\/www.hoosierenergy.com\/economic-development\/site-selection-buildings\/#primaryimage","url":"https:\/\/www.hoosierenergy.com\/wp-content\/uploads\/2022\/08\/header-sitesbuilding.jpg","contentUrl":"https:\/\/www.hoosierenergy.com\/wp-content\/uploads\/2022\/08\/header-sitesbuilding.jpg","width":1920,"height":561},{"@type":"BreadcrumbList","@id":"https:\/\/www.hoosierenergy.com\/economic-development\/site-selection-buildings\/#breadcrumb","itemListElement":[{"@type":"ListItem","position":1,"name":"Home","item":"https:\/\/www.hoosierenergy.com\/"},{"@type":"ListItem","position":2,"name":"Economic Development","item":"https:\/\/www.hoosierenergy.com\/economic-development\/"},{"@type":"ListItem","position":3,"name":"Site Selection &#038; Buildings"}]},{"@type":"WebSite","@id":"https:\/\/www.hoosierenergy.com\/#website","url":"https:\/\/www.hoosierenergy.com\/","name":"Energia Hoosier","description":"Alimentando a Comunidade","alternateName":"Hoosier Energy Rural Electric Cooperative, Inc.","potentialAction":[{"@type":"SearchAction","target":{"@type":"EntryPoint","urlTemplate":"https:\/\/www.hoosierenergy.com\/?s={search_term_string}"},"query-input":{"@type":"PropertyValueSpecification","valueRequired":true,"valueName":"search_term_string"}}],"inLanguage":"pt-PT"}]}},"_links":{"self":[{"href":"https:\/\/www.hoosierenergy.com\/pt\/wp-json\/wp\/v2\/pages\/112","targetHints":{"allow":["GET"]}}],"collection":[{"href":"https:\/\/www.hoosierenergy.com\/pt\/wp-json\/wp\/v2\/pages"}],"about":[{"href":"https:\/\/www.hoosierenergy.com\/pt\/wp-json\/wp\/v2\/types\/page"}],"author":[{"embeddable":true,"href":"https:\/\/www.hoosierenergy.com\/pt\/wp-json\/wp\/v2\/users\/1"}],"replies":[{"embeddable":true,"href":"https:\/\/www.hoosierenergy.com\/pt\/wp-json\/wp\/v2\/comments?post=112"}],"version-history":[{"count":0,"href":"https:\/\/www.hoosierenergy.com\/pt\/wp-json\/wp\/v2\/pages\/112\/revisions"}],"up":[{"embeddable":true,"href":"https:\/\/www.hoosierenergy.com\/pt\/wp-json\/wp\/v2\/pages\/26"}],"wp:featuredmedia":[{"embeddable":true,"href":"https:\/\/www.hoosierenergy.com\/pt\/wp-json\/wp\/v2\/media\/6823"}],"wp:attachment":[{"href":"https:\/\/www.hoosierenergy.com\/pt\/wp-json\/wp\/v2\/media?parent=112"}],"curies":[{"name":"wp","href":"https:\/\/api.w.org\/{rel}","templated":true}]}}