{"id":7147,"date":"2022-09-17T01:56:08","date_gmt":"2022-09-17T01:56:08","guid":{"rendered":"https:\/\/hoosierenerstg.wpengine.com\/?page_id=7147"},"modified":"2023-01-05T03:46:29","modified_gmt":"2023-01-05T03:46:29","slug":"my-solar-southeastern-indiana-remc-contact","status":"publish","type":"page","link":"https:\/\/www.hoosierenergy.com\/fr\/my-solar-southeastern-indiana-remc-contact\/","title":{"rendered":"Mon Solaire \u2013 Contact REMC du Sud-Est de l&#039;Indiana"},"content":{"rendered":"<div class=\"wpb-content-wrapper\"><div class=\"vc_row wpb_row vc_row-fluid vc_custom_1663345840485 vc_row-has-fill\"><div class=\"wpb_column vc_column_container vc_col-sm-12 vc_col-md-offset-2 vc_col-md-8\"><div class=\"vc_column-inner\"><div class=\"wpb_wrapper\"><h2 style=\"text-align: center\" class=\"vc_custom_heading vc_do_custom_heading\" >Contactez-nous<\/h2><div class=\"vc_row wpb_row vc_inner vc_row-fluid\"><div class=\"wpb_column vc_column_container vc_col-sm-12\"><div class=\"vc_column-inner\"><div class=\"wpb_wrapper\">\n\t<div class=\"wpb_text_column wpb_content_element\" >\n\t\t<div class=\"wpb_wrapper\">\n\t\t\t<p>Pour vous inscrire ou demander plus d&#039;informations sur le programme My Solar du REMC du sud-est de l&#039;Indiana, veuillez remplir le formulaire ci-dessous.<\/p>\n\n\t\t<\/div>\n\t<\/div>\n<\/div><\/div><\/div><\/div><div class=\"ult-spacer spacer-69d0157a5993b\" data-id=\"69d0157a5993b\" data-height=\"15\" data-height-mobile=\"5\" data-height-tab=\"10\" data-height-tab-portrait=\"10\" data-height-mobile-landscape=\"5\" style=\"clear:both;display:block;\"><\/div>\n<div class=\"wpcf7 no-js\" id=\"wpcf7-f7119-o1\" lang=\"en-US\" dir=\"ltr\" data-wpcf7-id=\"7119\">\n<div class=\"screen-reader-response\"><p role=\"status\" aria-live=\"polite\" aria-atomic=\"true\"><\/p> <ul><\/ul><\/div>\n<form action=\"\/wp-json\/wp\/v2\/pages\/7147\" method=\"post\" class=\"wpcf7-form init\" aria-label=\"Formulaire de contact\" novalidate=\"novalidate\" data-status=\"init\" data-trp-original-action=\"\/fr\/wp-json\/wp\/v2\/pages\/7147#wpcf7-f7119-o1\">\n<fieldset class=\"hidden-fields-container\"><input type=\"hidden\" name=\"_wpcf7\" value=\"7119\" \/><input type=\"hidden\" name=\"_wpcf7_version\" value=\"6.1\" \/><input type=\"hidden\" name=\"_wpcf7_locale\" value=\"en_US\" \/><input type=\"hidden\" name=\"_wpcf7_unit_tag\" value=\"wpcf7-f7119-o1\" \/><input type=\"hidden\" name=\"_wpcf7_container_post\" value=\"0\" \/><input type=\"hidden\" name=\"_wpcf7_posted_data_hash\" value=\"\" \/><input type=\"hidden\" name=\"_wpcf7_recaptcha_response\" value=\"\" \/>\n<\/fieldset>\n<div class=\"wpcf7-response-output\" aria-hidden=\"true\"><\/div>\n<div class=\"row\">\n\t<div class=\"vc_col-xs-12\">\n\t\t<div class=\"field-group\">\n\t\t\t<p><label><span class=\"wpcf7-form-control-wrap\" data-name=\"your-account\"><input size=\"40\" maxlength=\"400\" class=\"wpcf7-form-control wpcf7-text wpcf7-validates-as-required\" aria-required=\"true\" aria-invalid=\"false\" placeholder=\"Compte #*\" value=\"\" type=\"text\" name=\"your-account\" \/><\/span><\/label>\n\t\t\t<\/p>\n\t\t\t<p>Votre num\u00e9ro de compte se trouve sur votre facture mensuelle.\n\t\t\t<\/p>\n\t\t<\/div>\n\t<\/div>\n<\/div>\n<div class=\"row\">\n\t<div class=\"vc_col-xs-12 vc_col-sm-6\">\n\t\t<div class=\"field-group\">\n\t\t\t<p><label><span class=\"wpcf7-form-control-wrap\" data-name=\"your-first-name\"><input size=\"40\" maxlength=\"400\" class=\"wpcf7-form-control wpcf7-text wpcf7-validates-as-required\" aria-required=\"true\" aria-invalid=\"false\" placeholder=\"D&#039;abord*\" value=\"\" type=\"text\" name=\"your-first-name\" \/><\/span><\/label>\n\t\t\t<\/p>\n\t\t<\/div>\n\t<\/div>\n\t<div class=\"vc_col-xs-12 vc_col-sm-6\">\n\t\t<div class=\"field-group\">\n\t\t\t<p><label><span class=\"wpcf7-form-control-wrap\" data-name=\"your-last-name\"><input size=\"40\" maxlength=\"400\" class=\"wpcf7-form-control wpcf7-text wpcf7-validates-as-required\" aria-required=\"true\" aria-invalid=\"false\" placeholder=\"Dernier*\" value=\"\" type=\"text\" name=\"your-last-name\" \/><\/span><\/label>\n\t\t\t<\/p>\n\t\t<\/div>\n\t<\/div>\n<\/div>\n<div class=\"row\">\n\t<div class=\"vc_col-xs-12\">\n\t\t<div class=\"field-group\">\n\t\t\t<p><label><span class=\"wpcf7-form-control-wrap\" data-name=\"your-address\"><input size=\"40\" maxlength=\"400\" class=\"wpcf7-form-control wpcf7-text wpcf7-validates-as-required\" aria-required=\"true\" aria-invalid=\"false\" placeholder=\"Adresse*\" value=\"\" type=\"text\" name=\"your-address\" \/><\/span><\/label>\n\t\t\t<\/p>\n\t\t<\/div>\n\t<\/div>\n<\/div>\n<div class=\"row\">\n\t<div class=\"vc_col-xs-12\">\n\t\t<div class=\"field-group\">\n\t\t\t<p><label><span class=\"wpcf7-form-control-wrap\" data-name=\"your-city\"><input size=\"40\" maxlength=\"400\" class=\"wpcf7-form-control wpcf7-text wpcf7-validates-as-required\" aria-required=\"true\" aria-invalid=\"false\" placeholder=\"Ville*\" value=\"\" type=\"text\" name=\"your-city\" \/><\/span><\/label>\n\t\t\t<\/p>\n\t\t<\/div>\n\t<\/div>\n<\/div>\n<div class=\"row\">\n\t<div class=\"vc_col-xs-12\">\n\t\t<div class=\"field-group\">\n\t\t\t<p><label><span class=\"wpcf7-form-control-wrap\" data-name=\"your-state\"><input size=\"40\" maxlength=\"400\" class=\"wpcf7-form-control wpcf7-text wpcf7-validates-as-required\" aria-required=\"true\" aria-invalid=\"false\" placeholder=\"\u00c9tat*\" value=\"\" type=\"text\" name=\"your-state\" \/><\/span><\/label>\n\t\t\t<\/p>\n\t\t<\/div>\n\t<\/div>\n<\/div>\n<div class=\"row\">\n\t<div class=\"vc_col-xs-12\">\n\t\t<div class=\"field-group\">\n\t\t\t<p><label><span class=\"wpcf7-form-control-wrap\" data-name=\"your-zipcode\"><input size=\"40\" maxlength=\"400\" class=\"wpcf7-form-control wpcf7-text wpcf7-validates-as-required\" aria-required=\"true\" aria-invalid=\"false\" placeholder=\"Code postal*\" value=\"\" type=\"text\" name=\"your-zipcode\" \/><\/span><\/label>\n\t\t\t<\/p>\n\t\t<\/div>\n\t<\/div>\n<\/div>\n<div class=\"row\">\n\t<div class=\"vc_col-xs-12\">\n\t\t<div class=\"field-group\">\n\t\t\t<p><label><span class=\"wpcf7-form-control-wrap\" data-name=\"your-phone\"><input size=\"40\" maxlength=\"400\" class=\"wpcf7-form-control wpcf7-tel wpcf7-validates-as-required wpcf7-text wpcf7-validates-as-tel\" aria-required=\"true\" aria-invalid=\"false\" placeholder=\"Num\u00e9ro de t\u00e9l\u00e9phone*\" value=\"\" type=\"tel\" name=\"your-phone\" \/><\/span><\/label>\n\t\t\t<\/p>\n\t\t<\/div>\n\t<\/div>\n<\/div>\n<div class=\"row\">\n\t<div class=\"vc_col-xs-12\">\n\t\t<div class=\"field-group\">\n\t\t\t<p><label><span class=\"wpcf7-form-control-wrap\" data-name=\"your-email\"><input size=\"40\" maxlength=\"400\" class=\"wpcf7-form-control wpcf7-email wpcf7-validates-as-required wpcf7-text wpcf7-validates-as-email\" aria-required=\"true\" aria-invalid=\"false\" placeholder=\"E-mail*\" value=\"\" type=\"email\" name=\"your-email\" \/><\/span><\/label>\n\t\t\t<\/p>\n\t\t<\/div>\n\t<\/div>\n<\/div>\n<div class=\"row\">\n\t<div class=\"vc_col-xs-12\">\n\t\t<div class=\"field-group\">\n\t\t\t<p><label><span class=\"wpcf7-form-control-wrap\" data-name=\"interested_in\"><select class=\"wpcf7-form-control wpcf7-select wpcf7-validates-as-required\" aria-required=\"true\" aria-invalid=\"false\" name=\"interested_in\"><option value=\"\">Quelle option vous int\u00e9resse ? *<\/option><option value=\"Fixed monthly rate of $0.01 per kWh\">Tarif mensuel fixe de $0,01 par kWh<\/option><option value=\"Upfront payment of $500 per panel (up to 12 panels)\">Paiement initial de $500 par panneau (jusqu&#039;\u00e0 12 panneaux)<\/option><option value=\"Undecided\">Ind\u00e9cis<\/option><\/select><\/span><\/label>\n\t\t\t<\/p>\n\t\t<\/div>\n\t<\/div>\n<\/div>\n<div class=\"row\">\n\t<div class=\"vc_col-xs-12\">\n\t\t<div class=\"field-group\">\n\t\t\t<p><label><span class=\"wpcf7-form-control-wrap\" data-name=\"your-number\"><input size=\"40\" maxlength=\"400\" class=\"wpcf7-form-control wpcf7-text wpcf7-validates-as-required\" aria-required=\"true\" aria-invalid=\"false\" placeholder=\"Nombre de panneaux (jusqu&#039;\u00e0 12)*\" value=\"\" type=\"text\" name=\"your-number\" \/><\/span><\/label>\n\t\t\t<\/p>\n\t\t<\/div>\n\t<\/div>\n<\/div>\n<div class=\"row\">\n\t<div class=\"vc_col-xs-12\">\n\t\t<div class=\"field-group\">\n\t\t\t<p><input class=\"wpcf7-form-control wpcf7-submit has-spinner formsubmit\" type=\"submit\" value=\"SOUMETTRE\" \/>\n\t\t\t<\/p>\n\t\t<\/div>\n\t<\/div>\n<\/div>\n<div class=\"wpcf7-response-output\" aria-hidden=\"true\"><\/div>\n<input type=\"hidden\" name=\"trp-form-language\" value=\"fr\"\/><\/form>\n<\/div>\n<div class=\"ult-spacer spacer-69d0157a5e921\" data-id=\"69d0157a5e921\" data-height=\"35\" data-height-mobile=\"20\" data-height-tab=\"25\" data-height-tab-portrait=\"25\" data-height-mobile-landscape=\"20\" style=\"clear:both;display:block;\"><\/div><\/div><\/div><\/div><\/div>\n<\/div>","protected":false},"excerpt":{"rendered":"<p>Contactez-nous Pour vous inscrire ou demander plus d&#039;informations sur le programme My Solar du REMC du sud-est de l&#039;Indiana, veuillez remplir le formulaire ci-dessous. Votre num\u00e9ro de compte figure sur votre facture mensuelle. Quelle option vous int\u00e9resse\u00a0? *Tarif mensuel fixe de $0,01 par kWh. Paiement initial de $500 par panneau (jusqu&#039;\u00e0 12 panneaux). Ind\u00e9cis.<\/p>","protected":false},"author":1,"featured_media":0,"parent":0,"menu_order":1000,"comment_status":"closed","ping_status":"closed","template":"template-microsite.php","meta":{"_acf_changed":false,"footnotes":""},"class_list":["post-7147","page","type-page","status-publish","hentry","description-off"],"acf":[],"yoast_head":"<!-- This site is optimized with the Yoast SEO plugin v23.9 - https:\/\/yoast.com\/wordpress\/plugins\/seo\/ -->\r\n<title>Hoosier Energy | My Solar \u2013 Southeastern Indiana REMC - Contact<\/title>\r\n<meta name=\"description\" content=\"Southeastern Indiana REMC is excited to introduce you to My Solar, a cooperative solar program. Contact us today!\" \/>\r\n<meta name=\"robots\" content=\"noindex, nofollow\" \/>\r\n<meta property=\"og:locale\" content=\"fr_FR\" \/>\r\n<meta property=\"og:type\" content=\"article\" \/>\r\n<meta property=\"og:title\" content=\"Hoosier Energy | My Solar \u2013 Southeastern Indiana REMC - Contact\" \/>\r\n<meta property=\"og:description\" content=\"Southeastern Indiana REMC is excited to introduce you to My Solar, a cooperative solar program. Contact us today!\" \/>\r\n<meta property=\"og:url\" content=\"https:\/\/www.hoosierenergy.com\/fr\/my-solar-southeastern-indiana-remc-contact\/\" \/>\r\n<meta property=\"og:site_name\" content=\"Hoosier Energy\" \/>\r\n<meta property=\"article:publisher\" content=\"https:\/\/www.facebook.com\/HoosierEnergy\" \/>\r\n<meta property=\"article:modified_time\" content=\"2023-01-05T03:46:29+00:00\" \/>\r\n<meta name=\"twitter:card\" content=\"summary_large_image\" \/>\r\n<meta name=\"twitter:site\" content=\"@hoosierenergy\" \/>\r\n<meta name=\"twitter:label1\" content=\"Dur\u00e9e de lecture estim\u00e9e\" \/>\n\t<meta name=\"twitter:data1\" content=\"1 minute\" \/>\r\n<script type=\"application\/ld+json\" class=\"yoast-schema-graph\">{\"@context\":\"https:\/\/schema.org\",\"@graph\":[{\"@type\":\"WebPage\",\"@id\":\"https:\/\/www.hoosierenergy.com\/my-solar-southeastern-indiana-remc-contact\/\",\"url\":\"https:\/\/www.hoosierenergy.com\/my-solar-southeastern-indiana-remc-contact\/\",\"name\":\"Hoosier Energy | My Solar \u2013 Southeastern Indiana REMC - Contact\",\"isPartOf\":{\"@id\":\"https:\/\/www.hoosierenergy.com\/#website\"},\"datePublished\":\"2022-09-17T01:56:08+00:00\",\"dateModified\":\"2023-01-05T03:46:29+00:00\",\"description\":\"Southeastern Indiana REMC is excited to introduce you to My Solar, a cooperative solar program. Contact us today!\",\"breadcrumb\":{\"@id\":\"https:\/\/www.hoosierenergy.com\/my-solar-southeastern-indiana-remc-contact\/#breadcrumb\"},\"inLanguage\":\"fr-FR\",\"potentialAction\":[{\"@type\":\"ReadAction\",\"target\":[\"https:\/\/www.hoosierenergy.com\/my-solar-southeastern-indiana-remc-contact\/\"]}]},{\"@type\":\"BreadcrumbList\",\"@id\":\"https:\/\/www.hoosierenergy.com\/my-solar-southeastern-indiana-remc-contact\/#breadcrumb\",\"itemListElement\":[{\"@type\":\"ListItem\",\"position\":1,\"name\":\"Home\",\"item\":\"https:\/\/www.hoosierenergy.com\/\"},{\"@type\":\"ListItem\",\"position\":2,\"name\":\"My Solar \u2013 Southeastern Indiana REMC Contact\"}]},{\"@type\":\"WebSite\",\"@id\":\"https:\/\/www.hoosierenergy.com\/#website\",\"url\":\"https:\/\/www.hoosierenergy.com\/\",\"name\":\"Hoosier Energy\",\"description\":\"Powering Community\",\"publisher\":{\"@id\":\"https:\/\/www.hoosierenergy.com\/#organization\"},\"alternateName\":\"Hoosier Energy Rural Electric Cooperative, Inc.\",\"potentialAction\":[{\"@type\":\"SearchAction\",\"target\":{\"@type\":\"EntryPoint\",\"urlTemplate\":\"https:\/\/www.hoosierenergy.com\/?s={search_term_string}\"},\"query-input\":{\"@type\":\"PropertyValueSpecification\",\"valueRequired\":true,\"valueName\":\"search_term_string\"}}],\"inLanguage\":\"fr-FR\"},{\"@type\":\"Organization\",\"@id\":\"https:\/\/www.hoosierenergy.com\/#organization\",\"name\":\"Hoosier Energy Rural Electric Cooperative, Inc.\",\"alternateName\":\"Hoosier Energy\",\"url\":\"https:\/\/www.hoosierenergy.com\/\",\"logo\":{\"@type\":\"ImageObject\",\"inLanguage\":\"fr-FR\",\"@id\":\"https:\/\/www.hoosierenergy.com\/#\/schema\/logo\/image\/\",\"url\":\"https:\/\/hoosierenergy.com\/wp-content\/uploads\/2022\/05\/HoosierEnergy-logo.svg\",\"contentUrl\":\"https:\/\/hoosierenergy.com\/wp-content\/uploads\/2022\/05\/HoosierEnergy-logo.svg\",\"width\":309,\"height\":41,\"caption\":\"Hoosier Energy Rural Electric Cooperative, Inc.\"},\"image\":{\"@id\":\"https:\/\/www.hoosierenergy.com\/#\/schema\/logo\/image\/\"},\"sameAs\":[\"https:\/\/www.facebook.com\/HoosierEnergy\",\"https:\/\/x.com\/hoosierenergy\",\"https:\/\/www.linkedin.com\/company\/hoosier-energy\/\",\"https:\/\/www.youtube.com\/user\/MyHoosierEnergy\"]}]}<\/script>\r\n<!-- \/ Yoast SEO plugin. -->","yoast_head_json":{"title":"Hoosier Energy | My Solar \u2013 Southeastern Indiana REMC - Contact","description":"Southeastern Indiana REMC is excited to introduce you to My Solar, a cooperative solar program. Contact us today!","robots":{"index":"noindex","follow":"nofollow"},"og_locale":"fr_FR","og_type":"article","og_title":"Hoosier Energy | My Solar \u2013 Southeastern Indiana REMC - Contact","og_description":"Southeastern Indiana REMC is excited to introduce you to My Solar, a cooperative solar program. Contact us today!","og_url":"https:\/\/www.hoosierenergy.com\/fr\/my-solar-southeastern-indiana-remc-contact\/","og_site_name":"Hoosier Energy","article_publisher":"https:\/\/www.facebook.com\/HoosierEnergy","article_modified_time":"2023-01-05T03:46:29+00:00","twitter_card":"summary_large_image","twitter_site":"@hoosierenergy","twitter_misc":{"Dur\u00e9e de lecture estim\u00e9e":"1 minute"},"schema":{"@context":"https:\/\/schema.org","@graph":[{"@type":"WebPage","@id":"https:\/\/www.hoosierenergy.com\/my-solar-southeastern-indiana-remc-contact\/","url":"https:\/\/www.hoosierenergy.com\/my-solar-southeastern-indiana-remc-contact\/","name":"Hoosier Energy | My Solar \u2013 Southeastern Indiana REMC - Contact","isPartOf":{"@id":"https:\/\/www.hoosierenergy.com\/#website"},"datePublished":"2022-09-17T01:56:08+00:00","dateModified":"2023-01-05T03:46:29+00:00","description":"Southeastern Indiana REMC is excited to introduce you to My Solar, a cooperative solar program. Contact us today!","breadcrumb":{"@id":"https:\/\/www.hoosierenergy.com\/my-solar-southeastern-indiana-remc-contact\/#breadcrumb"},"inLanguage":"fr-FR","potentialAction":[{"@type":"ReadAction","target":["https:\/\/www.hoosierenergy.com\/my-solar-southeastern-indiana-remc-contact\/"]}]},{"@type":"BreadcrumbList","@id":"https:\/\/www.hoosierenergy.com\/my-solar-southeastern-indiana-remc-contact\/#breadcrumb","itemListElement":[{"@type":"ListItem","position":1,"name":"Home","item":"https:\/\/www.hoosierenergy.com\/"},{"@type":"ListItem","position":2,"name":"My Solar \u2013 Southeastern Indiana REMC Contact"}]},{"@type":"WebSite","@id":"https:\/\/www.hoosierenergy.com\/#website","url":"https:\/\/www.hoosierenergy.com\/","name":"Hoosier Energy","description":"Powering Community","publisher":{"@id":"https:\/\/www.hoosierenergy.com\/#organization"},"alternateName":"Hoosier Energy Rural Electric Cooperative, Inc.","potentialAction":[{"@type":"SearchAction","target":{"@type":"EntryPoint","urlTemplate":"https:\/\/www.hoosierenergy.com\/?s={search_term_string}"},"query-input":{"@type":"PropertyValueSpecification","valueRequired":true,"valueName":"search_term_string"}}],"inLanguage":"fr-FR"},{"@type":"Organization","@id":"https:\/\/www.hoosierenergy.com\/#organization","name":"Hoosier Energy Rural Electric Cooperative, Inc.","alternateName":"Hoosier Energy","url":"https:\/\/www.hoosierenergy.com\/","logo":{"@type":"ImageObject","inLanguage":"fr-FR","@id":"https:\/\/www.hoosierenergy.com\/#\/schema\/logo\/image\/","url":"https:\/\/hoosierenergy.com\/wp-content\/uploads\/2022\/05\/HoosierEnergy-logo.svg","contentUrl":"https:\/\/hoosierenergy.com\/wp-content\/uploads\/2022\/05\/HoosierEnergy-logo.svg","width":309,"height":41,"caption":"Hoosier Energy Rural Electric Cooperative, Inc."},"image":{"@id":"https:\/\/www.hoosierenergy.com\/#\/schema\/logo\/image\/"},"sameAs":["https:\/\/www.facebook.com\/HoosierEnergy","https:\/\/x.com\/hoosierenergy","https:\/\/www.linkedin.com\/company\/hoosier-energy\/","https:\/\/www.youtube.com\/user\/MyHoosierEnergy"]}]}},"_links":{"self":[{"href":"https:\/\/www.hoosierenergy.com\/fr\/wp-json\/wp\/v2\/pages\/7147","targetHints":{"allow":["GET"]}}],"collection":[{"href":"https:\/\/www.hoosierenergy.com\/fr\/wp-json\/wp\/v2\/pages"}],"about":[{"href":"https:\/\/www.hoosierenergy.com\/fr\/wp-json\/wp\/v2\/types\/page"}],"author":[{"embeddable":true,"href":"https:\/\/www.hoosierenergy.com\/fr\/wp-json\/wp\/v2\/users\/1"}],"replies":[{"embeddable":true,"href":"https:\/\/www.hoosierenergy.com\/fr\/wp-json\/wp\/v2\/comments?post=7147"}],"version-history":[{"count":0,"href":"https:\/\/www.hoosierenergy.com\/fr\/wp-json\/wp\/v2\/pages\/7147\/revisions"}],"wp:attachment":[{"href":"https:\/\/www.hoosierenergy.com\/fr\/wp-json\/wp\/v2\/media?parent=7147"}],"curies":[{"name":"wp","href":"https:\/\/api.w.org\/{rel}","templated":true}]}}