{"id":7006,"date":"2022-09-02T21:02:53","date_gmt":"2022-09-02T21:02:53","guid":{"rendered":"https:\/\/hoosierenerstg.wpengine.com\/?page_id=7006"},"modified":"2026-04-14T07:01:50","modified_gmt":"2026-04-14T12:01:50","slug":"co-op-careers","status":"publish","type":"page","link":"https:\/\/www.hoosierenergy.com\/fr\/careers\/co-op-careers\/","title":{"rendered":"Carri\u00e8res en alternance travail-\u00e9tudes"},"content":{"rendered":"<div class=\"wpb-content-wrapper\"><div class=\"vc_row wpb_row vc_row-fluid negativetopmargin vc_custom_1654014318664 vc_row-has-fill\"><div class=\"wpb_column vc_column_container vc_col-sm-12 vc_col-md-offset-2 vc_col-md-8\"><div class=\"vc_column-inner\"><div class=\"wpb_wrapper\"><div class=\"ult-spacer spacer-69e7105c95561\" data-id=\"69e7105c95561\" data-height=\"50\" data-height-mobile=\"20\" data-height-tab=\"30\" data-height-tab-portrait=\"30\" data-height-mobile-landscape=\"20\" style=\"clear:both;display:block;\"><\/div><h2 style=\"text-align: center\" class=\"vc_custom_heading vc_do_custom_heading\" >Faites carri\u00e8re dans l&#039;une de nos 17 coop\u00e9ratives membres<\/h2>\n\t<div class=\"wpb_text_column wpb_content_element\" >\n\t\t<div class=\"wpb_wrapper\">\n\t\t\t<p>En tant que coop\u00e9rative, Hoosier Energy s&#039;engage \u00e0 soutenir nos coop\u00e9ratives membres. Cette page sert de plate-forme pour les demandeurs d&#039;emploi qui cherchent \u00e0 voir des opportunit\u00e9s de servir nos coop\u00e9ratives membres dans le centre et le sud de l&#039;Indiana et le sud-est de l&#039;Illinois.<\/p>\n<p>Chacune de nos coop\u00e9ratives membres exploite et entretient 34 000 miles de lignes de distribution et fournit un service d&#039;\u00e9lectricit\u00e9 \u00e0 plus de 285 000 foyers, fermes et entreprises. Nos syst\u00e8mes membres et Hoosier Energy adh\u00e8rent aux m\u00eames principes coop\u00e9ratifs, tout en valorisant la croissance et le bien-\u00eatre des employ\u00e9s.<\/p>\n<p>Vous souhaitez faire une diff\u00e9rence positive et am\u00e9liorer la vie des gens dans votre communaut\u00e9 ? D\u00e9couvrez les postes vacants dans nos coop\u00e9ratives membres.<\/p>\n\n\t\t<\/div>\n\t<\/div>\n<div class=\"ult-spacer spacer-69e7105c95f01\" data-id=\"69e7105c95f01\" data-height=\"50\" data-height-mobile=\"25\" data-height-tab=\"35\" data-height-tab-portrait=\"35\" data-height-mobile-landscape=\"25\" style=\"clear:both;display:block;\"><\/div><\/div><\/div><\/div><\/div><div class=\"vc_row wpb_row vc_row-fluid\"><div class=\"wpb_column vc_column_container vc_col-sm-12\"><div class=\"vc_column-inner\"><div class=\"wpb_wrapper\"><h3 style=\"text-align: center\" class=\"vc_custom_heading vc_do_custom_heading\" >Opportunit\u00e9s de carri\u00e8re actuelles dans nos coop\u00e9ratives membres<\/h3><div id=\"members\" class=\"vc_row wpb_row vc_inner vc_row-fluid\"><div class=\"wpb_column vc_column_container vc_col-sm-3 vc_hidden-sm vc_hidden-xs\"><div class=\"vc_column-inner\"><div class=\"wpb_wrapper\"><\/div><\/div><\/div><div class=\"wpb_column vc_column_container vc_col-sm-6\"><div class=\"vc_column-inner\"><div class=\"wpb_wrapper\">\n\t<div class=\"wpb_text_column wpb_content_element\" >\n\t\t<div class=\"wpb_wrapper\">\n\t\t\t<ul>\n<li style=\"list-style-type: none;\">\n<ul>\n<li style=\"list-style-type: none;\">\n<ul>\n<li style=\"list-style-type: none;\">\n<ul>\n<li style=\"list-style-type: none;\">\n<ul>\n<li><a href=\"\/wp-content\/uploads\/2023\/01\/Southeastern-Indiana-REMC-Marketing-Communications-Assistant-Job-Posting.pdf\" target=\"_blank\" rel=\"noopener\">REMC du sud-est de l&#039;Indiana \u2013 Assistante marketing et communication<\/a><\/li>\n<li><a href=\"https:\/\/www.hoosierenergy.com\/wp-content\/uploads\/2023\/06\/Bartholomew-County-REMC-Field-Engineer-II-Job-Posting.pdf\" target=\"_blank\" rel=\"noopener\">Bartholomew County REMC \u2013 Ing\u00e9nieur de terrain II<\/a><\/li>\n<li><a href=\"https:\/\/rsecoop.bamboohr.com\/careers\/24\" target=\"_blank\" rel=\"noopener\">RushShelby Energy \u2013 Monteur de lignes qualifi\u00e9<\/a><\/li>\n<li><a href=\"https:\/\/www.hoosierenergy.com\/wp-content\/uploads\/2025\/06\/South-Central-Indiana-REMC-Journeyman-Lineworker-Job-Posting.pdf\" target=\"_blank\" rel=\"noopener\">REMC du centre-sud de l&#039;Indiana \u2013 Compagnon monteur de lignes<\/a><\/li>\n<li><a href=\"https:\/\/www.hoosierenergy.com\/wp-content\/uploads\/2025\/06\/South-Central-Indiana-REMC-System-Engineer-Electric-Distribution-Job-Posting.pdf\" target=\"_blank\" rel=\"noopener\">Centre-Sud de l&#039;Indiana REMC \u2013 Ing\u00e9nieur syst\u00e8me \u2013 Distribution \u00e9lectrique<\/a><\/li>\n<li><a href=\"https:\/\/winenergyremc.exacthire.com\/job\/187522\" target=\"_blank\" rel=\"noopener\">WIN Energy REMC \u2013 Directeur de l&#039;ing\u00e9nierie<\/a><\/li>\n<li><a href=\"https:\/\/www.hoosierenergy.com\/wp-content\/uploads\/2025\/11\/South-Central-Indiana-REMC-Senior-HR-Business-Partner-Job-Posting.pdf\" target=\"_blank\" rel=\"noopener\">REMC du centre-sud de l&#039;Indiana \u2013 Partenaire d&#039;affaires principal en RH<\/a><\/li>\n<li><a href=\"https:\/\/www.hoosierenergy.com\/wp-content\/uploads\/2025\/11\/South-Central-Indiana-REMC-System-Operator-or-Trainee-Job-Posting.pdf\" target=\"_blank\" rel=\"noopener\">Op\u00e9rateur ou stagiaire du syst\u00e8me REMC du centre-sud de l&#039;Indiana<\/a><\/li>\n<li><a href=\"https:\/\/udwi.bamboohr.com\/careers\/33?source=aWQ9MjQ%3D\" target=\"_blank\" rel=\"noopener\">Ing\u00e9nieur en planification de la distribution, Utilities District of Western Indiana REMC<\/a><\/li>\n<li><a href=\"https:\/\/clarkremc.exacthire.com\/job\/196141\" target=\"_blank\" rel=\"noopener\">Ing\u00e9nieur en piquetage pour Clark County REMC<\/a><\/li>\n<\/ul>\n<\/li>\n<\/ul>\n<\/li>\n<\/ul>\n<\/li>\n<\/ul>\n<\/li>\n<\/ul>\n\n\t\t<\/div>\n\t<\/div>\n<\/div><\/div><\/div><div class=\"wpb_column vc_column_container vc_col-sm-3 vc_hidden-sm vc_hidden-xs\"><div class=\"vc_column-inner\"><div class=\"wpb_wrapper\"><\/div><\/div><\/div><\/div><div class=\"ult-spacer spacer-69e7105c97f78\" data-id=\"69e7105c97f78\" data-height=\"150\" data-height-mobile=\"50\" data-height-tab=\"75\" data-height-tab-portrait=\"75\" data-height-mobile-landscape=\"50\" style=\"clear:both;display:block;\"><\/div><\/div><\/div><\/div><\/div>\n<\/div>","protected":false},"excerpt":{"rendered":"<p>Faites carri\u00e8re dans l&#039;une de nos 17 coop\u00e9ratives membres. En tant que coop\u00e9rative, Hoosier Energy s&#039;engage \u00e0 soutenir ses coop\u00e9ratives membres. Cette page est un point de d\u00e9part pour les demandeurs d&#039;emploi souhaitant d\u00e9couvrir les opportunit\u00e9s de travail au sein de nos coop\u00e9ratives membres dans le centre et le sud de l&#039;Indiana et le sud-est de l&#039;Illinois. Chacune de nos coop\u00e9ratives membres op\u00e8re et\u2026<\/p>","protected":false},"author":1,"featured_media":7218,"parent":7000,"menu_order":0,"comment_status":"closed","ping_status":"closed","template":"","meta":{"_acf_changed":false,"footnotes":""},"class_list":["post-7006","page","type-page","status-publish","has-post-thumbnail","hentry","description-off"],"acf":[],"yoast_head":"<!-- This site is optimized with the Yoast SEO plugin v27.4 - https:\/\/yoast.com\/product\/yoast-seo-wordpress\/ -->\r\n<title>Co-op Careers | Hoosier Energy | View Open Positions<\/title>\r\n<meta name=\"description\" content=\"As cooperatives, our members value their employees just as much as we do. View open positions at our member cooperatives today.\" \/>\r\n<meta name=\"robots\" content=\"index, follow, max-snippet:-1, max-image-preview:large, max-video-preview:-1\" \/>\r\n<link rel=\"canonical\" href=\"https:\/\/www.hoosierenergy.com\/fr\/careers\/co-op-careers\/\" \/>\r\n<meta property=\"og:locale\" content=\"fr_FR\" \/>\r\n<meta property=\"og:type\" content=\"article\" \/>\r\n<meta property=\"og:title\" content=\"Co-op Careers | Hoosier Energy | View Open Positions\" \/>\r\n<meta property=\"og:description\" content=\"As cooperatives, our members value their employees just as much as we do. View open positions at our member cooperatives today.\" \/>\r\n<meta property=\"og:url\" content=\"https:\/\/www.hoosierenergy.com\/fr\/careers\/co-op-careers\/\" \/>\r\n<meta property=\"og:site_name\" content=\"Hoosier Energy\" \/>\r\n<meta property=\"article:publisher\" content=\"https:\/\/www.facebook.com\/HoosierEnergy\" \/>\r\n<meta property=\"article:modified_time\" content=\"2026-04-14T12:01:50+00:00\" \/>\r\n<meta property=\"og:image\" content=\"https:\/\/www.hoosierenergy.com\/wp-content\/uploads\/2022\/09\/CoOp-Careers-Header.jpg\" \/>\r\n\t<meta property=\"og:image:width\" content=\"1920\" \/>\r\n\t<meta property=\"og:image:height\" content=\"400\" \/>\r\n\t<meta property=\"og:image:type\" content=\"image\/jpeg\" \/>\r\n<meta name=\"twitter:card\" content=\"summary_large_image\" \/>\r\n<meta name=\"twitter:site\" content=\"@hoosierenergy\" \/>\r\n<meta name=\"twitter:label1\" content=\"Dur\u00e9e de lecture estim\u00e9e\" \/>\n\t<meta name=\"twitter:data1\" content=\"2 minutes\" \/>\r\n<script type=\"application\/ld+json\" class=\"yoast-schema-graph\">{\"@context\":\"https:\\\/\\\/schema.org\",\"@graph\":[{\"@type\":\"WebPage\",\"@id\":\"https:\\\/\\\/www.hoosierenergy.com\\\/careers\\\/co-op-careers\\\/\",\"url\":\"https:\\\/\\\/www.hoosierenergy.com\\\/careers\\\/co-op-careers\\\/\",\"name\":\"Co-op Careers | Hoosier Energy | View Open Positions\",\"isPartOf\":{\"@id\":\"https:\\\/\\\/www.hoosierenergy.com\\\/#website\"},\"primaryImageOfPage\":{\"@id\":\"https:\\\/\\\/www.hoosierenergy.com\\\/careers\\\/co-op-careers\\\/#primaryimage\"},\"image\":{\"@id\":\"https:\\\/\\\/www.hoosierenergy.com\\\/careers\\\/co-op-careers\\\/#primaryimage\"},\"thumbnailUrl\":\"https:\\\/\\\/www.hoosierenergy.com\\\/wp-content\\\/uploads\\\/2022\\\/09\\\/CoOp-Careers-Header.jpg\",\"datePublished\":\"2022-09-02T21:02:53+00:00\",\"dateModified\":\"2026-04-14T12:01:50+00:00\",\"description\":\"As cooperatives, our members value their employees just as much as we do. View open positions at our member cooperatives today.\",\"breadcrumb\":{\"@id\":\"https:\\\/\\\/www.hoosierenergy.com\\\/careers\\\/co-op-careers\\\/#breadcrumb\"},\"inLanguage\":\"fr-FR\",\"potentialAction\":[{\"@type\":\"ReadAction\",\"target\":[\"https:\\\/\\\/www.hoosierenergy.com\\\/careers\\\/co-op-careers\\\/\"]}]},{\"@type\":\"ImageObject\",\"inLanguage\":\"fr-FR\",\"@id\":\"https:\\\/\\\/www.hoosierenergy.com\\\/careers\\\/co-op-careers\\\/#primaryimage\",\"url\":\"https:\\\/\\\/www.hoosierenergy.com\\\/wp-content\\\/uploads\\\/2022\\\/09\\\/CoOp-Careers-Header.jpg\",\"contentUrl\":\"https:\\\/\\\/www.hoosierenergy.com\\\/wp-content\\\/uploads\\\/2022\\\/09\\\/CoOp-Careers-Header.jpg\",\"width\":1920,\"height\":400},{\"@type\":\"BreadcrumbList\",\"@id\":\"https:\\\/\\\/www.hoosierenergy.com\\\/careers\\\/co-op-careers\\\/#breadcrumb\",\"itemListElement\":[{\"@type\":\"ListItem\",\"position\":1,\"name\":\"Home\",\"item\":\"https:\\\/\\\/www.hoosierenergy.com\\\/\"},{\"@type\":\"ListItem\",\"position\":2,\"name\":\"Careers\",\"item\":\"https:\\\/\\\/www.hoosierenergy.com\\\/careers\\\/\"},{\"@type\":\"ListItem\",\"position\":3,\"name\":\"Co-op Careers\"}]},{\"@type\":\"WebSite\",\"@id\":\"https:\\\/\\\/www.hoosierenergy.com\\\/#website\",\"url\":\"https:\\\/\\\/www.hoosierenergy.com\\\/\",\"name\":\"Hoosier Energy\",\"description\":\"Powering Community\",\"alternateName\":\"Hoosier Energy Rural Electric Cooperative, Inc.\",\"potentialAction\":[{\"@type\":\"SearchAction\",\"target\":{\"@type\":\"EntryPoint\",\"urlTemplate\":\"https:\\\/\\\/www.hoosierenergy.com\\\/?s={search_term_string}\"},\"query-input\":{\"@type\":\"PropertyValueSpecification\",\"valueRequired\":true,\"valueName\":\"search_term_string\"}}],\"inLanguage\":\"fr-FR\"}]}<\/script>\r\n<!-- \/ Yoast SEO plugin. -->","yoast_head_json":{"title":"Co-op Careers | Hoosier Energy | View Open Positions","description":"As cooperatives, our members value their employees just as much as we do. View open positions at our member cooperatives today.","robots":{"index":"index","follow":"follow","max-snippet":"max-snippet:-1","max-image-preview":"max-image-preview:large","max-video-preview":"max-video-preview:-1"},"canonical":"https:\/\/www.hoosierenergy.com\/fr\/careers\/co-op-careers\/","og_locale":"fr_FR","og_type":"article","og_title":"Co-op Careers | Hoosier Energy | View Open Positions","og_description":"As cooperatives, our members value their employees just as much as we do. View open positions at our member cooperatives today.","og_url":"https:\/\/www.hoosierenergy.com\/fr\/careers\/co-op-careers\/","og_site_name":"Hoosier Energy","article_publisher":"https:\/\/www.facebook.com\/HoosierEnergy","article_modified_time":"2026-04-14T12:01:50+00:00","og_image":[{"width":1920,"height":400,"url":"https:\/\/www.hoosierenergy.com\/wp-content\/uploads\/2022\/09\/CoOp-Careers-Header.jpg","type":"image\/jpeg"}],"twitter_card":"summary_large_image","twitter_site":"@hoosierenergy","twitter_misc":{"Dur\u00e9e de lecture estim\u00e9e":"2 minutes"},"schema":{"@context":"https:\/\/schema.org","@graph":[{"@type":"WebPage","@id":"https:\/\/www.hoosierenergy.com\/careers\/co-op-careers\/","url":"https:\/\/www.hoosierenergy.com\/careers\/co-op-careers\/","name":"Co-op Careers | Hoosier Energy | View Open Positions","isPartOf":{"@id":"https:\/\/www.hoosierenergy.com\/#website"},"primaryImageOfPage":{"@id":"https:\/\/www.hoosierenergy.com\/careers\/co-op-careers\/#primaryimage"},"image":{"@id":"https:\/\/www.hoosierenergy.com\/careers\/co-op-careers\/#primaryimage"},"thumbnailUrl":"https:\/\/www.hoosierenergy.com\/wp-content\/uploads\/2022\/09\/CoOp-Careers-Header.jpg","datePublished":"2022-09-02T21:02:53+00:00","dateModified":"2026-04-14T12:01:50+00:00","description":"As cooperatives, our members value their employees just as much as we do. View open positions at our member cooperatives today.","breadcrumb":{"@id":"https:\/\/www.hoosierenergy.com\/careers\/co-op-careers\/#breadcrumb"},"inLanguage":"fr-FR","potentialAction":[{"@type":"ReadAction","target":["https:\/\/www.hoosierenergy.com\/careers\/co-op-careers\/"]}]},{"@type":"ImageObject","inLanguage":"fr-FR","@id":"https:\/\/www.hoosierenergy.com\/careers\/co-op-careers\/#primaryimage","url":"https:\/\/www.hoosierenergy.com\/wp-content\/uploads\/2022\/09\/CoOp-Careers-Header.jpg","contentUrl":"https:\/\/www.hoosierenergy.com\/wp-content\/uploads\/2022\/09\/CoOp-Careers-Header.jpg","width":1920,"height":400},{"@type":"BreadcrumbList","@id":"https:\/\/www.hoosierenergy.com\/careers\/co-op-careers\/#breadcrumb","itemListElement":[{"@type":"ListItem","position":1,"name":"Home","item":"https:\/\/www.hoosierenergy.com\/"},{"@type":"ListItem","position":2,"name":"Careers","item":"https:\/\/www.hoosierenergy.com\/careers\/"},{"@type":"ListItem","position":3,"name":"Co-op Careers"}]},{"@type":"WebSite","@id":"https:\/\/www.hoosierenergy.com\/#website","url":"https:\/\/www.hoosierenergy.com\/","name":"\u00c9nergie Hoosier","description":"Alimenter la communaut\u00e9","alternateName":"Hoosier Energy Rural Electric Cooperative, Inc.","potentialAction":[{"@type":"SearchAction","target":{"@type":"EntryPoint","urlTemplate":"https:\/\/www.hoosierenergy.com\/?s={search_term_string}"},"query-input":{"@type":"PropertyValueSpecification","valueRequired":true,"valueName":"search_term_string"}}],"inLanguage":"fr-FR"}]}},"_links":{"self":[{"href":"https:\/\/www.hoosierenergy.com\/fr\/wp-json\/wp\/v2\/pages\/7006","targetHints":{"allow":["GET"]}}],"collection":[{"href":"https:\/\/www.hoosierenergy.com\/fr\/wp-json\/wp\/v2\/pages"}],"about":[{"href":"https:\/\/www.hoosierenergy.com\/fr\/wp-json\/wp\/v2\/types\/page"}],"author":[{"embeddable":true,"href":"https:\/\/www.hoosierenergy.com\/fr\/wp-json\/wp\/v2\/users\/1"}],"replies":[{"embeddable":true,"href":"https:\/\/www.hoosierenergy.com\/fr\/wp-json\/wp\/v2\/comments?post=7006"}],"version-history":[{"count":0,"href":"https:\/\/www.hoosierenergy.com\/fr\/wp-json\/wp\/v2\/pages\/7006\/revisions"}],"up":[{"embeddable":true,"href":"https:\/\/www.hoosierenergy.com\/fr\/wp-json\/wp\/v2\/pages\/7000"}],"wp:featuredmedia":[{"embeddable":true,"href":"https:\/\/www.hoosierenergy.com\/fr\/wp-json\/wp\/v2\/media\/7218"}],"wp:attachment":[{"href":"https:\/\/www.hoosierenergy.com\/fr\/wp-json\/wp\/v2\/media?parent=7006"}],"curies":[{"name":"wp","href":"https:\/\/api.w.org\/{rel}","templated":true}]}}