{"id":3,"date":"2022-05-12T14:06:16","date_gmt":"2022-05-12T14:06:16","guid":{"rendered":"https:\/\/hoosierenerstg.wpengine.com\/?page_id=3"},"modified":"2023-11-01T20:00:58","modified_gmt":"2023-11-02T01:00:58","slug":"privacy-policy","status":"publish","type":"page","link":"https:\/\/www.hoosierenergy.com\/fr\/privacy-policy\/","title":{"rendered":"politique de confidentialit\u00e9"},"content":{"rendered":"<div class=\"wpb-content-wrapper\"><div class=\"vc_row wpb_row vc_row-fluid\"><div class=\"wpb_column vc_column_container vc_col-sm-12\"><div class=\"vc_column-inner\"><div class=\"wpb_wrapper\">\n\t<div class=\"wpb_text_column wpb_content_element\" >\n\t\t<div class=\"wpb_wrapper\">\n\t\t\t<p><span class=\"s1\">Votre vie priv\u00e9e est tr\u00e8s importante pour nous. Les informations personnelles ne sont g\u00e9n\u00e9ralement pas collect\u00e9es lorsque vous visitez le site Web de Hoosier Energy. Nos serveurs Web et les syst\u00e8mes associ\u00e9s collectent des informations g\u00e9n\u00e9rales et standard telles que l&#039;adresse IP, le type de navigateur, le temps d&#039;acc\u00e8s, le nombre de visites et le volume de trafic.<\/span><\/p>\n<p><span class=\"s1\">Hoosier Energy se r\u00e9serve le droit d&#039;utiliser des cookies pour enregistrer les pr\u00e9f\u00e9rences des utilisateurs et regrouper des donn\u00e9es sur le trafic du site et\/ou l&#039;interaction avec le site afin d&#039;am\u00e9liorer la satisfaction des utilisateurs avec le site Web. Certaines sections de notre site Web peuvent n\u00e9cessiter un formulaire de contact. Le formulaire peut demander des informations telles que le nom, l&#039;adresse e-mail, l&#039;adresse postale, le num\u00e9ro de t\u00e9l\u00e9phone ou d&#039;autres informations, selon le cas.<\/span><\/p>\n<p><span class=\"s1\">Certaines sections du site Web peuvent n\u00e9cessiter un compte utilisateur pour acc\u00e9der \u00e0 des services ou informations suppl\u00e9mentaires. Des informations personnelles suppl\u00e9mentaires peuvent \u00eatre requises pour compl\u00e9ter le processus de cr\u00e9ation de compte utilisateur. L&#039;envoi d&#039;e-mails \u00e0 Hoosier Energy peut entra\u00eener l&#039;envoi d&#039;informations personnelles, telles que le nom, les num\u00e9ros de t\u00e9l\u00e9phone et\/ou les adresses e-mail.<\/span><\/p>\n<p><span class=\"s1\">Hoosier Energy prendra des mesures techniques et proc\u00e9durales raisonnables pour emp\u00eacher la perte de toute information personnelle. Hoosier Energy peut partager des informations avec d&#039;autres organisations affili\u00e9es, telles que des coop\u00e9ratives de distribution de membres, des services d&#039;emploi, des services de marketing ou d&#039;autres sous-traitants tiers. Hoosier Energy n&#039;autorisera les tiers \u00e0 utiliser les informations personnelles que dans la mesure n\u00e9cessaire pour fournir des services contractuels \u00e0 Hoosier Energy. Hoosier Energy ne vendra, n&#039;\u00e9changera ni ne transf\u00e9rera autrement des informations personnelles.<\/span><\/p>\n\n\t\t<\/div>\n\t<\/div>\n<\/div><\/div><\/div><\/div>\n<\/div>","protected":false},"excerpt":{"rendered":"<p>Votre vie priv\u00e9e est tr\u00e8s importante pour nous. Les informations personnelles ne sont g\u00e9n\u00e9ralement pas collect\u00e9es lors de la visite du site Web de Hoosier Energy. Nos serveurs Web et les syst\u00e8mes associ\u00e9s collectent des informations g\u00e9n\u00e9rales et standard telles que l&#039;adresse IP, le type de navigateur, le temps d&#039;acc\u00e8s, le nombre de visites et le volume de trafic. Hoosier Energy se r\u00e9serve le droit d&#039;utiliser des cookies pour enregistrer les pr\u00e9f\u00e9rences des utilisateurs\u2026<\/p>","protected":false},"author":1,"featured_media":0,"parent":0,"menu_order":0,"comment_status":"closed","ping_status":"open","template":"","meta":{"_acf_changed":false,"footnotes":""},"class_list":["post-3","page","type-page","status-publish","hentry","description-off"],"acf":[],"yoast_head":"<!-- This site is optimized with the Yoast SEO plugin v27.4 - https:\/\/yoast.com\/product\/yoast-seo-wordpress\/ -->\r\n<title>Privacy Policy - Hoosier Energy<\/title>\r\n<meta name=\"description\" content=\"Hoosier Energy goes to great lengths to safeguard our visitors&#039; information. Learn more about our privacy policy today.\" \/>\r\n<meta name=\"robots\" content=\"index, follow, max-snippet:-1, max-image-preview:large, max-video-preview:-1\" \/>\r\n<link rel=\"canonical\" href=\"https:\/\/www.hoosierenergy.com\/fr\/privacy-policy\/\" \/>\r\n<meta property=\"og:locale\" content=\"fr_FR\" \/>\r\n<meta property=\"og:type\" content=\"article\" \/>\r\n<meta property=\"og:title\" content=\"Privacy Policy - Hoosier Energy\" \/>\r\n<meta property=\"og:description\" content=\"Hoosier Energy goes to great lengths to safeguard our visitors&#039; information. Learn more about our privacy policy today.\" \/>\r\n<meta property=\"og:url\" content=\"https:\/\/www.hoosierenergy.com\/fr\/privacy-policy\/\" \/>\r\n<meta property=\"og:site_name\" content=\"Hoosier Energy\" \/>\r\n<meta property=\"article:publisher\" content=\"https:\/\/www.facebook.com\/HoosierEnergy\" \/>\r\n<meta property=\"article:modified_time\" content=\"2023-11-02T01:00:58+00:00\" \/>\r\n<meta name=\"twitter:card\" content=\"summary_large_image\" \/>\r\n<meta name=\"twitter:site\" content=\"@hoosierenergy\" \/>\r\n<meta name=\"twitter:label1\" content=\"Dur\u00e9e de lecture estim\u00e9e\" \/>\n\t<meta name=\"twitter:data1\" content=\"1 minute\" \/>\r\n<script type=\"application\/ld+json\" class=\"yoast-schema-graph\">{\"@context\":\"https:\\\/\\\/schema.org\",\"@graph\":[{\"@type\":\"WebPage\",\"@id\":\"https:\\\/\\\/www.hoosierenergy.com\\\/privacy-policy\\\/\",\"url\":\"https:\\\/\\\/www.hoosierenergy.com\\\/privacy-policy\\\/\",\"name\":\"Privacy Policy - Hoosier Energy\",\"isPartOf\":{\"@id\":\"https:\\\/\\\/www.hoosierenergy.com\\\/#website\"},\"datePublished\":\"2022-05-12T14:06:16+00:00\",\"dateModified\":\"2023-11-02T01:00:58+00:00\",\"description\":\"Hoosier Energy goes to great lengths to safeguard our visitors' information. Learn more about our privacy policy today.\",\"breadcrumb\":{\"@id\":\"https:\\\/\\\/www.hoosierenergy.com\\\/privacy-policy\\\/#breadcrumb\"},\"inLanguage\":\"fr-FR\",\"potentialAction\":[{\"@type\":\"ReadAction\",\"target\":[\"https:\\\/\\\/www.hoosierenergy.com\\\/privacy-policy\\\/\"]}]},{\"@type\":\"BreadcrumbList\",\"@id\":\"https:\\\/\\\/www.hoosierenergy.com\\\/privacy-policy\\\/#breadcrumb\",\"itemListElement\":[{\"@type\":\"ListItem\",\"position\":1,\"name\":\"Home\",\"item\":\"https:\\\/\\\/www.hoosierenergy.com\\\/\"},{\"@type\":\"ListItem\",\"position\":2,\"name\":\"Privacy Policy\"}]},{\"@type\":\"WebSite\",\"@id\":\"https:\\\/\\\/www.hoosierenergy.com\\\/#website\",\"url\":\"https:\\\/\\\/www.hoosierenergy.com\\\/\",\"name\":\"Hoosier Energy\",\"description\":\"Powering Community\",\"alternateName\":\"Hoosier Energy Rural Electric Cooperative, Inc.\",\"potentialAction\":[{\"@type\":\"SearchAction\",\"target\":{\"@type\":\"EntryPoint\",\"urlTemplate\":\"https:\\\/\\\/www.hoosierenergy.com\\\/?s={search_term_string}\"},\"query-input\":{\"@type\":\"PropertyValueSpecification\",\"valueRequired\":true,\"valueName\":\"search_term_string\"}}],\"inLanguage\":\"fr-FR\"}]}<\/script>\r\n<!-- \/ Yoast SEO plugin. -->","yoast_head_json":{"title":"Privacy Policy - Hoosier Energy","description":"Hoosier Energy goes to great lengths to safeguard our visitors' information. Learn more about our privacy policy today.","robots":{"index":"index","follow":"follow","max-snippet":"max-snippet:-1","max-image-preview":"max-image-preview:large","max-video-preview":"max-video-preview:-1"},"canonical":"https:\/\/www.hoosierenergy.com\/fr\/privacy-policy\/","og_locale":"fr_FR","og_type":"article","og_title":"Privacy Policy - Hoosier Energy","og_description":"Hoosier Energy goes to great lengths to safeguard our visitors' information. Learn more about our privacy policy today.","og_url":"https:\/\/www.hoosierenergy.com\/fr\/privacy-policy\/","og_site_name":"Hoosier Energy","article_publisher":"https:\/\/www.facebook.com\/HoosierEnergy","article_modified_time":"2023-11-02T01:00:58+00:00","twitter_card":"summary_large_image","twitter_site":"@hoosierenergy","twitter_misc":{"Dur\u00e9e de lecture estim\u00e9e":"1 minute"},"schema":{"@context":"https:\/\/schema.org","@graph":[{"@type":"WebPage","@id":"https:\/\/www.hoosierenergy.com\/privacy-policy\/","url":"https:\/\/www.hoosierenergy.com\/privacy-policy\/","name":"Privacy Policy - Hoosier Energy","isPartOf":{"@id":"https:\/\/www.hoosierenergy.com\/#website"},"datePublished":"2022-05-12T14:06:16+00:00","dateModified":"2023-11-02T01:00:58+00:00","description":"Hoosier Energy goes to great lengths to safeguard our visitors' information. Learn more about our privacy policy today.","breadcrumb":{"@id":"https:\/\/www.hoosierenergy.com\/privacy-policy\/#breadcrumb"},"inLanguage":"fr-FR","potentialAction":[{"@type":"ReadAction","target":["https:\/\/www.hoosierenergy.com\/privacy-policy\/"]}]},{"@type":"BreadcrumbList","@id":"https:\/\/www.hoosierenergy.com\/privacy-policy\/#breadcrumb","itemListElement":[{"@type":"ListItem","position":1,"name":"Home","item":"https:\/\/www.hoosierenergy.com\/"},{"@type":"ListItem","position":2,"name":"Privacy Policy"}]},{"@type":"WebSite","@id":"https:\/\/www.hoosierenergy.com\/#website","url":"https:\/\/www.hoosierenergy.com\/","name":"\u00c9nergie Hoosier","description":"Alimenter la communaut\u00e9","alternateName":"Hoosier Energy Rural Electric Cooperative, Inc.","potentialAction":[{"@type":"SearchAction","target":{"@type":"EntryPoint","urlTemplate":"https:\/\/www.hoosierenergy.com\/?s={search_term_string}"},"query-input":{"@type":"PropertyValueSpecification","valueRequired":true,"valueName":"search_term_string"}}],"inLanguage":"fr-FR"}]}},"_links":{"self":[{"href":"https:\/\/www.hoosierenergy.com\/fr\/wp-json\/wp\/v2\/pages\/3","targetHints":{"allow":["GET"]}}],"collection":[{"href":"https:\/\/www.hoosierenergy.com\/fr\/wp-json\/wp\/v2\/pages"}],"about":[{"href":"https:\/\/www.hoosierenergy.com\/fr\/wp-json\/wp\/v2\/types\/page"}],"author":[{"embeddable":true,"href":"https:\/\/www.hoosierenergy.com\/fr\/wp-json\/wp\/v2\/users\/1"}],"replies":[{"embeddable":true,"href":"https:\/\/www.hoosierenergy.com\/fr\/wp-json\/wp\/v2\/comments?post=3"}],"version-history":[{"count":0,"href":"https:\/\/www.hoosierenergy.com\/fr\/wp-json\/wp\/v2\/pages\/3\/revisions"}],"wp:attachment":[{"href":"https:\/\/www.hoosierenergy.com\/fr\/wp-json\/wp\/v2\/media?parent=3"}],"curies":[{"name":"wp","href":"https:\/\/api.w.org\/{rel}","templated":true}]}}