{"id":23,"date":"2022-05-16T16:17:25","date_gmt":"2022-05-16T16:17:25","guid":{"rendered":"https:\/\/hoosierenerstg.wpengine.com\/?page_id=23"},"modified":"2025-03-27T10:23:48","modified_gmt":"2025-03-27T15:23:48","slug":"our-members","status":"publish","type":"page","link":"https:\/\/www.hoosierenergy.com\/fr\/our-members\/","title":{"rendered":"Nos membres"},"content":{"rendered":"<div class=\"wpb-content-wrapper\"><div class=\"vc_row wpb_row vc_row-fluid negativetopmargin vc_custom_1654014318664 vc_row-has-fill\"><div class=\"wpb_column vc_column_container vc_col-sm-12 vc_col-md-offset-2 vc_col-md-8\"><div class=\"vc_column-inner\"><div class=\"wpb_wrapper\"><div class=\"ult-spacer spacer-69e9ea7fbe0cd\" data-id=\"69e9ea7fbe0cd\" data-height=\"50\" data-height-mobile=\"20\" data-height-tab=\"30\" data-height-tab-portrait=\"30\" data-height-mobile-landscape=\"20\" style=\"clear:both;display:block;\"><\/div><h2 style=\"text-align: center\" class=\"vc_custom_heading vc_do_custom_heading\" >Rencontrez les 17 coop\u00e9ratives membres qui aident \u00e0 distribuer l&#039;\u00e9lectricit\u00e9 \u00e0 plus de 700 000 consommateurs dans la zone de service de Hoosier Energy<\/h2>\n\t<div class=\"wpb_text_column wpb_content_element\" >\n\t\t<div class=\"wpb_wrapper\">\n\t\t\t<p style=\"text-align: center;\">Ce sont nos membres qui distinguent Hoosier Energy des compagnies d&#039;\u00e9lectricit\u00e9 priv\u00e9es. Notre mission et nos valeurs sont fond\u00e9es sur les besoins de nos coop\u00e9ratives membres, comme lors de sa cr\u00e9ation en 1949. Nous sommes une alliance de 17 coop\u00e9ratives membres, desservant 59 comt\u00e9s du centre et du sud de l&#039;Indiana et du sud-est de l&#039;Illinois.<\/p>\n<p style=\"text-align: center;\">Gr\u00e2ce \u00e0 nos coop\u00e9ratives membres, nous desservons un large \u00e9ventail de communaut\u00e9s, non seulement dans les zones rurales, mais aussi dans les banlieues dens\u00e9ment peupl\u00e9es et \u00e0 proximit\u00e9 des principales op\u00e9rations commerciales. Hoosier Energy est un service public de production et de transmission, ce qui signifie que nous produisons de l&#039;\u00e9lectricit\u00e9 et l&#039;envoyons \u00e0 nos coop\u00e9ratives membres. Nos membres distribuent ensuite l&#039;\u00e9lectricit\u00e9 aux agriculteurs, aux r\u00e9sidents et aux entreprises de leurs zones de service.<\/p>\n<p style=\"text-align: center;\">Ensemble, nos coop\u00e9ratives membres exploitent et entretiennent 34 000 miles de lignes de distribution, fournissant de l&#039;\u00e9lectricit\u00e9 \u00e0 plus de 285 000 foyers, fermes et entreprises dans l&#039;Indiana et l&#039;Illinois.<\/p>\n\n\t\t<\/div>\n\t<\/div>\n<div class=\"ult-spacer spacer-69e9ea7fbea65\" data-id=\"69e9ea7fbea65\" data-height=\"35\" data-height-mobile=\"10\" data-height-tab=\"25\" data-height-tab-portrait=\"25\" data-height-mobile-landscape=\"20\" style=\"clear:both;display:block;\"><\/div><\/div><\/div><\/div><\/div><div id=\"members\" class=\"vc_row wpb_row vc_row-fluid vc_row-o-equal-height vc_row-o-content-middle vc_row-flex\"><div class=\"wpb_column vc_column_container vc_col-sm-12\"><div class=\"vc_column-inner\"><div class=\"wpb_wrapper\"><div class=\"vc_row wpb_row vc_inner vc_row-fluid\"><div class=\"wpb_column vc_column_container vc_col-sm-4\"><div class=\"vc_column-inner\"><div class=\"wpb_wrapper\">\n\t<div class=\"wpb_text_column wpb_content_element\" >\n\t\t<div class=\"wpb_wrapper\">\n\t\t\t<ul>\n<li><a href=\"https:\/\/www.bcremc.com\/\"> Centre REMC du comt\u00e9 de Bartholomew<\/a><\/li>\n<li><a href=\"https:\/\/www.theremc.com\/\"> Centre communautaire REMC du comt\u00e9 de Clark<\/a><\/li>\n<li><a href=\"http:\/\/www.dmremc.com\/\"> Centre de ressources communautaires du comt\u00e9 de Daviess-Martin<\/a><\/li>\n<li><a href=\"http:\/\/www.dcremc.com\/\"> Centre de gestion communautaire du comt\u00e9 de Decatur<\/a><\/li>\n<li><a href=\"http:\/\/www.duboisrec.com\/\"> Dubois REC, Inc.<\/a><\/li>\n<li><a href=\"http:\/\/www.harrisonremc.com\/\"> Harrison REMC<\/a><\/li>\n<\/ul>\n\n\t\t<\/div>\n\t<\/div>\n<\/div><\/div><\/div><div class=\"wpb_column vc_column_container vc_col-sm-4\"><div class=\"vc_column-inner\"><div class=\"wpb_wrapper\">\n\t<div class=\"wpb_text_column wpb_content_element\" >\n\t\t<div class=\"wpb_wrapper\">\n\t\t\t<ul>\n<li><a href=\"http:\/\/www.hcremc.com\/\"> REMC du comt\u00e9 de Henry<\/a><\/li>\n<li><a href=\"http:\/\/www.jacksonremc.com\/\"> Centre de gestion communautaire du comt\u00e9 de Jackson<\/a><\/li>\n<li><a href=\"http:\/\/myremc.coop\/\"> REMC du comt\u00e9 d&#039;Orange<\/a><\/li>\n<li><a href=\"http:\/\/www.rse.coop\/\"> RushShelby \u00c9nergie<\/a><\/li>\n<li><a href=\"http:\/\/www.sciremc.com\/\"> REMC du centre-sud de l&#039;Indiana<\/a><\/li>\n<li><a href=\"http:\/\/www.seiremc.com\/\">REMC du sud-est de l&#039;Indiana<\/a><\/li>\n<\/ul>\n\n\t\t<\/div>\n\t<\/div>\n<\/div><\/div><\/div><div class=\"wpb_column vc_column_container vc_col-sm-4\"><div class=\"vc_column-inner\"><div class=\"wpb_wrapper\">\n\t<div class=\"wpb_text_column wpb_content_element\" >\n\t\t<div class=\"wpb_wrapper\">\n\t\t\t<ul>\n<li><a href=\"http:\/\/www.sinpwr.com\/\">Puissance du sud de l&#039;Indiana<\/a><\/li>\n<li><a href=\"http:\/\/www.udwiremc.com\/\"> District des services publics de l&#039;ouest de l&#039;Indiana REMC<\/a><\/li>\n<li><a href=\"http:\/\/www.waynewhitecoop.com\/pages\/Home\"> Coop\u00e9rative \u00e9lectrique des comt\u00e9s de Wayne et White<\/a><\/li>\n<li><a href=\"http:\/\/www.winenergyremc.com\/\"> REMC de WIN Energy<\/a><\/li>\n<li><a href=\"http:\/\/www.wwvremc.com\/\"> Centre de ressources en eau vive de la vall\u00e9e de Whitewater<\/a><\/li>\n<\/ul>\n\n\t\t<\/div>\n\t<\/div>\n<\/div><\/div><\/div><\/div><div class=\"vc_row wpb_row vc_inner vc_row-fluid\"><div class=\"wpb_column vc_column_container vc_col-sm-12\"><div class=\"vc_column-inner\"><div class=\"wpb_wrapper\"><div class=\"ult-spacer spacer-69e9ea7fc0f86\" data-id=\"69e9ea7fc0f86\" data-height=\"50\" data-height-mobile=\"25\" data-height-tab=\"35\" data-height-tab-portrait=\"35\" data-height-mobile-landscape=\"25\" style=\"clear:both;display:block;\"><\/div>\n\t<div  class=\"wpb_single_image wpb_content_element vc_align_center\">\n\t\t\n\t\t<figure class=\"wpb_wrapper vc_figure\">\n\t\t\t<div class=\"vc_single_image-wrapper   vc_box_border_grey\"><img loading=\"lazy\" decoding=\"async\" width=\"1920\" height=\"1845\" src=\"https:\/\/www.hoosierenergy.com\/wp-content\/uploads\/2025\/02\/HoosierEnergy-MapUpdate-sm4-3.jpg\" class=\"vc_single_image-img attachment-full\" alt=\"Map of Counties Hoosier Energy Serves\" title=\"Mise \u00e0 jour de la carte HoosierEnergy-sm4-3\" srcset=\"https:\/\/www.hoosierenergy.com\/wp-content\/uploads\/2025\/02\/HoosierEnergy-MapUpdate-sm4-3.jpg 1920w, https:\/\/www.hoosierenergy.com\/wp-content\/uploads\/2025\/02\/HoosierEnergy-MapUpdate-sm4-3-300x288.jpg 300w, https:\/\/www.hoosierenergy.com\/wp-content\/uploads\/2025\/02\/HoosierEnergy-MapUpdate-sm4-3-1024x984.jpg 1024w, https:\/\/www.hoosierenergy.com\/wp-content\/uploads\/2025\/02\/HoosierEnergy-MapUpdate-sm4-3-768x738.jpg 768w, https:\/\/www.hoosierenergy.com\/wp-content\/uploads\/2025\/02\/HoosierEnergy-MapUpdate-sm4-3-1536x1476.jpg 1536w, https:\/\/www.hoosierenergy.com\/wp-content\/uploads\/2025\/02\/HoosierEnergy-MapUpdate-sm4-3-12x12.jpg 12w\" sizes=\"auto, (max-width: 1920px) 100vw, 1920px\"  data-dt-location=\"https:\/\/www.hoosierenergy.com\/fr\/our-members\/hoosierenergy-mapupdate-sm4-3\/\" \/><\/div>\n\t\t<\/figure>\n\t<\/div>\n<div class=\"ult-spacer spacer-69e9ea7fc1dcf\" data-id=\"69e9ea7fc1dcf\" data-height=\"50\" data-height-mobile=\"25\" data-height-tab=\"35\" data-height-tab-portrait=\"35\" data-height-mobile-landscape=\"25\" style=\"clear:both;display:block;\"><\/div><\/div><\/div><\/div><\/div><\/div><\/div><\/div><\/div>\n<\/div>","protected":false},"excerpt":{"rendered":"<p>D\u00e9couvrez les 17 coop\u00e9ratives membres qui contribuent \u00e0 la distribution d&#039;\u00e9lectricit\u00e9 \u00e0 plus de 700\u00a0000 consommateurs sur le territoire de Hoosier Energy. Nos membres sont ce qui distingue Hoosier Energy des compagnies d&#039;\u00e9lectricit\u00e9 priv\u00e9es. Notre mission et nos valeurs sont fond\u00e9es sur les besoins de nos coop\u00e9ratives membres, comme c&#039;\u00e9tait le cas lors de sa cr\u00e9ation en 1949. Nous sommes\u2026<\/p>","protected":false},"author":1,"featured_media":18951,"parent":0,"menu_order":0,"comment_status":"closed","ping_status":"closed","template":"","meta":{"_acf_changed":false,"footnotes":""},"class_list":["post-23","page","type-page","status-publish","has-post-thumbnail","hentry","description-off"],"acf":[],"yoast_head":"<!-- This site is optimized with the Yoast SEO plugin v27.4 - https:\/\/yoast.com\/product\/yoast-seo-wordpress\/ -->\r\n<title>Our Members | Meet Our Member Cooperatives | Hoosier Energy<\/title>\r\n<meta name=\"description\" content=\"Our members are what makes us who we are. Meet the 17 member cooperatives who support our mission.\" \/>\r\n<meta name=\"robots\" content=\"index, follow, max-snippet:-1, max-image-preview:large, max-video-preview:-1\" \/>\r\n<link rel=\"canonical\" href=\"https:\/\/www.hoosierenergy.com\/fr\/our-members\/\" \/>\r\n<meta property=\"og:locale\" content=\"fr_FR\" \/>\r\n<meta property=\"og:type\" content=\"article\" \/>\r\n<meta property=\"og:title\" content=\"Our Members | Meet Our Member Cooperatives | Hoosier Energy\" \/>\r\n<meta property=\"og:description\" content=\"Our members are what makes us who we are. Meet the 17 member cooperatives who support our mission.\" \/>\r\n<meta property=\"og:url\" content=\"https:\/\/www.hoosierenergy.com\/fr\/our-members\/\" \/>\r\n<meta property=\"og:site_name\" content=\"Hoosier Energy\" \/>\r\n<meta property=\"article:publisher\" content=\"https:\/\/www.facebook.com\/HoosierEnergy\" \/>\r\n<meta property=\"article:modified_time\" content=\"2025-03-27T15:23:48+00:00\" \/>\r\n<meta property=\"og:image\" content=\"https:\/\/www.hoosierenergy.com\/wp-content\/uploads\/2025\/02\/Header-AboutOurMembers.jpg\" \/>\r\n\t<meta property=\"og:image:width\" content=\"1920\" \/>\r\n\t<meta property=\"og:image:height\" content=\"400\" \/>\r\n\t<meta property=\"og:image:type\" content=\"image\/jpeg\" \/>\r\n<meta name=\"twitter:card\" content=\"summary_large_image\" \/>\r\n<meta name=\"twitter:site\" content=\"@hoosierenergy\" \/>\r\n<meta name=\"twitter:label1\" content=\"Dur\u00e9e de lecture estim\u00e9e\" \/>\n\t<meta name=\"twitter:data1\" content=\"2 minutes\" \/>\r\n<script type=\"application\/ld+json\" class=\"yoast-schema-graph\">{\"@context\":\"https:\\\/\\\/schema.org\",\"@graph\":[{\"@type\":\"WebPage\",\"@id\":\"https:\\\/\\\/www.hoosierenergy.com\\\/our-members\\\/\",\"url\":\"https:\\\/\\\/www.hoosierenergy.com\\\/our-members\\\/\",\"name\":\"Our Members | Meet Our Member Cooperatives | Hoosier Energy\",\"isPartOf\":{\"@id\":\"https:\\\/\\\/www.hoosierenergy.com\\\/#website\"},\"primaryImageOfPage\":{\"@id\":\"https:\\\/\\\/www.hoosierenergy.com\\\/our-members\\\/#primaryimage\"},\"image\":{\"@id\":\"https:\\\/\\\/www.hoosierenergy.com\\\/our-members\\\/#primaryimage\"},\"thumbnailUrl\":\"https:\\\/\\\/www.hoosierenergy.com\\\/wp-content\\\/uploads\\\/2025\\\/02\\\/Header-AboutOurMembers.jpg\",\"datePublished\":\"2022-05-16T16:17:25+00:00\",\"dateModified\":\"2025-03-27T15:23:48+00:00\",\"description\":\"Our members are what makes us who we are. Meet the 17 member cooperatives who support our mission.\",\"breadcrumb\":{\"@id\":\"https:\\\/\\\/www.hoosierenergy.com\\\/our-members\\\/#breadcrumb\"},\"inLanguage\":\"fr-FR\",\"potentialAction\":[{\"@type\":\"ReadAction\",\"target\":[\"https:\\\/\\\/www.hoosierenergy.com\\\/our-members\\\/\"]}]},{\"@type\":\"ImageObject\",\"inLanguage\":\"fr-FR\",\"@id\":\"https:\\\/\\\/www.hoosierenergy.com\\\/our-members\\\/#primaryimage\",\"url\":\"https:\\\/\\\/www.hoosierenergy.com\\\/wp-content\\\/uploads\\\/2025\\\/02\\\/Header-AboutOurMembers.jpg\",\"contentUrl\":\"https:\\\/\\\/www.hoosierenergy.com\\\/wp-content\\\/uploads\\\/2025\\\/02\\\/Header-AboutOurMembers.jpg\",\"width\":1920,\"height\":400},{\"@type\":\"BreadcrumbList\",\"@id\":\"https:\\\/\\\/www.hoosierenergy.com\\\/our-members\\\/#breadcrumb\",\"itemListElement\":[{\"@type\":\"ListItem\",\"position\":1,\"name\":\"Home\",\"item\":\"https:\\\/\\\/www.hoosierenergy.com\\\/\"},{\"@type\":\"ListItem\",\"position\":2,\"name\":\"Our Members\"}]},{\"@type\":\"WebSite\",\"@id\":\"https:\\\/\\\/www.hoosierenergy.com\\\/#website\",\"url\":\"https:\\\/\\\/www.hoosierenergy.com\\\/\",\"name\":\"Hoosier Energy\",\"description\":\"Powering Community\",\"alternateName\":\"Hoosier Energy Rural Electric Cooperative, Inc.\",\"potentialAction\":[{\"@type\":\"SearchAction\",\"target\":{\"@type\":\"EntryPoint\",\"urlTemplate\":\"https:\\\/\\\/www.hoosierenergy.com\\\/?s={search_term_string}\"},\"query-input\":{\"@type\":\"PropertyValueSpecification\",\"valueRequired\":true,\"valueName\":\"search_term_string\"}}],\"inLanguage\":\"fr-FR\"}]}<\/script>\r\n<!-- \/ Yoast SEO plugin. -->","yoast_head_json":{"title":"Our Members | Meet Our Member Cooperatives | Hoosier Energy","description":"Our members are what makes us who we are. Meet the 17 member cooperatives who support our mission.","robots":{"index":"index","follow":"follow","max-snippet":"max-snippet:-1","max-image-preview":"max-image-preview:large","max-video-preview":"max-video-preview:-1"},"canonical":"https:\/\/www.hoosierenergy.com\/fr\/our-members\/","og_locale":"fr_FR","og_type":"article","og_title":"Our Members | Meet Our Member Cooperatives | Hoosier Energy","og_description":"Our members are what makes us who we are. Meet the 17 member cooperatives who support our mission.","og_url":"https:\/\/www.hoosierenergy.com\/fr\/our-members\/","og_site_name":"Hoosier Energy","article_publisher":"https:\/\/www.facebook.com\/HoosierEnergy","article_modified_time":"2025-03-27T15:23:48+00:00","og_image":[{"width":1920,"height":400,"url":"https:\/\/www.hoosierenergy.com\/wp-content\/uploads\/2025\/02\/Header-AboutOurMembers.jpg","type":"image\/jpeg"}],"twitter_card":"summary_large_image","twitter_site":"@hoosierenergy","twitter_misc":{"Dur\u00e9e de lecture estim\u00e9e":"2 minutes"},"schema":{"@context":"https:\/\/schema.org","@graph":[{"@type":"WebPage","@id":"https:\/\/www.hoosierenergy.com\/our-members\/","url":"https:\/\/www.hoosierenergy.com\/our-members\/","name":"Our Members | Meet Our Member Cooperatives | Hoosier Energy","isPartOf":{"@id":"https:\/\/www.hoosierenergy.com\/#website"},"primaryImageOfPage":{"@id":"https:\/\/www.hoosierenergy.com\/our-members\/#primaryimage"},"image":{"@id":"https:\/\/www.hoosierenergy.com\/our-members\/#primaryimage"},"thumbnailUrl":"https:\/\/www.hoosierenergy.com\/wp-content\/uploads\/2025\/02\/Header-AboutOurMembers.jpg","datePublished":"2022-05-16T16:17:25+00:00","dateModified":"2025-03-27T15:23:48+00:00","description":"Our members are what makes us who we are. Meet the 17 member cooperatives who support our mission.","breadcrumb":{"@id":"https:\/\/www.hoosierenergy.com\/our-members\/#breadcrumb"},"inLanguage":"fr-FR","potentialAction":[{"@type":"ReadAction","target":["https:\/\/www.hoosierenergy.com\/our-members\/"]}]},{"@type":"ImageObject","inLanguage":"fr-FR","@id":"https:\/\/www.hoosierenergy.com\/our-members\/#primaryimage","url":"https:\/\/www.hoosierenergy.com\/wp-content\/uploads\/2025\/02\/Header-AboutOurMembers.jpg","contentUrl":"https:\/\/www.hoosierenergy.com\/wp-content\/uploads\/2025\/02\/Header-AboutOurMembers.jpg","width":1920,"height":400},{"@type":"BreadcrumbList","@id":"https:\/\/www.hoosierenergy.com\/our-members\/#breadcrumb","itemListElement":[{"@type":"ListItem","position":1,"name":"Home","item":"https:\/\/www.hoosierenergy.com\/"},{"@type":"ListItem","position":2,"name":"Our Members"}]},{"@type":"WebSite","@id":"https:\/\/www.hoosierenergy.com\/#website","url":"https:\/\/www.hoosierenergy.com\/","name":"\u00c9nergie Hoosier","description":"Alimenter la communaut\u00e9","alternateName":"Hoosier Energy Rural Electric Cooperative, Inc.","potentialAction":[{"@type":"SearchAction","target":{"@type":"EntryPoint","urlTemplate":"https:\/\/www.hoosierenergy.com\/?s={search_term_string}"},"query-input":{"@type":"PropertyValueSpecification","valueRequired":true,"valueName":"search_term_string"}}],"inLanguage":"fr-FR"}]}},"_links":{"self":[{"href":"https:\/\/www.hoosierenergy.com\/fr\/wp-json\/wp\/v2\/pages\/23","targetHints":{"allow":["GET"]}}],"collection":[{"href":"https:\/\/www.hoosierenergy.com\/fr\/wp-json\/wp\/v2\/pages"}],"about":[{"href":"https:\/\/www.hoosierenergy.com\/fr\/wp-json\/wp\/v2\/types\/page"}],"author":[{"embeddable":true,"href":"https:\/\/www.hoosierenergy.com\/fr\/wp-json\/wp\/v2\/users\/1"}],"replies":[{"embeddable":true,"href":"https:\/\/www.hoosierenergy.com\/fr\/wp-json\/wp\/v2\/comments?post=23"}],"version-history":[{"count":0,"href":"https:\/\/www.hoosierenergy.com\/fr\/wp-json\/wp\/v2\/pages\/23\/revisions"}],"wp:featuredmedia":[{"embeddable":true,"href":"https:\/\/www.hoosierenergy.com\/fr\/wp-json\/wp\/v2\/media\/18951"}],"wp:attachment":[{"href":"https:\/\/www.hoosierenergy.com\/fr\/wp-json\/wp\/v2\/media?parent=23"}],"curies":[{"name":"wp","href":"https:\/\/api.w.org\/{rel}","templated":true}]}}