{"id":166,"date":"2022-07-29T02:07:33","date_gmt":"2022-07-29T02:07:33","guid":{"rendered":"https:\/\/hoosierenerstg.wpengine.com\/?page_id=166"},"modified":"2025-10-02T09:04:04","modified_gmt":"2025-10-02T14:04:04","slug":"renewable-energy","status":"publish","type":"page","link":"https:\/\/www.hoosierenergy.com\/fr\/our-cooperative\/energy-strategy\/renewable-energy\/","title":{"rendered":"Energie renouvelable"},"content":{"rendered":"<div class=\"wpb-content-wrapper\"><div class=\"vc_row wpb_row vc_row-fluid negativetopmargin vc_custom_1654014318664 vc_row-has-fill\"><div class=\"wpb_column vc_column_container vc_col-sm-12 vc_col-md-offset-2 vc_col-md-8\"><div class=\"vc_column-inner\"><div class=\"wpb_wrapper\"><div class=\"ult-spacer spacer-69e650b80ec01\" data-id=\"69e650b80ec01\" data-height=\"50\" data-height-mobile=\"20\" data-height-tab=\"30\" data-height-tab-portrait=\"30\" data-height-mobile-landscape=\"20\" style=\"clear:both;display:block;\"><\/div><h2 style=\"text-align: center\" class=\"vc_custom_heading vc_do_custom_heading\" >Les ressources renouvelables de Hoosier Energy nous aident \u00e0 r\u00e9pondre aux besoins \u00e9nerg\u00e9tiques croissants de nos coop\u00e9ratives membres dans l&#039;Indiana et l&#039;Illinois<\/h2>\n\t<div class=\"wpb_text_column wpb_content_element\" >\n\t\t<div class=\"wpb_wrapper\">\n\t\t\t<p style=\"text-align: center;\">Ces derni\u00e8res ann\u00e9es, le portefeuille de Hoosier Energy s&#039;est consid\u00e9rablement d\u00e9velopp\u00e9 et diversifi\u00e9 pour r\u00e9pondre aux besoins des membres et g\u00e9rer efficacement les risques. Les \u00e9nergies renouvelables ont jou\u00e9 un r\u00f4le majeur pour nous aider \u00e0 faire face \u00e0 cette croissance, et nous continuons \u00e0 \u00e9largir notre concentration sur les sources durables. Dans le cadre de notre transition vers une production d&#039;\u00e9nergie durable, nous avons \u00e9tabli des objectifs ambitieux mais atteignables en mati\u00e8re d&#039;\u00e9nergie renouvelable.<\/p>\n<p style=\"text-align: center;\">En 2006, Hoosier Energy a adopt\u00e9 une politique volontaire en mati\u00e8re d&#039;\u00e9nergies renouvelables visant \u00e0 r\u00e9pondre d&#039;ici 2025 \u00e0 au moins 101 TP3T des besoins \u00e9nerg\u00e9tiques de notre r\u00e9seau de 17 membres gr\u00e2ce \u00e0 des ressources \u00e9nerg\u00e9tiques renouvelables. En 2022, nous pr\u00e9voyons que 91 TP3T de notre approvisionnement en \u00e9lectricit\u00e9 proviendra de sources renouvelables. Gr\u00e2ce \u00e0 l&#039;\u00e9nergie solaire, \u00e0 l&#039;\u00e9nergie \u00e9olienne, \u00e0 l&#039;\u00e9nergie hydraulique, au m\u00e9thane des d\u00e9charges et \u00e0 une s\u00e9rie d&#039;autres programmes renouvelables, nous sommes en bonne voie pour respecter notre engagement.<\/p>\n\n\t\t<\/div>\n\t<\/div>\n<div class=\"ult-spacer spacer-69e650b80f5ad\" data-id=\"69e650b80f5ad\" data-height=\"50\" data-height-mobile=\"25\" data-height-tab=\"35\" data-height-tab-portrait=\"35\" data-height-mobile-landscape=\"25\" style=\"clear:both;display:block;\"><\/div><\/div><\/div><\/div><\/div><div data-vc-full-width=\"true\" data-vc-full-width-temp=\"true\" data-vc-full-width-init=\"false\" class=\"vc_row wpb_row vc_row-fluid vc_custom_1663458772954 vc_row-has-fill\"><div class=\"wpb_column vc_column_container vc_col-sm-12\"><div class=\"vc_column-inner\"><div class=\"wpb_wrapper\"><div class=\"ult-spacer spacer-69e650b80ff96\" data-id=\"69e650b80ff96\" data-height=\"150\" data-height-mobile=\"50\" data-height-tab=\"75\" data-height-tab-portrait=\"75\" data-height-mobile-landscape=\"50\" style=\"clear:both;display:block;\"><\/div><h3 style=\"color: #ffffff;text-align: center\" class=\"vc_custom_heading vc_do_custom_heading\" >L\u2019avenir est prometteur pour les \u00e9nergies renouvelables<\/h3><div class=\"ult-spacer spacer-69e650b810259\" data-id=\"69e650b810259\" data-height=\"150\" data-height-mobile=\"50\" data-height-tab=\"75\" data-height-tab-portrait=\"75\" data-height-mobile-landscape=\"50\" style=\"clear:both;display:block;\"><\/div><\/div><\/div><\/div><\/div><div class=\"vc_row-full-width vc_clearfix\"><\/div><div class=\"vc_row wpb_row vc_row-fluid\"><div class=\"wpb_column vc_column_container vc_col-sm-12\"><div class=\"vc_column-inner\"><div class=\"wpb_wrapper\"><div class=\"ult-spacer spacer-69e650b810a43\" data-id=\"69e650b810a43\" data-height=\"35\" data-height-mobile=\"20\" data-height-tab=\"25\" data-height-tab-portrait=\"25\" data-height-mobile-landscape=\"20\" style=\"clear:both;display:block;\"><\/div>\n\t<div class=\"wpb_text_column wpb_content_element\" >\n\t\t<div class=\"wpb_wrapper\">\n\t\t\t<p>Les ressources renouvelables de Hoosier Energy nous aident \u00e0 r\u00e9pondre aux besoins de nos coop\u00e9ratives membres. En plus de maintenir nos propres programmes d&#039;\u00e9nergie renouvelable dans notre zone de service dans l&#039;Indiana et l&#039;Illinois, nous investissons \u00e9galement dans les technologies \u00e9mergentes pour soutenir un r\u00e9seau en \u00e9volution tout en jouant un r\u00f4le dans l&#039;avenir de l&#039;\u00e9nergie. Nos programmes d&#039;\u00e9nergie renouvelable comprennent les initiatives suivantes.<\/p>\n\n\t\t<\/div>\n\t<\/div>\n<div class=\"ult-spacer spacer-69e650b810c74\" data-id=\"69e650b810c74\" data-height=\"50\" data-height-mobile=\"25\" data-height-tab=\"35\" data-height-tab-portrait=\"35\" data-height-mobile-landscape=\"25\" style=\"clear:both;display:block;\"><\/div><div class=\"vc_row wpb_row vc_inner vc_row-fluid\"><div class=\"wpb_column vc_column_container vc_col-sm-6\"><div class=\"vc_column-inner\"><div class=\"wpb_wrapper\"><h4 style=\"text-align: left\" class=\"vc_custom_heading vc_do_custom_heading\" >\u00c9nergie solaire<\/h4>\n\t<div class=\"wpb_text_column wpb_content_element\" >\n\t\t<div class=\"wpb_wrapper\">\n\t\t\t<p>Notre programme solaire comprend 10 panneaux solaires d&#039;un m\u00e9gawatt plac\u00e9s le long de routes tr\u00e8s visibles dans les communaut\u00e9s membres de l&#039;Indiana et de l&#039;Illinois. Collectivement, ces installations produisent non seulement une \u00e9nergie substantielle, mais elles augmentent \u00e9galement la visibilit\u00e9 de la viabilit\u00e9 de l&#039;\u00e9nergie solaire et d&#039;autres sources renouvelables. Nos installations d&#039;\u00e9nergie solaire nous aident \u00e9galement \u00e0 comprendre comment nous pouvons int\u00e9grer efficacement l&#039;\u00e9nergie solaire \u00e0 notre r\u00e9seau et compenser le besoin d&#039;autres ressources \u00e9nerg\u00e9tiques en p\u00e9riode de forte demande.<\/p>\n<p>Nous avons \u00e9galement plusieurs contrats d&#039;achat d&#039;\u00e9nergie pour l&#039;\u00e9nergie solaire, y compris notre contrat le plus r\u00e9cent pour 200 MW \u00e0 <a href=\"https:\/\/www.edpr.com\/north-america\/riverstart-solar-park\" target=\"_blank\" rel=\"noopener\">Parc solaire Riverstart<\/a> dans le comt\u00e9 de Randolph.<\/p>\n\n\t\t<\/div>\n\t<\/div>\n<\/div><\/div><\/div><div class=\"wpb_column vc_column_container vc_col-sm-6\"><div class=\"vc_column-inner\"><div class=\"wpb_wrapper\"><h4 style=\"text-align: left\" class=\"vc_custom_heading vc_do_custom_heading\" >\u00c9nergie \u00e9olienne<\/h4>\n\t<div class=\"wpb_text_column wpb_content_element\" >\n\t\t<div class=\"wpb_wrapper\">\n\t\t\t<p>L&#039;\u00e9nergie \u00e9olienne est l&#039;une des ressources d&#039;\u00e9nergie renouvelable les plus visibles dans de nombreuses communaut\u00e9s que nous desservons dans l&#039;Indiana et l&#039;Illinois. Bien que Hoosier Energy ne poss\u00e8de aucune ressource \u00e9olienne, nous avons plusieurs contrats d&#039;achat d&#039;\u00e9nergie qui nous permettent d&#039;augmenter notre portefeuille d&#039;\u00e9nergies renouvelables. Ces projets comprennent l&#039;\u00e9nergie \u00e9olienne du parc \u00e9olien Rail Splitter dans l&#039;Illinois et du parc \u00e9olien Meadow Lake dans l&#039;Indiana.<\/p>\n\n\t\t<\/div>\n\t<\/div>\n<\/div><\/div><\/div><\/div><div class=\"vc_row wpb_row vc_inner vc_row-fluid\"><div class=\"wpb_column vc_column_container vc_col-sm-6\"><div class=\"vc_column-inner\"><div class=\"wpb_wrapper\"><h4 style=\"text-align: left\" class=\"vc_custom_heading vc_do_custom_heading\" >Hydro\u00e9lectricit\u00e9<\/h4>\n\t<div class=\"wpb_text_column wpb_content_element\" >\n\t\t<div class=\"wpb_wrapper\">\n\t\t\t<p>Nous achetons de l&#039;\u00e9nergie hydro\u00e9lectrique par l&#039;interm\u00e9diaire d&#039;une installation situ\u00e9e \u00e0 Dayton, dans l&#039;Illinois. Cette installation produit environ 18 000 m\u00e9gawattheures par an, ce qui suffit \u00e0 alimenter environ 1 500 foyers.<\/p>\n\n\t\t<\/div>\n\t<\/div>\n<\/div><\/div><\/div><div class=\"wpb_column vc_column_container vc_col-sm-6\"><div class=\"vc_column-inner\"><div class=\"wpb_wrapper\"><h4 style=\"text-align: left\" class=\"vc_custom_heading vc_do_custom_heading\" >G\u00e9n\u00e9ration d\u00e9tenue par le consommateur<\/h4>\n\t<div class=\"wpb_text_column wpb_content_element\" >\n\t\t<div class=\"wpb_wrapper\">\n\t\t\t<p>Avec plus de quatre m\u00e9gawatts de capacit\u00e9 renouvelable pour les membres-consommateurs dans nos communaut\u00e9s de l&#039;Indiana et de l&#039;Illinois, nous avons constat\u00e9 un int\u00e9r\u00eat croissant pour la production d&#039;\u00e9nergie par les consommateurs de la part des r\u00e9sidents et des entreprises que nous servons. Nombre d&#039;entre eux choisissent d&#039;installer des sources d&#039;\u00e9nergie renouvelables sur leurs propres propri\u00e9t\u00e9s. Comme nous avons constat\u00e9 un int\u00e9r\u00eat croissant, nous avons mis en \u0153uvre des lignes directrices pour la production d\u00e9centralis\u00e9e r\u00e9sidentielle et d\u00e9velopp\u00e9 des facteurs que les consommateurs devraient prendre en compte lorsqu&#039;ils investissent dans les \u00e9nergies renouvelables.<\/p>\n\n\t\t<\/div>\n\t<\/div>\n<\/div><\/div><\/div><\/div><div class=\"vc_row wpb_row vc_inner vc_row-fluid\"><div class=\"wpb_column vc_column_container vc_col-sm-6\"><div class=\"vc_column-inner\"><div class=\"wpb_wrapper\"><h4 style=\"text-align: left\" class=\"vc_custom_heading vc_do_custom_heading\" >\u00c9nergies renouvelables pour les organisations commerciales et industrielles<\/h4>\n\t<div class=\"wpb_text_column wpb_content_element\" >\n\t\t<div class=\"wpb_wrapper\">\n\t\t\t<p>Pour les entreprises \u00e0 la recherche d&#039;\u00e9nergie renouvelable pour alimenter leurs op\u00e9rations commerciales et industrielles, nous proposons plusieurs options. Il s&#039;agit notamment de projets construits et d\u00e9tenus par Hoosier Energy, de projets construits par des membres, de cr\u00e9dits d&#039;\u00e9nergie renouvelable et d&#039;analyses d&#039;\u00e9nergie renouvelable. Gr\u00e2ce \u00e0 ces programmes, nous aidons la communaut\u00e9 des entreprises \u00e0 atteindre ses propres objectifs de r\u00e9duction des \u00e9missions de carbone.<\/p>\n\n\t\t<\/div>\n\t<\/div>\n<\/div><\/div><\/div><div class=\"wpb_column vc_column_container vc_col-sm-6\"><div class=\"vc_column-inner\"><div class=\"wpb_wrapper\"><h4 style=\"text-align: left\" class=\"vc_custom_heading vc_do_custom_heading\" >V\u00e9hicules \u00e9lectriques<\/h4>\n\t<div class=\"wpb_text_column wpb_content_element\" >\n\t\t<div class=\"wpb_wrapper\">\n\t\t\t<p>Pour promouvoir l&#039;adoption des v\u00e9hicules \u00e9lectriques (VE), Hoosier Energy a d\u00e9velopp\u00e9 le programme. Gr\u00e2ce \u00e0 ce programme, les membres qui ach\u00e8tent un VE peuvent demander \u00e0 recevoir un chargeur de VE gratuit. Gr\u00e2ce \u00e0 cette initiative, nous augmentons l&#039;infrastructure des \u00e9nergies renouvelables dans l&#039;Indiana et l&#039;Illinois et contribuons \u00e0 informer les consommateurs sur les avantages des VE. Nous fournissons \u00e9galement des d\u00e9tails et des informations utiles via la section Choisir un VE de <a href=\"https:\/\/WhyElectrify.com\" target=\"_blank\" rel=\"noopener\">PourquoiElectrify.com<\/a>.<\/p>\n\n\t\t<\/div>\n\t<\/div>\n<\/div><\/div><\/div><\/div><\/div><\/div><\/div><\/div><div class=\"vc_row wpb_row vc_row-fluid\"><div class=\"wpb_column vc_column_container vc_col-sm-12\"><div class=\"vc_column-inner\"><div class=\"wpb_wrapper\"><div class=\"ult-spacer spacer-69e650b814a24\" data-id=\"69e650b814a24\" data-height=\"50\" data-height-mobile=\"25\" data-height-tab=\"35\" data-height-tab-portrait=\"35\" data-height-mobile-landscape=\"25\" style=\"clear:both;display:block;\"><\/div><\/div><\/div><\/div><\/div><div data-vc-full-width=\"true\" data-vc-full-width-temp=\"true\" data-vc-full-width-init=\"false\" class=\"vc_row wpb_row vc_row-fluid\"><style type=\"text\/css\" data-type=\"vc_shortcodes-default-css\">.vc_do_custom_heading{margin-bottom:0.625rem;margin-top:0;}.vc_do_btn{margin-bottom:22px;}<\/style><style type=\"text\/css\" data-type=\"vc_shortcodes-custom-css\">.vc_custom_1659638016356{background-image: url(https:\/\/hoosierenergy.com\/wp-content\/uploads\/2022\/08\/Join-Our-Team-Header-01-sigmund-4khkLZuJEYI-unsplash-11.jpg?id=6840) !important;}<\/style><div class=\"wpb_column vc_column_container vc_col-sm-12\"><div class=\"vc_column-inner\"><div class=\"wpb_wrapper\"><div class=\"wpb-content-wrapper\"><div id=\"joinourteam\" data-vc-full-width=\"true\" data-vc-full-width-temp=\"true\" data-vc-full-width-init=\"false\" class=\"vc_row wpb_row vc_row-fluid vc_custom_1659638016356 vc_row-has-fill\"><div class=\"wpb_column vc_column_container vc_col-sm-12 vc_col-md-offset-2 vc_col-md-8\"><div class=\"vc_column-inner\"><div class=\"wpb_wrapper\"><div class=\"ult-spacer spacer-69e650b8166e2\" data-id=\"69e650b8166e2\" data-height=\"150\" data-height-mobile=\"75\" data-height-tab=\"100\" data-height-tab-portrait=\"100\" data-height-mobile-landscape=\"75\" style=\"clear:both;display:block;\"><\/div><h2 style=\"color: #ffffff;text-align: center\" class=\"vc_custom_heading vc_do_custom_heading\" >REJOIGNEZ NOTRE \u00c9QUIPE<\/h2><div class=\"ult-spacer spacer-69e650b8169fb\" data-id=\"69e650b8169fb\" data-height=\"10\" data-height-mobile=\"5\" data-height-tab=\"10\" data-height-tab-portrait=\"10\" data-height-mobile-landscape=\"5\" style=\"clear:both;display:block;\"><\/div><div class=\"vc_row wpb_row vc_inner vc_row-fluid vc_row-o-equal-height vc_row-o-content-middle vc_row-flex\"><div class=\"center wpb_column vc_column_container vc_col-sm-12 vc_col-md-offset-2 vc_col-md-8\"><div class=\"vc_column-inner\"><div class=\"wpb_wrapper\">\n\t<div class=\"wpb_text_column wpb_content_element\" >\n\t\t<div class=\"wpb_wrapper\">\n\t\t\t<p style=\"text-align: center;\"><span style=\"color: #ffffff;\">Vous cherchez une opportunit\u00e9 de faire carri\u00e8re dans une entreprise qui valorise ses employ\u00e9s ? Aidez-nous \u00e0 cr\u00e9er un avenir meilleur pour les communaut\u00e9s que nous servons et \u00e0 b\u00e2tir une carri\u00e8re chez Hoosier Energy.<\/span><\/p>\n\n\t\t<\/div>\n\t<\/div>\n<\/div><\/div><\/div><\/div><div class=\"vc_row wpb_row vc_inner vc_row-fluid vc_row-o-equal-height vc_row-o-content-middle vc_row-flex\"><div class=\"center wpb_column vc_column_container vc_col-sm-12 vc_col-md-offset-3 vc_col-md-6\"><div class=\"vc_column-inner\"><div class=\"wpb_wrapper\"><div class=\"vc_btn3-container vc_btn3-inline\" ><a style=\"background-color:#0071af; color:#f5ff12;\" class=\"vc_general vc_btn3 vc_btn3-size-md vc_btn3-shape-square vc_btn3-style-custom\" href=\"\/fr\/careers\/\" title=\"RECHERCHE D&#039;EMPLOI\">RECHERCHE D&#039;EMPLOI<\/a><\/div><\/div><\/div><\/div><\/div><div class=\"ult-spacer spacer-69e650b817b2f\" data-id=\"69e650b817b2f\" data-height=\"150\" data-height-mobile=\"75\" data-height-tab=\"100\" data-height-tab-portrait=\"100\" data-height-mobile-landscape=\"75\" style=\"clear:both;display:block;\"><\/div><\/div><\/div><\/div><\/div><div class=\"vc_row-full-width vc_clearfix\"><\/div>\n<\/div><style type=\"text\/css\" data-type=\"rcb-_wpb_shortcodes_custom_css-60\">.vc_custom_1659638016356{background-image: url(https:\/\/hoosierenergy.com\/wp-content\/uploads\/2022\/08\/Join-Our-Team-Header-01-sigmund-4khkLZuJEYI-unsplash-11.jpg?id=6840) !important;}<\/style><\/div><\/div><\/div><\/div><div class=\"vc_row-full-width vc_clearfix\"><\/div>\n<\/div>","protected":false},"excerpt":{"rendered":"<p>Les ressources renouvelables de Hoosier Energy nous aident \u00e0 r\u00e9pondre aux besoins \u00e9nerg\u00e9tiques croissants de nos coop\u00e9ratives membres dans l&#039;Indiana et l&#039;Illinois. Ces derni\u00e8res ann\u00e9es, le portefeuille de Hoosier Energy s&#039;est consid\u00e9rablement d\u00e9velopp\u00e9 et diversifi\u00e9 pour r\u00e9pondre aux besoins des membres et g\u00e9rer efficacement les risques. Les \u00e9nergies renouvelables ont jou\u00e9 un r\u00f4le majeur pour nous aider \u00e0 faire face \u00e0 cette croissance, et\u2026<\/p>","protected":false},"author":1,"featured_media":7211,"parent":163,"menu_order":0,"comment_status":"closed","ping_status":"closed","template":"","meta":{"_acf_changed":false,"footnotes":""},"class_list":["post-166","page","type-page","status-publish","has-post-thumbnail","hentry","description-off"],"acf":[],"yoast_head":"<!-- This site is optimized with the Yoast SEO plugin v27.4 - https:\/\/yoast.com\/product\/yoast-seo-wordpress\/ -->\r\n<title>Renewable Energy | Hoosier Energy | Our Community<\/title>\r\n<meta name=\"description\" content=\"See how we&#039;re using renewable energy resources like wind and solar to meet the growing needs of our 17 member cooperatives.\" \/>\r\n<meta name=\"robots\" content=\"index, follow, max-snippet:-1, max-image-preview:large, max-video-preview:-1\" \/>\r\n<link rel=\"canonical\" href=\"https:\/\/www.hoosierenergy.com\/fr\/our-cooperative\/energy-strategy\/renewable-energy\/\" \/>\r\n<meta property=\"og:locale\" content=\"fr_FR\" \/>\r\n<meta property=\"og:type\" content=\"article\" \/>\r\n<meta property=\"og:title\" content=\"Renewable Energy | Hoosier Energy | Our Community\" \/>\r\n<meta property=\"og:description\" content=\"See how we&#039;re using renewable energy resources like wind and solar to meet the growing needs of our 17 member cooperatives.\" \/>\r\n<meta property=\"og:url\" content=\"https:\/\/www.hoosierenergy.com\/fr\/our-cooperative\/energy-strategy\/renewable-energy\/\" \/>\r\n<meta property=\"og:site_name\" content=\"Hoosier Energy\" \/>\r\n<meta property=\"article:publisher\" content=\"https:\/\/www.facebook.com\/HoosierEnergy\" \/>\r\n<meta property=\"article:modified_time\" content=\"2025-10-02T14:04:04+00:00\" \/>\r\n<meta property=\"og:image\" content=\"https:\/\/www.hoosierenergy.com\/wp-content\/uploads\/2022\/09\/Renewables-Header.jpg\" \/>\r\n\t<meta property=\"og:image:width\" content=\"1920\" \/>\r\n\t<meta property=\"og:image:height\" content=\"400\" \/>\r\n\t<meta property=\"og:image:type\" content=\"image\/jpeg\" \/>\r\n<meta name=\"twitter:card\" content=\"summary_large_image\" \/>\r\n<meta name=\"twitter:site\" content=\"@hoosierenergy\" \/>\r\n<meta name=\"twitter:label1\" content=\"Dur\u00e9e de lecture estim\u00e9e\" \/>\n\t<meta name=\"twitter:data1\" content=\"4 minutes\" \/>\r\n<script type=\"application\/ld+json\" class=\"yoast-schema-graph\">{\"@context\":\"https:\\\/\\\/schema.org\",\"@graph\":[{\"@type\":\"WebPage\",\"@id\":\"https:\\\/\\\/www.hoosierenergy.com\\\/our-cooperative\\\/energy-strategy\\\/renewable-energy\\\/\",\"url\":\"https:\\\/\\\/www.hoosierenergy.com\\\/our-cooperative\\\/energy-strategy\\\/renewable-energy\\\/\",\"name\":\"Renewable Energy | Hoosier Energy | Our Community\",\"isPartOf\":{\"@id\":\"https:\\\/\\\/www.hoosierenergy.com\\\/#website\"},\"primaryImageOfPage\":{\"@id\":\"https:\\\/\\\/www.hoosierenergy.com\\\/our-cooperative\\\/energy-strategy\\\/renewable-energy\\\/#primaryimage\"},\"image\":{\"@id\":\"https:\\\/\\\/www.hoosierenergy.com\\\/our-cooperative\\\/energy-strategy\\\/renewable-energy\\\/#primaryimage\"},\"thumbnailUrl\":\"https:\\\/\\\/www.hoosierenergy.com\\\/wp-content\\\/uploads\\\/2022\\\/09\\\/Renewables-Header.jpg\",\"datePublished\":\"2022-07-29T02:07:33+00:00\",\"dateModified\":\"2025-10-02T14:04:04+00:00\",\"description\":\"See how we're using renewable energy resources like wind and solar to meet the growing needs of our 17 member cooperatives.\",\"breadcrumb\":{\"@id\":\"https:\\\/\\\/www.hoosierenergy.com\\\/our-cooperative\\\/energy-strategy\\\/renewable-energy\\\/#breadcrumb\"},\"inLanguage\":\"fr-FR\",\"potentialAction\":[{\"@type\":\"ReadAction\",\"target\":[\"https:\\\/\\\/www.hoosierenergy.com\\\/our-cooperative\\\/energy-strategy\\\/renewable-energy\\\/\"]}]},{\"@type\":\"ImageObject\",\"inLanguage\":\"fr-FR\",\"@id\":\"https:\\\/\\\/www.hoosierenergy.com\\\/our-cooperative\\\/energy-strategy\\\/renewable-energy\\\/#primaryimage\",\"url\":\"https:\\\/\\\/www.hoosierenergy.com\\\/wp-content\\\/uploads\\\/2022\\\/09\\\/Renewables-Header.jpg\",\"contentUrl\":\"https:\\\/\\\/www.hoosierenergy.com\\\/wp-content\\\/uploads\\\/2022\\\/09\\\/Renewables-Header.jpg\",\"width\":1920,\"height\":400},{\"@type\":\"BreadcrumbList\",\"@id\":\"https:\\\/\\\/www.hoosierenergy.com\\\/our-cooperative\\\/energy-strategy\\\/renewable-energy\\\/#breadcrumb\",\"itemListElement\":[{\"@type\":\"ListItem\",\"position\":1,\"name\":\"Home\",\"item\":\"https:\\\/\\\/www.hoosierenergy.com\\\/\"},{\"@type\":\"ListItem\",\"position\":2,\"name\":\"Our Cooperative\",\"item\":\"https:\\\/\\\/www.hoosierenergy.com\\\/our-cooperative\\\/\"},{\"@type\":\"ListItem\",\"position\":3,\"name\":\"Energy Strategy\",\"item\":\"https:\\\/\\\/www.hoosierenergy.com\\\/our-cooperative\\\/energy-strategy\\\/\"},{\"@type\":\"ListItem\",\"position\":4,\"name\":\"Renewable Energy\"}]},{\"@type\":\"WebSite\",\"@id\":\"https:\\\/\\\/www.hoosierenergy.com\\\/#website\",\"url\":\"https:\\\/\\\/www.hoosierenergy.com\\\/\",\"name\":\"Hoosier Energy\",\"description\":\"Powering Community\",\"alternateName\":\"Hoosier Energy Rural Electric Cooperative, Inc.\",\"potentialAction\":[{\"@type\":\"SearchAction\",\"target\":{\"@type\":\"EntryPoint\",\"urlTemplate\":\"https:\\\/\\\/www.hoosierenergy.com\\\/?s={search_term_string}\"},\"query-input\":{\"@type\":\"PropertyValueSpecification\",\"valueRequired\":true,\"valueName\":\"search_term_string\"}}],\"inLanguage\":\"fr-FR\"}]}<\/script>\r\n<!-- \/ Yoast SEO plugin. -->","yoast_head_json":{"title":"Renewable Energy | Hoosier Energy | Our Community","description":"See how we're using renewable energy resources like wind and solar to meet the growing needs of our 17 member cooperatives.","robots":{"index":"index","follow":"follow","max-snippet":"max-snippet:-1","max-image-preview":"max-image-preview:large","max-video-preview":"max-video-preview:-1"},"canonical":"https:\/\/www.hoosierenergy.com\/fr\/our-cooperative\/energy-strategy\/renewable-energy\/","og_locale":"fr_FR","og_type":"article","og_title":"Renewable Energy | Hoosier Energy | Our Community","og_description":"See how we're using renewable energy resources like wind and solar to meet the growing needs of our 17 member cooperatives.","og_url":"https:\/\/www.hoosierenergy.com\/fr\/our-cooperative\/energy-strategy\/renewable-energy\/","og_site_name":"Hoosier Energy","article_publisher":"https:\/\/www.facebook.com\/HoosierEnergy","article_modified_time":"2025-10-02T14:04:04+00:00","og_image":[{"width":1920,"height":400,"url":"https:\/\/www.hoosierenergy.com\/wp-content\/uploads\/2022\/09\/Renewables-Header.jpg","type":"image\/jpeg"}],"twitter_card":"summary_large_image","twitter_site":"@hoosierenergy","twitter_misc":{"Dur\u00e9e de lecture estim\u00e9e":"4 minutes"},"schema":{"@context":"https:\/\/schema.org","@graph":[{"@type":"WebPage","@id":"https:\/\/www.hoosierenergy.com\/our-cooperative\/energy-strategy\/renewable-energy\/","url":"https:\/\/www.hoosierenergy.com\/our-cooperative\/energy-strategy\/renewable-energy\/","name":"Renewable Energy | Hoosier Energy | Our Community","isPartOf":{"@id":"https:\/\/www.hoosierenergy.com\/#website"},"primaryImageOfPage":{"@id":"https:\/\/www.hoosierenergy.com\/our-cooperative\/energy-strategy\/renewable-energy\/#primaryimage"},"image":{"@id":"https:\/\/www.hoosierenergy.com\/our-cooperative\/energy-strategy\/renewable-energy\/#primaryimage"},"thumbnailUrl":"https:\/\/www.hoosierenergy.com\/wp-content\/uploads\/2022\/09\/Renewables-Header.jpg","datePublished":"2022-07-29T02:07:33+00:00","dateModified":"2025-10-02T14:04:04+00:00","description":"See how we're using renewable energy resources like wind and solar to meet the growing needs of our 17 member cooperatives.","breadcrumb":{"@id":"https:\/\/www.hoosierenergy.com\/our-cooperative\/energy-strategy\/renewable-energy\/#breadcrumb"},"inLanguage":"fr-FR","potentialAction":[{"@type":"ReadAction","target":["https:\/\/www.hoosierenergy.com\/our-cooperative\/energy-strategy\/renewable-energy\/"]}]},{"@type":"ImageObject","inLanguage":"fr-FR","@id":"https:\/\/www.hoosierenergy.com\/our-cooperative\/energy-strategy\/renewable-energy\/#primaryimage","url":"https:\/\/www.hoosierenergy.com\/wp-content\/uploads\/2022\/09\/Renewables-Header.jpg","contentUrl":"https:\/\/www.hoosierenergy.com\/wp-content\/uploads\/2022\/09\/Renewables-Header.jpg","width":1920,"height":400},{"@type":"BreadcrumbList","@id":"https:\/\/www.hoosierenergy.com\/our-cooperative\/energy-strategy\/renewable-energy\/#breadcrumb","itemListElement":[{"@type":"ListItem","position":1,"name":"Home","item":"https:\/\/www.hoosierenergy.com\/"},{"@type":"ListItem","position":2,"name":"Our Cooperative","item":"https:\/\/www.hoosierenergy.com\/our-cooperative\/"},{"@type":"ListItem","position":3,"name":"Energy Strategy","item":"https:\/\/www.hoosierenergy.com\/our-cooperative\/energy-strategy\/"},{"@type":"ListItem","position":4,"name":"Renewable Energy"}]},{"@type":"WebSite","@id":"https:\/\/www.hoosierenergy.com\/#website","url":"https:\/\/www.hoosierenergy.com\/","name":"\u00c9nergie Hoosier","description":"Alimenter la communaut\u00e9","alternateName":"Hoosier Energy Rural Electric Cooperative, Inc.","potentialAction":[{"@type":"SearchAction","target":{"@type":"EntryPoint","urlTemplate":"https:\/\/www.hoosierenergy.com\/?s={search_term_string}"},"query-input":{"@type":"PropertyValueSpecification","valueRequired":true,"valueName":"search_term_string"}}],"inLanguage":"fr-FR"}]}},"_links":{"self":[{"href":"https:\/\/www.hoosierenergy.com\/fr\/wp-json\/wp\/v2\/pages\/166","targetHints":{"allow":["GET"]}}],"collection":[{"href":"https:\/\/www.hoosierenergy.com\/fr\/wp-json\/wp\/v2\/pages"}],"about":[{"href":"https:\/\/www.hoosierenergy.com\/fr\/wp-json\/wp\/v2\/types\/page"}],"author":[{"embeddable":true,"href":"https:\/\/www.hoosierenergy.com\/fr\/wp-json\/wp\/v2\/users\/1"}],"replies":[{"embeddable":true,"href":"https:\/\/www.hoosierenergy.com\/fr\/wp-json\/wp\/v2\/comments?post=166"}],"version-history":[{"count":0,"href":"https:\/\/www.hoosierenergy.com\/fr\/wp-json\/wp\/v2\/pages\/166\/revisions"}],"up":[{"embeddable":true,"href":"https:\/\/www.hoosierenergy.com\/fr\/wp-json\/wp\/v2\/pages\/163"}],"wp:featuredmedia":[{"embeddable":true,"href":"https:\/\/www.hoosierenergy.com\/fr\/wp-json\/wp\/v2\/media\/7211"}],"wp:attachment":[{"href":"https:\/\/www.hoosierenergy.com\/fr\/wp-json\/wp\/v2\/media?parent=166"}],"curies":[{"name":"wp","href":"https:\/\/api.w.org\/{rel}","templated":true}]}}