{"id":141,"date":"2022-07-20T12:28:48","date_gmt":"2022-07-20T12:28:48","guid":{"rendered":"https:\/\/hoosierenerstg.wpengine.com\/?page_id=141"},"modified":"2025-02-13T19:25:09","modified_gmt":"2025-02-14T00:25:09","slug":"mission-vision","status":"publish","type":"page","link":"https:\/\/www.hoosierenergy.com\/fr\/our-cooperative\/mission-vision\/","title":{"rendered":"Mission et vision"},"content":{"rendered":"<div class=\"wpb-content-wrapper\"><div class=\"vc_row wpb_row vc_row-fluid negativetopmargin vc_custom_1654014318664 vc_row-has-fill\"><div class=\"wpb_column vc_column_container vc_col-sm-12 vc_col-md-offset-2 vc_col-md-8\"><div class=\"vc_column-inner\"><div class=\"wpb_wrapper\"><div class=\"ult-spacer spacer-69e650d600085\" data-id=\"69e650d600085\" data-height=\"50\" data-height-mobile=\"20\" data-height-tab=\"30\" data-height-tab-portrait=\"30\" data-height-mobile-landscape=\"20\" style=\"clear:both;display:block;\"><\/div><h2 style=\"text-align: center\" class=\"vc_custom_heading vc_do_custom_heading\" >Mettre en pratique l\u2019esprit et la force du partenariat en restant fid\u00e8le \u00e0 notre mission et \u00e0 notre vision ainsi qu\u2019aux sept principes coop\u00e9ratifs<\/h2>\n\t<div class=\"wpb_text_column wpb_content_element\" >\n\t\t<div class=\"wpb_wrapper\">\n\t\t\t<p style=\"text-align: center;\">Contrairement \u00e0 de nombreuses grandes soci\u00e9t\u00e9s d&#039;\u00e9lectricit\u00e9, notre organisation n&#039;est pas dirig\u00e9e par un groupe d&#039;investisseurs. Tout ce que nous faisons est fait au nom de nos membres. Nous ne sommes pas ax\u00e9s sur le profit, mais sur nos membres. Nos d\u00e9cisions sont guid\u00e9es par les agriculteurs, les familles et les entreprises que nous servons, fid\u00e8les au mod\u00e8le coop\u00e9ratif. Nous fonctionnons en \u00e9troite collaboration avec les sept principes et valeurs coop\u00e9ratifs qui constituent le cadre de notre organisation.<\/p>\n\n\t\t<\/div>\n\t<\/div>\n<div class=\"ult-spacer spacer-69e650d600aa2\" data-id=\"69e650d600aa2\" data-height=\"50\" data-height-mobile=\"25\" data-height-tab=\"35\" data-height-tab-portrait=\"35\" data-height-mobile-landscape=\"25\" style=\"clear:both;display:block;\"><\/div><\/div><\/div><\/div><\/div><div class=\"vc_row wpb_row vc_row-fluid\"><div class=\"wpb_column vc_column_container vc_col-sm-6\"><div class=\"vc_column-inner\"><div class=\"wpb_wrapper\">\n\t<div  class=\"wpb_single_image wpb_content_element vc_align_left\">\n\t\t\n\t\t<figure class=\"wpb_wrapper vc_figure\">\n\t\t\t<div class=\"vc_single_image-wrapper   vc_box_border_grey\"><img loading=\"lazy\" decoding=\"async\" width=\"990\" height=\"765\" src=\"https:\/\/www.hoosierenergy.com\/wp-content\/uploads\/2022\/09\/MissionVision-OurMission.jpg\" class=\"vc_single_image-img attachment-full\" alt=\"\" title=\"MissionVision-NotreMission\" srcset=\"https:\/\/www.hoosierenergy.com\/wp-content\/uploads\/2022\/09\/MissionVision-OurMission.jpg 990w, https:\/\/www.hoosierenergy.com\/wp-content\/uploads\/2022\/09\/MissionVision-OurMission-300x232.jpg 300w, https:\/\/www.hoosierenergy.com\/wp-content\/uploads\/2022\/09\/MissionVision-OurMission-768x593.jpg 768w\" sizes=\"auto, (max-width: 990px) 100vw, 990px\"  data-dt-location=\"https:\/\/www.hoosierenergy.com\/fr\/our-cooperative\/mission-vision\/missionvision-ourmission\/\" \/><\/div>\n\t\t<\/figure>\n\t<\/div>\n<h3 style=\"text-align: left\" class=\"vc_custom_heading vc_do_custom_heading\" >Notre mission<\/h3>\n\t<div class=\"wpb_text_column wpb_content_element\" >\n\t\t<div class=\"wpb_wrapper\">\n\t\t\t<p>En collaboration avec ses membres, Hoosier Energy s&#039;engage \u00e0 \u00eatre une organisation efficace et adaptable qui fournit une \u00e9nergie fiable et \u00e0 prix abordable et des services ax\u00e9s sur les membres. Nous nous engageons \u00e9galement \u00e0 r\u00e9pondre aux besoins \u00e9volutifs de nos membres de mani\u00e8re s\u00fbre et durable, guid\u00e9s par les sept principes coop\u00e9ratifs.<\/p>\n\n\t\t<\/div>\n\t<\/div>\n<\/div><\/div><\/div><div class=\"wpb_column vc_column_container vc_col-sm-6\"><div class=\"vc_column-inner\"><div class=\"wpb_wrapper\">\n\t<div  class=\"wpb_single_image wpb_content_element vc_align_left\">\n\t\t\n\t\t<figure class=\"wpb_wrapper vc_figure\">\n\t\t\t<div class=\"vc_single_image-wrapper   vc_box_border_grey\"><img loading=\"lazy\" decoding=\"async\" width=\"990\" height=\"765\" src=\"https:\/\/www.hoosierenergy.com\/wp-content\/uploads\/2022\/09\/MissionVision-OurVision.jpg\" class=\"vc_single_image-img attachment-full\" alt=\"\" title=\"MissionVision-NotreVision\" srcset=\"https:\/\/www.hoosierenergy.com\/wp-content\/uploads\/2022\/09\/MissionVision-OurVision.jpg 990w, https:\/\/www.hoosierenergy.com\/wp-content\/uploads\/2022\/09\/MissionVision-OurVision-300x232.jpg 300w, https:\/\/www.hoosierenergy.com\/wp-content\/uploads\/2022\/09\/MissionVision-OurVision-768x593.jpg 768w\" sizes=\"auto, (max-width: 990px) 100vw, 990px\"  data-dt-location=\"https:\/\/www.hoosierenergy.com\/fr\/our-cooperative\/mission-vision\/missionvision-ourvision\/\" \/><\/div>\n\t\t<\/figure>\n\t<\/div>\n<h3 style=\"text-align: left\" class=\"vc_custom_heading vc_do_custom_heading\" >Notre vision<\/h3>\n\t<div class=\"wpb_text_column wpb_content_element\" >\n\t\t<div class=\"wpb_wrapper\">\n\t\t\t<p>La vision de Hoosier Energy est d&#039;\u00eatre un partenaire de confiance et un fournisseur d&#039;\u00e9nergie et de services fiables, abordables et durables pour les syst\u00e8mes membres. Dans le cadre de notre vision, nous nous engageons \u00e9galement \u00e0 nous adapter \u00e0 un monde de plus en plus num\u00e9rique, connect\u00e9 et en \u00e9volution rapide.<\/p>\n\n\t\t<\/div>\n\t<\/div>\n<\/div><\/div><\/div><\/div><div class=\"vc_row wpb_row vc_row-fluid vc_row-o-equal-height vc_row-o-content-middle vc_row-flex\"><div class=\"wpb_column vc_column_container vc_col-sm-6\"><div class=\"vc_column-inner\"><div class=\"wpb_wrapper\"><div class=\"ult-spacer spacer-69e650d60438f\" data-id=\"69e650d60438f\" data-height=\"50\" data-height-mobile=\"25\" data-height-tab=\"35\" data-height-tab-portrait=\"35\" data-height-mobile-landscape=\"25\" style=\"clear:both;display:block;\"><\/div><h3 style=\"text-align: left\" class=\"vc_custom_heading vc_do_custom_heading\" >Quels sont les sept principes d\u2019une coop\u00e9rative ?<\/h3>\n\t<div class=\"wpb_text_column wpb_content_element\" >\n\t\t<div class=\"wpb_wrapper\">\n\t\t\t<p>Notre mission et nos valeurs sont \u00e9troitement li\u00e9es aux sept principes coop\u00e9ratifs. En tant que coop\u00e9rative, Hoosier Energy est une organisation d\u00e9mocratique attach\u00e9e au principe selon lequel tous les membres ont un pouvoir \u00e9gal. Tout comme le processus d\u00e9mocratique am\u00e9ricain, nos membres sont encourag\u00e9s \u00e0 faire part de leurs pr\u00e9occupations par l&#039;interm\u00e9diaire de leurs repr\u00e9sentants \u00e9lus. Les sept principes coop\u00e9ratifs sont d\u00e9crits ci-dessous :<\/p>\n<ol>\n<li><strong>Adh\u00e9sion volontaire et ouverte :<\/strong> L&#039;adh\u00e9sion est ouverte \u00e0 tous ceux qui utilisent nos services sans distinction de sexe, d&#039;appartenance sociale, raciale, politique ou religieuse.<\/li>\n<li><strong>Contr\u00f4le d\u00e9mocratique des membres :<\/strong> Nous sommes une organisation d\u00e9mocratique; chacune de nos 17 coop\u00e9ratives membres \u00e9lit un repr\u00e9sentant qui participe activement \u00e0 l\u2019\u00e9laboration des politiques et \u00e0 la prise de d\u00e9cisions dans l\u2019int\u00e9r\u00eat de tous.<\/li>\n<li><strong>Participation \u00e9conomique des membres :<\/strong> Notre objectif est de g\u00e9rer l&#039;entreprise aussi efficacement que possible, et non de r\u00e9aliser des b\u00e9n\u00e9fices. Tout revenu suppl\u00e9mentaire est investi directement dans l&#039;entreprise, puis revers\u00e9 aux syst\u00e8mes membres apr\u00e8s un nombre d&#039;ann\u00e9es d\u00e9termin\u00e9.<\/li>\n<li><strong>Autonomie et ind\u00e9pendance :<\/strong> Les coop\u00e9ratives sont des organisations autonomes et autosuffisantes. Si Hoosier Energy conclut des accords avec d\u2019autres organisations ou l\u00e8ve des capitaux aupr\u00e8s de sources externes, elle ne le fait que si les conditions garantissent le contr\u00f4le d\u00e9mocratique et l\u2019autonomie des membres.<\/li>\n<li><strong>\u00c9ducation, formation et information :<\/strong> Gr\u00e2ce au centre de formation Hoosier Energy Franklin, nous proposons une vari\u00e9t\u00e9 de formations professionnelles \u00e0 notre personnel et aux employ\u00e9s des coop\u00e9ratives membres. Les s\u00e9ances d&#039;information aident les sp\u00e9cialistes des lignes \u00e9lectriques et les autres employ\u00e9s des coop\u00e9ratives \u00e9lectriques qui sont charg\u00e9s de maintenir un service fiable pour les consommateurs.<\/li>\n<li><strong>Coop\u00e9ration entre coop\u00e9ratives :<\/strong> La philosophie de la coop\u00e9ration est un mode de vie. Nos coop\u00e9ratives membres ont form\u00e9 Hoosier Energy pour fournir aux syst\u00e8mes de distribution \u00e9lectrique une source d&#039;\u00e9nergie fiable et \u00e9conomique. En travaillant ensemble, nous offrons un meilleur rapport qualit\u00e9-prix aux membres.<\/li>\n<li><strong>Souci de la communaut\u00e9 :<\/strong> En tant que coop\u00e9rative, notre objectif est toujours local. Nous faisons partie des communaut\u00e9s que nous servons. Les pr\u00e9occupations de nos membres sont les n\u00f4tres et nous travaillons dur chaque jour pour maintenir l&#039;\u00e9lectricit\u00e9, maintenir les factures d&#039;\u00e9lectricit\u00e9 basses et faire de nos communaut\u00e9s des endroits o\u00f9 il fait bon vivre.<\/li>\n<\/ol>\n\n\t\t<\/div>\n\t<\/div>\n<div class=\"ult-spacer spacer-69e650d604955\" data-id=\"69e650d604955\" data-height=\"150\" data-height-mobile=\"50\" data-height-tab=\"75\" data-height-tab-portrait=\"75\" data-height-mobile-landscape=\"50\" style=\"clear:both;display:block;\"><\/div><\/div><\/div><\/div><div class=\"wpb_column vc_column_container vc_col-sm-6\"><div class=\"vc_column-inner\"><div class=\"wpb_wrapper\">\n\t<div  class=\"wpb_single_image wpb_content_element vc_align_left\">\n\t\t\n\t\t<figure class=\"wpb_wrapper vc_figure\">\n\t\t\t<div class=\"vc_single_image-wrapper   vc_box_border_grey\"><img loading=\"lazy\" decoding=\"async\" width=\"1281\" height=\"1920\" src=\"https:\/\/www.hoosierenergy.com\/wp-content\/uploads\/2022\/09\/MissionVision-SevenPrinciples2.jpg\" class=\"vc_single_image-img attachment-full\" alt=\"\" title=\"MissionVision-SeptPrincipes2\" srcset=\"https:\/\/www.hoosierenergy.com\/wp-content\/uploads\/2022\/09\/MissionVision-SevenPrinciples2.jpg 1281w, https:\/\/www.hoosierenergy.com\/wp-content\/uploads\/2022\/09\/MissionVision-SevenPrinciples2-200x300.jpg 200w, https:\/\/www.hoosierenergy.com\/wp-content\/uploads\/2022\/09\/MissionVision-SevenPrinciples2-683x1024.jpg 683w, https:\/\/www.hoosierenergy.com\/wp-content\/uploads\/2022\/09\/MissionVision-SevenPrinciples2-768x1151.jpg 768w, https:\/\/www.hoosierenergy.com\/wp-content\/uploads\/2022\/09\/MissionVision-SevenPrinciples2-1025x1536.jpg 1025w\" sizes=\"auto, (max-width: 1281px) 100vw, 1281px\"  data-dt-location=\"https:\/\/www.hoosierenergy.com\/fr\/our-cooperative\/mission-vision\/missionvision-sevenprinciples2\/\" \/><\/div>\n\t\t<\/figure>\n\t<\/div>\n<\/div><\/div><\/div><\/div><div data-vc-full-width=\"true\" data-vc-full-width-temp=\"true\" data-vc-full-width-init=\"false\" class=\"vc_row wpb_row vc_row-fluid\"><style type=\"text\/css\" data-type=\"vc_shortcodes-default-css\">.vc_do_custom_heading{margin-bottom:0.625rem;margin-top:0;}.vc_do_btn{margin-bottom:22px;}<\/style><style type=\"text\/css\" data-type=\"vc_shortcodes-custom-css\">.vc_custom_1659638016356{background-image: url(https:\/\/hoosierenergy.com\/wp-content\/uploads\/2022\/08\/Join-Our-Team-Header-01-sigmund-4khkLZuJEYI-unsplash-11.jpg?id=6840) !important;}<\/style><div class=\"wpb_column vc_column_container vc_col-sm-12\"><div class=\"vc_column-inner\"><div class=\"wpb_wrapper\"><div class=\"wpb-content-wrapper\"><div id=\"joinourteam\" data-vc-full-width=\"true\" data-vc-full-width-temp=\"true\" data-vc-full-width-init=\"false\" class=\"vc_row wpb_row vc_row-fluid vc_custom_1659638016356 vc_row-has-fill\"><div class=\"wpb_column vc_column_container vc_col-sm-12 vc_col-md-offset-2 vc_col-md-8\"><div class=\"vc_column-inner\"><div class=\"wpb_wrapper\"><div class=\"ult-spacer spacer-69e650d606daf\" data-id=\"69e650d606daf\" data-height=\"150\" data-height-mobile=\"75\" data-height-tab=\"100\" data-height-tab-portrait=\"100\" data-height-mobile-landscape=\"75\" style=\"clear:both;display:block;\"><\/div><h2 style=\"color: #ffffff;text-align: center\" class=\"vc_custom_heading vc_do_custom_heading\" >REJOIGNEZ NOTRE \u00c9QUIPE<\/h2><div class=\"ult-spacer spacer-69e650d607079\" data-id=\"69e650d607079\" data-height=\"10\" data-height-mobile=\"5\" data-height-tab=\"10\" data-height-tab-portrait=\"10\" data-height-mobile-landscape=\"5\" style=\"clear:both;display:block;\"><\/div><div class=\"vc_row wpb_row vc_inner vc_row-fluid vc_row-o-equal-height vc_row-o-content-middle vc_row-flex\"><div class=\"center wpb_column vc_column_container vc_col-sm-12 vc_col-md-offset-2 vc_col-md-8\"><div class=\"vc_column-inner\"><div class=\"wpb_wrapper\">\n\t<div class=\"wpb_text_column wpb_content_element\" >\n\t\t<div class=\"wpb_wrapper\">\n\t\t\t<p style=\"text-align: center;\"><span style=\"color: #ffffff;\">Vous cherchez une opportunit\u00e9 de faire carri\u00e8re dans une entreprise qui valorise ses employ\u00e9s ? Aidez-nous \u00e0 cr\u00e9er un avenir meilleur pour les communaut\u00e9s que nous servons et \u00e0 b\u00e2tir une carri\u00e8re chez Hoosier Energy.<\/span><\/p>\n\n\t\t<\/div>\n\t<\/div>\n<\/div><\/div><\/div><\/div><div class=\"vc_row wpb_row vc_inner vc_row-fluid vc_row-o-equal-height vc_row-o-content-middle vc_row-flex\"><div class=\"center wpb_column vc_column_container vc_col-sm-12 vc_col-md-offset-3 vc_col-md-6\"><div class=\"vc_column-inner\"><div class=\"wpb_wrapper\"><div class=\"vc_btn3-container vc_btn3-inline\" ><a style=\"background-color:#0071af; color:#f5ff12;\" class=\"vc_general vc_btn3 vc_btn3-size-md vc_btn3-shape-square vc_btn3-style-custom\" href=\"\/fr\/careers\/\" title=\"RECHERCHE D&#039;EMPLOI\">RECHERCHE D&#039;EMPLOI<\/a><\/div><\/div><\/div><\/div><\/div><div class=\"ult-spacer spacer-69e650d60862e\" data-id=\"69e650d60862e\" data-height=\"150\" data-height-mobile=\"75\" data-height-tab=\"100\" data-height-tab-portrait=\"100\" data-height-mobile-landscape=\"75\" style=\"clear:both;display:block;\"><\/div><\/div><\/div><\/div><\/div><div class=\"vc_row-full-width vc_clearfix\"><\/div>\n<\/div><style type=\"text\/css\" data-type=\"rcb-_wpb_shortcodes_custom_css-60\">.vc_custom_1659638016356{background-image: url(https:\/\/hoosierenergy.com\/wp-content\/uploads\/2022\/08\/Join-Our-Team-Header-01-sigmund-4khkLZuJEYI-unsplash-11.jpg?id=6840) !important;}<\/style><\/div><\/div><\/div><\/div><div class=\"vc_row-full-width vc_clearfix\"><\/div>\n<\/div>","protected":false},"excerpt":{"rendered":"<p>Nous mettons en pratique l&#039;esprit et la force du partenariat en restant fid\u00e8les \u00e0 notre mission et \u00e0 notre vision ainsi qu&#039;aux sept principes coop\u00e9ratifs Contrairement \u00e0 de nombreux grands services publics d&#039;\u00e9lectricit\u00e9, notre organisation n&#039;est pas dirig\u00e9e par un groupe d&#039;investisseurs. Tout ce que nous faisons est fait au nom de nos membres. Nous ne sommes pas ax\u00e9s sur le profit, mais sur nos membres. Nos d\u00e9cisions sont prises en fonction de nos int\u00e9r\u00eats et de nos int\u00e9r\u00eats.<\/p>","protected":false},"author":1,"featured_media":18950,"parent":22,"menu_order":0,"comment_status":"closed","ping_status":"closed","template":"","meta":{"_acf_changed":false,"footnotes":""},"class_list":["post-141","page","type-page","status-publish","has-post-thumbnail","hentry","description-off"],"acf":[],"yoast_head":"<!-- This site is optimized with the Yoast SEO plugin v27.4 - https:\/\/yoast.com\/product\/yoast-seo-wordpress\/ -->\r\n<title>Our Mission &amp; Vision | Hoosier Energy | A Rural Electric Cooperative<\/title>\r\n<meta name=\"description\" content=\"From our ESG framework to our energy strategy, everything we do is driven by our mission, vision and the cooperative principles. Learn more.\" \/>\r\n<meta name=\"robots\" content=\"index, follow, max-snippet:-1, max-image-preview:large, max-video-preview:-1\" \/>\r\n<link rel=\"canonical\" href=\"https:\/\/www.hoosierenergy.com\/fr\/our-cooperative\/mission-vision\/\" \/>\r\n<meta property=\"og:locale\" content=\"fr_FR\" \/>\r\n<meta property=\"og:type\" content=\"article\" \/>\r\n<meta property=\"og:title\" content=\"Our Mission &amp; Vision | Hoosier Energy | A Rural Electric Cooperative\" \/>\r\n<meta property=\"og:description\" content=\"From our ESG framework to our energy strategy, everything we do is driven by our mission, vision and the cooperative principles. Learn more.\" \/>\r\n<meta property=\"og:url\" content=\"https:\/\/www.hoosierenergy.com\/fr\/our-cooperative\/mission-vision\/\" \/>\r\n<meta property=\"og:site_name\" content=\"Hoosier Energy\" \/>\r\n<meta property=\"article:publisher\" content=\"https:\/\/www.facebook.com\/HoosierEnergy\" \/>\r\n<meta property=\"article:modified_time\" content=\"2025-02-14T00:25:09+00:00\" \/>\r\n<meta property=\"og:image\" content=\"https:\/\/www.hoosierenergy.com\/wp-content\/uploads\/2025\/02\/Header-MissionAndVision.jpg\" \/>\r\n\t<meta property=\"og:image:width\" content=\"1920\" \/>\r\n\t<meta property=\"og:image:height\" content=\"400\" \/>\r\n\t<meta property=\"og:image:type\" content=\"image\/jpeg\" \/>\r\n<meta name=\"twitter:card\" content=\"summary_large_image\" \/>\r\n<meta name=\"twitter:site\" content=\"@hoosierenergy\" \/>\r\n<meta name=\"twitter:label1\" content=\"Dur\u00e9e de lecture estim\u00e9e\" \/>\n\t<meta name=\"twitter:data1\" content=\"3 minutes\" \/>\r\n<script type=\"application\/ld+json\" class=\"yoast-schema-graph\">{\"@context\":\"https:\\\/\\\/schema.org\",\"@graph\":[{\"@type\":\"WebPage\",\"@id\":\"https:\\\/\\\/www.hoosierenergy.com\\\/our-cooperative\\\/mission-vision\\\/\",\"url\":\"https:\\\/\\\/www.hoosierenergy.com\\\/our-cooperative\\\/mission-vision\\\/\",\"name\":\"Our Mission & Vision | Hoosier Energy | A Rural Electric Cooperative\",\"isPartOf\":{\"@id\":\"https:\\\/\\\/www.hoosierenergy.com\\\/#website\"},\"primaryImageOfPage\":{\"@id\":\"https:\\\/\\\/www.hoosierenergy.com\\\/our-cooperative\\\/mission-vision\\\/#primaryimage\"},\"image\":{\"@id\":\"https:\\\/\\\/www.hoosierenergy.com\\\/our-cooperative\\\/mission-vision\\\/#primaryimage\"},\"thumbnailUrl\":\"https:\\\/\\\/www.hoosierenergy.com\\\/wp-content\\\/uploads\\\/2025\\\/02\\\/Header-MissionAndVision.jpg\",\"datePublished\":\"2022-07-20T12:28:48+00:00\",\"dateModified\":\"2025-02-14T00:25:09+00:00\",\"description\":\"From our ESG framework to our energy strategy, everything we do is driven by our mission, vision and the cooperative principles. Learn more.\",\"breadcrumb\":{\"@id\":\"https:\\\/\\\/www.hoosierenergy.com\\\/our-cooperative\\\/mission-vision\\\/#breadcrumb\"},\"inLanguage\":\"fr-FR\",\"potentialAction\":[{\"@type\":\"ReadAction\",\"target\":[\"https:\\\/\\\/www.hoosierenergy.com\\\/our-cooperative\\\/mission-vision\\\/\"]}]},{\"@type\":\"ImageObject\",\"inLanguage\":\"fr-FR\",\"@id\":\"https:\\\/\\\/www.hoosierenergy.com\\\/our-cooperative\\\/mission-vision\\\/#primaryimage\",\"url\":\"https:\\\/\\\/www.hoosierenergy.com\\\/wp-content\\\/uploads\\\/2025\\\/02\\\/Header-MissionAndVision.jpg\",\"contentUrl\":\"https:\\\/\\\/www.hoosierenergy.com\\\/wp-content\\\/uploads\\\/2025\\\/02\\\/Header-MissionAndVision.jpg\",\"width\":1920,\"height\":400},{\"@type\":\"BreadcrumbList\",\"@id\":\"https:\\\/\\\/www.hoosierenergy.com\\\/our-cooperative\\\/mission-vision\\\/#breadcrumb\",\"itemListElement\":[{\"@type\":\"ListItem\",\"position\":1,\"name\":\"Home\",\"item\":\"https:\\\/\\\/www.hoosierenergy.com\\\/\"},{\"@type\":\"ListItem\",\"position\":2,\"name\":\"Our Cooperative\",\"item\":\"https:\\\/\\\/www.hoosierenergy.com\\\/our-cooperative\\\/\"},{\"@type\":\"ListItem\",\"position\":3,\"name\":\"Mission &#038; Vision\"}]},{\"@type\":\"WebSite\",\"@id\":\"https:\\\/\\\/www.hoosierenergy.com\\\/#website\",\"url\":\"https:\\\/\\\/www.hoosierenergy.com\\\/\",\"name\":\"Hoosier Energy\",\"description\":\"Powering Community\",\"alternateName\":\"Hoosier Energy Rural Electric Cooperative, Inc.\",\"potentialAction\":[{\"@type\":\"SearchAction\",\"target\":{\"@type\":\"EntryPoint\",\"urlTemplate\":\"https:\\\/\\\/www.hoosierenergy.com\\\/?s={search_term_string}\"},\"query-input\":{\"@type\":\"PropertyValueSpecification\",\"valueRequired\":true,\"valueName\":\"search_term_string\"}}],\"inLanguage\":\"fr-FR\"}]}<\/script>\r\n<!-- \/ Yoast SEO plugin. -->","yoast_head_json":{"title":"Our Mission & Vision | Hoosier Energy | A Rural Electric Cooperative","description":"From our ESG framework to our energy strategy, everything we do is driven by our mission, vision and the cooperative principles. Learn more.","robots":{"index":"index","follow":"follow","max-snippet":"max-snippet:-1","max-image-preview":"max-image-preview:large","max-video-preview":"max-video-preview:-1"},"canonical":"https:\/\/www.hoosierenergy.com\/fr\/our-cooperative\/mission-vision\/","og_locale":"fr_FR","og_type":"article","og_title":"Our Mission & Vision | Hoosier Energy | A Rural Electric Cooperative","og_description":"From our ESG framework to our energy strategy, everything we do is driven by our mission, vision and the cooperative principles. Learn more.","og_url":"https:\/\/www.hoosierenergy.com\/fr\/our-cooperative\/mission-vision\/","og_site_name":"Hoosier Energy","article_publisher":"https:\/\/www.facebook.com\/HoosierEnergy","article_modified_time":"2025-02-14T00:25:09+00:00","og_image":[{"width":1920,"height":400,"url":"https:\/\/www.hoosierenergy.com\/wp-content\/uploads\/2025\/02\/Header-MissionAndVision.jpg","type":"image\/jpeg"}],"twitter_card":"summary_large_image","twitter_site":"@hoosierenergy","twitter_misc":{"Dur\u00e9e de lecture estim\u00e9e":"3 minutes"},"schema":{"@context":"https:\/\/schema.org","@graph":[{"@type":"WebPage","@id":"https:\/\/www.hoosierenergy.com\/our-cooperative\/mission-vision\/","url":"https:\/\/www.hoosierenergy.com\/our-cooperative\/mission-vision\/","name":"Our Mission & Vision | Hoosier Energy | A Rural Electric Cooperative","isPartOf":{"@id":"https:\/\/www.hoosierenergy.com\/#website"},"primaryImageOfPage":{"@id":"https:\/\/www.hoosierenergy.com\/our-cooperative\/mission-vision\/#primaryimage"},"image":{"@id":"https:\/\/www.hoosierenergy.com\/our-cooperative\/mission-vision\/#primaryimage"},"thumbnailUrl":"https:\/\/www.hoosierenergy.com\/wp-content\/uploads\/2025\/02\/Header-MissionAndVision.jpg","datePublished":"2022-07-20T12:28:48+00:00","dateModified":"2025-02-14T00:25:09+00:00","description":"From our ESG framework to our energy strategy, everything we do is driven by our mission, vision and the cooperative principles. Learn more.","breadcrumb":{"@id":"https:\/\/www.hoosierenergy.com\/our-cooperative\/mission-vision\/#breadcrumb"},"inLanguage":"fr-FR","potentialAction":[{"@type":"ReadAction","target":["https:\/\/www.hoosierenergy.com\/our-cooperative\/mission-vision\/"]}]},{"@type":"ImageObject","inLanguage":"fr-FR","@id":"https:\/\/www.hoosierenergy.com\/our-cooperative\/mission-vision\/#primaryimage","url":"https:\/\/www.hoosierenergy.com\/wp-content\/uploads\/2025\/02\/Header-MissionAndVision.jpg","contentUrl":"https:\/\/www.hoosierenergy.com\/wp-content\/uploads\/2025\/02\/Header-MissionAndVision.jpg","width":1920,"height":400},{"@type":"BreadcrumbList","@id":"https:\/\/www.hoosierenergy.com\/our-cooperative\/mission-vision\/#breadcrumb","itemListElement":[{"@type":"ListItem","position":1,"name":"Home","item":"https:\/\/www.hoosierenergy.com\/"},{"@type":"ListItem","position":2,"name":"Our Cooperative","item":"https:\/\/www.hoosierenergy.com\/our-cooperative\/"},{"@type":"ListItem","position":3,"name":"Mission &#038; Vision"}]},{"@type":"WebSite","@id":"https:\/\/www.hoosierenergy.com\/#website","url":"https:\/\/www.hoosierenergy.com\/","name":"\u00c9nergie Hoosier","description":"Alimenter la communaut\u00e9","alternateName":"Hoosier Energy Rural Electric Cooperative, Inc.","potentialAction":[{"@type":"SearchAction","target":{"@type":"EntryPoint","urlTemplate":"https:\/\/www.hoosierenergy.com\/?s={search_term_string}"},"query-input":{"@type":"PropertyValueSpecification","valueRequired":true,"valueName":"search_term_string"}}],"inLanguage":"fr-FR"}]}},"_links":{"self":[{"href":"https:\/\/www.hoosierenergy.com\/fr\/wp-json\/wp\/v2\/pages\/141","targetHints":{"allow":["GET"]}}],"collection":[{"href":"https:\/\/www.hoosierenergy.com\/fr\/wp-json\/wp\/v2\/pages"}],"about":[{"href":"https:\/\/www.hoosierenergy.com\/fr\/wp-json\/wp\/v2\/types\/page"}],"author":[{"embeddable":true,"href":"https:\/\/www.hoosierenergy.com\/fr\/wp-json\/wp\/v2\/users\/1"}],"replies":[{"embeddable":true,"href":"https:\/\/www.hoosierenergy.com\/fr\/wp-json\/wp\/v2\/comments?post=141"}],"version-history":[{"count":0,"href":"https:\/\/www.hoosierenergy.com\/fr\/wp-json\/wp\/v2\/pages\/141\/revisions"}],"up":[{"embeddable":true,"href":"https:\/\/www.hoosierenergy.com\/fr\/wp-json\/wp\/v2\/pages\/22"}],"wp:featuredmedia":[{"embeddable":true,"href":"https:\/\/www.hoosierenergy.com\/fr\/wp-json\/wp\/v2\/media\/18950"}],"wp:attachment":[{"href":"https:\/\/www.hoosierenergy.com\/fr\/wp-json\/wp\/v2\/media?parent=141"}],"curies":[{"name":"wp","href":"https:\/\/api.w.org\/{rel}","templated":true}]}}