{"id":140,"date":"2022-07-20T12:24:26","date_gmt":"2022-07-20T12:24:26","guid":{"rendered":"https:\/\/hoosierenerstg.wpengine.com\/?page_id=140"},"modified":"2025-02-03T11:12:32","modified_gmt":"2025-02-03T16:12:32","slug":"history","status":"publish","type":"page","link":"https:\/\/www.hoosierenergy.com\/fr\/our-cooperative\/history\/","title":{"rendered":"Histoire"},"content":{"rendered":"<div class=\"wpb-content-wrapper\"><div class=\"vc_row wpb_row vc_row-fluid negativetopmargin vc_custom_1654014318664 vc_row-has-fill\"><div class=\"wpb_column vc_column_container vc_col-sm-12 vc_col-md-offset-2 vc_col-md-8\"><div class=\"vc_column-inner\"><div class=\"wpb_wrapper\"><div class=\"ult-spacer spacer-69e6c54dac475\" data-id=\"69e6c54dac475\" data-height=\"50\" data-height-mobile=\"20\" data-height-tab=\"30\" data-height-tab-portrait=\"30\" data-height-mobile-landscape=\"20\" style=\"clear:both;display:block;\"><\/div><h2 style=\"text-align: center\" class=\"vc_custom_heading vc_do_custom_heading\" >Avec des racines remontant aux ann\u00e9es 1940, Hoosier Energy alimente les r\u00e9gions de l&#039;Indiana et de l&#039;Illinois depuis plus de 70 ans<\/h2>\n\t<div class=\"wpb_text_column wpb_content_element\" >\n\t\t<div class=\"wpb_wrapper\">\n\t\t\t<p style=\"text-align: center;\">Bien que Hoosier Energy ne ressemble plus beaucoup \u00e0 ses d\u00e9buts, notre mission est rest\u00e9e la m\u00eame : fournir une \u00e9nergie abordable et fiable aux r\u00e9gions rurales et mal desservies de l&#039;Indiana et de l&#039;Illinois. Tout au long de l&#039;histoire de Hoosier Energy, notre pr\u00e9sence s&#039;est \u00e9tendue pour atteindre des centaines de milliers de foyers, de fermes et d&#039;entreprises. Aujourd&#039;hui, nous desservons 17 coop\u00e9ratives \u00e9lectriques membres, fournissant de l&#039;\u00e9lectricit\u00e9 via un r\u00e9seau de transmission de 1 700 miles.<\/p>\n\n\t\t<\/div>\n\t<\/div>\n<div class=\"ult-spacer spacer-69e6c54dacd87\" data-id=\"69e6c54dacd87\" data-height=\"50\" data-height-mobile=\"25\" data-height-tab=\"35\" data-height-tab-portrait=\"35\" data-height-mobile-landscape=\"25\" style=\"clear:both;display:block;\"><\/div><\/div><\/div><\/div><\/div><div data-vc-full-width=\"true\" data-vc-full-width-temp=\"true\" data-vc-full-width-init=\"false\" data-vc-stretch-content=\"true\" class=\"vc_row wpb_row vc_row-fluid\"><div class=\"wpb_column vc_column_container vc_col-sm-12 vc_col-has-fill\"><div class=\"vc_column-inner vc_custom_1653007235698\"><div class=\"wpb_wrapper\"><div class=\"vc_row wpb_row vc_inner vc_row-fluid vc_row-o-equal-height vc_row-o-content-middle vc_row-flex\"><div class=\"wpb_column vc_column_container vc_col-sm-6 vc_col-has-fill\"><div class=\"vc_column-inner vc_custom_1663456884739\"><div class=\"wpb_wrapper\"><\/div><\/div><\/div><div class=\"wpb_column vc_column_container vc_col-sm-4\"><div class=\"vc_column-inner vc_custom_1653418144460\"><div class=\"wpb_wrapper\"><div class=\"ult-spacer spacer-69e6c54dae2d2\" data-id=\"69e6c54dae2d2\" data-height=\"75\" data-height-mobile=\"35\" data-height-tab=\"60\" data-height-tab-portrait=\"60\" data-height-mobile-landscape=\"35\" style=\"clear:both;display:block;\"><\/div><h2 style=\"text-align: left\" class=\"vc_custom_heading vc_do_custom_heading light-headline\" >Assurer l&#039;approvisionnement en \u00e9lectricit\u00e9 pour les habitants des zones rurales de l&#039;Indiana<\/h2>\n\t<div class=\"wpb_text_column wpb_content_element\" >\n\t\t<div class=\"wpb_wrapper\">\n\t\t\t<p><span style=\"color: #ffffff;\">Dans les ann\u00e9es 1930, de nombreuses fermes de l&#039;Indiana \u00e9taient encore priv\u00e9es d&#039;\u00e9lectricit\u00e9, en grande partie parce que les soci\u00e9t\u00e9s de services publics priv\u00e9es de l&#039;\u00e9poque n&#039;\u00e9taient pas dispos\u00e9es \u00e0 faire les investissements n\u00e9cessaires pour faire passer des lignes \u00e9lectriques dans les zones peu peupl\u00e9es de l&#039;\u00c9tat. Bien que les villes et villages du Midwest aient \u00e9t\u00e9 \u00e9lectrifi\u00e9s, de nombreux agriculteurs ruraux utilisaient encore des g\u00e9n\u00e9rateurs \u00e0 gaz pour pomper l&#039;eau et effectuer des t\u00e2ches limit\u00e9es \u00e0 la ferme.<\/span><\/p>\n<p><span style=\"color: #ffffff;\">En 1935, la Rural Electrification Administration (REA), nouvellement cr\u00e9\u00e9e, a contribu\u00e9 \u00e0 changer la donne. L&#039;agence f\u00e9d\u00e9rale, cr\u00e9\u00e9e par le pr\u00e9sident Franklin Delano Roosevelt, avait pour objectif de fournir de l&#039;\u00e9lectricit\u00e9 \u00e0 bas prix aux agriculteurs am\u00e9ricains. En quelques ann\u00e9es, l&#039;\u00e9lectricit\u00e9 est arriv\u00e9e dans les fermes de l&#039;Indiana et dans le reste du pays.<\/span><\/p>\n<p><span style=\"color: #ffffff;\">Peu apr\u00e8s la cr\u00e9ation de la REA, plusieurs groupes d&#039;agriculteurs se sont regroup\u00e9s pour \u00e9riger des lignes de transmission et de distribution, finan\u00e7ant la construction gr\u00e2ce \u00e0 des pr\u00eats f\u00e9d\u00e9raux \u00e0 faible taux d&#039;int\u00e9r\u00eat. Ces groupes ont permis aux agriculteurs de travailler collectivement pour assurer le succ\u00e8s de chacun. Dans les ann\u00e9es qui ont suivi, des soci\u00e9t\u00e9s d&#039;\u00e9lectriciens ruraux (REMC) ont \u00e9t\u00e9 cr\u00e9\u00e9es dans tout le pays.<\/span><\/p>\n<p><span style=\"color: #ffffff;\">Alors que la REA a contribu\u00e9 \u00e0 \u00e9lectrifier des dizaines de milliers de fermes \u00e0 travers le pays, les soci\u00e9t\u00e9s de services publics d\u00e9tenues par des investisseurs qui produisaient l\u2019\u00e9lectricit\u00e9 d\u00e9tenaient tout le pouvoir. \u00c0 la fin des ann\u00e9es 1940, les co\u00fbts de l\u2019\u00e9lectricit\u00e9 augmentaient tandis que la fiabilit\u00e9 diminuait, et beaucoup cherchaient une alternative.<\/span><\/p>\n\n\t\t<\/div>\n\t<\/div>\n<div class=\"ult-spacer spacer-69e6c54dae7ca\" data-id=\"69e6c54dae7ca\" data-height=\"75\" data-height-mobile=\"35\" data-height-tab=\"60\" data-height-tab-portrait=\"60\" data-height-mobile-landscape=\"35\" style=\"clear:both;display:block;\"><\/div><\/div><\/div><\/div><\/div><\/div><\/div><\/div><\/div><div class=\"vc_row-full-width vc_clearfix\"><\/div><div data-vc-full-width=\"true\" data-vc-full-width-temp=\"true\" data-vc-full-width-init=\"false\" data-vc-stretch-content=\"true\" class=\"vc_row wpb_row vc_row-fluid\"><div class=\"wpb_column vc_column_container vc_col-sm-12 vc_col-has-fill\"><div class=\"vc_column-inner vc_custom_1652967912356\"><div class=\"wpb_wrapper\"><div class=\"vc_row wpb_row vc_inner vc_row-fluid swap-on-mobile vc_row-o-equal-height vc_row-o-content-middle vc_row-flex\"><div class=\"wpb_column vc_column_container vc_col-sm-6 vc_col-lg-offset-2 vc_col-lg-4\"><div class=\"vc_column-inner vc_custom_1653418170471\"><div class=\"wpb_wrapper\"><div class=\"ult-spacer spacer-69e6c54daf32e\" data-id=\"69e6c54daf32e\" data-height=\"75\" data-height-mobile=\"35\" data-height-tab=\"60\" data-height-tab-portrait=\"60\" data-height-mobile-landscape=\"35\" style=\"clear:both;display:block;\"><\/div><h2 style=\"text-align: left\" class=\"vc_custom_heading vc_do_custom_heading light-headline\" >Unissons nos forces pour fournir une \u00e9lectricit\u00e9 fiable<\/h2>\n\t<div class=\"wpb_text_column wpb_content_element\" >\n\t\t<div class=\"wpb_wrapper\">\n\t\t\t<p>Les premiers jours de Hoosier Energy remontent au printemps 1949, lorsqu&#039;un groupe d&#039;agriculteurs s&#039;est r\u00e9uni dans un caf\u00e9 \u00e0 Rushville, dans l&#039;Indiana, pour \u00e9laborer une strat\u00e9gie visant \u00e0 apporter de l&#039;\u00e9lectricit\u00e9 fiable et abordable \u00e0 de vastes \u00e9tendues de terres agricoles \u00e0 travers l&#039;\u00c9tat.<\/p>\n<p>Peu de temps apr\u00e8s leur r\u00e9union, le groupe a constitu\u00e9 ce qui allait devenir Hoosier Energy. Son objectif \u00e9tait simple : obtenir des tarifs de gros de l&#039;\u00e9lectricit\u00e9 plus abordables par rapport \u00e0 ceux qu&#039;ils payaient aux soci\u00e9t\u00e9s de services publics d\u00e9tenues par des investisseurs.<\/p>\n<p>Ces agriculteurs ont constitu\u00e9 le conseil d&#039;administration et ont adopt\u00e9 une r\u00e9solution visant \u00e0 obtenir un pr\u00eat de 14,6 millions de livres sterling aupr\u00e8s de l&#039;Administration de l&#039;\u00e9lectrification rurale pour construire un syst\u00e8me de production et de transmission. Le conseil a reconnu que pour garantir des tarifs \u00e9quitables pour une \u00e9lectricit\u00e9 fiable, ils devraient le faire eux-m\u00eames.<\/p>\n\n\t\t<\/div>\n\t<\/div>\n<div class=\"ult-spacer spacer-69e6c54daf785\" data-id=\"69e6c54daf785\" data-height=\"75\" data-height-mobile=\"35\" data-height-tab=\"60\" data-height-tab-portrait=\"60\" data-height-mobile-landscape=\"35\" style=\"clear:both;display:block;\"><\/div><\/div><\/div><\/div><div class=\"wpb_column vc_column_container vc_col-sm-6 vc_col-has-fill\"><div class=\"vc_column-inner vc_custom_1663456896632\"><div class=\"wpb_wrapper\"><\/div><\/div><\/div><\/div><\/div><\/div><\/div><\/div><div class=\"vc_row-full-width vc_clearfix\"><\/div><div data-vc-full-width=\"true\" data-vc-full-width-temp=\"true\" data-vc-full-width-init=\"false\" data-vc-stretch-content=\"true\" class=\"vc_row wpb_row vc_row-fluid\"><div class=\"wpb_column vc_column_container vc_col-sm-12 vc_col-has-fill\"><div class=\"vc_column-inner vc_custom_1653007217691\"><div class=\"wpb_wrapper\"><div class=\"vc_row wpb_row vc_inner vc_row-fluid vc_row-o-equal-height vc_row-o-content-middle vc_row-flex\"><div class=\"wpb_column vc_column_container vc_col-sm-6 vc_col-has-fill\"><div class=\"vc_column-inner vc_custom_1663456909225\"><div class=\"wpb_wrapper\"><\/div><\/div><\/div><div class=\"wpb_column vc_column_container vc_col-sm-4\"><div class=\"vc_column-inner vc_custom_1653418794265\"><div class=\"wpb_wrapper\"><div class=\"ult-spacer spacer-69e6c54db066c\" data-id=\"69e6c54db066c\" data-height=\"75\" data-height-mobile=\"35\" data-height-tab=\"60\" data-height-tab-portrait=\"60\" data-height-mobile-landscape=\"35\" style=\"clear:both;display:block;\"><\/div><h2 style=\"color: #ffffff;text-align: left\" class=\"vc_custom_heading vc_do_custom_heading light-headline\" >Hoosier Energy aujourd&#039;hui<\/h2>\n\t<div class=\"wpb_text_column wpb_content_element\" >\n\t\t<div class=\"wpb_wrapper\">\n\t\t\t<p><span style=\"color: #ffffff;\">Au fil des d\u00e9cennies, Hoosier Energy a m\u00fbri et est devenue une coop\u00e9rative de production et de transmission efficace qui dessert aujourd&#039;hui plus de 700 000 consommateurs par l&#039;interm\u00e9diaire de 17 coop\u00e9ratives \u00e9lectriques membres sur une zone de 15 000 milles carr\u00e9s dans l&#039;Indiana et l&#039;Illinois. Nous tirons notre \u00e9lectricit\u00e9 d&#039;une gamme diversifi\u00e9e de ressources et avons fait des progr\u00e8s significatifs au cours de la derni\u00e8re d\u00e9cennie pour augmenter la production et la distribution d&#039;\u00e9nergie renouvelable. Notre engagement en faveur des \u00e9nergies renouvelables a \u00e9t\u00e9 renforc\u00e9 par une politique volontaire du conseil d&#039;administration visant \u00e0 augmenter la part renouvelable de notre production \u00e0 au moins 10% d&#039;ici 2025.<\/span><\/p>\n<p><span style=\"color: #ffffff;\">Aujourd&#039;hui, nous op\u00e9rons avec la m\u00eame vision et la m\u00eame clart\u00e9 qui ont servi notre coop\u00e9rative depuis 1949. Les principes qui ont guid\u00e9 nos dirigeants il y a plus de 70 ans restent les m\u00eames et nous nous engageons \u00e0 offrir de la valeur \u00e0 nos membres dans les d\u00e9cennies \u00e0 venir.<\/span><\/p>\n\n\t\t<\/div>\n\t<\/div>\n<div class=\"ult-spacer spacer-69e6c54db0aad\" data-id=\"69e6c54db0aad\" data-height=\"75\" data-height-mobile=\"35\" data-height-tab=\"60\" data-height-tab-portrait=\"60\" data-height-mobile-landscape=\"35\" style=\"clear:both;display:block;\"><\/div><\/div><\/div><\/div><\/div><\/div><\/div><\/div><\/div><div class=\"vc_row-full-width vc_clearfix\"><\/div><div data-vc-full-width=\"true\" data-vc-full-width-temp=\"true\" data-vc-full-width-init=\"false\" class=\"vc_row wpb_row vc_row-fluid\"><style type=\"text\/css\" data-type=\"vc_shortcodes-default-css\">.vc_do_custom_heading{margin-bottom:0.625rem;margin-top:0;}.vc_do_btn{margin-bottom:22px;}<\/style><style type=\"text\/css\" data-type=\"vc_shortcodes-custom-css\">.vc_custom_1659638016356{background-image: url(https:\/\/hoosierenergy.com\/wp-content\/uploads\/2022\/08\/Join-Our-Team-Header-01-sigmund-4khkLZuJEYI-unsplash-11.jpg?id=6840) !important;}<\/style><div class=\"wpb_column vc_column_container vc_col-sm-12\"><div class=\"vc_column-inner\"><div class=\"wpb_wrapper\"><div class=\"wpb-content-wrapper\"><div id=\"joinourteam\" data-vc-full-width=\"true\" data-vc-full-width-temp=\"true\" data-vc-full-width-init=\"false\" class=\"vc_row wpb_row vc_row-fluid vc_custom_1659638016356 vc_row-has-fill\"><div class=\"wpb_column vc_column_container vc_col-sm-12 vc_col-md-offset-2 vc_col-md-8\"><div class=\"vc_column-inner\"><div class=\"wpb_wrapper\"><div class=\"ult-spacer spacer-69e6c54db23f7\" data-id=\"69e6c54db23f7\" data-height=\"150\" data-height-mobile=\"75\" data-height-tab=\"100\" data-height-tab-portrait=\"100\" data-height-mobile-landscape=\"75\" style=\"clear:both;display:block;\"><\/div><h2 style=\"color: #ffffff;text-align: center\" class=\"vc_custom_heading vc_do_custom_heading\" >REJOIGNEZ NOTRE \u00c9QUIPE<\/h2><div class=\"ult-spacer spacer-69e6c54db26bf\" data-id=\"69e6c54db26bf\" data-height=\"10\" data-height-mobile=\"5\" data-height-tab=\"10\" data-height-tab-portrait=\"10\" data-height-mobile-landscape=\"5\" style=\"clear:both;display:block;\"><\/div><div class=\"vc_row wpb_row vc_inner vc_row-fluid vc_row-o-equal-height vc_row-o-content-middle vc_row-flex\"><div class=\"center wpb_column vc_column_container vc_col-sm-12 vc_col-md-offset-2 vc_col-md-8\"><div class=\"vc_column-inner\"><div class=\"wpb_wrapper\">\n\t<div class=\"wpb_text_column wpb_content_element\" >\n\t\t<div class=\"wpb_wrapper\">\n\t\t\t<p style=\"text-align: center;\"><span style=\"color: #ffffff;\">Vous cherchez une opportunit\u00e9 de faire carri\u00e8re dans une entreprise qui valorise ses employ\u00e9s ? Aidez-nous \u00e0 cr\u00e9er un avenir meilleur pour les communaut\u00e9s que nous servons et \u00e0 b\u00e2tir une carri\u00e8re chez Hoosier Energy.<\/span><\/p>\n\n\t\t<\/div>\n\t<\/div>\n<\/div><\/div><\/div><\/div><div class=\"vc_row wpb_row vc_inner vc_row-fluid vc_row-o-equal-height vc_row-o-content-middle vc_row-flex\"><div class=\"center wpb_column vc_column_container vc_col-sm-12 vc_col-md-offset-3 vc_col-md-6\"><div class=\"vc_column-inner\"><div class=\"wpb_wrapper\"><div class=\"vc_btn3-container vc_btn3-inline\" ><a style=\"background-color:#0071af; color:#f5ff12;\" class=\"vc_general vc_btn3 vc_btn3-size-md vc_btn3-shape-square vc_btn3-style-custom\" href=\"\/fr\/careers\/\" title=\"RECHERCHE D&#039;EMPLOI\">RECHERCHE D&#039;EMPLOI<\/a><\/div><\/div><\/div><\/div><\/div><div class=\"ult-spacer spacer-69e6c54db35d8\" data-id=\"69e6c54db35d8\" data-height=\"150\" data-height-mobile=\"75\" data-height-tab=\"100\" data-height-tab-portrait=\"100\" data-height-mobile-landscape=\"75\" style=\"clear:both;display:block;\"><\/div><\/div><\/div><\/div><\/div><div class=\"vc_row-full-width vc_clearfix\"><\/div>\n<\/div><style type=\"text\/css\" data-type=\"rcb-_wpb_shortcodes_custom_css-60\">.vc_custom_1659638016356{background-image: url(https:\/\/hoosierenergy.com\/wp-content\/uploads\/2022\/08\/Join-Our-Team-Header-01-sigmund-4khkLZuJEYI-unsplash-11.jpg?id=6840) !important;}<\/style><\/div><\/div><\/div><\/div><div class=\"vc_row-full-width vc_clearfix\"><\/div>\n<\/div>","protected":false},"excerpt":{"rendered":"<p>Avec des racines remontant aux ann\u00e9es 1940, Hoosier Energy alimente les r\u00e9gions de l&#039;Indiana et de l&#039;Illinois depuis plus de 70 ans. Bien que Hoosier Energy d&#039;aujourd&#039;hui ne ressemble pas beaucoup \u00e0 ce qu&#039;elle \u00e9tait \u00e0 ses d\u00e9buts, notre mission est rest\u00e9e la m\u00eame : fournir une \u00e9nergie abordable et fiable aux r\u00e9gions rurales et mal desservies de l&#039;Indiana et de l&#039;Illinois. Tout au long de l&#039;histoire de Hoosier Energy,\u2026<\/p>","protected":false},"author":1,"featured_media":6829,"parent":22,"menu_order":0,"comment_status":"closed","ping_status":"closed","template":"","meta":{"_acf_changed":false,"footnotes":""},"class_list":["post-140","page","type-page","status-publish","has-post-thumbnail","hentry","description-off"],"acf":[],"yoast_head":"<!-- This site is optimized with the Yoast SEO plugin v27.4 - https:\/\/yoast.com\/product\/yoast-seo-wordpress\/ -->\r\n<title>Our History | Hoosier Energy | Serving Illinois and Indiana<\/title>\r\n<meta name=\"description\" content=\"With roots dating to the 1940s, Hoosier Energy has been powering regions of Indiana and Illinois for over 70 years. Learn more about our history.\" \/>\r\n<meta name=\"robots\" content=\"index, follow, max-snippet:-1, max-image-preview:large, max-video-preview:-1\" \/>\r\n<link rel=\"canonical\" href=\"https:\/\/www.hoosierenergy.com\/fr\/our-cooperative\/history\/\" \/>\r\n<meta property=\"og:locale\" content=\"fr_FR\" \/>\r\n<meta property=\"og:type\" content=\"article\" \/>\r\n<meta property=\"og:title\" content=\"Our History | Hoosier Energy | Serving Illinois and Indiana\" \/>\r\n<meta property=\"og:description\" content=\"With roots dating to the 1940s, Hoosier Energy has been powering regions of Indiana and Illinois for over 70 years. Learn more about our history.\" \/>\r\n<meta property=\"og:url\" content=\"https:\/\/www.hoosierenergy.com\/fr\/our-cooperative\/history\/\" \/>\r\n<meta property=\"og:site_name\" content=\"Hoosier Energy\" \/>\r\n<meta property=\"article:publisher\" content=\"https:\/\/www.facebook.com\/HoosierEnergy\" \/>\r\n<meta property=\"article:modified_time\" content=\"2025-02-03T16:12:32+00:00\" \/>\r\n<meta property=\"og:image\" content=\"https:\/\/www.hoosierenergy.com\/wp-content\/uploads\/2022\/08\/header-ourhistory.jpg\" \/>\r\n\t<meta property=\"og:image:width\" content=\"1920\" \/>\r\n\t<meta property=\"og:image:height\" content=\"560\" \/>\r\n\t<meta property=\"og:image:type\" content=\"image\/jpeg\" \/>\r\n<meta name=\"twitter:card\" content=\"summary_large_image\" \/>\r\n<meta name=\"twitter:site\" content=\"@hoosierenergy\" \/>\r\n<meta name=\"twitter:label1\" content=\"Dur\u00e9e de lecture estim\u00e9e\" \/>\n\t<meta name=\"twitter:data1\" content=\"4 minutes\" \/>\r\n<script type=\"application\/ld+json\" class=\"yoast-schema-graph\">{\"@context\":\"https:\\\/\\\/schema.org\",\"@graph\":[{\"@type\":\"WebPage\",\"@id\":\"https:\\\/\\\/www.hoosierenergy.com\\\/our-cooperative\\\/history\\\/\",\"url\":\"https:\\\/\\\/www.hoosierenergy.com\\\/our-cooperative\\\/history\\\/\",\"name\":\"Our History | Hoosier Energy | Serving Illinois and Indiana\",\"isPartOf\":{\"@id\":\"https:\\\/\\\/www.hoosierenergy.com\\\/#website\"},\"primaryImageOfPage\":{\"@id\":\"https:\\\/\\\/www.hoosierenergy.com\\\/our-cooperative\\\/history\\\/#primaryimage\"},\"image\":{\"@id\":\"https:\\\/\\\/www.hoosierenergy.com\\\/our-cooperative\\\/history\\\/#primaryimage\"},\"thumbnailUrl\":\"https:\\\/\\\/www.hoosierenergy.com\\\/wp-content\\\/uploads\\\/2022\\\/08\\\/header-ourhistory.jpg\",\"datePublished\":\"2022-07-20T12:24:26+00:00\",\"dateModified\":\"2025-02-03T16:12:32+00:00\",\"description\":\"With roots dating to the 1940s, Hoosier Energy has been powering regions of Indiana and Illinois for over 70 years. Learn more about our history.\",\"breadcrumb\":{\"@id\":\"https:\\\/\\\/www.hoosierenergy.com\\\/our-cooperative\\\/history\\\/#breadcrumb\"},\"inLanguage\":\"fr-FR\",\"potentialAction\":[{\"@type\":\"ReadAction\",\"target\":[\"https:\\\/\\\/www.hoosierenergy.com\\\/our-cooperative\\\/history\\\/\"]}]},{\"@type\":\"ImageObject\",\"inLanguage\":\"fr-FR\",\"@id\":\"https:\\\/\\\/www.hoosierenergy.com\\\/our-cooperative\\\/history\\\/#primaryimage\",\"url\":\"https:\\\/\\\/www.hoosierenergy.com\\\/wp-content\\\/uploads\\\/2022\\\/08\\\/header-ourhistory.jpg\",\"contentUrl\":\"https:\\\/\\\/www.hoosierenergy.com\\\/wp-content\\\/uploads\\\/2022\\\/08\\\/header-ourhistory.jpg\",\"width\":1920,\"height\":560},{\"@type\":\"BreadcrumbList\",\"@id\":\"https:\\\/\\\/www.hoosierenergy.com\\\/our-cooperative\\\/history\\\/#breadcrumb\",\"itemListElement\":[{\"@type\":\"ListItem\",\"position\":1,\"name\":\"Home\",\"item\":\"https:\\\/\\\/www.hoosierenergy.com\\\/\"},{\"@type\":\"ListItem\",\"position\":2,\"name\":\"Our Cooperative\",\"item\":\"https:\\\/\\\/www.hoosierenergy.com\\\/our-cooperative\\\/\"},{\"@type\":\"ListItem\",\"position\":3,\"name\":\"History\"}]},{\"@type\":\"WebSite\",\"@id\":\"https:\\\/\\\/www.hoosierenergy.com\\\/#website\",\"url\":\"https:\\\/\\\/www.hoosierenergy.com\\\/\",\"name\":\"Hoosier Energy\",\"description\":\"Powering Community\",\"alternateName\":\"Hoosier Energy Rural Electric Cooperative, Inc.\",\"potentialAction\":[{\"@type\":\"SearchAction\",\"target\":{\"@type\":\"EntryPoint\",\"urlTemplate\":\"https:\\\/\\\/www.hoosierenergy.com\\\/?s={search_term_string}\"},\"query-input\":{\"@type\":\"PropertyValueSpecification\",\"valueRequired\":true,\"valueName\":\"search_term_string\"}}],\"inLanguage\":\"fr-FR\"}]}<\/script>\r\n<!-- \/ Yoast SEO plugin. -->","yoast_head_json":{"title":"Our History | Hoosier Energy | Serving Illinois and Indiana","description":"With roots dating to the 1940s, Hoosier Energy has been powering regions of Indiana and Illinois for over 70 years. Learn more about our history.","robots":{"index":"index","follow":"follow","max-snippet":"max-snippet:-1","max-image-preview":"max-image-preview:large","max-video-preview":"max-video-preview:-1"},"canonical":"https:\/\/www.hoosierenergy.com\/fr\/our-cooperative\/history\/","og_locale":"fr_FR","og_type":"article","og_title":"Our History | Hoosier Energy | Serving Illinois and Indiana","og_description":"With roots dating to the 1940s, Hoosier Energy has been powering regions of Indiana and Illinois for over 70 years. Learn more about our history.","og_url":"https:\/\/www.hoosierenergy.com\/fr\/our-cooperative\/history\/","og_site_name":"Hoosier Energy","article_publisher":"https:\/\/www.facebook.com\/HoosierEnergy","article_modified_time":"2025-02-03T16:12:32+00:00","og_image":[{"width":1920,"height":560,"url":"https:\/\/www.hoosierenergy.com\/wp-content\/uploads\/2022\/08\/header-ourhistory.jpg","type":"image\/jpeg"}],"twitter_card":"summary_large_image","twitter_site":"@hoosierenergy","twitter_misc":{"Dur\u00e9e de lecture estim\u00e9e":"4 minutes"},"schema":{"@context":"https:\/\/schema.org","@graph":[{"@type":"WebPage","@id":"https:\/\/www.hoosierenergy.com\/our-cooperative\/history\/","url":"https:\/\/www.hoosierenergy.com\/our-cooperative\/history\/","name":"Our History | Hoosier Energy | Serving Illinois and Indiana","isPartOf":{"@id":"https:\/\/www.hoosierenergy.com\/#website"},"primaryImageOfPage":{"@id":"https:\/\/www.hoosierenergy.com\/our-cooperative\/history\/#primaryimage"},"image":{"@id":"https:\/\/www.hoosierenergy.com\/our-cooperative\/history\/#primaryimage"},"thumbnailUrl":"https:\/\/www.hoosierenergy.com\/wp-content\/uploads\/2022\/08\/header-ourhistory.jpg","datePublished":"2022-07-20T12:24:26+00:00","dateModified":"2025-02-03T16:12:32+00:00","description":"With roots dating to the 1940s, Hoosier Energy has been powering regions of Indiana and Illinois for over 70 years. Learn more about our history.","breadcrumb":{"@id":"https:\/\/www.hoosierenergy.com\/our-cooperative\/history\/#breadcrumb"},"inLanguage":"fr-FR","potentialAction":[{"@type":"ReadAction","target":["https:\/\/www.hoosierenergy.com\/our-cooperative\/history\/"]}]},{"@type":"ImageObject","inLanguage":"fr-FR","@id":"https:\/\/www.hoosierenergy.com\/our-cooperative\/history\/#primaryimage","url":"https:\/\/www.hoosierenergy.com\/wp-content\/uploads\/2022\/08\/header-ourhistory.jpg","contentUrl":"https:\/\/www.hoosierenergy.com\/wp-content\/uploads\/2022\/08\/header-ourhistory.jpg","width":1920,"height":560},{"@type":"BreadcrumbList","@id":"https:\/\/www.hoosierenergy.com\/our-cooperative\/history\/#breadcrumb","itemListElement":[{"@type":"ListItem","position":1,"name":"Home","item":"https:\/\/www.hoosierenergy.com\/"},{"@type":"ListItem","position":2,"name":"Our Cooperative","item":"https:\/\/www.hoosierenergy.com\/our-cooperative\/"},{"@type":"ListItem","position":3,"name":"History"}]},{"@type":"WebSite","@id":"https:\/\/www.hoosierenergy.com\/#website","url":"https:\/\/www.hoosierenergy.com\/","name":"\u00c9nergie Hoosier","description":"Alimenter la communaut\u00e9","alternateName":"Hoosier Energy Rural Electric Cooperative, Inc.","potentialAction":[{"@type":"SearchAction","target":{"@type":"EntryPoint","urlTemplate":"https:\/\/www.hoosierenergy.com\/?s={search_term_string}"},"query-input":{"@type":"PropertyValueSpecification","valueRequired":true,"valueName":"search_term_string"}}],"inLanguage":"fr-FR"}]}},"_links":{"self":[{"href":"https:\/\/www.hoosierenergy.com\/fr\/wp-json\/wp\/v2\/pages\/140","targetHints":{"allow":["GET"]}}],"collection":[{"href":"https:\/\/www.hoosierenergy.com\/fr\/wp-json\/wp\/v2\/pages"}],"about":[{"href":"https:\/\/www.hoosierenergy.com\/fr\/wp-json\/wp\/v2\/types\/page"}],"author":[{"embeddable":true,"href":"https:\/\/www.hoosierenergy.com\/fr\/wp-json\/wp\/v2\/users\/1"}],"replies":[{"embeddable":true,"href":"https:\/\/www.hoosierenergy.com\/fr\/wp-json\/wp\/v2\/comments?post=140"}],"version-history":[{"count":0,"href":"https:\/\/www.hoosierenergy.com\/fr\/wp-json\/wp\/v2\/pages\/140\/revisions"}],"up":[{"embeddable":true,"href":"https:\/\/www.hoosierenergy.com\/fr\/wp-json\/wp\/v2\/pages\/22"}],"wp:featuredmedia":[{"embeddable":true,"href":"https:\/\/www.hoosierenergy.com\/fr\/wp-json\/wp\/v2\/media\/6829"}],"wp:attachment":[{"href":"https:\/\/www.hoosierenergy.com\/fr\/wp-json\/wp\/v2\/media?parent=140"}],"curies":[{"name":"wp","href":"https:\/\/api.w.org\/{rel}","templated":true}]}}