{"id":128,"date":"2022-07-14T16:53:37","date_gmt":"2022-07-14T16:53:37","guid":{"rendered":"https:\/\/hoosierenerstg.wpengine.com\/?page_id=128"},"modified":"2024-01-17T11:03:48","modified_gmt":"2024-01-17T16:03:48","slug":"economic-development-assistance","status":"publish","type":"page","link":"https:\/\/www.hoosierenergy.com\/fr\/economic-development\/economic-development-assistance\/","title":{"rendered":"Aide au d\u00e9veloppement \u00e9conomique"},"content":{"rendered":"<div class=\"wpb-content-wrapper\"><div class=\"vc_row wpb_row vc_row-fluid negativetopmargin vc_custom_1654014318664 vc_row-has-fill\"><div class=\"wpb_column vc_column_container vc_col-sm-12 vc_col-md-offset-2 vc_col-md-8\"><div class=\"vc_column-inner\"><div class=\"wpb_wrapper\"><div class=\"ult-spacer spacer-69e6c4e18673d\" data-id=\"69e6c4e18673d\" data-height=\"50\" data-height-mobile=\"20\" data-height-tab=\"30\" data-height-tab-portrait=\"30\" data-height-mobile-landscape=\"20\" style=\"clear:both;display:block;\"><\/div><h2 style=\"text-align: center\" class=\"vc_custom_heading vc_do_custom_heading\" >Notre \u00e9quipe de d\u00e9veloppement \u00e9conomique fournit une assistance essentielle pour aider les entreprises \u00e0 \u00e9tablir ou \u00e0 \u00e9tendre leur pr\u00e9sence dans le Midwest<\/h2>\n\t<div class=\"wpb_text_column wpb_content_element\" >\n\t\t<div class=\"wpb_wrapper\">\n\t\t\t<p style=\"text-align: center;\">L&#039;\u00e9quipe de d\u00e9veloppement \u00e9conomique de Hoosier Energy fournit une large gamme d&#039;assistance aux organisations int\u00e9ress\u00e9es par la cr\u00e9ation ou l&#039;expansion d&#039;op\u00e9rations dans notre zone de service, qui comprend le centre et le sud de l&#039;Indiana et le sud-est de l&#039;Illinois. Notre \u00e9quipe de d\u00e9veloppement \u00e9conomique dispose des outils et des ressources n\u00e9cessaires pour rendre la transition fluide et simple. Hoosier Energy est l\u00e0 pour vous aider \u00e0 chaque \u00e9tape.<\/p>\n\n\t\t<\/div>\n\t<\/div>\n<div class=\"ult-spacer spacer-69e6c4e187118\" data-id=\"69e6c4e187118\" data-height=\"50\" data-height-mobile=\"25\" data-height-tab=\"35\" data-height-tab-portrait=\"35\" data-height-mobile-landscape=\"25\" style=\"clear:both;display:block;\"><\/div><\/div><\/div><\/div><\/div><div class=\"vc_row wpb_row vc_row-fluid\"><div class=\"wpb_column vc_column_container vc_col-sm-4\"><div class=\"vc_column-inner\"><div class=\"wpb_wrapper\">\n\t<div  class=\"wpb_single_image wpb_content_element vc_align_center\">\n\t\t\n\t\t<figure class=\"wpb_wrapper vc_figure\">\n\t\t\t<div class=\"vc_single_image-wrapper   vc_box_border_grey\"><img loading=\"lazy\" decoding=\"async\" width=\"990\" height=\"765\" src=\"https:\/\/www.hoosierenergy.com\/wp-content\/uploads\/2022\/09\/EconDevAssistance-ProjectAssistance.jpg\" class=\"vc_single_image-img attachment-full\" alt=\"\" title=\"Assistance EconDev-Assistance Projet\" srcset=\"https:\/\/www.hoosierenergy.com\/wp-content\/uploads\/2022\/09\/EconDevAssistance-ProjectAssistance.jpg 990w, https:\/\/www.hoosierenergy.com\/wp-content\/uploads\/2022\/09\/EconDevAssistance-ProjectAssistance-300x232.jpg 300w, https:\/\/www.hoosierenergy.com\/wp-content\/uploads\/2022\/09\/EconDevAssistance-ProjectAssistance-768x593.jpg 768w\" sizes=\"auto, (max-width: 990px) 100vw, 990px\"  data-dt-location=\"https:\/\/www.hoosierenergy.com\/fr\/econdevassistance-projectassistance\/\" \/><\/div>\n\t\t<\/figure>\n\t<\/div>\n<h3 style=\"text-align: left\" class=\"vc_custom_heading vc_do_custom_heading\" >Assistance au projet<\/h3>\n\t<div class=\"wpb_text_column wpb_content_element\" >\n\t\t<div class=\"wpb_wrapper\">\n\t\t\t<ul>\n<li>Estimations et analyses des co\u00fbts d&#039;entreprise<\/li>\n<li>Comparaison des co\u00fbts entre les \u00c9tats<\/li>\n<li>Analyse d&#039;impact \u00e9conomique du projet<\/li>\n<li>Informations compl\u00e8tes sur l&#039;enqu\u00eate sur le projet<\/li>\n<li>Conseiller les collectivit\u00e9s sur le financement des infrastructures<\/li>\n<li>\u00c9tudes de taxes fonci\u00e8res<\/li>\n<li>Estimations des r\u00e9ductions d&#039;imp\u00f4t<\/li>\n<li>Analyse et comparaison personnalis\u00e9es des tarifs d&#039;\u00e9lectricit\u00e9<\/li>\n<\/ul>\n\n\t\t<\/div>\n\t<\/div>\n<\/div><\/div><\/div><div class=\"wpb_column vc_column_container vc_col-sm-4\"><div class=\"vc_column-inner\"><div class=\"wpb_wrapper\">\n\t<div  class=\"wpb_single_image wpb_content_element vc_align_center\">\n\t\t\n\t\t<figure class=\"wpb_wrapper vc_figure\">\n\t\t\t<div class=\"vc_single_image-wrapper   vc_box_border_grey\"><img loading=\"lazy\" decoding=\"async\" width=\"990\" height=\"765\" src=\"https:\/\/www.hoosierenergy.com\/wp-content\/uploads\/2022\/09\/EconDevAssistance-IndustrialSiteDev.jpg\" class=\"vc_single_image-img attachment-full\" alt=\"\" title=\"Assistance EconDev-IndustrialSiteDev\" srcset=\"https:\/\/www.hoosierenergy.com\/wp-content\/uploads\/2022\/09\/EconDevAssistance-IndustrialSiteDev.jpg 990w, https:\/\/www.hoosierenergy.com\/wp-content\/uploads\/2022\/09\/EconDevAssistance-IndustrialSiteDev-300x232.jpg 300w, https:\/\/www.hoosierenergy.com\/wp-content\/uploads\/2022\/09\/EconDevAssistance-IndustrialSiteDev-768x593.jpg 768w\" sizes=\"auto, (max-width: 990px) 100vw, 990px\"  data-dt-location=\"https:\/\/www.hoosierenergy.com\/fr\/econdevassistance-industrialsitedev\/\" \/><\/div>\n\t\t<\/figure>\n\t<\/div>\n<h3 style=\"text-align: left\" class=\"vc_custom_heading vc_do_custom_heading\" >Am\u00e9nagement de sites industriels<\/h3>\n\t<div class=\"wpb_text_column wpb_content_element\" >\n\t\t<div class=\"wpb_wrapper\">\n\t\t\t<ul>\n<li>R\u00e9alisation de plans de sites, de photographies a\u00e9riennes et de brochures<\/li>\n<li>Identification de sites industriels<\/li>\n<li>Assistance \u00e0 la planification strat\u00e9gique pour les sites et les promoteurs immobiliers<\/li>\n<li>Expertise en financement d&#039;infrastructures et en zonage<\/li>\n<li>Etudes pr\u00e9liminaires de la phase 1 et g\u00e9otechniques du site<\/li>\n<li>Ing\u00e9nierie pr\u00e9liminaire et am\u00e9nagement de sites industriels<\/li>\n<\/ul>\n\n\t\t<\/div>\n\t<\/div>\n<\/div><\/div><\/div><div class=\"wpb_column vc_column_container vc_col-sm-4\"><div class=\"vc_column-inner\"><div class=\"wpb_wrapper\">\n\t<div  class=\"wpb_single_image wpb_content_element vc_align_center\">\n\t\t\n\t\t<figure class=\"wpb_wrapper vc_figure\">\n\t\t\t<div class=\"vc_single_image-wrapper   vc_box_border_grey\"><img loading=\"lazy\" decoding=\"async\" width=\"990\" height=\"765\" src=\"https:\/\/www.hoosierenergy.com\/wp-content\/uploads\/2022\/09\/EconDevAssistance-ProjectDev.jpg\" class=\"vc_single_image-img attachment-full\" alt=\"\" title=\"Assistance EconDev-ProjectDev\" srcset=\"https:\/\/www.hoosierenergy.com\/wp-content\/uploads\/2022\/09\/EconDevAssistance-ProjectDev.jpg 990w, https:\/\/www.hoosierenergy.com\/wp-content\/uploads\/2022\/09\/EconDevAssistance-ProjectDev-300x232.jpg 300w, https:\/\/www.hoosierenergy.com\/wp-content\/uploads\/2022\/09\/EconDevAssistance-ProjectDev-768x593.jpg 768w\" sizes=\"auto, (max-width: 990px) 100vw, 990px\"  data-dt-location=\"https:\/\/www.hoosierenergy.com\/fr\/econdevassistance-projectdev\/\" \/><\/div>\n\t\t<\/figure>\n\t<\/div>\n<h3 style=\"text-align: left\" class=\"vc_custom_heading vc_do_custom_heading\" >D\u00e9veloppement de projet<\/h3>\n\t<div class=\"wpb_text_column wpb_content_element\" >\n\t\t<div class=\"wpb_wrapper\">\n\t\t\t<ul>\n<li>G\u00e9n\u00e9ration de leads<\/li>\n<li>H\u00e9bergement de visites de prospection<\/li>\n<li>Salons professionnels<\/li>\n<li>Mailing direct<\/li>\n<li>D\u00e9veloppement et publication de la brochure du site<\/li>\n<li>Antennes de sites industriels<\/li>\n<li>Marketing sur le Web<\/li>\n<\/ul>\n\n\t\t<\/div>\n\t<\/div>\n<\/div><\/div><\/div><\/div><div class=\"vc_row wpb_row vc_row-fluid\"><div class=\"wpb_column vc_column_container vc_col-sm-12\"><div class=\"vc_column-inner\"><div class=\"wpb_wrapper\"><div class=\"ult-spacer spacer-69e6c4e18b55a\" data-id=\"69e6c4e18b55a\" data-height=\"75\" data-height-mobile=\"35\" data-height-tab=\"50\" data-height-tab-portrait=\"50\" data-height-mobile-landscape=\"35\" style=\"clear:both;display:block;\"><\/div><\/div><\/div><\/div><\/div><div class=\"vc_row wpb_row vc_row-fluid\"><div class=\"wpb_column vc_column_container vc_col-sm-6\"><div class=\"vc_column-inner\"><div class=\"wpb_wrapper\">\n\t<div  class=\"wpb_single_image wpb_content_element vc_align_center\">\n\t\t\n\t\t<figure class=\"wpb_wrapper vc_figure\">\n\t\t\t<div class=\"vc_single_image-wrapper   vc_box_border_grey\"><img loading=\"lazy\" decoding=\"async\" width=\"990\" height=\"765\" src=\"https:\/\/www.hoosierenergy.com\/wp-content\/uploads\/2022\/09\/EconDevAssistance-OtherServices.jpg\" class=\"vc_single_image-img attachment-full\" alt=\"\" title=\"Assistance EconDev-Autres services\" srcset=\"https:\/\/www.hoosierenergy.com\/wp-content\/uploads\/2022\/09\/EconDevAssistance-OtherServices.jpg 990w, https:\/\/www.hoosierenergy.com\/wp-content\/uploads\/2022\/09\/EconDevAssistance-OtherServices-300x232.jpg 300w, https:\/\/www.hoosierenergy.com\/wp-content\/uploads\/2022\/09\/EconDevAssistance-OtherServices-768x593.jpg 768w\" sizes=\"auto, (max-width: 990px) 100vw, 990px\"  data-dt-location=\"https:\/\/www.hoosierenergy.com\/fr\/econdevassistance-otherservices\/\" \/><\/div>\n\t\t<\/figure>\n\t<\/div>\n<\/div><\/div><\/div><div class=\"wpb_column vc_column_container vc_col-sm-6\"><div class=\"vc_column-inner\"><div class=\"wpb_wrapper\"><h3 style=\"text-align: left\" class=\"vc_custom_heading vc_do_custom_heading\" >Autres services<\/h3>\n\t<div class=\"wpb_text_column wpb_content_element\" >\n\t\t<div class=\"wpb_wrapper\">\n\t\t\t<ul>\n<li>Liaison avec\u00a0<a href=\"https:\/\/iedc.in.gov\/\">Soci\u00e9t\u00e9 de d\u00e9veloppement \u00e9conomique de l&#039;Indiana<\/a> (IEDC), organisations locales de d\u00e9veloppement \u00e9conomique (<a href=\"\/fr\/economic-development\/economic-development-partners\/\">LEDO<\/a>), organismes r\u00e9gionaux de d\u00e9veloppement \u00e9conomique (<a href=\"\/fr\/economic-development\/economic-development-partners\/\">REDO<\/a>) et des consultants pour fournir des visites et des informations aux industries en expansion ou en relocalisation au nom des sites desservis.<\/li>\n<li>Sensibiliser les organisations de d\u00e9veloppement \u00e9conomique locales et le personnel de l\u2019\u00c9tat aux probl\u00e8mes de d\u00e9veloppement \u00e9conomique de l\u2019Indiana et de l\u2019Illinois.<\/li>\n<li>R\u00e9aliser des \u00e9tudes sur la qualit\u00e9 de l\u2019\u00e9nergie.<\/li>\n<li>Fournir des services de n\u00e9gociation de contrats et d\u2019\u00e9laboration de tarifs personnalis\u00e9s pour les projets.<\/li>\n<li>Offrir des bourses pour les cours de d\u00e9veloppement \u00e9conomique de base, les cours de d\u00e9veloppement communautaire et l\u2019Institut de d\u00e9veloppement \u00e9conomique.<\/li>\n<li>Travailler avec des agences r\u00e9gionales et nationales pour fournir des mises \u00e0 jour sur les probl\u00e8mes li\u00e9s \u00e0 l\u2019industrie et soutenir les projets et les politiques de d\u00e9veloppement rural.<\/li>\n<li>Fournir des renseignements strat\u00e9giques aux organisations locales dans des secteurs cl\u00e9s tels que les plastiques, l\u2019acier et l\u2019agriculture.<\/li>\n<li>G\u00e9rer la coordination et l\u2019assistance du programme de l\u2019USDA.<\/li>\n<\/ul>\n\n\t\t<\/div>\n\t<\/div>\n<\/div><\/div><\/div><\/div><div class=\"vc_row wpb_row vc_row-fluid\"><div class=\"wpb_column vc_column_container vc_col-sm-12\"><div class=\"vc_column-inner\"><div class=\"wpb_wrapper\"><div class=\"ult-spacer spacer-69e6c4e18d310\" data-id=\"69e6c4e18d310\" data-height=\"75\" data-height-mobile=\"35\" data-height-tab=\"50\" data-height-tab-portrait=\"50\" data-height-mobile-landscape=\"35\" style=\"clear:both;display:block;\"><\/div><\/div><\/div><\/div><\/div>\n<\/div>","protected":false},"excerpt":{"rendered":"<p>Notre \u00e9quipe de d\u00e9veloppement \u00e9conomique fournit une assistance essentielle pour aider les entreprises \u00e0 \u00e9tablir ou \u00e0 \u00e9tendre leur pr\u00e9sence dans le Midwest. L&#039;\u00e9quipe de d\u00e9veloppement \u00e9conomique de Hoosier Energy fournit une large gamme d&#039;assistance aux organisations int\u00e9ress\u00e9es par la cr\u00e9ation ou l&#039;expansion d&#039;op\u00e9rations dans notre zone de service, qui comprend le centre et le sud de l&#039;Indiana et le sud-est de l&#039;Illinois. Notre \u00e9quipe de d\u00e9veloppement \u00e9conomique a\u2026<\/p>","protected":false},"author":1,"featured_media":7082,"parent":26,"menu_order":0,"comment_status":"closed","ping_status":"closed","template":"","meta":{"_acf_changed":false,"footnotes":""},"class_list":["post-128","page","type-page","status-publish","has-post-thumbnail","hentry","description-off"],"acf":[],"yoast_head":"<!-- This site is optimized with the Yoast SEO plugin v27.4 - https:\/\/yoast.com\/product\/yoast-seo-wordpress\/ -->\r\n<title>Economic Development Assistance | Hoosier Energy<\/title>\r\n<meta name=\"description\" content=\"Our dedicated economic development team provides crucial assistance to help businesses build their presence in our service territory. Learn more.\" \/>\r\n<meta name=\"robots\" content=\"index, follow, max-snippet:-1, max-image-preview:large, max-video-preview:-1\" \/>\r\n<link rel=\"canonical\" href=\"https:\/\/www.hoosierenergy.com\/fr\/economic-development\/economic-development-assistance\/\" \/>\r\n<meta property=\"og:locale\" content=\"fr_FR\" \/>\r\n<meta property=\"og:type\" content=\"article\" \/>\r\n<meta property=\"og:title\" content=\"Economic Development Assistance | Hoosier Energy\" \/>\r\n<meta property=\"og:description\" content=\"Our dedicated economic development team provides crucial assistance to help businesses build their presence in our service territory. Learn more.\" \/>\r\n<meta property=\"og:url\" content=\"https:\/\/www.hoosierenergy.com\/fr\/economic-development\/economic-development-assistance\/\" \/>\r\n<meta property=\"og:site_name\" content=\"Hoosier Energy\" \/>\r\n<meta property=\"article:publisher\" content=\"https:\/\/www.facebook.com\/HoosierEnergy\" \/>\r\n<meta property=\"article:modified_time\" content=\"2024-01-17T16:03:48+00:00\" \/>\r\n<meta property=\"og:image\" content=\"https:\/\/www.hoosierenergy.com\/wp-content\/uploads\/2022\/09\/EconDevAssistance-Header.jpg\" \/>\r\n\t<meta property=\"og:image:width\" content=\"1920\" \/>\r\n\t<meta property=\"og:image:height\" content=\"400\" \/>\r\n\t<meta property=\"og:image:type\" content=\"image\/jpeg\" \/>\r\n<meta name=\"twitter:card\" content=\"summary_large_image\" \/>\r\n<meta name=\"twitter:site\" content=\"@hoosierenergy\" \/>\r\n<meta name=\"twitter:label1\" content=\"Dur\u00e9e de lecture estim\u00e9e\" \/>\n\t<meta name=\"twitter:data1\" content=\"2 minutes\" \/>\r\n<script type=\"application\/ld+json\" class=\"yoast-schema-graph\">{\"@context\":\"https:\\\/\\\/schema.org\",\"@graph\":[{\"@type\":\"WebPage\",\"@id\":\"https:\\\/\\\/www.hoosierenergy.com\\\/economic-development\\\/economic-development-assistance\\\/\",\"url\":\"https:\\\/\\\/www.hoosierenergy.com\\\/economic-development\\\/economic-development-assistance\\\/\",\"name\":\"Economic Development Assistance | Hoosier Energy\",\"isPartOf\":{\"@id\":\"https:\\\/\\\/www.hoosierenergy.com\\\/#website\"},\"primaryImageOfPage\":{\"@id\":\"https:\\\/\\\/www.hoosierenergy.com\\\/economic-development\\\/economic-development-assistance\\\/#primaryimage\"},\"image\":{\"@id\":\"https:\\\/\\\/www.hoosierenergy.com\\\/economic-development\\\/economic-development-assistance\\\/#primaryimage\"},\"thumbnailUrl\":\"https:\\\/\\\/www.hoosierenergy.com\\\/wp-content\\\/uploads\\\/2022\\\/09\\\/EconDevAssistance-Header.jpg\",\"datePublished\":\"2022-07-14T16:53:37+00:00\",\"dateModified\":\"2024-01-17T16:03:48+00:00\",\"description\":\"Our dedicated economic development team provides crucial assistance to help businesses build their presence in our service territory. Learn more.\",\"breadcrumb\":{\"@id\":\"https:\\\/\\\/www.hoosierenergy.com\\\/economic-development\\\/economic-development-assistance\\\/#breadcrumb\"},\"inLanguage\":\"fr-FR\",\"potentialAction\":[{\"@type\":\"ReadAction\",\"target\":[\"https:\\\/\\\/www.hoosierenergy.com\\\/economic-development\\\/economic-development-assistance\\\/\"]}]},{\"@type\":\"ImageObject\",\"inLanguage\":\"fr-FR\",\"@id\":\"https:\\\/\\\/www.hoosierenergy.com\\\/economic-development\\\/economic-development-assistance\\\/#primaryimage\",\"url\":\"https:\\\/\\\/www.hoosierenergy.com\\\/wp-content\\\/uploads\\\/2022\\\/09\\\/EconDevAssistance-Header.jpg\",\"contentUrl\":\"https:\\\/\\\/www.hoosierenergy.com\\\/wp-content\\\/uploads\\\/2022\\\/09\\\/EconDevAssistance-Header.jpg\",\"width\":1920,\"height\":400},{\"@type\":\"BreadcrumbList\",\"@id\":\"https:\\\/\\\/www.hoosierenergy.com\\\/economic-development\\\/economic-development-assistance\\\/#breadcrumb\",\"itemListElement\":[{\"@type\":\"ListItem\",\"position\":1,\"name\":\"Home\",\"item\":\"https:\\\/\\\/www.hoosierenergy.com\\\/\"},{\"@type\":\"ListItem\",\"position\":2,\"name\":\"Economic Development\",\"item\":\"https:\\\/\\\/www.hoosierenergy.com\\\/economic-development\\\/\"},{\"@type\":\"ListItem\",\"position\":3,\"name\":\"Economic Development Assistance\"}]},{\"@type\":\"WebSite\",\"@id\":\"https:\\\/\\\/www.hoosierenergy.com\\\/#website\",\"url\":\"https:\\\/\\\/www.hoosierenergy.com\\\/\",\"name\":\"Hoosier Energy\",\"description\":\"Powering Community\",\"alternateName\":\"Hoosier Energy Rural Electric Cooperative, Inc.\",\"potentialAction\":[{\"@type\":\"SearchAction\",\"target\":{\"@type\":\"EntryPoint\",\"urlTemplate\":\"https:\\\/\\\/www.hoosierenergy.com\\\/?s={search_term_string}\"},\"query-input\":{\"@type\":\"PropertyValueSpecification\",\"valueRequired\":true,\"valueName\":\"search_term_string\"}}],\"inLanguage\":\"fr-FR\"}]}<\/script>\r\n<!-- \/ Yoast SEO plugin. -->","yoast_head_json":{"title":"Economic Development Assistance | Hoosier Energy","description":"Our dedicated economic development team provides crucial assistance to help businesses build their presence in our service territory. Learn more.","robots":{"index":"index","follow":"follow","max-snippet":"max-snippet:-1","max-image-preview":"max-image-preview:large","max-video-preview":"max-video-preview:-1"},"canonical":"https:\/\/www.hoosierenergy.com\/fr\/economic-development\/economic-development-assistance\/","og_locale":"fr_FR","og_type":"article","og_title":"Economic Development Assistance | Hoosier Energy","og_description":"Our dedicated economic development team provides crucial assistance to help businesses build their presence in our service territory. Learn more.","og_url":"https:\/\/www.hoosierenergy.com\/fr\/economic-development\/economic-development-assistance\/","og_site_name":"Hoosier Energy","article_publisher":"https:\/\/www.facebook.com\/HoosierEnergy","article_modified_time":"2024-01-17T16:03:48+00:00","og_image":[{"width":1920,"height":400,"url":"https:\/\/www.hoosierenergy.com\/wp-content\/uploads\/2022\/09\/EconDevAssistance-Header.jpg","type":"image\/jpeg"}],"twitter_card":"summary_large_image","twitter_site":"@hoosierenergy","twitter_misc":{"Dur\u00e9e de lecture estim\u00e9e":"2 minutes"},"schema":{"@context":"https:\/\/schema.org","@graph":[{"@type":"WebPage","@id":"https:\/\/www.hoosierenergy.com\/economic-development\/economic-development-assistance\/","url":"https:\/\/www.hoosierenergy.com\/economic-development\/economic-development-assistance\/","name":"Economic Development Assistance | Hoosier Energy","isPartOf":{"@id":"https:\/\/www.hoosierenergy.com\/#website"},"primaryImageOfPage":{"@id":"https:\/\/www.hoosierenergy.com\/economic-development\/economic-development-assistance\/#primaryimage"},"image":{"@id":"https:\/\/www.hoosierenergy.com\/economic-development\/economic-development-assistance\/#primaryimage"},"thumbnailUrl":"https:\/\/www.hoosierenergy.com\/wp-content\/uploads\/2022\/09\/EconDevAssistance-Header.jpg","datePublished":"2022-07-14T16:53:37+00:00","dateModified":"2024-01-17T16:03:48+00:00","description":"Our dedicated economic development team provides crucial assistance to help businesses build their presence in our service territory. Learn more.","breadcrumb":{"@id":"https:\/\/www.hoosierenergy.com\/economic-development\/economic-development-assistance\/#breadcrumb"},"inLanguage":"fr-FR","potentialAction":[{"@type":"ReadAction","target":["https:\/\/www.hoosierenergy.com\/economic-development\/economic-development-assistance\/"]}]},{"@type":"ImageObject","inLanguage":"fr-FR","@id":"https:\/\/www.hoosierenergy.com\/economic-development\/economic-development-assistance\/#primaryimage","url":"https:\/\/www.hoosierenergy.com\/wp-content\/uploads\/2022\/09\/EconDevAssistance-Header.jpg","contentUrl":"https:\/\/www.hoosierenergy.com\/wp-content\/uploads\/2022\/09\/EconDevAssistance-Header.jpg","width":1920,"height":400},{"@type":"BreadcrumbList","@id":"https:\/\/www.hoosierenergy.com\/economic-development\/economic-development-assistance\/#breadcrumb","itemListElement":[{"@type":"ListItem","position":1,"name":"Home","item":"https:\/\/www.hoosierenergy.com\/"},{"@type":"ListItem","position":2,"name":"Economic Development","item":"https:\/\/www.hoosierenergy.com\/economic-development\/"},{"@type":"ListItem","position":3,"name":"Economic Development Assistance"}]},{"@type":"WebSite","@id":"https:\/\/www.hoosierenergy.com\/#website","url":"https:\/\/www.hoosierenergy.com\/","name":"\u00c9nergie Hoosier","description":"Alimenter la communaut\u00e9","alternateName":"Hoosier Energy Rural Electric Cooperative, Inc.","potentialAction":[{"@type":"SearchAction","target":{"@type":"EntryPoint","urlTemplate":"https:\/\/www.hoosierenergy.com\/?s={search_term_string}"},"query-input":{"@type":"PropertyValueSpecification","valueRequired":true,"valueName":"search_term_string"}}],"inLanguage":"fr-FR"}]}},"_links":{"self":[{"href":"https:\/\/www.hoosierenergy.com\/fr\/wp-json\/wp\/v2\/pages\/128","targetHints":{"allow":["GET"]}}],"collection":[{"href":"https:\/\/www.hoosierenergy.com\/fr\/wp-json\/wp\/v2\/pages"}],"about":[{"href":"https:\/\/www.hoosierenergy.com\/fr\/wp-json\/wp\/v2\/types\/page"}],"author":[{"embeddable":true,"href":"https:\/\/www.hoosierenergy.com\/fr\/wp-json\/wp\/v2\/users\/1"}],"replies":[{"embeddable":true,"href":"https:\/\/www.hoosierenergy.com\/fr\/wp-json\/wp\/v2\/comments?post=128"}],"version-history":[{"count":0,"href":"https:\/\/www.hoosierenergy.com\/fr\/wp-json\/wp\/v2\/pages\/128\/revisions"}],"up":[{"embeddable":true,"href":"https:\/\/www.hoosierenergy.com\/fr\/wp-json\/wp\/v2\/pages\/26"}],"wp:featuredmedia":[{"embeddable":true,"href":"https:\/\/www.hoosierenergy.com\/fr\/wp-json\/wp\/v2\/media\/7082"}],"wp:attachment":[{"href":"https:\/\/www.hoosierenergy.com\/fr\/wp-json\/wp\/v2\/media?parent=128"}],"curies":[{"name":"wp","href":"https:\/\/api.w.org\/{rel}","templated":true}]}}