{"id":119,"date":"2022-07-14T15:27:54","date_gmt":"2022-07-14T15:27:54","guid":{"rendered":"https:\/\/hoosierenerstg.wpengine.com\/?page_id=119"},"modified":"2024-12-13T13:35:11","modified_gmt":"2024-12-13T18:35:11","slug":"sites-buildings","status":"publish","type":"page","link":"https:\/\/www.hoosierenergy.com\/fr\/economic-development\/site-selection-buildings\/sites-buildings\/","title":{"rendered":"Sites et b\u00e2timents"},"content":{"rendered":"<div class=\"wpb-content-wrapper\"><div class=\"vc_row wpb_row vc_row-fluid negativetopmargin vc_custom_1654014318664 vc_row-has-fill\"><div class=\"wpb_column vc_column_container vc_col-sm-12 vc_col-md-offset-2 vc_col-md-8\"><div class=\"vc_column-inner\"><div class=\"wpb_wrapper\"><div class=\"ult-spacer spacer-69e9dbf7e13a5\" data-id=\"69e9dbf7e13a5\" data-height=\"50\" data-height-mobile=\"20\" data-height-tab=\"30\" data-height-tab-portrait=\"30\" data-height-mobile-landscape=\"20\" style=\"clear:both;display:block;\"><\/div><h2 style=\"text-align: center\" class=\"vc_custom_heading vc_do_custom_heading\" >Rechercher les sites disponibles<\/h2>\n\t<div class=\"wpb_text_column wpb_content_element\" >\n\t\t<div class=\"wpb_wrapper\">\n\t\t\t<p style=\"text-align: center;\">L&#039;\u00e9quipe de d\u00e9veloppement \u00e9conomique de Hoosier Energy travaille dur pour proposer les meilleurs sites. En collaborant avec des s\u00e9lecteurs de sites, nous mettons en relation les organisations avec les meilleures options sur notre territoire de service dans l&#039;Indiana et l&#039;Illinois. Nous \u00e9tudions soigneusement chaque site pour garantir que des ressources pr\u00e9cieuses, comme des r\u00e9seaux de transport interconnect\u00e9s et des p\u00f4les industriels prosp\u00e8res, sont facilement disponibles pour que votre entreprise prosp\u00e8re.<\/p>\n\n\t\t<\/div>\n\t<\/div>\n<div class=\"vc_row wpb_row vc_inner vc_row-fluid vc_custom_1697204786922 vc_row-o-content-middle vc_row-flex\"><div class=\"wpb_column vc_column_container vc_col-sm-2\"><div class=\"vc_column-inner\"><div class=\"wpb_wrapper\"><\/div><\/div><\/div><div class=\"centerbuttons wpb_column vc_column_container vc_col-sm-8\"><div class=\"vc_column-inner\"><div class=\"wpb_wrapper\"><div class=\"vc_btn3-container vc_btn3-inline\" ><a style=\"background-color:#0071af; color:#f5ff12;\" class=\"vc_general vc_btn3 vc_btn3-size-md vc_btn3-shape-square vc_btn3-style-custom\" href=\"#ZoomProspectorTool\" title=\"RECHERCHER DES BIENS\">RECHERCHER DES BIENS<\/a><\/div><div class=\"vc_btn3-container vc_btn3-inline\" ><a style=\"background-color:#0071af; color:#f5ff12;\" class=\"vc_general vc_btn3 vc_btn3-size-md vc_btn3-shape-square vc_btn3-style-custom\" href=\"\/fr\/economic-development\/site-selection-buildings\/featured-sites\/\" title=\"VOIR LES SITES EN VEDETTE\">VOIR LES SITES EN VEDETTE<\/a><\/div><\/div><\/div><\/div><div class=\"wpb_column vc_column_container vc_col-sm-2\"><div class=\"vc_column-inner\"><div class=\"wpb_wrapper\"><\/div><\/div><\/div><\/div><div class=\"ult-spacer spacer-69e9dbf7e330d\" data-id=\"69e9dbf7e330d\" data-height=\"50\" data-height-mobile=\"25\" data-height-tab=\"35\" data-height-tab-portrait=\"35\" data-height-mobile-landscape=\"25\" style=\"clear:both;display:block;\"><\/div><\/div><\/div><\/div><\/div><div id=\"ZoomProspectorTool\" data-vc-full-width=\"true\" data-vc-full-width-temp=\"true\" data-vc-full-width-init=\"false\" data-vc-stretch-content=\"true\" class=\"vc_row wpb_row vc_row-fluid vc_custom_1697204533725 vc_row-has-fill\"><div class=\"wpb_column vc_column_container vc_col-sm-12\"><div class=\"vc_column-inner\"><div class=\"wpb_wrapper\">\n\t<div class=\"wpb_raw_code wpb_raw_html wpb_content_element\" >\n\t\t<div class=\"wpb_wrapper\">\n\t\t\t<script type=\"text\/javascript\" src=\"https:\/\/resources.zoomprospector.com\/common\/scripts\/zpe.properties.iframe.js?width=100%&amp;height=100%&amp;sst=hoosierenergy\"><\/script>\n\t\t<\/div>\n\t<\/div>\n<div class=\"ult-spacer spacer-69e9dbf7e4397\" data-id=\"69e9dbf7e4397\" data-height=\"75\" data-height-mobile=\"50\" data-height-tab=\"75\" data-height-tab-portrait=\"75\" data-height-mobile-landscape=\"50\" style=\"clear:both;display:block;\"><\/div><\/div><\/div><\/div><\/div><div class=\"vc_row-full-width vc_clearfix\"><\/div>\n<\/div>","protected":false},"excerpt":{"rendered":"<p>Rechercher les sites disponibles L&#039;\u00e9quipe de d\u00e9veloppement \u00e9conomique de Hoosier Energy travaille dur pour proposer les meilleurs sites. En collaborant avec les s\u00e9lecteurs de sites, nous mettons en relation les organisations avec les meilleures options sur notre territoire de service dans l&#039;Indiana et l&#039;Illinois. Nous \u00e9tudions soigneusement chaque site pour garantir que des ressources pr\u00e9cieuses, comme des r\u00e9seaux de transport interconnect\u00e9s et des p\u00f4les industriels prosp\u00e8res, sont facilement accessibles\u2026<\/p>","protected":false},"author":1,"featured_media":0,"parent":112,"menu_order":0,"comment_status":"closed","ping_status":"closed","template":"","meta":{"_acf_changed":false,"footnotes":""},"class_list":["post-119","page","type-page","status-publish","hentry","description-off"],"acf":[],"yoast_head":"<!-- This site is optimized with the Yoast SEO plugin v27.4 - https:\/\/yoast.com\/product\/yoast-seo-wordpress\/ -->\r\n<title>Sites &amp; Buildings | Business Property Search | Hoosier Energy<\/title>\r\n<meta name=\"description\" content=\"Search for sites and buildings that suit your business&#039; needs. Use our property search tool today.\" \/>\r\n<meta name=\"robots\" content=\"index, follow, max-snippet:-1, max-image-preview:large, max-video-preview:-1\" \/>\r\n<link rel=\"canonical\" href=\"https:\/\/www.hoosierenergy.com\/fr\/economic-development\/site-selection-buildings\/sites-buildings\/\" \/>\r\n<meta property=\"og:locale\" content=\"fr_FR\" \/>\r\n<meta property=\"og:type\" content=\"article\" \/>\r\n<meta property=\"og:title\" content=\"Sites &amp; Buildings | Business Property Search | Hoosier Energy\" \/>\r\n<meta property=\"og:description\" content=\"Search for sites and buildings that suit your business&#039; needs. Use our property search tool today.\" \/>\r\n<meta property=\"og:url\" content=\"https:\/\/www.hoosierenergy.com\/fr\/economic-development\/site-selection-buildings\/sites-buildings\/\" \/>\r\n<meta property=\"og:site_name\" content=\"Hoosier Energy\" \/>\r\n<meta property=\"article:publisher\" content=\"https:\/\/www.facebook.com\/HoosierEnergy\" \/>\r\n<meta property=\"article:modified_time\" content=\"2024-12-13T18:35:11+00:00\" \/>\r\n<meta name=\"twitter:card\" content=\"summary_large_image\" \/>\r\n<meta name=\"twitter:site\" content=\"@hoosierenergy\" \/>\r\n<meta name=\"twitter:label1\" content=\"Dur\u00e9e de lecture estim\u00e9e\" \/>\n\t<meta name=\"twitter:data1\" content=\"1 minute\" \/>\r\n<script type=\"application\/ld+json\" class=\"yoast-schema-graph\">{\"@context\":\"https:\\\/\\\/schema.org\",\"@graph\":[{\"@type\":\"WebPage\",\"@id\":\"https:\\\/\\\/www.hoosierenergy.com\\\/economic-development\\\/site-selection-buildings\\\/sites-buildings\\\/\",\"url\":\"https:\\\/\\\/www.hoosierenergy.com\\\/economic-development\\\/site-selection-buildings\\\/sites-buildings\\\/\",\"name\":\"Sites & Buildings | Business Property Search | Hoosier Energy\",\"isPartOf\":{\"@id\":\"https:\\\/\\\/www.hoosierenergy.com\\\/#website\"},\"datePublished\":\"2022-07-14T15:27:54+00:00\",\"dateModified\":\"2024-12-13T18:35:11+00:00\",\"description\":\"Search for sites and buildings that suit your business' needs. Use our property search tool today.\",\"breadcrumb\":{\"@id\":\"https:\\\/\\\/www.hoosierenergy.com\\\/economic-development\\\/site-selection-buildings\\\/sites-buildings\\\/#breadcrumb\"},\"inLanguage\":\"fr-FR\",\"potentialAction\":[{\"@type\":\"ReadAction\",\"target\":[\"https:\\\/\\\/www.hoosierenergy.com\\\/economic-development\\\/site-selection-buildings\\\/sites-buildings\\\/\"]}]},{\"@type\":\"BreadcrumbList\",\"@id\":\"https:\\\/\\\/www.hoosierenergy.com\\\/economic-development\\\/site-selection-buildings\\\/sites-buildings\\\/#breadcrumb\",\"itemListElement\":[{\"@type\":\"ListItem\",\"position\":1,\"name\":\"Home\",\"item\":\"https:\\\/\\\/www.hoosierenergy.com\\\/\"},{\"@type\":\"ListItem\",\"position\":2,\"name\":\"Economic Development\",\"item\":\"https:\\\/\\\/www.hoosierenergy.com\\\/economic-development\\\/\"},{\"@type\":\"ListItem\",\"position\":3,\"name\":\"Site Selection &#038; Buildings\",\"item\":\"https:\\\/\\\/www.hoosierenergy.com\\\/economic-development\\\/site-selection-buildings\\\/\"},{\"@type\":\"ListItem\",\"position\":4,\"name\":\"Sites &#038; Buildings\"}]},{\"@type\":\"WebSite\",\"@id\":\"https:\\\/\\\/www.hoosierenergy.com\\\/#website\",\"url\":\"https:\\\/\\\/www.hoosierenergy.com\\\/\",\"name\":\"Hoosier Energy\",\"description\":\"Powering Community\",\"alternateName\":\"Hoosier Energy Rural Electric Cooperative, Inc.\",\"potentialAction\":[{\"@type\":\"SearchAction\",\"target\":{\"@type\":\"EntryPoint\",\"urlTemplate\":\"https:\\\/\\\/www.hoosierenergy.com\\\/?s={search_term_string}\"},\"query-input\":{\"@type\":\"PropertyValueSpecification\",\"valueRequired\":true,\"valueName\":\"search_term_string\"}}],\"inLanguage\":\"fr-FR\"}]}<\/script>\r\n<!-- \/ Yoast SEO plugin. -->","yoast_head_json":{"title":"Sites & Buildings | Business Property Search | Hoosier Energy","description":"Search for sites and buildings that suit your business' needs. Use our property search tool today.","robots":{"index":"index","follow":"follow","max-snippet":"max-snippet:-1","max-image-preview":"max-image-preview:large","max-video-preview":"max-video-preview:-1"},"canonical":"https:\/\/www.hoosierenergy.com\/fr\/economic-development\/site-selection-buildings\/sites-buildings\/","og_locale":"fr_FR","og_type":"article","og_title":"Sites & Buildings | Business Property Search | Hoosier Energy","og_description":"Search for sites and buildings that suit your business' needs. Use our property search tool today.","og_url":"https:\/\/www.hoosierenergy.com\/fr\/economic-development\/site-selection-buildings\/sites-buildings\/","og_site_name":"Hoosier Energy","article_publisher":"https:\/\/www.facebook.com\/HoosierEnergy","article_modified_time":"2024-12-13T18:35:11+00:00","twitter_card":"summary_large_image","twitter_site":"@hoosierenergy","twitter_misc":{"Dur\u00e9e de lecture estim\u00e9e":"1 minute"},"schema":{"@context":"https:\/\/schema.org","@graph":[{"@type":"WebPage","@id":"https:\/\/www.hoosierenergy.com\/economic-development\/site-selection-buildings\/sites-buildings\/","url":"https:\/\/www.hoosierenergy.com\/economic-development\/site-selection-buildings\/sites-buildings\/","name":"Sites & Buildings | Business Property Search | Hoosier Energy","isPartOf":{"@id":"https:\/\/www.hoosierenergy.com\/#website"},"datePublished":"2022-07-14T15:27:54+00:00","dateModified":"2024-12-13T18:35:11+00:00","description":"Search for sites and buildings that suit your business' needs. Use our property search tool today.","breadcrumb":{"@id":"https:\/\/www.hoosierenergy.com\/economic-development\/site-selection-buildings\/sites-buildings\/#breadcrumb"},"inLanguage":"fr-FR","potentialAction":[{"@type":"ReadAction","target":["https:\/\/www.hoosierenergy.com\/economic-development\/site-selection-buildings\/sites-buildings\/"]}]},{"@type":"BreadcrumbList","@id":"https:\/\/www.hoosierenergy.com\/economic-development\/site-selection-buildings\/sites-buildings\/#breadcrumb","itemListElement":[{"@type":"ListItem","position":1,"name":"Home","item":"https:\/\/www.hoosierenergy.com\/"},{"@type":"ListItem","position":2,"name":"Economic Development","item":"https:\/\/www.hoosierenergy.com\/economic-development\/"},{"@type":"ListItem","position":3,"name":"Site Selection &#038; Buildings","item":"https:\/\/www.hoosierenergy.com\/economic-development\/site-selection-buildings\/"},{"@type":"ListItem","position":4,"name":"Sites &#038; Buildings"}]},{"@type":"WebSite","@id":"https:\/\/www.hoosierenergy.com\/#website","url":"https:\/\/www.hoosierenergy.com\/","name":"\u00c9nergie Hoosier","description":"Alimenter la communaut\u00e9","alternateName":"Hoosier Energy Rural Electric Cooperative, Inc.","potentialAction":[{"@type":"SearchAction","target":{"@type":"EntryPoint","urlTemplate":"https:\/\/www.hoosierenergy.com\/?s={search_term_string}"},"query-input":{"@type":"PropertyValueSpecification","valueRequired":true,"valueName":"search_term_string"}}],"inLanguage":"fr-FR"}]}},"_links":{"self":[{"href":"https:\/\/www.hoosierenergy.com\/fr\/wp-json\/wp\/v2\/pages\/119","targetHints":{"allow":["GET"]}}],"collection":[{"href":"https:\/\/www.hoosierenergy.com\/fr\/wp-json\/wp\/v2\/pages"}],"about":[{"href":"https:\/\/www.hoosierenergy.com\/fr\/wp-json\/wp\/v2\/types\/page"}],"author":[{"embeddable":true,"href":"https:\/\/www.hoosierenergy.com\/fr\/wp-json\/wp\/v2\/users\/1"}],"replies":[{"embeddable":true,"href":"https:\/\/www.hoosierenergy.com\/fr\/wp-json\/wp\/v2\/comments?post=119"}],"version-history":[{"count":0,"href":"https:\/\/www.hoosierenergy.com\/fr\/wp-json\/wp\/v2\/pages\/119\/revisions"}],"up":[{"embeddable":true,"href":"https:\/\/www.hoosierenergy.com\/fr\/wp-json\/wp\/v2\/pages\/112"}],"wp:attachment":[{"href":"https:\/\/www.hoosierenergy.com\/fr\/wp-json\/wp\/v2\/media?parent=119"}],"curies":[{"name":"wp","href":"https:\/\/api.w.org\/{rel}","templated":true}]}}