{"id":112,"date":"2022-07-13T19:53:00","date_gmt":"2022-07-13T19:53:00","guid":{"rendered":"https:\/\/hoosierenerstg.wpengine.com\/?page_id=112"},"modified":"2025-02-05T13:12:06","modified_gmt":"2025-02-05T18:12:06","slug":"site-selection-buildings","status":"publish","type":"page","link":"https:\/\/www.hoosierenergy.com\/fr\/economic-development\/site-selection-buildings\/","title":{"rendered":"S\u00e9lection du site et des b\u00e2timents"},"content":{"rendered":"<div class=\"wpb-content-wrapper\"><div class=\"vc_row wpb_row vc_row-fluid negativetopmargin vc_custom_1654014318664 vc_row-has-fill\"><div class=\"wpb_column vc_column_container vc_col-sm-12 vc_col-md-offset-2 vc_col-md-8\"><div class=\"vc_column-inner\"><div class=\"wpb_wrapper\"><div class=\"ult-spacer spacer-6a030264627be\" data-id=\"6a030264627be\" data-height=\"50\" data-height-mobile=\"20\" data-height-tab=\"30\" data-height-tab-portrait=\"30\" data-height-mobile-landscape=\"20\" style=\"clear:both;display:block;\"><\/div><h2 style=\"text-align: center\" class=\"vc_custom_heading vc_do_custom_heading\" >Hoosier Energy fournit une \u00e9nergie fiable et abordable aux organisations et aux entreprises du centre et du sud de l&#039;Indiana et du sud-est de l&#039;Illinois.<\/h2>\n\t<div class=\"wpb_text_column wpb_content_element\" >\n\t\t<div class=\"wpb_wrapper\">\n\t\t\t<p style=\"text-align: center;\">Dans notre zone de service, nous proposons une multitude de sites et de b\u00e2timents disponibles parmi lesquels les s\u00e9lectionneurs de sites peuvent choisir. Que vous recherchiez des sites industriels, de bureaux, \u00e0 usage mixte ou des sites vierges et pr\u00eats \u00e0 \u00eatre construits, Hoosier Energy a des options. Nous disposons \u00e9galement de la main-d&#039;\u0153uvre n\u00e9cessaire pour vous aider \u00e0 pourvoir les postes et \u00e0 alimenter vos op\u00e9rations. Notre zone de service b\u00e9n\u00e9ficie d&#039;un vivier de talents solide avec une grande vari\u00e9t\u00e9 de comp\u00e9tences, offrant un avantage concurrentiel aux start-ups et aux entreprises en expansion.<\/p>\n\n\t\t<\/div>\n\t<\/div>\n<div class=\"vc_btn3-container vc_btn3-center\" ><a style=\"background-color:#0071af; color:#f5ff12;\" class=\"vc_general vc_btn3 vc_btn3-size-md vc_btn3-shape-square vc_btn3-style-custom\" href=\"\/fr\/economic-development\/site-selection-buildings\/sites-buildings\/\" title=\"VOIR NOS SITES ET B\u00c2TIMENTS\">VOIR NOS SITES ET B\u00c2TIMENTS<\/a><\/div><div class=\"ult-spacer spacer-6a030264634cb\" data-id=\"6a030264634cb\" data-height=\"50\" data-height-mobile=\"25\" data-height-tab=\"35\" data-height-tab-portrait=\"35\" data-height-mobile-landscape=\"25\" style=\"clear:both;display:block;\"><\/div><\/div><\/div><\/div><\/div><div class=\"vc_row wpb_row vc_row-fluid\"><div class=\"wpb_column vc_column_container vc_col-sm-12\"><div class=\"vc_column-inner\"><div class=\"wpb_wrapper\"><h3 style=\"text-align: left\" class=\"vc_custom_heading vc_do_custom_heading\" >Une main d\u2019\u0153uvre solide<\/h3><\/div><\/div><\/div><\/div><div class=\"vc_row wpb_row vc_row-fluid\"><div class=\"wpb_column vc_column_container vc_col-sm-6\"><div class=\"vc_column-inner\"><div class=\"wpb_wrapper\">\n\t<div class=\"wpb_text_column wpb_content_element\" >\n\t\t<div class=\"wpb_wrapper\">\n\t\t\t<p>Notre effectif r\u00e9gional compte pr\u00e8s de 1,1 million de personnes. Avec en moyenne plus de 22 000 nouveaux dipl\u00f4m\u00e9s qui entrent sur le march\u00e9 du travail chaque ann\u00e9e, nous disposons d&#039;un vivier constant pour garantir que les entreprises peuvent pourvoir les postes avec des talents bien form\u00e9s et qualifi\u00e9s. En chiffres, Hoosier Energy offre aux employeurs l&#039;acc\u00e8s \u00e0 une main-d&#039;\u0153uvre hautement qualifi\u00e9e :<\/p>\n<ul>\n<li>Plus de 50% de notre population est en \u00e2ge de travailler (25-64 ans) ; l&#039;\u00e2ge m\u00e9dian est de 40 ans.<\/li>\n<li>Plus de 81% poss\u00e8dent un dipl\u00f4me d\u2019\u00e9tudes secondaires.<\/li>\n<li>14% sont titulaires d&#039;un baccalaur\u00e9at et 8% poss\u00e8dent un dipl\u00f4me d&#039;\u00e9tudes sup\u00e9rieures.<\/li>\n<li>10% de la main-d&#039;\u0153uvre du secteur des m\u00e9taux primaires et des \u00e9quipements de transport du pays r\u00e9side dans l&#039;Indiana.<\/li>\n<li>Taux de ch\u00f4mage r\u00e9gional : 3,4%.<\/li>\n<\/ul>\n\n\t\t<\/div>\n\t<\/div>\n<\/div><\/div><\/div><div class=\"wpb_column vc_column_container vc_col-sm-6\"><div class=\"vc_column-inner\"><div class=\"wpb_wrapper\">\n\t<div class=\"wpb_text_column wpb_content_element\" >\n\t\t<div class=\"wpb_wrapper\">\n\t\t\t<p>La zone de service de Hoosier Energy offre \u00e9galement l\u2019acc\u00e8s \u00e0 plusieurs \u00e9tablissements d\u2019enseignement sup\u00e9rieur dot\u00e9s de solides programmes de d\u00e9veloppement de la main-d\u2019\u0153uvre.<\/p>\n<ul>\n<li style=\"list-style-type: none;\">\n<ul>\n<li><a href=\"https:\/\/www.iecc.edu\/fcc\" target=\"_blank\" rel=\"noopener\">Coll\u00e8ge communautaire Frontier<\/a><\/li>\n<li><a href=\"https:\/\/www.indstate.edu\/\" target=\"_blank\" rel=\"noopener\">Universit\u00e9 d&#039;\u00c9tat de l&#039;Indiana<\/a><\/li>\n<li><a href=\"https:\/\/engagement.iu.edu\/initiatives\/talent-workforce.html\" target=\"_blank\" rel=\"noopener\">Universit\u00e9 de l&#039;Indiana<\/a><\/li>\n<li><a href=\"https:\/\/www.ivytech.edu\/ccec\/index.html\" target=\"_blank\" rel=\"noopener\">Coll\u00e8ge communautaire Ivy Tech<\/a><\/li>\n<li><a href=\"https:\/\/www.cco.purdue.edu\/\" target=\"_blank\" rel=\"noopener\">Universit\u00e9 Purdue<\/a><\/li>\n<li><a href=\"http:\/\/www.rose-hulman.edu\/offices-and-services\/career-services.aspx\" target=\"_blank\" rel=\"noopener\">Institut de technologie Rose-Hulman<\/a><\/li>\n<li><a href=\"http:\/\/evansville.edu\/careercenter\/\" target=\"_blank\" rel=\"noopener\">Universit\u00e9 d&#039;Evansville<\/a><\/li>\n<li><a href=\"https:\/\/corporaterelations.illinois.edu\/\" target=\"_blank\" rel=\"noopener\">Universit\u00e9 de l&#039;Illinois<\/a><\/li>\n<li><a href=\"https:\/\/careerdevelopment.siu.edu\/employers\/index.php\" target=\"_blank\" rel=\"noopener\">Universit\u00e9 du sud de l&#039;Illinois<\/a><\/li>\n<li><a href=\"https:\/\/www.vinu.edu\/web\/center-for-career-and-employer-relations\/employer-relations\" target=\"_blank\" rel=\"noopener\">Universit\u00e9 de Vincennes<\/a><\/li>\n<\/ul>\n\n\t\t<\/div>\n\t<\/div>\n<\/div><\/div><\/div><\/div><div class=\"vc_row wpb_row vc_row-fluid\"><div class=\"wpb_column vc_column_container vc_col-sm-12\"><div class=\"vc_column-inner\"><div class=\"wpb_wrapper\"><div class=\"ult-spacer spacer-6a0302646572f\" data-id=\"6a0302646572f\" data-height=\"50\" data-height-mobile=\"25\" data-height-tab=\"35\" data-height-tab-portrait=\"35\" data-height-mobile-landscape=\"25\" style=\"clear:both;display:block;\"><\/div>\n\t<div class=\"wpb_raw_code wpb_raw_html wpb_content_element\" >\n\t\t<div class=\"wpb_wrapper\">\n\t\t\t<div style=\"height: 800px;overflow-y: scroll;\">\n<div class=\"gisp_ic_container\" data-token=\"TgkcltG63\"><\/div><script src=\"https:\/\/properties.zoomprospector.com\/static\/scripts\/ic\/embed.js\"><\/script>\n<\/div>\n\t\t<\/div>\n\t<\/div>\n<div class=\"ult-spacer spacer-6a03026465bf6\" data-id=\"6a03026465bf6\" data-height=\"50\" data-height-mobile=\"25\" data-height-tab=\"35\" data-height-tab-portrait=\"35\" data-height-mobile-landscape=\"25\" style=\"clear:both;display:block;\"><\/div><\/div><\/div><\/div><\/div><div class=\"vc_row wpb_row vc_row-fluid\"><div class=\"wpb_column vc_column_container vc_col-sm-12\"><div class=\"vc_column-inner\"><div class=\"wpb_wrapper\"><h3 style=\"text-align: left\" class=\"vc_custom_heading vc_do_custom_heading\" >Avantages r\u00e9gionaux pour les s\u00e9lectionneurs de sites<\/h3>\n\t<div class=\"wpb_text_column wpb_content_element\" >\n\t\t<div class=\"wpb_wrapper\">\n\t\t\t<p>Notre zone de service offre une gamme d&#039;avantages aux entreprises \u00e0 la recherche d&#039;un site adapt\u00e9. La r\u00e9gion de service de Hoosier Energy offre aux s\u00e9lectionneurs de sites l&#039;acc\u00e8s \u00e0 une multitude de ressources pr\u00e9cieuses, notamment un r\u00e9seau de transport hautement interconnect\u00e9 et des p\u00f4les industriels prosp\u00e8res.<\/p>\n\n\t\t<\/div>\n\t<\/div>\n<div class=\"vc_row wpb_row vc_inner vc_row-fluid\"><div class=\"wpb_column vc_column_container vc_col-sm-6\"><div class=\"vc_column-inner\"><div class=\"wpb_wrapper\"><h4 style=\"text-align: left\" class=\"vc_custom_heading vc_do_custom_heading\" >Faits saillants de l&#039;Indiana<\/h4>\n\t<div class=\"wpb_text_column wpb_content_element\" >\n\t\t<div class=\"wpb_wrapper\">\n\t\t\t<ul>\n<li>L&#039;Indiana se vante d&#039;avoir le cinqui\u00e8me meilleur co\u00fbt de faire des affaires aux \u00c9tats-Unis<\/li>\n<li>Cincinnati, Louisville, Nashville, Chicago et Saint-Louis se trouvent tous \u00e0 moins de quatre heures de route des territoires de Hoosier Energy.<\/li>\n<li>L&#039;Indiana est class\u00e9 deuxi\u00e8me en termes de solidit\u00e9 des infrastructures de l&#039;\u00c9tat (derri\u00e8re le Texas).<\/li>\n<li>En tant que \u00ab carrefour de l\u2019Am\u00e9rique \u00bb, l\u2019Indiana abrite le centre m\u00e9dian de la population am\u00e9ricaine, ce qui lui conf\u00e8re un acc\u00e8s sup\u00e9rieur aux march\u00e9s.<\/li>\n<li>L\u2019Indiana est le quatri\u00e8me \u00c9tat le plus favorable aux entreprises.<\/li>\n<li>Sur le million d\u2019emplois dans le secteur automobile aux \u00c9tats-Unis, environ la moiti\u00e9 se trouvent dans l\u2019Indiana ou dans les quatre \u00c9tats voisins : le Michigan, l\u2019Illinois, l\u2019Ohio et le Kentucky.<\/li>\n<\/ul>\n\n\t\t<\/div>\n\t<\/div>\n<\/div><\/div><\/div><div class=\"wpb_column vc_column_container vc_col-sm-6\"><div class=\"vc_column-inner\"><div class=\"wpb_wrapper\"><h4 style=\"text-align: left\" class=\"vc_custom_heading vc_do_custom_heading\" >Faits saillants de l&#039;Illinois<\/h4>\n\t<div class=\"wpb_text_column wpb_content_element\" >\n\t\t<div class=\"wpb_wrapper\">\n\t\t\t<ul>\n<li>L&#039;Illinois se classe au deuxi\u00e8me rang aux \u00c9tats-Unis en termes de cr\u00e9ation d&#039;entreprises et de nombre de si\u00e8ges sociaux.<\/li>\n<li>L\u2019\u00c9tat des Prairies est le deuxi\u00e8me plus grand producteur de dipl\u00f4m\u00e9s en informatique.<\/li>\n<li>Chaque ann\u00e9e, l&#039;Illinois re\u00e7oit 14 milliards de livres sterling d&#039;investissements \u00e9trangers directs et abrite plus de 1 900 entreprises internationales et cinq a\u00e9roports internationaux.<\/li>\n<li>L&#039;Illinois est le seul \u00c9tat \u00e0 poss\u00e9der les sept chemins de fer de classe I.<\/li>\n<li>L&#039;Illinois revendique le cinqui\u00e8me PIB le plus \u00e9lev\u00e9 du pays, poss\u00e8de la 19e plus grande \u00e9conomie du monde et abrite 37 entreprises Fortune 500.<\/li>\n<\/ul>\n\n\t\t<\/div>\n\t<\/div>\n<\/div><\/div><\/div><\/div><div class=\"ult-spacer spacer-6a03026467e0d\" data-id=\"6a03026467e0d\" data-height=\"50\" data-height-mobile=\"25\" data-height-tab=\"35\" data-height-tab-portrait=\"35\" data-height-mobile-landscape=\"25\" style=\"clear:both;display:block;\"><\/div><\/div><\/div><\/div><\/div><div class=\"vc_row wpb_row vc_row-fluid\"><div class=\"wpb_column vc_column_container vc_col-sm-12\"><div class=\"vc_column-inner\"><div class=\"wpb_wrapper\"><h3 style=\"text-align: left\" class=\"vc_custom_heading vc_do_custom_heading\" >D\u00e9m\u00e9nagements et agrandissements r\u00e9cents<\/h3>\n\t<div class=\"wpb_text_column wpb_content_element\" >\n\t\t<div class=\"wpb_wrapper\">\n\t\t\t<p>L&#039;\u00e9quipe de d\u00e9veloppement \u00e9conomique de Hoosier Energy aide \u00e0 recruter de nouvelles entreprises sur notre territoire de service et facilite l&#039;expansion des organisations existantes. Nous sommes fiers de nous associer \u00e0 certaines des plus grandes entreprises des \u00c9tats-Unis. Parmi nos r\u00e9centes r\u00e9ussites, citons :<\/p>\n\n\t\t<\/div>\n\t<\/div>\n<div class=\"vc_row wpb_row vc_inner vc_row-fluid\"><div class=\"wpb_column vc_column_container vc_col-sm-6\"><div class=\"vc_column-inner\"><div class=\"wpb_wrapper\"><h4 style=\"text-align: left\" class=\"vc_custom_heading vc_do_custom_heading\" >\u00c9clairage LED IKIO<\/h4>\n\t<div class=\"wpb_text_column wpb_content_element\" >\n\t\t<div class=\"wpb_wrapper\">\n\t\t\t<ul>\n<li>Installation de distribution de 1 TP4T80 millions dans le comt\u00e9 de Johnson, Indiana.<\/li>\n<li>IKIO est un fabricant am\u00e9ricain leader de solutions d&#039;\u00e9clairage LED.<\/li>\n<li>$25 millions de nouvelles d\u00e9penses d&#039;investissement.<\/li>\n<li>30 nouveaux postes \u00e0 temps plein pr\u00e9vus.<\/li>\n<\/ul>\n\n\t\t<\/div>\n\t<\/div>\n<h4 style=\"text-align: left\" class=\"vc_custom_heading vc_do_custom_heading\" >AboutBit \u2013 Cryptomonnaie respectueuse de l&#039;environnement<\/h4>\n\t<div class=\"wpb_text_column wpb_content_element\" >\n\t\t<div class=\"wpb_wrapper\">\n\t\t\t<ul>\n<li>Une entreprise bas\u00e9e dans le Kentucky cherche \u00e0 transformer une propri\u00e9t\u00e9 pr\u00e8s de la centrale \u00e9lectrique de Merom dans le comt\u00e9 de Sullivan en une installation d&#039;extraction de crypto-monnaie.<\/li>\n<li>$50 millions de nouvelles d\u00e9penses d&#039;investissement.<\/li>\n<li>Cela commence avec 15 nouveaux emplois de haute technologie et d&#039;autres seront cr\u00e9\u00e9s une fois op\u00e9rationnels.<\/li>\n<\/ul>\n\n\t\t<\/div>\n\t<\/div>\n<h4 style=\"text-align: left\" class=\"vc_custom_heading vc_do_custom_heading\" >Projet d&#039;agrandissement de Boar&#039;s Head<\/h4>\n\t<div class=\"wpb_text_column wpb_content_element\" >\n\t\t<div class=\"wpb_wrapper\">\n\t\t\t<ul>\n<li>$160 millions de nouvelles installations pour un producteur de biocarburants \u00e0 Shelbyville, Indiana.<\/li>\n<li>Boar&#039;s Head, transformateur alimentaire de New Castle, a annonc\u00e9 son intention d&#039;agrandir son installation actuelle avec 100 000 pieds carr\u00e9s d&#039;espace suppl\u00e9mentaire.<\/li>\n<li>$126 millions de nouvelles d\u00e9penses d&#039;investissement.<\/li>\n<li>120 nouveaux postes \u00e0 temps plein.<\/li>\n<\/ul>\n\n\t\t<\/div>\n\t<\/div>\n<\/div><\/div><\/div><div class=\"wpb_column vc_column_container vc_col-sm-6\"><div class=\"vc_column-inner\"><div class=\"wpb_wrapper\">\n\t<div  class=\"wpb_single_image wpb_content_element vc_align_left\">\n\t\t\n\t\t<figure class=\"wpb_wrapper vc_figure\">\n\t\t\t<div class=\"vc_single_image-wrapper   vc_box_border_grey\"><img loading=\"lazy\" decoding=\"async\" width=\"990\" height=\"765\" src=\"https:\/\/www.hoosierenergy.com\/wp-content\/uploads\/2022\/09\/SiteSelection-RecentRelocations.jpg\" class=\"vc_single_image-img attachment-full\" alt=\"\" title=\"S\u00e9lection de site - D\u00e9localisations r\u00e9centes\" srcset=\"https:\/\/www.hoosierenergy.com\/wp-content\/uploads\/2022\/09\/SiteSelection-RecentRelocations.jpg 990w, https:\/\/www.hoosierenergy.com\/wp-content\/uploads\/2022\/09\/SiteSelection-RecentRelocations-300x232.jpg 300w, https:\/\/www.hoosierenergy.com\/wp-content\/uploads\/2022\/09\/SiteSelection-RecentRelocations-768x593.jpg 768w\" sizes=\"auto, (max-width: 990px) 100vw, 990px\"  data-dt-location=\"https:\/\/www.hoosierenergy.com\/fr\/economic-development\/site-selection-buildings\/siteselection-recentrelocations\/\" \/><\/div>\n\t\t<\/figure>\n\t<\/div>\n<\/div><\/div><\/div><\/div><div class=\"ult-spacer spacer-6a0302646af49\" data-id=\"6a0302646af49\" data-height=\"50\" data-height-mobile=\"25\" data-height-tab=\"35\" data-height-tab-portrait=\"35\" data-height-mobile-landscape=\"25\" style=\"clear:both;display:block;\"><\/div><\/div><\/div><\/div><\/div>\n<\/div>","protected":false},"excerpt":{"rendered":"<p>Hoosier Energy fournit une \u00e9nergie fiable et abordable aux organisations et aux entreprises du centre et du sud de l&#039;Indiana et du sud-est de l&#039;Illinois. Dans toute notre zone de service, nous proposons une multitude de sites et de b\u00e2timents disponibles parmi lesquels les s\u00e9lectionneurs de sites peuvent choisir. Que vous recherchiez des sites industriels, de bureaux, \u00e0 usage mixte ou des sites vierges et pr\u00eats \u00e0 \u00eatre construits, Hoosier Energy a des options. Nous\u2026<\/p>","protected":false},"author":1,"featured_media":6823,"parent":26,"menu_order":0,"comment_status":"closed","ping_status":"closed","template":"","meta":{"_acf_changed":false,"footnotes":""},"class_list":["post-112","page","type-page","status-publish","has-post-thumbnail","hentry","description-off"],"acf":[],"yoast_head":"<!-- This site is optimized with the Yoast SEO plugin v27.4 - https:\/\/yoast.com\/product\/yoast-seo-wordpress\/ -->\r\n<title>Site Selection &amp; Buildings | Hoosier Energy<\/title>\r\n<meta name=\"description\" content=\"Across our service area, we offer a wide range of available sites and buildings for site selectors to choose from. See what&#039;s available today.\" \/>\r\n<meta name=\"robots\" content=\"index, follow, max-snippet:-1, max-image-preview:large, max-video-preview:-1\" \/>\r\n<link rel=\"canonical\" href=\"https:\/\/www.hoosierenergy.com\/fr\/economic-development\/site-selection-buildings\/\" \/>\r\n<meta property=\"og:locale\" content=\"fr_FR\" \/>\r\n<meta property=\"og:type\" content=\"article\" \/>\r\n<meta property=\"og:title\" content=\"Site Selection &amp; Buildings | Hoosier Energy\" \/>\r\n<meta property=\"og:description\" content=\"Across our service area, we offer a wide range of available sites and buildings for site selectors to choose from. See what&#039;s available today.\" \/>\r\n<meta property=\"og:url\" content=\"https:\/\/www.hoosierenergy.com\/fr\/economic-development\/site-selection-buildings\/\" \/>\r\n<meta property=\"og:site_name\" content=\"Hoosier Energy\" \/>\r\n<meta property=\"article:publisher\" content=\"https:\/\/www.facebook.com\/HoosierEnergy\" \/>\r\n<meta property=\"article:modified_time\" content=\"2025-02-05T18:12:06+00:00\" \/>\r\n<meta property=\"og:image\" content=\"https:\/\/www.hoosierenergy.com\/wp-content\/uploads\/2022\/08\/header-sitesbuilding.jpg\" \/>\r\n\t<meta property=\"og:image:width\" content=\"1920\" \/>\r\n\t<meta property=\"og:image:height\" content=\"561\" \/>\r\n\t<meta property=\"og:image:type\" content=\"image\/jpeg\" \/>\r\n<meta name=\"twitter:card\" content=\"summary_large_image\" \/>\r\n<meta name=\"twitter:site\" content=\"@hoosierenergy\" \/>\r\n<meta name=\"twitter:label1\" content=\"Dur\u00e9e de lecture estim\u00e9e\" \/>\n\t<meta name=\"twitter:data1\" content=\"4 minutes\" \/>\r\n<script type=\"application\/ld+json\" class=\"yoast-schema-graph\">{\"@context\":\"https:\\\/\\\/schema.org\",\"@graph\":[{\"@type\":\"WebPage\",\"@id\":\"https:\\\/\\\/www.hoosierenergy.com\\\/economic-development\\\/site-selection-buildings\\\/\",\"url\":\"https:\\\/\\\/www.hoosierenergy.com\\\/economic-development\\\/site-selection-buildings\\\/\",\"name\":\"Site Selection & Buildings | Hoosier Energy\",\"isPartOf\":{\"@id\":\"https:\\\/\\\/www.hoosierenergy.com\\\/#website\"},\"primaryImageOfPage\":{\"@id\":\"https:\\\/\\\/www.hoosierenergy.com\\\/economic-development\\\/site-selection-buildings\\\/#primaryimage\"},\"image\":{\"@id\":\"https:\\\/\\\/www.hoosierenergy.com\\\/economic-development\\\/site-selection-buildings\\\/#primaryimage\"},\"thumbnailUrl\":\"https:\\\/\\\/www.hoosierenergy.com\\\/wp-content\\\/uploads\\\/2022\\\/08\\\/header-sitesbuilding.jpg\",\"datePublished\":\"2022-07-13T19:53:00+00:00\",\"dateModified\":\"2025-02-05T18:12:06+00:00\",\"description\":\"Across our service area, we offer a wide range of available sites and buildings for site selectors to choose from. See what's available today.\",\"breadcrumb\":{\"@id\":\"https:\\\/\\\/www.hoosierenergy.com\\\/economic-development\\\/site-selection-buildings\\\/#breadcrumb\"},\"inLanguage\":\"fr-FR\",\"potentialAction\":[{\"@type\":\"ReadAction\",\"target\":[\"https:\\\/\\\/www.hoosierenergy.com\\\/economic-development\\\/site-selection-buildings\\\/\"]}]},{\"@type\":\"ImageObject\",\"inLanguage\":\"fr-FR\",\"@id\":\"https:\\\/\\\/www.hoosierenergy.com\\\/economic-development\\\/site-selection-buildings\\\/#primaryimage\",\"url\":\"https:\\\/\\\/www.hoosierenergy.com\\\/wp-content\\\/uploads\\\/2022\\\/08\\\/header-sitesbuilding.jpg\",\"contentUrl\":\"https:\\\/\\\/www.hoosierenergy.com\\\/wp-content\\\/uploads\\\/2022\\\/08\\\/header-sitesbuilding.jpg\",\"width\":1920,\"height\":561},{\"@type\":\"BreadcrumbList\",\"@id\":\"https:\\\/\\\/www.hoosierenergy.com\\\/economic-development\\\/site-selection-buildings\\\/#breadcrumb\",\"itemListElement\":[{\"@type\":\"ListItem\",\"position\":1,\"name\":\"Home\",\"item\":\"https:\\\/\\\/www.hoosierenergy.com\\\/\"},{\"@type\":\"ListItem\",\"position\":2,\"name\":\"Economic Development\",\"item\":\"https:\\\/\\\/www.hoosierenergy.com\\\/economic-development\\\/\"},{\"@type\":\"ListItem\",\"position\":3,\"name\":\"Site Selection &#038; Buildings\"}]},{\"@type\":\"WebSite\",\"@id\":\"https:\\\/\\\/www.hoosierenergy.com\\\/#website\",\"url\":\"https:\\\/\\\/www.hoosierenergy.com\\\/\",\"name\":\"Hoosier Energy\",\"description\":\"Powering Community\",\"alternateName\":\"Hoosier Energy Rural Electric Cooperative, Inc.\",\"potentialAction\":[{\"@type\":\"SearchAction\",\"target\":{\"@type\":\"EntryPoint\",\"urlTemplate\":\"https:\\\/\\\/www.hoosierenergy.com\\\/?s={search_term_string}\"},\"query-input\":{\"@type\":\"PropertyValueSpecification\",\"valueRequired\":true,\"valueName\":\"search_term_string\"}}],\"inLanguage\":\"fr-FR\"}]}<\/script>\r\n<!-- \/ Yoast SEO plugin. -->","yoast_head_json":{"title":"Site Selection & Buildings | Hoosier Energy","description":"Across our service area, we offer a wide range of available sites and buildings for site selectors to choose from. See what's available today.","robots":{"index":"index","follow":"follow","max-snippet":"max-snippet:-1","max-image-preview":"max-image-preview:large","max-video-preview":"max-video-preview:-1"},"canonical":"https:\/\/www.hoosierenergy.com\/fr\/economic-development\/site-selection-buildings\/","og_locale":"fr_FR","og_type":"article","og_title":"Site Selection & Buildings | Hoosier Energy","og_description":"Across our service area, we offer a wide range of available sites and buildings for site selectors to choose from. See what's available today.","og_url":"https:\/\/www.hoosierenergy.com\/fr\/economic-development\/site-selection-buildings\/","og_site_name":"Hoosier Energy","article_publisher":"https:\/\/www.facebook.com\/HoosierEnergy","article_modified_time":"2025-02-05T18:12:06+00:00","og_image":[{"width":1920,"height":561,"url":"https:\/\/www.hoosierenergy.com\/wp-content\/uploads\/2022\/08\/header-sitesbuilding.jpg","type":"image\/jpeg"}],"twitter_card":"summary_large_image","twitter_site":"@hoosierenergy","twitter_misc":{"Dur\u00e9e de lecture estim\u00e9e":"4 minutes"},"schema":{"@context":"https:\/\/schema.org","@graph":[{"@type":"WebPage","@id":"https:\/\/www.hoosierenergy.com\/economic-development\/site-selection-buildings\/","url":"https:\/\/www.hoosierenergy.com\/economic-development\/site-selection-buildings\/","name":"Site Selection & Buildings | Hoosier Energy","isPartOf":{"@id":"https:\/\/www.hoosierenergy.com\/#website"},"primaryImageOfPage":{"@id":"https:\/\/www.hoosierenergy.com\/economic-development\/site-selection-buildings\/#primaryimage"},"image":{"@id":"https:\/\/www.hoosierenergy.com\/economic-development\/site-selection-buildings\/#primaryimage"},"thumbnailUrl":"https:\/\/www.hoosierenergy.com\/wp-content\/uploads\/2022\/08\/header-sitesbuilding.jpg","datePublished":"2022-07-13T19:53:00+00:00","dateModified":"2025-02-05T18:12:06+00:00","description":"Across our service area, we offer a wide range of available sites and buildings for site selectors to choose from. See what's available today.","breadcrumb":{"@id":"https:\/\/www.hoosierenergy.com\/economic-development\/site-selection-buildings\/#breadcrumb"},"inLanguage":"fr-FR","potentialAction":[{"@type":"ReadAction","target":["https:\/\/www.hoosierenergy.com\/economic-development\/site-selection-buildings\/"]}]},{"@type":"ImageObject","inLanguage":"fr-FR","@id":"https:\/\/www.hoosierenergy.com\/economic-development\/site-selection-buildings\/#primaryimage","url":"https:\/\/www.hoosierenergy.com\/wp-content\/uploads\/2022\/08\/header-sitesbuilding.jpg","contentUrl":"https:\/\/www.hoosierenergy.com\/wp-content\/uploads\/2022\/08\/header-sitesbuilding.jpg","width":1920,"height":561},{"@type":"BreadcrumbList","@id":"https:\/\/www.hoosierenergy.com\/economic-development\/site-selection-buildings\/#breadcrumb","itemListElement":[{"@type":"ListItem","position":1,"name":"Home","item":"https:\/\/www.hoosierenergy.com\/"},{"@type":"ListItem","position":2,"name":"Economic Development","item":"https:\/\/www.hoosierenergy.com\/economic-development\/"},{"@type":"ListItem","position":3,"name":"Site Selection &#038; Buildings"}]},{"@type":"WebSite","@id":"https:\/\/www.hoosierenergy.com\/#website","url":"https:\/\/www.hoosierenergy.com\/","name":"\u00c9nergie Hoosier","description":"Alimenter la communaut\u00e9","alternateName":"Hoosier Energy Rural Electric Cooperative, Inc.","potentialAction":[{"@type":"SearchAction","target":{"@type":"EntryPoint","urlTemplate":"https:\/\/www.hoosierenergy.com\/?s={search_term_string}"},"query-input":{"@type":"PropertyValueSpecification","valueRequired":true,"valueName":"search_term_string"}}],"inLanguage":"fr-FR"}]}},"_links":{"self":[{"href":"https:\/\/www.hoosierenergy.com\/fr\/wp-json\/wp\/v2\/pages\/112","targetHints":{"allow":["GET"]}}],"collection":[{"href":"https:\/\/www.hoosierenergy.com\/fr\/wp-json\/wp\/v2\/pages"}],"about":[{"href":"https:\/\/www.hoosierenergy.com\/fr\/wp-json\/wp\/v2\/types\/page"}],"author":[{"embeddable":true,"href":"https:\/\/www.hoosierenergy.com\/fr\/wp-json\/wp\/v2\/users\/1"}],"replies":[{"embeddable":true,"href":"https:\/\/www.hoosierenergy.com\/fr\/wp-json\/wp\/v2\/comments?post=112"}],"version-history":[{"count":0,"href":"https:\/\/www.hoosierenergy.com\/fr\/wp-json\/wp\/v2\/pages\/112\/revisions"}],"up":[{"embeddable":true,"href":"https:\/\/www.hoosierenergy.com\/fr\/wp-json\/wp\/v2\/pages\/26"}],"wp:featuredmedia":[{"embeddable":true,"href":"https:\/\/www.hoosierenergy.com\/fr\/wp-json\/wp\/v2\/media\/6823"}],"wp:attachment":[{"href":"https:\/\/www.hoosierenergy.com\/fr\/wp-json\/wp\/v2\/media?parent=112"}],"curies":[{"name":"wp","href":"https:\/\/api.w.org\/{rel}","templated":true}]}}