{"id":7147,"date":"2022-09-17T01:56:08","date_gmt":"2022-09-17T01:56:08","guid":{"rendered":"https:\/\/hoosierenerstg.wpengine.com\/?page_id=7147"},"modified":"2023-01-05T03:46:29","modified_gmt":"2023-01-05T03:46:29","slug":"my-solar-southeastern-indiana-remc-contact","status":"publish","type":"page","link":"https:\/\/www.hoosierenergy.com\/es\/my-solar-southeastern-indiana-remc-contact\/","title":{"rendered":"My Solar \u2013 Sudeste de Indiana REMC Contacto"},"content":{"rendered":"<div class=\"wpb-content-wrapper\"><div class=\"vc_row wpb_row vc_row-fluid vc_custom_1663345840485 vc_row-has-fill\"><div class=\"wpb_column vc_column_container vc_col-sm-12 vc_col-md-offset-2 vc_col-md-8\"><div class=\"vc_column-inner\"><div class=\"wpb_wrapper\"><h2 style=\"text-align: center\" class=\"vc_custom_heading vc_do_custom_heading\" >Cont\u00e1ctenos<\/h2><div class=\"vc_row wpb_row vc_inner vc_row-fluid\"><div class=\"wpb_column vc_column_container vc_col-sm-12\"><div class=\"vc_column-inner\"><div class=\"wpb_wrapper\">\n\t<div class=\"wpb_text_column wpb_content_element\" >\n\t\t<div class=\"wpb_wrapper\">\n\t\t\t<p>Para inscribirse o solicitar m\u00e1s informaci\u00f3n sobre el programa My Solar de Southeastern Indiana REMC, complete el formulario a continuaci\u00f3n.<\/p>\n\n\t\t<\/div>\n\t<\/div>\n<\/div><\/div><\/div><\/div><div class=\"ult-spacer spacer-69d0284f86155\" data-id=\"69d0284f86155\" data-height=\"15\" data-height-mobile=\"5\" data-height-tab=\"10\" data-height-tab-portrait=\"10\" data-height-mobile-landscape=\"5\" style=\"clear:both;display:block;\"><\/div>\n<div class=\"wpcf7 no-js\" id=\"wpcf7-f7119-o1\" lang=\"en-US\" dir=\"ltr\" data-wpcf7-id=\"7119\">\n<div class=\"screen-reader-response\"><p role=\"status\" aria-live=\"polite\" aria-atomic=\"true\"><\/p> <ul><\/ul><\/div>\n<form action=\"\/wp-json\/wp\/v2\/pages\/7147\" method=\"post\" class=\"wpcf7-form init\" aria-label=\"Formulario de contacto\" novalidate=\"novalidate\" data-status=\"init\" data-trp-original-action=\"\/es\/wp-json\/wp\/v2\/pages\/7147#wpcf7-f7119-o1\">\n<fieldset class=\"hidden-fields-container\"><input type=\"hidden\" name=\"_wpcf7\" value=\"7119\" \/><input type=\"hidden\" name=\"_wpcf7_version\" value=\"6.1\" \/><input type=\"hidden\" name=\"_wpcf7_locale\" value=\"en_US\" \/><input type=\"hidden\" name=\"_wpcf7_unit_tag\" value=\"wpcf7-f7119-o1\" \/><input type=\"hidden\" name=\"_wpcf7_container_post\" value=\"0\" \/><input type=\"hidden\" name=\"_wpcf7_posted_data_hash\" value=\"\" \/><input type=\"hidden\" name=\"_wpcf7_recaptcha_response\" value=\"\" \/>\n<\/fieldset>\n<div class=\"wpcf7-response-output\" aria-hidden=\"true\"><\/div>\n<div class=\"row\">\n\t<div class=\"vc_col-xs-12\">\n\t\t<div class=\"field-group\">\n\t\t\t<p><label><span class=\"wpcf7-form-control-wrap\" data-name=\"your-account\"><input size=\"40\" maxlength=\"400\" class=\"wpcf7-form-control wpcf7-text wpcf7-validates-as-required\" aria-required=\"true\" aria-invalid=\"false\" placeholder=\"Cuenta #*\" value=\"\" type=\"text\" name=\"your-account\" \/><\/span><\/label>\n\t\t\t<\/p>\n\t\t\t<p>Su n\u00famero de cuenta se puede encontrar en su factura mensual.\n\t\t\t<\/p>\n\t\t<\/div>\n\t<\/div>\n<\/div>\n<div class=\"row\">\n\t<div class=\"vc_col-xs-12 vc_col-sm-6\">\n\t\t<div class=\"field-group\">\n\t\t\t<p><label><span class=\"wpcf7-form-control-wrap\" data-name=\"your-first-name\"><input size=\"40\" maxlength=\"400\" class=\"wpcf7-form-control wpcf7-text wpcf7-validates-as-required\" aria-required=\"true\" aria-invalid=\"false\" placeholder=\"Primero*\" value=\"\" type=\"text\" name=\"your-first-name\" \/><\/span><\/label>\n\t\t\t<\/p>\n\t\t<\/div>\n\t<\/div>\n\t<div class=\"vc_col-xs-12 vc_col-sm-6\">\n\t\t<div class=\"field-group\">\n\t\t\t<p><label><span class=\"wpcf7-form-control-wrap\" data-name=\"your-last-name\"><input size=\"40\" maxlength=\"400\" class=\"wpcf7-form-control wpcf7-text wpcf7-validates-as-required\" aria-required=\"true\" aria-invalid=\"false\" placeholder=\"Ultimo*\" value=\"\" type=\"text\" name=\"your-last-name\" \/><\/span><\/label>\n\t\t\t<\/p>\n\t\t<\/div>\n\t<\/div>\n<\/div>\n<div class=\"row\">\n\t<div class=\"vc_col-xs-12\">\n\t\t<div class=\"field-group\">\n\t\t\t<p><label><span class=\"wpcf7-form-control-wrap\" data-name=\"your-address\"><input size=\"40\" maxlength=\"400\" class=\"wpcf7-form-control wpcf7-text wpcf7-validates-as-required\" aria-required=\"true\" aria-invalid=\"false\" placeholder=\"Direcci\u00f3n*\" value=\"\" type=\"text\" name=\"your-address\" \/><\/span><\/label>\n\t\t\t<\/p>\n\t\t<\/div>\n\t<\/div>\n<\/div>\n<div class=\"row\">\n\t<div class=\"vc_col-xs-12\">\n\t\t<div class=\"field-group\">\n\t\t\t<p><label><span class=\"wpcf7-form-control-wrap\" data-name=\"your-city\"><input size=\"40\" maxlength=\"400\" class=\"wpcf7-form-control wpcf7-text wpcf7-validates-as-required\" aria-required=\"true\" aria-invalid=\"false\" placeholder=\"Ciudad*\" value=\"\" type=\"text\" name=\"your-city\" \/><\/span><\/label>\n\t\t\t<\/p>\n\t\t<\/div>\n\t<\/div>\n<\/div>\n<div class=\"row\">\n\t<div class=\"vc_col-xs-12\">\n\t\t<div class=\"field-group\">\n\t\t\t<p><label><span class=\"wpcf7-form-control-wrap\" data-name=\"your-state\"><input size=\"40\" maxlength=\"400\" class=\"wpcf7-form-control wpcf7-text wpcf7-validates-as-required\" aria-required=\"true\" aria-invalid=\"false\" placeholder=\"Expresar*\" value=\"\" type=\"text\" name=\"your-state\" \/><\/span><\/label>\n\t\t\t<\/p>\n\t\t<\/div>\n\t<\/div>\n<\/div>\n<div class=\"row\">\n\t<div class=\"vc_col-xs-12\">\n\t\t<div class=\"field-group\">\n\t\t\t<p><label><span class=\"wpcf7-form-control-wrap\" data-name=\"your-zipcode\"><input size=\"40\" maxlength=\"400\" class=\"wpcf7-form-control wpcf7-text wpcf7-validates-as-required\" aria-required=\"true\" aria-invalid=\"false\" placeholder=\"C\u00f3digo postal*\" value=\"\" type=\"text\" name=\"your-zipcode\" \/><\/span><\/label>\n\t\t\t<\/p>\n\t\t<\/div>\n\t<\/div>\n<\/div>\n<div class=\"row\">\n\t<div class=\"vc_col-xs-12\">\n\t\t<div class=\"field-group\">\n\t\t\t<p><label><span class=\"wpcf7-form-control-wrap\" data-name=\"your-phone\"><input size=\"40\" maxlength=\"400\" class=\"wpcf7-form-control wpcf7-tel wpcf7-validates-as-required wpcf7-text wpcf7-validates-as-tel\" aria-required=\"true\" aria-invalid=\"false\" placeholder=\"N\u00famero de tel\u00e9fono*\" value=\"\" type=\"tel\" name=\"your-phone\" \/><\/span><\/label>\n\t\t\t<\/p>\n\t\t<\/div>\n\t<\/div>\n<\/div>\n<div class=\"row\">\n\t<div class=\"vc_col-xs-12\">\n\t\t<div class=\"field-group\">\n\t\t\t<p><label><span class=\"wpcf7-form-control-wrap\" data-name=\"your-email\"><input size=\"40\" maxlength=\"400\" class=\"wpcf7-form-control wpcf7-email wpcf7-validates-as-required wpcf7-text wpcf7-validates-as-email\" aria-required=\"true\" aria-invalid=\"false\" placeholder=\"Correo electr\u00f3nico*\" value=\"\" type=\"email\" name=\"your-email\" \/><\/span><\/label>\n\t\t\t<\/p>\n\t\t<\/div>\n\t<\/div>\n<\/div>\n<div class=\"row\">\n\t<div class=\"vc_col-xs-12\">\n\t\t<div class=\"field-group\">\n\t\t\t<p><label><span class=\"wpcf7-form-control-wrap\" data-name=\"interested_in\"><select class=\"wpcf7-form-control wpcf7-select wpcf7-validates-as-required\" aria-required=\"true\" aria-invalid=\"false\" name=\"interested_in\"><option value=\"\">\u00bfQu\u00e9 opci\u00f3n te interesa? *<\/option><option value=\"Fixed monthly rate of $0.01 per kWh\">Tarifa fija mensual de $0.01 por kWh<\/option><option value=\"Upfront payment of $500 per panel (up to 12 panels)\">Pago por adelantado de $500 por panel (hasta 12 paneles)<\/option><option value=\"Undecided\">Indeciso<\/option><\/select><\/span><\/label>\n\t\t\t<\/p>\n\t\t<\/div>\n\t<\/div>\n<\/div>\n<div class=\"row\">\n\t<div class=\"vc_col-xs-12\">\n\t\t<div class=\"field-group\">\n\t\t\t<p><label><span class=\"wpcf7-form-control-wrap\" data-name=\"your-number\"><input size=\"40\" maxlength=\"400\" class=\"wpcf7-form-control wpcf7-text wpcf7-validates-as-required\" aria-required=\"true\" aria-invalid=\"false\" placeholder=\"N\u00famero de paneles (hasta 12)*\" value=\"\" type=\"text\" name=\"your-number\" \/><\/span><\/label>\n\t\t\t<\/p>\n\t\t<\/div>\n\t<\/div>\n<\/div>\n<div class=\"row\">\n\t<div class=\"vc_col-xs-12\">\n\t\t<div class=\"field-group\">\n\t\t\t<p><input class=\"wpcf7-form-control wpcf7-submit has-spinner formsubmit\" type=\"submit\" value=\"ENVIAR\" \/>\n\t\t\t<\/p>\n\t\t<\/div>\n\t<\/div>\n<\/div>\n<div class=\"wpcf7-response-output\" aria-hidden=\"true\"><\/div>\n<input type=\"hidden\" name=\"trp-form-language\" value=\"es\"\/><\/form>\n<\/div>\n<div class=\"ult-spacer spacer-69d0284f8b684\" data-id=\"69d0284f8b684\" data-height=\"35\" data-height-mobile=\"20\" data-height-tab=\"25\" data-height-tab-portrait=\"25\" data-height-mobile-landscape=\"20\" style=\"clear:both;display:block;\"><\/div><\/div><\/div><\/div><\/div>\n<\/div>","protected":false},"excerpt":{"rendered":"<p>Cont\u00e1ctenos Para inscribirse o solicitar m\u00e1s informaci\u00f3n sobre el programa My Solar de Southeastern Indiana REMC, complete el siguiente formulario. Su n\u00famero de cuenta se puede encontrar en su factura mensual. \u00bfQu\u00e9 opci\u00f3n te interesa? *Tarifa fija mensual de $0.01 por kWhPago inicial de $500 por panel (hasta 12 paneles)Indeciso<\/p>","protected":false},"author":1,"featured_media":0,"parent":0,"menu_order":1000,"comment_status":"closed","ping_status":"closed","template":"template-microsite.php","meta":{"_acf_changed":false,"footnotes":""},"class_list":["post-7147","page","type-page","status-publish","hentry","description-off"],"acf":[],"yoast_head":"<!-- This site is optimized with the Yoast SEO plugin v23.9 - https:\/\/yoast.com\/wordpress\/plugins\/seo\/ -->\r\n<title>Hoosier Energy | My Solar \u2013 Southeastern Indiana REMC - Contact<\/title>\r\n<meta name=\"description\" content=\"Southeastern Indiana REMC is excited to introduce you to My Solar, a cooperative solar program. Contact us today!\" \/>\r\n<meta name=\"robots\" content=\"noindex, nofollow\" \/>\r\n<meta property=\"og:locale\" content=\"es_ES\" \/>\r\n<meta property=\"og:type\" content=\"article\" \/>\r\n<meta property=\"og:title\" content=\"Hoosier Energy | My Solar \u2013 Southeastern Indiana REMC - Contact\" \/>\r\n<meta property=\"og:description\" content=\"Southeastern Indiana REMC is excited to introduce you to My Solar, a cooperative solar program. Contact us today!\" \/>\r\n<meta property=\"og:url\" content=\"https:\/\/www.hoosierenergy.com\/es\/my-solar-southeastern-indiana-remc-contact\/\" \/>\r\n<meta property=\"og:site_name\" content=\"Hoosier Energy\" \/>\r\n<meta property=\"article:publisher\" content=\"https:\/\/www.facebook.com\/HoosierEnergy\" \/>\r\n<meta property=\"article:modified_time\" content=\"2023-01-05T03:46:29+00:00\" \/>\r\n<meta name=\"twitter:card\" content=\"summary_large_image\" \/>\r\n<meta name=\"twitter:site\" content=\"@hoosierenergy\" \/>\r\n<meta name=\"twitter:label1\" content=\"Tiempo de lectura\" \/>\n\t<meta name=\"twitter:data1\" content=\"1 minuto\" \/>\r\n<script type=\"application\/ld+json\" class=\"yoast-schema-graph\">{\"@context\":\"https:\/\/schema.org\",\"@graph\":[{\"@type\":\"WebPage\",\"@id\":\"https:\/\/www.hoosierenergy.com\/my-solar-southeastern-indiana-remc-contact\/\",\"url\":\"https:\/\/www.hoosierenergy.com\/my-solar-southeastern-indiana-remc-contact\/\",\"name\":\"Hoosier Energy | My Solar \u2013 Southeastern Indiana REMC - Contact\",\"isPartOf\":{\"@id\":\"https:\/\/www.hoosierenergy.com\/#website\"},\"datePublished\":\"2022-09-17T01:56:08+00:00\",\"dateModified\":\"2023-01-05T03:46:29+00:00\",\"description\":\"Southeastern Indiana REMC is excited to introduce you to My Solar, a cooperative solar program. Contact us today!\",\"breadcrumb\":{\"@id\":\"https:\/\/www.hoosierenergy.com\/my-solar-southeastern-indiana-remc-contact\/#breadcrumb\"},\"inLanguage\":\"es\",\"potentialAction\":[{\"@type\":\"ReadAction\",\"target\":[\"https:\/\/www.hoosierenergy.com\/my-solar-southeastern-indiana-remc-contact\/\"]}]},{\"@type\":\"BreadcrumbList\",\"@id\":\"https:\/\/www.hoosierenergy.com\/my-solar-southeastern-indiana-remc-contact\/#breadcrumb\",\"itemListElement\":[{\"@type\":\"ListItem\",\"position\":1,\"name\":\"Home\",\"item\":\"https:\/\/www.hoosierenergy.com\/\"},{\"@type\":\"ListItem\",\"position\":2,\"name\":\"My Solar \u2013 Southeastern Indiana REMC Contact\"}]},{\"@type\":\"WebSite\",\"@id\":\"https:\/\/www.hoosierenergy.com\/#website\",\"url\":\"https:\/\/www.hoosierenergy.com\/\",\"name\":\"Hoosier Energy\",\"description\":\"Powering Community\",\"publisher\":{\"@id\":\"https:\/\/www.hoosierenergy.com\/#organization\"},\"alternateName\":\"Hoosier Energy Rural Electric Cooperative, Inc.\",\"potentialAction\":[{\"@type\":\"SearchAction\",\"target\":{\"@type\":\"EntryPoint\",\"urlTemplate\":\"https:\/\/www.hoosierenergy.com\/?s={search_term_string}\"},\"query-input\":{\"@type\":\"PropertyValueSpecification\",\"valueRequired\":true,\"valueName\":\"search_term_string\"}}],\"inLanguage\":\"es\"},{\"@type\":\"Organization\",\"@id\":\"https:\/\/www.hoosierenergy.com\/#organization\",\"name\":\"Hoosier Energy Rural Electric Cooperative, Inc.\",\"alternateName\":\"Hoosier Energy\",\"url\":\"https:\/\/www.hoosierenergy.com\/\",\"logo\":{\"@type\":\"ImageObject\",\"inLanguage\":\"es\",\"@id\":\"https:\/\/www.hoosierenergy.com\/#\/schema\/logo\/image\/\",\"url\":\"https:\/\/hoosierenergy.com\/wp-content\/uploads\/2022\/05\/HoosierEnergy-logo.svg\",\"contentUrl\":\"https:\/\/hoosierenergy.com\/wp-content\/uploads\/2022\/05\/HoosierEnergy-logo.svg\",\"width\":309,\"height\":41,\"caption\":\"Hoosier Energy Rural Electric Cooperative, Inc.\"},\"image\":{\"@id\":\"https:\/\/www.hoosierenergy.com\/#\/schema\/logo\/image\/\"},\"sameAs\":[\"https:\/\/www.facebook.com\/HoosierEnergy\",\"https:\/\/x.com\/hoosierenergy\",\"https:\/\/www.linkedin.com\/company\/hoosier-energy\/\",\"https:\/\/www.youtube.com\/user\/MyHoosierEnergy\"]}]}<\/script>\r\n<!-- \/ Yoast SEO plugin. -->","yoast_head_json":{"title":"Hoosier Energy | My Solar \u2013 Southeastern Indiana REMC - Contact","description":"Southeastern Indiana REMC is excited to introduce you to My Solar, a cooperative solar program. Contact us today!","robots":{"index":"noindex","follow":"nofollow"},"og_locale":"es_ES","og_type":"article","og_title":"Hoosier Energy | My Solar \u2013 Southeastern Indiana REMC - Contact","og_description":"Southeastern Indiana REMC is excited to introduce you to My Solar, a cooperative solar program. Contact us today!","og_url":"https:\/\/www.hoosierenergy.com\/es\/my-solar-southeastern-indiana-remc-contact\/","og_site_name":"Hoosier Energy","article_publisher":"https:\/\/www.facebook.com\/HoosierEnergy","article_modified_time":"2023-01-05T03:46:29+00:00","twitter_card":"summary_large_image","twitter_site":"@hoosierenergy","twitter_misc":{"Tiempo de lectura":"1 minuto"},"schema":{"@context":"https:\/\/schema.org","@graph":[{"@type":"WebPage","@id":"https:\/\/www.hoosierenergy.com\/my-solar-southeastern-indiana-remc-contact\/","url":"https:\/\/www.hoosierenergy.com\/my-solar-southeastern-indiana-remc-contact\/","name":"Hoosier Energy | My Solar \u2013 Southeastern Indiana REMC - Contact","isPartOf":{"@id":"https:\/\/www.hoosierenergy.com\/#website"},"datePublished":"2022-09-17T01:56:08+00:00","dateModified":"2023-01-05T03:46:29+00:00","description":"Southeastern Indiana REMC is excited to introduce you to My Solar, a cooperative solar program. Contact us today!","breadcrumb":{"@id":"https:\/\/www.hoosierenergy.com\/my-solar-southeastern-indiana-remc-contact\/#breadcrumb"},"inLanguage":"es","potentialAction":[{"@type":"ReadAction","target":["https:\/\/www.hoosierenergy.com\/my-solar-southeastern-indiana-remc-contact\/"]}]},{"@type":"BreadcrumbList","@id":"https:\/\/www.hoosierenergy.com\/my-solar-southeastern-indiana-remc-contact\/#breadcrumb","itemListElement":[{"@type":"ListItem","position":1,"name":"Home","item":"https:\/\/www.hoosierenergy.com\/"},{"@type":"ListItem","position":2,"name":"My Solar \u2013 Southeastern Indiana REMC Contact"}]},{"@type":"WebSite","@id":"https:\/\/www.hoosierenergy.com\/#website","url":"https:\/\/www.hoosierenergy.com\/","name":"Hoosier Energy","description":"Powering Community","publisher":{"@id":"https:\/\/www.hoosierenergy.com\/#organization"},"alternateName":"Hoosier Energy Rural Electric Cooperative, Inc.","potentialAction":[{"@type":"SearchAction","target":{"@type":"EntryPoint","urlTemplate":"https:\/\/www.hoosierenergy.com\/?s={search_term_string}"},"query-input":{"@type":"PropertyValueSpecification","valueRequired":true,"valueName":"search_term_string"}}],"inLanguage":"es"},{"@type":"Organization","@id":"https:\/\/www.hoosierenergy.com\/#organization","name":"Hoosier Energy Rural Electric Cooperative, Inc.","alternateName":"Hoosier Energy","url":"https:\/\/www.hoosierenergy.com\/","logo":{"@type":"ImageObject","inLanguage":"es","@id":"https:\/\/www.hoosierenergy.com\/#\/schema\/logo\/image\/","url":"https:\/\/hoosierenergy.com\/wp-content\/uploads\/2022\/05\/HoosierEnergy-logo.svg","contentUrl":"https:\/\/hoosierenergy.com\/wp-content\/uploads\/2022\/05\/HoosierEnergy-logo.svg","width":309,"height":41,"caption":"Hoosier Energy Rural Electric Cooperative, Inc."},"image":{"@id":"https:\/\/www.hoosierenergy.com\/#\/schema\/logo\/image\/"},"sameAs":["https:\/\/www.facebook.com\/HoosierEnergy","https:\/\/x.com\/hoosierenergy","https:\/\/www.linkedin.com\/company\/hoosier-energy\/","https:\/\/www.youtube.com\/user\/MyHoosierEnergy"]}]}},"_links":{"self":[{"href":"https:\/\/www.hoosierenergy.com\/es\/wp-json\/wp\/v2\/pages\/7147","targetHints":{"allow":["GET"]}}],"collection":[{"href":"https:\/\/www.hoosierenergy.com\/es\/wp-json\/wp\/v2\/pages"}],"about":[{"href":"https:\/\/www.hoosierenergy.com\/es\/wp-json\/wp\/v2\/types\/page"}],"author":[{"embeddable":true,"href":"https:\/\/www.hoosierenergy.com\/es\/wp-json\/wp\/v2\/users\/1"}],"replies":[{"embeddable":true,"href":"https:\/\/www.hoosierenergy.com\/es\/wp-json\/wp\/v2\/comments?post=7147"}],"version-history":[{"count":0,"href":"https:\/\/www.hoosierenergy.com\/es\/wp-json\/wp\/v2\/pages\/7147\/revisions"}],"wp:attachment":[{"href":"https:\/\/www.hoosierenergy.com\/es\/wp-json\/wp\/v2\/media?parent=7147"}],"curies":[{"name":"wp","href":"https:\/\/api.w.org\/{rel}","templated":true}]}}