{"id":7006,"date":"2022-09-02T21:02:53","date_gmt":"2022-09-02T21:02:53","guid":{"rendered":"https:\/\/hoosierenerstg.wpengine.com\/?page_id=7006"},"modified":"2026-04-14T07:01:50","modified_gmt":"2026-04-14T12:01:50","slug":"co-op-careers","status":"publish","type":"page","link":"https:\/\/www.hoosierenergy.com\/es\/careers\/co-op-careers\/","title":{"rendered":"Carreras cooperativas"},"content":{"rendered":"<div class=\"wpb-content-wrapper\"><div class=\"vc_row wpb_row vc_row-fluid negativetopmargin vc_custom_1654014318664 vc_row-has-fill\"><div class=\"wpb_column vc_column_container vc_col-sm-12 vc_col-md-offset-2 vc_col-md-8\"><div class=\"vc_column-inner\"><div class=\"wpb_wrapper\"><div class=\"ult-spacer spacer-69e723afcc2e4\" data-id=\"69e723afcc2e4\" data-height=\"50\" data-height-mobile=\"20\" data-height-tab=\"30\" data-height-tab-portrait=\"30\" data-height-mobile-landscape=\"20\" style=\"clear:both;display:block;\"><\/div><h2 style=\"text-align: center\" class=\"vc_custom_heading vc_do_custom_heading\" >Construye una carrera en una de nuestras 17 cooperativas miembros<\/h2>\n\t<div class=\"wpb_text_column wpb_content_element\" >\n\t\t<div class=\"wpb_wrapper\">\n\t\t\t<p>Como cooperativa, Hoosier Energy se compromete a apoyar a nuestras cooperativas miembros. Esta p\u00e1gina sirve como un centro para quienes buscan trabajo y buscan oportunidades para servir a nuestras cooperativas miembros en el centro y sur de Indiana y el sureste de Illinois.<\/p>\n<p>Cada una de nuestras cooperativas miembro opera y mantiene 34,000 millas de l\u00edneas de distribuci\u00f3n y brinda servicio el\u00e9ctrico a m\u00e1s de 285,000 hogares, granjas y empresas. Nuestros sistemas miembros y Hoosier Energy se adhieren a los mismos principios cooperativos, al mismo tiempo que valoran el crecimiento y el bienestar de los empleados.<\/p>\n<p>\u00bfQuiere marcar una diferencia positiva y mejorar la vida de las personas en su comunidad? Explore los puestos vacantes en nuestras cooperativas miembros.<\/p>\n\n\t\t<\/div>\n\t<\/div>\n<div class=\"ult-spacer spacer-69e723afccbe9\" data-id=\"69e723afccbe9\" data-height=\"50\" data-height-mobile=\"25\" data-height-tab=\"35\" data-height-tab-portrait=\"35\" data-height-mobile-landscape=\"25\" style=\"clear:both;display:block;\"><\/div><\/div><\/div><\/div><\/div><div class=\"vc_row wpb_row vc_row-fluid\"><div class=\"wpb_column vc_column_container vc_col-sm-12\"><div class=\"vc_column-inner\"><div class=\"wpb_wrapper\"><h3 style=\"text-align: center\" class=\"vc_custom_heading vc_do_custom_heading\" >Oportunidades profesionales actuales en nuestras cooperativas miembros<\/h3><div id=\"members\" class=\"vc_row wpb_row vc_inner vc_row-fluid\"><div class=\"wpb_column vc_column_container vc_col-sm-3 vc_hidden-sm vc_hidden-xs\"><div class=\"vc_column-inner\"><div class=\"wpb_wrapper\"><\/div><\/div><\/div><div class=\"wpb_column vc_column_container vc_col-sm-6\"><div class=\"vc_column-inner\"><div class=\"wpb_wrapper\">\n\t<div class=\"wpb_text_column wpb_content_element\" >\n\t\t<div class=\"wpb_wrapper\">\n\t\t\t<ul>\n<li style=\"list-style-type: none;\">\n<ul>\n<li style=\"list-style-type: none;\">\n<ul>\n<li style=\"list-style-type: none;\">\n<ul>\n<li style=\"list-style-type: none;\">\n<ul>\n<li><a href=\"\/wp-content\/uploads\/2023\/01\/Southeastern-Indiana-REMC-Marketing-Communications-Assistant-Job-Posting.pdf\" target=\"_blank\" rel=\"noopener\">REMC del sureste de Indiana - Asistente de marketing y comunicaciones<\/a><\/li>\n<li><a href=\"https:\/\/www.hoosierenergy.com\/wp-content\/uploads\/2023\/06\/Bartholomew-County-REMC-Field-Engineer-II-Job-Posting.pdf\" target=\"_blank\" rel=\"noopener\">REMC del condado de Bartholomew - Ingeniero de campo II<\/a><\/li>\n<li><a href=\"https:\/\/rsecoop.bamboohr.com\/careers\/24\" target=\"_blank\" rel=\"noopener\">RushShelby Energy \u2013 Liniero oficial<\/a><\/li>\n<li><a href=\"https:\/\/www.hoosierenergy.com\/wp-content\/uploads\/2025\/06\/South-Central-Indiana-REMC-Journeyman-Lineworker-Job-Posting.pdf\" target=\"_blank\" rel=\"noopener\">REMC del centro sur de Indiana \u2013 Oficial de l\u00ednea<\/a><\/li>\n<li><a href=\"https:\/\/www.hoosierenergy.com\/wp-content\/uploads\/2025\/06\/South-Central-Indiana-REMC-System-Engineer-Electric-Distribution-Job-Posting.pdf\" target=\"_blank\" rel=\"noopener\">REMC del centro sur de Indiana \u2013 Ingeniero de sistemas \u2013 Distribuci\u00f3n el\u00e9ctrica<\/a><\/li>\n<li><a href=\"https:\/\/winenergyremc.exacthire.com\/job\/187522\" target=\"_blank\" rel=\"noopener\">WIN Energy REMC \u2013 Director de Ingenier\u00eda<\/a><\/li>\n<li><a href=\"https:\/\/www.hoosierenergy.com\/wp-content\/uploads\/2025\/11\/South-Central-Indiana-REMC-Senior-HR-Business-Partner-Job-Posting.pdf\" target=\"_blank\" rel=\"noopener\">REMC del centro-sur de Indiana \u2013 Socio comercial s\u00e9nior de RR. HH.<\/a><\/li>\n<li><a href=\"https:\/\/www.hoosierenergy.com\/wp-content\/uploads\/2025\/11\/South-Central-Indiana-REMC-System-Operator-or-Trainee-Job-Posting.pdf\" target=\"_blank\" rel=\"noopener\">REMC del centro-sur de Indiana \u2013 Operador de sistema o aprendiz<\/a><\/li>\n<li><a href=\"https:\/\/udwi.bamboohr.com\/careers\/33?source=aWQ9MjQ%3D\" target=\"_blank\" rel=\"noopener\">Ingeniero de planificaci\u00f3n de distribuci\u00f3n del Distrito de Servicios P\u00fablicos del Oeste de Indiana REMC<\/a><\/li>\n<li><a href=\"https:\/\/clarkremc.exacthire.com\/job\/196141\" target=\"_blank\" rel=\"noopener\">REMC del condado de Clark: ingeniero de replanteo<\/a><\/li>\n<\/ul>\n<\/li>\n<\/ul>\n<\/li>\n<\/ul>\n<\/li>\n<\/ul>\n<\/li>\n<\/ul>\n\n\t\t<\/div>\n\t<\/div>\n<\/div><\/div><\/div><div class=\"wpb_column vc_column_container vc_col-sm-3 vc_hidden-sm vc_hidden-xs\"><div class=\"vc_column-inner\"><div class=\"wpb_wrapper\"><\/div><\/div><\/div><\/div><div class=\"ult-spacer spacer-69e723afce9dd\" data-id=\"69e723afce9dd\" data-height=\"150\" data-height-mobile=\"50\" data-height-tab=\"75\" data-height-tab-portrait=\"75\" data-height-mobile-landscape=\"50\" style=\"clear:both;display:block;\"><\/div><\/div><\/div><\/div><\/div>\n<\/div>","protected":false},"excerpt":{"rendered":"<p>Desarrolla tu carrera en una de nuestras 17 cooperativas miembro. Como cooperativa, Hoosier Energy se compromete a apoyar a sus cooperativas miembro. Esta p\u00e1gina sirve como punto de encuentro para quienes buscan empleo y buscan oportunidades para servir a nuestras cooperativas miembro en el centro y sur de Indiana y el sureste de Illinois. Cada una de nuestras cooperativas miembro opera y\u2026<\/p>","protected":false},"author":1,"featured_media":7218,"parent":7000,"menu_order":0,"comment_status":"closed","ping_status":"closed","template":"","meta":{"_acf_changed":false,"footnotes":""},"class_list":["post-7006","page","type-page","status-publish","has-post-thumbnail","hentry","description-off"],"acf":[],"yoast_head":"<!-- This site is optimized with the Yoast SEO plugin v27.4 - https:\/\/yoast.com\/product\/yoast-seo-wordpress\/ -->\r\n<title>Co-op Careers | Hoosier Energy | View Open Positions<\/title>\r\n<meta name=\"description\" content=\"As cooperatives, our members value their employees just as much as we do. View open positions at our member cooperatives today.\" \/>\r\n<meta name=\"robots\" content=\"index, follow, max-snippet:-1, max-image-preview:large, max-video-preview:-1\" \/>\r\n<link rel=\"canonical\" href=\"https:\/\/www.hoosierenergy.com\/es\/careers\/co-op-careers\/\" \/>\r\n<meta property=\"og:locale\" content=\"es_ES\" \/>\r\n<meta property=\"og:type\" content=\"article\" \/>\r\n<meta property=\"og:title\" content=\"Co-op Careers | Hoosier Energy | View Open Positions\" \/>\r\n<meta property=\"og:description\" content=\"As cooperatives, our members value their employees just as much as we do. View open positions at our member cooperatives today.\" \/>\r\n<meta property=\"og:url\" content=\"https:\/\/www.hoosierenergy.com\/es\/careers\/co-op-careers\/\" \/>\r\n<meta property=\"og:site_name\" content=\"Hoosier Energy\" \/>\r\n<meta property=\"article:publisher\" content=\"https:\/\/www.facebook.com\/HoosierEnergy\" \/>\r\n<meta property=\"article:modified_time\" content=\"2026-04-14T12:01:50+00:00\" \/>\r\n<meta property=\"og:image\" content=\"https:\/\/www.hoosierenergy.com\/wp-content\/uploads\/2022\/09\/CoOp-Careers-Header.jpg\" \/>\r\n\t<meta property=\"og:image:width\" content=\"1920\" \/>\r\n\t<meta property=\"og:image:height\" content=\"400\" \/>\r\n\t<meta property=\"og:image:type\" content=\"image\/jpeg\" \/>\r\n<meta name=\"twitter:card\" content=\"summary_large_image\" \/>\r\n<meta name=\"twitter:site\" content=\"@hoosierenergy\" \/>\r\n<meta name=\"twitter:label1\" content=\"Tiempo de lectura\" \/>\n\t<meta name=\"twitter:data1\" content=\"2 minutos\" \/>\r\n<script type=\"application\/ld+json\" class=\"yoast-schema-graph\">{\"@context\":\"https:\\\/\\\/schema.org\",\"@graph\":[{\"@type\":\"WebPage\",\"@id\":\"https:\\\/\\\/www.hoosierenergy.com\\\/careers\\\/co-op-careers\\\/\",\"url\":\"https:\\\/\\\/www.hoosierenergy.com\\\/careers\\\/co-op-careers\\\/\",\"name\":\"Co-op Careers | Hoosier Energy | View Open Positions\",\"isPartOf\":{\"@id\":\"https:\\\/\\\/www.hoosierenergy.com\\\/#website\"},\"primaryImageOfPage\":{\"@id\":\"https:\\\/\\\/www.hoosierenergy.com\\\/careers\\\/co-op-careers\\\/#primaryimage\"},\"image\":{\"@id\":\"https:\\\/\\\/www.hoosierenergy.com\\\/careers\\\/co-op-careers\\\/#primaryimage\"},\"thumbnailUrl\":\"https:\\\/\\\/www.hoosierenergy.com\\\/wp-content\\\/uploads\\\/2022\\\/09\\\/CoOp-Careers-Header.jpg\",\"datePublished\":\"2022-09-02T21:02:53+00:00\",\"dateModified\":\"2026-04-14T12:01:50+00:00\",\"description\":\"As cooperatives, our members value their employees just as much as we do. View open positions at our member cooperatives today.\",\"breadcrumb\":{\"@id\":\"https:\\\/\\\/www.hoosierenergy.com\\\/careers\\\/co-op-careers\\\/#breadcrumb\"},\"inLanguage\":\"es\",\"potentialAction\":[{\"@type\":\"ReadAction\",\"target\":[\"https:\\\/\\\/www.hoosierenergy.com\\\/careers\\\/co-op-careers\\\/\"]}]},{\"@type\":\"ImageObject\",\"inLanguage\":\"es\",\"@id\":\"https:\\\/\\\/www.hoosierenergy.com\\\/careers\\\/co-op-careers\\\/#primaryimage\",\"url\":\"https:\\\/\\\/www.hoosierenergy.com\\\/wp-content\\\/uploads\\\/2022\\\/09\\\/CoOp-Careers-Header.jpg\",\"contentUrl\":\"https:\\\/\\\/www.hoosierenergy.com\\\/wp-content\\\/uploads\\\/2022\\\/09\\\/CoOp-Careers-Header.jpg\",\"width\":1920,\"height\":400},{\"@type\":\"BreadcrumbList\",\"@id\":\"https:\\\/\\\/www.hoosierenergy.com\\\/careers\\\/co-op-careers\\\/#breadcrumb\",\"itemListElement\":[{\"@type\":\"ListItem\",\"position\":1,\"name\":\"Home\",\"item\":\"https:\\\/\\\/www.hoosierenergy.com\\\/\"},{\"@type\":\"ListItem\",\"position\":2,\"name\":\"Careers\",\"item\":\"https:\\\/\\\/www.hoosierenergy.com\\\/careers\\\/\"},{\"@type\":\"ListItem\",\"position\":3,\"name\":\"Co-op Careers\"}]},{\"@type\":\"WebSite\",\"@id\":\"https:\\\/\\\/www.hoosierenergy.com\\\/#website\",\"url\":\"https:\\\/\\\/www.hoosierenergy.com\\\/\",\"name\":\"Hoosier Energy\",\"description\":\"Powering Community\",\"alternateName\":\"Hoosier Energy Rural Electric Cooperative, Inc.\",\"potentialAction\":[{\"@type\":\"SearchAction\",\"target\":{\"@type\":\"EntryPoint\",\"urlTemplate\":\"https:\\\/\\\/www.hoosierenergy.com\\\/?s={search_term_string}\"},\"query-input\":{\"@type\":\"PropertyValueSpecification\",\"valueRequired\":true,\"valueName\":\"search_term_string\"}}],\"inLanguage\":\"es\"}]}<\/script>\r\n<!-- \/ Yoast SEO plugin. -->","yoast_head_json":{"title":"Co-op Careers | Hoosier Energy | View Open Positions","description":"As cooperatives, our members value their employees just as much as we do. View open positions at our member cooperatives today.","robots":{"index":"index","follow":"follow","max-snippet":"max-snippet:-1","max-image-preview":"max-image-preview:large","max-video-preview":"max-video-preview:-1"},"canonical":"https:\/\/www.hoosierenergy.com\/es\/careers\/co-op-careers\/","og_locale":"es_ES","og_type":"article","og_title":"Co-op Careers | Hoosier Energy | View Open Positions","og_description":"As cooperatives, our members value their employees just as much as we do. View open positions at our member cooperatives today.","og_url":"https:\/\/www.hoosierenergy.com\/es\/careers\/co-op-careers\/","og_site_name":"Hoosier Energy","article_publisher":"https:\/\/www.facebook.com\/HoosierEnergy","article_modified_time":"2026-04-14T12:01:50+00:00","og_image":[{"width":1920,"height":400,"url":"https:\/\/www.hoosierenergy.com\/wp-content\/uploads\/2022\/09\/CoOp-Careers-Header.jpg","type":"image\/jpeg"}],"twitter_card":"summary_large_image","twitter_site":"@hoosierenergy","twitter_misc":{"Tiempo de lectura":"2 minutos"},"schema":{"@context":"https:\/\/schema.org","@graph":[{"@type":"WebPage","@id":"https:\/\/www.hoosierenergy.com\/careers\/co-op-careers\/","url":"https:\/\/www.hoosierenergy.com\/careers\/co-op-careers\/","name":"Co-op Careers | Hoosier Energy | View Open Positions","isPartOf":{"@id":"https:\/\/www.hoosierenergy.com\/#website"},"primaryImageOfPage":{"@id":"https:\/\/www.hoosierenergy.com\/careers\/co-op-careers\/#primaryimage"},"image":{"@id":"https:\/\/www.hoosierenergy.com\/careers\/co-op-careers\/#primaryimage"},"thumbnailUrl":"https:\/\/www.hoosierenergy.com\/wp-content\/uploads\/2022\/09\/CoOp-Careers-Header.jpg","datePublished":"2022-09-02T21:02:53+00:00","dateModified":"2026-04-14T12:01:50+00:00","description":"As cooperatives, our members value their employees just as much as we do. View open positions at our member cooperatives today.","breadcrumb":{"@id":"https:\/\/www.hoosierenergy.com\/careers\/co-op-careers\/#breadcrumb"},"inLanguage":"es","potentialAction":[{"@type":"ReadAction","target":["https:\/\/www.hoosierenergy.com\/careers\/co-op-careers\/"]}]},{"@type":"ImageObject","inLanguage":"es","@id":"https:\/\/www.hoosierenergy.com\/careers\/co-op-careers\/#primaryimage","url":"https:\/\/www.hoosierenergy.com\/wp-content\/uploads\/2022\/09\/CoOp-Careers-Header.jpg","contentUrl":"https:\/\/www.hoosierenergy.com\/wp-content\/uploads\/2022\/09\/CoOp-Careers-Header.jpg","width":1920,"height":400},{"@type":"BreadcrumbList","@id":"https:\/\/www.hoosierenergy.com\/careers\/co-op-careers\/#breadcrumb","itemListElement":[{"@type":"ListItem","position":1,"name":"Home","item":"https:\/\/www.hoosierenergy.com\/"},{"@type":"ListItem","position":2,"name":"Careers","item":"https:\/\/www.hoosierenergy.com\/careers\/"},{"@type":"ListItem","position":3,"name":"Co-op Careers"}]},{"@type":"WebSite","@id":"https:\/\/www.hoosierenergy.com\/#website","url":"https:\/\/www.hoosierenergy.com\/","name":"Energ\u00eda de Hoosier","description":"Comunidad de energ\u00eda","alternateName":"Hoosier Energy Rural Electric Cooperative, Inc.","potentialAction":[{"@type":"SearchAction","target":{"@type":"EntryPoint","urlTemplate":"https:\/\/www.hoosierenergy.com\/?s={search_term_string}"},"query-input":{"@type":"PropertyValueSpecification","valueRequired":true,"valueName":"search_term_string"}}],"inLanguage":"es"}]}},"_links":{"self":[{"href":"https:\/\/www.hoosierenergy.com\/es\/wp-json\/wp\/v2\/pages\/7006","targetHints":{"allow":["GET"]}}],"collection":[{"href":"https:\/\/www.hoosierenergy.com\/es\/wp-json\/wp\/v2\/pages"}],"about":[{"href":"https:\/\/www.hoosierenergy.com\/es\/wp-json\/wp\/v2\/types\/page"}],"author":[{"embeddable":true,"href":"https:\/\/www.hoosierenergy.com\/es\/wp-json\/wp\/v2\/users\/1"}],"replies":[{"embeddable":true,"href":"https:\/\/www.hoosierenergy.com\/es\/wp-json\/wp\/v2\/comments?post=7006"}],"version-history":[{"count":0,"href":"https:\/\/www.hoosierenergy.com\/es\/wp-json\/wp\/v2\/pages\/7006\/revisions"}],"up":[{"embeddable":true,"href":"https:\/\/www.hoosierenergy.com\/es\/wp-json\/wp\/v2\/pages\/7000"}],"wp:featuredmedia":[{"embeddable":true,"href":"https:\/\/www.hoosierenergy.com\/es\/wp-json\/wp\/v2\/media\/7218"}],"wp:attachment":[{"href":"https:\/\/www.hoosierenergy.com\/es\/wp-json\/wp\/v2\/media?parent=7006"}],"curies":[{"name":"wp","href":"https:\/\/api.w.org\/{rel}","templated":true}]}}