{"id":3,"date":"2022-05-12T14:06:16","date_gmt":"2022-05-12T14:06:16","guid":{"rendered":"https:\/\/hoosierenerstg.wpengine.com\/?page_id=3"},"modified":"2023-11-01T20:00:58","modified_gmt":"2023-11-02T01:00:58","slug":"privacy-policy","status":"publish","type":"page","link":"https:\/\/www.hoosierenergy.com\/es\/privacy-policy\/","title":{"rendered":"Pol\u00edtica de privacidad"},"content":{"rendered":"<div class=\"wpb-content-wrapper\"><div class=\"vc_row wpb_row vc_row-fluid\"><div class=\"wpb_column vc_column_container vc_col-sm-12\"><div class=\"vc_column-inner\"><div class=\"wpb_wrapper\">\n\t<div class=\"wpb_text_column wpb_content_element\" >\n\t\t<div class=\"wpb_wrapper\">\n\t\t\t<p><span class=\"s1\">Su privacidad es muy importante para nosotros. La informaci\u00f3n personal generalmente no se recopila cuando se visita el sitio web de Hoosier Energy. Nuestros servidores web y los sistemas asociados recopilan informaci\u00f3n general y est\u00e1ndar, como la direcci\u00f3n IP, el tipo de navegador, el tiempo de acceso, la cantidad de visitas y el volumen de tr\u00e1fico.<\/span><\/p>\n<p><span class=\"s1\">Hoosier Energy se reserva el derecho de usar cookies para guardar las preferencias del usuario y agregar datos sobre el tr\u00e1fico del sitio y\/o la interacci\u00f3n del sitio para mejorar la satisfacci\u00f3n del usuario con el sitio web. Ciertas secciones de nuestro sitio web pueden requerir un formulario de contacto. El formulario puede solicitar informaci\u00f3n como nombre, direcci\u00f3n de correo electr\u00f3nico, direcci\u00f3n postal, n\u00famero de tel\u00e9fono u otra informaci\u00f3n, seg\u00fan corresponda.<\/span><\/p>\n<p><span class=\"s1\">Ciertas secciones del sitio web pueden requerir una cuenta de usuario para acceder a servicios o informaci\u00f3n adicional. Es posible que se requiera informaci\u00f3n personal adicional para completar el proceso de creaci\u00f3n de la cuenta de usuario. El env\u00edo de un correo electr\u00f3nico de Hoosier Energy puede resultar en el env\u00edo de informaci\u00f3n personal, como nombre, n\u00fameros de tel\u00e9fono y\/o direcciones de correo electr\u00f3nico.<\/span><\/p>\n<p><span class=\"s1\">Hoosier Energy tomar\u00e1 medidas t\u00e9cnicas y de procedimiento razonables para evitar la p\u00e9rdida de cualquier informaci\u00f3n personal. Hoosier Energy puede compartir informaci\u00f3n con otras organizaciones afiliadas, como cooperativas de distribuci\u00f3n de miembros, servicios de empleo, servicios de marketing u otros contratistas externos. Hoosier Energy solo autorizar\u00e1 a terceros a usar informaci\u00f3n personal solo cuando sea necesario para proporcionar los servicios contratados a Hoosier Energy. Hoosier Energy no vender\u00e1, intercambiar\u00e1 ni transferir\u00e1 informaci\u00f3n personal.<\/span><\/p>\n\n\t\t<\/div>\n\t<\/div>\n<\/div><\/div><\/div><\/div>\n<\/div>","protected":false},"excerpt":{"rendered":"<p>Su privacidad es muy importante para nosotros. Por lo general, no se recopila informaci\u00f3n personal cuando se visita el sitio web de Hoosier Energy. Nuestros servidores web y sistemas asociados recopilan informaci\u00f3n general y est\u00e1ndar, como direcci\u00f3n IP, tipo de navegador, tiempo de acceso, n\u00famero de visitas y volumen de tr\u00e1fico. Hoosier Energy se reserva el derecho de utilizar cookies para guardar las preferencias del usuario...<\/p>","protected":false},"author":1,"featured_media":0,"parent":0,"menu_order":0,"comment_status":"closed","ping_status":"open","template":"","meta":{"_acf_changed":false,"footnotes":""},"class_list":["post-3","page","type-page","status-publish","hentry","description-off"],"acf":[],"yoast_head":"<!-- This site is optimized with the Yoast SEO plugin v27.4 - https:\/\/yoast.com\/product\/yoast-seo-wordpress\/ -->\r\n<title>Privacy Policy - Hoosier Energy<\/title>\r\n<meta name=\"description\" content=\"Hoosier Energy goes to great lengths to safeguard our visitors&#039; information. Learn more about our privacy policy today.\" \/>\r\n<meta name=\"robots\" content=\"index, follow, max-snippet:-1, max-image-preview:large, max-video-preview:-1\" \/>\r\n<link rel=\"canonical\" href=\"https:\/\/www.hoosierenergy.com\/es\/privacy-policy\/\" \/>\r\n<meta property=\"og:locale\" content=\"es_ES\" \/>\r\n<meta property=\"og:type\" content=\"article\" \/>\r\n<meta property=\"og:title\" content=\"Privacy Policy - Hoosier Energy\" \/>\r\n<meta property=\"og:description\" content=\"Hoosier Energy goes to great lengths to safeguard our visitors&#039; information. Learn more about our privacy policy today.\" \/>\r\n<meta property=\"og:url\" content=\"https:\/\/www.hoosierenergy.com\/es\/privacy-policy\/\" \/>\r\n<meta property=\"og:site_name\" content=\"Hoosier Energy\" \/>\r\n<meta property=\"article:publisher\" content=\"https:\/\/www.facebook.com\/HoosierEnergy\" \/>\r\n<meta property=\"article:modified_time\" content=\"2023-11-02T01:00:58+00:00\" \/>\r\n<meta name=\"twitter:card\" content=\"summary_large_image\" \/>\r\n<meta name=\"twitter:site\" content=\"@hoosierenergy\" \/>\r\n<meta name=\"twitter:label1\" content=\"Tiempo de lectura\" \/>\n\t<meta name=\"twitter:data1\" content=\"1 minuto\" \/>\r\n<script type=\"application\/ld+json\" class=\"yoast-schema-graph\">{\"@context\":\"https:\\\/\\\/schema.org\",\"@graph\":[{\"@type\":\"WebPage\",\"@id\":\"https:\\\/\\\/www.hoosierenergy.com\\\/privacy-policy\\\/\",\"url\":\"https:\\\/\\\/www.hoosierenergy.com\\\/privacy-policy\\\/\",\"name\":\"Privacy Policy - Hoosier Energy\",\"isPartOf\":{\"@id\":\"https:\\\/\\\/www.hoosierenergy.com\\\/#website\"},\"datePublished\":\"2022-05-12T14:06:16+00:00\",\"dateModified\":\"2023-11-02T01:00:58+00:00\",\"description\":\"Hoosier Energy goes to great lengths to safeguard our visitors' information. Learn more about our privacy policy today.\",\"breadcrumb\":{\"@id\":\"https:\\\/\\\/www.hoosierenergy.com\\\/privacy-policy\\\/#breadcrumb\"},\"inLanguage\":\"es\",\"potentialAction\":[{\"@type\":\"ReadAction\",\"target\":[\"https:\\\/\\\/www.hoosierenergy.com\\\/privacy-policy\\\/\"]}]},{\"@type\":\"BreadcrumbList\",\"@id\":\"https:\\\/\\\/www.hoosierenergy.com\\\/privacy-policy\\\/#breadcrumb\",\"itemListElement\":[{\"@type\":\"ListItem\",\"position\":1,\"name\":\"Home\",\"item\":\"https:\\\/\\\/www.hoosierenergy.com\\\/\"},{\"@type\":\"ListItem\",\"position\":2,\"name\":\"Privacy Policy\"}]},{\"@type\":\"WebSite\",\"@id\":\"https:\\\/\\\/www.hoosierenergy.com\\\/#website\",\"url\":\"https:\\\/\\\/www.hoosierenergy.com\\\/\",\"name\":\"Hoosier Energy\",\"description\":\"Powering Community\",\"alternateName\":\"Hoosier Energy Rural Electric Cooperative, Inc.\",\"potentialAction\":[{\"@type\":\"SearchAction\",\"target\":{\"@type\":\"EntryPoint\",\"urlTemplate\":\"https:\\\/\\\/www.hoosierenergy.com\\\/?s={search_term_string}\"},\"query-input\":{\"@type\":\"PropertyValueSpecification\",\"valueRequired\":true,\"valueName\":\"search_term_string\"}}],\"inLanguage\":\"es\"}]}<\/script>\r\n<!-- \/ Yoast SEO plugin. -->","yoast_head_json":{"title":"Privacy Policy - Hoosier Energy","description":"Hoosier Energy goes to great lengths to safeguard our visitors' information. Learn more about our privacy policy today.","robots":{"index":"index","follow":"follow","max-snippet":"max-snippet:-1","max-image-preview":"max-image-preview:large","max-video-preview":"max-video-preview:-1"},"canonical":"https:\/\/www.hoosierenergy.com\/es\/privacy-policy\/","og_locale":"es_ES","og_type":"article","og_title":"Privacy Policy - Hoosier Energy","og_description":"Hoosier Energy goes to great lengths to safeguard our visitors' information. Learn more about our privacy policy today.","og_url":"https:\/\/www.hoosierenergy.com\/es\/privacy-policy\/","og_site_name":"Hoosier Energy","article_publisher":"https:\/\/www.facebook.com\/HoosierEnergy","article_modified_time":"2023-11-02T01:00:58+00:00","twitter_card":"summary_large_image","twitter_site":"@hoosierenergy","twitter_misc":{"Tiempo de lectura":"1 minuto"},"schema":{"@context":"https:\/\/schema.org","@graph":[{"@type":"WebPage","@id":"https:\/\/www.hoosierenergy.com\/privacy-policy\/","url":"https:\/\/www.hoosierenergy.com\/privacy-policy\/","name":"Privacy Policy - Hoosier Energy","isPartOf":{"@id":"https:\/\/www.hoosierenergy.com\/#website"},"datePublished":"2022-05-12T14:06:16+00:00","dateModified":"2023-11-02T01:00:58+00:00","description":"Hoosier Energy goes to great lengths to safeguard our visitors' information. Learn more about our privacy policy today.","breadcrumb":{"@id":"https:\/\/www.hoosierenergy.com\/privacy-policy\/#breadcrumb"},"inLanguage":"es","potentialAction":[{"@type":"ReadAction","target":["https:\/\/www.hoosierenergy.com\/privacy-policy\/"]}]},{"@type":"BreadcrumbList","@id":"https:\/\/www.hoosierenergy.com\/privacy-policy\/#breadcrumb","itemListElement":[{"@type":"ListItem","position":1,"name":"Home","item":"https:\/\/www.hoosierenergy.com\/"},{"@type":"ListItem","position":2,"name":"Privacy Policy"}]},{"@type":"WebSite","@id":"https:\/\/www.hoosierenergy.com\/#website","url":"https:\/\/www.hoosierenergy.com\/","name":"Energ\u00eda de Hoosier","description":"Comunidad de energ\u00eda","alternateName":"Hoosier Energy Rural Electric Cooperative, Inc.","potentialAction":[{"@type":"SearchAction","target":{"@type":"EntryPoint","urlTemplate":"https:\/\/www.hoosierenergy.com\/?s={search_term_string}"},"query-input":{"@type":"PropertyValueSpecification","valueRequired":true,"valueName":"search_term_string"}}],"inLanguage":"es"}]}},"_links":{"self":[{"href":"https:\/\/www.hoosierenergy.com\/es\/wp-json\/wp\/v2\/pages\/3","targetHints":{"allow":["GET"]}}],"collection":[{"href":"https:\/\/www.hoosierenergy.com\/es\/wp-json\/wp\/v2\/pages"}],"about":[{"href":"https:\/\/www.hoosierenergy.com\/es\/wp-json\/wp\/v2\/types\/page"}],"author":[{"embeddable":true,"href":"https:\/\/www.hoosierenergy.com\/es\/wp-json\/wp\/v2\/users\/1"}],"replies":[{"embeddable":true,"href":"https:\/\/www.hoosierenergy.com\/es\/wp-json\/wp\/v2\/comments?post=3"}],"version-history":[{"count":0,"href":"https:\/\/www.hoosierenergy.com\/es\/wp-json\/wp\/v2\/pages\/3\/revisions"}],"wp:attachment":[{"href":"https:\/\/www.hoosierenergy.com\/es\/wp-json\/wp\/v2\/media?parent=3"}],"curies":[{"name":"wp","href":"https:\/\/api.w.org\/{rel}","templated":true}]}}