{"id":25121,"date":"2026-02-03T14:10:27","date_gmt":"2026-02-03T19:10:27","guid":{"rendered":"https:\/\/www.hoosierenergy.com\/?page_id=25121"},"modified":"2026-04-24T13:07:36","modified_gmt":"2026-04-24T18:07:36","slug":"wheeler-creek-to-kays","status":"publish","type":"page","link":"https:\/\/www.hoosierenergy.com\/es\/our-cooperative\/energy-strategy\/grid-infrastructure\/wheeler-creek-to-kays\/","title":{"rendered":"De Wheeler Creek a Kays"},"content":{"rendered":"<div class=\"wpb-content-wrapper\"><div class=\"vc_row wpb_row vc_row-fluid negativetopmargin vc_custom_1686766776950 vc_row-has-fill\"><div class=\"wpb_column vc_column_container vc_col-sm-12 vc_col-md-offset-2 vc_col-md-8\"><div class=\"vc_column-inner\"><div class=\"wpb_wrapper\"><div class=\"ult-spacer spacer-69f28713a462c\" data-id=\"69f28713a462c\" data-height=\"50\" data-height-mobile=\"25\" data-height-tab=\"35\" data-height-tab-portrait=\"35\" data-height-mobile-landscape=\"25\" style=\"clear:both;display:block;\"><\/div><h2 style=\"text-align: center\" class=\"vc_custom_heading vc_do_custom_heading\" >Proyecto de Construcci\u00f3n de Nueva L\u00ednea de Transmisi\u00f3n<\/h2><div class=\"ult-spacer spacer-69f28713a4bb6\" data-id=\"69f28713a4bb6\" data-height=\"50\" data-height-mobile=\"25\" data-height-tab=\"35\" data-height-tab-portrait=\"35\" data-height-mobile-landscape=\"25\" style=\"clear:both;display:block;\"><\/div><\/div><\/div><\/div><\/div><div class=\"vc_row wpb_row vc_row-fluid swap-on-mobile\"><div class=\"wpb_column vc_column_container vc_col-sm-6\"><div class=\"vc_column-inner\"><div class=\"wpb_wrapper\"><h3 style=\"text-align: left\" class=\"vc_custom_heading vc_do_custom_heading\" >Descripci\u00f3n del proyecto<\/h3>\n\t<div class=\"wpb_text_column wpb_content_element\" >\n\t\t<div class=\"wpb_wrapper\">\n\t\t\t<p>El Proyecto de la L\u00ednea de Transmisi\u00f3n de Wheeler Creek a Kays de Hoosier Energy (Proyecto) representa una mejora crucial de la infraestructura para garantizar un servicio el\u00e9ctrico confiable en el centro-sur de Illinois. El proyecto apoya la reconstrucci\u00f3n y modernizaci\u00f3n de aproximadamente 45 kil\u00f3metros de l\u00ednea de transmisi\u00f3n entre la Subestaci\u00f3n Fairfield Sur y la Subestaci\u00f3n Wheeler Creek. Es posible que sea necesario desviar algunas secciones de la l\u00ednea de transmisi\u00f3n existente para ubicar de forma segura las nuevas estructuras.<\/p>\n<p>Estas mejoras fortalecer\u00e1n el sistema, aumentar\u00e1n la confiabilidad y respaldar\u00e1n operaciones eficientes durante los pr\u00f3ximos a\u00f1os.<\/p>\n\n\t\t<\/div>\n\t<\/div>\n<h3 style=\"text-align: left\" class=\"vc_custom_heading vc_do_custom_heading\" >Cronolog\u00eda<\/h3>\n\t<div class=\"wpb_text_column wpb_content_element\" >\n\t\t<div class=\"wpb_wrapper\">\n\t\t\t<p><strong>Puertas Abiertas:<\/strong>\u00a0Marzo de 2026<\/p>\n<ul>\n<li><a href=\"https:\/\/www.hoosierenergy.com\/wp-content\/uploads\/2026\/04\/HoosierEnergy-WheelerKaysOpenHouseHandout.pdf\" target=\"_blank\" rel=\"noopener\">Folleto informativo de la jornada de puertas abiertas<\/a><\/li>\n<\/ul>\n<p><strong>Actividades de preconstrucci\u00f3n (estudio topogr\u00e1fico, bienes ra\u00edces, dise\u00f1o, permisos, materiales, etc.):<\/strong>\u00a0Verano 2026 \u2013 2027<\/p>\n<p><strong>Actividades y acceso a la vegetaci\u00f3n:<\/strong>\u00a0Diciembre de 2026 \u2013 abril de 2027<\/p>\n<p><strong>Construcci\u00f3n (cimentaciones, construcci\u00f3n de l\u00edneas):<\/strong>\u00a02027-2029<\/p>\n<p><strong>Restauraci\u00f3n:<\/strong>\u00a0En curso durante la construcci\u00f3n \u2013 diciembre de 2029<\/p>\n\n\t\t<\/div>\n\t<\/div>\n<h3 style=\"text-align: left\" class=\"vc_custom_heading vc_do_custom_heading\" >Dise\u00f1o de proyecto<\/h3>\n\t<div class=\"wpb_text_column wpb_content_element\" >\n\t\t<div class=\"wpb_wrapper\">\n\t\t\t<p>Los monopolos de madera de 69 kV existentes se actualizar\u00e1n a monopolos de acero galvanizado de 138 kV.<\/p>\n\n\t\t<\/div>\n\t<\/div>\n<\/div><\/div><\/div><div class=\"wpb_column vc_column_container vc_col-sm-6\"><div class=\"vc_column-inner\"><div class=\"wpb_wrapper\">\n\t<div  class=\"wpb_single_image wpb_content_element vc_align_left  vc_custom_1771012786427\">\n\t\t\n\t\t<figure class=\"wpb_wrapper vc_figure\">\n\t\t\t<div class=\"vc_single_image-wrapper   vc_box_border_grey\"><img loading=\"lazy\" decoding=\"async\" width=\"1225\" height=\"1312\" src=\"https:\/\/www.hoosierenergy.com\/wp-content\/uploads\/2026\/02\/WheelerCreektoKays-1.jpg\" class=\"vc_single_image-img attachment-full\" alt=\"Wheeler Creek to Kays map\" title=\"WheelerCreektoKays\" srcset=\"https:\/\/www.hoosierenergy.com\/wp-content\/uploads\/2026\/02\/WheelerCreektoKays-1.jpg 1225w, https:\/\/www.hoosierenergy.com\/wp-content\/uploads\/2026\/02\/WheelerCreektoKays-1-280x300.jpg 280w, https:\/\/www.hoosierenergy.com\/wp-content\/uploads\/2026\/02\/WheelerCreektoKays-1-956x1024.jpg 956w, https:\/\/www.hoosierenergy.com\/wp-content\/uploads\/2026\/02\/WheelerCreektoKays-1-768x823.jpg 768w, https:\/\/www.hoosierenergy.com\/wp-content\/uploads\/2026\/02\/WheelerCreektoKays-1-11x12.jpg 11w\" sizes=\"auto, (max-width: 1225px) 100vw, 1225px\"  data-dt-location=\"https:\/\/www.hoosierenergy.com\/es\/our-cooperative\/energy-strategy\/grid-infrastructure\/wheeler-creek-to-kays\/wheelercreektokays-2\/\" \/><\/div>\n\t\t<\/figure>\n\t<\/div>\n<\/div><\/div><\/div><\/div><div class=\"vc_row wpb_row vc_row-fluid\"><div class=\"wpb_column vc_column_container vc_col-sm-12\"><div class=\"vc_column-inner\"><div class=\"wpb_wrapper\"><h3 style=\"text-align: left\" class=\"vc_custom_heading vc_do_custom_heading\" >Descripci\u00f3n general de la energ\u00eda de Hoosier<\/h3>\n\t<div class=\"wpb_text_column wpb_content_element\" >\n\t\t<div class=\"wpb_wrapper\">\n\t\t\t<p>Fundada en 1949, Hoosier Energy es una cooperativa de generaci\u00f3n y transmisi\u00f3n (G&amp;T) con sede en Bloomington, Indiana.<\/p>\n<p>G&amp;T proporciona energ\u00eda el\u00e9ctrica y servicios a 17 cooperativas de distribuci\u00f3n miembros en el centro y sur de Indiana y el sureste de Illinois. Somos una organizaci\u00f3n centrada en la comunidad que trabaja para brindar energ\u00eda de manera eficiente, asequible, confiable y segura.<\/p>\n\n\t\t<\/div>\n\t<\/div>\n<h3 style=\"text-align: left\" class=\"vc_custom_heading vc_do_custom_heading\" >Cooperativa El\u00e9ctrica Hoosier Energy y Wayne White<\/h3>\n\t<div class=\"wpb_text_column wpb_content_element\" >\n\t\t<div class=\"wpb_wrapper\">\n\t\t\t<p>La Cooperativa El\u00e9ctrica Wayne White es la \u00fanica cooperativa local de Hoosier Energy en Illinois. Las cooperativas el\u00e9ctricas fueron organizadas por personas que viv\u00edan en zonas rurales y se unieron para suministrar electricidad a sus hogares, donde las empresas de servicios p\u00fablicos, propiedad de inversionistas, se negaban a llegar (y a\u00fan lo hacen). Con oficinas en Fairfield y Enfield, la Cooperativa El\u00e9ctrica Wayne-White actualmente presta servicio a m\u00e1s de 14,200 medidores en 11 condados del sureste de Illinois.<\/p>\n\n\t\t<\/div>\n\t<\/div>\n<div class=\"ult-spacer spacer-69f28713a8551\" data-id=\"69f28713a8551\" data-height=\"75\" data-height-mobile=\"25\" data-height-tab=\"50\" data-height-tab-portrait=\"50\" data-height-mobile-landscape=\"25\" style=\"clear:both;display:block;\"><\/div><\/div><\/div><\/div><\/div><div class=\"vc_row wpb_row vc_row-fluid\"><div class=\"wpb_column vc_column_container vc_col-sm-12\"><div class=\"vc_column-inner\"><div class=\"wpb_wrapper\"><div class=\"ult-spacer spacer-69f28713a8bc9\" data-id=\"69f28713a8bc9\" data-height=\"75\" data-height-mobile=\"25\" data-height-tab=\"50\" data-height-tab-portrait=\"50\" data-height-mobile-landscape=\"25\" style=\"clear:both;display:block;\"><\/div><\/div><\/div><\/div><\/div><div data-vc-full-width=\"true\" data-vc-full-width-temp=\"true\" data-vc-full-width-init=\"false\" class=\"vc_row wpb_row vc_row-fluid vc_custom_1770760544578 vc_row-has-fill\"><div class=\"wpb_column vc_column_container vc_col-sm-12\"><div class=\"vc_column-inner\"><div class=\"wpb_wrapper\"><div class=\"vc_row wpb_row vc_inner vc_row-fluid vc_custom_1686774795756 vc_row-o-content-middle vc_row-flex\"><div class=\"wpb_column vc_column_container vc_col-sm-3\"><div class=\"vc_column-inner\"><div class=\"wpb_wrapper\"><\/div><\/div><\/div><div class=\"wpb_column vc_column_container vc_col-sm-3\"><div class=\"vc_column-inner\"><div class=\"wpb_wrapper\"><h4 style=\"color: #ffffff;text-align: center\" class=\"vc_custom_heading vc_do_custom_heading\" >\u00bfTiene preguntas adicionales?<\/h4><\/div><\/div><\/div><div class=\"wpb_column vc_column_container vc_col-sm-3\"><div class=\"vc_column-inner\"><div class=\"wpb_wrapper\"><div class=\"vc_btn3-container vc_btn3-center\" id=\"contact\" ><a style=\"background-color:#0071af; color:#f5ff12;\" class=\"vc_general vc_btn3 vc_btn3-size-md vc_btn3-shape-square vc_btn3-style-custom\" href=\"https:\/\/form.jotform.com\/260407784581160\" title=\"\" target=\"_blank\">CONT\u00c1CTENOS<\/a><\/div><\/div><\/div><\/div><div class=\"wpb_column vc_column_container vc_col-sm-3\"><div class=\"vc_column-inner\"><div class=\"wpb_wrapper\"><\/div><\/div><\/div><\/div><div class=\"ult-spacer spacer-69f28713aad4a\" data-id=\"69f28713aad4a\" data-height=\"75\" data-height-mobile=\"25\" data-height-tab=\"50\" data-height-tab-portrait=\"50\" data-height-mobile-landscape=\"25\" style=\"clear:both;display:block;\"><\/div><\/div><\/div><\/div><\/div><div class=\"vc_row-full-width vc_clearfix\"><\/div>\n<\/div>","protected":false},"excerpt":{"rendered":"<p>Proyecto de Construcci\u00f3n de Nueva L\u00ednea de Transmisi\u00f3n. Resumen del Proyecto. El Proyecto de L\u00ednea de Transmisi\u00f3n de Wheeler Creek a Kays de Hoosier Energy (Proyecto) representa una mejora crucial de la infraestructura para garantizar un servicio el\u00e9ctrico confiable en el centro-sur de Illinois. El proyecto apoya la reconstrucci\u00f3n y modernizaci\u00f3n de aproximadamente 45 kil\u00f3metros de l\u00ednea de transmisi\u00f3n entre la Subestaci\u00f3n Fairfield Sur y la Subestaci\u00f3n Wheeler Creek. Algunas \u00e1reas\u2026<\/p>","protected":false},"author":1,"featured_media":18953,"parent":165,"menu_order":0,"comment_status":"closed","ping_status":"closed","template":"","meta":{"_acf_changed":false,"footnotes":""},"class_list":["post-25121","page","type-page","status-publish","has-post-thumbnail","hentry","description-off"],"acf":[],"yoast_head":"<!-- This site is optimized with the Yoast SEO plugin v27.4 - https:\/\/yoast.com\/product\/yoast-seo-wordpress\/ -->\r\n<title>Wheeler Creek to Kays | Hoosier Energy | Our Community<\/title>\r\n<meta name=\"description\" content=\"The Wheeler Creek to Kays Transmission Line Project supports the rebuild and upgrade of approximately 28 miles of transmission line between the Fairfield South Substation and Wheeler Creek Substation.\" \/>\r\n<meta name=\"robots\" content=\"index, follow, max-snippet:-1, max-image-preview:large, max-video-preview:-1\" \/>\r\n<link rel=\"canonical\" href=\"https:\/\/www.hoosierenergy.com\/es\/our-cooperative\/energy-strategy\/grid-infrastructure\/wheeler-creek-to-kays\/\" \/>\r\n<meta property=\"og:locale\" content=\"es_ES\" \/>\r\n<meta property=\"og:type\" content=\"article\" \/>\r\n<meta property=\"og:title\" content=\"Wheeler Creek to Kays | Hoosier Energy | Our Community\" \/>\r\n<meta property=\"og:description\" content=\"The Wheeler Creek to Kays Transmission Line Project supports the rebuild and upgrade of approximately 28 miles of transmission line between the Fairfield South Substation and Wheeler Creek Substation.\" \/>\r\n<meta property=\"og:url\" content=\"https:\/\/www.hoosierenergy.com\/es\/our-cooperative\/energy-strategy\/grid-infrastructure\/wheeler-creek-to-kays\/\" \/>\r\n<meta property=\"og:site_name\" content=\"Hoosier Energy\" \/>\r\n<meta property=\"article:publisher\" content=\"https:\/\/www.facebook.com\/HoosierEnergy\" \/>\r\n<meta property=\"article:modified_time\" content=\"2026-04-24T18:07:36+00:00\" \/>\r\n<meta property=\"og:image\" content=\"https:\/\/www.hoosierenergy.com\/wp-content\/uploads\/2025\/02\/Header-CentertonToWillbur.jpg\" \/>\r\n\t<meta property=\"og:image:width\" content=\"1920\" \/>\r\n\t<meta property=\"og:image:height\" content=\"400\" \/>\r\n\t<meta property=\"og:image:type\" content=\"image\/jpeg\" \/>\r\n<meta name=\"twitter:card\" content=\"summary_large_image\" \/>\r\n<meta name=\"twitter:site\" content=\"@hoosierenergy\" \/>\r\n<meta name=\"twitter:label1\" content=\"Tiempo de lectura\" \/>\n\t<meta name=\"twitter:data1\" content=\"7 minutos\" \/>\r\n<script type=\"application\/ld+json\" class=\"yoast-schema-graph\">{\"@context\":\"https:\\\/\\\/schema.org\",\"@graph\":[{\"@type\":\"WebPage\",\"@id\":\"https:\\\/\\\/www.hoosierenergy.com\\\/our-cooperative\\\/energy-strategy\\\/grid-infrastructure\\\/wheeler-creek-to-kays\\\/\",\"url\":\"https:\\\/\\\/www.hoosierenergy.com\\\/our-cooperative\\\/energy-strategy\\\/grid-infrastructure\\\/wheeler-creek-to-kays\\\/\",\"name\":\"Wheeler Creek to Kays | Hoosier Energy | Our Community\",\"isPartOf\":{\"@id\":\"https:\\\/\\\/www.hoosierenergy.com\\\/#website\"},\"primaryImageOfPage\":{\"@id\":\"https:\\\/\\\/www.hoosierenergy.com\\\/our-cooperative\\\/energy-strategy\\\/grid-infrastructure\\\/wheeler-creek-to-kays\\\/#primaryimage\"},\"image\":{\"@id\":\"https:\\\/\\\/www.hoosierenergy.com\\\/our-cooperative\\\/energy-strategy\\\/grid-infrastructure\\\/wheeler-creek-to-kays\\\/#primaryimage\"},\"thumbnailUrl\":\"https:\\\/\\\/www.hoosierenergy.com\\\/wp-content\\\/uploads\\\/2025\\\/02\\\/Header-CentertonToWillbur.jpg\",\"datePublished\":\"2026-02-03T19:10:27+00:00\",\"dateModified\":\"2026-04-24T18:07:36+00:00\",\"description\":\"The Wheeler Creek to Kays Transmission Line Project supports the rebuild and upgrade of approximately 28 miles of transmission line between the Fairfield South Substation and Wheeler Creek Substation.\",\"breadcrumb\":{\"@id\":\"https:\\\/\\\/www.hoosierenergy.com\\\/our-cooperative\\\/energy-strategy\\\/grid-infrastructure\\\/wheeler-creek-to-kays\\\/#breadcrumb\"},\"inLanguage\":\"es\",\"potentialAction\":[{\"@type\":\"ReadAction\",\"target\":[\"https:\\\/\\\/www.hoosierenergy.com\\\/our-cooperative\\\/energy-strategy\\\/grid-infrastructure\\\/wheeler-creek-to-kays\\\/\"]}]},{\"@type\":\"ImageObject\",\"inLanguage\":\"es\",\"@id\":\"https:\\\/\\\/www.hoosierenergy.com\\\/our-cooperative\\\/energy-strategy\\\/grid-infrastructure\\\/wheeler-creek-to-kays\\\/#primaryimage\",\"url\":\"https:\\\/\\\/www.hoosierenergy.com\\\/wp-content\\\/uploads\\\/2025\\\/02\\\/Header-CentertonToWillbur.jpg\",\"contentUrl\":\"https:\\\/\\\/www.hoosierenergy.com\\\/wp-content\\\/uploads\\\/2025\\\/02\\\/Header-CentertonToWillbur.jpg\",\"width\":1920,\"height\":400},{\"@type\":\"BreadcrumbList\",\"@id\":\"https:\\\/\\\/www.hoosierenergy.com\\\/our-cooperative\\\/energy-strategy\\\/grid-infrastructure\\\/wheeler-creek-to-kays\\\/#breadcrumb\",\"itemListElement\":[{\"@type\":\"ListItem\",\"position\":1,\"name\":\"Home\",\"item\":\"https:\\\/\\\/www.hoosierenergy.com\\\/\"},{\"@type\":\"ListItem\",\"position\":2,\"name\":\"Our Cooperative\",\"item\":\"https:\\\/\\\/www.hoosierenergy.com\\\/our-cooperative\\\/\"},{\"@type\":\"ListItem\",\"position\":3,\"name\":\"Energy Strategy\",\"item\":\"https:\\\/\\\/www.hoosierenergy.com\\\/our-cooperative\\\/energy-strategy\\\/\"},{\"@type\":\"ListItem\",\"position\":4,\"name\":\"Grid Infrastructure\",\"item\":\"https:\\\/\\\/www.hoosierenergy.com\\\/our-cooperative\\\/energy-strategy\\\/grid-infrastructure\\\/\"},{\"@type\":\"ListItem\",\"position\":5,\"name\":\"Wheeler Creek to Kays\"}]},{\"@type\":\"WebSite\",\"@id\":\"https:\\\/\\\/www.hoosierenergy.com\\\/#website\",\"url\":\"https:\\\/\\\/www.hoosierenergy.com\\\/\",\"name\":\"Hoosier Energy\",\"description\":\"Powering Community\",\"alternateName\":\"Hoosier Energy Rural Electric Cooperative, Inc.\",\"potentialAction\":[{\"@type\":\"SearchAction\",\"target\":{\"@type\":\"EntryPoint\",\"urlTemplate\":\"https:\\\/\\\/www.hoosierenergy.com\\\/?s={search_term_string}\"},\"query-input\":{\"@type\":\"PropertyValueSpecification\",\"valueRequired\":true,\"valueName\":\"search_term_string\"}}],\"inLanguage\":\"es\"}]}<\/script>\r\n<!-- \/ Yoast SEO plugin. -->","yoast_head_json":{"title":"Wheeler Creek to Kays | Hoosier Energy | Our Community","description":"The Wheeler Creek to Kays Transmission Line Project supports the rebuild and upgrade of approximately 28 miles of transmission line between the Fairfield South Substation and Wheeler Creek Substation.","robots":{"index":"index","follow":"follow","max-snippet":"max-snippet:-1","max-image-preview":"max-image-preview:large","max-video-preview":"max-video-preview:-1"},"canonical":"https:\/\/www.hoosierenergy.com\/es\/our-cooperative\/energy-strategy\/grid-infrastructure\/wheeler-creek-to-kays\/","og_locale":"es_ES","og_type":"article","og_title":"Wheeler Creek to Kays | Hoosier Energy | Our Community","og_description":"The Wheeler Creek to Kays Transmission Line Project supports the rebuild and upgrade of approximately 28 miles of transmission line between the Fairfield South Substation and Wheeler Creek Substation.","og_url":"https:\/\/www.hoosierenergy.com\/es\/our-cooperative\/energy-strategy\/grid-infrastructure\/wheeler-creek-to-kays\/","og_site_name":"Hoosier Energy","article_publisher":"https:\/\/www.facebook.com\/HoosierEnergy","article_modified_time":"2026-04-24T18:07:36+00:00","og_image":[{"width":1920,"height":400,"url":"https:\/\/www.hoosierenergy.com\/wp-content\/uploads\/2025\/02\/Header-CentertonToWillbur.jpg","type":"image\/jpeg"}],"twitter_card":"summary_large_image","twitter_site":"@hoosierenergy","twitter_misc":{"Tiempo de lectura":"7 minutos"},"schema":{"@context":"https:\/\/schema.org","@graph":[{"@type":"WebPage","@id":"https:\/\/www.hoosierenergy.com\/our-cooperative\/energy-strategy\/grid-infrastructure\/wheeler-creek-to-kays\/","url":"https:\/\/www.hoosierenergy.com\/our-cooperative\/energy-strategy\/grid-infrastructure\/wheeler-creek-to-kays\/","name":"Wheeler Creek to Kays | Hoosier Energy | Our Community","isPartOf":{"@id":"https:\/\/www.hoosierenergy.com\/#website"},"primaryImageOfPage":{"@id":"https:\/\/www.hoosierenergy.com\/our-cooperative\/energy-strategy\/grid-infrastructure\/wheeler-creek-to-kays\/#primaryimage"},"image":{"@id":"https:\/\/www.hoosierenergy.com\/our-cooperative\/energy-strategy\/grid-infrastructure\/wheeler-creek-to-kays\/#primaryimage"},"thumbnailUrl":"https:\/\/www.hoosierenergy.com\/wp-content\/uploads\/2025\/02\/Header-CentertonToWillbur.jpg","datePublished":"2026-02-03T19:10:27+00:00","dateModified":"2026-04-24T18:07:36+00:00","description":"The Wheeler Creek to Kays Transmission Line Project supports the rebuild and upgrade of approximately 28 miles of transmission line between the Fairfield South Substation and Wheeler Creek Substation.","breadcrumb":{"@id":"https:\/\/www.hoosierenergy.com\/our-cooperative\/energy-strategy\/grid-infrastructure\/wheeler-creek-to-kays\/#breadcrumb"},"inLanguage":"es","potentialAction":[{"@type":"ReadAction","target":["https:\/\/www.hoosierenergy.com\/our-cooperative\/energy-strategy\/grid-infrastructure\/wheeler-creek-to-kays\/"]}]},{"@type":"ImageObject","inLanguage":"es","@id":"https:\/\/www.hoosierenergy.com\/our-cooperative\/energy-strategy\/grid-infrastructure\/wheeler-creek-to-kays\/#primaryimage","url":"https:\/\/www.hoosierenergy.com\/wp-content\/uploads\/2025\/02\/Header-CentertonToWillbur.jpg","contentUrl":"https:\/\/www.hoosierenergy.com\/wp-content\/uploads\/2025\/02\/Header-CentertonToWillbur.jpg","width":1920,"height":400},{"@type":"BreadcrumbList","@id":"https:\/\/www.hoosierenergy.com\/our-cooperative\/energy-strategy\/grid-infrastructure\/wheeler-creek-to-kays\/#breadcrumb","itemListElement":[{"@type":"ListItem","position":1,"name":"Home","item":"https:\/\/www.hoosierenergy.com\/"},{"@type":"ListItem","position":2,"name":"Our Cooperative","item":"https:\/\/www.hoosierenergy.com\/our-cooperative\/"},{"@type":"ListItem","position":3,"name":"Energy Strategy","item":"https:\/\/www.hoosierenergy.com\/our-cooperative\/energy-strategy\/"},{"@type":"ListItem","position":4,"name":"Grid Infrastructure","item":"https:\/\/www.hoosierenergy.com\/our-cooperative\/energy-strategy\/grid-infrastructure\/"},{"@type":"ListItem","position":5,"name":"Wheeler Creek to Kays"}]},{"@type":"WebSite","@id":"https:\/\/www.hoosierenergy.com\/#website","url":"https:\/\/www.hoosierenergy.com\/","name":"Energ\u00eda de Hoosier","description":"Comunidad de energ\u00eda","alternateName":"Hoosier Energy Rural Electric Cooperative, Inc.","potentialAction":[{"@type":"SearchAction","target":{"@type":"EntryPoint","urlTemplate":"https:\/\/www.hoosierenergy.com\/?s={search_term_string}"},"query-input":{"@type":"PropertyValueSpecification","valueRequired":true,"valueName":"search_term_string"}}],"inLanguage":"es"}]}},"_links":{"self":[{"href":"https:\/\/www.hoosierenergy.com\/es\/wp-json\/wp\/v2\/pages\/25121","targetHints":{"allow":["GET"]}}],"collection":[{"href":"https:\/\/www.hoosierenergy.com\/es\/wp-json\/wp\/v2\/pages"}],"about":[{"href":"https:\/\/www.hoosierenergy.com\/es\/wp-json\/wp\/v2\/types\/page"}],"author":[{"embeddable":true,"href":"https:\/\/www.hoosierenergy.com\/es\/wp-json\/wp\/v2\/users\/1"}],"replies":[{"embeddable":true,"href":"https:\/\/www.hoosierenergy.com\/es\/wp-json\/wp\/v2\/comments?post=25121"}],"version-history":[{"count":0,"href":"https:\/\/www.hoosierenergy.com\/es\/wp-json\/wp\/v2\/pages\/25121\/revisions"}],"up":[{"embeddable":true,"href":"https:\/\/www.hoosierenergy.com\/es\/wp-json\/wp\/v2\/pages\/165"}],"wp:featuredmedia":[{"embeddable":true,"href":"https:\/\/www.hoosierenergy.com\/es\/wp-json\/wp\/v2\/media\/18953"}],"wp:attachment":[{"href":"https:\/\/www.hoosierenergy.com\/es\/wp-json\/wp\/v2\/media?parent=25121"}],"curies":[{"name":"wp","href":"https:\/\/api.w.org\/{rel}","templated":true}]}}