{"id":164,"date":"2022-07-29T01:48:57","date_gmt":"2022-07-29T01:48:57","guid":{"rendered":"https:\/\/hoosierenerstg.wpengine.com\/?page_id=164"},"modified":"2025-03-18T15:34:38","modified_gmt":"2025-03-18T20:34:38","slug":"generation-facilities","status":"publish","type":"page","link":"https:\/\/www.hoosierenergy.com\/es\/our-cooperative\/energy-strategy\/generation-facilities\/","title":{"rendered":"Instalaciones de Generaci\u00f3n"},"content":{"rendered":"<div class=\"wpb-content-wrapper\"><div class=\"vc_row wpb_row vc_row-fluid negativetopmargin vc_custom_1654014318664 vc_row-has-fill\"><div class=\"wpb_column vc_column_container vc_col-sm-12 vc_col-md-offset-2 vc_col-md-8\"><div class=\"vc_column-inner\"><div class=\"wpb_wrapper\"><div class=\"ult-spacer spacer-69d0d6034ce4a\" data-id=\"69d0d6034ce4a\" data-height=\"50\" data-height-mobile=\"20\" data-height-tab=\"30\" data-height-tab-portrait=\"30\" data-height-mobile-landscape=\"20\" style=\"clear:both;display:block;\"><\/div><h2 style=\"text-align: center\" class=\"vc_custom_heading vc_do_custom_heading\" >Hoosier Energy produce energ\u00eda a trav\u00e9s de una amplia cartera de estaciones generadoras ubicadas en todo el Medio Oeste<\/h2>\n\t<div class=\"wpb_text_column wpb_content_element\" >\n\t\t<div class=\"wpb_wrapper\">\n\t\t\t<p style=\"text-align: center;\">Las estaciones generadoras de Hoosier Energy reducen sustancialmente nuestros requisitos de energ\u00eda comprada y crean oportunidades de desarrollo econ\u00f3mico para las comunidades en las que operamos. A trav\u00e9s de nuestro enfoque en minimizar los costos y maximizar la confiabilidad para nuestros clientes, estamos cumpliendo con nuestra misi\u00f3n y visi\u00f3n. Hoosier Energy opera una cartera de &quot;todo lo anterior&quot;, lo que significa que utilizamos varias t\u00e9cnicas para generar energ\u00eda. Esto a\u00edsla a nuestros miembros de las grandes fluctuaciones y garantiza la estabilidad.<\/p>\n<p style=\"text-align: center;\">Por favor haz click <a href=\"https:\/\/www.hoosierenergy.com\/wp-content\/uploads\/2024\/02\/Generation_Interconnection_Requirements_V8.pdf\">aqu\u00ed <\/a>para los requisitos de interconexi\u00f3n de las instalaciones de generaci\u00f3n.<\/p>\n\n\t\t<\/div>\n\t<\/div>\n<div class=\"ult-spacer spacer-69d0d6034d937\" data-id=\"69d0d6034d937\" data-height=\"50\" data-height-mobile=\"25\" data-height-tab=\"35\" data-height-tab-portrait=\"35\" data-height-mobile-landscape=\"25\" style=\"clear:both;display:block;\"><\/div><\/div><\/div><\/div><\/div><div data-vc-full-width=\"true\" data-vc-full-width-init=\"false\" data-vc-stretch-content=\"true\" class=\"vc_row wpb_row vc_row-fluid\"><div class=\"wpb_column vc_column_container vc_col-sm-12 vc_col-has-fill\"><div class=\"vc_column-inner vc_custom_1653007235698\"><div class=\"wpb_wrapper\"><div class=\"vc_row wpb_row vc_inner vc_row-fluid vc_row-o-equal-height vc_row-o-content-middle vc_row-flex\"><div class=\"wpb_column vc_column_container vc_col-sm-6 vc_col-has-fill\"><div class=\"vc_column-inner vc_custom_1663678324016\"><div class=\"wpb_wrapper\"><\/div><\/div><\/div><div class=\"wpb_column vc_column_container vc_col-sm-4\"><div class=\"vc_column-inner vc_custom_1653418144460\"><div class=\"wpb_wrapper\"><div class=\"ult-spacer spacer-69d0d6034f0b0\" data-id=\"69d0d6034f0b0\" data-height=\"150\" data-height-mobile=\"50\" data-height-tab=\"75\" data-height-tab-portrait=\"75\" data-height-mobile-landscape=\"50\" style=\"clear:both;display:block;\"><\/div><h2 style=\"text-align: left\" class=\"vc_custom_heading vc_do_custom_heading light-headline\" >Planta de Energ\u00eda de Holanda<\/h2>\n\t<div class=\"wpb_text_column wpb_content_element\" >\n\t\t<div class=\"wpb_wrapper\">\n\t\t\t<p><span style=\"color: #ffffff;\">Ubicada en el centro de Illinois, la planta Holland Energy de 630 megavatios es una instalaci\u00f3n de gas natural flexible que ayuda a Hoosier Energy a satisfacer las necesidades intermedias cuando la demanda de electricidad es m\u00e1s alta que el promedio. Como parte de la estrategia de Hoosier Energy para generar una diversa gama de energ\u00eda, la Planta de Energ\u00eda de Holland est\u00e1 dise\u00f1ada para estar entre las instalaciones de generaci\u00f3n m\u00e1s limpias del Medio Oeste. La planta genera energ\u00eda a trav\u00e9s de dos generadores de turbina de combusti\u00f3n conectados a un sistema de ciclo combinado que recupera el exceso de calor y produce vapor que impulsa otra turbina, generando energ\u00eda adicional. Al utilizar el calor capturado a trav\u00e9s de un segundo ciclo, la estaci\u00f3n de generaci\u00f3n produce energ\u00eda de manera m\u00e1s eficiente.<\/span><\/p>\n\n\t\t<\/div>\n\t<\/div>\n<div class=\"ult-spacer spacer-69d0d6034f55d\" data-id=\"69d0d6034f55d\" data-height=\"150\" data-height-mobile=\"50\" data-height-tab=\"75\" data-height-tab-portrait=\"75\" data-height-mobile-landscape=\"50\" style=\"clear:both;display:block;\"><\/div><\/div><\/div><\/div><\/div><\/div><\/div><\/div><\/div><div class=\"vc_row-full-width vc_clearfix\"><\/div><div data-vc-full-width=\"true\" data-vc-full-width-init=\"false\" data-vc-stretch-content=\"true\" class=\"vc_row wpb_row vc_row-fluid\"><div class=\"wpb_column vc_column_container vc_col-sm-12 vc_col-has-fill\"><div class=\"vc_column-inner vc_custom_1652967912356\"><div class=\"wpb_wrapper\"><div class=\"vc_row wpb_row vc_inner vc_row-fluid swap-on-mobile vc_row-o-equal-height vc_row-o-content-middle vc_row-flex\"><div class=\"wpb_column vc_column_container vc_col-sm-6 vc_col-lg-offset-2 vc_col-lg-4\"><div class=\"vc_column-inner vc_custom_1653418170471\"><div class=\"wpb_wrapper\"><div class=\"ult-spacer spacer-69d0d60350107\" data-id=\"69d0d60350107\" data-height=\"150\" data-height-mobile=\"50\" data-height-tab=\"75\" data-height-tab-portrait=\"75\" data-height-mobile-landscape=\"50\" style=\"clear:both;display:block;\"><\/div><h2 style=\"text-align: left\" class=\"vc_custom_heading vc_do_custom_heading light-headline\" >Estaciones generadoras de Lawrence y Worthington<\/h2>\n\t<div class=\"wpb_text_column wpb_content_element\" >\n\t\t<div class=\"wpb_wrapper\">\n\t\t\t<p>Ubicadas en el sur de Indiana, las centrales generadoras Lawrence y Worthington de Hoosier Energy brindan energ\u00eda confiable y a demanda para nuestras 17 cooperativas miembro. Estas plantas de energ\u00eda alimentadas con gas natural agregan flexibilidad y refuerzan nuestra estrategia de mantener una cartera diversificada de suministro de energ\u00eda. Las dos plantas se pueden poner en funcionamiento y despachar r\u00e1pidamente, lo que garantiza que podamos entregar electricidad a nuestros miembros cuando la necesiten. Cada estaci\u00f3n generadora est\u00e1 equipada con motores de turbina de combusti\u00f3n, que permiten que las instalaciones produzcan energ\u00eda r\u00e1pidamente y funcionen a un nivel que se ajuste a la demanda de los miembros.<\/p>\n\n\t\t<\/div>\n\t<\/div>\n<div class=\"ult-spacer spacer-69d0d60350556\" data-id=\"69d0d60350556\" data-height=\"150\" data-height-mobile=\"50\" data-height-tab=\"75\" data-height-tab-portrait=\"75\" data-height-mobile-landscape=\"50\" style=\"clear:both;display:block;\"><\/div><\/div><\/div><\/div><div class=\"wpb_column vc_column_container vc_col-sm-6 vc_col-has-fill\"><div class=\"vc_column-inner vc_custom_1663458579913\"><div class=\"wpb_wrapper\"><\/div><\/div><\/div><\/div><\/div><\/div><\/div><\/div><div class=\"vc_row-full-width vc_clearfix\"><\/div><div data-vc-full-width=\"true\" data-vc-full-width-init=\"false\" data-vc-stretch-content=\"true\" class=\"vc_row wpb_row vc_row-fluid\"><div class=\"wpb_column vc_column_container vc_col-sm-12 vc_col-has-fill\"><div class=\"vc_column-inner vc_custom_1742321249525\"><div class=\"wpb_wrapper\"><div class=\"vc_row wpb_row vc_inner vc_row-fluid vc_row-o-equal-height vc_row-o-content-middle vc_row-flex\"><div class=\"wpb_column vc_column_container vc_col-sm-6 vc_col-has-fill\"><div class=\"vc_column-inner vc_custom_1742321426052\"><div class=\"wpb_wrapper\"><\/div><\/div><\/div><div class=\"wpb_column vc_column_container vc_col-sm-4\"><div class=\"vc_column-inner vc_custom_1653418144460\"><div class=\"wpb_wrapper\"><div class=\"ult-spacer spacer-69d0d6035151a\" data-id=\"69d0d6035151a\" data-height=\"150\" data-height-mobile=\"50\" data-height-tab=\"75\" data-height-tab-portrait=\"75\" data-height-mobile-landscape=\"50\" style=\"clear:both;display:block;\"><\/div><h2 style=\"color: #ffffff;text-align: left\" class=\"vc_custom_heading vc_do_custom_heading light-headline\" >Centro de Energ\u00eda San Jos\u00e9<\/h2>\n\t<div class=\"wpb_text_column wpb_content_element\" >\n\t\t<div class=\"wpb_wrapper\">\n\t\t\t<p><span style=\"color: #ffffff;\">St. Joseph Energy Center es una planta de gas natural de ciclo combinado ubicada en New Carlisle, Indiana, aproximadamente a 24 kil\u00f3metros al oeste de South Bend. La planta de 720 megavatios (MW) se ubica en un campus de 65 hect\u00e1reas y comenz\u00f3 a generar energ\u00eda en 2018. Esta instalaci\u00f3n de vanguardia est\u00e1 equipada con dos turbinas de gas Siemens, una turbina de vapor y tres generadores refrigerados por aire. El calor de escape de las turbinas de gas se utiliza para alimentar la turbina de vapor, lo que mejora considerablemente la eficiencia t\u00e9rmica general de la planta.<\/span><\/p>\n\n\t\t<\/div>\n\t<\/div>\n<div class=\"ult-spacer spacer-69d0d603519a8\" data-id=\"69d0d603519a8\" data-height=\"150\" data-height-mobile=\"50\" data-height-tab=\"75\" data-height-tab-portrait=\"75\" data-height-mobile-landscape=\"50\" style=\"clear:both;display:block;\"><\/div><\/div><\/div><\/div><\/div><\/div><\/div><\/div><\/div><div class=\"vc_row-full-width vc_clearfix\"><\/div><div data-vc-full-width=\"true\" data-vc-full-width-init=\"false\" class=\"vc_row wpb_row vc_row-fluid\"><style type=\"text\/css\" data-type=\"vc_shortcodes-default-css\">.vc_do_custom_heading{margin-bottom:0.625rem;margin-top:0;}.vc_do_btn{margin-bottom:22px;}<\/style><style type=\"text\/css\" data-type=\"vc_shortcodes-custom-css\">.vc_custom_1659638016356{background-image: url(https:\/\/hoosierenergy.com\/wp-content\/uploads\/2022\/08\/Join-Our-Team-Header-01-sigmund-4khkLZuJEYI-unsplash-11.jpg?id=6840) !important;}<\/style><div class=\"wpb_column vc_column_container vc_col-sm-12\"><div class=\"vc_column-inner\"><div class=\"wpb_wrapper\"><div class=\"wpb-content-wrapper\"><div id=\"joinourteam\" data-vc-full-width=\"true\" data-vc-full-width-init=\"false\" class=\"vc_row wpb_row vc_row-fluid vc_custom_1659638016356 vc_row-has-fill\"><div class=\"wpb_column vc_column_container vc_col-sm-12 vc_col-md-offset-2 vc_col-md-8\"><div class=\"vc_column-inner\"><div class=\"wpb_wrapper\"><div class=\"ult-spacer spacer-69d0d60353be0\" data-id=\"69d0d60353be0\" data-height=\"150\" data-height-mobile=\"75\" data-height-tab=\"100\" data-height-tab-portrait=\"100\" data-height-mobile-landscape=\"75\" style=\"clear:both;display:block;\"><\/div><h2 style=\"color: #ffffff;text-align: center\" class=\"vc_custom_heading vc_do_custom_heading\" >UNETE A NUESTRO EQUIPO<\/h2><div class=\"ult-spacer spacer-69d0d60353ebf\" data-id=\"69d0d60353ebf\" data-height=\"10\" data-height-mobile=\"5\" data-height-tab=\"10\" data-height-tab-portrait=\"10\" data-height-mobile-landscape=\"5\" style=\"clear:both;display:block;\"><\/div><div class=\"vc_row wpb_row vc_inner vc_row-fluid vc_row-o-equal-height vc_row-o-content-middle vc_row-flex\"><div class=\"center wpb_column vc_column_container vc_col-sm-12 vc_col-md-offset-2 vc_col-md-8\"><div class=\"vc_column-inner\"><div class=\"wpb_wrapper\">\n\t<div class=\"wpb_text_column wpb_content_element\" >\n\t\t<div class=\"wpb_wrapper\">\n\t\t\t<p style=\"text-align: center;\"><span style=\"color: #ffffff;\">\u00bfEst\u00e1 buscando una oportunidad para desarrollar una carrera en una organizaci\u00f3n que valora a sus empleados? Ay\u00fadenos a crear un futuro mejor para las comunidades a las que servimos y desarrolle una carrera en Hoosier Energy.<\/span><\/p>\n\n\t\t<\/div>\n\t<\/div>\n<\/div><\/div><\/div><\/div><div class=\"vc_row wpb_row vc_inner vc_row-fluid vc_row-o-equal-height vc_row-o-content-middle vc_row-flex\"><div class=\"center wpb_column vc_column_container vc_col-sm-12 vc_col-md-offset-3 vc_col-md-6\"><div class=\"vc_column-inner\"><div class=\"wpb_wrapper\"><div class=\"vc_btn3-container vc_btn3-inline\" ><a style=\"background-color:#0071af; color:#f5ff12;\" class=\"vc_general vc_btn3 vc_btn3-size-md vc_btn3-shape-square vc_btn3-style-custom\" href=\"\/es\/careers\/\" title=\"BUSCAR EMPLEOS\">BUSCAR EMPLEOS<\/a><\/div><\/div><\/div><\/div><\/div><div class=\"ult-spacer spacer-69d0d60354fbd\" data-id=\"69d0d60354fbd\" data-height=\"150\" data-height-mobile=\"75\" data-height-tab=\"100\" data-height-tab-portrait=\"100\" data-height-mobile-landscape=\"75\" style=\"clear:both;display:block;\"><\/div><\/div><\/div><\/div><\/div><div class=\"vc_row-full-width vc_clearfix\"><\/div>\n<\/div><style type=\"text\/css\" data-type=\"rcb-_wpb_shortcodes_custom_css-60\">.vc_custom_1659638016356{background-image: url(https:\/\/hoosierenergy.com\/wp-content\/uploads\/2022\/08\/Join-Our-Team-Header-01-sigmund-4khkLZuJEYI-unsplash-11.jpg?id=6840) !important;}<\/style><\/div><\/div><\/div><\/div><div class=\"vc_row-full-width vc_clearfix\"><\/div>\n<\/div>","protected":false},"excerpt":{"rendered":"<p>Hoosier Energy produce energ\u00eda a trav\u00e9s de una amplia cartera de estaciones generadoras ubicadas en todo el Medio Oeste. Las estaciones generadoras de Hoosier Energy reducen sustancialmente nuestros requisitos de energ\u00eda adquirida y crean oportunidades de desarrollo econ\u00f3mico para las comunidades en las que operamos. A trav\u00e9s de nuestro enfoque en minimizar costos y maximizar la confiabilidad para nuestros clientes, estamos cumpliendo con nuestra misi\u00f3n y...<\/p>","protected":false},"author":1,"featured_media":7242,"parent":163,"menu_order":0,"comment_status":"closed","ping_status":"closed","template":"","meta":{"_acf_changed":false,"footnotes":""},"class_list":["post-164","page","type-page","status-publish","has-post-thumbnail","hentry","description-off"],"acf":[],"yoast_head":"<!-- This site is optimized with the Yoast SEO plugin v23.9 - https:\/\/yoast.com\/wordpress\/plugins\/seo\/ -->\r\n<title>Our Generation Facilities | Hoosier Energy | Our Community<\/title>\r\n<meta name=\"description\" content=\"Hoosier Energy produces energy through a wide range of generating stations located throughout the Midwest. Learn more today.\" \/>\r\n<meta name=\"robots\" content=\"index, follow, max-snippet:-1, max-image-preview:large, max-video-preview:-1\" \/>\r\n<link rel=\"canonical\" href=\"https:\/\/www.hoosierenergy.com\/es\/our-cooperative\/energy-strategy\/generation-facilities\/\" \/>\r\n<meta property=\"og:locale\" content=\"es_ES\" \/>\r\n<meta property=\"og:type\" content=\"article\" \/>\r\n<meta property=\"og:title\" content=\"Our Generation Facilities | Hoosier Energy | Our Community\" \/>\r\n<meta property=\"og:description\" content=\"Hoosier Energy produces energy through a wide range of generating stations located throughout the Midwest. Learn more today.\" \/>\r\n<meta property=\"og:url\" content=\"https:\/\/www.hoosierenergy.com\/es\/our-cooperative\/energy-strategy\/generation-facilities\/\" \/>\r\n<meta property=\"og:site_name\" content=\"Hoosier Energy\" \/>\r\n<meta property=\"article:publisher\" content=\"https:\/\/www.facebook.com\/HoosierEnergy\" \/>\r\n<meta property=\"article:modified_time\" content=\"2025-03-18T20:34:38+00:00\" \/>\r\n<meta property=\"og:image\" content=\"https:\/\/www.hoosierenergy.com\/wp-content\/uploads\/2022\/09\/Generation-Header.jpg\" \/>\r\n\t<meta property=\"og:image:width\" content=\"1920\" \/>\r\n\t<meta property=\"og:image:height\" content=\"400\" \/>\r\n\t<meta property=\"og:image:type\" content=\"image\/jpeg\" \/>\r\n<meta name=\"twitter:card\" content=\"summary_large_image\" \/>\r\n<meta name=\"twitter:site\" content=\"@hoosierenergy\" \/>\r\n<meta name=\"twitter:label1\" content=\"Tiempo de lectura\" \/>\n\t<meta name=\"twitter:data1\" content=\"4 minutos\" \/>\r\n<script type=\"application\/ld+json\" class=\"yoast-schema-graph\">{\"@context\":\"https:\/\/schema.org\",\"@graph\":[{\"@type\":\"WebPage\",\"@id\":\"https:\/\/www.hoosierenergy.com\/our-cooperative\/energy-strategy\/generation-facilities\/\",\"url\":\"https:\/\/www.hoosierenergy.com\/our-cooperative\/energy-strategy\/generation-facilities\/\",\"name\":\"Our Generation Facilities | Hoosier Energy | Our Community\",\"isPartOf\":{\"@id\":\"https:\/\/www.hoosierenergy.com\/#website\"},\"primaryImageOfPage\":{\"@id\":\"https:\/\/www.hoosierenergy.com\/our-cooperative\/energy-strategy\/generation-facilities\/#primaryimage\"},\"image\":{\"@id\":\"https:\/\/www.hoosierenergy.com\/our-cooperative\/energy-strategy\/generation-facilities\/#primaryimage\"},\"thumbnailUrl\":\"https:\/\/www.hoosierenergy.com\/wp-content\/uploads\/2022\/09\/Generation-Header.jpg\",\"datePublished\":\"2022-07-29T01:48:57+00:00\",\"dateModified\":\"2025-03-18T20:34:38+00:00\",\"description\":\"Hoosier Energy produces energy through a wide range of generating stations located throughout the Midwest. Learn more today.\",\"breadcrumb\":{\"@id\":\"https:\/\/www.hoosierenergy.com\/our-cooperative\/energy-strategy\/generation-facilities\/#breadcrumb\"},\"inLanguage\":\"es\",\"potentialAction\":[{\"@type\":\"ReadAction\",\"target\":[\"https:\/\/www.hoosierenergy.com\/our-cooperative\/energy-strategy\/generation-facilities\/\"]}]},{\"@type\":\"ImageObject\",\"inLanguage\":\"es\",\"@id\":\"https:\/\/www.hoosierenergy.com\/our-cooperative\/energy-strategy\/generation-facilities\/#primaryimage\",\"url\":\"https:\/\/www.hoosierenergy.com\/wp-content\/uploads\/2022\/09\/Generation-Header.jpg\",\"contentUrl\":\"https:\/\/www.hoosierenergy.com\/wp-content\/uploads\/2022\/09\/Generation-Header.jpg\",\"width\":1920,\"height\":400},{\"@type\":\"BreadcrumbList\",\"@id\":\"https:\/\/www.hoosierenergy.com\/our-cooperative\/energy-strategy\/generation-facilities\/#breadcrumb\",\"itemListElement\":[{\"@type\":\"ListItem\",\"position\":1,\"name\":\"Home\",\"item\":\"https:\/\/www.hoosierenergy.com\/\"},{\"@type\":\"ListItem\",\"position\":2,\"name\":\"Our Cooperative\",\"item\":\"https:\/\/www.hoosierenergy.com\/our-cooperative\/\"},{\"@type\":\"ListItem\",\"position\":3,\"name\":\"Energy Strategy\",\"item\":\"https:\/\/www.hoosierenergy.com\/our-cooperative\/energy-strategy\/\"},{\"@type\":\"ListItem\",\"position\":4,\"name\":\"Generation Facilities\"}]},{\"@type\":\"WebSite\",\"@id\":\"https:\/\/www.hoosierenergy.com\/#website\",\"url\":\"https:\/\/www.hoosierenergy.com\/\",\"name\":\"Hoosier Energy\",\"description\":\"Powering Community\",\"publisher\":{\"@id\":\"https:\/\/www.hoosierenergy.com\/#organization\"},\"alternateName\":\"Hoosier Energy Rural Electric Cooperative, Inc.\",\"potentialAction\":[{\"@type\":\"SearchAction\",\"target\":{\"@type\":\"EntryPoint\",\"urlTemplate\":\"https:\/\/www.hoosierenergy.com\/?s={search_term_string}\"},\"query-input\":{\"@type\":\"PropertyValueSpecification\",\"valueRequired\":true,\"valueName\":\"search_term_string\"}}],\"inLanguage\":\"es\"},{\"@type\":\"Organization\",\"@id\":\"https:\/\/www.hoosierenergy.com\/#organization\",\"name\":\"Hoosier Energy Rural Electric Cooperative, Inc.\",\"alternateName\":\"Hoosier Energy\",\"url\":\"https:\/\/www.hoosierenergy.com\/\",\"logo\":{\"@type\":\"ImageObject\",\"inLanguage\":\"es\",\"@id\":\"https:\/\/www.hoosierenergy.com\/#\/schema\/logo\/image\/\",\"url\":\"https:\/\/hoosierenergy.com\/wp-content\/uploads\/2022\/05\/HoosierEnergy-logo.svg\",\"contentUrl\":\"https:\/\/hoosierenergy.com\/wp-content\/uploads\/2022\/05\/HoosierEnergy-logo.svg\",\"width\":309,\"height\":41,\"caption\":\"Hoosier Energy Rural Electric Cooperative, Inc.\"},\"image\":{\"@id\":\"https:\/\/www.hoosierenergy.com\/#\/schema\/logo\/image\/\"},\"sameAs\":[\"https:\/\/www.facebook.com\/HoosierEnergy\",\"https:\/\/x.com\/hoosierenergy\",\"https:\/\/www.linkedin.com\/company\/hoosier-energy\/\",\"https:\/\/www.youtube.com\/user\/MyHoosierEnergy\"]}]}<\/script>\r\n<!-- \/ Yoast SEO plugin. -->","yoast_head_json":{"title":"Our Generation Facilities | Hoosier Energy | Our Community","description":"Hoosier Energy produces energy through a wide range of generating stations located throughout the Midwest. Learn more today.","robots":{"index":"index","follow":"follow","max-snippet":"max-snippet:-1","max-image-preview":"max-image-preview:large","max-video-preview":"max-video-preview:-1"},"canonical":"https:\/\/www.hoosierenergy.com\/es\/our-cooperative\/energy-strategy\/generation-facilities\/","og_locale":"es_ES","og_type":"article","og_title":"Our Generation Facilities | Hoosier Energy | Our Community","og_description":"Hoosier Energy produces energy through a wide range of generating stations located throughout the Midwest. Learn more today.","og_url":"https:\/\/www.hoosierenergy.com\/es\/our-cooperative\/energy-strategy\/generation-facilities\/","og_site_name":"Hoosier Energy","article_publisher":"https:\/\/www.facebook.com\/HoosierEnergy","article_modified_time":"2025-03-18T20:34:38+00:00","og_image":[{"width":1920,"height":400,"url":"https:\/\/www.hoosierenergy.com\/wp-content\/uploads\/2022\/09\/Generation-Header.jpg","type":"image\/jpeg"}],"twitter_card":"summary_large_image","twitter_site":"@hoosierenergy","twitter_misc":{"Tiempo de lectura":"4 minutos"},"schema":{"@context":"https:\/\/schema.org","@graph":[{"@type":"WebPage","@id":"https:\/\/www.hoosierenergy.com\/our-cooperative\/energy-strategy\/generation-facilities\/","url":"https:\/\/www.hoosierenergy.com\/our-cooperative\/energy-strategy\/generation-facilities\/","name":"Our Generation Facilities | Hoosier Energy | Our Community","isPartOf":{"@id":"https:\/\/www.hoosierenergy.com\/#website"},"primaryImageOfPage":{"@id":"https:\/\/www.hoosierenergy.com\/our-cooperative\/energy-strategy\/generation-facilities\/#primaryimage"},"image":{"@id":"https:\/\/www.hoosierenergy.com\/our-cooperative\/energy-strategy\/generation-facilities\/#primaryimage"},"thumbnailUrl":"https:\/\/www.hoosierenergy.com\/wp-content\/uploads\/2022\/09\/Generation-Header.jpg","datePublished":"2022-07-29T01:48:57+00:00","dateModified":"2025-03-18T20:34:38+00:00","description":"Hoosier Energy produces energy through a wide range of generating stations located throughout the Midwest. Learn more today.","breadcrumb":{"@id":"https:\/\/www.hoosierenergy.com\/our-cooperative\/energy-strategy\/generation-facilities\/#breadcrumb"},"inLanguage":"es","potentialAction":[{"@type":"ReadAction","target":["https:\/\/www.hoosierenergy.com\/our-cooperative\/energy-strategy\/generation-facilities\/"]}]},{"@type":"ImageObject","inLanguage":"es","@id":"https:\/\/www.hoosierenergy.com\/our-cooperative\/energy-strategy\/generation-facilities\/#primaryimage","url":"https:\/\/www.hoosierenergy.com\/wp-content\/uploads\/2022\/09\/Generation-Header.jpg","contentUrl":"https:\/\/www.hoosierenergy.com\/wp-content\/uploads\/2022\/09\/Generation-Header.jpg","width":1920,"height":400},{"@type":"BreadcrumbList","@id":"https:\/\/www.hoosierenergy.com\/our-cooperative\/energy-strategy\/generation-facilities\/#breadcrumb","itemListElement":[{"@type":"ListItem","position":1,"name":"Home","item":"https:\/\/www.hoosierenergy.com\/"},{"@type":"ListItem","position":2,"name":"Our Cooperative","item":"https:\/\/www.hoosierenergy.com\/our-cooperative\/"},{"@type":"ListItem","position":3,"name":"Energy Strategy","item":"https:\/\/www.hoosierenergy.com\/our-cooperative\/energy-strategy\/"},{"@type":"ListItem","position":4,"name":"Generation Facilities"}]},{"@type":"WebSite","@id":"https:\/\/www.hoosierenergy.com\/#website","url":"https:\/\/www.hoosierenergy.com\/","name":"Hoosier Energy","description":"Powering Community","publisher":{"@id":"https:\/\/www.hoosierenergy.com\/#organization"},"alternateName":"Hoosier Energy Rural Electric Cooperative, Inc.","potentialAction":[{"@type":"SearchAction","target":{"@type":"EntryPoint","urlTemplate":"https:\/\/www.hoosierenergy.com\/?s={search_term_string}"},"query-input":{"@type":"PropertyValueSpecification","valueRequired":true,"valueName":"search_term_string"}}],"inLanguage":"es"},{"@type":"Organization","@id":"https:\/\/www.hoosierenergy.com\/#organization","name":"Hoosier Energy Rural Electric Cooperative, Inc.","alternateName":"Hoosier Energy","url":"https:\/\/www.hoosierenergy.com\/","logo":{"@type":"ImageObject","inLanguage":"es","@id":"https:\/\/www.hoosierenergy.com\/#\/schema\/logo\/image\/","url":"https:\/\/hoosierenergy.com\/wp-content\/uploads\/2022\/05\/HoosierEnergy-logo.svg","contentUrl":"https:\/\/hoosierenergy.com\/wp-content\/uploads\/2022\/05\/HoosierEnergy-logo.svg","width":309,"height":41,"caption":"Hoosier Energy Rural Electric Cooperative, Inc."},"image":{"@id":"https:\/\/www.hoosierenergy.com\/#\/schema\/logo\/image\/"},"sameAs":["https:\/\/www.facebook.com\/HoosierEnergy","https:\/\/x.com\/hoosierenergy","https:\/\/www.linkedin.com\/company\/hoosier-energy\/","https:\/\/www.youtube.com\/user\/MyHoosierEnergy"]}]}},"_links":{"self":[{"href":"https:\/\/www.hoosierenergy.com\/es\/wp-json\/wp\/v2\/pages\/164","targetHints":{"allow":["GET"]}}],"collection":[{"href":"https:\/\/www.hoosierenergy.com\/es\/wp-json\/wp\/v2\/pages"}],"about":[{"href":"https:\/\/www.hoosierenergy.com\/es\/wp-json\/wp\/v2\/types\/page"}],"author":[{"embeddable":true,"href":"https:\/\/www.hoosierenergy.com\/es\/wp-json\/wp\/v2\/users\/1"}],"replies":[{"embeddable":true,"href":"https:\/\/www.hoosierenergy.com\/es\/wp-json\/wp\/v2\/comments?post=164"}],"version-history":[{"count":0,"href":"https:\/\/www.hoosierenergy.com\/es\/wp-json\/wp\/v2\/pages\/164\/revisions"}],"up":[{"embeddable":true,"href":"https:\/\/www.hoosierenergy.com\/es\/wp-json\/wp\/v2\/pages\/163"}],"wp:featuredmedia":[{"embeddable":true,"href":"https:\/\/www.hoosierenergy.com\/es\/wp-json\/wp\/v2\/media\/7242"}],"wp:attachment":[{"href":"https:\/\/www.hoosierenergy.com\/es\/wp-json\/wp\/v2\/media?parent=164"}],"curies":[{"name":"wp","href":"https:\/\/api.w.org\/{rel}","templated":true}]}}