{"id":140,"date":"2022-07-20T12:24:26","date_gmt":"2022-07-20T12:24:26","guid":{"rendered":"https:\/\/hoosierenerstg.wpengine.com\/?page_id=140"},"modified":"2025-02-03T11:12:32","modified_gmt":"2025-02-03T16:12:32","slug":"history","status":"publish","type":"page","link":"https:\/\/www.hoosierenergy.com\/es\/our-cooperative\/history\/","title":{"rendered":"Historia"},"content":{"rendered":"<div class=\"wpb-content-wrapper\"><div class=\"vc_row wpb_row vc_row-fluid negativetopmargin vc_custom_1654014318664 vc_row-has-fill\"><div class=\"wpb_column vc_column_container vc_col-sm-12 vc_col-md-offset-2 vc_col-md-8\"><div class=\"vc_column-inner\"><div class=\"wpb_wrapper\"><div class=\"ult-spacer spacer-69e79879785fe\" data-id=\"69e79879785fe\" data-height=\"50\" data-height-mobile=\"20\" data-height-tab=\"30\" data-height-tab-portrait=\"30\" data-height-mobile-landscape=\"20\" style=\"clear:both;display:block;\"><\/div><h2 style=\"text-align: center\" class=\"vc_custom_heading vc_do_custom_heading\" >Con ra\u00edces que datan de la d\u00e9cada de 1940, Hoosier Energy ha brindado energ\u00eda a regiones de Indiana e Illinois durante m\u00e1s de 70 a\u00f1os.<\/h2>\n\t<div class=\"wpb_text_column wpb_content_element\" >\n\t\t<div class=\"wpb_wrapper\">\n\t\t\t<p style=\"text-align: center;\">Aunque la Hoosier Energy de hoy no se parece en nada a la de antes, nuestra misi\u00f3n sigue siendo la misma: proporcionar energ\u00eda asequible y confiable a las regiones rurales y desatendidas de Indiana e Illinois. A lo largo de la historia de Hoosier Energy, nuestra presencia se ha expandido para llegar a cientos de miles de hogares, granjas y empresas. Hoy, prestamos servicios a 17 cooperativas el\u00e9ctricas miembro, entregando energ\u00eda a trav\u00e9s de una red de transmisi\u00f3n de 1700 millas.<\/p>\n\n\t\t<\/div>\n\t<\/div>\n<div class=\"ult-spacer spacer-69e7987978f92\" data-id=\"69e7987978f92\" data-height=\"50\" data-height-mobile=\"25\" data-height-tab=\"35\" data-height-tab-portrait=\"35\" data-height-mobile-landscape=\"25\" style=\"clear:both;display:block;\"><\/div><\/div><\/div><\/div><\/div><div data-vc-full-width=\"true\" data-vc-full-width-temp=\"true\" data-vc-full-width-init=\"false\" data-vc-stretch-content=\"true\" class=\"vc_row wpb_row vc_row-fluid\"><div class=\"wpb_column vc_column_container vc_col-sm-12 vc_col-has-fill\"><div class=\"vc_column-inner vc_custom_1653007235698\"><div class=\"wpb_wrapper\"><div class=\"vc_row wpb_row vc_inner vc_row-fluid vc_row-o-equal-height vc_row-o-content-middle vc_row-flex\"><div class=\"wpb_column vc_column_container vc_col-sm-6 vc_col-has-fill\"><div class=\"vc_column-inner vc_custom_1663456884739\"><div class=\"wpb_wrapper\"><\/div><\/div><\/div><div class=\"wpb_column vc_column_container vc_col-sm-4\"><div class=\"vc_column-inner vc_custom_1653418144460\"><div class=\"wpb_wrapper\"><div class=\"ult-spacer spacer-69e798797a705\" data-id=\"69e798797a705\" data-height=\"75\" data-height-mobile=\"35\" data-height-tab=\"60\" data-height-tab-portrait=\"60\" data-height-mobile-landscape=\"35\" style=\"clear:both;display:block;\"><\/div><h2 style=\"text-align: left\" class=\"vc_custom_heading vc_do_custom_heading light-headline\" >Asegurar la electricidad para los habitantes de las zonas rurales de Indiana<\/h2>\n\t<div class=\"wpb_text_column wpb_content_element\" >\n\t\t<div class=\"wpb_wrapper\">\n\t\t\t<p><span style=\"color: #ffffff;\">En la d\u00e9cada de 1930, muchas granjas de Indiana a\u00fan no ten\u00edan electricidad, debido en gran parte a que las empresas de servicios p\u00fablicos privadas de la \u00e9poca no estaban dispuestas a realizar las inversiones necesarias para instalar l\u00edneas el\u00e9ctricas en partes escasamente pobladas del estado. Aunque las ciudades y los pueblos del medio oeste estaban electrificados, muchos agricultores rurales todav\u00eda usaban generadores de gas para bombear agua y realizar tareas limitadas en la granja.<\/span><\/p>\n<p><span style=\"color: #ffffff;\">En 1935, la reci\u00e9n formada Administraci\u00f3n de Electrificaci\u00f3n Rural (REA) ayud\u00f3 a cambiar eso. La agencia federal, establecida por el presidente Franklin Delano Roosevelt, busc\u00f3 llevar electricidad de bajo costo a los agricultores estadounidenses. En unos pocos a\u00f1os, la energ\u00eda el\u00e9ctrica lleg\u00f3 a las granjas de Indiana y al resto de la naci\u00f3n.<\/span><\/p>\n<p><span style=\"color: #ffffff;\">Poco despu\u00e9s de la creaci\u00f3n de la REA, varios grupos de agricultores se unieron para construir l\u00edneas de transmisi\u00f3n y distribuci\u00f3n, financiando la construcci\u00f3n a trav\u00e9s de pr\u00e9stamos federales a bajo inter\u00e9s. Estos grupos permitieron a los agricultores trabajar colectivamente para asegurar el \u00e9xito de los dem\u00e1s. En los a\u00f1os que siguieron, se formaron corporaciones de miembros de electricidad rural (REMC, por sus siglas en ingl\u00e9s) en todo el pa\u00eds.<\/span><\/p>\n<p><span style=\"color: #ffffff;\">Si bien la REA ayud\u00f3 a electrificar decenas de miles de granjas en todo el pa\u00eds, las empresas de servicios p\u00fablicos propiedad de los inversores que produc\u00edan la electricidad ten\u00edan toda la energ\u00eda. A fines de la d\u00e9cada de 1940, los costos de energ\u00eda aumentaban mientras que la confiabilidad disminu\u00eda y muchos buscaban una alternativa.<\/span><\/p>\n\n\t\t<\/div>\n\t<\/div>\n<div class=\"ult-spacer spacer-69e798797abed\" data-id=\"69e798797abed\" data-height=\"75\" data-height-mobile=\"35\" data-height-tab=\"60\" data-height-tab-portrait=\"60\" data-height-mobile-landscape=\"35\" style=\"clear:both;display:block;\"><\/div><\/div><\/div><\/div><\/div><\/div><\/div><\/div><\/div><div class=\"vc_row-full-width vc_clearfix\"><\/div><div data-vc-full-width=\"true\" data-vc-full-width-temp=\"true\" data-vc-full-width-init=\"false\" data-vc-stretch-content=\"true\" class=\"vc_row wpb_row vc_row-fluid\"><div class=\"wpb_column vc_column_container vc_col-sm-12 vc_col-has-fill\"><div class=\"vc_column-inner vc_custom_1652967912356\"><div class=\"wpb_wrapper\"><div class=\"vc_row wpb_row vc_inner vc_row-fluid swap-on-mobile vc_row-o-equal-height vc_row-o-content-middle vc_row-flex\"><div class=\"wpb_column vc_column_container vc_col-sm-6 vc_col-lg-offset-2 vc_col-lg-4\"><div class=\"vc_column-inner vc_custom_1653418170471\"><div class=\"wpb_wrapper\"><div class=\"ult-spacer spacer-69e798797b82c\" data-id=\"69e798797b82c\" data-height=\"75\" data-height-mobile=\"35\" data-height-tab=\"60\" data-height-tab-portrait=\"60\" data-height-mobile-landscape=\"35\" style=\"clear:both;display:block;\"><\/div><h2 style=\"text-align: left\" class=\"vc_custom_heading vc_do_custom_heading light-headline\" >Unidos para proporcionar electricidad confiable<\/h2>\n\t<div class=\"wpb_text_column wpb_content_element\" >\n\t\t<div class=\"wpb_wrapper\">\n\t\t\t<p>Los primeros d\u00edas de Hoosier Energy datan de la primavera de 1949, cuando un grupo de agricultores se reuni\u00f3 en un caf\u00e9 en Rushville, Indiana, para idear una estrategia para llevar electricidad confiable y asequible a amplias franjas de tierras agr\u00edcolas en todo el estado.<\/p>\n<p>Poco despu\u00e9s de su reuni\u00f3n, el grupo se incorpor\u00f3 a lo que se convertir\u00eda en Hoosier Energy. Su objetivo era simple: asegurar tarifas de energ\u00eda mayoristas m\u00e1s asequibles en comparaci\u00f3n con lo que estaban pagando a las empresas de servicios p\u00fablicos propiedad de los inversionistas.<\/p>\n<p>Esos agricultores integraron la junta directiva y aprobaron una resoluci\u00f3n para buscar un pr\u00e9stamo de $6.5 millones de la Administraci\u00f3n de Electrificaci\u00f3n Rural para construir un sistema de generaci\u00f3n y transmisi\u00f3n. La junta reconoci\u00f3 que para asegurar tarifas justas por energ\u00eda confiable, tendr\u00edan que hacerlo ellos mismos.<\/p>\n\n\t\t<\/div>\n\t<\/div>\n<div class=\"ult-spacer spacer-69e798797bce9\" data-id=\"69e798797bce9\" data-height=\"75\" data-height-mobile=\"35\" data-height-tab=\"60\" data-height-tab-portrait=\"60\" data-height-mobile-landscape=\"35\" style=\"clear:both;display:block;\"><\/div><\/div><\/div><\/div><div class=\"wpb_column vc_column_container vc_col-sm-6 vc_col-has-fill\"><div class=\"vc_column-inner vc_custom_1663456896632\"><div class=\"wpb_wrapper\"><\/div><\/div><\/div><\/div><\/div><\/div><\/div><\/div><div class=\"vc_row-full-width vc_clearfix\"><\/div><div data-vc-full-width=\"true\" data-vc-full-width-temp=\"true\" data-vc-full-width-init=\"false\" data-vc-stretch-content=\"true\" class=\"vc_row wpb_row vc_row-fluid\"><div class=\"wpb_column vc_column_container vc_col-sm-12 vc_col-has-fill\"><div class=\"vc_column-inner vc_custom_1653007217691\"><div class=\"wpb_wrapper\"><div class=\"vc_row wpb_row vc_inner vc_row-fluid vc_row-o-equal-height vc_row-o-content-middle vc_row-flex\"><div class=\"wpb_column vc_column_container vc_col-sm-6 vc_col-has-fill\"><div class=\"vc_column-inner vc_custom_1663456909225\"><div class=\"wpb_wrapper\"><\/div><\/div><\/div><div class=\"wpb_column vc_column_container vc_col-sm-4\"><div class=\"vc_column-inner vc_custom_1653418794265\"><div class=\"wpb_wrapper\"><div class=\"ult-spacer spacer-69e798797cd85\" data-id=\"69e798797cd85\" data-height=\"75\" data-height-mobile=\"35\" data-height-tab=\"60\" data-height-tab-portrait=\"60\" data-height-mobile-landscape=\"35\" style=\"clear:both;display:block;\"><\/div><h2 style=\"color: #ffffff;text-align: left\" class=\"vc_custom_heading vc_do_custom_heading light-headline\" >Hoosier Energy hoy<\/h2>\n\t<div class=\"wpb_text_column wpb_content_element\" >\n\t\t<div class=\"wpb_wrapper\">\n\t\t\t<p><span style=\"color: #ffffff;\">A lo largo de las d\u00e9cadas, Hoosier Energy ha madurado y crecido hasta convertirse en una cooperativa de generaci\u00f3n y transmisi\u00f3n eficiente que ahora presta servicio a m\u00e1s de 700.000 consumidores a trav\u00e9s de 17 cooperativas el\u00e9ctricas miembros en un \u00e1rea de 15.000 millas cuadradas en Indiana e Illinois. Obtenemos energ\u00eda de una amplia gama de recursos y hemos logrado avances significativos durante la \u00faltima d\u00e9cada para aumentar la producci\u00f3n y distribuci\u00f3n de energ\u00eda renovable. Nuestro compromiso con la energ\u00eda renovable se ha visto reforzado por una pol\u00edtica voluntaria de la junta directiva para aumentar la parte renovable de nuestra producci\u00f3n a al menos 10% para 2025.<\/span><\/p>\n<p><span style=\"color: #ffffff;\">Hoy operamos con la misma visi\u00f3n y claridad que han servido a nuestra cooperativa desde 1949. Los principios que guiaron a nuestros l\u00edderes hace m\u00e1s de 70 a\u00f1os siguen siendo los mismos y estamos comprometidos a brindar valor a nuestros miembros en las pr\u00f3ximas d\u00e9cadas.<\/span><\/p>\n\n\t\t<\/div>\n\t<\/div>\n<div class=\"ult-spacer spacer-69e798797d235\" data-id=\"69e798797d235\" data-height=\"75\" data-height-mobile=\"35\" data-height-tab=\"60\" data-height-tab-portrait=\"60\" data-height-mobile-landscape=\"35\" style=\"clear:both;display:block;\"><\/div><\/div><\/div><\/div><\/div><\/div><\/div><\/div><\/div><div class=\"vc_row-full-width vc_clearfix\"><\/div><div data-vc-full-width=\"true\" data-vc-full-width-temp=\"true\" data-vc-full-width-init=\"false\" class=\"vc_row wpb_row vc_row-fluid\"><style type=\"text\/css\" data-type=\"vc_shortcodes-default-css\">.vc_do_custom_heading{margin-bottom:0.625rem;margin-top:0;}.vc_do_btn{margin-bottom:22px;}<\/style><style type=\"text\/css\" data-type=\"vc_shortcodes-custom-css\">.vc_custom_1659638016356{background-image: url(https:\/\/hoosierenergy.com\/wp-content\/uploads\/2022\/08\/Join-Our-Team-Header-01-sigmund-4khkLZuJEYI-unsplash-11.jpg?id=6840) !important;}<\/style><div class=\"wpb_column vc_column_container vc_col-sm-12\"><div class=\"vc_column-inner\"><div class=\"wpb_wrapper\"><div class=\"wpb-content-wrapper\"><div id=\"joinourteam\" data-vc-full-width=\"true\" data-vc-full-width-temp=\"true\" data-vc-full-width-init=\"false\" class=\"vc_row wpb_row vc_row-fluid vc_custom_1659638016356 vc_row-has-fill\"><div class=\"wpb_column vc_column_container vc_col-sm-12 vc_col-md-offset-2 vc_col-md-8\"><div class=\"vc_column-inner\"><div class=\"wpb_wrapper\"><div class=\"ult-spacer spacer-69e798797f4c0\" data-id=\"69e798797f4c0\" data-height=\"150\" data-height-mobile=\"75\" data-height-tab=\"100\" data-height-tab-portrait=\"100\" data-height-mobile-landscape=\"75\" style=\"clear:both;display:block;\"><\/div><h2 style=\"color: #ffffff;text-align: center\" class=\"vc_custom_heading vc_do_custom_heading\" >UNETE A NUESTRO EQUIPO<\/h2><div class=\"ult-spacer spacer-69e798797f7a4\" data-id=\"69e798797f7a4\" data-height=\"10\" data-height-mobile=\"5\" data-height-tab=\"10\" data-height-tab-portrait=\"10\" data-height-mobile-landscape=\"5\" style=\"clear:both;display:block;\"><\/div><div class=\"vc_row wpb_row vc_inner vc_row-fluid vc_row-o-equal-height vc_row-o-content-middle vc_row-flex\"><div class=\"center wpb_column vc_column_container vc_col-sm-12 vc_col-md-offset-2 vc_col-md-8\"><div class=\"vc_column-inner\"><div class=\"wpb_wrapper\">\n\t<div class=\"wpb_text_column wpb_content_element\" >\n\t\t<div class=\"wpb_wrapper\">\n\t\t\t<p style=\"text-align: center;\"><span style=\"color: #ffffff;\">\u00bfEst\u00e1 buscando una oportunidad para desarrollar una carrera en una organizaci\u00f3n que valora a sus empleados? Ay\u00fadenos a crear un futuro mejor para las comunidades a las que servimos y desarrolle una carrera en Hoosier Energy.<\/span><\/p>\n\n\t\t<\/div>\n\t<\/div>\n<\/div><\/div><\/div><\/div><div class=\"vc_row wpb_row vc_inner vc_row-fluid vc_row-o-equal-height vc_row-o-content-middle vc_row-flex\"><div class=\"center wpb_column vc_column_container vc_col-sm-12 vc_col-md-offset-3 vc_col-md-6\"><div class=\"vc_column-inner\"><div class=\"wpb_wrapper\"><div class=\"vc_btn3-container vc_btn3-inline\" ><a style=\"background-color:#0071af; color:#f5ff12;\" class=\"vc_general vc_btn3 vc_btn3-size-md vc_btn3-shape-square vc_btn3-style-custom\" href=\"\/es\/careers\/\" title=\"BUSCAR EMPLEOS\">BUSCAR EMPLEOS<\/a><\/div><\/div><\/div><\/div><\/div><div class=\"ult-spacer spacer-69e7987980919\" data-id=\"69e7987980919\" data-height=\"150\" data-height-mobile=\"75\" data-height-tab=\"100\" data-height-tab-portrait=\"100\" data-height-mobile-landscape=\"75\" style=\"clear:both;display:block;\"><\/div><\/div><\/div><\/div><\/div><div class=\"vc_row-full-width vc_clearfix\"><\/div>\n<\/div><style type=\"text\/css\" data-type=\"rcb-_wpb_shortcodes_custom_css-60\">.vc_custom_1659638016356{background-image: url(https:\/\/hoosierenergy.com\/wp-content\/uploads\/2022\/08\/Join-Our-Team-Header-01-sigmund-4khkLZuJEYI-unsplash-11.jpg?id=6840) !important;}<\/style><\/div><\/div><\/div><\/div><div class=\"vc_row-full-width vc_clearfix\"><\/div>\n<\/div>","protected":false},"excerpt":{"rendered":"<p>Con ra\u00edces que datan de la d\u00e9cada de 1940, Hoosier Energy ha estado suministrando energ\u00eda a las regiones de Indiana e Illinois durante m\u00e1s de 70 a\u00f1os. Aunque Hoosier Energy de hoy no se parece mucho a sus inicios, nuestra misi\u00f3n sigue siendo la misma: brindar energ\u00eda asequible y confiable a las zonas rurales. y regiones desatendidas de Indiana e Illinois. A lo largo de la historia de Hoosier Energy,...<\/p>","protected":false},"author":1,"featured_media":6829,"parent":22,"menu_order":0,"comment_status":"closed","ping_status":"closed","template":"","meta":{"_acf_changed":false,"footnotes":""},"class_list":["post-140","page","type-page","status-publish","has-post-thumbnail","hentry","description-off"],"acf":[],"yoast_head":"<!-- This site is optimized with the Yoast SEO plugin v27.4 - https:\/\/yoast.com\/product\/yoast-seo-wordpress\/ -->\r\n<title>Our History | Hoosier Energy | Serving Illinois and Indiana<\/title>\r\n<meta name=\"description\" content=\"With roots dating to the 1940s, Hoosier Energy has been powering regions of Indiana and Illinois for over 70 years. Learn more about our history.\" \/>\r\n<meta name=\"robots\" content=\"index, follow, max-snippet:-1, max-image-preview:large, max-video-preview:-1\" \/>\r\n<link rel=\"canonical\" href=\"https:\/\/www.hoosierenergy.com\/es\/our-cooperative\/history\/\" \/>\r\n<meta property=\"og:locale\" content=\"es_ES\" \/>\r\n<meta property=\"og:type\" content=\"article\" \/>\r\n<meta property=\"og:title\" content=\"Our History | Hoosier Energy | Serving Illinois and Indiana\" \/>\r\n<meta property=\"og:description\" content=\"With roots dating to the 1940s, Hoosier Energy has been powering regions of Indiana and Illinois for over 70 years. Learn more about our history.\" \/>\r\n<meta property=\"og:url\" content=\"https:\/\/www.hoosierenergy.com\/es\/our-cooperative\/history\/\" \/>\r\n<meta property=\"og:site_name\" content=\"Hoosier Energy\" \/>\r\n<meta property=\"article:publisher\" content=\"https:\/\/www.facebook.com\/HoosierEnergy\" \/>\r\n<meta property=\"article:modified_time\" content=\"2025-02-03T16:12:32+00:00\" \/>\r\n<meta property=\"og:image\" content=\"https:\/\/www.hoosierenergy.com\/wp-content\/uploads\/2022\/08\/header-ourhistory.jpg\" \/>\r\n\t<meta property=\"og:image:width\" content=\"1920\" \/>\r\n\t<meta property=\"og:image:height\" content=\"560\" \/>\r\n\t<meta property=\"og:image:type\" content=\"image\/jpeg\" \/>\r\n<meta name=\"twitter:card\" content=\"summary_large_image\" \/>\r\n<meta name=\"twitter:site\" content=\"@hoosierenergy\" \/>\r\n<meta name=\"twitter:label1\" content=\"Tiempo de lectura\" \/>\n\t<meta name=\"twitter:data1\" content=\"4 minutos\" \/>\r\n<script type=\"application\/ld+json\" class=\"yoast-schema-graph\">{\"@context\":\"https:\\\/\\\/schema.org\",\"@graph\":[{\"@type\":\"WebPage\",\"@id\":\"https:\\\/\\\/www.hoosierenergy.com\\\/our-cooperative\\\/history\\\/\",\"url\":\"https:\\\/\\\/www.hoosierenergy.com\\\/our-cooperative\\\/history\\\/\",\"name\":\"Our History | Hoosier Energy | Serving Illinois and Indiana\",\"isPartOf\":{\"@id\":\"https:\\\/\\\/www.hoosierenergy.com\\\/#website\"},\"primaryImageOfPage\":{\"@id\":\"https:\\\/\\\/www.hoosierenergy.com\\\/our-cooperative\\\/history\\\/#primaryimage\"},\"image\":{\"@id\":\"https:\\\/\\\/www.hoosierenergy.com\\\/our-cooperative\\\/history\\\/#primaryimage\"},\"thumbnailUrl\":\"https:\\\/\\\/www.hoosierenergy.com\\\/wp-content\\\/uploads\\\/2022\\\/08\\\/header-ourhistory.jpg\",\"datePublished\":\"2022-07-20T12:24:26+00:00\",\"dateModified\":\"2025-02-03T16:12:32+00:00\",\"description\":\"With roots dating to the 1940s, Hoosier Energy has been powering regions of Indiana and Illinois for over 70 years. Learn more about our history.\",\"breadcrumb\":{\"@id\":\"https:\\\/\\\/www.hoosierenergy.com\\\/our-cooperative\\\/history\\\/#breadcrumb\"},\"inLanguage\":\"es\",\"potentialAction\":[{\"@type\":\"ReadAction\",\"target\":[\"https:\\\/\\\/www.hoosierenergy.com\\\/our-cooperative\\\/history\\\/\"]}]},{\"@type\":\"ImageObject\",\"inLanguage\":\"es\",\"@id\":\"https:\\\/\\\/www.hoosierenergy.com\\\/our-cooperative\\\/history\\\/#primaryimage\",\"url\":\"https:\\\/\\\/www.hoosierenergy.com\\\/wp-content\\\/uploads\\\/2022\\\/08\\\/header-ourhistory.jpg\",\"contentUrl\":\"https:\\\/\\\/www.hoosierenergy.com\\\/wp-content\\\/uploads\\\/2022\\\/08\\\/header-ourhistory.jpg\",\"width\":1920,\"height\":560},{\"@type\":\"BreadcrumbList\",\"@id\":\"https:\\\/\\\/www.hoosierenergy.com\\\/our-cooperative\\\/history\\\/#breadcrumb\",\"itemListElement\":[{\"@type\":\"ListItem\",\"position\":1,\"name\":\"Home\",\"item\":\"https:\\\/\\\/www.hoosierenergy.com\\\/\"},{\"@type\":\"ListItem\",\"position\":2,\"name\":\"Our Cooperative\",\"item\":\"https:\\\/\\\/www.hoosierenergy.com\\\/our-cooperative\\\/\"},{\"@type\":\"ListItem\",\"position\":3,\"name\":\"History\"}]},{\"@type\":\"WebSite\",\"@id\":\"https:\\\/\\\/www.hoosierenergy.com\\\/#website\",\"url\":\"https:\\\/\\\/www.hoosierenergy.com\\\/\",\"name\":\"Hoosier Energy\",\"description\":\"Powering Community\",\"alternateName\":\"Hoosier Energy Rural Electric Cooperative, Inc.\",\"potentialAction\":[{\"@type\":\"SearchAction\",\"target\":{\"@type\":\"EntryPoint\",\"urlTemplate\":\"https:\\\/\\\/www.hoosierenergy.com\\\/?s={search_term_string}\"},\"query-input\":{\"@type\":\"PropertyValueSpecification\",\"valueRequired\":true,\"valueName\":\"search_term_string\"}}],\"inLanguage\":\"es\"}]}<\/script>\r\n<!-- \/ Yoast SEO plugin. -->","yoast_head_json":{"title":"Our History | Hoosier Energy | Serving Illinois and Indiana","description":"With roots dating to the 1940s, Hoosier Energy has been powering regions of Indiana and Illinois for over 70 years. Learn more about our history.","robots":{"index":"index","follow":"follow","max-snippet":"max-snippet:-1","max-image-preview":"max-image-preview:large","max-video-preview":"max-video-preview:-1"},"canonical":"https:\/\/www.hoosierenergy.com\/es\/our-cooperative\/history\/","og_locale":"es_ES","og_type":"article","og_title":"Our History | Hoosier Energy | Serving Illinois and Indiana","og_description":"With roots dating to the 1940s, Hoosier Energy has been powering regions of Indiana and Illinois for over 70 years. Learn more about our history.","og_url":"https:\/\/www.hoosierenergy.com\/es\/our-cooperative\/history\/","og_site_name":"Hoosier Energy","article_publisher":"https:\/\/www.facebook.com\/HoosierEnergy","article_modified_time":"2025-02-03T16:12:32+00:00","og_image":[{"width":1920,"height":560,"url":"https:\/\/www.hoosierenergy.com\/wp-content\/uploads\/2022\/08\/header-ourhistory.jpg","type":"image\/jpeg"}],"twitter_card":"summary_large_image","twitter_site":"@hoosierenergy","twitter_misc":{"Tiempo de lectura":"4 minutos"},"schema":{"@context":"https:\/\/schema.org","@graph":[{"@type":"WebPage","@id":"https:\/\/www.hoosierenergy.com\/our-cooperative\/history\/","url":"https:\/\/www.hoosierenergy.com\/our-cooperative\/history\/","name":"Our History | Hoosier Energy | Serving Illinois and Indiana","isPartOf":{"@id":"https:\/\/www.hoosierenergy.com\/#website"},"primaryImageOfPage":{"@id":"https:\/\/www.hoosierenergy.com\/our-cooperative\/history\/#primaryimage"},"image":{"@id":"https:\/\/www.hoosierenergy.com\/our-cooperative\/history\/#primaryimage"},"thumbnailUrl":"https:\/\/www.hoosierenergy.com\/wp-content\/uploads\/2022\/08\/header-ourhistory.jpg","datePublished":"2022-07-20T12:24:26+00:00","dateModified":"2025-02-03T16:12:32+00:00","description":"With roots dating to the 1940s, Hoosier Energy has been powering regions of Indiana and Illinois for over 70 years. Learn more about our history.","breadcrumb":{"@id":"https:\/\/www.hoosierenergy.com\/our-cooperative\/history\/#breadcrumb"},"inLanguage":"es","potentialAction":[{"@type":"ReadAction","target":["https:\/\/www.hoosierenergy.com\/our-cooperative\/history\/"]}]},{"@type":"ImageObject","inLanguage":"es","@id":"https:\/\/www.hoosierenergy.com\/our-cooperative\/history\/#primaryimage","url":"https:\/\/www.hoosierenergy.com\/wp-content\/uploads\/2022\/08\/header-ourhistory.jpg","contentUrl":"https:\/\/www.hoosierenergy.com\/wp-content\/uploads\/2022\/08\/header-ourhistory.jpg","width":1920,"height":560},{"@type":"BreadcrumbList","@id":"https:\/\/www.hoosierenergy.com\/our-cooperative\/history\/#breadcrumb","itemListElement":[{"@type":"ListItem","position":1,"name":"Home","item":"https:\/\/www.hoosierenergy.com\/"},{"@type":"ListItem","position":2,"name":"Our Cooperative","item":"https:\/\/www.hoosierenergy.com\/our-cooperative\/"},{"@type":"ListItem","position":3,"name":"History"}]},{"@type":"WebSite","@id":"https:\/\/www.hoosierenergy.com\/#website","url":"https:\/\/www.hoosierenergy.com\/","name":"Energ\u00eda de Hoosier","description":"Comunidad de energ\u00eda","alternateName":"Hoosier Energy Rural Electric Cooperative, Inc.","potentialAction":[{"@type":"SearchAction","target":{"@type":"EntryPoint","urlTemplate":"https:\/\/www.hoosierenergy.com\/?s={search_term_string}"},"query-input":{"@type":"PropertyValueSpecification","valueRequired":true,"valueName":"search_term_string"}}],"inLanguage":"es"}]}},"_links":{"self":[{"href":"https:\/\/www.hoosierenergy.com\/es\/wp-json\/wp\/v2\/pages\/140","targetHints":{"allow":["GET"]}}],"collection":[{"href":"https:\/\/www.hoosierenergy.com\/es\/wp-json\/wp\/v2\/pages"}],"about":[{"href":"https:\/\/www.hoosierenergy.com\/es\/wp-json\/wp\/v2\/types\/page"}],"author":[{"embeddable":true,"href":"https:\/\/www.hoosierenergy.com\/es\/wp-json\/wp\/v2\/users\/1"}],"replies":[{"embeddable":true,"href":"https:\/\/www.hoosierenergy.com\/es\/wp-json\/wp\/v2\/comments?post=140"}],"version-history":[{"count":0,"href":"https:\/\/www.hoosierenergy.com\/es\/wp-json\/wp\/v2\/pages\/140\/revisions"}],"up":[{"embeddable":true,"href":"https:\/\/www.hoosierenergy.com\/es\/wp-json\/wp\/v2\/pages\/22"}],"wp:featuredmedia":[{"embeddable":true,"href":"https:\/\/www.hoosierenergy.com\/es\/wp-json\/wp\/v2\/media\/6829"}],"wp:attachment":[{"href":"https:\/\/www.hoosierenergy.com\/es\/wp-json\/wp\/v2\/media?parent=140"}],"curies":[{"name":"wp","href":"https:\/\/api.w.org\/{rel}","templated":true}]}}