{"id":128,"date":"2022-07-14T16:53:37","date_gmt":"2022-07-14T16:53:37","guid":{"rendered":"https:\/\/hoosierenerstg.wpengine.com\/?page_id=128"},"modified":"2024-01-17T11:03:48","modified_gmt":"2024-01-17T16:03:48","slug":"economic-development-assistance","status":"publish","type":"page","link":"https:\/\/www.hoosierenergy.com\/es\/economic-development\/economic-development-assistance\/","title":{"rendered":"Asistencia para el desarrollo econ\u00f3mico"},"content":{"rendered":"<div class=\"wpb-content-wrapper\"><div class=\"vc_row wpb_row vc_row-fluid negativetopmargin vc_custom_1654014318664 vc_row-has-fill\"><div class=\"wpb_column vc_column_container vc_col-sm-12 vc_col-md-offset-2 vc_col-md-8\"><div class=\"vc_column-inner\"><div class=\"wpb_wrapper\"><div class=\"ult-spacer spacer-69e7985782217\" data-id=\"69e7985782217\" data-height=\"50\" data-height-mobile=\"20\" data-height-tab=\"30\" data-height-tab-portrait=\"30\" data-height-mobile-landscape=\"20\" style=\"clear:both;display:block;\"><\/div><h2 style=\"text-align: center\" class=\"vc_custom_heading vc_do_custom_heading\" >Nuestro equipo de desarrollo econ\u00f3mico brinda asistencia cr\u00edtica para ayudar a las empresas a establecer o expandir su presencia en el Medio Oeste.<\/h2>\n\t<div class=\"wpb_text_column wpb_content_element\" >\n\t\t<div class=\"wpb_wrapper\">\n\t\t\t<p style=\"text-align: center;\">El equipo de desarrollo econ\u00f3mico de Hoosier Energy brinda una amplia gama de asistencia a las organizaciones interesadas en construir o expandir sus operaciones en nuestra \u00e1rea de servicio, que incluye el centro y sur de Indiana y el sureste de Illinois. Nuestro equipo de desarrollo econ\u00f3mico tiene las herramientas y los recursos necesarios para que la transici\u00f3n sea f\u00e1cil y sin problemas. Hoosier Energy est\u00e1 aqu\u00ed para ayudarlo en cada paso.<\/p>\n\n\t\t<\/div>\n\t<\/div>\n<div class=\"ult-spacer spacer-69e7985782b60\" data-id=\"69e7985782b60\" data-height=\"50\" data-height-mobile=\"25\" data-height-tab=\"35\" data-height-tab-portrait=\"35\" data-height-mobile-landscape=\"25\" style=\"clear:both;display:block;\"><\/div><\/div><\/div><\/div><\/div><div class=\"vc_row wpb_row vc_row-fluid\"><div class=\"wpb_column vc_column_container vc_col-sm-4\"><div class=\"vc_column-inner\"><div class=\"wpb_wrapper\">\n\t<div  class=\"wpb_single_image wpb_content_element vc_align_center\">\n\t\t\n\t\t<figure class=\"wpb_wrapper vc_figure\">\n\t\t\t<div class=\"vc_single_image-wrapper   vc_box_border_grey\"><img loading=\"lazy\" decoding=\"async\" width=\"990\" height=\"765\" src=\"https:\/\/www.hoosierenergy.com\/wp-content\/uploads\/2022\/09\/EconDevAssistance-ProjectAssistance.jpg\" class=\"vc_single_image-img attachment-full\" alt=\"\" title=\"EconDevAssistance-ProjectAssistance\" srcset=\"https:\/\/www.hoosierenergy.com\/wp-content\/uploads\/2022\/09\/EconDevAssistance-ProjectAssistance.jpg 990w, https:\/\/www.hoosierenergy.com\/wp-content\/uploads\/2022\/09\/EconDevAssistance-ProjectAssistance-300x232.jpg 300w, https:\/\/www.hoosierenergy.com\/wp-content\/uploads\/2022\/09\/EconDevAssistance-ProjectAssistance-768x593.jpg 768w\" sizes=\"auto, (max-width: 990px) 100vw, 990px\"  data-dt-location=\"https:\/\/www.hoosierenergy.com\/es\/econdevassistance-projectassistance\/\" \/><\/div>\n\t\t<\/figure>\n\t<\/div>\n<h3 style=\"text-align: left\" class=\"vc_custom_heading vc_do_custom_heading\" >Asistencia en proyectos<\/h3>\n\t<div class=\"wpb_text_column wpb_content_element\" >\n\t\t<div class=\"wpb_wrapper\">\n\t\t\t<ul>\n<li>Estimaciones y an\u00e1lisis de costos comerciales<\/li>\n<li>Comparaciones de costos de estado a estado<\/li>\n<li>An\u00e1lisis de impacto econ\u00f3mico del proyecto<\/li>\n<li>Informaci\u00f3n completa de la encuesta del proyecto<\/li>\n<li>Asesoramiento a las comunidades sobre el financiamiento de infraestructura<\/li>\n<li>Estudios de impuesto predial<\/li>\n<li>Estimaciones de reducci\u00f3n de impuestos<\/li>\n<li>An\u00e1lisis y comparativas de tarifas el\u00e9ctricas personalizadas<\/li>\n<\/ul>\n\n\t\t<\/div>\n\t<\/div>\n<\/div><\/div><\/div><div class=\"wpb_column vc_column_container vc_col-sm-4\"><div class=\"vc_column-inner\"><div class=\"wpb_wrapper\">\n\t<div  class=\"wpb_single_image wpb_content_element vc_align_center\">\n\t\t\n\t\t<figure class=\"wpb_wrapper vc_figure\">\n\t\t\t<div class=\"vc_single_image-wrapper   vc_box_border_grey\"><img loading=\"lazy\" decoding=\"async\" width=\"990\" height=\"765\" src=\"https:\/\/www.hoosierenergy.com\/wp-content\/uploads\/2022\/09\/EconDevAssistance-IndustrialSiteDev.jpg\" class=\"vc_single_image-img attachment-full\" alt=\"\" title=\"EconDevAssistance-IndustrialSiteDev\" srcset=\"https:\/\/www.hoosierenergy.com\/wp-content\/uploads\/2022\/09\/EconDevAssistance-IndustrialSiteDev.jpg 990w, https:\/\/www.hoosierenergy.com\/wp-content\/uploads\/2022\/09\/EconDevAssistance-IndustrialSiteDev-300x232.jpg 300w, https:\/\/www.hoosierenergy.com\/wp-content\/uploads\/2022\/09\/EconDevAssistance-IndustrialSiteDev-768x593.jpg 768w\" sizes=\"auto, (max-width: 990px) 100vw, 990px\"  data-dt-location=\"https:\/\/www.hoosierenergy.com\/es\/econdevassistance-industrialsitedev\/\" \/><\/div>\n\t\t<\/figure>\n\t<\/div>\n<h3 style=\"text-align: left\" class=\"vc_custom_heading vc_do_custom_heading\" >Desarrollo de sitios industriales<\/h3>\n\t<div class=\"wpb_text_column wpb_content_element\" >\n\t\t<div class=\"wpb_wrapper\">\n\t\t\t<ul>\n<li>Producci\u00f3n de mapas del sitio, fotograf\u00edas a\u00e9reas y folletos.<\/li>\n<li>Identificaci\u00f3n de sitios industriales<\/li>\n<li>Asistencia de planificaci\u00f3n estrat\u00e9gica para sitios y desarrolladores de edificios.<\/li>\n<li>Experiencia en zonificaci\u00f3n y financiamiento de infraestructura<\/li>\n<li>Estudios preliminares de fase 1 y geot\u00e9cnicos del sitio<\/li>\n<li>Ingenier\u00eda preliminar y dise\u00f1o de sitios industriales.<\/li>\n<\/ul>\n\n\t\t<\/div>\n\t<\/div>\n<\/div><\/div><\/div><div class=\"wpb_column vc_column_container vc_col-sm-4\"><div class=\"vc_column-inner\"><div class=\"wpb_wrapper\">\n\t<div  class=\"wpb_single_image wpb_content_element vc_align_center\">\n\t\t\n\t\t<figure class=\"wpb_wrapper vc_figure\">\n\t\t\t<div class=\"vc_single_image-wrapper   vc_box_border_grey\"><img loading=\"lazy\" decoding=\"async\" width=\"990\" height=\"765\" src=\"https:\/\/www.hoosierenergy.com\/wp-content\/uploads\/2022\/09\/EconDevAssistance-ProjectDev.jpg\" class=\"vc_single_image-img attachment-full\" alt=\"\" title=\"EconDevAssistance-ProjectDev\" srcset=\"https:\/\/www.hoosierenergy.com\/wp-content\/uploads\/2022\/09\/EconDevAssistance-ProjectDev.jpg 990w, https:\/\/www.hoosierenergy.com\/wp-content\/uploads\/2022\/09\/EconDevAssistance-ProjectDev-300x232.jpg 300w, https:\/\/www.hoosierenergy.com\/wp-content\/uploads\/2022\/09\/EconDevAssistance-ProjectDev-768x593.jpg 768w\" sizes=\"auto, (max-width: 990px) 100vw, 990px\"  data-dt-location=\"https:\/\/www.hoosierenergy.com\/es\/econdevassistance-projectdev\/\" \/><\/div>\n\t\t<\/figure>\n\t<\/div>\n<h3 style=\"text-align: left\" class=\"vc_custom_heading vc_do_custom_heading\" >Desarrollo del proyecto<\/h3>\n\t<div class=\"wpb_text_column wpb_content_element\" >\n\t\t<div class=\"wpb_wrapper\">\n\t\t\t<ul>\n<li>Generaci\u00f3n l\u00edder<\/li>\n<li>Hospedaje de visitas de prospectos<\/li>\n<li>Ferias<\/li>\n<li>Correo directo<\/li>\n<li>Desarrollo y publicaci\u00f3n de folletos del sitio<\/li>\n<li>Antenas de sitios industriales<\/li>\n<li>marketing basado en la web<\/li>\n<\/ul>\n\n\t\t<\/div>\n\t<\/div>\n<\/div><\/div><\/div><\/div><div class=\"vc_row wpb_row vc_row-fluid\"><div class=\"wpb_column vc_column_container vc_col-sm-12\"><div class=\"vc_column-inner\"><div class=\"wpb_wrapper\"><div class=\"ult-spacer spacer-69e7985786fd8\" data-id=\"69e7985786fd8\" data-height=\"75\" data-height-mobile=\"35\" data-height-tab=\"50\" data-height-tab-portrait=\"50\" data-height-mobile-landscape=\"35\" style=\"clear:both;display:block;\"><\/div><\/div><\/div><\/div><\/div><div class=\"vc_row wpb_row vc_row-fluid\"><div class=\"wpb_column vc_column_container vc_col-sm-6\"><div class=\"vc_column-inner\"><div class=\"wpb_wrapper\">\n\t<div  class=\"wpb_single_image wpb_content_element vc_align_center\">\n\t\t\n\t\t<figure class=\"wpb_wrapper vc_figure\">\n\t\t\t<div class=\"vc_single_image-wrapper   vc_box_border_grey\"><img loading=\"lazy\" decoding=\"async\" width=\"990\" height=\"765\" src=\"https:\/\/www.hoosierenergy.com\/wp-content\/uploads\/2022\/09\/EconDevAssistance-OtherServices.jpg\" class=\"vc_single_image-img attachment-full\" alt=\"\" title=\"EconDevAssistance-Otros servicios\" srcset=\"https:\/\/www.hoosierenergy.com\/wp-content\/uploads\/2022\/09\/EconDevAssistance-OtherServices.jpg 990w, https:\/\/www.hoosierenergy.com\/wp-content\/uploads\/2022\/09\/EconDevAssistance-OtherServices-300x232.jpg 300w, https:\/\/www.hoosierenergy.com\/wp-content\/uploads\/2022\/09\/EconDevAssistance-OtherServices-768x593.jpg 768w\" sizes=\"auto, (max-width: 990px) 100vw, 990px\"  data-dt-location=\"https:\/\/www.hoosierenergy.com\/es\/econdevassistance-otherservices\/\" \/><\/div>\n\t\t<\/figure>\n\t<\/div>\n<\/div><\/div><\/div><div class=\"wpb_column vc_column_container vc_col-sm-6\"><div class=\"vc_column-inner\"><div class=\"wpb_wrapper\"><h3 style=\"text-align: left\" class=\"vc_custom_heading vc_do_custom_heading\" >Otros servicios<\/h3>\n\t<div class=\"wpb_text_column wpb_content_element\" >\n\t\t<div class=\"wpb_wrapper\">\n\t\t\t<ul>\n<li>Enlace con\u00a0<a href=\"https:\/\/iedc.in.gov\/\">Corporaci\u00f3n de Desarrollo Econ\u00f3mico de Indiana<\/a> (IEDC), organizaciones locales de desarrollo econ\u00f3mico (<a href=\"\/es\/economic-development\/economic-development-partners\/\">LEDO<\/a>), organizaciones regionales de desarrollo econ\u00f3mico (<a href=\"\/es\/economic-development\/economic-development-partners\/\">REHACER<\/a>) y consultores para proporcionar recorridos e informaci\u00f3n a industrias en expansi\u00f3n o reubicaci\u00f3n en nombre de los sitios atendidos.<\/li>\n<li>Educar a las organizaciones locales de desarrollo econ\u00f3mico y al personal estatal sobre los problemas de desarrollo econ\u00f3mico de Indiana e Illinois.<\/li>\n<li>Realizar estudios de calidad de energ\u00eda.<\/li>\n<li>Prestar servicios de negociaci\u00f3n de contratos y elaboraci\u00f3n de tarifas a medida para los proyectos.<\/li>\n<li>Proporcionar becas para cursos b\u00e1sicos de desarrollo econ\u00f3mico, cursos de desarrollo comunitario y el Instituto de Desarrollo Econ\u00f3mico.<\/li>\n<li>Trabajar con agencias estatales y regionales para proporcionar actualizaciones sobre temas relacionados con la industria y apoyo para proyectos y pol\u00edticas de desarrollo rural.<\/li>\n<li>Proporcionar inteligencia estrat\u00e9gica a organizaciones locales en industrias clave como pl\u00e1sticos, acero y agricultura.<\/li>\n<li>Administrar la coordinaci\u00f3n y asistencia del programa USDA.<\/li>\n<\/ul>\n\n\t\t<\/div>\n\t<\/div>\n<\/div><\/div><\/div><\/div><div class=\"vc_row wpb_row vc_row-fluid\"><div class=\"wpb_column vc_column_container vc_col-sm-12\"><div class=\"vc_column-inner\"><div class=\"wpb_wrapper\"><div class=\"ult-spacer spacer-69e7985788c22\" data-id=\"69e7985788c22\" data-height=\"75\" data-height-mobile=\"35\" data-height-tab=\"50\" data-height-tab-portrait=\"50\" data-height-mobile-landscape=\"35\" style=\"clear:both;display:block;\"><\/div><\/div><\/div><\/div><\/div>\n<\/div>","protected":false},"excerpt":{"rendered":"<p>Nuestro equipo de desarrollo econ\u00f3mico brinda asistencia cr\u00edtica para ayudar a las empresas a establecer o expandir su presencia en el Medio Oeste. El equipo de desarrollo econ\u00f3mico de Hoosier Energy brinda una amplia gama de asistencia a las organizaciones interesadas en construir o expandir operaciones en nuestra \u00e1rea de servicio, que incluye el centro y sur de Indiana y el sureste Illinois. Nuestro equipo de desarrollo econ\u00f3mico ha...<\/p>","protected":false},"author":1,"featured_media":7082,"parent":26,"menu_order":0,"comment_status":"closed","ping_status":"closed","template":"","meta":{"_acf_changed":false,"footnotes":""},"class_list":["post-128","page","type-page","status-publish","has-post-thumbnail","hentry","description-off"],"acf":[],"yoast_head":"<!-- This site is optimized with the Yoast SEO plugin v27.4 - https:\/\/yoast.com\/product\/yoast-seo-wordpress\/ -->\r\n<title>Economic Development Assistance | Hoosier Energy<\/title>\r\n<meta name=\"description\" content=\"Our dedicated economic development team provides crucial assistance to help businesses build their presence in our service territory. Learn more.\" \/>\r\n<meta name=\"robots\" content=\"index, follow, max-snippet:-1, max-image-preview:large, max-video-preview:-1\" \/>\r\n<link rel=\"canonical\" href=\"https:\/\/www.hoosierenergy.com\/es\/economic-development\/economic-development-assistance\/\" \/>\r\n<meta property=\"og:locale\" content=\"es_ES\" \/>\r\n<meta property=\"og:type\" content=\"article\" \/>\r\n<meta property=\"og:title\" content=\"Economic Development Assistance | Hoosier Energy\" \/>\r\n<meta property=\"og:description\" content=\"Our dedicated economic development team provides crucial assistance to help businesses build their presence in our service territory. Learn more.\" \/>\r\n<meta property=\"og:url\" content=\"https:\/\/www.hoosierenergy.com\/es\/economic-development\/economic-development-assistance\/\" \/>\r\n<meta property=\"og:site_name\" content=\"Hoosier Energy\" \/>\r\n<meta property=\"article:publisher\" content=\"https:\/\/www.facebook.com\/HoosierEnergy\" \/>\r\n<meta property=\"article:modified_time\" content=\"2024-01-17T16:03:48+00:00\" \/>\r\n<meta property=\"og:image\" content=\"https:\/\/www.hoosierenergy.com\/wp-content\/uploads\/2022\/09\/EconDevAssistance-Header.jpg\" \/>\r\n\t<meta property=\"og:image:width\" content=\"1920\" \/>\r\n\t<meta property=\"og:image:height\" content=\"400\" \/>\r\n\t<meta property=\"og:image:type\" content=\"image\/jpeg\" \/>\r\n<meta name=\"twitter:card\" content=\"summary_large_image\" \/>\r\n<meta name=\"twitter:site\" content=\"@hoosierenergy\" \/>\r\n<meta name=\"twitter:label1\" content=\"Tiempo de lectura\" \/>\n\t<meta name=\"twitter:data1\" content=\"2 minutos\" \/>\r\n<script type=\"application\/ld+json\" class=\"yoast-schema-graph\">{\"@context\":\"https:\\\/\\\/schema.org\",\"@graph\":[{\"@type\":\"WebPage\",\"@id\":\"https:\\\/\\\/www.hoosierenergy.com\\\/economic-development\\\/economic-development-assistance\\\/\",\"url\":\"https:\\\/\\\/www.hoosierenergy.com\\\/economic-development\\\/economic-development-assistance\\\/\",\"name\":\"Economic Development Assistance | Hoosier Energy\",\"isPartOf\":{\"@id\":\"https:\\\/\\\/www.hoosierenergy.com\\\/#website\"},\"primaryImageOfPage\":{\"@id\":\"https:\\\/\\\/www.hoosierenergy.com\\\/economic-development\\\/economic-development-assistance\\\/#primaryimage\"},\"image\":{\"@id\":\"https:\\\/\\\/www.hoosierenergy.com\\\/economic-development\\\/economic-development-assistance\\\/#primaryimage\"},\"thumbnailUrl\":\"https:\\\/\\\/www.hoosierenergy.com\\\/wp-content\\\/uploads\\\/2022\\\/09\\\/EconDevAssistance-Header.jpg\",\"datePublished\":\"2022-07-14T16:53:37+00:00\",\"dateModified\":\"2024-01-17T16:03:48+00:00\",\"description\":\"Our dedicated economic development team provides crucial assistance to help businesses build their presence in our service territory. Learn more.\",\"breadcrumb\":{\"@id\":\"https:\\\/\\\/www.hoosierenergy.com\\\/economic-development\\\/economic-development-assistance\\\/#breadcrumb\"},\"inLanguage\":\"es\",\"potentialAction\":[{\"@type\":\"ReadAction\",\"target\":[\"https:\\\/\\\/www.hoosierenergy.com\\\/economic-development\\\/economic-development-assistance\\\/\"]}]},{\"@type\":\"ImageObject\",\"inLanguage\":\"es\",\"@id\":\"https:\\\/\\\/www.hoosierenergy.com\\\/economic-development\\\/economic-development-assistance\\\/#primaryimage\",\"url\":\"https:\\\/\\\/www.hoosierenergy.com\\\/wp-content\\\/uploads\\\/2022\\\/09\\\/EconDevAssistance-Header.jpg\",\"contentUrl\":\"https:\\\/\\\/www.hoosierenergy.com\\\/wp-content\\\/uploads\\\/2022\\\/09\\\/EconDevAssistance-Header.jpg\",\"width\":1920,\"height\":400},{\"@type\":\"BreadcrumbList\",\"@id\":\"https:\\\/\\\/www.hoosierenergy.com\\\/economic-development\\\/economic-development-assistance\\\/#breadcrumb\",\"itemListElement\":[{\"@type\":\"ListItem\",\"position\":1,\"name\":\"Home\",\"item\":\"https:\\\/\\\/www.hoosierenergy.com\\\/\"},{\"@type\":\"ListItem\",\"position\":2,\"name\":\"Economic Development\",\"item\":\"https:\\\/\\\/www.hoosierenergy.com\\\/economic-development\\\/\"},{\"@type\":\"ListItem\",\"position\":3,\"name\":\"Economic Development Assistance\"}]},{\"@type\":\"WebSite\",\"@id\":\"https:\\\/\\\/www.hoosierenergy.com\\\/#website\",\"url\":\"https:\\\/\\\/www.hoosierenergy.com\\\/\",\"name\":\"Hoosier Energy\",\"description\":\"Powering Community\",\"alternateName\":\"Hoosier Energy Rural Electric Cooperative, Inc.\",\"potentialAction\":[{\"@type\":\"SearchAction\",\"target\":{\"@type\":\"EntryPoint\",\"urlTemplate\":\"https:\\\/\\\/www.hoosierenergy.com\\\/?s={search_term_string}\"},\"query-input\":{\"@type\":\"PropertyValueSpecification\",\"valueRequired\":true,\"valueName\":\"search_term_string\"}}],\"inLanguage\":\"es\"}]}<\/script>\r\n<!-- \/ Yoast SEO plugin. -->","yoast_head_json":{"title":"Asistencia para el desarrollo econ\u00f3mico | Hoosier Energy","description":"Nuestro equipo especializado en desarrollo econ\u00f3mico ofrece asistencia fundamental para ayudar a las empresas a consolidar su presencia en nuestra \u00e1rea de servicio. M\u00e1s informaci\u00f3n.","robots":{"index":"index","follow":"follow","max-snippet":"max-snippet:-1","max-image-preview":"max-image-preview:large","max-video-preview":"max-video-preview:-1"},"canonical":"https:\/\/www.hoosierenergy.com\/es\/economic-development\/economic-development-assistance\/","og_locale":"es_ES","og_type":"article","og_title":"Economic Development Assistance | Hoosier Energy","og_description":"Our dedicated economic development team provides crucial assistance to help businesses build their presence in our service territory. Learn more.","og_url":"https:\/\/www.hoosierenergy.com\/es\/economic-development\/economic-development-assistance\/","og_site_name":"Hoosier Energy","article_publisher":"https:\/\/www.facebook.com\/HoosierEnergy","article_modified_time":"2024-01-17T16:03:48+00:00","og_image":[{"width":1920,"height":400,"url":"https:\/\/www.hoosierenergy.com\/wp-content\/uploads\/2022\/09\/EconDevAssistance-Header.jpg","type":"image\/jpeg"}],"twitter_card":"summary_large_image","twitter_site":"@hoosierenergy","twitter_misc":{"Tiempo de lectura":"2 minutos"},"schema":{"@context":"https:\/\/schema.org","@graph":[{"@type":"WebPage","@id":"https:\/\/www.hoosierenergy.com\/economic-development\/economic-development-assistance\/","url":"https:\/\/www.hoosierenergy.com\/economic-development\/economic-development-assistance\/","name":"Asistencia para el desarrollo econ\u00f3mico | Hoosier Energy","isPartOf":{"@id":"https:\/\/www.hoosierenergy.com\/#website"},"primaryImageOfPage":{"@id":"https:\/\/www.hoosierenergy.com\/economic-development\/economic-development-assistance\/#primaryimage"},"image":{"@id":"https:\/\/www.hoosierenergy.com\/economic-development\/economic-development-assistance\/#primaryimage"},"thumbnailUrl":"https:\/\/www.hoosierenergy.com\/wp-content\/uploads\/2022\/09\/EconDevAssistance-Header.jpg","datePublished":"2022-07-14T16:53:37+00:00","dateModified":"2024-01-17T16:03:48+00:00","description":"Nuestro equipo especializado en desarrollo econ\u00f3mico ofrece asistencia fundamental para ayudar a las empresas a consolidar su presencia en nuestra \u00e1rea de servicio. M\u00e1s informaci\u00f3n.","breadcrumb":{"@id":"https:\/\/www.hoosierenergy.com\/economic-development\/economic-development-assistance\/#breadcrumb"},"inLanguage":"es","potentialAction":[{"@type":"ReadAction","target":["https:\/\/www.hoosierenergy.com\/economic-development\/economic-development-assistance\/"]}]},{"@type":"ImageObject","inLanguage":"es","@id":"https:\/\/www.hoosierenergy.com\/economic-development\/economic-development-assistance\/#primaryimage","url":"https:\/\/www.hoosierenergy.com\/wp-content\/uploads\/2022\/09\/EconDevAssistance-Header.jpg","contentUrl":"https:\/\/www.hoosierenergy.com\/wp-content\/uploads\/2022\/09\/EconDevAssistance-Header.jpg","width":1920,"height":400},{"@type":"BreadcrumbList","@id":"https:\/\/www.hoosierenergy.com\/economic-development\/economic-development-assistance\/#breadcrumb","itemListElement":[{"@type":"ListItem","position":1,"name":"Home","item":"https:\/\/www.hoosierenergy.com\/"},{"@type":"ListItem","position":2,"name":"Economic Development","item":"https:\/\/www.hoosierenergy.com\/economic-development\/"},{"@type":"ListItem","position":3,"name":"Economic Development Assistance"}]},{"@type":"WebSite","@id":"https:\/\/www.hoosierenergy.com\/#website","url":"https:\/\/www.hoosierenergy.com\/","name":"Energ\u00eda de Hoosier","description":"Comunidad de energ\u00eda","alternateName":"Hoosier Energy Rural Electric Cooperative, Inc.","potentialAction":[{"@type":"SearchAction","target":{"@type":"EntryPoint","urlTemplate":"https:\/\/www.hoosierenergy.com\/?s={search_term_string}"},"query-input":{"@type":"PropertyValueSpecification","valueRequired":true,"valueName":"search_term_string"}}],"inLanguage":"es"}]}},"_links":{"self":[{"href":"https:\/\/www.hoosierenergy.com\/es\/wp-json\/wp\/v2\/pages\/128","targetHints":{"allow":["GET"]}}],"collection":[{"href":"https:\/\/www.hoosierenergy.com\/es\/wp-json\/wp\/v2\/pages"}],"about":[{"href":"https:\/\/www.hoosierenergy.com\/es\/wp-json\/wp\/v2\/types\/page"}],"author":[{"embeddable":true,"href":"https:\/\/www.hoosierenergy.com\/es\/wp-json\/wp\/v2\/users\/1"}],"replies":[{"embeddable":true,"href":"https:\/\/www.hoosierenergy.com\/es\/wp-json\/wp\/v2\/comments?post=128"}],"version-history":[{"count":0,"href":"https:\/\/www.hoosierenergy.com\/es\/wp-json\/wp\/v2\/pages\/128\/revisions"}],"up":[{"embeddable":true,"href":"https:\/\/www.hoosierenergy.com\/es\/wp-json\/wp\/v2\/pages\/26"}],"wp:featuredmedia":[{"embeddable":true,"href":"https:\/\/www.hoosierenergy.com\/es\/wp-json\/wp\/v2\/media\/7082"}],"wp:attachment":[{"href":"https:\/\/www.hoosierenergy.com\/es\/wp-json\/wp\/v2\/media?parent=128"}],"curies":[{"name":"wp","href":"https:\/\/api.w.org\/{rel}","templated":true}]}}