{"id":112,"date":"2022-07-13T19:53:00","date_gmt":"2022-07-13T19:53:00","guid":{"rendered":"https:\/\/hoosierenerstg.wpengine.com\/?page_id=112"},"modified":"2025-02-05T13:12:06","modified_gmt":"2025-02-05T18:12:06","slug":"site-selection-buildings","status":"publish","type":"page","link":"https:\/\/www.hoosierenergy.com\/es\/economic-development\/site-selection-buildings\/","title":{"rendered":"Selecci\u00f3n de sitios y edificios"},"content":{"rendered":"<div class=\"wpb-content-wrapper\"><div class=\"vc_row wpb_row vc_row-fluid negativetopmargin vc_custom_1654014318664 vc_row-has-fill\"><div class=\"wpb_column vc_column_container vc_col-sm-12 vc_col-md-offset-2 vc_col-md-8\"><div class=\"vc_column-inner\"><div class=\"wpb_wrapper\"><div class=\"ult-spacer spacer-69e9ee2e94231\" data-id=\"69e9ee2e94231\" data-height=\"50\" data-height-mobile=\"20\" data-height-tab=\"30\" data-height-tab-portrait=\"30\" data-height-mobile-landscape=\"20\" style=\"clear:both;display:block;\"><\/div><h2 style=\"text-align: center\" class=\"vc_custom_heading vc_do_custom_heading\" >Hoosier Energy ofrece energ\u00eda confiable y asequible a organizaciones y empresas en el centro y sur de Indiana y en el sureste de Illinois<\/h2>\n\t<div class=\"wpb_text_column wpb_content_element\" >\n\t\t<div class=\"wpb_wrapper\">\n\t\t\t<p style=\"text-align: center;\">En toda nuestra \u00e1rea de servicio, ofrecemos una gran cantidad de sitios y edificios disponibles para que los selectores de sitios elijan. Ya sea que est\u00e9 buscando sitios industriales, de oficinas, de uso mixto o totalmente nuevos y listos para excavar, Hoosier Energy tiene opciones. Tambi\u00e9n contamos con la fuerza laboral para ayudar a cubrir puestos de trabajo y potenciar sus operaciones. Nuestra \u00e1rea de servicio se beneficia de un s\u00f3lido grupo de talentos con una amplia variedad de habilidades, lo que ofrece una ventaja competitiva tanto para empresas nuevas como para empresas en expansi\u00f3n.<\/p>\n\n\t\t<\/div>\n\t<\/div>\n<div class=\"vc_btn3-container vc_btn3-center\" ><a style=\"background-color:#0071af; color:#f5ff12;\" class=\"vc_general vc_btn3 vc_btn3-size-md vc_btn3-shape-square vc_btn3-style-custom\" href=\"\/es\/economic-development\/site-selection-buildings\/sites-buildings\/\" title=\"VER NUESTROS SITIOS Y EDIFICIOS\">VER NUESTROS SITIOS Y EDIFICIOS<\/a><\/div><div class=\"ult-spacer spacer-69e9ee2e94eec\" data-id=\"69e9ee2e94eec\" data-height=\"50\" data-height-mobile=\"25\" data-height-tab=\"35\" data-height-tab-portrait=\"35\" data-height-mobile-landscape=\"25\" style=\"clear:both;display:block;\"><\/div><\/div><\/div><\/div><\/div><div class=\"vc_row wpb_row vc_row-fluid\"><div class=\"wpb_column vc_column_container vc_col-sm-12\"><div class=\"vc_column-inner\"><div class=\"wpb_wrapper\"><h3 style=\"text-align: left\" class=\"vc_custom_heading vc_do_custom_heading\" >Una fuerza laboral robusta<\/h3><\/div><\/div><\/div><\/div><div class=\"vc_row wpb_row vc_row-fluid\"><div class=\"wpb_column vc_column_container vc_col-sm-6\"><div class=\"vc_column-inner\"><div class=\"wpb_wrapper\">\n\t<div class=\"wpb_text_column wpb_content_element\" >\n\t\t<div class=\"wpb_wrapper\">\n\t\t\t<p>Nuestra fuerza laboral regional est\u00e1 compuesta por casi 1,1 millones de personas. Con un promedio de m\u00e1s de 22\u00a0000 nuevos graduados que ingresan a la fuerza laboral cada a\u00f1o, tenemos una cartera constante para garantizar que las empresas puedan llenar los puestos con talento calificado y bien educado. Seg\u00fan los n\u00fameros, Hoosier Energy ofrece a los empleadores acceso a una fuerza laboral altamente calificada:<\/p>\n<ul>\n<li>M\u00e1s del 50% de nuestra poblaci\u00f3n est\u00e1 en edad de trabajar (25-64); la mediana de edad es de 40 a\u00f1os.<\/li>\n<li>M\u00e1s de 81% tienen un diploma de escuela secundaria.<\/li>\n<li>14% posee una licenciatura y 8% posee un t\u00edtulo de posgrado.<\/li>\n<li>10% de la fuerza laboral principal de equipos de transporte y metal del pa\u00eds residen en Indiana.<\/li>\n<li>Tasa de paro regional: 3,4%.<\/li>\n<\/ul>\n\n\t\t<\/div>\n\t<\/div>\n<\/div><\/div><\/div><div class=\"wpb_column vc_column_container vc_col-sm-6\"><div class=\"vc_column-inner\"><div class=\"wpb_wrapper\">\n\t<div class=\"wpb_text_column wpb_content_element\" >\n\t\t<div class=\"wpb_wrapper\">\n\t\t\t<p>El \u00e1rea de servicio de Hoosier Energy tambi\u00e9n ofrece acceso a varias instituciones de educaci\u00f3n superior con s\u00f3lidos programas de desarrollo de la fuerza laboral.<\/p>\n<ul>\n<li style=\"list-style-type: none;\">\n<ul>\n<li><a href=\"https:\/\/www.iecc.edu\/fcc\" target=\"_blank\" rel=\"noopener\">Colegio comunitario fronterizo<\/a><\/li>\n<li><a href=\"https:\/\/www.indstate.edu\/\" target=\"_blank\" rel=\"noopener\">Universidad Estatal de Indiana<\/a><\/li>\n<li><a href=\"https:\/\/engagement.iu.edu\/initiatives\/talent-workforce.html\" target=\"_blank\" rel=\"noopener\">Universidad de Indiana<\/a><\/li>\n<li><a href=\"https:\/\/www.ivytech.edu\/ccec\/index.html\" target=\"_blank\" rel=\"noopener\">Colegio Comunitario Ivy Tech<\/a><\/li>\n<li><a href=\"https:\/\/www.cco.purdue.edu\/\" target=\"_blank\" rel=\"noopener\">Universidad de Purdue<\/a><\/li>\n<li><a href=\"http:\/\/www.rose-hulman.edu\/offices-and-services\/career-services.aspx\" target=\"_blank\" rel=\"noopener\">Instituto de Tecnolog\u00eda Rose-Hulman<\/a><\/li>\n<li><a href=\"http:\/\/evansville.edu\/careercenter\/\" target=\"_blank\" rel=\"noopener\">Universidad de Evansville<\/a><\/li>\n<li><a href=\"https:\/\/corporaterelations.illinois.edu\/\" target=\"_blank\" rel=\"noopener\">Universidad de Illinois<\/a><\/li>\n<li><a href=\"https:\/\/careerdevelopment.siu.edu\/employers\/index.php\" target=\"_blank\" rel=\"noopener\">Universidad del Sur de Illinois<\/a><\/li>\n<li><a href=\"https:\/\/www.vinu.edu\/web\/center-for-career-and-employer-relations\/employer-relations\" target=\"_blank\" rel=\"noopener\">Universidad de Vincennes<\/a><\/li>\n<\/ul>\n\n\t\t<\/div>\n\t<\/div>\n<\/div><\/div><\/div><\/div><div class=\"vc_row wpb_row vc_row-fluid\"><div class=\"wpb_column vc_column_container vc_col-sm-12\"><div class=\"vc_column-inner\"><div class=\"wpb_wrapper\"><div class=\"ult-spacer spacer-69e9ee2e97099\" data-id=\"69e9ee2e97099\" data-height=\"50\" data-height-mobile=\"25\" data-height-tab=\"35\" data-height-tab-portrait=\"35\" data-height-mobile-landscape=\"25\" style=\"clear:both;display:block;\"><\/div>\n\t<div class=\"wpb_raw_code wpb_raw_html wpb_content_element\" >\n\t\t<div class=\"wpb_wrapper\">\n\t\t\t<div style=\"height: 800px;overflow-y: scroll;\">\n<div class=\"gisp_ic_container\" data-token=\"TgkcltG63\"><\/div><script src=\"https:\/\/properties.zoomprospector.com\/static\/scripts\/ic\/embed.js\"><\/script>\n<\/div>\n\t\t<\/div>\n\t<\/div>\n<div class=\"ult-spacer spacer-69e9ee2e974a5\" data-id=\"69e9ee2e974a5\" data-height=\"50\" data-height-mobile=\"25\" data-height-tab=\"35\" data-height-tab-portrait=\"35\" data-height-mobile-landscape=\"25\" style=\"clear:both;display:block;\"><\/div><\/div><\/div><\/div><\/div><div class=\"vc_row wpb_row vc_row-fluid\"><div class=\"wpb_column vc_column_container vc_col-sm-12\"><div class=\"vc_column-inner\"><div class=\"wpb_wrapper\"><h3 style=\"text-align: left\" class=\"vc_custom_heading vc_do_custom_heading\" >Ventajas regionales para los selectores de sitios<\/h3>\n\t<div class=\"wpb_text_column wpb_content_element\" >\n\t\t<div class=\"wpb_wrapper\">\n\t\t\t<p>Nuestra \u00e1rea de servicio ofrece una gama de ventajas para las empresas que buscan un sitio adecuado. La regi\u00f3n de servicio de Hoosier Energy ofrece a los selectores de sitios acceso a una gran cantidad de recursos valiosos, incluida una red de transporte altamente interconectada y grupos industriales pr\u00f3speros.<\/p>\n\n\t\t<\/div>\n\t<\/div>\n<div class=\"vc_row wpb_row vc_inner vc_row-fluid\"><div class=\"wpb_column vc_column_container vc_col-sm-6\"><div class=\"vc_column-inner\"><div class=\"wpb_wrapper\"><h4 style=\"text-align: left\" class=\"vc_custom_heading vc_do_custom_heading\" >Lo m\u00e1s destacado de Indiana<\/h4>\n\t<div class=\"wpb_text_column wpb_content_element\" >\n\t\t<div class=\"wpb_wrapper\">\n\t\t\t<ul>\n<li>Indiana cuenta con el quinto mejor costo de hacer negocios en los EE. UU.<\/li>\n<li>Cincinnati, Louisville, Nashville, Chicago y St. Louis se encuentran a cuatro horas en autom\u00f3vil de los territorios de Hoosier Energy.<\/li>\n<li>Indiana ocupa el segundo lugar en solidez de la infraestructura estatal (solo por detr\u00e1s de Texas).<\/li>\n<li>Como la &quot;Cruce de caminos de Am\u00e9rica&quot;, Indiana alberga el centro medio de la poblaci\u00f3n estadounidense, lo que resulta en un acceso superior a los mercados.<\/li>\n<li>Indiana es el cuarto estado m\u00e1s favorable a los negocios.<\/li>\n<li>Del mill\u00f3n de empleos automotrices en los EE. UU., aproximadamente la mitad se encuentran en Indiana o sus cuatro estados vecinos: Michigan, Illinois, Ohio y Kentucky.<\/li>\n<\/ul>\n\n\t\t<\/div>\n\t<\/div>\n<\/div><\/div><\/div><div class=\"wpb_column vc_column_container vc_col-sm-6\"><div class=\"vc_column-inner\"><div class=\"wpb_wrapper\"><h4 style=\"text-align: left\" class=\"vc_custom_heading vc_do_custom_heading\" >Lo m\u00e1s destacado de Illinois<\/h4>\n\t<div class=\"wpb_text_column wpb_content_element\" >\n\t\t<div class=\"wpb_wrapper\">\n\t\t\t<ul>\n<li>Illinois ocupa el segundo lugar en los EE. UU. en cuanto a creaci\u00f3n de empresas y n\u00famero de oficinas centrales.<\/li>\n<li>El estado de la pradera es el segundo mayor productor de graduados en inform\u00e1tica.<\/li>\n<li>Anualmente, Illinois ve $100 mil millones en inversi\u00f3n extranjera directa y alberga m\u00e1s de 1900 empresas internacionales y cinco aeropuertos internacionales.<\/li>\n<li>Illinois es el \u00fanico estado con los siete ferrocarriles Clase I.<\/li>\n<li>Illinois reclama el quinto PIB m\u00e1s alto de la naci\u00f3n, cuenta con la decimonovena econom\u00eda m\u00e1s grande del mundo y es el hogar de 37 compa\u00f1\u00edas Fortune 500.<\/li>\n<\/ul>\n\n\t\t<\/div>\n\t<\/div>\n<\/div><\/div><\/div><\/div><div class=\"ult-spacer spacer-69e9ee2e994bc\" data-id=\"69e9ee2e994bc\" data-height=\"50\" data-height-mobile=\"25\" data-height-tab=\"35\" data-height-tab-portrait=\"35\" data-height-mobile-landscape=\"25\" style=\"clear:both;display:block;\"><\/div><\/div><\/div><\/div><\/div><div class=\"vc_row wpb_row vc_row-fluid\"><div class=\"wpb_column vc_column_container vc_col-sm-12\"><div class=\"vc_column-inner\"><div class=\"wpb_wrapper\"><h3 style=\"text-align: left\" class=\"vc_custom_heading vc_do_custom_heading\" >Reubicaciones y expansiones recientes<\/h3>\n\t<div class=\"wpb_text_column wpb_content_element\" >\n\t\t<div class=\"wpb_wrapper\">\n\t\t\t<p>El equipo de desarrollo econ\u00f3mico de Hoosier Energy ayuda a reclutar una variedad de nuevos negocios para nuestro territorio de servicio y facilita la expansi\u00f3n de las organizaciones existentes. Estamos orgullosos de asociarnos con algunas de las empresas m\u00e1s grandes de los EE. UU. Algunas de nuestras historias de \u00e9xito recientes incluyen:<\/p>\n\n\t\t<\/div>\n\t<\/div>\n<div class=\"vc_row wpb_row vc_inner vc_row-fluid\"><div class=\"wpb_column vc_column_container vc_col-sm-6\"><div class=\"vc_column-inner\"><div class=\"wpb_wrapper\"><h4 style=\"text-align: left\" class=\"vc_custom_heading vc_do_custom_heading\" >Iluminaci\u00f3n LED IKIO<\/h4>\n\t<div class=\"wpb_text_column wpb_content_element\" >\n\t\t<div class=\"wpb_wrapper\">\n\t\t\t<ul>\n<li>Instalaci\u00f3n de distribuci\u00f3n de $80 millones en el condado de Johnson, Indiana.<\/li>\n<li>IKIO es un fabricante l\u00edder de soluciones de iluminaci\u00f3n LED con sede en EE. UU.<\/li>\n<li>$25 millones en nuevos gastos de capital.<\/li>\n<li>30 nuevos puestos esperados de tiempo completo.<\/li>\n<\/ul>\n\n\t\t<\/div>\n\t<\/div>\n<h4 style=\"text-align: left\" class=\"vc_custom_heading vc_do_custom_heading\" >AboutBit \u2013 Crypto amigable con la Tierra<\/h4>\n\t<div class=\"wpb_text_column wpb_content_element\" >\n\t\t<div class=\"wpb_wrapper\">\n\t\t\t<ul>\n<li>Una empresa con sede en Kentucky que busca transformar una propiedad cerca de la estaci\u00f3n generadora Merom en el condado de Sullivan en una instalaci\u00f3n minera de criptomonedas.<\/li>\n<li>$50 millones en nuevos gastos de capital.<\/li>\n<li>Comenzando con 15 nuevos trabajos de alta tecnolog\u00eda con m\u00e1s por venir una vez que est\u00e9n operativos.<\/li>\n<\/ul>\n\n\t\t<\/div>\n\t<\/div>\n<h4 style=\"text-align: left\" class=\"vc_custom_heading vc_do_custom_heading\" >Proyecto de expansi\u00f3n de cabeza de jabal\u00ed<\/h4>\n\t<div class=\"wpb_text_column wpb_content_element\" >\n\t\t<div class=\"wpb_wrapper\">\n\t\t\t<ul>\n<li>$160 millones nueva instalaci\u00f3n para productor de biocombustibles en Shelbyville, Indiana.<\/li>\n<li>El procesador de alimentos de New Castle, Boar&#039;s Head, anunci\u00f3 planes para expandir sus instalaciones actuales con un espacio adicional de 100,000 pies cuadrados.<\/li>\n<li>$126 millones en nuevos gastos de capital.<\/li>\n<li>120 nuevos puestos de tiempo completo.<\/li>\n<\/ul>\n\n\t\t<\/div>\n\t<\/div>\n<\/div><\/div><\/div><div class=\"wpb_column vc_column_container vc_col-sm-6\"><div class=\"vc_column-inner\"><div class=\"wpb_wrapper\">\n\t<div  class=\"wpb_single_image wpb_content_element vc_align_left\">\n\t\t\n\t\t<figure class=\"wpb_wrapper vc_figure\">\n\t\t\t<div class=\"vc_single_image-wrapper   vc_box_border_grey\"><img loading=\"lazy\" decoding=\"async\" width=\"990\" height=\"765\" src=\"https:\/\/www.hoosierenergy.com\/wp-content\/uploads\/2022\/09\/SiteSelection-RecentRelocations.jpg\" class=\"vc_single_image-img attachment-full\" alt=\"\" title=\"SiteSelection-RecentRelocations\" srcset=\"https:\/\/www.hoosierenergy.com\/wp-content\/uploads\/2022\/09\/SiteSelection-RecentRelocations.jpg 990w, https:\/\/www.hoosierenergy.com\/wp-content\/uploads\/2022\/09\/SiteSelection-RecentRelocations-300x232.jpg 300w, https:\/\/www.hoosierenergy.com\/wp-content\/uploads\/2022\/09\/SiteSelection-RecentRelocations-768x593.jpg 768w\" sizes=\"auto, (max-width: 990px) 100vw, 990px\"  data-dt-location=\"https:\/\/www.hoosierenergy.com\/es\/economic-development\/site-selection-buildings\/siteselection-recentrelocations\/\" \/><\/div>\n\t\t<\/figure>\n\t<\/div>\n<\/div><\/div><\/div><\/div><div class=\"ult-spacer spacer-69e9ee2e9c685\" data-id=\"69e9ee2e9c685\" data-height=\"50\" data-height-mobile=\"25\" data-height-tab=\"35\" data-height-tab-portrait=\"35\" data-height-mobile-landscape=\"25\" style=\"clear:both;display:block;\"><\/div><\/div><\/div><\/div><\/div>\n<\/div>","protected":false},"excerpt":{"rendered":"<p>Hoosier Energy brinda energ\u00eda confiable y asequible a organizaciones y negocios en el centro y sur de Indiana y en el sureste de Illinois En toda nuestra \u00e1rea de servicio, ofrecemos una gran cantidad de sitios y edificios disponibles para que los selectores de sitios elijan. Ya sea que est\u00e9 buscando sitios industriales, de oficinas, de uso mixto o totalmente nuevos y listos para excavar, Hoosier Energy tiene opciones. Nosotros\u2026<\/p>","protected":false},"author":1,"featured_media":6823,"parent":26,"menu_order":0,"comment_status":"closed","ping_status":"closed","template":"","meta":{"_acf_changed":false,"footnotes":""},"class_list":["post-112","page","type-page","status-publish","has-post-thumbnail","hentry","description-off"],"acf":[],"yoast_head":"<!-- This site is optimized with the Yoast SEO plugin v27.4 - https:\/\/yoast.com\/product\/yoast-seo-wordpress\/ -->\r\n<title>Site Selection &amp; Buildings | Hoosier Energy<\/title>\r\n<meta name=\"description\" content=\"Across our service area, we offer a wide range of available sites and buildings for site selectors to choose from. See what&#039;s available today.\" \/>\r\n<meta name=\"robots\" content=\"index, follow, max-snippet:-1, max-image-preview:large, max-video-preview:-1\" \/>\r\n<link rel=\"canonical\" href=\"https:\/\/www.hoosierenergy.com\/es\/economic-development\/site-selection-buildings\/\" \/>\r\n<meta property=\"og:locale\" content=\"es_ES\" \/>\r\n<meta property=\"og:type\" content=\"article\" \/>\r\n<meta property=\"og:title\" content=\"Site Selection &amp; Buildings | Hoosier Energy\" \/>\r\n<meta property=\"og:description\" content=\"Across our service area, we offer a wide range of available sites and buildings for site selectors to choose from. See what&#039;s available today.\" \/>\r\n<meta property=\"og:url\" content=\"https:\/\/www.hoosierenergy.com\/es\/economic-development\/site-selection-buildings\/\" \/>\r\n<meta property=\"og:site_name\" content=\"Hoosier Energy\" \/>\r\n<meta property=\"article:publisher\" content=\"https:\/\/www.facebook.com\/HoosierEnergy\" \/>\r\n<meta property=\"article:modified_time\" content=\"2025-02-05T18:12:06+00:00\" \/>\r\n<meta property=\"og:image\" content=\"https:\/\/www.hoosierenergy.com\/wp-content\/uploads\/2022\/08\/header-sitesbuilding.jpg\" \/>\r\n\t<meta property=\"og:image:width\" content=\"1920\" \/>\r\n\t<meta property=\"og:image:height\" content=\"561\" \/>\r\n\t<meta property=\"og:image:type\" content=\"image\/jpeg\" \/>\r\n<meta name=\"twitter:card\" content=\"summary_large_image\" \/>\r\n<meta name=\"twitter:site\" content=\"@hoosierenergy\" \/>\r\n<meta name=\"twitter:label1\" content=\"Tiempo de lectura\" \/>\n\t<meta name=\"twitter:data1\" content=\"4 minutos\" \/>\r\n<script type=\"application\/ld+json\" class=\"yoast-schema-graph\">{\"@context\":\"https:\\\/\\\/schema.org\",\"@graph\":[{\"@type\":\"WebPage\",\"@id\":\"https:\\\/\\\/www.hoosierenergy.com\\\/economic-development\\\/site-selection-buildings\\\/\",\"url\":\"https:\\\/\\\/www.hoosierenergy.com\\\/economic-development\\\/site-selection-buildings\\\/\",\"name\":\"Site Selection & Buildings | Hoosier Energy\",\"isPartOf\":{\"@id\":\"https:\\\/\\\/www.hoosierenergy.com\\\/#website\"},\"primaryImageOfPage\":{\"@id\":\"https:\\\/\\\/www.hoosierenergy.com\\\/economic-development\\\/site-selection-buildings\\\/#primaryimage\"},\"image\":{\"@id\":\"https:\\\/\\\/www.hoosierenergy.com\\\/economic-development\\\/site-selection-buildings\\\/#primaryimage\"},\"thumbnailUrl\":\"https:\\\/\\\/www.hoosierenergy.com\\\/wp-content\\\/uploads\\\/2022\\\/08\\\/header-sitesbuilding.jpg\",\"datePublished\":\"2022-07-13T19:53:00+00:00\",\"dateModified\":\"2025-02-05T18:12:06+00:00\",\"description\":\"Across our service area, we offer a wide range of available sites and buildings for site selectors to choose from. See what's available today.\",\"breadcrumb\":{\"@id\":\"https:\\\/\\\/www.hoosierenergy.com\\\/economic-development\\\/site-selection-buildings\\\/#breadcrumb\"},\"inLanguage\":\"es\",\"potentialAction\":[{\"@type\":\"ReadAction\",\"target\":[\"https:\\\/\\\/www.hoosierenergy.com\\\/economic-development\\\/site-selection-buildings\\\/\"]}]},{\"@type\":\"ImageObject\",\"inLanguage\":\"es\",\"@id\":\"https:\\\/\\\/www.hoosierenergy.com\\\/economic-development\\\/site-selection-buildings\\\/#primaryimage\",\"url\":\"https:\\\/\\\/www.hoosierenergy.com\\\/wp-content\\\/uploads\\\/2022\\\/08\\\/header-sitesbuilding.jpg\",\"contentUrl\":\"https:\\\/\\\/www.hoosierenergy.com\\\/wp-content\\\/uploads\\\/2022\\\/08\\\/header-sitesbuilding.jpg\",\"width\":1920,\"height\":561},{\"@type\":\"BreadcrumbList\",\"@id\":\"https:\\\/\\\/www.hoosierenergy.com\\\/economic-development\\\/site-selection-buildings\\\/#breadcrumb\",\"itemListElement\":[{\"@type\":\"ListItem\",\"position\":1,\"name\":\"Home\",\"item\":\"https:\\\/\\\/www.hoosierenergy.com\\\/\"},{\"@type\":\"ListItem\",\"position\":2,\"name\":\"Economic Development\",\"item\":\"https:\\\/\\\/www.hoosierenergy.com\\\/economic-development\\\/\"},{\"@type\":\"ListItem\",\"position\":3,\"name\":\"Site Selection &#038; Buildings\"}]},{\"@type\":\"WebSite\",\"@id\":\"https:\\\/\\\/www.hoosierenergy.com\\\/#website\",\"url\":\"https:\\\/\\\/www.hoosierenergy.com\\\/\",\"name\":\"Hoosier Energy\",\"description\":\"Powering Community\",\"alternateName\":\"Hoosier Energy Rural Electric Cooperative, Inc.\",\"potentialAction\":[{\"@type\":\"SearchAction\",\"target\":{\"@type\":\"EntryPoint\",\"urlTemplate\":\"https:\\\/\\\/www.hoosierenergy.com\\\/?s={search_term_string}\"},\"query-input\":{\"@type\":\"PropertyValueSpecification\",\"valueRequired\":true,\"valueName\":\"search_term_string\"}}],\"inLanguage\":\"es\"}]}<\/script>\r\n<!-- \/ Yoast SEO plugin. -->","yoast_head_json":{"title":"Site Selection & Buildings | Hoosier Energy","description":"Across our service area, we offer a wide range of available sites and buildings for site selectors to choose from. See what's available today.","robots":{"index":"index","follow":"follow","max-snippet":"max-snippet:-1","max-image-preview":"max-image-preview:large","max-video-preview":"max-video-preview:-1"},"canonical":"https:\/\/www.hoosierenergy.com\/es\/economic-development\/site-selection-buildings\/","og_locale":"es_ES","og_type":"article","og_title":"Site Selection & Buildings | Hoosier Energy","og_description":"Across our service area, we offer a wide range of available sites and buildings for site selectors to choose from. See what's available today.","og_url":"https:\/\/www.hoosierenergy.com\/es\/economic-development\/site-selection-buildings\/","og_site_name":"Hoosier Energy","article_publisher":"https:\/\/www.facebook.com\/HoosierEnergy","article_modified_time":"2025-02-05T18:12:06+00:00","og_image":[{"width":1920,"height":561,"url":"https:\/\/www.hoosierenergy.com\/wp-content\/uploads\/2022\/08\/header-sitesbuilding.jpg","type":"image\/jpeg"}],"twitter_card":"summary_large_image","twitter_site":"@hoosierenergy","twitter_misc":{"Tiempo de lectura":"4 minutos"},"schema":{"@context":"https:\/\/schema.org","@graph":[{"@type":"WebPage","@id":"https:\/\/www.hoosierenergy.com\/economic-development\/site-selection-buildings\/","url":"https:\/\/www.hoosierenergy.com\/economic-development\/site-selection-buildings\/","name":"Site Selection & Buildings | Hoosier Energy","isPartOf":{"@id":"https:\/\/www.hoosierenergy.com\/#website"},"primaryImageOfPage":{"@id":"https:\/\/www.hoosierenergy.com\/economic-development\/site-selection-buildings\/#primaryimage"},"image":{"@id":"https:\/\/www.hoosierenergy.com\/economic-development\/site-selection-buildings\/#primaryimage"},"thumbnailUrl":"https:\/\/www.hoosierenergy.com\/wp-content\/uploads\/2022\/08\/header-sitesbuilding.jpg","datePublished":"2022-07-13T19:53:00+00:00","dateModified":"2025-02-05T18:12:06+00:00","description":"Across our service area, we offer a wide range of available sites and buildings for site selectors to choose from. See what's available today.","breadcrumb":{"@id":"https:\/\/www.hoosierenergy.com\/economic-development\/site-selection-buildings\/#breadcrumb"},"inLanguage":"es","potentialAction":[{"@type":"ReadAction","target":["https:\/\/www.hoosierenergy.com\/economic-development\/site-selection-buildings\/"]}]},{"@type":"ImageObject","inLanguage":"es","@id":"https:\/\/www.hoosierenergy.com\/economic-development\/site-selection-buildings\/#primaryimage","url":"https:\/\/www.hoosierenergy.com\/wp-content\/uploads\/2022\/08\/header-sitesbuilding.jpg","contentUrl":"https:\/\/www.hoosierenergy.com\/wp-content\/uploads\/2022\/08\/header-sitesbuilding.jpg","width":1920,"height":561},{"@type":"BreadcrumbList","@id":"https:\/\/www.hoosierenergy.com\/economic-development\/site-selection-buildings\/#breadcrumb","itemListElement":[{"@type":"ListItem","position":1,"name":"Home","item":"https:\/\/www.hoosierenergy.com\/"},{"@type":"ListItem","position":2,"name":"Economic Development","item":"https:\/\/www.hoosierenergy.com\/economic-development\/"},{"@type":"ListItem","position":3,"name":"Site Selection &#038; Buildings"}]},{"@type":"WebSite","@id":"https:\/\/www.hoosierenergy.com\/#website","url":"https:\/\/www.hoosierenergy.com\/","name":"Energ\u00eda de Hoosier","description":"Comunidad de energ\u00eda","alternateName":"Hoosier Energy Rural Electric Cooperative, Inc.","potentialAction":[{"@type":"SearchAction","target":{"@type":"EntryPoint","urlTemplate":"https:\/\/www.hoosierenergy.com\/?s={search_term_string}"},"query-input":{"@type":"PropertyValueSpecification","valueRequired":true,"valueName":"search_term_string"}}],"inLanguage":"es"}]}},"_links":{"self":[{"href":"https:\/\/www.hoosierenergy.com\/es\/wp-json\/wp\/v2\/pages\/112","targetHints":{"allow":["GET"]}}],"collection":[{"href":"https:\/\/www.hoosierenergy.com\/es\/wp-json\/wp\/v2\/pages"}],"about":[{"href":"https:\/\/www.hoosierenergy.com\/es\/wp-json\/wp\/v2\/types\/page"}],"author":[{"embeddable":true,"href":"https:\/\/www.hoosierenergy.com\/es\/wp-json\/wp\/v2\/users\/1"}],"replies":[{"embeddable":true,"href":"https:\/\/www.hoosierenergy.com\/es\/wp-json\/wp\/v2\/comments?post=112"}],"version-history":[{"count":0,"href":"https:\/\/www.hoosierenergy.com\/es\/wp-json\/wp\/v2\/pages\/112\/revisions"}],"up":[{"embeddable":true,"href":"https:\/\/www.hoosierenergy.com\/es\/wp-json\/wp\/v2\/pages\/26"}],"wp:featuredmedia":[{"embeddable":true,"href":"https:\/\/www.hoosierenergy.com\/es\/wp-json\/wp\/v2\/media\/6823"}],"wp:attachment":[{"href":"https:\/\/www.hoosierenergy.com\/es\/wp-json\/wp\/v2\/media?parent=112"}],"curies":[{"name":"wp","href":"https:\/\/api.w.org\/{rel}","templated":true}]}}