{"id":7006,"date":"2022-09-02T21:02:53","date_gmt":"2022-09-02T21:02:53","guid":{"rendered":"https:\/\/hoosierenerstg.wpengine.com\/?page_id=7006"},"modified":"2026-04-14T07:01:50","modified_gmt":"2026-04-14T12:01:50","slug":"co-op-careers","status":"publish","type":"page","link":"https:\/\/www.hoosierenergy.com\/de\/careers\/co-op-careers\/","title":{"rendered":"Co-op-Karrieren"},"content":{"rendered":"<div class=\"wpb-content-wrapper\"><div class=\"vc_row wpb_row vc_row-fluid negativetopmargin vc_custom_1654014318664 vc_row-has-fill\"><div class=\"wpb_column vc_column_container vc_col-sm-12 vc_col-md-offset-2 vc_col-md-8\"><div class=\"vc_column-inner\"><div class=\"wpb_wrapper\"><div class=\"ult-spacer spacer-69e565c6cb754\" data-id=\"69e565c6cb754\" data-height=\"50\" data-height-mobile=\"20\" data-height-tab=\"30\" data-height-tab-portrait=\"30\" data-height-mobile-landscape=\"20\" style=\"clear:both;display:block;\"><\/div><h2 style=\"text-align: center\" class=\"vc_custom_heading vc_do_custom_heading\" >Machen Sie Karriere bei einer unserer 17 Mitgliedsgenossenschaften<\/h2>\n\t<div class=\"wpb_text_column wpb_content_element\" >\n\t\t<div class=\"wpb_wrapper\">\n\t\t\t<p>Als Genossenschaft ist Hoosier Energy der Unterst\u00fctzung unserer Mitgliedsgenossenschaften verpflichtet. Diese Seite dient als Anlaufstelle f\u00fcr Arbeitssuchende, die sich \u00fcber M\u00f6glichkeiten informieren m\u00f6chten, bei unseren Mitgliedsgenossenschaften in Zentral- und S\u00fcd-Indiana sowie im S\u00fcdosten von Illinois mitzuarbeiten.<\/p>\n<p>Jede unserer Mitgliedsgenossenschaften betreibt und wartet 34.000 Meilen an Stromleitungen und versorgt \u00fcber 285.000 Haushalte, Bauernh\u00f6fe und Unternehmen mit Strom. Unsere Mitgliedssysteme und Hoosier Energy halten sich an dieselben Genossenschaftsprinzipien, legen aber gleichzeitig Wert auf die Entwicklung und das Wohlbefinden der Mitarbeiter.<\/p>\n<p>M\u00f6chten Sie etwas Positives bewirken und das Leben der Menschen in Ihrer Gemeinde verbessern? Entdecken Sie offene Stellen bei unseren Mitgliedsgenossenschaften.<\/p>\n\n\t\t<\/div>\n\t<\/div>\n<div class=\"ult-spacer spacer-69e565c6cc10c\" data-id=\"69e565c6cc10c\" data-height=\"50\" data-height-mobile=\"25\" data-height-tab=\"35\" data-height-tab-portrait=\"35\" data-height-mobile-landscape=\"25\" style=\"clear:both;display:block;\"><\/div><\/div><\/div><\/div><\/div><div class=\"vc_row wpb_row vc_row-fluid\"><div class=\"wpb_column vc_column_container vc_col-sm-12\"><div class=\"vc_column-inner\"><div class=\"wpb_wrapper\"><h3 style=\"text-align: center\" class=\"vc_custom_heading vc_do_custom_heading\" >Aktuelle Karrierem\u00f6glichkeiten bei unseren Mitgliedsgenossenschaften<\/h3><div id=\"members\" class=\"vc_row wpb_row vc_inner vc_row-fluid\"><div class=\"wpb_column vc_column_container vc_col-sm-3 vc_hidden-sm vc_hidden-xs\"><div class=\"vc_column-inner\"><div class=\"wpb_wrapper\"><\/div><\/div><\/div><div class=\"wpb_column vc_column_container vc_col-sm-6\"><div class=\"vc_column-inner\"><div class=\"wpb_wrapper\">\n\t<div class=\"wpb_text_column wpb_content_element\" >\n\t\t<div class=\"wpb_wrapper\">\n\t\t\t<ul>\n<li style=\"list-style-type: none;\">\n<ul>\n<li style=\"list-style-type: none;\">\n<ul>\n<li style=\"list-style-type: none;\">\n<ul>\n<li style=\"list-style-type: none;\">\n<ul>\n<li><a href=\"\/wp-content\/uploads\/2023\/01\/Southeastern-Indiana-REMC-Marketing-Communications-Assistant-Job-Posting.pdf\" target=\"_blank\" rel=\"noopener\">Southeastern Indiana REMC \u2013 Assistent f\u00fcr Marketing und Kommunikation<\/a><\/li>\n<li><a href=\"https:\/\/www.hoosierenergy.com\/wp-content\/uploads\/2023\/06\/Bartholomew-County-REMC-Field-Engineer-II-Job-Posting.pdf\" target=\"_blank\" rel=\"noopener\">Bartholomew County REMC \u2013 Au\u00dfendiensttechniker II<\/a><\/li>\n<li><a href=\"https:\/\/rsecoop.bamboohr.com\/careers\/24\" target=\"_blank\" rel=\"noopener\">RushShelby Energy \u2013 Geselle zum Leitungsmonteur<\/a><\/li>\n<li><a href=\"https:\/\/www.hoosierenergy.com\/wp-content\/uploads\/2025\/06\/South-Central-Indiana-REMC-Journeyman-Lineworker-Job-Posting.pdf\" target=\"_blank\" rel=\"noopener\">South Central Indiana REMC \u2013 Geselle f\u00fcr Leitungsbau<\/a><\/li>\n<li><a href=\"https:\/\/www.hoosierenergy.com\/wp-content\/uploads\/2025\/06\/South-Central-Indiana-REMC-System-Engineer-Electric-Distribution-Job-Posting.pdf\" target=\"_blank\" rel=\"noopener\">South Central Indiana REMC \u2013 Systemingenieur \u2013 Stromverteilung<\/a><\/li>\n<li><a href=\"https:\/\/winenergyremc.exacthire.com\/job\/187522\" target=\"_blank\" rel=\"noopener\">WIN Energy REMC \u2013 Technischer Leiter<\/a><\/li>\n<li><a href=\"https:\/\/www.hoosierenergy.com\/wp-content\/uploads\/2025\/11\/South-Central-Indiana-REMC-Senior-HR-Business-Partner-Job-Posting.pdf\" target=\"_blank\" rel=\"noopener\">REMC South Central Indiana \u2013 Senior HR Business Partner<\/a><\/li>\n<li><a href=\"https:\/\/www.hoosierenergy.com\/wp-content\/uploads\/2025\/11\/South-Central-Indiana-REMC-System-Operator-or-Trainee-Job-Posting.pdf\" target=\"_blank\" rel=\"noopener\">REMC S\u00fcd-Zentral-Indiana \u2013 Systembediener oder Auszubildender<\/a><\/li>\n<li><a href=\"https:\/\/udwi.bamboohr.com\/careers\/33?source=aWQ9MjQ%3D\" target=\"_blank\" rel=\"noopener\">Versorgungsbezirk West-Indiana REMC \u2013 Ingenieur f\u00fcr Verteilungsplanung<\/a><\/li>\n<li><a href=\"https:\/\/clarkremc.exacthire.com\/job\/196141\" target=\"_blank\" rel=\"noopener\">Clark County REMC \u2013 Absteckungsingenieur<\/a><\/li>\n<\/ul>\n<\/li>\n<\/ul>\n<\/li>\n<\/ul>\n<\/li>\n<\/ul>\n<\/li>\n<\/ul>\n\n\t\t<\/div>\n\t<\/div>\n<\/div><\/div><\/div><div class=\"wpb_column vc_column_container vc_col-sm-3 vc_hidden-sm vc_hidden-xs\"><div class=\"vc_column-inner\"><div class=\"wpb_wrapper\"><\/div><\/div><\/div><\/div><div class=\"ult-spacer spacer-69e565c6cdfdc\" data-id=\"69e565c6cdfdc\" data-height=\"150\" data-height-mobile=\"50\" data-height-tab=\"75\" data-height-tab-portrait=\"75\" data-height-mobile-landscape=\"50\" style=\"clear:both;display:block;\"><\/div><\/div><\/div><\/div><\/div>\n<\/div>","protected":false},"excerpt":{"rendered":"<p>Machen Sie Karriere bei einer unserer 17 Mitgliedsgenossenschaften. Als Genossenschaft engagiert sich Hoosier Energy f\u00fcr die Unterst\u00fctzung unserer Mitgliedsgenossenschaften. Diese Seite dient als Anlaufstelle f\u00fcr Stellensuchende, die sich \u00fcber M\u00f6glichkeiten informieren m\u00f6chten, bei unseren Mitgliedsgenossenschaften in Zentral- und S\u00fcd-Indiana sowie im S\u00fcdosten von Illinois mitzuarbeiten. Jede unserer Mitgliedsgenossenschaften betreibt und\u2026<\/p>","protected":false},"author":1,"featured_media":7218,"parent":7000,"menu_order":0,"comment_status":"closed","ping_status":"closed","template":"","meta":{"_acf_changed":false,"footnotes":""},"class_list":["post-7006","page","type-page","status-publish","has-post-thumbnail","hentry","description-off"],"acf":[],"yoast_head":"<!-- This site is optimized with the Yoast SEO plugin v27.4 - https:\/\/yoast.com\/product\/yoast-seo-wordpress\/ -->\r\n<title>Co-op Careers | Hoosier Energy | View Open Positions<\/title>\r\n<meta name=\"description\" content=\"As cooperatives, our members value their employees just as much as we do. View open positions at our member cooperatives today.\" \/>\r\n<meta name=\"robots\" content=\"index, follow, max-snippet:-1, max-image-preview:large, max-video-preview:-1\" \/>\r\n<link rel=\"canonical\" href=\"https:\/\/www.hoosierenergy.com\/de\/careers\/co-op-careers\/\" \/>\r\n<meta property=\"og:locale\" content=\"de_DE\" \/>\r\n<meta property=\"og:type\" content=\"article\" \/>\r\n<meta property=\"og:title\" content=\"Co-op Careers | Hoosier Energy | View Open Positions\" \/>\r\n<meta property=\"og:description\" content=\"As cooperatives, our members value their employees just as much as we do. View open positions at our member cooperatives today.\" \/>\r\n<meta property=\"og:url\" content=\"https:\/\/www.hoosierenergy.com\/de\/careers\/co-op-careers\/\" \/>\r\n<meta property=\"og:site_name\" content=\"Hoosier Energy\" \/>\r\n<meta property=\"article:publisher\" content=\"https:\/\/www.facebook.com\/HoosierEnergy\" \/>\r\n<meta property=\"article:modified_time\" content=\"2026-04-14T12:01:50+00:00\" \/>\r\n<meta property=\"og:image\" content=\"https:\/\/www.hoosierenergy.com\/wp-content\/uploads\/2022\/09\/CoOp-Careers-Header.jpg\" \/>\r\n\t<meta property=\"og:image:width\" content=\"1920\" \/>\r\n\t<meta property=\"og:image:height\" content=\"400\" \/>\r\n\t<meta property=\"og:image:type\" content=\"image\/jpeg\" \/>\r\n<meta name=\"twitter:card\" content=\"summary_large_image\" \/>\r\n<meta name=\"twitter:site\" content=\"@hoosierenergy\" \/>\r\n<meta name=\"twitter:label1\" content=\"Gesch\u00e4tzte Lesezeit\" \/>\n\t<meta name=\"twitter:data1\" content=\"2\u00a0Minuten\" \/>\r\n<script type=\"application\/ld+json\" class=\"yoast-schema-graph\">{\"@context\":\"https:\\\/\\\/schema.org\",\"@graph\":[{\"@type\":\"WebPage\",\"@id\":\"https:\\\/\\\/www.hoosierenergy.com\\\/careers\\\/co-op-careers\\\/\",\"url\":\"https:\\\/\\\/www.hoosierenergy.com\\\/careers\\\/co-op-careers\\\/\",\"name\":\"Co-op Careers | Hoosier Energy | View Open Positions\",\"isPartOf\":{\"@id\":\"https:\\\/\\\/www.hoosierenergy.com\\\/#website\"},\"primaryImageOfPage\":{\"@id\":\"https:\\\/\\\/www.hoosierenergy.com\\\/careers\\\/co-op-careers\\\/#primaryimage\"},\"image\":{\"@id\":\"https:\\\/\\\/www.hoosierenergy.com\\\/careers\\\/co-op-careers\\\/#primaryimage\"},\"thumbnailUrl\":\"https:\\\/\\\/www.hoosierenergy.com\\\/wp-content\\\/uploads\\\/2022\\\/09\\\/CoOp-Careers-Header.jpg\",\"datePublished\":\"2022-09-02T21:02:53+00:00\",\"dateModified\":\"2026-04-14T12:01:50+00:00\",\"description\":\"As cooperatives, our members value their employees just as much as we do. View open positions at our member cooperatives today.\",\"breadcrumb\":{\"@id\":\"https:\\\/\\\/www.hoosierenergy.com\\\/careers\\\/co-op-careers\\\/#breadcrumb\"},\"inLanguage\":\"de\",\"potentialAction\":[{\"@type\":\"ReadAction\",\"target\":[\"https:\\\/\\\/www.hoosierenergy.com\\\/careers\\\/co-op-careers\\\/\"]}]},{\"@type\":\"ImageObject\",\"inLanguage\":\"de\",\"@id\":\"https:\\\/\\\/www.hoosierenergy.com\\\/careers\\\/co-op-careers\\\/#primaryimage\",\"url\":\"https:\\\/\\\/www.hoosierenergy.com\\\/wp-content\\\/uploads\\\/2022\\\/09\\\/CoOp-Careers-Header.jpg\",\"contentUrl\":\"https:\\\/\\\/www.hoosierenergy.com\\\/wp-content\\\/uploads\\\/2022\\\/09\\\/CoOp-Careers-Header.jpg\",\"width\":1920,\"height\":400},{\"@type\":\"BreadcrumbList\",\"@id\":\"https:\\\/\\\/www.hoosierenergy.com\\\/careers\\\/co-op-careers\\\/#breadcrumb\",\"itemListElement\":[{\"@type\":\"ListItem\",\"position\":1,\"name\":\"Home\",\"item\":\"https:\\\/\\\/www.hoosierenergy.com\\\/\"},{\"@type\":\"ListItem\",\"position\":2,\"name\":\"Careers\",\"item\":\"https:\\\/\\\/www.hoosierenergy.com\\\/careers\\\/\"},{\"@type\":\"ListItem\",\"position\":3,\"name\":\"Co-op Careers\"}]},{\"@type\":\"WebSite\",\"@id\":\"https:\\\/\\\/www.hoosierenergy.com\\\/#website\",\"url\":\"https:\\\/\\\/www.hoosierenergy.com\\\/\",\"name\":\"Hoosier Energy\",\"description\":\"Powering Community\",\"alternateName\":\"Hoosier Energy Rural Electric Cooperative, Inc.\",\"potentialAction\":[{\"@type\":\"SearchAction\",\"target\":{\"@type\":\"EntryPoint\",\"urlTemplate\":\"https:\\\/\\\/www.hoosierenergy.com\\\/?s={search_term_string}\"},\"query-input\":{\"@type\":\"PropertyValueSpecification\",\"valueRequired\":true,\"valueName\":\"search_term_string\"}}],\"inLanguage\":\"de\"}]}<\/script>\r\n<!-- \/ Yoast SEO plugin. -->","yoast_head_json":{"title":"Co-op Careers | Hoosier Energy | View Open Positions","description":"As cooperatives, our members value their employees just as much as we do. View open positions at our member cooperatives today.","robots":{"index":"index","follow":"follow","max-snippet":"max-snippet:-1","max-image-preview":"max-image-preview:large","max-video-preview":"max-video-preview:-1"},"canonical":"https:\/\/www.hoosierenergy.com\/de\/careers\/co-op-careers\/","og_locale":"de_DE","og_type":"article","og_title":"Co-op Careers | Hoosier Energy | View Open Positions","og_description":"As cooperatives, our members value their employees just as much as we do. View open positions at our member cooperatives today.","og_url":"https:\/\/www.hoosierenergy.com\/de\/careers\/co-op-careers\/","og_site_name":"Hoosier Energy","article_publisher":"https:\/\/www.facebook.com\/HoosierEnergy","article_modified_time":"2026-04-14T12:01:50+00:00","og_image":[{"width":1920,"height":400,"url":"https:\/\/www.hoosierenergy.com\/wp-content\/uploads\/2022\/09\/CoOp-Careers-Header.jpg","type":"image\/jpeg"}],"twitter_card":"summary_large_image","twitter_site":"@hoosierenergy","twitter_misc":{"Gesch\u00e4tzte Lesezeit":"2\u00a0Minuten"},"schema":{"@context":"https:\/\/schema.org","@graph":[{"@type":"WebPage","@id":"https:\/\/www.hoosierenergy.com\/careers\/co-op-careers\/","url":"https:\/\/www.hoosierenergy.com\/careers\/co-op-careers\/","name":"Co-op Careers | Hoosier Energy | View Open Positions","isPartOf":{"@id":"https:\/\/www.hoosierenergy.com\/#website"},"primaryImageOfPage":{"@id":"https:\/\/www.hoosierenergy.com\/careers\/co-op-careers\/#primaryimage"},"image":{"@id":"https:\/\/www.hoosierenergy.com\/careers\/co-op-careers\/#primaryimage"},"thumbnailUrl":"https:\/\/www.hoosierenergy.com\/wp-content\/uploads\/2022\/09\/CoOp-Careers-Header.jpg","datePublished":"2022-09-02T21:02:53+00:00","dateModified":"2026-04-14T12:01:50+00:00","description":"As cooperatives, our members value their employees just as much as we do. View open positions at our member cooperatives today.","breadcrumb":{"@id":"https:\/\/www.hoosierenergy.com\/careers\/co-op-careers\/#breadcrumb"},"inLanguage":"de","potentialAction":[{"@type":"ReadAction","target":["https:\/\/www.hoosierenergy.com\/careers\/co-op-careers\/"]}]},{"@type":"ImageObject","inLanguage":"de","@id":"https:\/\/www.hoosierenergy.com\/careers\/co-op-careers\/#primaryimage","url":"https:\/\/www.hoosierenergy.com\/wp-content\/uploads\/2022\/09\/CoOp-Careers-Header.jpg","contentUrl":"https:\/\/www.hoosierenergy.com\/wp-content\/uploads\/2022\/09\/CoOp-Careers-Header.jpg","width":1920,"height":400},{"@type":"BreadcrumbList","@id":"https:\/\/www.hoosierenergy.com\/careers\/co-op-careers\/#breadcrumb","itemListElement":[{"@type":"ListItem","position":1,"name":"Home","item":"https:\/\/www.hoosierenergy.com\/"},{"@type":"ListItem","position":2,"name":"Careers","item":"https:\/\/www.hoosierenergy.com\/careers\/"},{"@type":"ListItem","position":3,"name":"Co-op Careers"}]},{"@type":"WebSite","@id":"https:\/\/www.hoosierenergy.com\/#website","url":"https:\/\/www.hoosierenergy.com\/","name":"Hoosier Energie","description":"Gemeinschaft st\u00e4rken","alternateName":"Hoosier Energy Rural Electric Cooperative, Inc.","potentialAction":[{"@type":"SearchAction","target":{"@type":"EntryPoint","urlTemplate":"https:\/\/www.hoosierenergy.com\/?s={search_term_string}"},"query-input":{"@type":"PropertyValueSpecification","valueRequired":true,"valueName":"search_term_string"}}],"inLanguage":"de"}]}},"_links":{"self":[{"href":"https:\/\/www.hoosierenergy.com\/de\/wp-json\/wp\/v2\/pages\/7006","targetHints":{"allow":["GET"]}}],"collection":[{"href":"https:\/\/www.hoosierenergy.com\/de\/wp-json\/wp\/v2\/pages"}],"about":[{"href":"https:\/\/www.hoosierenergy.com\/de\/wp-json\/wp\/v2\/types\/page"}],"author":[{"embeddable":true,"href":"https:\/\/www.hoosierenergy.com\/de\/wp-json\/wp\/v2\/users\/1"}],"replies":[{"embeddable":true,"href":"https:\/\/www.hoosierenergy.com\/de\/wp-json\/wp\/v2\/comments?post=7006"}],"version-history":[{"count":0,"href":"https:\/\/www.hoosierenergy.com\/de\/wp-json\/wp\/v2\/pages\/7006\/revisions"}],"up":[{"embeddable":true,"href":"https:\/\/www.hoosierenergy.com\/de\/wp-json\/wp\/v2\/pages\/7000"}],"wp:featuredmedia":[{"embeddable":true,"href":"https:\/\/www.hoosierenergy.com\/de\/wp-json\/wp\/v2\/media\/7218"}],"wp:attachment":[{"href":"https:\/\/www.hoosierenergy.com\/de\/wp-json\/wp\/v2\/media?parent=7006"}],"curies":[{"name":"wp","href":"https:\/\/api.w.org\/{rel}","templated":true}]}}