{"id":23,"date":"2022-05-16T16:17:25","date_gmt":"2022-05-16T16:17:25","guid":{"rendered":"https:\/\/hoosierenerstg.wpengine.com\/?page_id=23"},"modified":"2025-03-27T10:23:48","modified_gmt":"2025-03-27T15:23:48","slug":"our-members","status":"publish","type":"page","link":"https:\/\/www.hoosierenergy.com\/de\/our-members\/","title":{"rendered":"Unsere Mitglieder"},"content":{"rendered":"<div class=\"wpb-content-wrapper\"><div class=\"vc_row wpb_row vc_row-fluid negativetopmargin vc_custom_1654014318664 vc_row-has-fill\"><div class=\"wpb_column vc_column_container vc_col-sm-12 vc_col-md-offset-2 vc_col-md-8\"><div class=\"vc_column-inner\"><div class=\"wpb_wrapper\"><div class=\"ult-spacer spacer-69e6d3ae83822\" data-id=\"69e6d3ae83822\" data-height=\"50\" data-height-mobile=\"20\" data-height-tab=\"30\" data-height-tab-portrait=\"30\" data-height-mobile-landscape=\"20\" style=\"clear:both;display:block;\"><\/div><h2 style=\"text-align: center\" class=\"vc_custom_heading vc_do_custom_heading\" >Lernen Sie die 17 Mitgliedsgenossenschaften kennen, die bei der Stromverteilung auf \u00fcber 700.000 Verbraucher im gesamten Versorgungsgebiet von Hoosier Energy helfen.<\/h2>\n\t<div class=\"wpb_text_column wpb_content_element\" >\n\t\t<div class=\"wpb_wrapper\">\n\t\t\t<p style=\"text-align: center;\">Unsere Mitglieder sind es, die Hoosier Energy von investorengef\u00fchrten Energieversorgern unterscheiden. Unsere Mission und Werte orientieren sich an den Bed\u00fcrfnissen unserer Mitgliedsgenossenschaften, genau wie bei der Gr\u00fcndung von Hoosier Energy im Jahr 1949. Wir sind ein Zusammenschluss von 17 Mitgliedsgenossenschaften und versorgen 59 Landkreise in Zentral- und S\u00fcd-Indiana sowie im S\u00fcdosten von Illinois.<\/p>\n<p style=\"text-align: center;\">\u00dcber unsere Mitgliedsgenossenschaften versorgen wir eine Vielzahl von Gemeinden, nicht nur in l\u00e4ndlichen Gebieten, sondern auch in dicht besiedelten Vororten und in der N\u00e4he gro\u00dfer Gewerbebetriebe. Hoosier Energy ist ein Stromerzeugungs- und -\u00fcbertragungsunternehmen, das hei\u00dft, wir produzieren Strom und schicken ihn an unsere Mitgliedsgenossenschaften. Unsere Mitglieder verteilen den Strom dann an die Landwirte, Anwohner und Unternehmen in ihren Versorgungsgebieten.<\/p>\n<p style=\"text-align: center;\">Zusammen betreiben und warten unsere Mitgliedsgenossenschaften 34.000 Meilen Verteilungsleitungen und versorgen \u00fcber 285.000 Haushalte, Bauernh\u00f6fe und Unternehmen in Indiana und Illinois mit Strom.<\/p>\n\n\t\t<\/div>\n\t<\/div>\n<div class=\"ult-spacer spacer-69e6d3ae841aa\" data-id=\"69e6d3ae841aa\" data-height=\"35\" data-height-mobile=\"10\" data-height-tab=\"25\" data-height-tab-portrait=\"25\" data-height-mobile-landscape=\"20\" style=\"clear:both;display:block;\"><\/div><\/div><\/div><\/div><\/div><div id=\"members\" class=\"vc_row wpb_row vc_row-fluid vc_row-o-equal-height vc_row-o-content-middle vc_row-flex\"><div class=\"wpb_column vc_column_container vc_col-sm-12\"><div class=\"vc_column-inner\"><div class=\"wpb_wrapper\"><div class=\"vc_row wpb_row vc_inner vc_row-fluid\"><div class=\"wpb_column vc_column_container vc_col-sm-4\"><div class=\"vc_column-inner\"><div class=\"wpb_wrapper\">\n\t<div class=\"wpb_text_column wpb_content_element\" >\n\t\t<div class=\"wpb_wrapper\">\n\t\t\t<ul>\n<li><a href=\"https:\/\/www.bcremc.com\/\"> Bartholomew County REMC<\/a><\/li>\n<li><a href=\"https:\/\/www.theremc.com\/\"> Clark County REMC<\/a><\/li>\n<li><a href=\"http:\/\/www.dmremc.com\/\"> Daviess-Martin County REMC<\/a><\/li>\n<li><a href=\"http:\/\/www.dcremc.com\/\"> Decatur County REMC<\/a><\/li>\n<li><a href=\"http:\/\/www.duboisrec.com\/\"> Dubois REC, Inc.<\/a><\/li>\n<li><a href=\"http:\/\/www.harrisonremc.com\/\"> Harrison REMC<\/a><\/li>\n<\/ul>\n\n\t\t<\/div>\n\t<\/div>\n<\/div><\/div><\/div><div class=\"wpb_column vc_column_container vc_col-sm-4\"><div class=\"vc_column-inner\"><div class=\"wpb_wrapper\">\n\t<div class=\"wpb_text_column wpb_content_element\" >\n\t\t<div class=\"wpb_wrapper\">\n\t\t\t<ul>\n<li><a href=\"http:\/\/www.hcremc.com\/\"> Henry County REMC<\/a><\/li>\n<li><a href=\"http:\/\/www.jacksonremc.com\/\"> Jackson County REMC<\/a><\/li>\n<li><a href=\"http:\/\/myremc.coop\/\"> Orange County REMC<\/a><\/li>\n<li><a href=\"http:\/\/www.rse.coop\/\"> RushShelby Energie<\/a><\/li>\n<li><a href=\"http:\/\/www.sciremc.com\/\"> REMC S\u00fcd-Zentral-Indiana<\/a><\/li>\n<li><a href=\"http:\/\/www.seiremc.com\/\">S\u00fcdost-Indiana REMC<\/a><\/li>\n<\/ul>\n\n\t\t<\/div>\n\t<\/div>\n<\/div><\/div><\/div><div class=\"wpb_column vc_column_container vc_col-sm-4\"><div class=\"vc_column-inner\"><div class=\"wpb_wrapper\">\n\t<div class=\"wpb_text_column wpb_content_element\" >\n\t\t<div class=\"wpb_wrapper\">\n\t\t\t<ul>\n<li><a href=\"http:\/\/www.sinpwr.com\/\">S\u00fcd-Indiana-Kraft<\/a><\/li>\n<li><a href=\"http:\/\/www.udwiremc.com\/\"> Versorgungsbezirk von West-Indiana REMC<\/a><\/li>\n<li><a href=\"http:\/\/www.waynewhitecoop.com\/pages\/Home\"> Wayne-White Counties Elektrische Genossenschaft<\/a><\/li>\n<li><a href=\"http:\/\/www.winenergyremc.com\/\"> WIN Energie REMC<\/a><\/li>\n<li><a href=\"http:\/\/www.wwvremc.com\/\"> Whitewater Valley REMC<\/a><\/li>\n<\/ul>\n\n\t\t<\/div>\n\t<\/div>\n<\/div><\/div><\/div><\/div><div class=\"vc_row wpb_row vc_inner vc_row-fluid\"><div class=\"wpb_column vc_column_container vc_col-sm-12\"><div class=\"vc_column-inner\"><div class=\"wpb_wrapper\"><div class=\"ult-spacer spacer-69e6d3ae8684f\" data-id=\"69e6d3ae8684f\" data-height=\"50\" data-height-mobile=\"25\" data-height-tab=\"35\" data-height-tab-portrait=\"35\" data-height-mobile-landscape=\"25\" style=\"clear:both;display:block;\"><\/div>\n\t<div  class=\"wpb_single_image wpb_content_element vc_align_center\">\n\t\t\n\t\t<figure class=\"wpb_wrapper vc_figure\">\n\t\t\t<div class=\"vc_single_image-wrapper   vc_box_border_grey\"><img loading=\"lazy\" decoding=\"async\" width=\"1920\" height=\"1845\" src=\"https:\/\/www.hoosierenergy.com\/wp-content\/uploads\/2025\/02\/HoosierEnergy-MapUpdate-sm4-3.jpg\" class=\"vc_single_image-img attachment-full\" alt=\"Map of Counties Hoosier Energy Serves\" title=\"HoosierEnergy-MapUpdate-sm4-3\" srcset=\"https:\/\/www.hoosierenergy.com\/wp-content\/uploads\/2025\/02\/HoosierEnergy-MapUpdate-sm4-3.jpg 1920w, https:\/\/www.hoosierenergy.com\/wp-content\/uploads\/2025\/02\/HoosierEnergy-MapUpdate-sm4-3-300x288.jpg 300w, https:\/\/www.hoosierenergy.com\/wp-content\/uploads\/2025\/02\/HoosierEnergy-MapUpdate-sm4-3-1024x984.jpg 1024w, https:\/\/www.hoosierenergy.com\/wp-content\/uploads\/2025\/02\/HoosierEnergy-MapUpdate-sm4-3-768x738.jpg 768w, https:\/\/www.hoosierenergy.com\/wp-content\/uploads\/2025\/02\/HoosierEnergy-MapUpdate-sm4-3-1536x1476.jpg 1536w, https:\/\/www.hoosierenergy.com\/wp-content\/uploads\/2025\/02\/HoosierEnergy-MapUpdate-sm4-3-12x12.jpg 12w\" sizes=\"auto, (max-width: 1920px) 100vw, 1920px\"  data-dt-location=\"https:\/\/www.hoosierenergy.com\/de\/our-members\/hoosierenergy-mapupdate-sm4-3\/\" \/><\/div>\n\t\t<\/figure>\n\t<\/div>\n<div class=\"ult-spacer spacer-69e6d3ae87c96\" data-id=\"69e6d3ae87c96\" data-height=\"50\" data-height-mobile=\"25\" data-height-tab=\"35\" data-height-tab-portrait=\"35\" data-height-mobile-landscape=\"25\" style=\"clear:both;display:block;\"><\/div><\/div><\/div><\/div><\/div><\/div><\/div><\/div><\/div>\n<\/div>","protected":false},"excerpt":{"rendered":"<p>Lernen Sie die 17 Mitgliedsgenossenschaften kennen, die im Versorgungsgebiet von Hoosier Energy \u00fcber 700.000 Verbraucher mit Strom versorgen. Unsere Mitglieder unterscheiden Hoosier Energy von anderen Energieversorgern. Unsere Mission und Werte orientieren sich an den Bed\u00fcrfnissen unserer Mitgliedsgenossenschaften \u2013 genau wie bei der Gr\u00fcndung von Hoosier Energy im Jahr 1949. Wir sind ein\u2026<\/p>","protected":false},"author":1,"featured_media":18951,"parent":0,"menu_order":0,"comment_status":"closed","ping_status":"closed","template":"","meta":{"_acf_changed":false,"footnotes":""},"class_list":["post-23","page","type-page","status-publish","has-post-thumbnail","hentry","description-off"],"acf":[],"yoast_head":"<!-- This site is optimized with the Yoast SEO plugin v27.4 - https:\/\/yoast.com\/product\/yoast-seo-wordpress\/ -->\r\n<title>Our Members | Meet Our Member Cooperatives | Hoosier Energy<\/title>\r\n<meta name=\"description\" content=\"Our members are what makes us who we are. Meet the 17 member cooperatives who support our mission.\" \/>\r\n<meta name=\"robots\" content=\"index, follow, max-snippet:-1, max-image-preview:large, max-video-preview:-1\" \/>\r\n<link rel=\"canonical\" href=\"https:\/\/www.hoosierenergy.com\/de\/our-members\/\" \/>\r\n<meta property=\"og:locale\" content=\"de_DE\" \/>\r\n<meta property=\"og:type\" content=\"article\" \/>\r\n<meta property=\"og:title\" content=\"Our Members | Meet Our Member Cooperatives | Hoosier Energy\" \/>\r\n<meta property=\"og:description\" content=\"Our members are what makes us who we are. Meet the 17 member cooperatives who support our mission.\" \/>\r\n<meta property=\"og:url\" content=\"https:\/\/www.hoosierenergy.com\/de\/our-members\/\" \/>\r\n<meta property=\"og:site_name\" content=\"Hoosier Energy\" \/>\r\n<meta property=\"article:publisher\" content=\"https:\/\/www.facebook.com\/HoosierEnergy\" \/>\r\n<meta property=\"article:modified_time\" content=\"2025-03-27T15:23:48+00:00\" \/>\r\n<meta property=\"og:image\" content=\"https:\/\/www.hoosierenergy.com\/wp-content\/uploads\/2025\/02\/Header-AboutOurMembers.jpg\" \/>\r\n\t<meta property=\"og:image:width\" content=\"1920\" \/>\r\n\t<meta property=\"og:image:height\" content=\"400\" \/>\r\n\t<meta property=\"og:image:type\" content=\"image\/jpeg\" \/>\r\n<meta name=\"twitter:card\" content=\"summary_large_image\" \/>\r\n<meta name=\"twitter:site\" content=\"@hoosierenergy\" \/>\r\n<meta name=\"twitter:label1\" content=\"Gesch\u00e4tzte Lesezeit\" \/>\n\t<meta name=\"twitter:data1\" content=\"2\u00a0Minuten\" \/>\r\n<script type=\"application\/ld+json\" class=\"yoast-schema-graph\">{\"@context\":\"https:\\\/\\\/schema.org\",\"@graph\":[{\"@type\":\"WebPage\",\"@id\":\"https:\\\/\\\/www.hoosierenergy.com\\\/our-members\\\/\",\"url\":\"https:\\\/\\\/www.hoosierenergy.com\\\/our-members\\\/\",\"name\":\"Our Members | Meet Our Member Cooperatives | Hoosier Energy\",\"isPartOf\":{\"@id\":\"https:\\\/\\\/www.hoosierenergy.com\\\/#website\"},\"primaryImageOfPage\":{\"@id\":\"https:\\\/\\\/www.hoosierenergy.com\\\/our-members\\\/#primaryimage\"},\"image\":{\"@id\":\"https:\\\/\\\/www.hoosierenergy.com\\\/our-members\\\/#primaryimage\"},\"thumbnailUrl\":\"https:\\\/\\\/www.hoosierenergy.com\\\/wp-content\\\/uploads\\\/2025\\\/02\\\/Header-AboutOurMembers.jpg\",\"datePublished\":\"2022-05-16T16:17:25+00:00\",\"dateModified\":\"2025-03-27T15:23:48+00:00\",\"description\":\"Our members are what makes us who we are. Meet the 17 member cooperatives who support our mission.\",\"breadcrumb\":{\"@id\":\"https:\\\/\\\/www.hoosierenergy.com\\\/our-members\\\/#breadcrumb\"},\"inLanguage\":\"de\",\"potentialAction\":[{\"@type\":\"ReadAction\",\"target\":[\"https:\\\/\\\/www.hoosierenergy.com\\\/our-members\\\/\"]}]},{\"@type\":\"ImageObject\",\"inLanguage\":\"de\",\"@id\":\"https:\\\/\\\/www.hoosierenergy.com\\\/our-members\\\/#primaryimage\",\"url\":\"https:\\\/\\\/www.hoosierenergy.com\\\/wp-content\\\/uploads\\\/2025\\\/02\\\/Header-AboutOurMembers.jpg\",\"contentUrl\":\"https:\\\/\\\/www.hoosierenergy.com\\\/wp-content\\\/uploads\\\/2025\\\/02\\\/Header-AboutOurMembers.jpg\",\"width\":1920,\"height\":400},{\"@type\":\"BreadcrumbList\",\"@id\":\"https:\\\/\\\/www.hoosierenergy.com\\\/our-members\\\/#breadcrumb\",\"itemListElement\":[{\"@type\":\"ListItem\",\"position\":1,\"name\":\"Home\",\"item\":\"https:\\\/\\\/www.hoosierenergy.com\\\/\"},{\"@type\":\"ListItem\",\"position\":2,\"name\":\"Our Members\"}]},{\"@type\":\"WebSite\",\"@id\":\"https:\\\/\\\/www.hoosierenergy.com\\\/#website\",\"url\":\"https:\\\/\\\/www.hoosierenergy.com\\\/\",\"name\":\"Hoosier Energy\",\"description\":\"Powering Community\",\"alternateName\":\"Hoosier Energy Rural Electric Cooperative, Inc.\",\"potentialAction\":[{\"@type\":\"SearchAction\",\"target\":{\"@type\":\"EntryPoint\",\"urlTemplate\":\"https:\\\/\\\/www.hoosierenergy.com\\\/?s={search_term_string}\"},\"query-input\":{\"@type\":\"PropertyValueSpecification\",\"valueRequired\":true,\"valueName\":\"search_term_string\"}}],\"inLanguage\":\"de\"}]}<\/script>\r\n<!-- \/ Yoast SEO plugin. -->","yoast_head_json":{"title":"Our Members | Meet Our Member Cooperatives | Hoosier Energy","description":"Our members are what makes us who we are. Meet the 17 member cooperatives who support our mission.","robots":{"index":"index","follow":"follow","max-snippet":"max-snippet:-1","max-image-preview":"max-image-preview:large","max-video-preview":"max-video-preview:-1"},"canonical":"https:\/\/www.hoosierenergy.com\/de\/our-members\/","og_locale":"de_DE","og_type":"article","og_title":"Our Members | Meet Our Member Cooperatives | Hoosier Energy","og_description":"Our members are what makes us who we are. Meet the 17 member cooperatives who support our mission.","og_url":"https:\/\/www.hoosierenergy.com\/de\/our-members\/","og_site_name":"Hoosier Energy","article_publisher":"https:\/\/www.facebook.com\/HoosierEnergy","article_modified_time":"2025-03-27T15:23:48+00:00","og_image":[{"width":1920,"height":400,"url":"https:\/\/www.hoosierenergy.com\/wp-content\/uploads\/2025\/02\/Header-AboutOurMembers.jpg","type":"image\/jpeg"}],"twitter_card":"summary_large_image","twitter_site":"@hoosierenergy","twitter_misc":{"Gesch\u00e4tzte Lesezeit":"2\u00a0Minuten"},"schema":{"@context":"https:\/\/schema.org","@graph":[{"@type":"WebPage","@id":"https:\/\/www.hoosierenergy.com\/our-members\/","url":"https:\/\/www.hoosierenergy.com\/our-members\/","name":"Our Members | Meet Our Member Cooperatives | Hoosier Energy","isPartOf":{"@id":"https:\/\/www.hoosierenergy.com\/#website"},"primaryImageOfPage":{"@id":"https:\/\/www.hoosierenergy.com\/our-members\/#primaryimage"},"image":{"@id":"https:\/\/www.hoosierenergy.com\/our-members\/#primaryimage"},"thumbnailUrl":"https:\/\/www.hoosierenergy.com\/wp-content\/uploads\/2025\/02\/Header-AboutOurMembers.jpg","datePublished":"2022-05-16T16:17:25+00:00","dateModified":"2025-03-27T15:23:48+00:00","description":"Our members are what makes us who we are. Meet the 17 member cooperatives who support our mission.","breadcrumb":{"@id":"https:\/\/www.hoosierenergy.com\/our-members\/#breadcrumb"},"inLanguage":"de","potentialAction":[{"@type":"ReadAction","target":["https:\/\/www.hoosierenergy.com\/our-members\/"]}]},{"@type":"ImageObject","inLanguage":"de","@id":"https:\/\/www.hoosierenergy.com\/our-members\/#primaryimage","url":"https:\/\/www.hoosierenergy.com\/wp-content\/uploads\/2025\/02\/Header-AboutOurMembers.jpg","contentUrl":"https:\/\/www.hoosierenergy.com\/wp-content\/uploads\/2025\/02\/Header-AboutOurMembers.jpg","width":1920,"height":400},{"@type":"BreadcrumbList","@id":"https:\/\/www.hoosierenergy.com\/our-members\/#breadcrumb","itemListElement":[{"@type":"ListItem","position":1,"name":"Home","item":"https:\/\/www.hoosierenergy.com\/"},{"@type":"ListItem","position":2,"name":"Our Members"}]},{"@type":"WebSite","@id":"https:\/\/www.hoosierenergy.com\/#website","url":"https:\/\/www.hoosierenergy.com\/","name":"Hoosier Energie","description":"Gemeinschaft st\u00e4rken","alternateName":"Hoosier Energy Rural Electric Cooperative, Inc.","potentialAction":[{"@type":"SearchAction","target":{"@type":"EntryPoint","urlTemplate":"https:\/\/www.hoosierenergy.com\/?s={search_term_string}"},"query-input":{"@type":"PropertyValueSpecification","valueRequired":true,"valueName":"search_term_string"}}],"inLanguage":"de"}]}},"_links":{"self":[{"href":"https:\/\/www.hoosierenergy.com\/de\/wp-json\/wp\/v2\/pages\/23","targetHints":{"allow":["GET"]}}],"collection":[{"href":"https:\/\/www.hoosierenergy.com\/de\/wp-json\/wp\/v2\/pages"}],"about":[{"href":"https:\/\/www.hoosierenergy.com\/de\/wp-json\/wp\/v2\/types\/page"}],"author":[{"embeddable":true,"href":"https:\/\/www.hoosierenergy.com\/de\/wp-json\/wp\/v2\/users\/1"}],"replies":[{"embeddable":true,"href":"https:\/\/www.hoosierenergy.com\/de\/wp-json\/wp\/v2\/comments?post=23"}],"version-history":[{"count":0,"href":"https:\/\/www.hoosierenergy.com\/de\/wp-json\/wp\/v2\/pages\/23\/revisions"}],"wp:featuredmedia":[{"embeddable":true,"href":"https:\/\/www.hoosierenergy.com\/de\/wp-json\/wp\/v2\/media\/18951"}],"wp:attachment":[{"href":"https:\/\/www.hoosierenergy.com\/de\/wp-json\/wp\/v2\/media?parent=23"}],"curies":[{"name":"wp","href":"https:\/\/api.w.org\/{rel}","templated":true}]}}