{"id":166,"date":"2022-07-29T02:07:33","date_gmt":"2022-07-29T02:07:33","guid":{"rendered":"https:\/\/hoosierenerstg.wpengine.com\/?page_id=166"},"modified":"2025-10-02T09:04:04","modified_gmt":"2025-10-02T14:04:04","slug":"renewable-energy","status":"publish","type":"page","link":"https:\/\/www.hoosierenergy.com\/de\/our-cooperative\/energy-strategy\/renewable-energy\/","title":{"rendered":"Erneuerbare Energien"},"content":{"rendered":"<div class=\"wpb-content-wrapper\"><div class=\"vc_row wpb_row vc_row-fluid negativetopmargin vc_custom_1654014318664 vc_row-has-fill\"><div class=\"wpb_column vc_column_container vc_col-sm-12 vc_col-md-offset-2 vc_col-md-8\"><div class=\"vc_column-inner\"><div class=\"wpb_wrapper\"><div class=\"ult-spacer spacer-69e6e4b33b986\" data-id=\"69e6e4b33b986\" data-height=\"50\" data-height-mobile=\"20\" data-height-tab=\"30\" data-height-tab-portrait=\"30\" data-height-mobile-landscape=\"20\" style=\"clear:both;display:block;\"><\/div><h2 style=\"text-align: center\" class=\"vc_custom_heading vc_do_custom_heading\" >Die erneuerbaren Ressourcen von Hoosier Energy helfen uns, den wachsenden Energiebedarf unserer Mitgliedsgenossenschaften in Indiana und Illinois zu decken.<\/h2>\n\t<div class=\"wpb_text_column wpb_content_element\" >\n\t\t<div class=\"wpb_wrapper\">\n\t\t\t<p style=\"text-align: center;\">In den letzten Jahren ist das Portfolio von Hoosier Energy erheblich gewachsen und diversifiziert worden, um den Bed\u00fcrfnissen unserer Mitglieder gerecht zu werden und Risiken effektiv zu managen. Erneuerbare Energien haben eine wichtige Rolle dabei gespielt, dieses Wachstum zu bew\u00e4ltigen, und wir konzentrieren uns weiterhin verst\u00e4rkt auf nachhaltige Energiequellen. Im Rahmen unserer Umstellung auf eine nachhaltige Energieproduktion haben wir ehrgeizige, aber erreichbare Ziele f\u00fcr erneuerbare Energien festgelegt.<\/p>\n<p style=\"text-align: center;\">Im Jahr 2006 verabschiedete Hoosier Energy eine freiwillige Richtlinie f\u00fcr erneuerbare Energien, um bis 2025 mindestens 101 TP3T des Energiebedarfs unseres 17-k\u00f6pfigen Systems durch erneuerbare Energiequellen zu decken. Im Jahr 2022 werden voraussichtlich 91 TP3T unserer Stromversorgung aus erneuerbaren Quellen stammen. Durch Solarenergie, Windenergie, Wasserkraft, Deponiegas und eine Reihe anderer erneuerbarer Programme sind wir auf dem besten Weg, unsere Verpflichtung zu erf\u00fcllen.<\/p>\n\n\t\t<\/div>\n\t<\/div>\n<div class=\"ult-spacer spacer-69e6e4b33c321\" data-id=\"69e6e4b33c321\" data-height=\"50\" data-height-mobile=\"25\" data-height-tab=\"35\" data-height-tab-portrait=\"35\" data-height-mobile-landscape=\"25\" style=\"clear:both;display:block;\"><\/div><\/div><\/div><\/div><\/div><div data-vc-full-width=\"true\" data-vc-full-width-temp=\"true\" data-vc-full-width-init=\"false\" class=\"vc_row wpb_row vc_row-fluid vc_custom_1663458772954 vc_row-has-fill\"><div class=\"wpb_column vc_column_container vc_col-sm-12\"><div class=\"vc_column-inner\"><div class=\"wpb_wrapper\"><div class=\"ult-spacer spacer-69e6e4b33cdb8\" data-id=\"69e6e4b33cdb8\" data-height=\"150\" data-height-mobile=\"50\" data-height-tab=\"75\" data-height-tab-portrait=\"75\" data-height-mobile-landscape=\"50\" style=\"clear:both;display:block;\"><\/div><h3 style=\"color: #ffffff;text-align: center\" class=\"vc_custom_heading vc_do_custom_heading\" >Die Zukunft ist rosig f\u00fcr erneuerbare Energien<\/h3><div class=\"ult-spacer spacer-69e6e4b33d059\" data-id=\"69e6e4b33d059\" data-height=\"150\" data-height-mobile=\"50\" data-height-tab=\"75\" data-height-tab-portrait=\"75\" data-height-mobile-landscape=\"50\" style=\"clear:both;display:block;\"><\/div><\/div><\/div><\/div><\/div><div class=\"vc_row-full-width vc_clearfix\"><\/div><div class=\"vc_row wpb_row vc_row-fluid\"><div class=\"wpb_column vc_column_container vc_col-sm-12\"><div class=\"vc_column-inner\"><div class=\"wpb_wrapper\"><div class=\"ult-spacer spacer-69e6e4b33d773\" data-id=\"69e6e4b33d773\" data-height=\"35\" data-height-mobile=\"20\" data-height-tab=\"25\" data-height-tab-portrait=\"25\" data-height-mobile-landscape=\"20\" style=\"clear:both;display:block;\"><\/div>\n\t<div class=\"wpb_text_column wpb_content_element\" >\n\t\t<div class=\"wpb_wrapper\">\n\t\t\t<p>Die erneuerbaren Ressourcen von Hoosier Energy helfen uns, die Bed\u00fcrfnisse unserer Mitgliedsgenossenschaften zu erf\u00fcllen. Neben der Aufrechterhaltung unserer eigenen Programme f\u00fcr erneuerbare Energien in unserem gesamten Versorgungsgebiet in Indiana und Illinois investieren wir auch in neue Technologien, um ein sich entwickelndes Netz zu unterst\u00fctzen und gleichzeitig eine Rolle in der Energiezukunft zu spielen. Unsere Programme f\u00fcr erneuerbare Energien umfassen die folgenden Initiativen.<\/p>\n\n\t\t<\/div>\n\t<\/div>\n<div class=\"ult-spacer spacer-69e6e4b33d9cd\" data-id=\"69e6e4b33d9cd\" data-height=\"50\" data-height-mobile=\"25\" data-height-tab=\"35\" data-height-tab-portrait=\"35\" data-height-mobile-landscape=\"25\" style=\"clear:both;display:block;\"><\/div><div class=\"vc_row wpb_row vc_inner vc_row-fluid\"><div class=\"wpb_column vc_column_container vc_col-sm-6\"><div class=\"vc_column-inner\"><div class=\"wpb_wrapper\"><h4 style=\"text-align: left\" class=\"vc_custom_heading vc_do_custom_heading\" >Sonnenenergie<\/h4>\n\t<div class=\"wpb_text_column wpb_content_element\" >\n\t\t<div class=\"wpb_wrapper\">\n\t\t\t<p>Unser Solarprogramm besteht aus 10 Ein-Megawatt-Solaranlagen, die entlang gut sichtbarer Stra\u00dfen in Mitgliedsgemeinden in Indiana und Illinois aufgestellt sind. Zusammen erzeugen diese Anlagen nicht nur betr\u00e4chtliche Mengen an Strom, sondern erh\u00f6hen auch die Sichtbarkeit der Rentabilit\u00e4t von Solarenergie und anderen erneuerbaren Quellen. Unsere Solarenergieanlagen helfen uns auch zu verstehen, wie wir Solarenergie effizient in unser Netz integrieren und den Bedarf an anderen Energiequellen in Zeiten hoher Nachfrage ausgleichen k\u00f6nnen.<\/p>\n<p>Wir haben auch mehrere Stromabnahmevertr\u00e4ge f\u00fcr Solarenergie, darunter unseren j\u00fcngsten Vertrag \u00fcber 200 MW bei <a href=\"https:\/\/www.edpr.com\/north-america\/riverstart-solar-park\" target=\"_blank\" rel=\"noopener\">Riverstart Solarpark<\/a> im Randolph County.<\/p>\n\n\t\t<\/div>\n\t<\/div>\n<\/div><\/div><\/div><div class=\"wpb_column vc_column_container vc_col-sm-6\"><div class=\"vc_column-inner\"><div class=\"wpb_wrapper\"><h4 style=\"text-align: left\" class=\"vc_custom_heading vc_do_custom_heading\" >Windenergie<\/h4>\n\t<div class=\"wpb_text_column wpb_content_element\" >\n\t\t<div class=\"wpb_wrapper\">\n\t\t\t<p>Windenergie ist in vielen unserer Gemeinden in Indiana und Illinois eine der sichtbarsten erneuerbaren Energiequellen. Obwohl Hoosier Energy keine Windressourcen besitzt, haben wir mehrere Stromabnahmevertr\u00e4ge, die es uns erm\u00f6glichen, unser Portfolio an erneuerbaren Energien zu erweitern. Zu diesen Projekten geh\u00f6rt Windenergie vom Rail Splitter Windpark in Illinois und vom Meadow Lake Windpark in Indiana.<\/p>\n\n\t\t<\/div>\n\t<\/div>\n<\/div><\/div><\/div><\/div><div class=\"vc_row wpb_row vc_inner vc_row-fluid\"><div class=\"wpb_column vc_column_container vc_col-sm-6\"><div class=\"vc_column-inner\"><div class=\"wpb_wrapper\"><h4 style=\"text-align: left\" class=\"vc_custom_heading vc_do_custom_heading\" >Wasserkraft<\/h4>\n\t<div class=\"wpb_text_column wpb_content_element\" >\n\t\t<div class=\"wpb_wrapper\">\n\t\t\t<p>Wir kaufen Wasserkraft \u00fcber eine Anlage in Dayton, Illinois. Diese Anlage produziert j\u00e4hrlich etwa 18.000 Megawattstunden, was ausreicht, um etwa 1.500 Haushalte mit Strom zu versorgen.<\/p>\n\n\t\t<\/div>\n\t<\/div>\n<\/div><\/div><\/div><div class=\"wpb_column vc_column_container vc_col-sm-6\"><div class=\"vc_column-inner\"><div class=\"wpb_wrapper\"><h4 style=\"text-align: left\" class=\"vc_custom_heading vc_do_custom_heading\" >Stromerzeugung im Eigentum der Verbraucher<\/h4>\n\t<div class=\"wpb_text_column wpb_content_element\" >\n\t\t<div class=\"wpb_wrapper\">\n\t\t\t<p>Mit \u00fcber vier Megawatt erneuerbarer Energiekapazit\u00e4t in unseren Gemeinden in Indiana und Illinois haben wir ein wachsendes Interesse der von uns betreuten B\u00fcrger und Unternehmen an der Stromerzeugung durch Verbraucher festgestellt. Viele entscheiden sich daf\u00fcr, erneuerbare Energiequellen auf ihrem eigenen Grundst\u00fcck zu installieren. Angesichts des wachsenden Interesses haben wir Richtlinien f\u00fcr die dezentrale Stromerzeugung in Wohngebieten eingef\u00fchrt und Faktoren entwickelt, die Verbraucher bei Investitionen in erneuerbare Energien ber\u00fccksichtigen sollten.<\/p>\n\n\t\t<\/div>\n\t<\/div>\n<\/div><\/div><\/div><\/div><div class=\"vc_row wpb_row vc_inner vc_row-fluid\"><div class=\"wpb_column vc_column_container vc_col-sm-6\"><div class=\"vc_column-inner\"><div class=\"wpb_wrapper\"><h4 style=\"text-align: left\" class=\"vc_custom_heading vc_do_custom_heading\" >Erneuerbare Energien f\u00fcr gewerbliche und industrielle Organisationen<\/h4>\n\t<div class=\"wpb_text_column wpb_content_element\" >\n\t\t<div class=\"wpb_wrapper\">\n\t\t\t<p>F\u00fcr Unternehmen, die erneuerbare Energien f\u00fcr die Stromversorgung gewerblicher und industrieller Betriebe suchen, haben wir mehrere Optionen. Dazu geh\u00f6ren Projekte, die von Hoosier Energy gebaut und betrieben werden, Projekte von Mitgliedern, Zertifikate f\u00fcr erneuerbare Energien und Analysen f\u00fcr erneuerbare Energien. Mit diesen Programmen helfen wir der Gesch\u00e4ftswelt, ihre eigenen Ziele zur Reduzierung des CO2-Aussto\u00dfes zu erreichen.<\/p>\n\n\t\t<\/div>\n\t<\/div>\n<\/div><\/div><\/div><div class=\"wpb_column vc_column_container vc_col-sm-6\"><div class=\"vc_column-inner\"><div class=\"wpb_wrapper\"><h4 style=\"text-align: left\" class=\"vc_custom_heading vc_do_custom_heading\" >Elektrofahrzeuge<\/h4>\n\t<div class=\"wpb_text_column wpb_content_element\" >\n\t\t<div class=\"wpb_wrapper\">\n\t\t\t<p>Um die Einf\u00fchrung von Elektrofahrzeugen (EVs) zu f\u00f6rdern, hat Hoosier Energy das Programm entwickelt. Im Rahmen des Programms k\u00f6nnen Mitglieder, die ein EV kaufen, ein kostenloses EV-Ladeger\u00e4t beantragen. Mit dieser Initiative bauen wir die Infrastruktur f\u00fcr erneuerbare Energien in ganz Indiana und Illinois aus und helfen, die Verbraucher \u00fcber die Vorteile von EVs aufzukl\u00e4ren. Wir bieten auch Details und hilfreiche Informationen im Abschnitt \u201eW\u00e4hlen Sie EV\u201c von <a href=\"https:\/\/WhyElectrify.com\" target=\"_blank\" rel=\"noopener\">WarumElectrify.com<\/a>.<\/p>\n\n\t\t<\/div>\n\t<\/div>\n<\/div><\/div><\/div><\/div><\/div><\/div><\/div><\/div><div class=\"vc_row wpb_row vc_row-fluid\"><div class=\"wpb_column vc_column_container vc_col-sm-12\"><div class=\"vc_column-inner\"><div class=\"wpb_wrapper\"><div class=\"ult-spacer spacer-69e6e4b3417bf\" data-id=\"69e6e4b3417bf\" data-height=\"50\" data-height-mobile=\"25\" data-height-tab=\"35\" data-height-tab-portrait=\"35\" data-height-mobile-landscape=\"25\" style=\"clear:both;display:block;\"><\/div><\/div><\/div><\/div><\/div><div data-vc-full-width=\"true\" data-vc-full-width-temp=\"true\" data-vc-full-width-init=\"false\" class=\"vc_row wpb_row vc_row-fluid\"><style type=\"text\/css\" data-type=\"vc_shortcodes-default-css\">.vc_do_custom_heading{margin-bottom:0.625rem;margin-top:0;}.vc_do_btn{margin-bottom:22px;}<\/style><style type=\"text\/css\" data-type=\"vc_shortcodes-custom-css\">.vc_custom_1659638016356{background-image: url(https:\/\/hoosierenergy.com\/wp-content\/uploads\/2022\/08\/Join-Our-Team-Header-01-sigmund-4khkLZuJEYI-unsplash-11.jpg?id=6840) !important;}<\/style><div class=\"wpb_column vc_column_container vc_col-sm-12\"><div class=\"vc_column-inner\"><div class=\"wpb_wrapper\"><div class=\"wpb-content-wrapper\"><div id=\"joinourteam\" data-vc-full-width=\"true\" data-vc-full-width-temp=\"true\" data-vc-full-width-init=\"false\" class=\"vc_row wpb_row vc_row-fluid vc_custom_1659638016356 vc_row-has-fill\"><div class=\"wpb_column vc_column_container vc_col-sm-12 vc_col-md-offset-2 vc_col-md-8\"><div class=\"vc_column-inner\"><div class=\"wpb_wrapper\"><div class=\"ult-spacer spacer-69e6e4b342f67\" data-id=\"69e6e4b342f67\" data-height=\"150\" data-height-mobile=\"75\" data-height-tab=\"100\" data-height-tab-portrait=\"100\" data-height-mobile-landscape=\"75\" style=\"clear:both;display:block;\"><\/div><h2 style=\"color: #ffffff;text-align: center\" class=\"vc_custom_heading vc_do_custom_heading\" >WERDEN SIE TEIL UNSERES TEAMS<\/h2><div class=\"ult-spacer spacer-69e6e4b343207\" data-id=\"69e6e4b343207\" data-height=\"10\" data-height-mobile=\"5\" data-height-tab=\"10\" data-height-tab-portrait=\"10\" data-height-mobile-landscape=\"5\" style=\"clear:both;display:block;\"><\/div><div class=\"vc_row wpb_row vc_inner vc_row-fluid vc_row-o-equal-height vc_row-o-content-middle vc_row-flex\"><div class=\"center wpb_column vc_column_container vc_col-sm-12 vc_col-md-offset-2 vc_col-md-8\"><div class=\"vc_column-inner\"><div class=\"wpb_wrapper\">\n\t<div class=\"wpb_text_column wpb_content_element\" >\n\t\t<div class=\"wpb_wrapper\">\n\t\t\t<p style=\"text-align: center;\"><span style=\"color: #ffffff;\">Suchen Sie nach einer M\u00f6glichkeit, Karriere in einem Unternehmen zu machen, das seine Mitarbeiter wertsch\u00e4tzt? Helfen Sie uns, eine bessere Zukunft f\u00fcr die Gemeinden zu schaffen, die wir betreuen, und machen Sie Karriere bei Hoosier Energy.<\/span><\/p>\n\n\t\t<\/div>\n\t<\/div>\n<\/div><\/div><\/div><\/div><div class=\"vc_row wpb_row vc_inner vc_row-fluid vc_row-o-equal-height vc_row-o-content-middle vc_row-flex\"><div class=\"center wpb_column vc_column_container vc_col-sm-12 vc_col-md-offset-3 vc_col-md-6\"><div class=\"vc_column-inner\"><div class=\"wpb_wrapper\"><div class=\"vc_btn3-container vc_btn3-inline\" ><a style=\"background-color:#0071af; color:#f5ff12;\" class=\"vc_general vc_btn3 vc_btn3-size-md vc_btn3-shape-square vc_btn3-style-custom\" href=\"\/de\/careers\/\" title=\"JOBS SUCHEN\">JOBS SUCHEN<\/a><\/div><\/div><\/div><\/div><\/div><div class=\"ult-spacer spacer-69e6e4b3441df\" data-id=\"69e6e4b3441df\" data-height=\"150\" data-height-mobile=\"75\" data-height-tab=\"100\" data-height-tab-portrait=\"100\" data-height-mobile-landscape=\"75\" style=\"clear:both;display:block;\"><\/div><\/div><\/div><\/div><\/div><div class=\"vc_row-full-width vc_clearfix\"><\/div>\n<\/div><style type=\"text\/css\" data-type=\"rcb-_wpb_shortcodes_custom_css-60\">.vc_custom_1659638016356{background-image: url(https:\/\/hoosierenergy.com\/wp-content\/uploads\/2022\/08\/Join-Our-Team-Header-01-sigmund-4khkLZuJEYI-unsplash-11.jpg?id=6840) !important;}<\/style><\/div><\/div><\/div><\/div><div class=\"vc_row-full-width vc_clearfix\"><\/div>\n<\/div>","protected":false},"excerpt":{"rendered":"<p>Die erneuerbaren Ressourcen von Hoosier Energy helfen uns, den wachsenden Energiebedarf unserer Mitgliedsgenossenschaften in ganz Indiana und Illinois zu decken. In den letzten Jahren ist das Portfolio von Hoosier Energy erheblich gewachsen und diversifiziert worden, um den Bedarf der Mitglieder zu decken und Risiken effektiv zu managen. Erneuerbare Energien haben eine wichtige Rolle dabei gespielt, uns bei der Bew\u00e4ltigung dieses Wachstums zu helfen, und\u2026<\/p>","protected":false},"author":1,"featured_media":7211,"parent":163,"menu_order":0,"comment_status":"closed","ping_status":"closed","template":"","meta":{"_acf_changed":false,"footnotes":""},"class_list":["post-166","page","type-page","status-publish","has-post-thumbnail","hentry","description-off"],"acf":[],"yoast_head":"<!-- This site is optimized with the Yoast SEO plugin v27.4 - https:\/\/yoast.com\/product\/yoast-seo-wordpress\/ -->\r\n<title>Renewable Energy | Hoosier Energy | Our Community<\/title>\r\n<meta name=\"description\" content=\"See how we&#039;re using renewable energy resources like wind and solar to meet the growing needs of our 17 member cooperatives.\" \/>\r\n<meta name=\"robots\" content=\"index, follow, max-snippet:-1, max-image-preview:large, max-video-preview:-1\" \/>\r\n<link rel=\"canonical\" href=\"https:\/\/www.hoosierenergy.com\/de\/our-cooperative\/energy-strategy\/renewable-energy\/\" \/>\r\n<meta property=\"og:locale\" content=\"de_DE\" \/>\r\n<meta property=\"og:type\" content=\"article\" \/>\r\n<meta property=\"og:title\" content=\"Renewable Energy | Hoosier Energy | Our Community\" \/>\r\n<meta property=\"og:description\" content=\"See how we&#039;re using renewable energy resources like wind and solar to meet the growing needs of our 17 member cooperatives.\" \/>\r\n<meta property=\"og:url\" content=\"https:\/\/www.hoosierenergy.com\/de\/our-cooperative\/energy-strategy\/renewable-energy\/\" \/>\r\n<meta property=\"og:site_name\" content=\"Hoosier Energy\" \/>\r\n<meta property=\"article:publisher\" content=\"https:\/\/www.facebook.com\/HoosierEnergy\" \/>\r\n<meta property=\"article:modified_time\" content=\"2025-10-02T14:04:04+00:00\" \/>\r\n<meta property=\"og:image\" content=\"https:\/\/www.hoosierenergy.com\/wp-content\/uploads\/2022\/09\/Renewables-Header.jpg\" \/>\r\n\t<meta property=\"og:image:width\" content=\"1920\" \/>\r\n\t<meta property=\"og:image:height\" content=\"400\" \/>\r\n\t<meta property=\"og:image:type\" content=\"image\/jpeg\" \/>\r\n<meta name=\"twitter:card\" content=\"summary_large_image\" \/>\r\n<meta name=\"twitter:site\" content=\"@hoosierenergy\" \/>\r\n<meta name=\"twitter:label1\" content=\"Gesch\u00e4tzte Lesezeit\" \/>\n\t<meta name=\"twitter:data1\" content=\"4\u00a0Minuten\" \/>\r\n<script type=\"application\/ld+json\" class=\"yoast-schema-graph\">{\"@context\":\"https:\\\/\\\/schema.org\",\"@graph\":[{\"@type\":\"WebPage\",\"@id\":\"https:\\\/\\\/www.hoosierenergy.com\\\/our-cooperative\\\/energy-strategy\\\/renewable-energy\\\/\",\"url\":\"https:\\\/\\\/www.hoosierenergy.com\\\/our-cooperative\\\/energy-strategy\\\/renewable-energy\\\/\",\"name\":\"Renewable Energy | Hoosier Energy | Our Community\",\"isPartOf\":{\"@id\":\"https:\\\/\\\/www.hoosierenergy.com\\\/#website\"},\"primaryImageOfPage\":{\"@id\":\"https:\\\/\\\/www.hoosierenergy.com\\\/our-cooperative\\\/energy-strategy\\\/renewable-energy\\\/#primaryimage\"},\"image\":{\"@id\":\"https:\\\/\\\/www.hoosierenergy.com\\\/our-cooperative\\\/energy-strategy\\\/renewable-energy\\\/#primaryimage\"},\"thumbnailUrl\":\"https:\\\/\\\/www.hoosierenergy.com\\\/wp-content\\\/uploads\\\/2022\\\/09\\\/Renewables-Header.jpg\",\"datePublished\":\"2022-07-29T02:07:33+00:00\",\"dateModified\":\"2025-10-02T14:04:04+00:00\",\"description\":\"See how we're using renewable energy resources like wind and solar to meet the growing needs of our 17 member cooperatives.\",\"breadcrumb\":{\"@id\":\"https:\\\/\\\/www.hoosierenergy.com\\\/our-cooperative\\\/energy-strategy\\\/renewable-energy\\\/#breadcrumb\"},\"inLanguage\":\"de\",\"potentialAction\":[{\"@type\":\"ReadAction\",\"target\":[\"https:\\\/\\\/www.hoosierenergy.com\\\/our-cooperative\\\/energy-strategy\\\/renewable-energy\\\/\"]}]},{\"@type\":\"ImageObject\",\"inLanguage\":\"de\",\"@id\":\"https:\\\/\\\/www.hoosierenergy.com\\\/our-cooperative\\\/energy-strategy\\\/renewable-energy\\\/#primaryimage\",\"url\":\"https:\\\/\\\/www.hoosierenergy.com\\\/wp-content\\\/uploads\\\/2022\\\/09\\\/Renewables-Header.jpg\",\"contentUrl\":\"https:\\\/\\\/www.hoosierenergy.com\\\/wp-content\\\/uploads\\\/2022\\\/09\\\/Renewables-Header.jpg\",\"width\":1920,\"height\":400},{\"@type\":\"BreadcrumbList\",\"@id\":\"https:\\\/\\\/www.hoosierenergy.com\\\/our-cooperative\\\/energy-strategy\\\/renewable-energy\\\/#breadcrumb\",\"itemListElement\":[{\"@type\":\"ListItem\",\"position\":1,\"name\":\"Home\",\"item\":\"https:\\\/\\\/www.hoosierenergy.com\\\/\"},{\"@type\":\"ListItem\",\"position\":2,\"name\":\"Our Cooperative\",\"item\":\"https:\\\/\\\/www.hoosierenergy.com\\\/our-cooperative\\\/\"},{\"@type\":\"ListItem\",\"position\":3,\"name\":\"Energy Strategy\",\"item\":\"https:\\\/\\\/www.hoosierenergy.com\\\/our-cooperative\\\/energy-strategy\\\/\"},{\"@type\":\"ListItem\",\"position\":4,\"name\":\"Renewable Energy\"}]},{\"@type\":\"WebSite\",\"@id\":\"https:\\\/\\\/www.hoosierenergy.com\\\/#website\",\"url\":\"https:\\\/\\\/www.hoosierenergy.com\\\/\",\"name\":\"Hoosier Energy\",\"description\":\"Powering Community\",\"alternateName\":\"Hoosier Energy Rural Electric Cooperative, Inc.\",\"potentialAction\":[{\"@type\":\"SearchAction\",\"target\":{\"@type\":\"EntryPoint\",\"urlTemplate\":\"https:\\\/\\\/www.hoosierenergy.com\\\/?s={search_term_string}\"},\"query-input\":{\"@type\":\"PropertyValueSpecification\",\"valueRequired\":true,\"valueName\":\"search_term_string\"}}],\"inLanguage\":\"de\"}]}<\/script>\r\n<!-- \/ Yoast SEO plugin. -->","yoast_head_json":{"title":"Renewable Energy | Hoosier Energy | Our Community","description":"See how we're using renewable energy resources like wind and solar to meet the growing needs of our 17 member cooperatives.","robots":{"index":"index","follow":"follow","max-snippet":"max-snippet:-1","max-image-preview":"max-image-preview:large","max-video-preview":"max-video-preview:-1"},"canonical":"https:\/\/www.hoosierenergy.com\/de\/our-cooperative\/energy-strategy\/renewable-energy\/","og_locale":"de_DE","og_type":"article","og_title":"Renewable Energy | Hoosier Energy | Our Community","og_description":"See how we're using renewable energy resources like wind and solar to meet the growing needs of our 17 member cooperatives.","og_url":"https:\/\/www.hoosierenergy.com\/de\/our-cooperative\/energy-strategy\/renewable-energy\/","og_site_name":"Hoosier Energy","article_publisher":"https:\/\/www.facebook.com\/HoosierEnergy","article_modified_time":"2025-10-02T14:04:04+00:00","og_image":[{"width":1920,"height":400,"url":"https:\/\/www.hoosierenergy.com\/wp-content\/uploads\/2022\/09\/Renewables-Header.jpg","type":"image\/jpeg"}],"twitter_card":"summary_large_image","twitter_site":"@hoosierenergy","twitter_misc":{"Gesch\u00e4tzte Lesezeit":"4\u00a0Minuten"},"schema":{"@context":"https:\/\/schema.org","@graph":[{"@type":"WebPage","@id":"https:\/\/www.hoosierenergy.com\/our-cooperative\/energy-strategy\/renewable-energy\/","url":"https:\/\/www.hoosierenergy.com\/our-cooperative\/energy-strategy\/renewable-energy\/","name":"Renewable Energy | Hoosier Energy | Our Community","isPartOf":{"@id":"https:\/\/www.hoosierenergy.com\/#website"},"primaryImageOfPage":{"@id":"https:\/\/www.hoosierenergy.com\/our-cooperative\/energy-strategy\/renewable-energy\/#primaryimage"},"image":{"@id":"https:\/\/www.hoosierenergy.com\/our-cooperative\/energy-strategy\/renewable-energy\/#primaryimage"},"thumbnailUrl":"https:\/\/www.hoosierenergy.com\/wp-content\/uploads\/2022\/09\/Renewables-Header.jpg","datePublished":"2022-07-29T02:07:33+00:00","dateModified":"2025-10-02T14:04:04+00:00","description":"See how we're using renewable energy resources like wind and solar to meet the growing needs of our 17 member cooperatives.","breadcrumb":{"@id":"https:\/\/www.hoosierenergy.com\/our-cooperative\/energy-strategy\/renewable-energy\/#breadcrumb"},"inLanguage":"de","potentialAction":[{"@type":"ReadAction","target":["https:\/\/www.hoosierenergy.com\/our-cooperative\/energy-strategy\/renewable-energy\/"]}]},{"@type":"ImageObject","inLanguage":"de","@id":"https:\/\/www.hoosierenergy.com\/our-cooperative\/energy-strategy\/renewable-energy\/#primaryimage","url":"https:\/\/www.hoosierenergy.com\/wp-content\/uploads\/2022\/09\/Renewables-Header.jpg","contentUrl":"https:\/\/www.hoosierenergy.com\/wp-content\/uploads\/2022\/09\/Renewables-Header.jpg","width":1920,"height":400},{"@type":"BreadcrumbList","@id":"https:\/\/www.hoosierenergy.com\/our-cooperative\/energy-strategy\/renewable-energy\/#breadcrumb","itemListElement":[{"@type":"ListItem","position":1,"name":"Home","item":"https:\/\/www.hoosierenergy.com\/"},{"@type":"ListItem","position":2,"name":"Our Cooperative","item":"https:\/\/www.hoosierenergy.com\/our-cooperative\/"},{"@type":"ListItem","position":3,"name":"Energy Strategy","item":"https:\/\/www.hoosierenergy.com\/our-cooperative\/energy-strategy\/"},{"@type":"ListItem","position":4,"name":"Renewable Energy"}]},{"@type":"WebSite","@id":"https:\/\/www.hoosierenergy.com\/#website","url":"https:\/\/www.hoosierenergy.com\/","name":"Hoosier Energie","description":"Gemeinschaft st\u00e4rken","alternateName":"Hoosier Energy Rural Electric Cooperative, Inc.","potentialAction":[{"@type":"SearchAction","target":{"@type":"EntryPoint","urlTemplate":"https:\/\/www.hoosierenergy.com\/?s={search_term_string}"},"query-input":{"@type":"PropertyValueSpecification","valueRequired":true,"valueName":"search_term_string"}}],"inLanguage":"de"}]}},"_links":{"self":[{"href":"https:\/\/www.hoosierenergy.com\/de\/wp-json\/wp\/v2\/pages\/166","targetHints":{"allow":["GET"]}}],"collection":[{"href":"https:\/\/www.hoosierenergy.com\/de\/wp-json\/wp\/v2\/pages"}],"about":[{"href":"https:\/\/www.hoosierenergy.com\/de\/wp-json\/wp\/v2\/types\/page"}],"author":[{"embeddable":true,"href":"https:\/\/www.hoosierenergy.com\/de\/wp-json\/wp\/v2\/users\/1"}],"replies":[{"embeddable":true,"href":"https:\/\/www.hoosierenergy.com\/de\/wp-json\/wp\/v2\/comments?post=166"}],"version-history":[{"count":0,"href":"https:\/\/www.hoosierenergy.com\/de\/wp-json\/wp\/v2\/pages\/166\/revisions"}],"up":[{"embeddable":true,"href":"https:\/\/www.hoosierenergy.com\/de\/wp-json\/wp\/v2\/pages\/163"}],"wp:featuredmedia":[{"embeddable":true,"href":"https:\/\/www.hoosierenergy.com\/de\/wp-json\/wp\/v2\/media\/7211"}],"wp:attachment":[{"href":"https:\/\/www.hoosierenergy.com\/de\/wp-json\/wp\/v2\/media?parent=166"}],"curies":[{"name":"wp","href":"https:\/\/api.w.org\/{rel}","templated":true}]}}