{"id":141,"date":"2022-07-20T12:28:48","date_gmt":"2022-07-20T12:28:48","guid":{"rendered":"https:\/\/hoosierenerstg.wpengine.com\/?page_id=141"},"modified":"2025-02-13T19:25:09","modified_gmt":"2025-02-14T00:25:09","slug":"mission-vision","status":"publish","type":"page","link":"https:\/\/www.hoosierenergy.com\/de\/our-cooperative\/mission-vision\/","title":{"rendered":"Mission und Vision"},"content":{"rendered":"<div class=\"wpb-content-wrapper\"><div class=\"vc_row wpb_row vc_row-fluid negativetopmargin vc_custom_1654014318664 vc_row-has-fill\"><div class=\"wpb_column vc_column_container vc_col-sm-12 vc_col-md-offset-2 vc_col-md-8\"><div class=\"vc_column-inner\"><div class=\"wpb_wrapper\"><div class=\"ult-spacer spacer-69e6e8e860dad\" data-id=\"69e6e8e860dad\" data-height=\"50\" data-height-mobile=\"20\" data-height-tab=\"30\" data-height-tab-portrait=\"30\" data-height-mobile-landscape=\"20\" style=\"clear:both;display:block;\"><\/div><h2 style=\"text-align: center\" class=\"vc_custom_heading vc_do_custom_heading\" >Den Geist und die Kraft der Partnerschaft leben, indem wir unserer Mission und Vision sowie den sieben genossenschaftlichen Prinzipien treu bleiben<\/h2>\n\t<div class=\"wpb_text_column wpb_content_element\" >\n\t\t<div class=\"wpb_wrapper\">\n\t\t\t<p style=\"text-align: center;\">Anders als viele gro\u00dfe Energieversorger wird unsere Organisation nicht von einer Investorengruppe geleitet. Alles, was wir tun, geschieht im Interesse unserer Mitglieder. Wir sind nicht gewinnorientiert, sondern mitgliederorientiert. Unsere Entscheidungen werden von den Landwirten, Familien und Unternehmen geleitet, die wir beliefern, getreu dem Genossenschaftsmodell. Wir arbeiten streng nach den sieben Genossenschaftsprinzipien und -werten, die den Rahmen unserer Organisation bilden.<\/p>\n\n\t\t<\/div>\n\t<\/div>\n<div class=\"ult-spacer spacer-69e6e8e8616cd\" data-id=\"69e6e8e8616cd\" data-height=\"50\" data-height-mobile=\"25\" data-height-tab=\"35\" data-height-tab-portrait=\"35\" data-height-mobile-landscape=\"25\" style=\"clear:both;display:block;\"><\/div><\/div><\/div><\/div><\/div><div class=\"vc_row wpb_row vc_row-fluid\"><div class=\"wpb_column vc_column_container vc_col-sm-6\"><div class=\"vc_column-inner\"><div class=\"wpb_wrapper\">\n\t<div  class=\"wpb_single_image wpb_content_element vc_align_left\">\n\t\t\n\t\t<figure class=\"wpb_wrapper vc_figure\">\n\t\t\t<div class=\"vc_single_image-wrapper   vc_box_border_grey\"><img loading=\"lazy\" decoding=\"async\" width=\"990\" height=\"765\" src=\"https:\/\/www.hoosierenergy.com\/wp-content\/uploads\/2022\/09\/MissionVision-OurMission.jpg\" class=\"vc_single_image-img attachment-full\" alt=\"\" title=\"MissionVision-UnsereMission\" srcset=\"https:\/\/www.hoosierenergy.com\/wp-content\/uploads\/2022\/09\/MissionVision-OurMission.jpg 990w, https:\/\/www.hoosierenergy.com\/wp-content\/uploads\/2022\/09\/MissionVision-OurMission-300x232.jpg 300w, https:\/\/www.hoosierenergy.com\/wp-content\/uploads\/2022\/09\/MissionVision-OurMission-768x593.jpg 768w\" sizes=\"auto, (max-width: 990px) 100vw, 990px\"  data-dt-location=\"https:\/\/www.hoosierenergy.com\/de\/our-cooperative\/mission-vision\/missionvision-ourmission\/\" \/><\/div>\n\t\t<\/figure>\n\t<\/div>\n<h3 style=\"text-align: left\" class=\"vc_custom_heading vc_do_custom_heading\" >Unsere Mission<\/h3>\n\t<div class=\"wpb_text_column wpb_content_element\" >\n\t\t<div class=\"wpb_wrapper\">\n\t\t\t<p>Gemeinsam mit unseren Mitgliedssystemen ist Hoosier Energy bestrebt, eine effiziente und anpassungsf\u00e4hige Organisation zu sein, die zuverl\u00e4ssige und preisg\u00fcnstige Energie sowie mitgliederorientierte Dienstleistungen bietet. Wir sind au\u00dferdem bestrebt, die sich entwickelnden Bed\u00fcrfnisse unserer Mitglieder auf sichere und nachhaltige Weise zu erf\u00fcllen, wobei wir uns an den sieben Genossenschaftsprinzipien orientieren.<\/p>\n\n\t\t<\/div>\n\t<\/div>\n<\/div><\/div><\/div><div class=\"wpb_column vc_column_container vc_col-sm-6\"><div class=\"vc_column-inner\"><div class=\"wpb_wrapper\">\n\t<div  class=\"wpb_single_image wpb_content_element vc_align_left\">\n\t\t\n\t\t<figure class=\"wpb_wrapper vc_figure\">\n\t\t\t<div class=\"vc_single_image-wrapper   vc_box_border_grey\"><img loading=\"lazy\" decoding=\"async\" width=\"990\" height=\"765\" src=\"https:\/\/www.hoosierenergy.com\/wp-content\/uploads\/2022\/09\/MissionVision-OurVision.jpg\" class=\"vc_single_image-img attachment-full\" alt=\"\" title=\"MissionVision-UnsereVision\" srcset=\"https:\/\/www.hoosierenergy.com\/wp-content\/uploads\/2022\/09\/MissionVision-OurVision.jpg 990w, https:\/\/www.hoosierenergy.com\/wp-content\/uploads\/2022\/09\/MissionVision-OurVision-300x232.jpg 300w, https:\/\/www.hoosierenergy.com\/wp-content\/uploads\/2022\/09\/MissionVision-OurVision-768x593.jpg 768w\" sizes=\"auto, (max-width: 990px) 100vw, 990px\"  data-dt-location=\"https:\/\/www.hoosierenergy.com\/de\/our-cooperative\/mission-vision\/missionvision-ourvision\/\" \/><\/div>\n\t\t<\/figure>\n\t<\/div>\n<h3 style=\"text-align: left\" class=\"vc_custom_heading vc_do_custom_heading\" >Unsere Vision<\/h3>\n\t<div class=\"wpb_text_column wpb_content_element\" >\n\t\t<div class=\"wpb_wrapper\">\n\t\t\t<p>Die Vision von Hoosier Energy ist es, den Mitgliedssystemen als vertrauensw\u00fcrdiger Partner und Anbieter zuverl\u00e4ssiger, erschwinglicher und nachhaltiger Energie und Dienstleistungen zu dienen. Als Teil unserer Vision verpflichten wir uns auch, uns an die zunehmend digitale, vernetzte und sich schnell entwickelnde Welt anzupassen.<\/p>\n\n\t\t<\/div>\n\t<\/div>\n<\/div><\/div><\/div><\/div><div class=\"vc_row wpb_row vc_row-fluid vc_row-o-equal-height vc_row-o-content-middle vc_row-flex\"><div class=\"wpb_column vc_column_container vc_col-sm-6\"><div class=\"vc_column-inner\"><div class=\"wpb_wrapper\"><div class=\"ult-spacer spacer-69e6e8e86491f\" data-id=\"69e6e8e86491f\" data-height=\"50\" data-height-mobile=\"25\" data-height-tab=\"35\" data-height-tab-portrait=\"35\" data-height-mobile-landscape=\"25\" style=\"clear:both;display:block;\"><\/div><h3 style=\"text-align: left\" class=\"vc_custom_heading vc_do_custom_heading\" >Was sind die sieben Prinzipien einer Genossenschaft?<\/h3>\n\t<div class=\"wpb_text_column wpb_content_element\" >\n\t\t<div class=\"wpb_wrapper\">\n\t\t\t<p>Unsere Mission und Werte sind eng mit den sieben Genossenschaftsprinzipien verkn\u00fcpft. Als Genossenschaft ist Hoosier Energy eine demokratische Organisation, die dem Grundsatz verpflichtet ist, dass alle Mitglieder die gleiche Macht haben. \u00c4hnlich wie im demokratischen Prozess Amerikas werden unsere Mitglieder ermutigt, ihre Anliegen durch ihre gew\u00e4hlten Vertreter vorzubringen. Die sieben Genossenschaftsprinzipien sind im Folgenden aufgef\u00fchrt:<\/p>\n<ol>\n<li><strong>Freiwillige und offene Mitgliedschaft:<\/strong> Die Mitgliedschaft steht allen offen, die unsere Dienste nutzen, unabh\u00e4ngig von Geschlecht, sozialer, rassischer, politischer oder religi\u00f6ser Zugeh\u00f6rigkeit.<\/li>\n<li><strong>Demokratische Mitgliederkontrolle:<\/strong> Wir sind eine demokratische Organisation; jede unserer 17 Mitgliedsgenossenschaften w\u00e4hlt einen Vertreter, der aktiv an der Festlegung von Richtlinien und der Entscheidungsfindung zum Wohle aller teilnimmt.<\/li>\n<li><strong>Wirtschaftliche Beteiligung der Mitglieder:<\/strong> Unser Ziel ist es, das Gesch\u00e4ft so effizient wie m\u00f6glich zu f\u00fchren, nicht, Gewinn zu machen. Alle zus\u00e4tzlichen Einnahmen werden direkt in das Gesch\u00e4ft investiert und nach einer bestimmten Anzahl von Jahren an die Systeme der Mitglieder zur\u00fcckgegeben.<\/li>\n<li><strong>Autonomie und Unabh\u00e4ngigkeit:<\/strong> Genossenschaften sind autonome, autarke Organisationen. Wenn Hoosier Energy Vereinbarungen mit anderen Organisationen trifft oder Kapital aus externen Quellen beschafft, geschieht dies nur, wenn die Bedingungen demokratische Kontrolle und Autonomie der Mitglieder gew\u00e4hrleisten.<\/li>\n<li><strong>Bildung, Ausbildung und Information:<\/strong> \u00dcber das Hoosier Energy Franklin Training Center bieten wir unseren Mitarbeitern und Genossenschaftsmitgliedern eine Reihe von Schulungen an. Informationsveranstaltungen richten sich an Helpline-Spezialisten und andere Mitarbeiter der Elektrizit\u00e4tsgenossenschaft, die f\u00fcr die Aufrechterhaltung eines zuverl\u00e4ssigen Dienstes f\u00fcr die Verbraucher verantwortlich sind.<\/li>\n<li><strong>Zusammenarbeit zwischen Genossenschaften:<\/strong> Die Philosophie der Zusammenarbeit ist eine Lebenseinstellung. Unsere Mitgliedsgenossenschaften haben Hoosier Energy gegr\u00fcndet, um Stromverteilungssysteme mit einer zuverl\u00e4ssigen, wirtschaftlichen Energiequelle zu versorgen. Durch unsere Zusammenarbeit k\u00f6nnen wir unseren Mitgliedern einen besseren Gegenwert f\u00fcr ihre Energieausgaben bieten.<\/li>\n<li><strong>Sorge um die Gemeinschaft:<\/strong> Als Genossenschaft liegt unser Fokus immer auf der lokalen Ebene. Wir sind Teil der Gemeinschaften, die wir versorgen. Die Anliegen unserer Mitglieder sind auch unsere Anliegen, und wir arbeiten jeden Tag hart daran, die Stromversorgung aufrechtzuerhalten, die Stromrechnungen niedrig zu halten und unsere Gemeinschaften zu besseren Wohnorten zu machen.<\/li>\n<\/ol>\n\n\t\t<\/div>\n\t<\/div>\n<div class=\"ult-spacer spacer-69e6e8e864de3\" data-id=\"69e6e8e864de3\" data-height=\"150\" data-height-mobile=\"50\" data-height-tab=\"75\" data-height-tab-portrait=\"75\" data-height-mobile-landscape=\"50\" style=\"clear:both;display:block;\"><\/div><\/div><\/div><\/div><div class=\"wpb_column vc_column_container vc_col-sm-6\"><div class=\"vc_column-inner\"><div class=\"wpb_wrapper\">\n\t<div  class=\"wpb_single_image wpb_content_element vc_align_left\">\n\t\t\n\t\t<figure class=\"wpb_wrapper vc_figure\">\n\t\t\t<div class=\"vc_single_image-wrapper   vc_box_border_grey\"><img loading=\"lazy\" decoding=\"async\" width=\"1281\" height=\"1920\" src=\"https:\/\/www.hoosierenergy.com\/wp-content\/uploads\/2022\/09\/MissionVision-SevenPrinciples2.jpg\" class=\"vc_single_image-img attachment-full\" alt=\"\" title=\"MissionVision-SiebenPrinzipien2\" srcset=\"https:\/\/www.hoosierenergy.com\/wp-content\/uploads\/2022\/09\/MissionVision-SevenPrinciples2.jpg 1281w, https:\/\/www.hoosierenergy.com\/wp-content\/uploads\/2022\/09\/MissionVision-SevenPrinciples2-200x300.jpg 200w, https:\/\/www.hoosierenergy.com\/wp-content\/uploads\/2022\/09\/MissionVision-SevenPrinciples2-683x1024.jpg 683w, https:\/\/www.hoosierenergy.com\/wp-content\/uploads\/2022\/09\/MissionVision-SevenPrinciples2-768x1151.jpg 768w, https:\/\/www.hoosierenergy.com\/wp-content\/uploads\/2022\/09\/MissionVision-SevenPrinciples2-1025x1536.jpg 1025w\" sizes=\"auto, (max-width: 1281px) 100vw, 1281px\"  data-dt-location=\"https:\/\/www.hoosierenergy.com\/de\/our-cooperative\/mission-vision\/missionvision-sevenprinciples2\/\" \/><\/div>\n\t\t<\/figure>\n\t<\/div>\n<\/div><\/div><\/div><\/div><div data-vc-full-width=\"true\" data-vc-full-width-temp=\"true\" data-vc-full-width-init=\"false\" class=\"vc_row wpb_row vc_row-fluid\"><style type=\"text\/css\" data-type=\"vc_shortcodes-default-css\">.vc_do_custom_heading{margin-bottom:0.625rem;margin-top:0;}.vc_do_btn{margin-bottom:22px;}<\/style><style type=\"text\/css\" data-type=\"vc_shortcodes-custom-css\">.vc_custom_1659638016356{background-image: url(https:\/\/hoosierenergy.com\/wp-content\/uploads\/2022\/08\/Join-Our-Team-Header-01-sigmund-4khkLZuJEYI-unsplash-11.jpg?id=6840) !important;}<\/style><div class=\"wpb_column vc_column_container vc_col-sm-12\"><div class=\"vc_column-inner\"><div class=\"wpb_wrapper\"><div class=\"wpb-content-wrapper\"><div id=\"joinourteam\" data-vc-full-width=\"true\" data-vc-full-width-temp=\"true\" data-vc-full-width-init=\"false\" class=\"vc_row wpb_row vc_row-fluid vc_custom_1659638016356 vc_row-has-fill\"><div class=\"wpb_column vc_column_container vc_col-sm-12 vc_col-md-offset-2 vc_col-md-8\"><div class=\"vc_column-inner\"><div class=\"wpb_wrapper\"><div class=\"ult-spacer spacer-69e6e8e8673eb\" data-id=\"69e6e8e8673eb\" data-height=\"150\" data-height-mobile=\"75\" data-height-tab=\"100\" data-height-tab-portrait=\"100\" data-height-mobile-landscape=\"75\" style=\"clear:both;display:block;\"><\/div><h2 style=\"color: #ffffff;text-align: center\" class=\"vc_custom_heading vc_do_custom_heading\" >WERDEN SIE TEIL UNSERES TEAMS<\/h2><div class=\"ult-spacer spacer-69e6e8e867752\" data-id=\"69e6e8e867752\" data-height=\"10\" data-height-mobile=\"5\" data-height-tab=\"10\" data-height-tab-portrait=\"10\" data-height-mobile-landscape=\"5\" style=\"clear:both;display:block;\"><\/div><div class=\"vc_row wpb_row vc_inner vc_row-fluid vc_row-o-equal-height vc_row-o-content-middle vc_row-flex\"><div class=\"center wpb_column vc_column_container vc_col-sm-12 vc_col-md-offset-2 vc_col-md-8\"><div class=\"vc_column-inner\"><div class=\"wpb_wrapper\">\n\t<div class=\"wpb_text_column wpb_content_element\" >\n\t\t<div class=\"wpb_wrapper\">\n\t\t\t<p style=\"text-align: center;\"><span style=\"color: #ffffff;\">Suchen Sie nach einer M\u00f6glichkeit, Karriere in einem Unternehmen zu machen, das seine Mitarbeiter wertsch\u00e4tzt? Helfen Sie uns, eine bessere Zukunft f\u00fcr die Gemeinden zu schaffen, die wir betreuen, und machen Sie Karriere bei Hoosier Energy.<\/span><\/p>\n\n\t\t<\/div>\n\t<\/div>\n<\/div><\/div><\/div><\/div><div class=\"vc_row wpb_row vc_inner vc_row-fluid vc_row-o-equal-height vc_row-o-content-middle vc_row-flex\"><div class=\"center wpb_column vc_column_container vc_col-sm-12 vc_col-md-offset-3 vc_col-md-6\"><div class=\"vc_column-inner\"><div class=\"wpb_wrapper\"><div class=\"vc_btn3-container vc_btn3-inline\" ><a style=\"background-color:#0071af; color:#f5ff12;\" class=\"vc_general vc_btn3 vc_btn3-size-md vc_btn3-shape-square vc_btn3-style-custom\" href=\"\/de\/careers\/\" title=\"JOBS SUCHEN\">JOBS SUCHEN<\/a><\/div><\/div><\/div><\/div><\/div><div class=\"ult-spacer spacer-69e6e8e868dd2\" data-id=\"69e6e8e868dd2\" data-height=\"150\" data-height-mobile=\"75\" data-height-tab=\"100\" data-height-tab-portrait=\"100\" data-height-mobile-landscape=\"75\" style=\"clear:both;display:block;\"><\/div><\/div><\/div><\/div><\/div><div class=\"vc_row-full-width vc_clearfix\"><\/div>\n<\/div><style type=\"text\/css\" data-type=\"rcb-_wpb_shortcodes_custom_css-60\">.vc_custom_1659638016356{background-image: url(https:\/\/hoosierenergy.com\/wp-content\/uploads\/2022\/08\/Join-Our-Team-Header-01-sigmund-4khkLZuJEYI-unsplash-11.jpg?id=6840) !important;}<\/style><\/div><\/div><\/div><\/div><div class=\"vc_row-full-width vc_clearfix\"><\/div>\n<\/div>","protected":false},"excerpt":{"rendered":"<p>Wir leben den Geist und die Kraft der Partnerschaft, indem wir unserer Mission und Vision sowie den sieben genossenschaftlichen Prinzipien treu bleiben. Anders als viele gro\u00dfe Energieversorger wird unsere Organisation nicht von einer Investorengruppe geleitet. Alles, was wir tun, tun wir im Namen unserer Mitglieder. Wir sind nicht gewinnorientiert, sondern mitgliederorientiert. Unsere Entscheidungen sind\u2026<\/p>","protected":false},"author":1,"featured_media":18950,"parent":22,"menu_order":0,"comment_status":"closed","ping_status":"closed","template":"","meta":{"_acf_changed":false,"footnotes":""},"class_list":["post-141","page","type-page","status-publish","has-post-thumbnail","hentry","description-off"],"acf":[],"yoast_head":"<!-- This site is optimized with the Yoast SEO plugin v27.4 - https:\/\/yoast.com\/product\/yoast-seo-wordpress\/ -->\r\n<title>Our Mission &amp; Vision | Hoosier Energy | A Rural Electric Cooperative<\/title>\r\n<meta name=\"description\" content=\"From our ESG framework to our energy strategy, everything we do is driven by our mission, vision and the cooperative principles. Learn more.\" \/>\r\n<meta name=\"robots\" content=\"index, follow, max-snippet:-1, max-image-preview:large, max-video-preview:-1\" \/>\r\n<link rel=\"canonical\" href=\"https:\/\/www.hoosierenergy.com\/de\/our-cooperative\/mission-vision\/\" \/>\r\n<meta property=\"og:locale\" content=\"de_DE\" \/>\r\n<meta property=\"og:type\" content=\"article\" \/>\r\n<meta property=\"og:title\" content=\"Our Mission &amp; Vision | Hoosier Energy | A Rural Electric Cooperative\" \/>\r\n<meta property=\"og:description\" content=\"From our ESG framework to our energy strategy, everything we do is driven by our mission, vision and the cooperative principles. Learn more.\" \/>\r\n<meta property=\"og:url\" content=\"https:\/\/www.hoosierenergy.com\/de\/our-cooperative\/mission-vision\/\" \/>\r\n<meta property=\"og:site_name\" content=\"Hoosier Energy\" \/>\r\n<meta property=\"article:publisher\" content=\"https:\/\/www.facebook.com\/HoosierEnergy\" \/>\r\n<meta property=\"article:modified_time\" content=\"2025-02-14T00:25:09+00:00\" \/>\r\n<meta property=\"og:image\" content=\"https:\/\/www.hoosierenergy.com\/wp-content\/uploads\/2025\/02\/Header-MissionAndVision.jpg\" \/>\r\n\t<meta property=\"og:image:width\" content=\"1920\" \/>\r\n\t<meta property=\"og:image:height\" content=\"400\" \/>\r\n\t<meta property=\"og:image:type\" content=\"image\/jpeg\" \/>\r\n<meta name=\"twitter:card\" content=\"summary_large_image\" \/>\r\n<meta name=\"twitter:site\" content=\"@hoosierenergy\" \/>\r\n<meta name=\"twitter:label1\" content=\"Gesch\u00e4tzte Lesezeit\" \/>\n\t<meta name=\"twitter:data1\" content=\"3\u00a0Minuten\" \/>\r\n<script type=\"application\/ld+json\" class=\"yoast-schema-graph\">{\"@context\":\"https:\\\/\\\/schema.org\",\"@graph\":[{\"@type\":\"WebPage\",\"@id\":\"https:\\\/\\\/www.hoosierenergy.com\\\/our-cooperative\\\/mission-vision\\\/\",\"url\":\"https:\\\/\\\/www.hoosierenergy.com\\\/our-cooperative\\\/mission-vision\\\/\",\"name\":\"Our Mission & Vision | Hoosier Energy | A Rural Electric Cooperative\",\"isPartOf\":{\"@id\":\"https:\\\/\\\/www.hoosierenergy.com\\\/#website\"},\"primaryImageOfPage\":{\"@id\":\"https:\\\/\\\/www.hoosierenergy.com\\\/our-cooperative\\\/mission-vision\\\/#primaryimage\"},\"image\":{\"@id\":\"https:\\\/\\\/www.hoosierenergy.com\\\/our-cooperative\\\/mission-vision\\\/#primaryimage\"},\"thumbnailUrl\":\"https:\\\/\\\/www.hoosierenergy.com\\\/wp-content\\\/uploads\\\/2025\\\/02\\\/Header-MissionAndVision.jpg\",\"datePublished\":\"2022-07-20T12:28:48+00:00\",\"dateModified\":\"2025-02-14T00:25:09+00:00\",\"description\":\"From our ESG framework to our energy strategy, everything we do is driven by our mission, vision and the cooperative principles. Learn more.\",\"breadcrumb\":{\"@id\":\"https:\\\/\\\/www.hoosierenergy.com\\\/our-cooperative\\\/mission-vision\\\/#breadcrumb\"},\"inLanguage\":\"de\",\"potentialAction\":[{\"@type\":\"ReadAction\",\"target\":[\"https:\\\/\\\/www.hoosierenergy.com\\\/our-cooperative\\\/mission-vision\\\/\"]}]},{\"@type\":\"ImageObject\",\"inLanguage\":\"de\",\"@id\":\"https:\\\/\\\/www.hoosierenergy.com\\\/our-cooperative\\\/mission-vision\\\/#primaryimage\",\"url\":\"https:\\\/\\\/www.hoosierenergy.com\\\/wp-content\\\/uploads\\\/2025\\\/02\\\/Header-MissionAndVision.jpg\",\"contentUrl\":\"https:\\\/\\\/www.hoosierenergy.com\\\/wp-content\\\/uploads\\\/2025\\\/02\\\/Header-MissionAndVision.jpg\",\"width\":1920,\"height\":400},{\"@type\":\"BreadcrumbList\",\"@id\":\"https:\\\/\\\/www.hoosierenergy.com\\\/our-cooperative\\\/mission-vision\\\/#breadcrumb\",\"itemListElement\":[{\"@type\":\"ListItem\",\"position\":1,\"name\":\"Home\",\"item\":\"https:\\\/\\\/www.hoosierenergy.com\\\/\"},{\"@type\":\"ListItem\",\"position\":2,\"name\":\"Our Cooperative\",\"item\":\"https:\\\/\\\/www.hoosierenergy.com\\\/our-cooperative\\\/\"},{\"@type\":\"ListItem\",\"position\":3,\"name\":\"Mission &#038; Vision\"}]},{\"@type\":\"WebSite\",\"@id\":\"https:\\\/\\\/www.hoosierenergy.com\\\/#website\",\"url\":\"https:\\\/\\\/www.hoosierenergy.com\\\/\",\"name\":\"Hoosier Energy\",\"description\":\"Powering Community\",\"alternateName\":\"Hoosier Energy Rural Electric Cooperative, Inc.\",\"potentialAction\":[{\"@type\":\"SearchAction\",\"target\":{\"@type\":\"EntryPoint\",\"urlTemplate\":\"https:\\\/\\\/www.hoosierenergy.com\\\/?s={search_term_string}\"},\"query-input\":{\"@type\":\"PropertyValueSpecification\",\"valueRequired\":true,\"valueName\":\"search_term_string\"}}],\"inLanguage\":\"de\"}]}<\/script>\r\n<!-- \/ Yoast SEO plugin. -->","yoast_head_json":{"title":"Our Mission & Vision | Hoosier Energy | A Rural Electric Cooperative","description":"From our ESG framework to our energy strategy, everything we do is driven by our mission, vision and the cooperative principles. Learn more.","robots":{"index":"index","follow":"follow","max-snippet":"max-snippet:-1","max-image-preview":"max-image-preview:large","max-video-preview":"max-video-preview:-1"},"canonical":"https:\/\/www.hoosierenergy.com\/de\/our-cooperative\/mission-vision\/","og_locale":"de_DE","og_type":"article","og_title":"Our Mission & Vision | Hoosier Energy | A Rural Electric Cooperative","og_description":"From our ESG framework to our energy strategy, everything we do is driven by our mission, vision and the cooperative principles. Learn more.","og_url":"https:\/\/www.hoosierenergy.com\/de\/our-cooperative\/mission-vision\/","og_site_name":"Hoosier Energy","article_publisher":"https:\/\/www.facebook.com\/HoosierEnergy","article_modified_time":"2025-02-14T00:25:09+00:00","og_image":[{"width":1920,"height":400,"url":"https:\/\/www.hoosierenergy.com\/wp-content\/uploads\/2025\/02\/Header-MissionAndVision.jpg","type":"image\/jpeg"}],"twitter_card":"summary_large_image","twitter_site":"@hoosierenergy","twitter_misc":{"Gesch\u00e4tzte Lesezeit":"3\u00a0Minuten"},"schema":{"@context":"https:\/\/schema.org","@graph":[{"@type":"WebPage","@id":"https:\/\/www.hoosierenergy.com\/our-cooperative\/mission-vision\/","url":"https:\/\/www.hoosierenergy.com\/our-cooperative\/mission-vision\/","name":"Our Mission & Vision | Hoosier Energy | A Rural Electric Cooperative","isPartOf":{"@id":"https:\/\/www.hoosierenergy.com\/#website"},"primaryImageOfPage":{"@id":"https:\/\/www.hoosierenergy.com\/our-cooperative\/mission-vision\/#primaryimage"},"image":{"@id":"https:\/\/www.hoosierenergy.com\/our-cooperative\/mission-vision\/#primaryimage"},"thumbnailUrl":"https:\/\/www.hoosierenergy.com\/wp-content\/uploads\/2025\/02\/Header-MissionAndVision.jpg","datePublished":"2022-07-20T12:28:48+00:00","dateModified":"2025-02-14T00:25:09+00:00","description":"From our ESG framework to our energy strategy, everything we do is driven by our mission, vision and the cooperative principles. Learn more.","breadcrumb":{"@id":"https:\/\/www.hoosierenergy.com\/our-cooperative\/mission-vision\/#breadcrumb"},"inLanguage":"de","potentialAction":[{"@type":"ReadAction","target":["https:\/\/www.hoosierenergy.com\/our-cooperative\/mission-vision\/"]}]},{"@type":"ImageObject","inLanguage":"de","@id":"https:\/\/www.hoosierenergy.com\/our-cooperative\/mission-vision\/#primaryimage","url":"https:\/\/www.hoosierenergy.com\/wp-content\/uploads\/2025\/02\/Header-MissionAndVision.jpg","contentUrl":"https:\/\/www.hoosierenergy.com\/wp-content\/uploads\/2025\/02\/Header-MissionAndVision.jpg","width":1920,"height":400},{"@type":"BreadcrumbList","@id":"https:\/\/www.hoosierenergy.com\/our-cooperative\/mission-vision\/#breadcrumb","itemListElement":[{"@type":"ListItem","position":1,"name":"Home","item":"https:\/\/www.hoosierenergy.com\/"},{"@type":"ListItem","position":2,"name":"Our Cooperative","item":"https:\/\/www.hoosierenergy.com\/our-cooperative\/"},{"@type":"ListItem","position":3,"name":"Mission &#038; Vision"}]},{"@type":"WebSite","@id":"https:\/\/www.hoosierenergy.com\/#website","url":"https:\/\/www.hoosierenergy.com\/","name":"Hoosier Energie","description":"Gemeinschaft st\u00e4rken","alternateName":"Hoosier Energy Rural Electric Cooperative, Inc.","potentialAction":[{"@type":"SearchAction","target":{"@type":"EntryPoint","urlTemplate":"https:\/\/www.hoosierenergy.com\/?s={search_term_string}"},"query-input":{"@type":"PropertyValueSpecification","valueRequired":true,"valueName":"search_term_string"}}],"inLanguage":"de"}]}},"_links":{"self":[{"href":"https:\/\/www.hoosierenergy.com\/de\/wp-json\/wp\/v2\/pages\/141","targetHints":{"allow":["GET"]}}],"collection":[{"href":"https:\/\/www.hoosierenergy.com\/de\/wp-json\/wp\/v2\/pages"}],"about":[{"href":"https:\/\/www.hoosierenergy.com\/de\/wp-json\/wp\/v2\/types\/page"}],"author":[{"embeddable":true,"href":"https:\/\/www.hoosierenergy.com\/de\/wp-json\/wp\/v2\/users\/1"}],"replies":[{"embeddable":true,"href":"https:\/\/www.hoosierenergy.com\/de\/wp-json\/wp\/v2\/comments?post=141"}],"version-history":[{"count":0,"href":"https:\/\/www.hoosierenergy.com\/de\/wp-json\/wp\/v2\/pages\/141\/revisions"}],"up":[{"embeddable":true,"href":"https:\/\/www.hoosierenergy.com\/de\/wp-json\/wp\/v2\/pages\/22"}],"wp:featuredmedia":[{"embeddable":true,"href":"https:\/\/www.hoosierenergy.com\/de\/wp-json\/wp\/v2\/media\/18950"}],"wp:attachment":[{"href":"https:\/\/www.hoosierenergy.com\/de\/wp-json\/wp\/v2\/media?parent=141"}],"curies":[{"name":"wp","href":"https:\/\/api.w.org\/{rel}","templated":true}]}}