{"id":131,"date":"2022-07-14T17:12:29","date_gmt":"2022-07-14T17:12:29","guid":{"rendered":"https:\/\/hoosierenerstg.wpengine.com\/?page_id=131"},"modified":"2025-09-02T10:00:21","modified_gmt":"2025-09-02T15:00:21","slug":"economic-development-partners","status":"publish","type":"page","link":"https:\/\/www.hoosierenergy.com\/de\/economic-development\/economic-development-partners\/","title":{"rendered":"Partner f\u00fcr wirtschaftliche Entwicklung"},"content":{"rendered":"<div class=\"wpb-content-wrapper\"><div class=\"vc_row wpb_row vc_row-fluid negativetopmargin vc_custom_1654014318664 vc_row-has-fill\"><div class=\"wpb_column vc_column_container vc_col-sm-12 vc_col-md-offset-2 vc_col-md-8\"><div class=\"vc_column-inner\"><div class=\"wpb_wrapper\"><div class=\"ult-spacer spacer-69d39e4ecb6e4\" data-id=\"69d39e4ecb6e4\" data-height=\"50\" data-height-mobile=\"20\" data-height-tab=\"30\" data-height-tab-portrait=\"30\" data-height-mobile-landscape=\"20\" style=\"clear:both;display:block;\"><\/div><h2 style=\"text-align: center\" class=\"vc_custom_heading vc_do_custom_heading\" >Aufbau und Pflege von Partnerschaften mit lokalen und regionalen Wirtschaftsentwicklungsorganisationen<\/h2>\n\t<div class=\"wpb_text_column wpb_content_element\" >\n\t\t<div class=\"wpb_wrapper\">\n\t\t\t<p style=\"text-align: center;\">Hoosier Energy arbeitet in unserem gesamten Versorgungsgebiet mit lokalen Wirtschaftsentwicklungsorganisationen (LEDOs) und regionalen Wirtschaftsentwicklungsorganisationen (REDOs) zusammen. Dank dieser Beziehungen kann unser Wirtschaftsentwicklungsteam interessierten Parteien bei der Standortauswahl weiter helfen.<\/p>\n\n\t\t<\/div>\n\t<\/div>\n<div class=\"vc_row wpb_row vc_inner vc_row-fluid\"><div class=\"center wpb_column vc_column_container vc_col-sm-12 vc_col-md-offset-1 vc_col-md-10\"><div class=\"vc_column-inner\"><div class=\"wpb_wrapper\"><div class=\"vc_btn3-container vc_btn3-inline\" ><a style=\"background-color:#0071af; color:#f5ff12;\" class=\"vc_general vc_btn3 vc_btn3-size-md vc_btn3-shape-square vc_btn3-style-custom\" href=\"https:\/\/www.hoosierenergy.com\/wp-content\/uploads\/2025\/09\/LEDO-Listing_09.02.2025.pdf\" title=\"LADEN SIE UNSERE LEDO-LISTEN HERUNTER\" target=\"_blank\">LADEN SIE UNSERE LEDO-LISTEN HERUNTER<\/a><\/div><div class=\"ult-spacer spacer-69d39e4eccdea\" data-id=\"69d39e4eccdea\" data-height=\"10\" data-height-mobile=\"10\" data-height-tab=\"\" data-height-tab-portrait=\"\" data-height-mobile-landscape=\"10\" style=\"clear:both;display:block;\"><\/div><div class=\"vc_btn3-container vc_btn3-inline\" ><a style=\"background-color:#0071af; color:#f5ff12;\" class=\"vc_general vc_btn3 vc_btn3-size-md vc_btn3-shape-square vc_btn3-style-custom\" href=\"https:\/\/www.hoosierenergy.com\/wp-content\/uploads\/2024\/01\/REDO-Listing_01.17.2024.pdf\" title=\"LADEN SIE UNSERE REDO-LISTEN HERUNTER\" target=\"_blank\">LADEN SIE UNSERE REDO-LISTEN HERUNTER<\/a><\/div><\/div><\/div><\/div><\/div><div class=\"ult-spacer spacer-69d39e4ecd104\" data-id=\"69d39e4ecd104\" data-height=\"75\" data-height-mobile=\"30\" data-height-tab=\"50\" data-height-tab-portrait=\"50\" data-height-mobile-landscape=\"30\" style=\"clear:both;display:block;\"><\/div><\/div><\/div><\/div><\/div>\n<\/div>","protected":false},"excerpt":{"rendered":"<p>Aufbau und Pflege von Partnerschaften mit lokalen und regionalen Wirtschaftsentwicklungsorganisationen Hoosier Energy arbeitet in unserem gesamten Versorgungsgebiet mit lokalen Wirtschaftsentwicklungsorganisationen (LEDOs) und regionalen Wirtschaftsentwicklungsorganisationen (REDOs) zusammen. Diese Beziehungen erm\u00f6glichen es unserem Wirtschaftsentwicklungsteam, die Standortauswahl f\u00fcr interessierte Parteien weiter zu unterst\u00fctzen. UNSERE LEDO-LISTEN HERUNTERLADEN UNSERE REDO-LISTEN HERUNTERLADEN<\/p>","protected":false},"author":1,"featured_media":7173,"parent":26,"menu_order":0,"comment_status":"closed","ping_status":"closed","template":"template-map.php","meta":{"_acf_changed":false,"footnotes":""},"class_list":["post-131","page","type-page","status-publish","has-post-thumbnail","hentry","description-off"],"acf":[],"yoast_head":"<!-- This site is optimized with the Yoast SEO plugin v23.9 - https:\/\/yoast.com\/wordpress\/plugins\/seo\/ -->\r\n<title>Economic Development Partners | Hoosier Energy<\/title>\r\n<meta name=\"description\" content=\"We maintain close partnerships with local and regional economic development organizations. Learn more about our partners.\" \/>\r\n<meta name=\"robots\" content=\"index, follow, max-snippet:-1, max-image-preview:large, max-video-preview:-1\" \/>\r\n<link rel=\"canonical\" href=\"https:\/\/www.hoosierenergy.com\/de\/economic-development\/economic-development-partners\/\" \/>\r\n<meta property=\"og:locale\" content=\"de_DE\" \/>\r\n<meta property=\"og:type\" content=\"article\" \/>\r\n<meta property=\"og:title\" content=\"Economic Development Partners | Hoosier Energy\" \/>\r\n<meta property=\"og:description\" content=\"We maintain close partnerships with local and regional economic development organizations. Learn more about our partners.\" \/>\r\n<meta property=\"og:url\" content=\"https:\/\/www.hoosierenergy.com\/de\/economic-development\/economic-development-partners\/\" \/>\r\n<meta property=\"og:site_name\" content=\"Hoosier Energy\" \/>\r\n<meta property=\"article:publisher\" content=\"https:\/\/www.facebook.com\/HoosierEnergy\" \/>\r\n<meta property=\"article:modified_time\" content=\"2025-09-02T15:00:21+00:00\" \/>\r\n<meta property=\"og:image\" content=\"https:\/\/www.hoosierenergy.com\/wp-content\/uploads\/2022\/09\/PartnerLedoRedo-Header.jpg\" \/>\r\n\t<meta property=\"og:image:width\" content=\"1920\" \/>\r\n\t<meta property=\"og:image:height\" content=\"400\" \/>\r\n\t<meta property=\"og:image:type\" content=\"image\/jpeg\" \/>\r\n<meta name=\"twitter:card\" content=\"summary_large_image\" \/>\r\n<meta name=\"twitter:site\" content=\"@hoosierenergy\" \/>\r\n<meta name=\"twitter:label1\" content=\"Gesch\u00e4tzte Lesezeit\" \/>\n\t<meta name=\"twitter:data1\" content=\"1 Minute\" \/>\r\n<script type=\"application\/ld+json\" class=\"yoast-schema-graph\">{\"@context\":\"https:\/\/schema.org\",\"@graph\":[{\"@type\":\"WebPage\",\"@id\":\"https:\/\/www.hoosierenergy.com\/economic-development\/economic-development-partners\/\",\"url\":\"https:\/\/www.hoosierenergy.com\/economic-development\/economic-development-partners\/\",\"name\":\"Economic Development Partners | Hoosier Energy\",\"isPartOf\":{\"@id\":\"https:\/\/www.hoosierenergy.com\/#website\"},\"primaryImageOfPage\":{\"@id\":\"https:\/\/www.hoosierenergy.com\/economic-development\/economic-development-partners\/#primaryimage\"},\"image\":{\"@id\":\"https:\/\/www.hoosierenergy.com\/economic-development\/economic-development-partners\/#primaryimage\"},\"thumbnailUrl\":\"https:\/\/www.hoosierenergy.com\/wp-content\/uploads\/2022\/09\/PartnerLedoRedo-Header.jpg\",\"datePublished\":\"2022-07-14T17:12:29+00:00\",\"dateModified\":\"2025-09-02T15:00:21+00:00\",\"description\":\"We maintain close partnerships with local and regional economic development organizations. Learn more about our partners.\",\"breadcrumb\":{\"@id\":\"https:\/\/www.hoosierenergy.com\/economic-development\/economic-development-partners\/#breadcrumb\"},\"inLanguage\":\"de\",\"potentialAction\":[{\"@type\":\"ReadAction\",\"target\":[\"https:\/\/www.hoosierenergy.com\/economic-development\/economic-development-partners\/\"]}]},{\"@type\":\"ImageObject\",\"inLanguage\":\"de\",\"@id\":\"https:\/\/www.hoosierenergy.com\/economic-development\/economic-development-partners\/#primaryimage\",\"url\":\"https:\/\/www.hoosierenergy.com\/wp-content\/uploads\/2022\/09\/PartnerLedoRedo-Header.jpg\",\"contentUrl\":\"https:\/\/www.hoosierenergy.com\/wp-content\/uploads\/2022\/09\/PartnerLedoRedo-Header.jpg\",\"width\":1920,\"height\":400},{\"@type\":\"BreadcrumbList\",\"@id\":\"https:\/\/www.hoosierenergy.com\/economic-development\/economic-development-partners\/#breadcrumb\",\"itemListElement\":[{\"@type\":\"ListItem\",\"position\":1,\"name\":\"Home\",\"item\":\"https:\/\/www.hoosierenergy.com\/\"},{\"@type\":\"ListItem\",\"position\":2,\"name\":\"Economic Development\",\"item\":\"https:\/\/www.hoosierenergy.com\/economic-development\/\"},{\"@type\":\"ListItem\",\"position\":3,\"name\":\"Economic Development Partners\"}]},{\"@type\":\"WebSite\",\"@id\":\"https:\/\/www.hoosierenergy.com\/#website\",\"url\":\"https:\/\/www.hoosierenergy.com\/\",\"name\":\"Hoosier Energy\",\"description\":\"Powering Community\",\"publisher\":{\"@id\":\"https:\/\/www.hoosierenergy.com\/#organization\"},\"alternateName\":\"Hoosier Energy Rural Electric Cooperative, Inc.\",\"potentialAction\":[{\"@type\":\"SearchAction\",\"target\":{\"@type\":\"EntryPoint\",\"urlTemplate\":\"https:\/\/www.hoosierenergy.com\/?s={search_term_string}\"},\"query-input\":{\"@type\":\"PropertyValueSpecification\",\"valueRequired\":true,\"valueName\":\"search_term_string\"}}],\"inLanguage\":\"de\"},{\"@type\":\"Organization\",\"@id\":\"https:\/\/www.hoosierenergy.com\/#organization\",\"name\":\"Hoosier Energy Rural Electric Cooperative, Inc.\",\"alternateName\":\"Hoosier Energy\",\"url\":\"https:\/\/www.hoosierenergy.com\/\",\"logo\":{\"@type\":\"ImageObject\",\"inLanguage\":\"de\",\"@id\":\"https:\/\/www.hoosierenergy.com\/#\/schema\/logo\/image\/\",\"url\":\"https:\/\/hoosierenergy.com\/wp-content\/uploads\/2022\/05\/HoosierEnergy-logo.svg\",\"contentUrl\":\"https:\/\/hoosierenergy.com\/wp-content\/uploads\/2022\/05\/HoosierEnergy-logo.svg\",\"width\":309,\"height\":41,\"caption\":\"Hoosier Energy Rural Electric Cooperative, Inc.\"},\"image\":{\"@id\":\"https:\/\/www.hoosierenergy.com\/#\/schema\/logo\/image\/\"},\"sameAs\":[\"https:\/\/www.facebook.com\/HoosierEnergy\",\"https:\/\/x.com\/hoosierenergy\",\"https:\/\/www.linkedin.com\/company\/hoosier-energy\/\",\"https:\/\/www.youtube.com\/user\/MyHoosierEnergy\"]}]}<\/script>\r\n<!-- \/ Yoast SEO plugin. -->","yoast_head_json":{"title":"Economic Development Partners | Hoosier Energy","description":"We maintain close partnerships with local and regional economic development organizations. Learn more about our partners.","robots":{"index":"index","follow":"follow","max-snippet":"max-snippet:-1","max-image-preview":"max-image-preview:large","max-video-preview":"max-video-preview:-1"},"canonical":"https:\/\/www.hoosierenergy.com\/de\/economic-development\/economic-development-partners\/","og_locale":"de_DE","og_type":"article","og_title":"Economic Development Partners | Hoosier Energy","og_description":"We maintain close partnerships with local and regional economic development organizations. Learn more about our partners.","og_url":"https:\/\/www.hoosierenergy.com\/de\/economic-development\/economic-development-partners\/","og_site_name":"Hoosier Energy","article_publisher":"https:\/\/www.facebook.com\/HoosierEnergy","article_modified_time":"2025-09-02T15:00:21+00:00","og_image":[{"width":1920,"height":400,"url":"https:\/\/www.hoosierenergy.com\/wp-content\/uploads\/2022\/09\/PartnerLedoRedo-Header.jpg","type":"image\/jpeg"}],"twitter_card":"summary_large_image","twitter_site":"@hoosierenergy","twitter_misc":{"Gesch\u00e4tzte Lesezeit":"1 Minute"},"schema":{"@context":"https:\/\/schema.org","@graph":[{"@type":"WebPage","@id":"https:\/\/www.hoosierenergy.com\/economic-development\/economic-development-partners\/","url":"https:\/\/www.hoosierenergy.com\/economic-development\/economic-development-partners\/","name":"Economic Development Partners | Hoosier Energy","isPartOf":{"@id":"https:\/\/www.hoosierenergy.com\/#website"},"primaryImageOfPage":{"@id":"https:\/\/www.hoosierenergy.com\/economic-development\/economic-development-partners\/#primaryimage"},"image":{"@id":"https:\/\/www.hoosierenergy.com\/economic-development\/economic-development-partners\/#primaryimage"},"thumbnailUrl":"https:\/\/www.hoosierenergy.com\/wp-content\/uploads\/2022\/09\/PartnerLedoRedo-Header.jpg","datePublished":"2022-07-14T17:12:29+00:00","dateModified":"2025-09-02T15:00:21+00:00","description":"We maintain close partnerships with local and regional economic development organizations. Learn more about our partners.","breadcrumb":{"@id":"https:\/\/www.hoosierenergy.com\/economic-development\/economic-development-partners\/#breadcrumb"},"inLanguage":"de","potentialAction":[{"@type":"ReadAction","target":["https:\/\/www.hoosierenergy.com\/economic-development\/economic-development-partners\/"]}]},{"@type":"ImageObject","inLanguage":"de","@id":"https:\/\/www.hoosierenergy.com\/economic-development\/economic-development-partners\/#primaryimage","url":"https:\/\/www.hoosierenergy.com\/wp-content\/uploads\/2022\/09\/PartnerLedoRedo-Header.jpg","contentUrl":"https:\/\/www.hoosierenergy.com\/wp-content\/uploads\/2022\/09\/PartnerLedoRedo-Header.jpg","width":1920,"height":400},{"@type":"BreadcrumbList","@id":"https:\/\/www.hoosierenergy.com\/economic-development\/economic-development-partners\/#breadcrumb","itemListElement":[{"@type":"ListItem","position":1,"name":"Home","item":"https:\/\/www.hoosierenergy.com\/"},{"@type":"ListItem","position":2,"name":"Economic Development","item":"https:\/\/www.hoosierenergy.com\/economic-development\/"},{"@type":"ListItem","position":3,"name":"Economic Development Partners"}]},{"@type":"WebSite","@id":"https:\/\/www.hoosierenergy.com\/#website","url":"https:\/\/www.hoosierenergy.com\/","name":"Hoosier Energy","description":"Powering Community","publisher":{"@id":"https:\/\/www.hoosierenergy.com\/#organization"},"alternateName":"Hoosier Energy Rural Electric Cooperative, Inc.","potentialAction":[{"@type":"SearchAction","target":{"@type":"EntryPoint","urlTemplate":"https:\/\/www.hoosierenergy.com\/?s={search_term_string}"},"query-input":{"@type":"PropertyValueSpecification","valueRequired":true,"valueName":"search_term_string"}}],"inLanguage":"de"},{"@type":"Organization","@id":"https:\/\/www.hoosierenergy.com\/#organization","name":"Hoosier Energy Rural Electric Cooperative, Inc.","alternateName":"Hoosier Energy","url":"https:\/\/www.hoosierenergy.com\/","logo":{"@type":"ImageObject","inLanguage":"de","@id":"https:\/\/www.hoosierenergy.com\/#\/schema\/logo\/image\/","url":"https:\/\/hoosierenergy.com\/wp-content\/uploads\/2022\/05\/HoosierEnergy-logo.svg","contentUrl":"https:\/\/hoosierenergy.com\/wp-content\/uploads\/2022\/05\/HoosierEnergy-logo.svg","width":309,"height":41,"caption":"Hoosier Energy Rural Electric Cooperative, Inc."},"image":{"@id":"https:\/\/www.hoosierenergy.com\/#\/schema\/logo\/image\/"},"sameAs":["https:\/\/www.facebook.com\/HoosierEnergy","https:\/\/x.com\/hoosierenergy","https:\/\/www.linkedin.com\/company\/hoosier-energy\/","https:\/\/www.youtube.com\/user\/MyHoosierEnergy"]}]}},"_links":{"self":[{"href":"https:\/\/www.hoosierenergy.com\/de\/wp-json\/wp\/v2\/pages\/131","targetHints":{"allow":["GET"]}}],"collection":[{"href":"https:\/\/www.hoosierenergy.com\/de\/wp-json\/wp\/v2\/pages"}],"about":[{"href":"https:\/\/www.hoosierenergy.com\/de\/wp-json\/wp\/v2\/types\/page"}],"author":[{"embeddable":true,"href":"https:\/\/www.hoosierenergy.com\/de\/wp-json\/wp\/v2\/users\/1"}],"replies":[{"embeddable":true,"href":"https:\/\/www.hoosierenergy.com\/de\/wp-json\/wp\/v2\/comments?post=131"}],"version-history":[{"count":0,"href":"https:\/\/www.hoosierenergy.com\/de\/wp-json\/wp\/v2\/pages\/131\/revisions"}],"up":[{"embeddable":true,"href":"https:\/\/www.hoosierenergy.com\/de\/wp-json\/wp\/v2\/pages\/26"}],"wp:featuredmedia":[{"embeddable":true,"href":"https:\/\/www.hoosierenergy.com\/de\/wp-json\/wp\/v2\/media\/7173"}],"wp:attachment":[{"href":"https:\/\/www.hoosierenergy.com\/de\/wp-json\/wp\/v2\/media?parent=131"}],"curies":[{"name":"wp","href":"https:\/\/api.w.org\/{rel}","templated":true}]}}