{"id":128,"date":"2022-07-14T16:53:37","date_gmt":"2022-07-14T16:53:37","guid":{"rendered":"https:\/\/hoosierenerstg.wpengine.com\/?page_id=128"},"modified":"2024-01-17T11:03:48","modified_gmt":"2024-01-17T16:03:48","slug":"economic-development-assistance","status":"publish","type":"page","link":"https:\/\/www.hoosierenergy.com\/de\/economic-development\/economic-development-assistance\/","title":{"rendered":"Wirtschaftsentwicklungshilfe"},"content":{"rendered":"<div class=\"wpb-content-wrapper\"><div class=\"vc_row wpb_row vc_row-fluid negativetopmargin vc_custom_1654014318664 vc_row-has-fill\"><div class=\"wpb_column vc_column_container vc_col-sm-12 vc_col-md-offset-2 vc_col-md-8\"><div class=\"vc_column-inner\"><div class=\"wpb_wrapper\"><div class=\"ult-spacer spacer-69e5a86fd166f\" data-id=\"69e5a86fd166f\" data-height=\"50\" data-height-mobile=\"20\" data-height-tab=\"30\" data-height-tab-portrait=\"30\" data-height-mobile-landscape=\"20\" style=\"clear:both;display:block;\"><\/div><h2 style=\"text-align: center\" class=\"vc_custom_heading vc_do_custom_heading\" >Unser Wirtschaftsentwicklungsteam bietet wichtige Unterst\u00fctzung, um Unternehmen dabei zu helfen, ihre Pr\u00e4senz im Mittleren Westen aufzubauen oder auszubauen<\/h2>\n\t<div class=\"wpb_text_column wpb_content_element\" >\n\t\t<div class=\"wpb_wrapper\">\n\t\t\t<p style=\"text-align: center;\">Das Wirtschaftsentwicklungsteam von Hoosier Energy bietet Organisationen, die in unserem Servicebereich, der Zentral- und S\u00fcd-Indiana sowie S\u00fcdost-Illinois umfasst, Betriebe aufbauen oder erweitern m\u00f6chten, umfassende Unterst\u00fctzung. Unser Wirtschaftsentwicklungsteam verf\u00fcgt \u00fcber die notwendigen Werkzeuge und Ressourcen, um den \u00dcbergang reibungslos und einfach zu gestalten. Hoosier Energy steht Ihnen bei jedem Schritt zur Seite.<\/p>\n\n\t\t<\/div>\n\t<\/div>\n<div class=\"ult-spacer spacer-69e5a86fd20ba\" data-id=\"69e5a86fd20ba\" data-height=\"50\" data-height-mobile=\"25\" data-height-tab=\"35\" data-height-tab-portrait=\"35\" data-height-mobile-landscape=\"25\" style=\"clear:both;display:block;\"><\/div><\/div><\/div><\/div><\/div><div class=\"vc_row wpb_row vc_row-fluid\"><div class=\"wpb_column vc_column_container vc_col-sm-4\"><div class=\"vc_column-inner\"><div class=\"wpb_wrapper\">\n\t<div  class=\"wpb_single_image wpb_content_element vc_align_center\">\n\t\t\n\t\t<figure class=\"wpb_wrapper vc_figure\">\n\t\t\t<div class=\"vc_single_image-wrapper   vc_box_border_grey\"><img loading=\"lazy\" decoding=\"async\" width=\"990\" height=\"765\" src=\"https:\/\/www.hoosierenergy.com\/wp-content\/uploads\/2022\/09\/EconDevAssistance-ProjectAssistance.jpg\" class=\"vc_single_image-img attachment-full\" alt=\"\" title=\"EconDevAssistance-Projektassistenz\" srcset=\"https:\/\/www.hoosierenergy.com\/wp-content\/uploads\/2022\/09\/EconDevAssistance-ProjectAssistance.jpg 990w, https:\/\/www.hoosierenergy.com\/wp-content\/uploads\/2022\/09\/EconDevAssistance-ProjectAssistance-300x232.jpg 300w, https:\/\/www.hoosierenergy.com\/wp-content\/uploads\/2022\/09\/EconDevAssistance-ProjectAssistance-768x593.jpg 768w\" sizes=\"auto, (max-width: 990px) 100vw, 990px\"  data-dt-location=\"https:\/\/www.hoosierenergy.com\/de\/econdevassistance-projectassistance\/\" \/><\/div>\n\t\t<\/figure>\n\t<\/div>\n<h3 style=\"text-align: left\" class=\"vc_custom_heading vc_do_custom_heading\" >Projektassistenz<\/h3>\n\t<div class=\"wpb_text_column wpb_content_element\" >\n\t\t<div class=\"wpb_wrapper\">\n\t\t\t<ul>\n<li>Sch\u00e4tzungen und Analysen der Gesch\u00e4ftskosten<\/li>\n<li>Kostenvergleich zwischen den einzelnen Bundesstaaten<\/li>\n<li>Analyse der wirtschaftlichen Auswirkungen des Projekts<\/li>\n<li>Vollst\u00e4ndige Informationen zur Projektumfrage<\/li>\n<li>Beratung von Kommunen zur Infrastrukturfinanzierung<\/li>\n<li>Studien zur Grundsteuer<\/li>\n<li>Sch\u00e4tzungen zur Steuererm\u00e4\u00dfigung<\/li>\n<li>Individuelle Stromtarifanalysen und -vergleiche<\/li>\n<\/ul>\n\n\t\t<\/div>\n\t<\/div>\n<\/div><\/div><\/div><div class=\"wpb_column vc_column_container vc_col-sm-4\"><div class=\"vc_column-inner\"><div class=\"wpb_wrapper\">\n\t<div  class=\"wpb_single_image wpb_content_element vc_align_center\">\n\t\t\n\t\t<figure class=\"wpb_wrapper vc_figure\">\n\t\t\t<div class=\"vc_single_image-wrapper   vc_box_border_grey\"><img loading=\"lazy\" decoding=\"async\" width=\"990\" height=\"765\" src=\"https:\/\/www.hoosierenergy.com\/wp-content\/uploads\/2022\/09\/EconDevAssistance-IndustrialSiteDev.jpg\" class=\"vc_single_image-img attachment-full\" alt=\"\" title=\"Wirtschaftsentwicklungsassistenz - IndustrialSiteDev\" srcset=\"https:\/\/www.hoosierenergy.com\/wp-content\/uploads\/2022\/09\/EconDevAssistance-IndustrialSiteDev.jpg 990w, https:\/\/www.hoosierenergy.com\/wp-content\/uploads\/2022\/09\/EconDevAssistance-IndustrialSiteDev-300x232.jpg 300w, https:\/\/www.hoosierenergy.com\/wp-content\/uploads\/2022\/09\/EconDevAssistance-IndustrialSiteDev-768x593.jpg 768w\" sizes=\"auto, (max-width: 990px) 100vw, 990px\"  data-dt-location=\"https:\/\/www.hoosierenergy.com\/de\/econdevassistance-industrialsitedev\/\" \/><\/div>\n\t\t<\/figure>\n\t<\/div>\n<h3 style=\"text-align: left\" class=\"vc_custom_heading vc_do_custom_heading\" >Entwicklung von Industriestandorten<\/h3>\n\t<div class=\"wpb_text_column wpb_content_element\" >\n\t\t<div class=\"wpb_wrapper\">\n\t\t\t<ul>\n<li>Erstellung von Lagepl\u00e4nen, Luftbildern und Brosch\u00fcren<\/li>\n<li>Identifikation von Industriestandorten<\/li>\n<li>Strategische Planungshilfe f\u00fcr Standorte und Bautr\u00e4ger<\/li>\n<li>Expertise in den Bereichen Infrastrukturfinanzierung und Fl\u00e4chennutzungsplanung<\/li>\n<li>Vorl\u00e4ufige Phase 1 und geotechnische Standortstudien<\/li>\n<li>Vorplanung und Planung von Industriestandorten<\/li>\n<\/ul>\n\n\t\t<\/div>\n\t<\/div>\n<\/div><\/div><\/div><div class=\"wpb_column vc_column_container vc_col-sm-4\"><div class=\"vc_column-inner\"><div class=\"wpb_wrapper\">\n\t<div  class=\"wpb_single_image wpb_content_element vc_align_center\">\n\t\t\n\t\t<figure class=\"wpb_wrapper vc_figure\">\n\t\t\t<div class=\"vc_single_image-wrapper   vc_box_border_grey\"><img loading=\"lazy\" decoding=\"async\" width=\"990\" height=\"765\" src=\"https:\/\/www.hoosierenergy.com\/wp-content\/uploads\/2022\/09\/EconDevAssistance-ProjectDev.jpg\" class=\"vc_single_image-img attachment-full\" alt=\"\" title=\"EconDevAssistance-Projektentwicklung\" srcset=\"https:\/\/www.hoosierenergy.com\/wp-content\/uploads\/2022\/09\/EconDevAssistance-ProjectDev.jpg 990w, https:\/\/www.hoosierenergy.com\/wp-content\/uploads\/2022\/09\/EconDevAssistance-ProjectDev-300x232.jpg 300w, https:\/\/www.hoosierenergy.com\/wp-content\/uploads\/2022\/09\/EconDevAssistance-ProjectDev-768x593.jpg 768w\" sizes=\"auto, (max-width: 990px) 100vw, 990px\"  data-dt-location=\"https:\/\/www.hoosierenergy.com\/de\/econdevassistance-projectdev\/\" \/><\/div>\n\t\t<\/figure>\n\t<\/div>\n<h3 style=\"text-align: left\" class=\"vc_custom_heading vc_do_custom_heading\" >Projektentwicklung<\/h3>\n\t<div class=\"wpb_text_column wpb_content_element\" >\n\t\t<div class=\"wpb_wrapper\">\n\t\t\t<ul>\n<li>Leadgenerierung<\/li>\n<li>Hosting f\u00fcr Interessentenbesuche<\/li>\n<li>Messen<\/li>\n<li>Direktmailings<\/li>\n<li>Entwicklung und Ver\u00f6ffentlichung einer Sitebrosch\u00fcre<\/li>\n<li>Industrieanlagenantennen<\/li>\n<li>Webbasiertes Marketing<\/li>\n<\/ul>\n\n\t\t<\/div>\n\t<\/div>\n<\/div><\/div><\/div><\/div><div class=\"vc_row wpb_row vc_row-fluid\"><div class=\"wpb_column vc_column_container vc_col-sm-12\"><div class=\"vc_column-inner\"><div class=\"wpb_wrapper\"><div class=\"ult-spacer spacer-69e5a86fd6e6f\" data-id=\"69e5a86fd6e6f\" data-height=\"75\" data-height-mobile=\"35\" data-height-tab=\"50\" data-height-tab-portrait=\"50\" data-height-mobile-landscape=\"35\" style=\"clear:both;display:block;\"><\/div><\/div><\/div><\/div><\/div><div class=\"vc_row wpb_row vc_row-fluid\"><div class=\"wpb_column vc_column_container vc_col-sm-6\"><div class=\"vc_column-inner\"><div class=\"wpb_wrapper\">\n\t<div  class=\"wpb_single_image wpb_content_element vc_align_center\">\n\t\t\n\t\t<figure class=\"wpb_wrapper vc_figure\">\n\t\t\t<div class=\"vc_single_image-wrapper   vc_box_border_grey\"><img loading=\"lazy\" decoding=\"async\" width=\"990\" height=\"765\" src=\"https:\/\/www.hoosierenergy.com\/wp-content\/uploads\/2022\/09\/EconDevAssistance-OtherServices.jpg\" class=\"vc_single_image-img attachment-full\" alt=\"\" title=\"EconDevAssistance-AndereDienste\" srcset=\"https:\/\/www.hoosierenergy.com\/wp-content\/uploads\/2022\/09\/EconDevAssistance-OtherServices.jpg 990w, https:\/\/www.hoosierenergy.com\/wp-content\/uploads\/2022\/09\/EconDevAssistance-OtherServices-300x232.jpg 300w, https:\/\/www.hoosierenergy.com\/wp-content\/uploads\/2022\/09\/EconDevAssistance-OtherServices-768x593.jpg 768w\" sizes=\"auto, (max-width: 990px) 100vw, 990px\"  data-dt-location=\"https:\/\/www.hoosierenergy.com\/de\/econdevassistance-otherservices\/\" \/><\/div>\n\t\t<\/figure>\n\t<\/div>\n<\/div><\/div><\/div><div class=\"wpb_column vc_column_container vc_col-sm-6\"><div class=\"vc_column-inner\"><div class=\"wpb_wrapper\"><h3 style=\"text-align: left\" class=\"vc_custom_heading vc_do_custom_heading\" >Andere Dienstleistungen<\/h3>\n\t<div class=\"wpb_text_column wpb_content_element\" >\n\t\t<div class=\"wpb_wrapper\">\n\t\t\t<ul>\n<li>Verbindung mit\u00a0<a href=\"https:\/\/iedc.in.gov\/\">Indiana Wirtschaftsentwicklungsgesellschaft<\/a> (IEDC), lokale Wirtschaftsentwicklungsorganisationen (<a href=\"\/de\/economic-development\/economic-development-partners\/\">LEDOs<\/a>), regionale Wirtschaftsentwicklungsorganisationen (<a href=\"\/de\/economic-development\/economic-development-partners\/\">Wiederholen<\/a>) und Berater, die im Auftrag der betreuten Standorte F\u00fchrungen und Informationen f\u00fcr expandierende oder umziehende Unternehmen anbieten.<\/li>\n<li>Informieren Sie lokale Wirtschaftsentwicklungsorganisationen und staatliches Personal \u00fcber Fragen der Wirtschaftsentwicklung in Indiana und Illinois.<\/li>\n<li>F\u00fchren Sie Studien zur Stromqualit\u00e4t durch.<\/li>\n<li>Bereitstellung von Dienstleistungen f\u00fcr Vertragsverhandlungen und ma\u00dfgeschneiderte Tarifgestaltung f\u00fcr Projekte.<\/li>\n<li>Bereitstellung von Stipendien f\u00fcr Grundkurse zur wirtschaftlichen Entwicklung, Kurse zur Gemeindeentwicklung und das Institut f\u00fcr wirtschaftliche Entwicklung.<\/li>\n<li>Arbeiten Sie mit landesweiten und regionalen Agenturen zusammen, um aktuelle Informationen zu branchenbezogenen Themen bereitzustellen und Projekte und Richtlinien zur l\u00e4ndlichen Entwicklung zu unterst\u00fctzen.<\/li>\n<li>Stellen Sie lokalen Organisationen in Schl\u00fcsselindustrien wie der Kunststoff-, Stahl- und Landwirtschaft strategische Informationen zur Verf\u00fcgung.<\/li>\n<li>Verwalten Sie die Koordinierung und Unterst\u00fctzung des USDA-Programms.<\/li>\n<\/ul>\n\n\t\t<\/div>\n\t<\/div>\n<\/div><\/div><\/div><\/div><div class=\"vc_row wpb_row vc_row-fluid\"><div class=\"wpb_column vc_column_container vc_col-sm-12\"><div class=\"vc_column-inner\"><div class=\"wpb_wrapper\"><div class=\"ult-spacer spacer-69e5a86fd8d45\" data-id=\"69e5a86fd8d45\" data-height=\"75\" data-height-mobile=\"35\" data-height-tab=\"50\" data-height-tab-portrait=\"50\" data-height-mobile-landscape=\"35\" style=\"clear:both;display:block;\"><\/div><\/div><\/div><\/div><\/div>\n<\/div>","protected":false},"excerpt":{"rendered":"<p>Unser Wirtschaftsentwicklungsteam bietet wichtige Unterst\u00fctzung, um Unternehmen dabei zu helfen, ihre Pr\u00e4senz im Mittleren Westen aufzubauen oder zu erweitern. Das Wirtschaftsentwicklungsteam von Hoosier Energy bietet Organisationen, die daran interessiert sind, in unserem Servicebereich, der Zentral- und S\u00fcd-Indiana sowie S\u00fcdost-Illinois umfasst, Betriebe aufzubauen oder zu erweitern, eine breite Palette an Unterst\u00fctzung. Unser Wirtschaftsentwicklungsteam hat\u2026<\/p>","protected":false},"author":1,"featured_media":7082,"parent":26,"menu_order":0,"comment_status":"closed","ping_status":"closed","template":"","meta":{"_acf_changed":false,"footnotes":""},"class_list":["post-128","page","type-page","status-publish","has-post-thumbnail","hentry","description-off"],"acf":[],"yoast_head":"<!-- This site is optimized with the Yoast SEO plugin v27.4 - https:\/\/yoast.com\/product\/yoast-seo-wordpress\/ -->\r\n<title>Economic Development Assistance | Hoosier Energy<\/title>\r\n<meta name=\"description\" content=\"Our dedicated economic development team provides crucial assistance to help businesses build their presence in our service territory. Learn more.\" \/>\r\n<meta name=\"robots\" content=\"index, follow, max-snippet:-1, max-image-preview:large, max-video-preview:-1\" \/>\r\n<link rel=\"canonical\" href=\"https:\/\/www.hoosierenergy.com\/de\/economic-development\/economic-development-assistance\/\" \/>\r\n<meta property=\"og:locale\" content=\"de_DE\" \/>\r\n<meta property=\"og:type\" content=\"article\" \/>\r\n<meta property=\"og:title\" content=\"Economic Development Assistance | Hoosier Energy\" \/>\r\n<meta property=\"og:description\" content=\"Our dedicated economic development team provides crucial assistance to help businesses build their presence in our service territory. Learn more.\" \/>\r\n<meta property=\"og:url\" content=\"https:\/\/www.hoosierenergy.com\/de\/economic-development\/economic-development-assistance\/\" \/>\r\n<meta property=\"og:site_name\" content=\"Hoosier Energy\" \/>\r\n<meta property=\"article:publisher\" content=\"https:\/\/www.facebook.com\/HoosierEnergy\" \/>\r\n<meta property=\"article:modified_time\" content=\"2024-01-17T16:03:48+00:00\" \/>\r\n<meta property=\"og:image\" content=\"https:\/\/www.hoosierenergy.com\/wp-content\/uploads\/2022\/09\/EconDevAssistance-Header.jpg\" \/>\r\n\t<meta property=\"og:image:width\" content=\"1920\" \/>\r\n\t<meta property=\"og:image:height\" content=\"400\" \/>\r\n\t<meta property=\"og:image:type\" content=\"image\/jpeg\" \/>\r\n<meta name=\"twitter:card\" content=\"summary_large_image\" \/>\r\n<meta name=\"twitter:site\" content=\"@hoosierenergy\" \/>\r\n<meta name=\"twitter:label1\" content=\"Gesch\u00e4tzte Lesezeit\" \/>\n\t<meta name=\"twitter:data1\" content=\"2\u00a0Minuten\" \/>\r\n<script type=\"application\/ld+json\" class=\"yoast-schema-graph\">{\"@context\":\"https:\\\/\\\/schema.org\",\"@graph\":[{\"@type\":\"WebPage\",\"@id\":\"https:\\\/\\\/www.hoosierenergy.com\\\/economic-development\\\/economic-development-assistance\\\/\",\"url\":\"https:\\\/\\\/www.hoosierenergy.com\\\/economic-development\\\/economic-development-assistance\\\/\",\"name\":\"Economic Development Assistance | Hoosier Energy\",\"isPartOf\":{\"@id\":\"https:\\\/\\\/www.hoosierenergy.com\\\/#website\"},\"primaryImageOfPage\":{\"@id\":\"https:\\\/\\\/www.hoosierenergy.com\\\/economic-development\\\/economic-development-assistance\\\/#primaryimage\"},\"image\":{\"@id\":\"https:\\\/\\\/www.hoosierenergy.com\\\/economic-development\\\/economic-development-assistance\\\/#primaryimage\"},\"thumbnailUrl\":\"https:\\\/\\\/www.hoosierenergy.com\\\/wp-content\\\/uploads\\\/2022\\\/09\\\/EconDevAssistance-Header.jpg\",\"datePublished\":\"2022-07-14T16:53:37+00:00\",\"dateModified\":\"2024-01-17T16:03:48+00:00\",\"description\":\"Our dedicated economic development team provides crucial assistance to help businesses build their presence in our service territory. Learn more.\",\"breadcrumb\":{\"@id\":\"https:\\\/\\\/www.hoosierenergy.com\\\/economic-development\\\/economic-development-assistance\\\/#breadcrumb\"},\"inLanguage\":\"de\",\"potentialAction\":[{\"@type\":\"ReadAction\",\"target\":[\"https:\\\/\\\/www.hoosierenergy.com\\\/economic-development\\\/economic-development-assistance\\\/\"]}]},{\"@type\":\"ImageObject\",\"inLanguage\":\"de\",\"@id\":\"https:\\\/\\\/www.hoosierenergy.com\\\/economic-development\\\/economic-development-assistance\\\/#primaryimage\",\"url\":\"https:\\\/\\\/www.hoosierenergy.com\\\/wp-content\\\/uploads\\\/2022\\\/09\\\/EconDevAssistance-Header.jpg\",\"contentUrl\":\"https:\\\/\\\/www.hoosierenergy.com\\\/wp-content\\\/uploads\\\/2022\\\/09\\\/EconDevAssistance-Header.jpg\",\"width\":1920,\"height\":400},{\"@type\":\"BreadcrumbList\",\"@id\":\"https:\\\/\\\/www.hoosierenergy.com\\\/economic-development\\\/economic-development-assistance\\\/#breadcrumb\",\"itemListElement\":[{\"@type\":\"ListItem\",\"position\":1,\"name\":\"Home\",\"item\":\"https:\\\/\\\/www.hoosierenergy.com\\\/\"},{\"@type\":\"ListItem\",\"position\":2,\"name\":\"Economic Development\",\"item\":\"https:\\\/\\\/www.hoosierenergy.com\\\/economic-development\\\/\"},{\"@type\":\"ListItem\",\"position\":3,\"name\":\"Economic Development Assistance\"}]},{\"@type\":\"WebSite\",\"@id\":\"https:\\\/\\\/www.hoosierenergy.com\\\/#website\",\"url\":\"https:\\\/\\\/www.hoosierenergy.com\\\/\",\"name\":\"Hoosier Energy\",\"description\":\"Powering Community\",\"alternateName\":\"Hoosier Energy Rural Electric Cooperative, Inc.\",\"potentialAction\":[{\"@type\":\"SearchAction\",\"target\":{\"@type\":\"EntryPoint\",\"urlTemplate\":\"https:\\\/\\\/www.hoosierenergy.com\\\/?s={search_term_string}\"},\"query-input\":{\"@type\":\"PropertyValueSpecification\",\"valueRequired\":true,\"valueName\":\"search_term_string\"}}],\"inLanguage\":\"de\"}]}<\/script>\r\n<!-- \/ Yoast SEO plugin. -->","yoast_head_json":{"title":"Economic Development Assistance | Hoosier Energy","description":"Our dedicated economic development team provides crucial assistance to help businesses build their presence in our service territory. Learn more.","robots":{"index":"index","follow":"follow","max-snippet":"max-snippet:-1","max-image-preview":"max-image-preview:large","max-video-preview":"max-video-preview:-1"},"canonical":"https:\/\/www.hoosierenergy.com\/de\/economic-development\/economic-development-assistance\/","og_locale":"de_DE","og_type":"article","og_title":"Economic Development Assistance | Hoosier Energy","og_description":"Our dedicated economic development team provides crucial assistance to help businesses build their presence in our service territory. Learn more.","og_url":"https:\/\/www.hoosierenergy.com\/de\/economic-development\/economic-development-assistance\/","og_site_name":"Hoosier Energy","article_publisher":"https:\/\/www.facebook.com\/HoosierEnergy","article_modified_time":"2024-01-17T16:03:48+00:00","og_image":[{"width":1920,"height":400,"url":"https:\/\/www.hoosierenergy.com\/wp-content\/uploads\/2022\/09\/EconDevAssistance-Header.jpg","type":"image\/jpeg"}],"twitter_card":"summary_large_image","twitter_site":"@hoosierenergy","twitter_misc":{"Gesch\u00e4tzte Lesezeit":"2\u00a0Minuten"},"schema":{"@context":"https:\/\/schema.org","@graph":[{"@type":"WebPage","@id":"https:\/\/www.hoosierenergy.com\/economic-development\/economic-development-assistance\/","url":"https:\/\/www.hoosierenergy.com\/economic-development\/economic-development-assistance\/","name":"Economic Development Assistance | Hoosier Energy","isPartOf":{"@id":"https:\/\/www.hoosierenergy.com\/#website"},"primaryImageOfPage":{"@id":"https:\/\/www.hoosierenergy.com\/economic-development\/economic-development-assistance\/#primaryimage"},"image":{"@id":"https:\/\/www.hoosierenergy.com\/economic-development\/economic-development-assistance\/#primaryimage"},"thumbnailUrl":"https:\/\/www.hoosierenergy.com\/wp-content\/uploads\/2022\/09\/EconDevAssistance-Header.jpg","datePublished":"2022-07-14T16:53:37+00:00","dateModified":"2024-01-17T16:03:48+00:00","description":"Our dedicated economic development team provides crucial assistance to help businesses build their presence in our service territory. Learn more.","breadcrumb":{"@id":"https:\/\/www.hoosierenergy.com\/economic-development\/economic-development-assistance\/#breadcrumb"},"inLanguage":"de","potentialAction":[{"@type":"ReadAction","target":["https:\/\/www.hoosierenergy.com\/economic-development\/economic-development-assistance\/"]}]},{"@type":"ImageObject","inLanguage":"de","@id":"https:\/\/www.hoosierenergy.com\/economic-development\/economic-development-assistance\/#primaryimage","url":"https:\/\/www.hoosierenergy.com\/wp-content\/uploads\/2022\/09\/EconDevAssistance-Header.jpg","contentUrl":"https:\/\/www.hoosierenergy.com\/wp-content\/uploads\/2022\/09\/EconDevAssistance-Header.jpg","width":1920,"height":400},{"@type":"BreadcrumbList","@id":"https:\/\/www.hoosierenergy.com\/economic-development\/economic-development-assistance\/#breadcrumb","itemListElement":[{"@type":"ListItem","position":1,"name":"Home","item":"https:\/\/www.hoosierenergy.com\/"},{"@type":"ListItem","position":2,"name":"Economic Development","item":"https:\/\/www.hoosierenergy.com\/economic-development\/"},{"@type":"ListItem","position":3,"name":"Economic Development Assistance"}]},{"@type":"WebSite","@id":"https:\/\/www.hoosierenergy.com\/#website","url":"https:\/\/www.hoosierenergy.com\/","name":"Hoosier Energie","description":"Gemeinschaft st\u00e4rken","alternateName":"Hoosier Energy Rural Electric Cooperative, Inc.","potentialAction":[{"@type":"SearchAction","target":{"@type":"EntryPoint","urlTemplate":"https:\/\/www.hoosierenergy.com\/?s={search_term_string}"},"query-input":{"@type":"PropertyValueSpecification","valueRequired":true,"valueName":"search_term_string"}}],"inLanguage":"de"}]}},"_links":{"self":[{"href":"https:\/\/www.hoosierenergy.com\/de\/wp-json\/wp\/v2\/pages\/128","targetHints":{"allow":["GET"]}}],"collection":[{"href":"https:\/\/www.hoosierenergy.com\/de\/wp-json\/wp\/v2\/pages"}],"about":[{"href":"https:\/\/www.hoosierenergy.com\/de\/wp-json\/wp\/v2\/types\/page"}],"author":[{"embeddable":true,"href":"https:\/\/www.hoosierenergy.com\/de\/wp-json\/wp\/v2\/users\/1"}],"replies":[{"embeddable":true,"href":"https:\/\/www.hoosierenergy.com\/de\/wp-json\/wp\/v2\/comments?post=128"}],"version-history":[{"count":0,"href":"https:\/\/www.hoosierenergy.com\/de\/wp-json\/wp\/v2\/pages\/128\/revisions"}],"up":[{"embeddable":true,"href":"https:\/\/www.hoosierenergy.com\/de\/wp-json\/wp\/v2\/pages\/26"}],"wp:featuredmedia":[{"embeddable":true,"href":"https:\/\/www.hoosierenergy.com\/de\/wp-json\/wp\/v2\/media\/7082"}],"wp:attachment":[{"href":"https:\/\/www.hoosierenergy.com\/de\/wp-json\/wp\/v2\/media?parent=128"}],"curies":[{"name":"wp","href":"https:\/\/api.w.org\/{rel}","templated":true}]}}