{"id":112,"date":"2022-07-13T19:53:00","date_gmt":"2022-07-13T19:53:00","guid":{"rendered":"https:\/\/hoosierenerstg.wpengine.com\/?page_id=112"},"modified":"2025-02-05T13:12:06","modified_gmt":"2025-02-05T18:12:06","slug":"site-selection-buildings","status":"publish","type":"page","link":"https:\/\/www.hoosierenergy.com\/de\/economic-development\/site-selection-buildings\/","title":{"rendered":"Standortauswahl und Geb\u00e4ude"},"content":{"rendered":"<div class=\"wpb-content-wrapper\"><div class=\"vc_row wpb_row vc_row-fluid negativetopmargin vc_custom_1654014318664 vc_row-has-fill\"><div class=\"wpb_column vc_column_container vc_col-sm-12 vc_col-md-offset-2 vc_col-md-8\"><div class=\"vc_column-inner\"><div class=\"wpb_wrapper\"><div class=\"ult-spacer spacer-69e6c0f65b906\" data-id=\"69e6c0f65b906\" data-height=\"50\" data-height-mobile=\"20\" data-height-tab=\"30\" data-height-tab-portrait=\"30\" data-height-mobile-landscape=\"20\" style=\"clear:both;display:block;\"><\/div><h2 style=\"text-align: center\" class=\"vc_custom_heading vc_do_custom_heading\" >Hoosier Energy liefert zuverl\u00e4ssigen und erschwinglichen Strom an Organisationen und Unternehmen in Zentral- und S\u00fcd-Indiana sowie im S\u00fcdosten von Illinois<\/h2>\n\t<div class=\"wpb_text_column wpb_content_element\" >\n\t\t<div class=\"wpb_wrapper\">\n\t\t\t<p style=\"text-align: center;\">In unserem gesamten Servicebereich bieten wir eine Vielzahl verf\u00fcgbarer Grundst\u00fccke und Geb\u00e4ude, aus denen Standortsuchende w\u00e4hlen k\u00f6nnen. Ob Sie nach Industrie-, B\u00fcro-, Mischnutzungs- oder Greenfield- und baufertigen Grundst\u00fccken suchen, Hoosier Energy hat Optionen. Wir haben auch die Arbeitskr\u00e4fte, um Stellen zu besetzen und Ihren Betrieb mit Energie zu versorgen. Unser Servicebereich profitiert von einem robusten Talentpool mit einer Vielzahl von F\u00e4higkeiten, was sowohl Start-ups als auch expandierenden Unternehmen einen Wettbewerbsvorteil bietet.<\/p>\n\n\t\t<\/div>\n\t<\/div>\n<div class=\"vc_btn3-container vc_btn3-center\" ><a style=\"background-color:#0071af; color:#f5ff12;\" class=\"vc_general vc_btn3 vc_btn3-size-md vc_btn3-shape-square vc_btn3-style-custom\" href=\"\/de\/economic-development\/site-selection-buildings\/sites-buildings\/\" title=\"SEHEN SIE SICH UNSERE STANDORTE UND GEB\u00c4UDE AN\">SEHEN SIE SICH UNSERE STANDORTE UND GEB\u00c4UDE AN<\/a><\/div><div class=\"ult-spacer spacer-69e6c0f65c630\" data-id=\"69e6c0f65c630\" data-height=\"50\" data-height-mobile=\"25\" data-height-tab=\"35\" data-height-tab-portrait=\"35\" data-height-mobile-landscape=\"25\" style=\"clear:both;display:block;\"><\/div><\/div><\/div><\/div><\/div><div class=\"vc_row wpb_row vc_row-fluid\"><div class=\"wpb_column vc_column_container vc_col-sm-12\"><div class=\"vc_column-inner\"><div class=\"wpb_wrapper\"><h3 style=\"text-align: left\" class=\"vc_custom_heading vc_do_custom_heading\" >Eine starke Belegschaft<\/h3><\/div><\/div><\/div><\/div><div class=\"vc_row wpb_row vc_row-fluid\"><div class=\"wpb_column vc_column_container vc_col-sm-6\"><div class=\"vc_column-inner\"><div class=\"wpb_wrapper\">\n\t<div class=\"wpb_text_column wpb_content_element\" >\n\t\t<div class=\"wpb_wrapper\">\n\t\t\t<p>Unsere regionale Belegschaft besteht aus fast 1,1 Millionen Menschen. Da jedes Jahr durchschnittlich \u00fcber 22.000 neue Absolventen in die Arbeitswelt eintreten, verf\u00fcgen wir \u00fcber einen konstanten Zustrom, der sicherstellt, dass Unternehmen Stellen mit gut ausgebildeten und qualifizierten Talenten besetzen k\u00f6nnen. In Zahlen ausgedr\u00fcckt bietet Hoosier Energy Arbeitgebern Zugang zu einer hochqualifizierten Belegschaft:<\/p>\n<ul>\n<li>Mehr als 50% unserer Bev\u00f6lkerung sind im erwerbsf\u00e4higen Alter (25\u201364); das Durchschnittsalter betr\u00e4gt 40 Jahre.<\/li>\n<li>\u00dcber 81% haben einen High-School-Abschluss.<\/li>\n<li>14% verf\u00fcgen \u00fcber einen Bachelor-Abschluss und 8% besitzen einen Hochschulabschluss.<\/li>\n<li>10% der wichtigsten Arbeitskr\u00e4fte des Landes in der Metall- und Transportausr\u00fcstungsbranche leben in Indiana.<\/li>\n<li>Regionale Arbeitslosenquote: 3,41 TP3T.<\/li>\n<\/ul>\n\n\t\t<\/div>\n\t<\/div>\n<\/div><\/div><\/div><div class=\"wpb_column vc_column_container vc_col-sm-6\"><div class=\"vc_column-inner\"><div class=\"wpb_wrapper\">\n\t<div class=\"wpb_text_column wpb_content_element\" >\n\t\t<div class=\"wpb_wrapper\">\n\t\t\t<p>Der Versorgungsbereich von Hoosier Energy bietet au\u00dferdem Zugang zu mehreren Hochschulen mit umfassenden Programmen zur Personalentwicklung.<\/p>\n<ul>\n<li style=\"list-style-type: none;\">\n<ul>\n<li><a href=\"https:\/\/www.iecc.edu\/fcc\" target=\"_blank\" rel=\"noopener\">Universit\u00e4t von Kalifornien<\/a><\/li>\n<li><a href=\"https:\/\/www.indstate.edu\/\" target=\"_blank\" rel=\"noopener\">Indiana State Universit\u00e4t<\/a><\/li>\n<li><a href=\"https:\/\/engagement.iu.edu\/initiatives\/talent-workforce.html\" target=\"_blank\" rel=\"noopener\">Indiana Universit\u00e4t<\/a><\/li>\n<li><a href=\"https:\/\/www.ivytech.edu\/ccec\/index.html\" target=\"_blank\" rel=\"noopener\">Ivy Tech Community College<\/a><\/li>\n<li><a href=\"https:\/\/www.cco.purdue.edu\/\" target=\"_blank\" rel=\"noopener\">Purdue Universit\u00e4t<\/a><\/li>\n<li><a href=\"http:\/\/www.rose-hulman.edu\/offices-and-services\/career-services.aspx\" target=\"_blank\" rel=\"noopener\">Rose-Hulman-Institut f\u00fcr Technologie<\/a><\/li>\n<li><a href=\"http:\/\/evansville.edu\/careercenter\/\" target=\"_blank\" rel=\"noopener\">Universit\u00e4t von Evansville<\/a><\/li>\n<li><a href=\"https:\/\/corporaterelations.illinois.edu\/\" target=\"_blank\" rel=\"noopener\">Universit\u00e4t von Illinois<\/a><\/li>\n<li><a href=\"https:\/\/careerdevelopment.siu.edu\/employers\/index.php\" target=\"_blank\" rel=\"noopener\">Universit\u00e4t von S\u00fcd-Illinois<\/a><\/li>\n<li><a href=\"https:\/\/www.vinu.edu\/web\/center-for-career-and-employer-relations\/employer-relations\" target=\"_blank\" rel=\"noopener\">Vincennes Universit\u00e4t<\/a><\/li>\n<\/ul>\n\n\t\t<\/div>\n\t<\/div>\n<\/div><\/div><\/div><\/div><div class=\"vc_row wpb_row vc_row-fluid\"><div class=\"wpb_column vc_column_container vc_col-sm-12\"><div class=\"vc_column-inner\"><div class=\"wpb_wrapper\"><div class=\"ult-spacer spacer-69e6c0f65e90b\" data-id=\"69e6c0f65e90b\" data-height=\"50\" data-height-mobile=\"25\" data-height-tab=\"35\" data-height-tab-portrait=\"35\" data-height-mobile-landscape=\"25\" style=\"clear:both;display:block;\"><\/div>\n\t<div class=\"wpb_raw_code wpb_raw_html wpb_content_element\" >\n\t\t<div class=\"wpb_wrapper\">\n\t\t\t<div style=\"height: 800px;overflow-y: scroll;\">\n<div class=\"gisp_ic_container\" data-token=\"TgkcltG63\"><\/div><script src=\"https:\/\/properties.zoomprospector.com\/static\/scripts\/ic\/embed.js\"><\/script>\n<\/div>\n\t\t<\/div>\n\t<\/div>\n<div class=\"ult-spacer spacer-69e6c0f65ed44\" data-id=\"69e6c0f65ed44\" data-height=\"50\" data-height-mobile=\"25\" data-height-tab=\"35\" data-height-tab-portrait=\"35\" data-height-mobile-landscape=\"25\" style=\"clear:both;display:block;\"><\/div><\/div><\/div><\/div><\/div><div class=\"vc_row wpb_row vc_row-fluid\"><div class=\"wpb_column vc_column_container vc_col-sm-12\"><div class=\"vc_column-inner\"><div class=\"wpb_wrapper\"><h3 style=\"text-align: left\" class=\"vc_custom_heading vc_do_custom_heading\" >Regionale Vorteile f\u00fcr die Standortauswahl<\/h3>\n\t<div class=\"wpb_text_column wpb_content_element\" >\n\t\t<div class=\"wpb_wrapper\">\n\t\t\t<p>Unser Servicebereich bietet Unternehmen, die nach einem geeigneten Standort suchen, eine Reihe von Vorteilen. Die Serviceregion von Hoosier Energy bietet Standortw\u00e4hlern Zugang zu einer F\u00fclle wertvoller Ressourcen, darunter ein eng vernetztes Transportnetz und florierende Industriecluster.<\/p>\n\n\t\t<\/div>\n\t<\/div>\n<div class=\"vc_row wpb_row vc_inner vc_row-fluid\"><div class=\"wpb_column vc_column_container vc_col-sm-6\"><div class=\"vc_column-inner\"><div class=\"wpb_wrapper\"><h4 style=\"text-align: left\" class=\"vc_custom_heading vc_do_custom_heading\" >Highlights von Indiana<\/h4>\n\t<div class=\"wpb_text_column wpb_content_element\" >\n\t\t<div class=\"wpb_wrapper\">\n\t\t\t<ul>\n<li>Indiana weist die f\u00fcnftniedrigsten Gesch\u00e4ftskosten in den USA auf<\/li>\n<li>Cincinnati, Louisville, Nashville, Chicago und St. Louis sind alle innerhalb von vier Autostunden von den Einsatzgebieten von Hoosier Energy zu erreichen.<\/li>\n<li>Indiana liegt hinsichtlich der St\u00e4rke seiner Infrastruktur auf Platz zwei (nur Texas ist besser).<\/li>\n<li>Als \u201eKreuzung Amerikas\u201c ist Indiana die Heimat des mittleren Bev\u00f6lkerungszentrums der USA, was einen besseren Zugang zu den M\u00e4rkten mit sich bringt.<\/li>\n<li>Indiana ist der viertwirtschaftsfreundlichste Staat.<\/li>\n<li>Von den eine Million Arbeitspl\u00e4tzen in der US-Automobilbranche befinden sich etwa die H\u00e4lfte in Indiana oder den vier Nachbarstaaten Michigan, Illinois, Ohio und Kentucky.<\/li>\n<\/ul>\n\n\t\t<\/div>\n\t<\/div>\n<\/div><\/div><\/div><div class=\"wpb_column vc_column_container vc_col-sm-6\"><div class=\"vc_column-inner\"><div class=\"wpb_wrapper\"><h4 style=\"text-align: left\" class=\"vc_custom_heading vc_do_custom_heading\" >Highlights von Illinois<\/h4>\n\t<div class=\"wpb_text_column wpb_content_element\" >\n\t\t<div class=\"wpb_wrapper\">\n\t\t\t<ul>\n<li>Illinois liegt in den USA hinsichtlich Unternehmensgr\u00fcndungen und der Zahl der Unternehmenszentralen auf Platz zwei.<\/li>\n<li>Der Prairie State ist der zweitgr\u00f6\u00dfte Absolventenstaat der Informatik.<\/li>\n<li>Illinois verzeichnet j\u00e4hrlich $100 Milliarden an ausl\u00e4ndischen Direktinvestitionen und ist Sitz von mehr als 1.900 internationalen Unternehmen und f\u00fcnf internationalen Flugh\u00e4fen.<\/li>\n<li>Illinois ist der einzige Staat mit allen sieben Class-I-Eisenbahnen.<\/li>\n<li>Illinois weist das f\u00fcnfth\u00f6chste BIP des Landes auf, verf\u00fcgt \u00fcber die 19. gr\u00f6\u00dfte Volkswirtschaft der Welt und ist Sitz von 37 Fortune 500-Unternehmen.<\/li>\n<\/ul>\n\n\t\t<\/div>\n\t<\/div>\n<\/div><\/div><\/div><\/div><div class=\"ult-spacer spacer-69e6c0f660d92\" data-id=\"69e6c0f660d92\" data-height=\"50\" data-height-mobile=\"25\" data-height-tab=\"35\" data-height-tab-portrait=\"35\" data-height-mobile-landscape=\"25\" style=\"clear:both;display:block;\"><\/div><\/div><\/div><\/div><\/div><div class=\"vc_row wpb_row vc_row-fluid\"><div class=\"wpb_column vc_column_container vc_col-sm-12\"><div class=\"vc_column-inner\"><div class=\"wpb_wrapper\"><h3 style=\"text-align: left\" class=\"vc_custom_heading vc_do_custom_heading\" >J\u00fcngste Umz\u00fcge und Erweiterungen<\/h3>\n\t<div class=\"wpb_text_column wpb_content_element\" >\n\t\t<div class=\"wpb_wrapper\">\n\t\t\t<p>Das Wirtschaftsentwicklungsteam von Hoosier Energy hilft bei der Anwerbung neuer Unternehmen f\u00fcr unser Versorgungsgebiet und erleichtert die Expansion bestehender Organisationen. Wir sind stolz darauf, mit einigen der gr\u00f6\u00dften Unternehmen der USA zusammenzuarbeiten. Zu unseren j\u00fcngsten Erfolgsgeschichten geh\u00f6ren:<\/p>\n\n\t\t<\/div>\n\t<\/div>\n<div class=\"vc_row wpb_row vc_inner vc_row-fluid\"><div class=\"wpb_column vc_column_container vc_col-sm-6\"><div class=\"vc_column-inner\"><div class=\"wpb_wrapper\"><h4 style=\"text-align: left\" class=\"vc_custom_heading vc_do_custom_heading\" >IKIO LED-Beleuchtung<\/h4>\n\t<div class=\"wpb_text_column wpb_content_element\" >\n\t\t<div class=\"wpb_wrapper\">\n\t\t\t<ul>\n<li>$80 Millionen Vertriebsanlage in Johnson County, Indiana.<\/li>\n<li>IKIO ist ein f\u00fchrender US-amerikanischer Hersteller von LED-Beleuchtungsl\u00f6sungen.<\/li>\n<li>$25 Millionen f\u00fcr neue Investitionen.<\/li>\n<li>Voraussichtlich 30 neue Vollzeitstellen.<\/li>\n<\/ul>\n\n\t\t<\/div>\n\t<\/div>\n<h4 style=\"text-align: left\" class=\"vc_custom_heading vc_do_custom_heading\" >AboutBit \u2013 umweltfreundliche Kryptow\u00e4hrung<\/h4>\n\t<div class=\"wpb_text_column wpb_content_element\" >\n\t\t<div class=\"wpb_wrapper\">\n\t\t\t<ul>\n<li>Ein in Kentucky ans\u00e4ssiges Unternehmen m\u00f6chte ein Grundst\u00fcck in der N\u00e4he des Kraftwerks Merom im Sullivan County in eine Anlage zum Mining von Kryptow\u00e4hrungen umwandeln.<\/li>\n<li>$50 Millionen f\u00fcr neue Investitionen.<\/li>\n<li>Zu Beginn gibt es 15 neue High-Tech-Arbeitspl\u00e4tze, und nach der Inbetriebnahme sollen noch mehr hinzukommen.<\/li>\n<\/ul>\n\n\t\t<\/div>\n\t<\/div>\n<h4 style=\"text-align: left\" class=\"vc_custom_heading vc_do_custom_heading\" >Boar&#039;s Head-Erweiterungsprojekt<\/h4>\n\t<div class=\"wpb_text_column wpb_content_element\" >\n\t\t<div class=\"wpb_wrapper\">\n\t\t\t<ul>\n<li>$160 Millionen neue Anlage f\u00fcr Biokraftstoffproduzenten in Shelbyville, Indiana.<\/li>\n<li>Der Lebensmittelverarbeiter Boar&#039;s Head aus New Castle gab Pl\u00e4ne bekannt, seine aktuelle Anlage um weitere 9.200 Quadratmeter zu erweitern.<\/li>\n<li>$126 Millionen f\u00fcr neue Investitionen.<\/li>\n<li>120 neue Vollzeitstellen.<\/li>\n<\/ul>\n\n\t\t<\/div>\n\t<\/div>\n<\/div><\/div><\/div><div class=\"wpb_column vc_column_container vc_col-sm-6\"><div class=\"vc_column-inner\"><div class=\"wpb_wrapper\">\n\t<div  class=\"wpb_single_image wpb_content_element vc_align_left\">\n\t\t\n\t\t<figure class=\"wpb_wrapper vc_figure\">\n\t\t\t<div class=\"vc_single_image-wrapper   vc_box_border_grey\"><img loading=\"lazy\" decoding=\"async\" width=\"990\" height=\"765\" src=\"https:\/\/www.hoosierenergy.com\/wp-content\/uploads\/2022\/09\/SiteSelection-RecentRelocations.jpg\" class=\"vc_single_image-img attachment-full\" alt=\"\" title=\"SiteSelection-LetzteUmz\u00fcge\" srcset=\"https:\/\/www.hoosierenergy.com\/wp-content\/uploads\/2022\/09\/SiteSelection-RecentRelocations.jpg 990w, https:\/\/www.hoosierenergy.com\/wp-content\/uploads\/2022\/09\/SiteSelection-RecentRelocations-300x232.jpg 300w, https:\/\/www.hoosierenergy.com\/wp-content\/uploads\/2022\/09\/SiteSelection-RecentRelocations-768x593.jpg 768w\" sizes=\"auto, (max-width: 990px) 100vw, 990px\"  data-dt-location=\"https:\/\/www.hoosierenergy.com\/de\/economic-development\/site-selection-buildings\/siteselection-recentrelocations\/\" \/><\/div>\n\t\t<\/figure>\n\t<\/div>\n<\/div><\/div><\/div><\/div><div class=\"ult-spacer spacer-69e6c0f664105\" data-id=\"69e6c0f664105\" data-height=\"50\" data-height-mobile=\"25\" data-height-tab=\"35\" data-height-tab-portrait=\"35\" data-height-mobile-landscape=\"25\" style=\"clear:both;display:block;\"><\/div><\/div><\/div><\/div><\/div>\n<\/div>","protected":false},"excerpt":{"rendered":"<p>Hoosier Energy liefert zuverl\u00e4ssigen und preisg\u00fcnstigen Strom an Organisationen und Unternehmen in Zentral- und S\u00fcd-Indiana sowie im S\u00fcdosten von Illinois. In unserem gesamten Versorgungsgebiet bieten wir eine Vielzahl verf\u00fcgbarer Grundst\u00fccke und Geb\u00e4ude, aus denen die Standortsuchenden w\u00e4hlen k\u00f6nnen. Ob Sie nun Industrie-, B\u00fcro-, Mischnutzungs- oder Greenfield- und baureife Grundst\u00fccke suchen, Hoosier Energy hat Optionen. Wir\u2026<\/p>","protected":false},"author":1,"featured_media":6823,"parent":26,"menu_order":0,"comment_status":"closed","ping_status":"closed","template":"","meta":{"_acf_changed":false,"footnotes":""},"class_list":["post-112","page","type-page","status-publish","has-post-thumbnail","hentry","description-off"],"acf":[],"yoast_head":"<!-- This site is optimized with the Yoast SEO plugin v27.4 - https:\/\/yoast.com\/product\/yoast-seo-wordpress\/ -->\r\n<title>Site Selection &amp; Buildings | Hoosier Energy<\/title>\r\n<meta name=\"description\" content=\"Across our service area, we offer a wide range of available sites and buildings for site selectors to choose from. See what&#039;s available today.\" \/>\r\n<meta name=\"robots\" content=\"index, follow, max-snippet:-1, max-image-preview:large, max-video-preview:-1\" \/>\r\n<link rel=\"canonical\" href=\"https:\/\/www.hoosierenergy.com\/de\/economic-development\/site-selection-buildings\/\" \/>\r\n<meta property=\"og:locale\" content=\"de_DE\" \/>\r\n<meta property=\"og:type\" content=\"article\" \/>\r\n<meta property=\"og:title\" content=\"Site Selection &amp; Buildings | Hoosier Energy\" \/>\r\n<meta property=\"og:description\" content=\"Across our service area, we offer a wide range of available sites and buildings for site selectors to choose from. See what&#039;s available today.\" \/>\r\n<meta property=\"og:url\" content=\"https:\/\/www.hoosierenergy.com\/de\/economic-development\/site-selection-buildings\/\" \/>\r\n<meta property=\"og:site_name\" content=\"Hoosier Energy\" \/>\r\n<meta property=\"article:publisher\" content=\"https:\/\/www.facebook.com\/HoosierEnergy\" \/>\r\n<meta property=\"article:modified_time\" content=\"2025-02-05T18:12:06+00:00\" \/>\r\n<meta property=\"og:image\" content=\"https:\/\/www.hoosierenergy.com\/wp-content\/uploads\/2022\/08\/header-sitesbuilding.jpg\" \/>\r\n\t<meta property=\"og:image:width\" content=\"1920\" \/>\r\n\t<meta property=\"og:image:height\" content=\"561\" \/>\r\n\t<meta property=\"og:image:type\" content=\"image\/jpeg\" \/>\r\n<meta name=\"twitter:card\" content=\"summary_large_image\" \/>\r\n<meta name=\"twitter:site\" content=\"@hoosierenergy\" \/>\r\n<meta name=\"twitter:label1\" content=\"Gesch\u00e4tzte Lesezeit\" \/>\n\t<meta name=\"twitter:data1\" content=\"4\u00a0Minuten\" \/>\r\n<script type=\"application\/ld+json\" class=\"yoast-schema-graph\">{\"@context\":\"https:\\\/\\\/schema.org\",\"@graph\":[{\"@type\":\"WebPage\",\"@id\":\"https:\\\/\\\/www.hoosierenergy.com\\\/economic-development\\\/site-selection-buildings\\\/\",\"url\":\"https:\\\/\\\/www.hoosierenergy.com\\\/economic-development\\\/site-selection-buildings\\\/\",\"name\":\"Site Selection & Buildings | Hoosier Energy\",\"isPartOf\":{\"@id\":\"https:\\\/\\\/www.hoosierenergy.com\\\/#website\"},\"primaryImageOfPage\":{\"@id\":\"https:\\\/\\\/www.hoosierenergy.com\\\/economic-development\\\/site-selection-buildings\\\/#primaryimage\"},\"image\":{\"@id\":\"https:\\\/\\\/www.hoosierenergy.com\\\/economic-development\\\/site-selection-buildings\\\/#primaryimage\"},\"thumbnailUrl\":\"https:\\\/\\\/www.hoosierenergy.com\\\/wp-content\\\/uploads\\\/2022\\\/08\\\/header-sitesbuilding.jpg\",\"datePublished\":\"2022-07-13T19:53:00+00:00\",\"dateModified\":\"2025-02-05T18:12:06+00:00\",\"description\":\"Across our service area, we offer a wide range of available sites and buildings for site selectors to choose from. See what's available today.\",\"breadcrumb\":{\"@id\":\"https:\\\/\\\/www.hoosierenergy.com\\\/economic-development\\\/site-selection-buildings\\\/#breadcrumb\"},\"inLanguage\":\"de\",\"potentialAction\":[{\"@type\":\"ReadAction\",\"target\":[\"https:\\\/\\\/www.hoosierenergy.com\\\/economic-development\\\/site-selection-buildings\\\/\"]}]},{\"@type\":\"ImageObject\",\"inLanguage\":\"de\",\"@id\":\"https:\\\/\\\/www.hoosierenergy.com\\\/economic-development\\\/site-selection-buildings\\\/#primaryimage\",\"url\":\"https:\\\/\\\/www.hoosierenergy.com\\\/wp-content\\\/uploads\\\/2022\\\/08\\\/header-sitesbuilding.jpg\",\"contentUrl\":\"https:\\\/\\\/www.hoosierenergy.com\\\/wp-content\\\/uploads\\\/2022\\\/08\\\/header-sitesbuilding.jpg\",\"width\":1920,\"height\":561},{\"@type\":\"BreadcrumbList\",\"@id\":\"https:\\\/\\\/www.hoosierenergy.com\\\/economic-development\\\/site-selection-buildings\\\/#breadcrumb\",\"itemListElement\":[{\"@type\":\"ListItem\",\"position\":1,\"name\":\"Home\",\"item\":\"https:\\\/\\\/www.hoosierenergy.com\\\/\"},{\"@type\":\"ListItem\",\"position\":2,\"name\":\"Economic Development\",\"item\":\"https:\\\/\\\/www.hoosierenergy.com\\\/economic-development\\\/\"},{\"@type\":\"ListItem\",\"position\":3,\"name\":\"Site Selection &#038; Buildings\"}]},{\"@type\":\"WebSite\",\"@id\":\"https:\\\/\\\/www.hoosierenergy.com\\\/#website\",\"url\":\"https:\\\/\\\/www.hoosierenergy.com\\\/\",\"name\":\"Hoosier Energy\",\"description\":\"Powering Community\",\"alternateName\":\"Hoosier Energy Rural Electric Cooperative, Inc.\",\"potentialAction\":[{\"@type\":\"SearchAction\",\"target\":{\"@type\":\"EntryPoint\",\"urlTemplate\":\"https:\\\/\\\/www.hoosierenergy.com\\\/?s={search_term_string}\"},\"query-input\":{\"@type\":\"PropertyValueSpecification\",\"valueRequired\":true,\"valueName\":\"search_term_string\"}}],\"inLanguage\":\"de\"}]}<\/script>\r\n<!-- \/ Yoast SEO plugin. -->","yoast_head_json":{"title":"Site Selection & Buildings | Hoosier Energy","description":"Across our service area, we offer a wide range of available sites and buildings for site selectors to choose from. See what's available today.","robots":{"index":"index","follow":"follow","max-snippet":"max-snippet:-1","max-image-preview":"max-image-preview:large","max-video-preview":"max-video-preview:-1"},"canonical":"https:\/\/www.hoosierenergy.com\/de\/economic-development\/site-selection-buildings\/","og_locale":"de_DE","og_type":"article","og_title":"Site Selection & Buildings | Hoosier Energy","og_description":"Across our service area, we offer a wide range of available sites and buildings for site selectors to choose from. See what's available today.","og_url":"https:\/\/www.hoosierenergy.com\/de\/economic-development\/site-selection-buildings\/","og_site_name":"Hoosier Energy","article_publisher":"https:\/\/www.facebook.com\/HoosierEnergy","article_modified_time":"2025-02-05T18:12:06+00:00","og_image":[{"width":1920,"height":561,"url":"https:\/\/www.hoosierenergy.com\/wp-content\/uploads\/2022\/08\/header-sitesbuilding.jpg","type":"image\/jpeg"}],"twitter_card":"summary_large_image","twitter_site":"@hoosierenergy","twitter_misc":{"Gesch\u00e4tzte Lesezeit":"4\u00a0Minuten"},"schema":{"@context":"https:\/\/schema.org","@graph":[{"@type":"WebPage","@id":"https:\/\/www.hoosierenergy.com\/economic-development\/site-selection-buildings\/","url":"https:\/\/www.hoosierenergy.com\/economic-development\/site-selection-buildings\/","name":"Site Selection & Buildings | Hoosier Energy","isPartOf":{"@id":"https:\/\/www.hoosierenergy.com\/#website"},"primaryImageOfPage":{"@id":"https:\/\/www.hoosierenergy.com\/economic-development\/site-selection-buildings\/#primaryimage"},"image":{"@id":"https:\/\/www.hoosierenergy.com\/economic-development\/site-selection-buildings\/#primaryimage"},"thumbnailUrl":"https:\/\/www.hoosierenergy.com\/wp-content\/uploads\/2022\/08\/header-sitesbuilding.jpg","datePublished":"2022-07-13T19:53:00+00:00","dateModified":"2025-02-05T18:12:06+00:00","description":"Across our service area, we offer a wide range of available sites and buildings for site selectors to choose from. See what's available today.","breadcrumb":{"@id":"https:\/\/www.hoosierenergy.com\/economic-development\/site-selection-buildings\/#breadcrumb"},"inLanguage":"de","potentialAction":[{"@type":"ReadAction","target":["https:\/\/www.hoosierenergy.com\/economic-development\/site-selection-buildings\/"]}]},{"@type":"ImageObject","inLanguage":"de","@id":"https:\/\/www.hoosierenergy.com\/economic-development\/site-selection-buildings\/#primaryimage","url":"https:\/\/www.hoosierenergy.com\/wp-content\/uploads\/2022\/08\/header-sitesbuilding.jpg","contentUrl":"https:\/\/www.hoosierenergy.com\/wp-content\/uploads\/2022\/08\/header-sitesbuilding.jpg","width":1920,"height":561},{"@type":"BreadcrumbList","@id":"https:\/\/www.hoosierenergy.com\/economic-development\/site-selection-buildings\/#breadcrumb","itemListElement":[{"@type":"ListItem","position":1,"name":"Home","item":"https:\/\/www.hoosierenergy.com\/"},{"@type":"ListItem","position":2,"name":"Economic Development","item":"https:\/\/www.hoosierenergy.com\/economic-development\/"},{"@type":"ListItem","position":3,"name":"Site Selection &#038; Buildings"}]},{"@type":"WebSite","@id":"https:\/\/www.hoosierenergy.com\/#website","url":"https:\/\/www.hoosierenergy.com\/","name":"Hoosier Energie","description":"Gemeinschaft st\u00e4rken","alternateName":"Hoosier Energy Rural Electric Cooperative, Inc.","potentialAction":[{"@type":"SearchAction","target":{"@type":"EntryPoint","urlTemplate":"https:\/\/www.hoosierenergy.com\/?s={search_term_string}"},"query-input":{"@type":"PropertyValueSpecification","valueRequired":true,"valueName":"search_term_string"}}],"inLanguage":"de"}]}},"_links":{"self":[{"href":"https:\/\/www.hoosierenergy.com\/de\/wp-json\/wp\/v2\/pages\/112","targetHints":{"allow":["GET"]}}],"collection":[{"href":"https:\/\/www.hoosierenergy.com\/de\/wp-json\/wp\/v2\/pages"}],"about":[{"href":"https:\/\/www.hoosierenergy.com\/de\/wp-json\/wp\/v2\/types\/page"}],"author":[{"embeddable":true,"href":"https:\/\/www.hoosierenergy.com\/de\/wp-json\/wp\/v2\/users\/1"}],"replies":[{"embeddable":true,"href":"https:\/\/www.hoosierenergy.com\/de\/wp-json\/wp\/v2\/comments?post=112"}],"version-history":[{"count":0,"href":"https:\/\/www.hoosierenergy.com\/de\/wp-json\/wp\/v2\/pages\/112\/revisions"}],"up":[{"embeddable":true,"href":"https:\/\/www.hoosierenergy.com\/de\/wp-json\/wp\/v2\/pages\/26"}],"wp:featuredmedia":[{"embeddable":true,"href":"https:\/\/www.hoosierenergy.com\/de\/wp-json\/wp\/v2\/media\/6823"}],"wp:attachment":[{"href":"https:\/\/www.hoosierenergy.com\/de\/wp-json\/wp\/v2\/media?parent=112"}],"curies":[{"name":"wp","href":"https:\/\/api.w.org\/{rel}","templated":true}]}}