{"id":109,"date":"2022-05-23T19:09:34","date_gmt":"2022-05-23T19:09:34","guid":{"rendered":"https:\/\/hoosierenerstg.wpengine.com\/?page_id=109"},"modified":"2024-04-16T12:59:49","modified_gmt":"2024-04-16T17:59:49","slug":"contact","status":"publish","type":"page","link":"https:\/\/www.hoosierenergy.com\/de\/contact\/","title":{"rendered":"Kontakt"},"content":{"rendered":"<div class=\"wpb-content-wrapper\"><div data-vc-full-width=\"true\" data-vc-full-width-temp=\"true\" data-vc-full-width-init=\"false\" data-vc-stretch-content=\"true\" class=\"vc_row wpb_row vc_row-fluid vc_custom_1653337421360 vc_row-has-fill\"><div class=\"wpb_column vc_column_container vc_col-sm-12\"><div class=\"vc_column-inner vc_custom_1653332648393\"><div class=\"wpb_wrapper\"><div class=\"vc_row wpb_row vc_inner vc_row-fluid vc_custom_1653334090200 vc_row-o-equal-height vc_row-o-content-middle vc_row-flex\"><div class=\"wpb_column vc_column_container vc_col-sm-6 vc_col-lg-offset-2 vc_col-lg-4\"><div class=\"vc_column-inner vc_custom_1653395004241\"><div class=\"wpb_wrapper\"><h2 style=\"text-align: left\" class=\"vc_custom_heading vc_do_custom_heading light-headline\" >Kontaktieren Sie uns<\/h2>\n\t<div class=\"wpb_text_column wpb_content_element\" >\n\t\t<div class=\"wpb_wrapper\">\n\t\t\t<p>Suchen Sie nach Antworten auf eine bestimmte Frage oder m\u00f6chten Sie ein Mitglied unseres Teams erreichen? F\u00fcllen Sie dieses Formular aus oder wenden Sie sich \u00fcber die unten stehenden Kontaktinformationen an uns. Wir werden uns so schnell wie m\u00f6glich bei Ihnen melden.<\/p>\n\n\t\t<\/div>\n\t<\/div>\n\n<div class=\"wpcf7 no-js\" id=\"wpcf7-f17-o1\" lang=\"en-US\" dir=\"ltr\" data-wpcf7-id=\"17\">\n<div class=\"screen-reader-response\"><p role=\"status\" aria-live=\"polite\" aria-atomic=\"true\"><\/p> <ul><\/ul><\/div>\n<form action=\"\/de\/wp-json\/wp\/v2\/pages\/109#wpcf7-f17-o1\" method=\"post\" class=\"wpcf7-form init\" aria-label=\"Kontaktformular\" novalidate=\"novalidate\" data-status=\"init\" data-trp-original-action=\"\/de\/wp-json\/wp\/v2\/pages\/109#wpcf7-f17-o1\">\n<fieldset class=\"hidden-fields-container\"><input type=\"hidden\" name=\"_wpcf7\" value=\"17\" \/><input type=\"hidden\" name=\"_wpcf7_version\" value=\"6.1.5\" \/><input type=\"hidden\" name=\"_wpcf7_locale\" value=\"en_US\" \/><input type=\"hidden\" name=\"_wpcf7_unit_tag\" value=\"wpcf7-f17-o1\" \/><input type=\"hidden\" name=\"_wpcf7_container_post\" value=\"0\" \/><input type=\"hidden\" name=\"_wpcf7_posted_data_hash\" value=\"\" \/><input type=\"hidden\" name=\"_wpcf7_recaptcha_response\" value=\"\" \/>\n<\/fieldset>\n<div class=\"wpcf7-response-output\" aria-hidden=\"true\"><\/div>\n<p><label><span class=\"wpcf7-form-control-wrap\" data-name=\"your-name\"><input size=\"40\" maxlength=\"400\" class=\"wpcf7-form-control wpcf7-text wpcf7-validates-as-required\" aria-required=\"true\" aria-invalid=\"false\" placeholder=\"Name*\" value=\"\" type=\"text\" name=\"your-name\" \/><\/span><\/label>\n<\/p>\n<p><label><span class=\"wpcf7-form-control-wrap\" data-name=\"your-email\"><input size=\"40\" maxlength=\"400\" class=\"wpcf7-form-control wpcf7-email wpcf7-validates-as-required wpcf7-text wpcf7-validates-as-email\" aria-required=\"true\" aria-invalid=\"false\" placeholder=\"E-Mail*\" value=\"\" type=\"email\" name=\"your-email\" \/><\/span><\/label>\n<\/p>\n<p><label><span class=\"wpcf7-form-control-wrap\" data-name=\"your-phone\"><input size=\"40\" maxlength=\"400\" class=\"wpcf7-form-control wpcf7-tel wpcf7-text wpcf7-validates-as-tel\" aria-invalid=\"false\" placeholder=\"Telefon\" value=\"\" type=\"tel\" name=\"your-phone\" \/><\/span><\/label>\n<\/p>\n<p><label><span class=\"wpcf7-form-control-wrap\" data-name=\"interested-in\"><select class=\"wpcf7-form-control wpcf7-select\" aria-invalid=\"false\" name=\"interested-in\"><option value=\"\">Interesse an:<\/option><option value=\"Economic Development\">Wirtschaftliche Entwicklung<\/option><option value=\"Renewable Energy\">Erneuerbare Energien<\/option><option value=\"Career Opportunity\">Karrierem\u00f6glichkeiten<\/option><option value=\"More Information\">Weitere Informationen<\/option><option value=\"Other\">Andere<\/option><\/select><\/span><\/label>\n<\/p>\n<p><label><span class=\"wpcf7-form-control-wrap\" data-name=\"your-message\"><textarea cols=\"40\" rows=\"10\" maxlength=\"2000\" class=\"wpcf7-form-control wpcf7-textarea\" aria-invalid=\"false\" placeholder=\"Nachricht\" name=\"your-message\"><\/textarea><\/span> <\/label>\n<\/p>\n<p><input class=\"wpcf7-form-control wpcf7-submit has-spinner formsubmit\" type=\"submit\" value=\"EINREICHEN\" \/>\n<\/p>\n<div class=\"wpcf7-response-output\" aria-hidden=\"true\"><\/div>\n<input type=\"hidden\" name=\"trp-form-language\" value=\"de\"\/><\/form>\n<\/div>\n<\/div><\/div><\/div><div class=\"mapcol wpb_column vc_column_container vc_col-sm-6 vc_col-xs-12 vc_col-has-fill\"><div class=\"vc_column-inner vc_custom_1653394785723\"><div class=\"wpb_wrapper\"><div class=\"wpb_gmaps_widget wpb_content_element vc_map_responsive vc_custom_1653337333860\"><div class=\"wpb_wrapper\"><div class=\"wpb_map_wraper\"><iframe src=\"https:\/\/www.google.com\/maps\/embed?pb=!1m18!1m12!1m3!1d3094.5594338307933!2d-86.57230748426272!3d39.139255779534146!2m3!1f0!2f0!3f0!3m2!1i1024!2i768!4f13.1!3m3!1m2!1s0x886c679b4a345959%3A0x5c8e8bf736282bcc!2s2501%20S%20Cooperative%20Way%2C%20Bloomington%2C%20IN%2047403!5e0!3m2!1sen!2sus!4v1653332718230!5m2!1sen!2sus\" width=\"100%\" height=\"100%\" style=\"border:0;\" allowfullscreen=\"\" loading=\"lazy\" referrerpolicy=\"no-referrer-when-downgrade\"><\/iframe><\/div><\/div><\/div><\/div><\/div><\/div><\/div><\/div><\/div><\/div><\/div><div class=\"vc_row-full-width vc_clearfix\"><\/div><div data-vc-full-width=\"true\" data-vc-full-width-temp=\"true\" data-vc-full-width-init=\"false\" class=\"vc_row wpb_row vc_row-fluid vc_custom_1653333215344 vc_row-o-equal-height vc_row-flex\"><div class=\"wpb_column vc_column_container vc_col-sm-12\"><div class=\"vc_column-inner vc_custom_1652968204165\"><div class=\"wpb_wrapper\"><div class=\"ult-spacer spacer-69e44a68d9bf2\" data-id=\"69e44a68d9bf2\" data-height=\"100\" data-height-mobile=\"25\" data-height-tab=\"50\" data-height-tab-portrait=\"50\" data-height-mobile-landscape=\"25\" style=\"clear:both;display:block;\"><\/div><h2 style=\"text-align: left\" class=\"vc_custom_heading vc_do_custom_heading light-headline\" >Standorte<\/h2><div class=\"ult-spacer spacer-69e44a68d9fc4\" data-id=\"69e44a68d9fc4\" data-height=\"20\" data-height-mobile=\"10\" data-height-tab=\"15\" data-height-tab-portrait=\"15\" data-height-mobile-landscape=\"10\" style=\"clear:both;display:block;\"><\/div><div class=\"vc_row wpb_row vc_inner vc_row-fluid\"><div class=\"wpb_column vc_column_container vc_col-sm-1\/5\"><div class=\"vc_column-inner\"><div class=\"wpb_wrapper\">\n\t<div class=\"wpb_text_column wpb_content_element\" >\n\t\t<div class=\"wpb_wrapper\">\n\t\t\t<p class=\"p1\"><b>HOOSIER ENERGIE<\/b><\/p>\n<p class=\"p2\"><a href=\"https:\/\/goo.gl\/maps\/kjPrbBh93ZSYgzzx7\" target=\"_blank\" rel=\"noopener\">2501 S\u00fcd Cooperative Way<br \/>\nBloomington, IN 47403<\/a><\/p>\n<p class=\"p2\"><a href=\"tel:18128762021\">812-876-2021<\/a><br \/>\n812-876-3476 (Fax)<\/p>\n<p class=\"p2\"><a href=\"mailto:webmaster@hepn.com\">webmaster@hepn.com<\/a><\/p>\n\n\t\t<\/div>\n\t<\/div>\n<div class=\"ult-spacer spacer-69e44a68da91d\" data-id=\"69e44a68da91d\" data-height=\"\" data-height-mobile=\"10\" data-height-tab=\"\" data-height-tab-portrait=\"\" data-height-mobile-landscape=\"10\" style=\"clear:both;display:block;\"><\/div><\/div><\/div><\/div><div class=\"wpb_column vc_column_container vc_col-sm-1\/5\"><div class=\"vc_column-inner\"><div class=\"wpb_wrapper\">\n\t<div class=\"wpb_text_column wpb_content_element\" >\n\t\t<div class=\"wpb_wrapper\">\n\t\t\t<p class=\"p1\"><b>MEDIENANFRAGEN<\/b><\/p>\n<p class=\"p2\">Curt Durnil<br \/>\nKommunikationskoordinator<br \/>\n<em>Medien- und \u00d6ffentlichkeitsarbeit<\/em><\/p>\n<p class=\"p2\"><a href=\"tel:18126502878\">812-650-2878<\/a><\/p>\n<p class=\"p2\"><a href=\"mailto:cdurnil@hepn.com\">cdurnil@hepn.com<\/a><\/p>\n\n\t\t<\/div>\n\t<\/div>\n<div class=\"ult-spacer spacer-69e44a68dae5c\" data-id=\"69e44a68dae5c\" data-height=\"\" data-height-mobile=\"10\" data-height-tab=\"\" data-height-tab-portrait=\"\" data-height-mobile-landscape=\"10\" style=\"clear:both;display:block;\"><\/div><\/div><\/div><\/div><div class=\"wpb_column vc_column_container vc_col-sm-1\/5\"><div class=\"vc_column-inner\"><div class=\"wpb_wrapper\">\n\t<div class=\"wpb_text_column wpb_content_element\" >\n\t\t<div class=\"wpb_wrapper\">\n\t\t\t<p class=\"p1\"><b>TURTLE CREEK RESERVOIR<\/b><\/p>\n<p class=\"p2\"><a href=\"https:\/\/goo.gl\/maps\/oLWHGrdYHynPjUkNA\" target=\"_blank\" rel=\"noopener\">5500 W. Alt 54<br \/>\nSullivan, IN 47882<\/a><\/p>\n<p class=\"p2\"><a href=\"tel:18123564744\">812-356-4744<\/a><\/p>\n\n\t\t<\/div>\n\t<\/div>\n\n\t<div class=\"wpb_text_column wpb_content_element\" >\n\t\t<div class=\"wpb_wrapper\">\n\t\t\t<p class=\"p1\"><b>JAGD- UND FISCHERANFRAGEN<\/b><\/p>\n<p class=\"p2\">Bryan-Platz<br \/>\n<a href=\"tel:18123564291\">812-876-0257<\/a><\/p>\n<p class=\"p2\"><a href=\"mailto:bplace@hepn.com\">bplace@hepn.com<\/a><\/p>\n\n\t\t<\/div>\n\t<\/div>\n<div class=\"ult-spacer spacer-69e44a68db5a1\" data-id=\"69e44a68db5a1\" data-height=\"\" data-height-mobile=\"10\" data-height-tab=\"\" data-height-tab-portrait=\"\" data-height-mobile-landscape=\"10\" style=\"clear:both;display:block;\"><\/div><\/div><\/div><\/div><div class=\"wpb_column vc_column_container vc_col-sm-1\/5\"><div class=\"vc_column-inner\"><div class=\"wpb_wrapper\">\n\t<div class=\"wpb_text_column wpb_content_element\" >\n\t\t<div class=\"wpb_wrapper\">\n\t\t\t<p class=\"p1\"><b>IMMOBILIE<\/b><\/p>\n<p class=\"p2\">Fragen zu einer Hoosier Energy-Leitung auf Ihrem Grundst\u00fcck?<\/p>\n<p class=\"p3\">Kontaktieren Sie unsere Immobilienspezialisten unter <a href=\"mailto:realestate@hepn.com\">realestate@hepn.com<\/a> oder rufen Sie an <a href=\"tel:18336107437\">833-610-7437<\/a>.<\/p>\n\n\t\t<\/div>\n\t<\/div>\n<\/div><\/div><\/div><div class=\"wpb_column vc_column_container vc_col-sm-1\/5\"><div class=\"vc_column-inner\"><div class=\"wpb_wrapper\">\n\t<div class=\"wpb_text_column wpb_content_element\" >\n\t\t<div class=\"wpb_wrapper\">\n\t\t\t<p class=\"p1\"><b>VEGETATIONSMANAGEMENT<\/b><\/p>\n<p class=\"p3\">Kontaktieren Sie Vegetation Management unter <a href=\"mailto:vegsafety@hepn.com\">vegsafety@hepn.com<\/a> oder rufen Sie an <a href=\"tel:18128760252\">812-876-0252<\/a>.<\/p>\n\n\t\t<\/div>\n\t<\/div>\n<\/div><\/div><\/div><\/div><div class=\"ult-spacer spacer-69e44a68dbf43\" data-id=\"69e44a68dbf43\" data-height=\"100\" data-height-mobile=\"25\" data-height-tab=\"50\" data-height-tab-portrait=\"50\" data-height-mobile-landscape=\"25\" style=\"clear:both;display:block;\"><\/div><\/div><\/div><\/div><\/div><div class=\"vc_row-full-width vc_clearfix\"><\/div><div data-vc-full-width=\"true\" data-vc-full-width-temp=\"true\" data-vc-full-width-init=\"false\" class=\"vc_row wpb_row vc_row-fluid\"><style type=\"text\/css\" data-type=\"vc_shortcodes-default-css\">.vc_do_custom_heading{margin-bottom:0.625rem;margin-top:0;}.vc_do_btn{margin-bottom:22px;}<\/style><style type=\"text\/css\" data-type=\"vc_shortcodes-custom-css\">.vc_custom_1659638016356{background-image: url(https:\/\/hoosierenergy.com\/wp-content\/uploads\/2022\/08\/Join-Our-Team-Header-01-sigmund-4khkLZuJEYI-unsplash-11.jpg?id=6840) !important;}<\/style><div class=\"wpb_column vc_column_container vc_col-sm-12\"><div class=\"vc_column-inner\"><div class=\"wpb_wrapper\"><div class=\"wpb-content-wrapper\"><div id=\"joinourteam\" data-vc-full-width=\"true\" data-vc-full-width-temp=\"true\" data-vc-full-width-init=\"false\" class=\"vc_row wpb_row vc_row-fluid vc_custom_1659638016356 vc_row-has-fill\"><div class=\"wpb_column vc_column_container vc_col-sm-12 vc_col-md-offset-2 vc_col-md-8\"><div class=\"vc_column-inner\"><div class=\"wpb_wrapper\"><div class=\"ult-spacer spacer-69e44a68de459\" data-id=\"69e44a68de459\" data-height=\"150\" data-height-mobile=\"75\" data-height-tab=\"100\" data-height-tab-portrait=\"100\" data-height-mobile-landscape=\"75\" style=\"clear:both;display:block;\"><\/div><h2 style=\"color: #ffffff;text-align: center\" class=\"vc_custom_heading vc_do_custom_heading\" >WERDEN SIE TEIL UNSERES TEAMS<\/h2><div class=\"ult-spacer spacer-69e44a68de75c\" data-id=\"69e44a68de75c\" data-height=\"10\" data-height-mobile=\"5\" data-height-tab=\"10\" data-height-tab-portrait=\"10\" data-height-mobile-landscape=\"5\" style=\"clear:both;display:block;\"><\/div><div class=\"vc_row wpb_row vc_inner vc_row-fluid vc_row-o-equal-height vc_row-o-content-middle vc_row-flex\"><div class=\"center wpb_column vc_column_container vc_col-sm-12 vc_col-md-offset-2 vc_col-md-8\"><div class=\"vc_column-inner\"><div class=\"wpb_wrapper\">\n\t<div class=\"wpb_text_column wpb_content_element\" >\n\t\t<div class=\"wpb_wrapper\">\n\t\t\t<p style=\"text-align: center;\"><span style=\"color: #ffffff;\">Suchen Sie nach einer M\u00f6glichkeit, Karriere in einem Unternehmen zu machen, das seine Mitarbeiter wertsch\u00e4tzt? Helfen Sie uns, eine bessere Zukunft f\u00fcr die Gemeinden zu schaffen, die wir betreuen, und machen Sie Karriere bei Hoosier Energy.<\/span><\/p>\n\n\t\t<\/div>\n\t<\/div>\n<\/div><\/div><\/div><\/div><div class=\"vc_row wpb_row vc_inner vc_row-fluid vc_row-o-equal-height vc_row-o-content-middle vc_row-flex\"><div class=\"center wpb_column vc_column_container vc_col-sm-12 vc_col-md-offset-3 vc_col-md-6\"><div class=\"vc_column-inner\"><div class=\"wpb_wrapper\"><div class=\"vc_btn3-container vc_btn3-inline\" ><a style=\"background-color:#0071af; color:#f5ff12;\" class=\"vc_general vc_btn3 vc_btn3-size-md vc_btn3-shape-square vc_btn3-style-custom\" href=\"\/de\/careers\/\" title=\"JOBS SUCHEN\">JOBS SUCHEN<\/a><\/div><\/div><\/div><\/div><\/div><div class=\"ult-spacer spacer-69e44a68e2a5a\" data-id=\"69e44a68e2a5a\" data-height=\"150\" data-height-mobile=\"75\" data-height-tab=\"100\" data-height-tab-portrait=\"100\" data-height-mobile-landscape=\"75\" style=\"clear:both;display:block;\"><\/div><\/div><\/div><\/div><\/div><div class=\"vc_row-full-width vc_clearfix\"><\/div>\n<\/div><style type=\"text\/css\" data-type=\"rcb-_wpb_shortcodes_custom_css-60\">.vc_custom_1659638016356{background-image: url(https:\/\/hoosierenergy.com\/wp-content\/uploads\/2022\/08\/Join-Our-Team-Header-01-sigmund-4khkLZuJEYI-unsplash-11.jpg?id=6840) !important;}<\/style><\/div><\/div><\/div><\/div><div class=\"vc_row-full-width vc_clearfix\"><\/div>\n<\/div>","protected":false},"excerpt":{"rendered":"<p>Nehmen Sie Kontakt auf Sie suchen nach Antworten auf eine bestimmte Frage oder m\u00f6chten ein Mitglied unseres Teams erreichen? F\u00fcllen Sie dieses Formular aus oder kontaktieren Sie uns \u00fcber die unten stehenden Kontaktinformationen. Wir werden uns so schnell wie m\u00f6glich bei Ihnen melden. Interessiert an:Wirtschaftliche EntwicklungErneuerbare EnergienKarrierechancenWeitere InformationenAndere Standorte HOOSIER ENERGY 2501 South Cooperative Way Bloomington,\u2026<\/p>","protected":false},"author":1,"featured_media":0,"parent":0,"menu_order":0,"comment_status":"closed","ping_status":"closed","template":"","meta":{"_acf_changed":false,"footnotes":""},"class_list":["post-109","page","type-page","status-publish","hentry","description-off"],"acf":[],"yoast_head":"<!-- This site is optimized with the Yoast SEO plugin v27.4 - https:\/\/yoast.com\/product\/yoast-seo-wordpress\/ -->\r\n<title>Contact - Hoosier Energy<\/title>\r\n<meta name=\"description\" content=\"Need to get in touch with a member of our team or ready to learn more about Hoosier Energy? Contact us today to get started.\" \/>\r\n<meta name=\"robots\" content=\"index, follow, max-snippet:-1, max-image-preview:large, max-video-preview:-1\" \/>\r\n<link rel=\"canonical\" href=\"https:\/\/www.hoosierenergy.com\/de\/contact\/\" \/>\r\n<meta property=\"og:locale\" content=\"de_DE\" \/>\r\n<meta property=\"og:type\" content=\"article\" \/>\r\n<meta property=\"og:title\" content=\"Contact - Hoosier Energy\" \/>\r\n<meta property=\"og:description\" content=\"Need to get in touch with a member of our team or ready to learn more about Hoosier Energy? Contact us today to get started.\" \/>\r\n<meta property=\"og:url\" content=\"https:\/\/www.hoosierenergy.com\/de\/contact\/\" \/>\r\n<meta property=\"og:site_name\" content=\"Hoosier Energy\" \/>\r\n<meta property=\"article:publisher\" content=\"https:\/\/www.facebook.com\/HoosierEnergy\" \/>\r\n<meta property=\"article:modified_time\" content=\"2024-04-16T17:59:49+00:00\" \/>\r\n<meta name=\"twitter:card\" content=\"summary_large_image\" \/>\r\n<meta name=\"twitter:site\" content=\"@hoosierenergy\" \/>\r\n<meta name=\"twitter:label1\" content=\"Gesch\u00e4tzte Lesezeit\" \/>\n\t<meta name=\"twitter:data1\" content=\"2\u00a0Minuten\" \/>\r\n<script type=\"application\/ld+json\" class=\"yoast-schema-graph\">{\"@context\":\"https:\\\/\\\/schema.org\",\"@graph\":[{\"@type\":\"WebPage\",\"@id\":\"https:\\\/\\\/www.hoosierenergy.com\\\/contact\\\/\",\"url\":\"https:\\\/\\\/www.hoosierenergy.com\\\/contact\\\/\",\"name\":\"Contact - Hoosier Energy\",\"isPartOf\":{\"@id\":\"https:\\\/\\\/www.hoosierenergy.com\\\/#website\"},\"datePublished\":\"2022-05-23T19:09:34+00:00\",\"dateModified\":\"2024-04-16T17:59:49+00:00\",\"description\":\"Need to get in touch with a member of our team or ready to learn more about Hoosier Energy? Contact us today to get started.\",\"breadcrumb\":{\"@id\":\"https:\\\/\\\/www.hoosierenergy.com\\\/contact\\\/#breadcrumb\"},\"inLanguage\":\"de\",\"potentialAction\":[{\"@type\":\"ReadAction\",\"target\":[\"https:\\\/\\\/www.hoosierenergy.com\\\/contact\\\/\"]}]},{\"@type\":\"BreadcrumbList\",\"@id\":\"https:\\\/\\\/www.hoosierenergy.com\\\/contact\\\/#breadcrumb\",\"itemListElement\":[{\"@type\":\"ListItem\",\"position\":1,\"name\":\"Home\",\"item\":\"https:\\\/\\\/www.hoosierenergy.com\\\/\"},{\"@type\":\"ListItem\",\"position\":2,\"name\":\"Contact\"}]},{\"@type\":\"WebSite\",\"@id\":\"https:\\\/\\\/www.hoosierenergy.com\\\/#website\",\"url\":\"https:\\\/\\\/www.hoosierenergy.com\\\/\",\"name\":\"Hoosier Energy\",\"description\":\"Powering Community\",\"alternateName\":\"Hoosier Energy Rural Electric Cooperative, Inc.\",\"potentialAction\":[{\"@type\":\"SearchAction\",\"target\":{\"@type\":\"EntryPoint\",\"urlTemplate\":\"https:\\\/\\\/www.hoosierenergy.com\\\/?s={search_term_string}\"},\"query-input\":{\"@type\":\"PropertyValueSpecification\",\"valueRequired\":true,\"valueName\":\"search_term_string\"}}],\"inLanguage\":\"de\"}]}<\/script>\r\n<!-- \/ Yoast SEO plugin. -->","yoast_head_json":{"title":"Contact - Hoosier Energy","description":"Need to get in touch with a member of our team or ready to learn more about Hoosier Energy? Contact us today to get started.","robots":{"index":"index","follow":"follow","max-snippet":"max-snippet:-1","max-image-preview":"max-image-preview:large","max-video-preview":"max-video-preview:-1"},"canonical":"https:\/\/www.hoosierenergy.com\/de\/contact\/","og_locale":"de_DE","og_type":"article","og_title":"Contact - Hoosier Energy","og_description":"Need to get in touch with a member of our team or ready to learn more about Hoosier Energy? Contact us today to get started.","og_url":"https:\/\/www.hoosierenergy.com\/de\/contact\/","og_site_name":"Hoosier Energy","article_publisher":"https:\/\/www.facebook.com\/HoosierEnergy","article_modified_time":"2024-04-16T17:59:49+00:00","twitter_card":"summary_large_image","twitter_site":"@hoosierenergy","twitter_misc":{"Gesch\u00e4tzte Lesezeit":"2\u00a0Minuten"},"schema":{"@context":"https:\/\/schema.org","@graph":[{"@type":"WebPage","@id":"https:\/\/www.hoosierenergy.com\/contact\/","url":"https:\/\/www.hoosierenergy.com\/contact\/","name":"Contact - Hoosier Energy","isPartOf":{"@id":"https:\/\/www.hoosierenergy.com\/#website"},"datePublished":"2022-05-23T19:09:34+00:00","dateModified":"2024-04-16T17:59:49+00:00","description":"Need to get in touch with a member of our team or ready to learn more about Hoosier Energy? Contact us today to get started.","breadcrumb":{"@id":"https:\/\/www.hoosierenergy.com\/contact\/#breadcrumb"},"inLanguage":"de","potentialAction":[{"@type":"ReadAction","target":["https:\/\/www.hoosierenergy.com\/contact\/"]}]},{"@type":"BreadcrumbList","@id":"https:\/\/www.hoosierenergy.com\/contact\/#breadcrumb","itemListElement":[{"@type":"ListItem","position":1,"name":"Home","item":"https:\/\/www.hoosierenergy.com\/"},{"@type":"ListItem","position":2,"name":"Contact"}]},{"@type":"WebSite","@id":"https:\/\/www.hoosierenergy.com\/#website","url":"https:\/\/www.hoosierenergy.com\/","name":"Hoosier Energie","description":"Gemeinschaft st\u00e4rken","alternateName":"Hoosier Energy Rural Electric Cooperative, Inc.","potentialAction":[{"@type":"SearchAction","target":{"@type":"EntryPoint","urlTemplate":"https:\/\/www.hoosierenergy.com\/?s={search_term_string}"},"query-input":{"@type":"PropertyValueSpecification","valueRequired":true,"valueName":"search_term_string"}}],"inLanguage":"de"}]}},"_links":{"self":[{"href":"https:\/\/www.hoosierenergy.com\/de\/wp-json\/wp\/v2\/pages\/109","targetHints":{"allow":["GET"]}}],"collection":[{"href":"https:\/\/www.hoosierenergy.com\/de\/wp-json\/wp\/v2\/pages"}],"about":[{"href":"https:\/\/www.hoosierenergy.com\/de\/wp-json\/wp\/v2\/types\/page"}],"author":[{"embeddable":true,"href":"https:\/\/www.hoosierenergy.com\/de\/wp-json\/wp\/v2\/users\/1"}],"replies":[{"embeddable":true,"href":"https:\/\/www.hoosierenergy.com\/de\/wp-json\/wp\/v2\/comments?post=109"}],"version-history":[{"count":0,"href":"https:\/\/www.hoosierenergy.com\/de\/wp-json\/wp\/v2\/pages\/109\/revisions"}],"wp:attachment":[{"href":"https:\/\/www.hoosierenergy.com\/de\/wp-json\/wp\/v2\/media?parent=109"}],"curies":[{"name":"wp","href":"https:\/\/api.w.org\/{rel}","templated":true}]}}