{"id":25121,"date":"2026-02-03T14:10:27","date_gmt":"2026-02-03T19:10:27","guid":{"rendered":"https:\/\/www.hoosierenergy.com\/?page_id=25121"},"modified":"2026-02-13T14:59:55","modified_gmt":"2026-02-13T19:59:55","slug":"wheeler-creek-to-kays","status":"publish","type":"page","link":"http:\/\/www.hoosierenergy.com\/pt\/our-cooperative\/energy-strategy\/grid-infrastructure\/wheeler-creek-to-kays\/","title":{"rendered":"Wheeler Creek at\u00e9 Kays"},"content":{"rendered":"<div class=\"wpb-content-wrapper\"><div class=\"vc_row wpb_row vc_row-fluid negativetopmargin vc_custom_1686766776950 vc_row-has-fill\"><div class=\"wpb_column vc_column_container vc_col-sm-12 vc_col-md-offset-2 vc_col-md-8\"><div class=\"vc_column-inner\"><div class=\"wpb_wrapper\"><div class=\"ult-spacer spacer-69e531a34793b\" data-id=\"69e531a34793b\" data-height=\"50\" data-height-mobile=\"25\" data-height-tab=\"35\" data-height-tab-portrait=\"35\" data-height-mobile-landscape=\"25\" style=\"clear:both;display:block;\"><\/div><h2 style=\"text-align: center\" class=\"vc_custom_heading vc_do_custom_heading\" >Projeto de constru\u00e7\u00e3o de nova linha de transmiss\u00e3o<\/h2><div class=\"ult-spacer spacer-69e531a347f98\" data-id=\"69e531a347f98\" data-height=\"50\" data-height-mobile=\"25\" data-height-tab=\"35\" data-height-tab-portrait=\"35\" data-height-mobile-landscape=\"25\" style=\"clear:both;display:block;\"><\/div><\/div><\/div><\/div><\/div><div class=\"vc_row wpb_row vc_row-fluid swap-on-mobile\"><div class=\"wpb_column vc_column_container vc_col-sm-6\"><div class=\"vc_column-inner\"><div class=\"wpb_wrapper\"><h3 style=\"text-align: left\" class=\"vc_custom_heading vc_do_custom_heading\" >Vis\u00e3o geral do projeto<\/h3>\n\t<div class=\"wpb_text_column wpb_content_element\" >\n\t\t<div class=\"wpb_wrapper\">\n\t\t\t<p>O Projeto da Linha de Transmiss\u00e3o Wheeler Creek-Kays da Hoosier Energy (Projeto) representa uma melhoria cr\u00edtica na infraestrutura para garantir o fornecimento confi\u00e1vel de energia el\u00e9trica para a regi\u00e3o centro-sul de Illinois. O projeto contempla a reconstru\u00e7\u00e3o e moderniza\u00e7\u00e3o de aproximadamente 45 quil\u00f4metros (28 milhas) de linha de transmiss\u00e3o entre a Subesta\u00e7\u00e3o Fairfield South e a Subesta\u00e7\u00e3o Wheeler Creek. Algumas \u00e1reas da linha de transmiss\u00e3o existente podem precisar ser desviadas para a instala\u00e7\u00e3o segura das novas estruturas.<\/p>\n<p>Essas melhorias fortalecer\u00e3o o sistema, aumentar\u00e3o a confiabilidade e dar\u00e3o suporte a opera\u00e7\u00f5es eficientes nos pr\u00f3ximos anos.<\/p>\n\n\t\t<\/div>\n\t<\/div>\n<h3 style=\"text-align: left\" class=\"vc_custom_heading vc_do_custom_heading\" >Linha do tempo<\/h3>\n\t<div class=\"wpb_text_column wpb_content_element\" >\n\t\t<div class=\"wpb_wrapper\">\n\t\t\t<p><strong>Dia Aberto da Fase 1:<\/strong>\u00a0Mar\u00e7o de 2026<\/p>\n<p><strong>Dia Aberto da Fase 2<\/strong>Ver\u00e3o de 2026<\/p>\n<p><strong>Atividades de pr\u00e9-constru\u00e7\u00e3o (pesquisa, im\u00f3veis, projeto, licenciamento, materiais, etc.):<\/strong>\u00a0Ver\u00e3o de 2026 \u2013 2027<\/p>\n<p><strong>Atividades e acesso \u00e0 vegeta\u00e7\u00e3o:<\/strong>\u00a0Dezembro de 2026 \u2013 Abril de 2027<\/p>\n<p><strong>Constru\u00e7\u00e3o (funda\u00e7\u00f5es, constru\u00e7\u00e3o de linhas):<\/strong>\u00a02027-2029<\/p>\n<p><strong>Restaura\u00e7\u00e3o:<\/strong>\u00a0Em andamento durante toda a constru\u00e7\u00e3o \u2013 dezembro de 2029<\/p>\n\n\t\t<\/div>\n\t<\/div>\n<h3 style=\"text-align: left\" class=\"vc_custom_heading vc_do_custom_heading\" >Design do Projeto<\/h3>\n\t<div class=\"wpb_text_column wpb_content_element\" >\n\t\t<div class=\"wpb_wrapper\">\n\t\t\t<p>Os monop\u00f3los de madeira de 69 kV existentes ser\u00e3o substitu\u00eddos por monop\u00f3los de a\u00e7o galvanizado de 138 kV.<\/p>\n\n\t\t<\/div>\n\t<\/div>\n<\/div><\/div><\/div><div class=\"wpb_column vc_column_container vc_col-sm-6\"><div class=\"vc_column-inner\"><div class=\"wpb_wrapper\">\n\t<div  class=\"wpb_single_image wpb_content_element vc_align_left  vc_custom_1771012786427\">\n\t\t\n\t\t<figure class=\"wpb_wrapper vc_figure\">\n\t\t\t<div class=\"vc_single_image-wrapper   vc_box_border_grey\"><img loading=\"lazy\" decoding=\"async\" width=\"1225\" height=\"1312\" src=\"https:\/\/www.hoosierenergy.com\/wp-content\/uploads\/2026\/02\/WheelerCreektoKays-1.jpg\" class=\"vc_single_image-img attachment-full\" alt=\"Wheeler Creek to Kays map\" title=\"WheelerCreektoKays\" srcset=\"https:\/\/www.hoosierenergy.com\/wp-content\/uploads\/2026\/02\/WheelerCreektoKays-1.jpg 1225w, https:\/\/www.hoosierenergy.com\/wp-content\/uploads\/2026\/02\/WheelerCreektoKays-1-280x300.jpg 280w, https:\/\/www.hoosierenergy.com\/wp-content\/uploads\/2026\/02\/WheelerCreektoKays-1-956x1024.jpg 956w, https:\/\/www.hoosierenergy.com\/wp-content\/uploads\/2026\/02\/WheelerCreektoKays-1-768x823.jpg 768w, https:\/\/www.hoosierenergy.com\/wp-content\/uploads\/2026\/02\/WheelerCreektoKays-1-11x12.jpg 11w\" sizes=\"auto, (max-width: 1225px) 100vw, 1225px\"  data-dt-location=\"http:\/\/www.hoosierenergy.com\/pt\/our-cooperative\/energy-strategy\/grid-infrastructure\/wheeler-creek-to-kays\/wheelercreektokays-2\/\" \/><\/div>\n\t\t<\/figure>\n\t<\/div>\n<\/div><\/div><\/div><\/div><div class=\"vc_row wpb_row vc_row-fluid\"><div class=\"wpb_column vc_column_container vc_col-sm-12\"><div class=\"vc_column-inner\"><div class=\"wpb_wrapper\"><h3 style=\"text-align: left\" class=\"vc_custom_heading vc_do_custom_heading\" >Vis\u00e3o geral da Hoosier Energy<\/h3>\n\t<div class=\"wpb_text_column wpb_content_element\" >\n\t\t<div class=\"wpb_wrapper\">\n\t\t\t<p>Fundada em 1949, a Hoosier Energy \u00e9 uma cooperativa de gera\u00e7\u00e3o e transmiss\u00e3o (G&amp;T) com sede em Bloomington, Indiana.<\/p>\n<p>A G&amp;T fornece energia el\u00e9trica e servi\u00e7os para 17 cooperativas de distribui\u00e7\u00e3o associadas no centro e sul de Indiana e sudeste de Illinois. Somos uma organiza\u00e7\u00e3o focada na comunidade que trabalha para fornecer energia acess\u00edvel, confi\u00e1vel e segura de forma eficiente.<\/p>\n\n\t\t<\/div>\n\t<\/div>\n<h3 style=\"text-align: left\" class=\"vc_custom_heading vc_do_custom_heading\" >Cooperativa de Energia El\u00e9trica Hoosier Energy &amp; Wayne White<\/h3>\n\t<div class=\"wpb_text_column wpb_content_element\" >\n\t\t<div class=\"wpb_wrapper\">\n\t\t\t<p>A Wayne White Electric Cooperative \u00e9 a \u00fanica cooperativa local da Hoosier Energy em Illinois. As cooperativas de energia el\u00e9trica foram organizadas por moradores de \u00e1reas rurais que se uniram para fornecer eletricidade \u00e0s suas pr\u00f3prias casas, onde as concession\u00e1rias de capital aberto se recusavam a atuar (e ainda se recusam). Com escrit\u00f3rios em Fairfield e Enfield, a Wayne-White Electric Cooperative atualmente fornece energia para mais de 14.200 medidores em 11 condados no sudeste de Illinois.<\/p>\n\n\t\t<\/div>\n\t<\/div>\n<div class=\"ult-spacer spacer-69e531a34bc88\" data-id=\"69e531a34bc88\" data-height=\"75\" data-height-mobile=\"25\" data-height-tab=\"50\" data-height-tab-portrait=\"50\" data-height-mobile-landscape=\"25\" style=\"clear:both;display:block;\"><\/div><\/div><\/div><\/div><\/div><div class=\"vc_row wpb_row vc_row-fluid\"><div class=\"wpb_column vc_column_container vc_col-sm-12\"><div class=\"vc_column-inner\"><div class=\"wpb_wrapper\"><div class=\"ult-spacer spacer-69e531a34c33e\" data-id=\"69e531a34c33e\" data-height=\"75\" data-height-mobile=\"25\" data-height-tab=\"50\" data-height-tab-portrait=\"50\" data-height-mobile-landscape=\"25\" style=\"clear:both;display:block;\"><\/div><\/div><\/div><\/div><\/div><div data-vc-full-width=\"true\" data-vc-full-width-temp=\"true\" data-vc-full-width-init=\"false\" class=\"vc_row wpb_row vc_row-fluid vc_custom_1770760544578 vc_row-has-fill\"><div class=\"wpb_column vc_column_container vc_col-sm-12\"><div class=\"vc_column-inner\"><div class=\"wpb_wrapper\"><div class=\"vc_row wpb_row vc_inner vc_row-fluid vc_custom_1686774795756 vc_row-o-content-middle vc_row-flex\"><div class=\"wpb_column vc_column_container vc_col-sm-3\"><div class=\"vc_column-inner\"><div class=\"wpb_wrapper\"><\/div><\/div><\/div><div class=\"wpb_column vc_column_container vc_col-sm-3\"><div class=\"vc_column-inner\"><div class=\"wpb_wrapper\"><h4 style=\"color: #ffffff;text-align: center\" class=\"vc_custom_heading vc_do_custom_heading\" >Tem alguma d\u00favida adicional?<\/h4><\/div><\/div><\/div><div class=\"wpb_column vc_column_container vc_col-sm-3\"><div class=\"vc_column-inner\"><div class=\"wpb_wrapper\"><div class=\"vc_btn3-container vc_btn3-center\" ><a style=\"background-color:#0071af; color:#f5ff12;\" class=\"vc_general vc_btn3 vc_btn3-size-md vc_btn3-shape-square vc_btn3-style-custom\" href=\"https:\/\/form.jotform.com\/260407784581160\" title=\"\" target=\"_blank\">CONTATE-NOS<\/a><\/div><\/div><\/div><\/div><div class=\"wpb_column vc_column_container vc_col-sm-3\"><div class=\"vc_column-inner\"><div class=\"wpb_wrapper\"><\/div><\/div><\/div><\/div><div class=\"ult-spacer spacer-69e531a34e6e1\" data-id=\"69e531a34e6e1\" data-height=\"75\" data-height-mobile=\"25\" data-height-tab=\"50\" data-height-tab-portrait=\"50\" data-height-mobile-landscape=\"25\" style=\"clear:both;display:block;\"><\/div><\/div><\/div><\/div><\/div><div class=\"vc_row-full-width vc_clearfix\"><\/div>\n<\/div>","protected":false},"excerpt":{"rendered":"<p>Projeto de Constru\u00e7\u00e3o de Nova Linha de Transmiss\u00e3oVis\u00e3o Geral do Projeto O Projeto de Linha de Transmiss\u00e3o Wheeler Creek-Kays da Hoosier Energy (Projeto) representa uma melhoria cr\u00edtica na infraestrutura para garantir o fornecimento confi\u00e1vel de energia el\u00e9trica para a regi\u00e3o centro-sul de Illinois. O projeto contempla a reconstru\u00e7\u00e3o e moderniza\u00e7\u00e3o de aproximadamente 45 quil\u00f4metros (28 milhas) de linha de transmiss\u00e3o entre a Subesta\u00e7\u00e3o Fairfield South e a Subesta\u00e7\u00e3o Wheeler Creek. Algumas \u00e1reas\u2026<\/p>","protected":false},"author":1,"featured_media":18953,"parent":165,"menu_order":0,"comment_status":"closed","ping_status":"closed","template":"","meta":{"_acf_changed":false,"footnotes":""},"class_list":["post-25121","page","type-page","status-publish","has-post-thumbnail","hentry","description-off"],"acf":[],"yoast_head":"<!-- This site is optimized with the Yoast SEO plugin v27.4 - https:\/\/yoast.com\/product\/yoast-seo-wordpress\/ -->\r\n<title>Wheeler Creek to Kays | Hoosier Energy | Our Community<\/title>\r\n<meta name=\"description\" content=\"The Wheeler Creek to Kays Transmission Line Project supports the rebuild and upgrade of approximately 28 miles of transmission line between the Fairfield South Substation and Wheeler Creek Substation.\" \/>\r\n<meta name=\"robots\" content=\"index, follow, max-snippet:-1, max-image-preview:large, max-video-preview:-1\" \/>\r\n<link rel=\"canonical\" href=\"https:\/\/www.hoosierenergy.com\/pt\/our-cooperative\/energy-strategy\/grid-infrastructure\/wheeler-creek-to-kays\/\" \/>\r\n<meta property=\"og:locale\" content=\"pt_PT\" \/>\r\n<meta property=\"og:type\" content=\"article\" \/>\r\n<meta property=\"og:title\" content=\"Wheeler Creek to Kays | Hoosier Energy | Our Community\" \/>\r\n<meta property=\"og:description\" content=\"The Wheeler Creek to Kays Transmission Line Project supports the rebuild and upgrade of approximately 28 miles of transmission line between the Fairfield South Substation and Wheeler Creek Substation.\" \/>\r\n<meta property=\"og:url\" content=\"https:\/\/www.hoosierenergy.com\/pt\/our-cooperative\/energy-strategy\/grid-infrastructure\/wheeler-creek-to-kays\/\" \/>\r\n<meta property=\"og:site_name\" content=\"Hoosier Energy\" \/>\r\n<meta property=\"article:publisher\" content=\"https:\/\/www.facebook.com\/HoosierEnergy\" \/>\r\n<meta property=\"article:modified_time\" content=\"2026-02-13T19:59:55+00:00\" \/>\r\n<meta property=\"og:image\" content=\"https:\/\/www.hoosierenergy.com\/wp-content\/uploads\/2025\/02\/Header-CentertonToWillbur.jpg\" \/>\r\n\t<meta property=\"og:image:width\" content=\"1920\" \/>\r\n\t<meta property=\"og:image:height\" content=\"400\" \/>\r\n\t<meta property=\"og:image:type\" content=\"image\/jpeg\" \/>\r\n<meta name=\"twitter:card\" content=\"summary_large_image\" \/>\r\n<meta name=\"twitter:site\" content=\"@hoosierenergy\" \/>\r\n<meta name=\"twitter:label1\" content=\"Tempo estimado de leitura\" \/>\n\t<meta name=\"twitter:data1\" content=\"7 minutos\" \/>\r\n<script type=\"application\/ld+json\" class=\"yoast-schema-graph\">{\"@context\":\"https:\\\/\\\/schema.org\",\"@graph\":[{\"@type\":\"WebPage\",\"@id\":\"https:\\\/\\\/www.hoosierenergy.com\\\/our-cooperative\\\/energy-strategy\\\/grid-infrastructure\\\/wheeler-creek-to-kays\\\/\",\"url\":\"https:\\\/\\\/www.hoosierenergy.com\\\/our-cooperative\\\/energy-strategy\\\/grid-infrastructure\\\/wheeler-creek-to-kays\\\/\",\"name\":\"Wheeler Creek to Kays | Hoosier Energy | Our Community\",\"isPartOf\":{\"@id\":\"https:\\\/\\\/www.hoosierenergy.com\\\/#website\"},\"primaryImageOfPage\":{\"@id\":\"https:\\\/\\\/www.hoosierenergy.com\\\/our-cooperative\\\/energy-strategy\\\/grid-infrastructure\\\/wheeler-creek-to-kays\\\/#primaryimage\"},\"image\":{\"@id\":\"https:\\\/\\\/www.hoosierenergy.com\\\/our-cooperative\\\/energy-strategy\\\/grid-infrastructure\\\/wheeler-creek-to-kays\\\/#primaryimage\"},\"thumbnailUrl\":\"https:\\\/\\\/www.hoosierenergy.com\\\/wp-content\\\/uploads\\\/2025\\\/02\\\/Header-CentertonToWillbur.jpg\",\"datePublished\":\"2026-02-03T19:10:27+00:00\",\"dateModified\":\"2026-02-13T19:59:55+00:00\",\"description\":\"The Wheeler Creek to Kays Transmission Line Project supports the rebuild and upgrade of approximately 28 miles of transmission line between the Fairfield South Substation and Wheeler Creek Substation.\",\"breadcrumb\":{\"@id\":\"https:\\\/\\\/www.hoosierenergy.com\\\/our-cooperative\\\/energy-strategy\\\/grid-infrastructure\\\/wheeler-creek-to-kays\\\/#breadcrumb\"},\"inLanguage\":\"pt-PT\",\"potentialAction\":[{\"@type\":\"ReadAction\",\"target\":[\"https:\\\/\\\/www.hoosierenergy.com\\\/our-cooperative\\\/energy-strategy\\\/grid-infrastructure\\\/wheeler-creek-to-kays\\\/\"]}]},{\"@type\":\"ImageObject\",\"inLanguage\":\"pt-PT\",\"@id\":\"https:\\\/\\\/www.hoosierenergy.com\\\/our-cooperative\\\/energy-strategy\\\/grid-infrastructure\\\/wheeler-creek-to-kays\\\/#primaryimage\",\"url\":\"https:\\\/\\\/www.hoosierenergy.com\\\/wp-content\\\/uploads\\\/2025\\\/02\\\/Header-CentertonToWillbur.jpg\",\"contentUrl\":\"https:\\\/\\\/www.hoosierenergy.com\\\/wp-content\\\/uploads\\\/2025\\\/02\\\/Header-CentertonToWillbur.jpg\",\"width\":1920,\"height\":400},{\"@type\":\"BreadcrumbList\",\"@id\":\"https:\\\/\\\/www.hoosierenergy.com\\\/our-cooperative\\\/energy-strategy\\\/grid-infrastructure\\\/wheeler-creek-to-kays\\\/#breadcrumb\",\"itemListElement\":[{\"@type\":\"ListItem\",\"position\":1,\"name\":\"Home\",\"item\":\"https:\\\/\\\/www.hoosierenergy.com\\\/\"},{\"@type\":\"ListItem\",\"position\":2,\"name\":\"Our Cooperative\",\"item\":\"https:\\\/\\\/www.hoosierenergy.com\\\/our-cooperative\\\/\"},{\"@type\":\"ListItem\",\"position\":3,\"name\":\"Energy Strategy\",\"item\":\"https:\\\/\\\/www.hoosierenergy.com\\\/our-cooperative\\\/energy-strategy\\\/\"},{\"@type\":\"ListItem\",\"position\":4,\"name\":\"Grid Infrastructure\",\"item\":\"https:\\\/\\\/www.hoosierenergy.com\\\/our-cooperative\\\/energy-strategy\\\/grid-infrastructure\\\/\"},{\"@type\":\"ListItem\",\"position\":5,\"name\":\"Wheeler Creek to Kays\"}]},{\"@type\":\"WebSite\",\"@id\":\"https:\\\/\\\/www.hoosierenergy.com\\\/#website\",\"url\":\"https:\\\/\\\/www.hoosierenergy.com\\\/\",\"name\":\"Hoosier Energy\",\"description\":\"Powering Community\",\"alternateName\":\"Hoosier Energy Rural Electric Cooperative, Inc.\",\"potentialAction\":[{\"@type\":\"SearchAction\",\"target\":{\"@type\":\"EntryPoint\",\"urlTemplate\":\"https:\\\/\\\/www.hoosierenergy.com\\\/?s={search_term_string}\"},\"query-input\":{\"@type\":\"PropertyValueSpecification\",\"valueRequired\":true,\"valueName\":\"search_term_string\"}}],\"inLanguage\":\"pt-PT\"}]}<\/script>\r\n<!-- \/ Yoast SEO plugin. -->","yoast_head_json":{"title":"Wheeler Creek to Kays | Hoosier Energy | Our Community","description":"The Wheeler Creek to Kays Transmission Line Project supports the rebuild and upgrade of approximately 28 miles of transmission line between the Fairfield South Substation and Wheeler Creek Substation.","robots":{"index":"index","follow":"follow","max-snippet":"max-snippet:-1","max-image-preview":"max-image-preview:large","max-video-preview":"max-video-preview:-1"},"canonical":"https:\/\/www.hoosierenergy.com\/pt\/our-cooperative\/energy-strategy\/grid-infrastructure\/wheeler-creek-to-kays\/","og_locale":"pt_PT","og_type":"article","og_title":"Wheeler Creek to Kays | Hoosier Energy | Our Community","og_description":"The Wheeler Creek to Kays Transmission Line Project supports the rebuild and upgrade of approximately 28 miles of transmission line between the Fairfield South Substation and Wheeler Creek Substation.","og_url":"https:\/\/www.hoosierenergy.com\/pt\/our-cooperative\/energy-strategy\/grid-infrastructure\/wheeler-creek-to-kays\/","og_site_name":"Hoosier Energy","article_publisher":"https:\/\/www.facebook.com\/HoosierEnergy","article_modified_time":"2026-02-13T19:59:55+00:00","og_image":[{"width":1920,"height":400,"url":"https:\/\/www.hoosierenergy.com\/wp-content\/uploads\/2025\/02\/Header-CentertonToWillbur.jpg","type":"image\/jpeg"}],"twitter_card":"summary_large_image","twitter_site":"@hoosierenergy","twitter_misc":{"Tempo estimado de leitura":"7 minutos"},"schema":{"@context":"https:\/\/schema.org","@graph":[{"@type":"WebPage","@id":"https:\/\/www.hoosierenergy.com\/our-cooperative\/energy-strategy\/grid-infrastructure\/wheeler-creek-to-kays\/","url":"https:\/\/www.hoosierenergy.com\/our-cooperative\/energy-strategy\/grid-infrastructure\/wheeler-creek-to-kays\/","name":"Wheeler Creek to Kays | Hoosier Energy | Our Community","isPartOf":{"@id":"https:\/\/www.hoosierenergy.com\/#website"},"primaryImageOfPage":{"@id":"https:\/\/www.hoosierenergy.com\/our-cooperative\/energy-strategy\/grid-infrastructure\/wheeler-creek-to-kays\/#primaryimage"},"image":{"@id":"https:\/\/www.hoosierenergy.com\/our-cooperative\/energy-strategy\/grid-infrastructure\/wheeler-creek-to-kays\/#primaryimage"},"thumbnailUrl":"https:\/\/www.hoosierenergy.com\/wp-content\/uploads\/2025\/02\/Header-CentertonToWillbur.jpg","datePublished":"2026-02-03T19:10:27+00:00","dateModified":"2026-02-13T19:59:55+00:00","description":"The Wheeler Creek to Kays Transmission Line Project supports the rebuild and upgrade of approximately 28 miles of transmission line between the Fairfield South Substation and Wheeler Creek Substation.","breadcrumb":{"@id":"https:\/\/www.hoosierenergy.com\/our-cooperative\/energy-strategy\/grid-infrastructure\/wheeler-creek-to-kays\/#breadcrumb"},"inLanguage":"pt-PT","potentialAction":[{"@type":"ReadAction","target":["https:\/\/www.hoosierenergy.com\/our-cooperative\/energy-strategy\/grid-infrastructure\/wheeler-creek-to-kays\/"]}]},{"@type":"ImageObject","inLanguage":"pt-PT","@id":"https:\/\/www.hoosierenergy.com\/our-cooperative\/energy-strategy\/grid-infrastructure\/wheeler-creek-to-kays\/#primaryimage","url":"https:\/\/www.hoosierenergy.com\/wp-content\/uploads\/2025\/02\/Header-CentertonToWillbur.jpg","contentUrl":"https:\/\/www.hoosierenergy.com\/wp-content\/uploads\/2025\/02\/Header-CentertonToWillbur.jpg","width":1920,"height":400},{"@type":"BreadcrumbList","@id":"https:\/\/www.hoosierenergy.com\/our-cooperative\/energy-strategy\/grid-infrastructure\/wheeler-creek-to-kays\/#breadcrumb","itemListElement":[{"@type":"ListItem","position":1,"name":"Home","item":"https:\/\/www.hoosierenergy.com\/"},{"@type":"ListItem","position":2,"name":"Our Cooperative","item":"https:\/\/www.hoosierenergy.com\/our-cooperative\/"},{"@type":"ListItem","position":3,"name":"Energy Strategy","item":"https:\/\/www.hoosierenergy.com\/our-cooperative\/energy-strategy\/"},{"@type":"ListItem","position":4,"name":"Grid Infrastructure","item":"https:\/\/www.hoosierenergy.com\/our-cooperative\/energy-strategy\/grid-infrastructure\/"},{"@type":"ListItem","position":5,"name":"Wheeler Creek to Kays"}]},{"@type":"WebSite","@id":"https:\/\/www.hoosierenergy.com\/#website","url":"https:\/\/www.hoosierenergy.com\/","name":"Energia Hoosier","description":"Alimentando a Comunidade","alternateName":"Hoosier Energy Rural Electric Cooperative, Inc.","potentialAction":[{"@type":"SearchAction","target":{"@type":"EntryPoint","urlTemplate":"https:\/\/www.hoosierenergy.com\/?s={search_term_string}"},"query-input":{"@type":"PropertyValueSpecification","valueRequired":true,"valueName":"search_term_string"}}],"inLanguage":"pt-PT"}]}},"_links":{"self":[{"href":"http:\/\/www.hoosierenergy.com\/pt\/wp-json\/wp\/v2\/pages\/25121","targetHints":{"allow":["GET"]}}],"collection":[{"href":"http:\/\/www.hoosierenergy.com\/pt\/wp-json\/wp\/v2\/pages"}],"about":[{"href":"http:\/\/www.hoosierenergy.com\/pt\/wp-json\/wp\/v2\/types\/page"}],"author":[{"embeddable":true,"href":"http:\/\/www.hoosierenergy.com\/pt\/wp-json\/wp\/v2\/users\/1"}],"replies":[{"embeddable":true,"href":"http:\/\/www.hoosierenergy.com\/pt\/wp-json\/wp\/v2\/comments?post=25121"}],"version-history":[{"count":0,"href":"http:\/\/www.hoosierenergy.com\/pt\/wp-json\/wp\/v2\/pages\/25121\/revisions"}],"up":[{"embeddable":true,"href":"http:\/\/www.hoosierenergy.com\/pt\/wp-json\/wp\/v2\/pages\/165"}],"wp:featuredmedia":[{"embeddable":true,"href":"http:\/\/www.hoosierenergy.com\/pt\/wp-json\/wp\/v2\/media\/18953"}],"wp:attachment":[{"href":"http:\/\/www.hoosierenergy.com\/pt\/wp-json\/wp\/v2\/media?parent=25121"}],"curies":[{"name":"wp","href":"https:\/\/api.w.org\/{rel}","templated":true}]}}