{"id":25121,"date":"2026-02-03T14:10:27","date_gmt":"2026-02-03T19:10:27","guid":{"rendered":"https:\/\/www.hoosierenergy.com\/?page_id=25121"},"modified":"2026-02-13T14:59:55","modified_gmt":"2026-02-13T19:59:55","slug":"wheeler-creek-to-kays","status":"publish","type":"page","link":"http:\/\/www.hoosierenergy.com\/fr\/our-cooperative\/energy-strategy\/grid-infrastructure\/wheeler-creek-to-kays\/","title":{"rendered":"Wheeler Creek \u00e0 Kays"},"content":{"rendered":"<div class=\"wpb-content-wrapper\"><div class=\"vc_row wpb_row vc_row-fluid negativetopmargin vc_custom_1686766776950 vc_row-has-fill\"><div class=\"wpb_column vc_column_container vc_col-sm-12 vc_col-md-offset-2 vc_col-md-8\"><div class=\"vc_column-inner\"><div class=\"wpb_wrapper\"><div class=\"ult-spacer spacer-69e5317e84f60\" data-id=\"69e5317e84f60\" data-height=\"50\" data-height-mobile=\"25\" data-height-tab=\"35\" data-height-tab-portrait=\"35\" data-height-mobile-landscape=\"25\" style=\"clear:both;display:block;\"><\/div><h2 style=\"text-align: center\" class=\"vc_custom_heading vc_do_custom_heading\" >Projet de construction d&#039;une nouvelle ligne de transmission<\/h2><div class=\"ult-spacer spacer-69e5317e8552a\" data-id=\"69e5317e8552a\" data-height=\"50\" data-height-mobile=\"25\" data-height-tab=\"35\" data-height-tab-portrait=\"35\" data-height-mobile-landscape=\"25\" style=\"clear:both;display:block;\"><\/div><\/div><\/div><\/div><\/div><div class=\"vc_row wpb_row vc_row-fluid swap-on-mobile\"><div class=\"wpb_column vc_column_container vc_col-sm-6\"><div class=\"vc_column-inner\"><div class=\"wpb_wrapper\"><h3 style=\"text-align: left\" class=\"vc_custom_heading vc_do_custom_heading\" >Aper\u00e7u du projet<\/h3>\n\t<div class=\"wpb_text_column wpb_content_element\" >\n\t\t<div class=\"wpb_wrapper\">\n\t\t\t<p>Le projet de ligne de transport d&#039;\u00e9lectricit\u00e9 Hoosier Energy Wheeler Creek-Kays (le Projet) repr\u00e9sente une am\u00e9lioration essentielle des infrastructures pour garantir un approvisionnement fiable en \u00e9lectricit\u00e9 dans le centre-sud de l&#039;Illinois. Ce projet pr\u00e9voit la reconstruction et la modernisation d&#039;environ 45 kilom\u00e8tres de ligne de transport entre le poste de transformation de Fairfield South et celui de Wheeler Creek. Il pourrait \u00eatre n\u00e9cessaire de modifier le trac\u00e9 de certaines portions de la ligne existante afin d&#039;assurer la s\u00e9curit\u00e9 de l&#039;implantation des nouvelles structures.<\/p>\n<p>Ces am\u00e9liorations renforceront le syst\u00e8me, am\u00e9lioreront sa fiabilit\u00e9 et assureront un fonctionnement efficace pour les ann\u00e9es \u00e0 venir.<\/p>\n\n\t\t<\/div>\n\t<\/div>\n<h3 style=\"text-align: left\" class=\"vc_custom_heading vc_do_custom_heading\" >Chronologie<\/h3>\n\t<div class=\"wpb_text_column wpb_content_element\" >\n\t\t<div class=\"wpb_wrapper\">\n\t\t\t<p><strong>Journ\u00e9e portes ouvertes de la phase 1\u00a0:<\/strong>\u00a0Mars 2026<\/p>\n<p><strong>Journ\u00e9e portes ouvertes de la phase 2<\/strong>\u00c9t\u00e9 2026<\/p>\n<p><strong>Activit\u00e9s pr\u00e9alables \u00e0 la construction (enqu\u00eate, immobilier, conception, permis, mat\u00e9riaux, etc.) :<\/strong>\u00a0\u00c9t\u00e9 2026-2027<\/p>\n<p><strong>Activit\u00e9s et acc\u00e8s \u00e0 la v\u00e9g\u00e9tation :<\/strong>\u00a0D\u00e9cembre 2026 \u2013 Avril 2027<\/p>\n<p><strong>Construction (fondations, construction de lignes) :<\/strong>\u00a02027-2029<\/p>\n<p><strong>Restauration:<\/strong>\u00a0En cours tout au long des travaux \u2013 d\u00e9cembre 2029<\/p>\n\n\t\t<\/div>\n\t<\/div>\n<h3 style=\"text-align: left\" class=\"vc_custom_heading vc_do_custom_heading\" >Conception du projet<\/h3>\n\t<div class=\"wpb_text_column wpb_content_element\" >\n\t\t<div class=\"wpb_wrapper\">\n\t\t\t<p>Les monop\u00f4les en bois de 69 kV existants seront remplac\u00e9s par des monop\u00f4les en acier galvanis\u00e9 de 138 kV.<\/p>\n\n\t\t<\/div>\n\t<\/div>\n<\/div><\/div><\/div><div class=\"wpb_column vc_column_container vc_col-sm-6\"><div class=\"vc_column-inner\"><div class=\"wpb_wrapper\">\n\t<div  class=\"wpb_single_image wpb_content_element vc_align_left  vc_custom_1771012786427\">\n\t\t\n\t\t<figure class=\"wpb_wrapper vc_figure\">\n\t\t\t<div class=\"vc_single_image-wrapper   vc_box_border_grey\"><img loading=\"lazy\" decoding=\"async\" width=\"1225\" height=\"1312\" src=\"https:\/\/www.hoosierenergy.com\/wp-content\/uploads\/2026\/02\/WheelerCreektoKays-1.jpg\" class=\"vc_single_image-img attachment-full\" alt=\"Wheeler Creek to Kays map\" title=\"WheelerCreektoKays\" srcset=\"https:\/\/www.hoosierenergy.com\/wp-content\/uploads\/2026\/02\/WheelerCreektoKays-1.jpg 1225w, https:\/\/www.hoosierenergy.com\/wp-content\/uploads\/2026\/02\/WheelerCreektoKays-1-280x300.jpg 280w, https:\/\/www.hoosierenergy.com\/wp-content\/uploads\/2026\/02\/WheelerCreektoKays-1-956x1024.jpg 956w, https:\/\/www.hoosierenergy.com\/wp-content\/uploads\/2026\/02\/WheelerCreektoKays-1-768x823.jpg 768w, https:\/\/www.hoosierenergy.com\/wp-content\/uploads\/2026\/02\/WheelerCreektoKays-1-11x12.jpg 11w\" sizes=\"auto, (max-width: 1225px) 100vw, 1225px\"  data-dt-location=\"http:\/\/www.hoosierenergy.com\/fr\/our-cooperative\/energy-strategy\/grid-infrastructure\/wheeler-creek-to-kays\/wheelercreektokays-2\/\" \/><\/div>\n\t\t<\/figure>\n\t<\/div>\n<\/div><\/div><\/div><\/div><div class=\"vc_row wpb_row vc_row-fluid\"><div class=\"wpb_column vc_column_container vc_col-sm-12\"><div class=\"vc_column-inner\"><div class=\"wpb_wrapper\"><h3 style=\"text-align: left\" class=\"vc_custom_heading vc_do_custom_heading\" >Pr\u00e9sentation de Hoosier Energy<\/h3>\n\t<div class=\"wpb_text_column wpb_content_element\" >\n\t\t<div class=\"wpb_wrapper\">\n\t\t\t<p>Fond\u00e9e en 1949, Hoosier Energy est une coop\u00e9rative de production et de transmission (G&amp;T) dont le si\u00e8ge social est \u00e0 Bloomington, Indiana.<\/p>\n<p>G&amp;T fournit de l&#039;\u00e9lectricit\u00e9 et des services \u00e0 17 coop\u00e9ratives de distribution membres dans le centre et le sud de l&#039;Indiana et dans le sud-est de l&#039;Illinois. Nous sommes une organisation ax\u00e9e sur la communaut\u00e9 qui s&#039;efforce de fournir efficacement une \u00e9nergie abordable, fiable et s\u00fbre.<\/p>\n\n\t\t<\/div>\n\t<\/div>\n<h3 style=\"text-align: left\" class=\"vc_custom_heading vc_do_custom_heading\" >Coop\u00e9rative Hoosier Energy et Wayne White Electric<\/h3>\n\t<div class=\"wpb_text_column wpb_content_element\" >\n\t\t<div class=\"wpb_wrapper\">\n\t\t\t<p>La coop\u00e9rative \u00e9lectrique Wayne White est la seule coop\u00e9rative locale de Hoosier Energy dans l&#039;Illinois. Les coop\u00e9ratives \u00e9lectriques ont \u00e9t\u00e9 cr\u00e9\u00e9es par des habitants des zones rurales qui se sont regroup\u00e9s pour alimenter eux-m\u00eames leurs foyers en \u00e9lectricit\u00e9, l\u00e0 o\u00f9 les entreprises de services publics priv\u00e9es refusaient (et refusent toujours) de desservir. Implant\u00e9e \u00e0 Fairfield et Enfield, la coop\u00e9rative \u00e9lectrique Wayne-White dessert actuellement plus de 14\u00a0200 compteurs dans 11 comt\u00e9s du sud-est de l&#039;Illinois.<\/p>\n\n\t\t<\/div>\n\t<\/div>\n<div class=\"ult-spacer spacer-69e5317e88d63\" data-id=\"69e5317e88d63\" data-height=\"75\" data-height-mobile=\"25\" data-height-tab=\"50\" data-height-tab-portrait=\"50\" data-height-mobile-landscape=\"25\" style=\"clear:both;display:block;\"><\/div><\/div><\/div><\/div><\/div><div class=\"vc_row wpb_row vc_row-fluid\"><div class=\"wpb_column vc_column_container vc_col-sm-12\"><div class=\"vc_column-inner\"><div class=\"wpb_wrapper\"><div class=\"ult-spacer spacer-69e5317e89400\" data-id=\"69e5317e89400\" data-height=\"75\" data-height-mobile=\"25\" data-height-tab=\"50\" data-height-tab-portrait=\"50\" data-height-mobile-landscape=\"25\" style=\"clear:both;display:block;\"><\/div><\/div><\/div><\/div><\/div><div data-vc-full-width=\"true\" data-vc-full-width-temp=\"true\" data-vc-full-width-init=\"false\" class=\"vc_row wpb_row vc_row-fluid vc_custom_1770760544578 vc_row-has-fill\"><div class=\"wpb_column vc_column_container vc_col-sm-12\"><div class=\"vc_column-inner\"><div class=\"wpb_wrapper\"><div class=\"vc_row wpb_row vc_inner vc_row-fluid vc_custom_1686774795756 vc_row-o-content-middle vc_row-flex\"><div class=\"wpb_column vc_column_container vc_col-sm-3\"><div class=\"vc_column-inner\"><div class=\"wpb_wrapper\"><\/div><\/div><\/div><div class=\"wpb_column vc_column_container vc_col-sm-3\"><div class=\"vc_column-inner\"><div class=\"wpb_wrapper\"><h4 style=\"color: #ffffff;text-align: center\" class=\"vc_custom_heading vc_do_custom_heading\" >Vous avez des questions suppl\u00e9mentaires\u00a0?<\/h4><\/div><\/div><\/div><div class=\"wpb_column vc_column_container vc_col-sm-3\"><div class=\"vc_column-inner\"><div class=\"wpb_wrapper\"><div class=\"vc_btn3-container vc_btn3-center\" ><a style=\"background-color:#0071af; color:#f5ff12;\" class=\"vc_general vc_btn3 vc_btn3-size-md vc_btn3-shape-square vc_btn3-style-custom\" href=\"https:\/\/form.jotform.com\/260407784581160\" title=\"\" target=\"_blank\">CONTACTEZ-NOUS<\/a><\/div><\/div><\/div><\/div><div class=\"wpb_column vc_column_container vc_col-sm-3\"><div class=\"vc_column-inner\"><div class=\"wpb_wrapper\"><\/div><\/div><\/div><\/div><div class=\"ult-spacer spacer-69e5317e8b58b\" data-id=\"69e5317e8b58b\" data-height=\"75\" data-height-mobile=\"25\" data-height-tab=\"50\" data-height-tab-portrait=\"50\" data-height-mobile-landscape=\"25\" style=\"clear:both;display:block;\"><\/div><\/div><\/div><\/div><\/div><div class=\"vc_row-full-width vc_clearfix\"><\/div>\n<\/div>","protected":false},"excerpt":{"rendered":"<p>Projet de construction d&#039;une nouvelle ligne de transport d&#039;\u00e9lectricit\u00e9\u00a0: Pr\u00e9sentation du projet Le projet de ligne de transport d&#039;\u00e9lectricit\u00e9 Hoosier Energy Wheeler Creek-Kays (le \u00ab\u00a0Projet\u00a0\u00bb) repr\u00e9sente une am\u00e9lioration essentielle des infrastructures pour garantir un approvisionnement \u00e9lectrique fiable dans le centre-sud de l&#039;Illinois. Le projet pr\u00e9voit la reconstruction et la modernisation d&#039;environ 45 kilom\u00e8tres de ligne de transport entre le poste de transformation de Fairfield South et le poste de transformation de Wheeler Creek. Certaines zones\u2026<\/p>","protected":false},"author":1,"featured_media":18953,"parent":165,"menu_order":0,"comment_status":"closed","ping_status":"closed","template":"","meta":{"_acf_changed":false,"footnotes":""},"class_list":["post-25121","page","type-page","status-publish","has-post-thumbnail","hentry","description-off"],"acf":[],"yoast_head":"<!-- This site is optimized with the Yoast SEO plugin v27.4 - https:\/\/yoast.com\/product\/yoast-seo-wordpress\/ -->\r\n<title>Wheeler Creek to Kays | Hoosier Energy | Our Community<\/title>\r\n<meta name=\"description\" content=\"The Wheeler Creek to Kays Transmission Line Project supports the rebuild and upgrade of approximately 28 miles of transmission line between the Fairfield South Substation and Wheeler Creek Substation.\" \/>\r\n<meta name=\"robots\" content=\"index, follow, max-snippet:-1, max-image-preview:large, max-video-preview:-1\" \/>\r\n<link rel=\"canonical\" href=\"https:\/\/www.hoosierenergy.com\/fr\/our-cooperative\/energy-strategy\/grid-infrastructure\/wheeler-creek-to-kays\/\" \/>\r\n<meta property=\"og:locale\" content=\"fr_FR\" \/>\r\n<meta property=\"og:type\" content=\"article\" \/>\r\n<meta property=\"og:title\" content=\"Wheeler Creek to Kays | Hoosier Energy | Our Community\" \/>\r\n<meta property=\"og:description\" content=\"The Wheeler Creek to Kays Transmission Line Project supports the rebuild and upgrade of approximately 28 miles of transmission line between the Fairfield South Substation and Wheeler Creek Substation.\" \/>\r\n<meta property=\"og:url\" content=\"https:\/\/www.hoosierenergy.com\/fr\/our-cooperative\/energy-strategy\/grid-infrastructure\/wheeler-creek-to-kays\/\" \/>\r\n<meta property=\"og:site_name\" content=\"Hoosier Energy\" \/>\r\n<meta property=\"article:publisher\" content=\"https:\/\/www.facebook.com\/HoosierEnergy\" \/>\r\n<meta property=\"article:modified_time\" content=\"2026-02-13T19:59:55+00:00\" \/>\r\n<meta property=\"og:image\" content=\"https:\/\/www.hoosierenergy.com\/wp-content\/uploads\/2025\/02\/Header-CentertonToWillbur.jpg\" \/>\r\n\t<meta property=\"og:image:width\" content=\"1920\" \/>\r\n\t<meta property=\"og:image:height\" content=\"400\" \/>\r\n\t<meta property=\"og:image:type\" content=\"image\/jpeg\" \/>\r\n<meta name=\"twitter:card\" content=\"summary_large_image\" \/>\r\n<meta name=\"twitter:site\" content=\"@hoosierenergy\" \/>\r\n<meta name=\"twitter:label1\" content=\"Dur\u00e9e de lecture estim\u00e9e\" \/>\n\t<meta name=\"twitter:data1\" content=\"7 minutes\" \/>\r\n<script type=\"application\/ld+json\" class=\"yoast-schema-graph\">{\"@context\":\"https:\\\/\\\/schema.org\",\"@graph\":[{\"@type\":\"WebPage\",\"@id\":\"https:\\\/\\\/www.hoosierenergy.com\\\/our-cooperative\\\/energy-strategy\\\/grid-infrastructure\\\/wheeler-creek-to-kays\\\/\",\"url\":\"https:\\\/\\\/www.hoosierenergy.com\\\/our-cooperative\\\/energy-strategy\\\/grid-infrastructure\\\/wheeler-creek-to-kays\\\/\",\"name\":\"Wheeler Creek to Kays | Hoosier Energy | Our Community\",\"isPartOf\":{\"@id\":\"https:\\\/\\\/www.hoosierenergy.com\\\/#website\"},\"primaryImageOfPage\":{\"@id\":\"https:\\\/\\\/www.hoosierenergy.com\\\/our-cooperative\\\/energy-strategy\\\/grid-infrastructure\\\/wheeler-creek-to-kays\\\/#primaryimage\"},\"image\":{\"@id\":\"https:\\\/\\\/www.hoosierenergy.com\\\/our-cooperative\\\/energy-strategy\\\/grid-infrastructure\\\/wheeler-creek-to-kays\\\/#primaryimage\"},\"thumbnailUrl\":\"https:\\\/\\\/www.hoosierenergy.com\\\/wp-content\\\/uploads\\\/2025\\\/02\\\/Header-CentertonToWillbur.jpg\",\"datePublished\":\"2026-02-03T19:10:27+00:00\",\"dateModified\":\"2026-02-13T19:59:55+00:00\",\"description\":\"The Wheeler Creek to Kays Transmission Line Project supports the rebuild and upgrade of approximately 28 miles of transmission line between the Fairfield South Substation and Wheeler Creek Substation.\",\"breadcrumb\":{\"@id\":\"https:\\\/\\\/www.hoosierenergy.com\\\/our-cooperative\\\/energy-strategy\\\/grid-infrastructure\\\/wheeler-creek-to-kays\\\/#breadcrumb\"},\"inLanguage\":\"fr-FR\",\"potentialAction\":[{\"@type\":\"ReadAction\",\"target\":[\"https:\\\/\\\/www.hoosierenergy.com\\\/our-cooperative\\\/energy-strategy\\\/grid-infrastructure\\\/wheeler-creek-to-kays\\\/\"]}]},{\"@type\":\"ImageObject\",\"inLanguage\":\"fr-FR\",\"@id\":\"https:\\\/\\\/www.hoosierenergy.com\\\/our-cooperative\\\/energy-strategy\\\/grid-infrastructure\\\/wheeler-creek-to-kays\\\/#primaryimage\",\"url\":\"https:\\\/\\\/www.hoosierenergy.com\\\/wp-content\\\/uploads\\\/2025\\\/02\\\/Header-CentertonToWillbur.jpg\",\"contentUrl\":\"https:\\\/\\\/www.hoosierenergy.com\\\/wp-content\\\/uploads\\\/2025\\\/02\\\/Header-CentertonToWillbur.jpg\",\"width\":1920,\"height\":400},{\"@type\":\"BreadcrumbList\",\"@id\":\"https:\\\/\\\/www.hoosierenergy.com\\\/our-cooperative\\\/energy-strategy\\\/grid-infrastructure\\\/wheeler-creek-to-kays\\\/#breadcrumb\",\"itemListElement\":[{\"@type\":\"ListItem\",\"position\":1,\"name\":\"Home\",\"item\":\"https:\\\/\\\/www.hoosierenergy.com\\\/\"},{\"@type\":\"ListItem\",\"position\":2,\"name\":\"Our Cooperative\",\"item\":\"https:\\\/\\\/www.hoosierenergy.com\\\/our-cooperative\\\/\"},{\"@type\":\"ListItem\",\"position\":3,\"name\":\"Energy Strategy\",\"item\":\"https:\\\/\\\/www.hoosierenergy.com\\\/our-cooperative\\\/energy-strategy\\\/\"},{\"@type\":\"ListItem\",\"position\":4,\"name\":\"Grid Infrastructure\",\"item\":\"https:\\\/\\\/www.hoosierenergy.com\\\/our-cooperative\\\/energy-strategy\\\/grid-infrastructure\\\/\"},{\"@type\":\"ListItem\",\"position\":5,\"name\":\"Wheeler Creek to Kays\"}]},{\"@type\":\"WebSite\",\"@id\":\"https:\\\/\\\/www.hoosierenergy.com\\\/#website\",\"url\":\"https:\\\/\\\/www.hoosierenergy.com\\\/\",\"name\":\"Hoosier Energy\",\"description\":\"Powering Community\",\"alternateName\":\"Hoosier Energy Rural Electric Cooperative, Inc.\",\"potentialAction\":[{\"@type\":\"SearchAction\",\"target\":{\"@type\":\"EntryPoint\",\"urlTemplate\":\"https:\\\/\\\/www.hoosierenergy.com\\\/?s={search_term_string}\"},\"query-input\":{\"@type\":\"PropertyValueSpecification\",\"valueRequired\":true,\"valueName\":\"search_term_string\"}}],\"inLanguage\":\"fr-FR\"}]}<\/script>\r\n<!-- \/ Yoast SEO plugin. -->","yoast_head_json":{"title":"Wheeler Creek to Kays | Hoosier Energy | Our Community","description":"The Wheeler Creek to Kays Transmission Line Project supports the rebuild and upgrade of approximately 28 miles of transmission line between the Fairfield South Substation and Wheeler Creek Substation.","robots":{"index":"index","follow":"follow","max-snippet":"max-snippet:-1","max-image-preview":"max-image-preview:large","max-video-preview":"max-video-preview:-1"},"canonical":"https:\/\/www.hoosierenergy.com\/fr\/our-cooperative\/energy-strategy\/grid-infrastructure\/wheeler-creek-to-kays\/","og_locale":"fr_FR","og_type":"article","og_title":"Wheeler Creek to Kays | Hoosier Energy | Our Community","og_description":"The Wheeler Creek to Kays Transmission Line Project supports the rebuild and upgrade of approximately 28 miles of transmission line between the Fairfield South Substation and Wheeler Creek Substation.","og_url":"https:\/\/www.hoosierenergy.com\/fr\/our-cooperative\/energy-strategy\/grid-infrastructure\/wheeler-creek-to-kays\/","og_site_name":"Hoosier Energy","article_publisher":"https:\/\/www.facebook.com\/HoosierEnergy","article_modified_time":"2026-02-13T19:59:55+00:00","og_image":[{"width":1920,"height":400,"url":"https:\/\/www.hoosierenergy.com\/wp-content\/uploads\/2025\/02\/Header-CentertonToWillbur.jpg","type":"image\/jpeg"}],"twitter_card":"summary_large_image","twitter_site":"@hoosierenergy","twitter_misc":{"Dur\u00e9e de lecture estim\u00e9e":"7 minutes"},"schema":{"@context":"https:\/\/schema.org","@graph":[{"@type":"WebPage","@id":"https:\/\/www.hoosierenergy.com\/our-cooperative\/energy-strategy\/grid-infrastructure\/wheeler-creek-to-kays\/","url":"https:\/\/www.hoosierenergy.com\/our-cooperative\/energy-strategy\/grid-infrastructure\/wheeler-creek-to-kays\/","name":"Wheeler Creek to Kays | Hoosier Energy | Our Community","isPartOf":{"@id":"https:\/\/www.hoosierenergy.com\/#website"},"primaryImageOfPage":{"@id":"https:\/\/www.hoosierenergy.com\/our-cooperative\/energy-strategy\/grid-infrastructure\/wheeler-creek-to-kays\/#primaryimage"},"image":{"@id":"https:\/\/www.hoosierenergy.com\/our-cooperative\/energy-strategy\/grid-infrastructure\/wheeler-creek-to-kays\/#primaryimage"},"thumbnailUrl":"https:\/\/www.hoosierenergy.com\/wp-content\/uploads\/2025\/02\/Header-CentertonToWillbur.jpg","datePublished":"2026-02-03T19:10:27+00:00","dateModified":"2026-02-13T19:59:55+00:00","description":"The Wheeler Creek to Kays Transmission Line Project supports the rebuild and upgrade of approximately 28 miles of transmission line between the Fairfield South Substation and Wheeler Creek Substation.","breadcrumb":{"@id":"https:\/\/www.hoosierenergy.com\/our-cooperative\/energy-strategy\/grid-infrastructure\/wheeler-creek-to-kays\/#breadcrumb"},"inLanguage":"fr-FR","potentialAction":[{"@type":"ReadAction","target":["https:\/\/www.hoosierenergy.com\/our-cooperative\/energy-strategy\/grid-infrastructure\/wheeler-creek-to-kays\/"]}]},{"@type":"ImageObject","inLanguage":"fr-FR","@id":"https:\/\/www.hoosierenergy.com\/our-cooperative\/energy-strategy\/grid-infrastructure\/wheeler-creek-to-kays\/#primaryimage","url":"https:\/\/www.hoosierenergy.com\/wp-content\/uploads\/2025\/02\/Header-CentertonToWillbur.jpg","contentUrl":"https:\/\/www.hoosierenergy.com\/wp-content\/uploads\/2025\/02\/Header-CentertonToWillbur.jpg","width":1920,"height":400},{"@type":"BreadcrumbList","@id":"https:\/\/www.hoosierenergy.com\/our-cooperative\/energy-strategy\/grid-infrastructure\/wheeler-creek-to-kays\/#breadcrumb","itemListElement":[{"@type":"ListItem","position":1,"name":"Home","item":"https:\/\/www.hoosierenergy.com\/"},{"@type":"ListItem","position":2,"name":"Our Cooperative","item":"https:\/\/www.hoosierenergy.com\/our-cooperative\/"},{"@type":"ListItem","position":3,"name":"Energy Strategy","item":"https:\/\/www.hoosierenergy.com\/our-cooperative\/energy-strategy\/"},{"@type":"ListItem","position":4,"name":"Grid Infrastructure","item":"https:\/\/www.hoosierenergy.com\/our-cooperative\/energy-strategy\/grid-infrastructure\/"},{"@type":"ListItem","position":5,"name":"Wheeler Creek to Kays"}]},{"@type":"WebSite","@id":"https:\/\/www.hoosierenergy.com\/#website","url":"https:\/\/www.hoosierenergy.com\/","name":"\u00c9nergie Hoosier","description":"Alimenter la communaut\u00e9","alternateName":"Hoosier Energy Rural Electric Cooperative, Inc.","potentialAction":[{"@type":"SearchAction","target":{"@type":"EntryPoint","urlTemplate":"https:\/\/www.hoosierenergy.com\/?s={search_term_string}"},"query-input":{"@type":"PropertyValueSpecification","valueRequired":true,"valueName":"search_term_string"}}],"inLanguage":"fr-FR"}]}},"_links":{"self":[{"href":"http:\/\/www.hoosierenergy.com\/fr\/wp-json\/wp\/v2\/pages\/25121","targetHints":{"allow":["GET"]}}],"collection":[{"href":"http:\/\/www.hoosierenergy.com\/fr\/wp-json\/wp\/v2\/pages"}],"about":[{"href":"http:\/\/www.hoosierenergy.com\/fr\/wp-json\/wp\/v2\/types\/page"}],"author":[{"embeddable":true,"href":"http:\/\/www.hoosierenergy.com\/fr\/wp-json\/wp\/v2\/users\/1"}],"replies":[{"embeddable":true,"href":"http:\/\/www.hoosierenergy.com\/fr\/wp-json\/wp\/v2\/comments?post=25121"}],"version-history":[{"count":0,"href":"http:\/\/www.hoosierenergy.com\/fr\/wp-json\/wp\/v2\/pages\/25121\/revisions"}],"up":[{"embeddable":true,"href":"http:\/\/www.hoosierenergy.com\/fr\/wp-json\/wp\/v2\/pages\/165"}],"wp:featuredmedia":[{"embeddable":true,"href":"http:\/\/www.hoosierenergy.com\/fr\/wp-json\/wp\/v2\/media\/18953"}],"wp:attachment":[{"href":"http:\/\/www.hoosierenergy.com\/fr\/wp-json\/wp\/v2\/media?parent=25121"}],"curies":[{"name":"wp","href":"https:\/\/api.w.org\/{rel}","templated":true}]}}