{"id":141,"date":"2022-07-20T12:28:48","date_gmt":"2022-07-20T12:28:48","guid":{"rendered":"https:\/\/hoosierenerstg.wpengine.com\/?page_id=141"},"modified":"2025-02-13T19:25:09","modified_gmt":"2025-02-14T00:25:09","slug":"mission-vision","status":"publish","type":"page","link":"http:\/\/www.hoosierenergy.com\/es\/our-cooperative\/mission-vision\/","title":{"rendered":"Misi\u00f3n Visi\u00f3n"},"content":{"rendered":"<div class=\"wpb-content-wrapper\"><div class=\"vc_row wpb_row vc_row-fluid negativetopmargin vc_custom_1654014318664 vc_row-has-fill\"><div class=\"wpb_column vc_column_container vc_col-sm-12 vc_col-md-offset-2 vc_col-md-8\"><div class=\"vc_column-inner\"><div class=\"wpb_wrapper\"><div class=\"ult-spacer spacer-69e541c0d5c4f\" data-id=\"69e541c0d5c4f\" data-height=\"50\" data-height-mobile=\"20\" data-height-tab=\"30\" data-height-tab-portrait=\"30\" data-height-mobile-landscape=\"20\" style=\"clear:both;display:block;\"><\/div><h2 style=\"text-align: center\" class=\"vc_custom_heading vc_do_custom_heading\" >Llevar a cabo el esp\u00edritu y el poder de la asociaci\u00f3n manteni\u00e9ndonos fieles a nuestra misi\u00f3n y visi\u00f3n, as\u00ed como a los siete principios cooperativos.<\/h2>\n\t<div class=\"wpb_text_column wpb_content_element\" >\n\t\t<div class=\"wpb_wrapper\">\n\t\t\t<p style=\"text-align: center;\">A diferencia de muchas empresas el\u00e9ctricas importantes, nuestra organizaci\u00f3n no est\u00e1 dirigida por un grupo de inversionistas. Todo lo que hacemos es en nombre de nuestros miembros. No tenemos \u00e1nimo de lucro; estamos enfocados en los miembros. Nuestras decisiones est\u00e1n guiadas por los agricultores, las familias y las empresas a las que servimos, fieles al modelo cooperativo. Operamos de cerca de acuerdo con los siete principios y valores cooperativos, que constituyen el marco de nuestra organizaci\u00f3n.<\/p>\n\n\t\t<\/div>\n\t<\/div>\n<div class=\"ult-spacer spacer-69e541c0d65f6\" data-id=\"69e541c0d65f6\" data-height=\"50\" data-height-mobile=\"25\" data-height-tab=\"35\" data-height-tab-portrait=\"35\" data-height-mobile-landscape=\"25\" style=\"clear:both;display:block;\"><\/div><\/div><\/div><\/div><\/div><div class=\"vc_row wpb_row vc_row-fluid\"><div class=\"wpb_column vc_column_container vc_col-sm-6\"><div class=\"vc_column-inner\"><div class=\"wpb_wrapper\">\n\t<div  class=\"wpb_single_image wpb_content_element vc_align_left\">\n\t\t\n\t\t<figure class=\"wpb_wrapper vc_figure\">\n\t\t\t<div class=\"vc_single_image-wrapper   vc_box_border_grey\"><img loading=\"lazy\" decoding=\"async\" width=\"990\" height=\"765\" src=\"https:\/\/www.hoosierenergy.com\/wp-content\/uploads\/2022\/09\/MissionVision-OurMission.jpg\" class=\"vc_single_image-img attachment-full\" alt=\"\" title=\"Misi\u00f3nVisi\u00f3n-NuestraMisi\u00f3n\" srcset=\"https:\/\/www.hoosierenergy.com\/wp-content\/uploads\/2022\/09\/MissionVision-OurMission.jpg 990w, https:\/\/www.hoosierenergy.com\/wp-content\/uploads\/2022\/09\/MissionVision-OurMission-300x232.jpg 300w, https:\/\/www.hoosierenergy.com\/wp-content\/uploads\/2022\/09\/MissionVision-OurMission-768x593.jpg 768w\" sizes=\"auto, (max-width: 990px) 100vw, 990px\"  data-dt-location=\"http:\/\/www.hoosierenergy.com\/es\/our-cooperative\/mission-vision\/missionvision-ourmission\/\" \/><\/div>\n\t\t<\/figure>\n\t<\/div>\n<h3 style=\"text-align: left\" class=\"vc_custom_heading vc_do_custom_heading\" >Nuestra misi\u00f3n<\/h3>\n\t<div class=\"wpb_text_column wpb_content_element\" >\n\t\t<div class=\"wpb_wrapper\">\n\t\t\t<p>Junto con nuestros sistemas de miembros, Hoosier Energy se compromete a ser una organizaci\u00f3n eficiente y adaptable que proporcione energ\u00eda confiable y econ\u00f3mica y servicios impulsados por los miembros. Tambi\u00e9n estamos comprometidos a satisfacer las necesidades cambiantes de nuestros miembros de una manera segura y sostenible, guiados por los siete principios cooperativos.<\/p>\n\n\t\t<\/div>\n\t<\/div>\n<\/div><\/div><\/div><div class=\"wpb_column vc_column_container vc_col-sm-6\"><div class=\"vc_column-inner\"><div class=\"wpb_wrapper\">\n\t<div  class=\"wpb_single_image wpb_content_element vc_align_left\">\n\t\t\n\t\t<figure class=\"wpb_wrapper vc_figure\">\n\t\t\t<div class=\"vc_single_image-wrapper   vc_box_border_grey\"><img loading=\"lazy\" decoding=\"async\" width=\"990\" height=\"765\" src=\"https:\/\/www.hoosierenergy.com\/wp-content\/uploads\/2022\/09\/MissionVision-OurVision.jpg\" class=\"vc_single_image-img attachment-full\" alt=\"\" title=\"Misi\u00f3nVisi\u00f3n-NuestraVisi\u00f3n\" srcset=\"https:\/\/www.hoosierenergy.com\/wp-content\/uploads\/2022\/09\/MissionVision-OurVision.jpg 990w, https:\/\/www.hoosierenergy.com\/wp-content\/uploads\/2022\/09\/MissionVision-OurVision-300x232.jpg 300w, https:\/\/www.hoosierenergy.com\/wp-content\/uploads\/2022\/09\/MissionVision-OurVision-768x593.jpg 768w\" sizes=\"auto, (max-width: 990px) 100vw, 990px\"  data-dt-location=\"http:\/\/www.hoosierenergy.com\/es\/our-cooperative\/mission-vision\/missionvision-ourvision\/\" \/><\/div>\n\t\t<\/figure>\n\t<\/div>\n<h3 style=\"text-align: left\" class=\"vc_custom_heading vc_do_custom_heading\" >Nuestra visi\u00f3n<\/h3>\n\t<div class=\"wpb_text_column wpb_content_element\" >\n\t\t<div class=\"wpb_wrapper\">\n\t\t\t<p>La visi\u00f3n de Hoosier Energy es servir como socio confiable y proveedor de energ\u00eda y servicios confiables, asequibles y sostenibles para los sistemas miembros. Como parte de nuestra visi\u00f3n, tambi\u00e9n estamos comprometidos a adaptarnos a un mundo cada vez m\u00e1s digital, conectado y en r\u00e1pida evoluci\u00f3n.<\/p>\n\n\t\t<\/div>\n\t<\/div>\n<\/div><\/div><\/div><\/div><div class=\"vc_row wpb_row vc_row-fluid vc_row-o-equal-height vc_row-o-content-middle vc_row-flex\"><div class=\"wpb_column vc_column_container vc_col-sm-6\"><div class=\"vc_column-inner\"><div class=\"wpb_wrapper\"><div class=\"ult-spacer spacer-69e541c0d9bf0\" data-id=\"69e541c0d9bf0\" data-height=\"50\" data-height-mobile=\"25\" data-height-tab=\"35\" data-height-tab-portrait=\"35\" data-height-mobile-landscape=\"25\" style=\"clear:both;display:block;\"><\/div><h3 style=\"text-align: left\" class=\"vc_custom_heading vc_do_custom_heading\" >\u00bfCu\u00e1les son los siete principios de una cooperativa?<\/h3>\n\t<div class=\"wpb_text_column wpb_content_element\" >\n\t\t<div class=\"wpb_wrapper\">\n\t\t\t<p>Nuestra misi\u00f3n y valores est\u00e1n \u00edntimamente ligados a los siete principios cooperativos. Como cooperativa, Hoosier Energy es una organizaci\u00f3n democr\u00e1tica comprometida con el principio de que todos los miembros tienen el mismo poder. Al igual que el proceso democr\u00e1tico de los Estados Unidos, se alienta a nuestros miembros a plantear sus inquietudes a trav\u00e9s de sus representantes electos. Los siete principios cooperativos se describen a continuaci\u00f3n:<\/p>\n<ol>\n<li><strong>Membres\u00eda voluntaria y abierta:<\/strong> La membres\u00eda est\u00e1 abierta a todos los que usan nuestros servicios sin distinci\u00f3n de g\u00e9nero, afiliaci\u00f3n social, racial, pol\u00edtica o religiosa.<\/li>\n<li><strong>Control de miembros democr\u00e1ticos:<\/strong> Somos una organizaci\u00f3n democr\u00e1tica; cada una de nuestras 17 cooperativas miembros elige un representante que participa activamente en el establecimiento de pol\u00edticas y la toma de decisiones en beneficio de todos.<\/li>\n<li><strong>Participaci\u00f3n econ\u00f3mica de los socios:<\/strong> Nuestro objetivo es administrar el negocio de la manera m\u00e1s eficiente posible, no obtener ganancias. Cualquier ingreso adicional se invierte directamente en el negocio y luego se devuelve a los sistemas miembros despu\u00e9s de un n\u00famero espec\u00edfico de a\u00f1os.<\/li>\n<li><strong>Autonom\u00eda e independencia:<\/strong> Las cooperativas son organizaciones aut\u00f3nomas y autosuficientes. Si Hoosier Energy celebra acuerdos con otras organizaciones o obtiene capital de fuentes externas, lo hace solo si los t\u00e9rminos garantizan el control democr\u00e1tico y la autonom\u00eda de los miembros.<\/li>\n<li><strong>Educaci\u00f3n, formaci\u00f3n e informaci\u00f3n:<\/strong> A trav\u00e9s del Centro de Capacitaci\u00f3n de Hoosier Energy Franklin, brindamos una variedad de capacitaci\u00f3n en habilidades para nuestro personal y los empleados de las cooperativas miembros. Las sesiones informativas ayudan a los especialistas de l\u00ednea y otros empleados de cooperativas el\u00e9ctricas que est\u00e1n a cargo de mantener un servicio confiable para los consumidores.<\/li>\n<li><strong>Cooperaci\u00f3n entre cooperativas:<\/strong> La filosof\u00eda de la cooperaci\u00f3n es una forma de vida. Nuestras cooperativas miembro formaron Hoosier Energy para suministrar sistemas de distribuci\u00f3n el\u00e9ctrica con una fuente de energ\u00eda econ\u00f3mica y confiable. Trabajando juntos, estamos proporcionando un mejor valor para los d\u00f3lares de energ\u00eda de los miembros.<\/li>\n<li><strong>Preocupaci\u00f3n por la comunidad:<\/strong> Como cooperativa, nuestro enfoque es siempre local. Somos parte de las comunidades a las que servimos. Las preocupaciones de nuestros miembros son nuestras preocupaciones, y trabajamos arduamente todos los d\u00edas para mantener el suministro el\u00e9ctrico, mantener bajas las facturas de electricidad y hacer de nuestras comunidades mejores lugares para vivir.<\/li>\n<\/ol>\n\n\t\t<\/div>\n\t<\/div>\n<div class=\"ult-spacer spacer-69e541c0da0e1\" data-id=\"69e541c0da0e1\" data-height=\"150\" data-height-mobile=\"50\" data-height-tab=\"75\" data-height-tab-portrait=\"75\" data-height-mobile-landscape=\"50\" style=\"clear:both;display:block;\"><\/div><\/div><\/div><\/div><div class=\"wpb_column vc_column_container vc_col-sm-6\"><div class=\"vc_column-inner\"><div class=\"wpb_wrapper\">\n\t<div  class=\"wpb_single_image wpb_content_element vc_align_left\">\n\t\t\n\t\t<figure class=\"wpb_wrapper vc_figure\">\n\t\t\t<div class=\"vc_single_image-wrapper   vc_box_border_grey\"><img loading=\"lazy\" decoding=\"async\" width=\"1281\" height=\"1920\" src=\"https:\/\/www.hoosierenergy.com\/wp-content\/uploads\/2022\/09\/MissionVision-SevenPrinciples2.jpg\" class=\"vc_single_image-img attachment-full\" alt=\"\" title=\"Misi\u00f3nVisi\u00f3n-SietePrincipios2\" srcset=\"https:\/\/www.hoosierenergy.com\/wp-content\/uploads\/2022\/09\/MissionVision-SevenPrinciples2.jpg 1281w, https:\/\/www.hoosierenergy.com\/wp-content\/uploads\/2022\/09\/MissionVision-SevenPrinciples2-200x300.jpg 200w, https:\/\/www.hoosierenergy.com\/wp-content\/uploads\/2022\/09\/MissionVision-SevenPrinciples2-683x1024.jpg 683w, https:\/\/www.hoosierenergy.com\/wp-content\/uploads\/2022\/09\/MissionVision-SevenPrinciples2-768x1151.jpg 768w, https:\/\/www.hoosierenergy.com\/wp-content\/uploads\/2022\/09\/MissionVision-SevenPrinciples2-1025x1536.jpg 1025w\" sizes=\"auto, (max-width: 1281px) 100vw, 1281px\"  data-dt-location=\"http:\/\/www.hoosierenergy.com\/es\/our-cooperative\/mission-vision\/missionvision-sevenprinciples2\/\" \/><\/div>\n\t\t<\/figure>\n\t<\/div>\n<\/div><\/div><\/div><\/div><div data-vc-full-width=\"true\" data-vc-full-width-temp=\"true\" data-vc-full-width-init=\"false\" class=\"vc_row wpb_row vc_row-fluid\"><style type=\"text\/css\" data-type=\"vc_shortcodes-default-css\">.vc_do_custom_heading{margin-bottom:0.625rem;margin-top:0;}.vc_do_btn{margin-bottom:22px;}<\/style><style type=\"text\/css\" data-type=\"vc_shortcodes-custom-css\">.vc_custom_1659638016356{background-image: url(https:\/\/hoosierenergy.com\/wp-content\/uploads\/2022\/08\/Join-Our-Team-Header-01-sigmund-4khkLZuJEYI-unsplash-11.jpg?id=6840) !important;}<\/style><div class=\"wpb_column vc_column_container vc_col-sm-12\"><div class=\"vc_column-inner\"><div class=\"wpb_wrapper\"><div class=\"wpb-content-wrapper\"><div id=\"joinourteam\" data-vc-full-width=\"true\" data-vc-full-width-temp=\"true\" data-vc-full-width-init=\"false\" class=\"vc_row wpb_row vc_row-fluid vc_custom_1659638016356 vc_row-has-fill\"><div class=\"wpb_column vc_column_container vc_col-sm-12 vc_col-md-offset-2 vc_col-md-8\"><div class=\"vc_column-inner\"><div class=\"wpb_wrapper\"><div class=\"ult-spacer spacer-69e541c0dd292\" data-id=\"69e541c0dd292\" data-height=\"150\" data-height-mobile=\"75\" data-height-tab=\"100\" data-height-tab-portrait=\"100\" data-height-mobile-landscape=\"75\" style=\"clear:both;display:block;\"><\/div><h2 style=\"color: #ffffff;text-align: center\" class=\"vc_custom_heading vc_do_custom_heading\" >UNETE A NUESTRO EQUIPO<\/h2><div class=\"ult-spacer spacer-69e541c0dd542\" data-id=\"69e541c0dd542\" data-height=\"10\" data-height-mobile=\"5\" data-height-tab=\"10\" data-height-tab-portrait=\"10\" data-height-mobile-landscape=\"5\" style=\"clear:both;display:block;\"><\/div><div class=\"vc_row wpb_row vc_inner vc_row-fluid vc_row-o-equal-height vc_row-o-content-middle vc_row-flex\"><div class=\"center wpb_column vc_column_container vc_col-sm-12 vc_col-md-offset-2 vc_col-md-8\"><div class=\"vc_column-inner\"><div class=\"wpb_wrapper\">\n\t<div class=\"wpb_text_column wpb_content_element\" >\n\t\t<div class=\"wpb_wrapper\">\n\t\t\t<p style=\"text-align: center;\"><span style=\"color: #ffffff;\">\u00bfEst\u00e1 buscando una oportunidad para desarrollar una carrera en una organizaci\u00f3n que valora a sus empleados? Ay\u00fadenos a crear un futuro mejor para las comunidades a las que servimos y desarrolle una carrera en Hoosier Energy.<\/span><\/p>\n\n\t\t<\/div>\n\t<\/div>\n<\/div><\/div><\/div><\/div><div class=\"vc_row wpb_row vc_inner vc_row-fluid vc_row-o-equal-height vc_row-o-content-middle vc_row-flex\"><div class=\"center wpb_column vc_column_container vc_col-sm-12 vc_col-md-offset-3 vc_col-md-6\"><div class=\"vc_column-inner\"><div class=\"wpb_wrapper\"><div class=\"vc_btn3-container vc_btn3-inline\" ><a style=\"background-color:#0071af; color:#f5ff12;\" class=\"vc_general vc_btn3 vc_btn3-size-md vc_btn3-shape-square vc_btn3-style-custom\" href=\"\/es\/careers\/\" title=\"BUSCAR EMPLEOS\">BUSCAR EMPLEOS<\/a><\/div><\/div><\/div><\/div><\/div><div class=\"ult-spacer spacer-69e541c0dea0b\" data-id=\"69e541c0dea0b\" data-height=\"150\" data-height-mobile=\"75\" data-height-tab=\"100\" data-height-tab-portrait=\"100\" data-height-mobile-landscape=\"75\" style=\"clear:both;display:block;\"><\/div><\/div><\/div><\/div><\/div><div class=\"vc_row-full-width vc_clearfix\"><\/div>\n<\/div><style type=\"text\/css\" data-type=\"rcb-_wpb_shortcodes_custom_css-60\">.vc_custom_1659638016356{background-image: url(https:\/\/hoosierenergy.com\/wp-content\/uploads\/2022\/08\/Join-Our-Team-Header-01-sigmund-4khkLZuJEYI-unsplash-11.jpg?id=6840) !important;}<\/style><\/div><\/div><\/div><\/div><div class=\"vc_row-full-width vc_clearfix\"><\/div>\n<\/div>","protected":false},"excerpt":{"rendered":"<p>Llevar a cabo el esp\u00edritu y el poder de la asociaci\u00f3n manteni\u00e9ndonos fieles a nuestra misi\u00f3n y visi\u00f3n, as\u00ed como a los siete principios cooperativos A diferencia de muchas empresas el\u00e9ctricas importantes, nuestra organizaci\u00f3n no est\u00e1 dirigida por un grupo de inversionistas. Todo lo que hacemos es en nombre de nuestros miembros. No tenemos \u00e1nimo de lucro; estamos enfocados en los miembros. Nuestras decisiones son...<\/p>","protected":false},"author":1,"featured_media":18950,"parent":22,"menu_order":0,"comment_status":"closed","ping_status":"closed","template":"","meta":{"_acf_changed":false,"footnotes":""},"class_list":["post-141","page","type-page","status-publish","has-post-thumbnail","hentry","description-off"],"acf":[],"yoast_head":"<!-- This site is optimized with the Yoast SEO plugin v27.4 - https:\/\/yoast.com\/product\/yoast-seo-wordpress\/ -->\r\n<title>Our Mission &amp; Vision | Hoosier Energy | A Rural Electric Cooperative<\/title>\r\n<meta name=\"description\" content=\"From our ESG framework to our energy strategy, everything we do is driven by our mission, vision and the cooperative principles. Learn more.\" \/>\r\n<meta name=\"robots\" content=\"index, follow, max-snippet:-1, max-image-preview:large, max-video-preview:-1\" \/>\r\n<link rel=\"canonical\" href=\"https:\/\/www.hoosierenergy.com\/es\/our-cooperative\/mission-vision\/\" \/>\r\n<meta property=\"og:locale\" content=\"es_ES\" \/>\r\n<meta property=\"og:type\" content=\"article\" \/>\r\n<meta property=\"og:title\" content=\"Our Mission &amp; Vision | Hoosier Energy | A Rural Electric Cooperative\" \/>\r\n<meta property=\"og:description\" content=\"From our ESG framework to our energy strategy, everything we do is driven by our mission, vision and the cooperative principles. Learn more.\" \/>\r\n<meta property=\"og:url\" content=\"https:\/\/www.hoosierenergy.com\/es\/our-cooperative\/mission-vision\/\" \/>\r\n<meta property=\"og:site_name\" content=\"Hoosier Energy\" \/>\r\n<meta property=\"article:publisher\" content=\"https:\/\/www.facebook.com\/HoosierEnergy\" \/>\r\n<meta property=\"article:modified_time\" content=\"2025-02-14T00:25:09+00:00\" \/>\r\n<meta property=\"og:image\" content=\"https:\/\/www.hoosierenergy.com\/wp-content\/uploads\/2025\/02\/Header-MissionAndVision.jpg\" \/>\r\n\t<meta property=\"og:image:width\" content=\"1920\" \/>\r\n\t<meta property=\"og:image:height\" content=\"400\" \/>\r\n\t<meta property=\"og:image:type\" content=\"image\/jpeg\" \/>\r\n<meta name=\"twitter:card\" content=\"summary_large_image\" \/>\r\n<meta name=\"twitter:site\" content=\"@hoosierenergy\" \/>\r\n<meta name=\"twitter:label1\" content=\"Tiempo de lectura\" \/>\n\t<meta name=\"twitter:data1\" content=\"3 minutos\" \/>\r\n<script type=\"application\/ld+json\" class=\"yoast-schema-graph\">{\"@context\":\"https:\\\/\\\/schema.org\",\"@graph\":[{\"@type\":\"WebPage\",\"@id\":\"https:\\\/\\\/www.hoosierenergy.com\\\/our-cooperative\\\/mission-vision\\\/\",\"url\":\"https:\\\/\\\/www.hoosierenergy.com\\\/our-cooperative\\\/mission-vision\\\/\",\"name\":\"Our Mission & Vision | Hoosier Energy | A Rural Electric Cooperative\",\"isPartOf\":{\"@id\":\"https:\\\/\\\/www.hoosierenergy.com\\\/#website\"},\"primaryImageOfPage\":{\"@id\":\"https:\\\/\\\/www.hoosierenergy.com\\\/our-cooperative\\\/mission-vision\\\/#primaryimage\"},\"image\":{\"@id\":\"https:\\\/\\\/www.hoosierenergy.com\\\/our-cooperative\\\/mission-vision\\\/#primaryimage\"},\"thumbnailUrl\":\"https:\\\/\\\/www.hoosierenergy.com\\\/wp-content\\\/uploads\\\/2025\\\/02\\\/Header-MissionAndVision.jpg\",\"datePublished\":\"2022-07-20T12:28:48+00:00\",\"dateModified\":\"2025-02-14T00:25:09+00:00\",\"description\":\"From our ESG framework to our energy strategy, everything we do is driven by our mission, vision and the cooperative principles. Learn more.\",\"breadcrumb\":{\"@id\":\"https:\\\/\\\/www.hoosierenergy.com\\\/our-cooperative\\\/mission-vision\\\/#breadcrumb\"},\"inLanguage\":\"es\",\"potentialAction\":[{\"@type\":\"ReadAction\",\"target\":[\"https:\\\/\\\/www.hoosierenergy.com\\\/our-cooperative\\\/mission-vision\\\/\"]}]},{\"@type\":\"ImageObject\",\"inLanguage\":\"es\",\"@id\":\"https:\\\/\\\/www.hoosierenergy.com\\\/our-cooperative\\\/mission-vision\\\/#primaryimage\",\"url\":\"https:\\\/\\\/www.hoosierenergy.com\\\/wp-content\\\/uploads\\\/2025\\\/02\\\/Header-MissionAndVision.jpg\",\"contentUrl\":\"https:\\\/\\\/www.hoosierenergy.com\\\/wp-content\\\/uploads\\\/2025\\\/02\\\/Header-MissionAndVision.jpg\",\"width\":1920,\"height\":400},{\"@type\":\"BreadcrumbList\",\"@id\":\"https:\\\/\\\/www.hoosierenergy.com\\\/our-cooperative\\\/mission-vision\\\/#breadcrumb\",\"itemListElement\":[{\"@type\":\"ListItem\",\"position\":1,\"name\":\"Home\",\"item\":\"https:\\\/\\\/www.hoosierenergy.com\\\/\"},{\"@type\":\"ListItem\",\"position\":2,\"name\":\"Our Cooperative\",\"item\":\"https:\\\/\\\/www.hoosierenergy.com\\\/our-cooperative\\\/\"},{\"@type\":\"ListItem\",\"position\":3,\"name\":\"Mission &#038; Vision\"}]},{\"@type\":\"WebSite\",\"@id\":\"https:\\\/\\\/www.hoosierenergy.com\\\/#website\",\"url\":\"https:\\\/\\\/www.hoosierenergy.com\\\/\",\"name\":\"Hoosier Energy\",\"description\":\"Powering Community\",\"alternateName\":\"Hoosier Energy Rural Electric Cooperative, Inc.\",\"potentialAction\":[{\"@type\":\"SearchAction\",\"target\":{\"@type\":\"EntryPoint\",\"urlTemplate\":\"https:\\\/\\\/www.hoosierenergy.com\\\/?s={search_term_string}\"},\"query-input\":{\"@type\":\"PropertyValueSpecification\",\"valueRequired\":true,\"valueName\":\"search_term_string\"}}],\"inLanguage\":\"es\"}]}<\/script>\r\n<!-- \/ Yoast SEO plugin. -->","yoast_head_json":{"title":"Our Mission & Vision | Hoosier Energy | A Rural Electric Cooperative","description":"From our ESG framework to our energy strategy, everything we do is driven by our mission, vision and the cooperative principles. Learn more.","robots":{"index":"index","follow":"follow","max-snippet":"max-snippet:-1","max-image-preview":"max-image-preview:large","max-video-preview":"max-video-preview:-1"},"canonical":"https:\/\/www.hoosierenergy.com\/es\/our-cooperative\/mission-vision\/","og_locale":"es_ES","og_type":"article","og_title":"Our Mission & Vision | Hoosier Energy | A Rural Electric Cooperative","og_description":"From our ESG framework to our energy strategy, everything we do is driven by our mission, vision and the cooperative principles. Learn more.","og_url":"https:\/\/www.hoosierenergy.com\/es\/our-cooperative\/mission-vision\/","og_site_name":"Hoosier Energy","article_publisher":"https:\/\/www.facebook.com\/HoosierEnergy","article_modified_time":"2025-02-14T00:25:09+00:00","og_image":[{"width":1920,"height":400,"url":"https:\/\/www.hoosierenergy.com\/wp-content\/uploads\/2025\/02\/Header-MissionAndVision.jpg","type":"image\/jpeg"}],"twitter_card":"summary_large_image","twitter_site":"@hoosierenergy","twitter_misc":{"Tiempo de lectura":"3 minutos"},"schema":{"@context":"https:\/\/schema.org","@graph":[{"@type":"WebPage","@id":"https:\/\/www.hoosierenergy.com\/our-cooperative\/mission-vision\/","url":"https:\/\/www.hoosierenergy.com\/our-cooperative\/mission-vision\/","name":"Our Mission & Vision | Hoosier Energy | A Rural Electric Cooperative","isPartOf":{"@id":"https:\/\/www.hoosierenergy.com\/#website"},"primaryImageOfPage":{"@id":"https:\/\/www.hoosierenergy.com\/our-cooperative\/mission-vision\/#primaryimage"},"image":{"@id":"https:\/\/www.hoosierenergy.com\/our-cooperative\/mission-vision\/#primaryimage"},"thumbnailUrl":"https:\/\/www.hoosierenergy.com\/wp-content\/uploads\/2025\/02\/Header-MissionAndVision.jpg","datePublished":"2022-07-20T12:28:48+00:00","dateModified":"2025-02-14T00:25:09+00:00","description":"From our ESG framework to our energy strategy, everything we do is driven by our mission, vision and the cooperative principles. Learn more.","breadcrumb":{"@id":"https:\/\/www.hoosierenergy.com\/our-cooperative\/mission-vision\/#breadcrumb"},"inLanguage":"es","potentialAction":[{"@type":"ReadAction","target":["https:\/\/www.hoosierenergy.com\/our-cooperative\/mission-vision\/"]}]},{"@type":"ImageObject","inLanguage":"es","@id":"https:\/\/www.hoosierenergy.com\/our-cooperative\/mission-vision\/#primaryimage","url":"https:\/\/www.hoosierenergy.com\/wp-content\/uploads\/2025\/02\/Header-MissionAndVision.jpg","contentUrl":"https:\/\/www.hoosierenergy.com\/wp-content\/uploads\/2025\/02\/Header-MissionAndVision.jpg","width":1920,"height":400},{"@type":"BreadcrumbList","@id":"https:\/\/www.hoosierenergy.com\/our-cooperative\/mission-vision\/#breadcrumb","itemListElement":[{"@type":"ListItem","position":1,"name":"Home","item":"https:\/\/www.hoosierenergy.com\/"},{"@type":"ListItem","position":2,"name":"Our Cooperative","item":"https:\/\/www.hoosierenergy.com\/our-cooperative\/"},{"@type":"ListItem","position":3,"name":"Mission &#038; Vision"}]},{"@type":"WebSite","@id":"https:\/\/www.hoosierenergy.com\/#website","url":"https:\/\/www.hoosierenergy.com\/","name":"Energ\u00eda de Hoosier","description":"Comunidad de energ\u00eda","alternateName":"Hoosier Energy Rural Electric Cooperative, Inc.","potentialAction":[{"@type":"SearchAction","target":{"@type":"EntryPoint","urlTemplate":"https:\/\/www.hoosierenergy.com\/?s={search_term_string}"},"query-input":{"@type":"PropertyValueSpecification","valueRequired":true,"valueName":"search_term_string"}}],"inLanguage":"es"}]}},"_links":{"self":[{"href":"http:\/\/www.hoosierenergy.com\/es\/wp-json\/wp\/v2\/pages\/141","targetHints":{"allow":["GET"]}}],"collection":[{"href":"http:\/\/www.hoosierenergy.com\/es\/wp-json\/wp\/v2\/pages"}],"about":[{"href":"http:\/\/www.hoosierenergy.com\/es\/wp-json\/wp\/v2\/types\/page"}],"author":[{"embeddable":true,"href":"http:\/\/www.hoosierenergy.com\/es\/wp-json\/wp\/v2\/users\/1"}],"replies":[{"embeddable":true,"href":"http:\/\/www.hoosierenergy.com\/es\/wp-json\/wp\/v2\/comments?post=141"}],"version-history":[{"count":0,"href":"http:\/\/www.hoosierenergy.com\/es\/wp-json\/wp\/v2\/pages\/141\/revisions"}],"up":[{"embeddable":true,"href":"http:\/\/www.hoosierenergy.com\/es\/wp-json\/wp\/v2\/pages\/22"}],"wp:featuredmedia":[{"embeddable":true,"href":"http:\/\/www.hoosierenergy.com\/es\/wp-json\/wp\/v2\/media\/18950"}],"wp:attachment":[{"href":"http:\/\/www.hoosierenergy.com\/es\/wp-json\/wp\/v2\/media?parent=141"}],"curies":[{"name":"wp","href":"https:\/\/api.w.org\/{rel}","templated":true}]}}