{"id":3,"date":"2022-05-12T14:06:16","date_gmt":"2022-05-12T14:06:16","guid":{"rendered":"https:\/\/hoosierenerstg.wpengine.com\/?page_id=3"},"modified":"2023-11-01T20:00:58","modified_gmt":"2023-11-02T01:00:58","slug":"privacy-policy","status":"publish","type":"page","link":"http:\/\/www.hoosierenergy.com\/de\/privacy-policy\/","title":{"rendered":"Datenschutzrichtlinie"},"content":{"rendered":"<div class=\"wpb-content-wrapper\"><div class=\"vc_row wpb_row vc_row-fluid\"><div class=\"wpb_column vc_column_container vc_col-sm-12\"><div class=\"vc_column-inner\"><div class=\"wpb_wrapper\">\n\t<div class=\"wpb_text_column wpb_content_element\" >\n\t\t<div class=\"wpb_wrapper\">\n\t\t\t<p><span class=\"s1\">Ihre Privatsph\u00e4re ist uns sehr wichtig. Beim Besuch der Website von Hoosier Energy werden grunds\u00e4tzlich keine pers\u00f6nlichen Daten erhoben. Unsere Webserver und zugeh\u00f6rigen Systeme erfassen allgemeine und standardm\u00e4\u00dfige Informationen wie IP-Adresse, Browsertyp, Zugriffszeit, Anzahl der Zugriffe und Verkehrsaufkommen.<\/span><\/p>\n<p><span class=\"s1\">Hoosier Energy beh\u00e4lt sich das Recht vor, Cookies zu verwenden, um Benutzereinstellungen zu speichern und Daten \u00fcber den Websiteverkehr und\/oder die Websiteinteraktion zu aggregieren, um die Benutzerzufriedenheit mit der Website zu verbessern. Bestimmte Abschnitte unserer Website erfordern m\u00f6glicherweise ein Kontaktformular. Das Formular kann Informationen wie Name, E-Mail-Adresse, Postanschrift, Telefonnummer oder andere relevante Informationen anfordern.<\/span><\/p>\n<p><span class=\"s1\">F\u00fcr bestimmte Bereiche der Website ist m\u00f6glicherweise ein Benutzerkonto erforderlich, um auf zus\u00e4tzliche Dienste oder Informationen zugreifen zu k\u00f6nnen. Um den Vorgang zur Erstellung eines Benutzerkontos abzuschlie\u00dfen, sind m\u00f6glicherweise zus\u00e4tzliche pers\u00f6nliche Informationen erforderlich. Beim Senden von E-Mails an Hoosier Energy werden m\u00f6glicherweise pers\u00f6nliche Informationen wie Name, Telefonnummern und\/oder E-Mail-Adressen gesendet.<\/span><\/p>\n<p><span class=\"s1\">Hoosier Energy ergreift angemessene technische und verfahrenstechnische Ma\u00dfnahmen, um den Verlust personenbezogener Daten zu verhindern. Hoosier Energy kann Daten an andere verbundene Organisationen weitergeben, wie z. B. Mitgliedsvertriebsgenossenschaften, Arbeitsvermittlungsdienste, Marketingdienste oder andere Drittauftragnehmer. Hoosier Energy wird Drittparteien nur dann die Verwendung personenbezogener Daten gestatten, wenn dies zur Erbringung vertraglich vereinbarter Dienstleistungen f\u00fcr Hoosier Energy erforderlich ist. Hoosier Energy wird personenbezogene Daten nicht anderweitig verkaufen, weitergeben oder \u00fcbertragen.<\/span><\/p>\n\n\t\t<\/div>\n\t<\/div>\n<\/div><\/div><\/div><\/div>\n<\/div>","protected":false},"excerpt":{"rendered":"<p>Ihre Privatsph\u00e4re ist uns sehr wichtig. Pers\u00f6nliche Informationen werden beim Besuch der Website von Hoosier Energy im Allgemeinen nicht erfasst. Unsere Webserver und zugeh\u00f6rigen Systeme erfassen allgemeine und standardm\u00e4\u00dfige Informationen wie IP-Adresse, Browsertyp, Zugriffszeit, Anzahl der Zugriffe und Verkehrsaufkommen. Hoosier Energy beh\u00e4lt sich das Recht vor, Cookies zu verwenden, um Benutzereinstellungen zu speichern\u2026<\/p>","protected":false},"author":1,"featured_media":0,"parent":0,"menu_order":0,"comment_status":"closed","ping_status":"open","template":"","meta":{"_acf_changed":false,"footnotes":""},"class_list":["post-3","page","type-page","status-publish","hentry","description-off"],"acf":[],"yoast_head":"<!-- This site is optimized with the Yoast SEO plugin v27.4 - https:\/\/yoast.com\/product\/yoast-seo-wordpress\/ -->\r\n<title>Privacy Policy - Hoosier Energy<\/title>\r\n<meta name=\"description\" content=\"Hoosier Energy goes to great lengths to safeguard our visitors&#039; information. Learn more about our privacy policy today.\" \/>\r\n<meta name=\"robots\" content=\"index, follow, max-snippet:-1, max-image-preview:large, max-video-preview:-1\" \/>\r\n<link rel=\"canonical\" href=\"https:\/\/www.hoosierenergy.com\/de\/privacy-policy\/\" \/>\r\n<meta property=\"og:locale\" content=\"de_DE\" \/>\r\n<meta property=\"og:type\" content=\"article\" \/>\r\n<meta property=\"og:title\" content=\"Privacy Policy - Hoosier Energy\" \/>\r\n<meta property=\"og:description\" content=\"Hoosier Energy goes to great lengths to safeguard our visitors&#039; information. Learn more about our privacy policy today.\" \/>\r\n<meta property=\"og:url\" content=\"https:\/\/www.hoosierenergy.com\/de\/privacy-policy\/\" \/>\r\n<meta property=\"og:site_name\" content=\"Hoosier Energy\" \/>\r\n<meta property=\"article:publisher\" content=\"https:\/\/www.facebook.com\/HoosierEnergy\" \/>\r\n<meta property=\"article:modified_time\" content=\"2023-11-02T01:00:58+00:00\" \/>\r\n<meta name=\"twitter:card\" content=\"summary_large_image\" \/>\r\n<meta name=\"twitter:site\" content=\"@hoosierenergy\" \/>\r\n<meta name=\"twitter:label1\" content=\"Gesch\u00e4tzte Lesezeit\" \/>\n\t<meta name=\"twitter:data1\" content=\"1\u00a0Minute\" \/>\r\n<script type=\"application\/ld+json\" class=\"yoast-schema-graph\">{\"@context\":\"https:\\\/\\\/schema.org\",\"@graph\":[{\"@type\":\"WebPage\",\"@id\":\"https:\\\/\\\/www.hoosierenergy.com\\\/privacy-policy\\\/\",\"url\":\"https:\\\/\\\/www.hoosierenergy.com\\\/privacy-policy\\\/\",\"name\":\"Privacy Policy - Hoosier Energy\",\"isPartOf\":{\"@id\":\"https:\\\/\\\/www.hoosierenergy.com\\\/#website\"},\"datePublished\":\"2022-05-12T14:06:16+00:00\",\"dateModified\":\"2023-11-02T01:00:58+00:00\",\"description\":\"Hoosier Energy goes to great lengths to safeguard our visitors' information. Learn more about our privacy policy today.\",\"breadcrumb\":{\"@id\":\"https:\\\/\\\/www.hoosierenergy.com\\\/privacy-policy\\\/#breadcrumb\"},\"inLanguage\":\"de\",\"potentialAction\":[{\"@type\":\"ReadAction\",\"target\":[\"https:\\\/\\\/www.hoosierenergy.com\\\/privacy-policy\\\/\"]}]},{\"@type\":\"BreadcrumbList\",\"@id\":\"https:\\\/\\\/www.hoosierenergy.com\\\/privacy-policy\\\/#breadcrumb\",\"itemListElement\":[{\"@type\":\"ListItem\",\"position\":1,\"name\":\"Home\",\"item\":\"https:\\\/\\\/www.hoosierenergy.com\\\/\"},{\"@type\":\"ListItem\",\"position\":2,\"name\":\"Privacy Policy\"}]},{\"@type\":\"WebSite\",\"@id\":\"https:\\\/\\\/www.hoosierenergy.com\\\/#website\",\"url\":\"https:\\\/\\\/www.hoosierenergy.com\\\/\",\"name\":\"Hoosier Energy\",\"description\":\"Powering Community\",\"alternateName\":\"Hoosier Energy Rural Electric Cooperative, Inc.\",\"potentialAction\":[{\"@type\":\"SearchAction\",\"target\":{\"@type\":\"EntryPoint\",\"urlTemplate\":\"https:\\\/\\\/www.hoosierenergy.com\\\/?s={search_term_string}\"},\"query-input\":{\"@type\":\"PropertyValueSpecification\",\"valueRequired\":true,\"valueName\":\"search_term_string\"}}],\"inLanguage\":\"de\"}]}<\/script>\r\n<!-- \/ Yoast SEO plugin. -->","yoast_head_json":{"title":"Privacy Policy - Hoosier Energy","description":"Hoosier Energy goes to great lengths to safeguard our visitors' information. Learn more about our privacy policy today.","robots":{"index":"index","follow":"follow","max-snippet":"max-snippet:-1","max-image-preview":"max-image-preview:large","max-video-preview":"max-video-preview:-1"},"canonical":"https:\/\/www.hoosierenergy.com\/de\/privacy-policy\/","og_locale":"de_DE","og_type":"article","og_title":"Privacy Policy - Hoosier Energy","og_description":"Hoosier Energy goes to great lengths to safeguard our visitors' information. Learn more about our privacy policy today.","og_url":"https:\/\/www.hoosierenergy.com\/de\/privacy-policy\/","og_site_name":"Hoosier Energy","article_publisher":"https:\/\/www.facebook.com\/HoosierEnergy","article_modified_time":"2023-11-02T01:00:58+00:00","twitter_card":"summary_large_image","twitter_site":"@hoosierenergy","twitter_misc":{"Gesch\u00e4tzte Lesezeit":"1\u00a0Minute"},"schema":{"@context":"https:\/\/schema.org","@graph":[{"@type":"WebPage","@id":"https:\/\/www.hoosierenergy.com\/privacy-policy\/","url":"https:\/\/www.hoosierenergy.com\/privacy-policy\/","name":"Privacy Policy - Hoosier Energy","isPartOf":{"@id":"https:\/\/www.hoosierenergy.com\/#website"},"datePublished":"2022-05-12T14:06:16+00:00","dateModified":"2023-11-02T01:00:58+00:00","description":"Hoosier Energy goes to great lengths to safeguard our visitors' information. Learn more about our privacy policy today.","breadcrumb":{"@id":"https:\/\/www.hoosierenergy.com\/privacy-policy\/#breadcrumb"},"inLanguage":"de","potentialAction":[{"@type":"ReadAction","target":["https:\/\/www.hoosierenergy.com\/privacy-policy\/"]}]},{"@type":"BreadcrumbList","@id":"https:\/\/www.hoosierenergy.com\/privacy-policy\/#breadcrumb","itemListElement":[{"@type":"ListItem","position":1,"name":"Home","item":"https:\/\/www.hoosierenergy.com\/"},{"@type":"ListItem","position":2,"name":"Privacy Policy"}]},{"@type":"WebSite","@id":"https:\/\/www.hoosierenergy.com\/#website","url":"https:\/\/www.hoosierenergy.com\/","name":"Hoosier Energie","description":"Gemeinschaft st\u00e4rken","alternateName":"Hoosier Energy Rural Electric Cooperative, Inc.","potentialAction":[{"@type":"SearchAction","target":{"@type":"EntryPoint","urlTemplate":"https:\/\/www.hoosierenergy.com\/?s={search_term_string}"},"query-input":{"@type":"PropertyValueSpecification","valueRequired":true,"valueName":"search_term_string"}}],"inLanguage":"de"}]}},"_links":{"self":[{"href":"http:\/\/www.hoosierenergy.com\/de\/wp-json\/wp\/v2\/pages\/3","targetHints":{"allow":["GET"]}}],"collection":[{"href":"http:\/\/www.hoosierenergy.com\/de\/wp-json\/wp\/v2\/pages"}],"about":[{"href":"http:\/\/www.hoosierenergy.com\/de\/wp-json\/wp\/v2\/types\/page"}],"author":[{"embeddable":true,"href":"http:\/\/www.hoosierenergy.com\/de\/wp-json\/wp\/v2\/users\/1"}],"replies":[{"embeddable":true,"href":"http:\/\/www.hoosierenergy.com\/de\/wp-json\/wp\/v2\/comments?post=3"}],"version-history":[{"count":0,"href":"http:\/\/www.hoosierenergy.com\/de\/wp-json\/wp\/v2\/pages\/3\/revisions"}],"wp:attachment":[{"href":"http:\/\/www.hoosierenergy.com\/de\/wp-json\/wp\/v2\/media?parent=3"}],"curies":[{"name":"wp","href":"https:\/\/api.w.org\/{rel}","templated":true}]}}