{"id":25121,"date":"2026-02-03T14:10:27","date_gmt":"2026-02-03T19:10:27","guid":{"rendered":"https:\/\/www.hoosierenergy.com\/?page_id=25121"},"modified":"2026-02-13T14:59:55","modified_gmt":"2026-02-13T19:59:55","slug":"wheeler-creek-to-kays","status":"publish","type":"page","link":"http:\/\/www.hoosierenergy.com\/de\/our-cooperative\/energy-strategy\/grid-infrastructure\/wheeler-creek-to-kays\/","title":{"rendered":"Wheeler Creek nach Kays"},"content":{"rendered":"<div class=\"wpb-content-wrapper\"><div class=\"vc_row wpb_row vc_row-fluid negativetopmargin vc_custom_1686766776950 vc_row-has-fill\"><div class=\"wpb_column vc_column_container vc_col-sm-12 vc_col-md-offset-2 vc_col-md-8\"><div class=\"vc_column-inner\"><div class=\"wpb_wrapper\"><div class=\"ult-spacer spacer-69e5181867435\" data-id=\"69e5181867435\" data-height=\"50\" data-height-mobile=\"25\" data-height-tab=\"35\" data-height-tab-portrait=\"35\" data-height-mobile-landscape=\"25\" style=\"clear:both;display:block;\"><\/div><h2 style=\"text-align: center\" class=\"vc_custom_heading vc_do_custom_heading\" >Bauprojekt f\u00fcr eine neue \u00dcbertragungsleitung<\/h2><div class=\"ult-spacer spacer-69e51818679e1\" data-id=\"69e51818679e1\" data-height=\"50\" data-height-mobile=\"25\" data-height-tab=\"35\" data-height-tab-portrait=\"35\" data-height-mobile-landscape=\"25\" style=\"clear:both;display:block;\"><\/div><\/div><\/div><\/div><\/div><div class=\"vc_row wpb_row vc_row-fluid swap-on-mobile\"><div class=\"wpb_column vc_column_container vc_col-sm-6\"><div class=\"vc_column-inner\"><div class=\"wpb_wrapper\"><h3 style=\"text-align: left\" class=\"vc_custom_heading vc_do_custom_heading\" >Projekt\u00fcbersicht<\/h3>\n\t<div class=\"wpb_text_column wpb_content_element\" >\n\t\t<div class=\"wpb_wrapper\">\n\t\t\t<p>Das \u00dcbertragungsleitungsprojekt von Hoosier Energy zwischen Wheeler Creek und Kays (Projekt) ist eine wichtige Infrastrukturma\u00dfnahme zur Sicherstellung einer zuverl\u00e4ssigen Stromversorgung im s\u00fcdlichen Zentral-Illinois. Das Projekt umfasst den Neubau und die Modernisierung einer rund 45 Kilometer langen \u00dcbertragungsleitung zwischen dem Umspannwerk Fairfield South und dem Umspannwerk Wheeler Creek. F\u00fcr die sichere Errichtung der neuen Masten muss die bestehende Leitung teilweise verlegt werden.<\/p>\n<p>Diese Verbesserungen werden das System st\u00e4rken, die Zuverl\u00e4ssigkeit erh\u00f6hen und einen effizienten Betrieb f\u00fcr die kommenden Jahre gew\u00e4hrleisten.<\/p>\n\n\t\t<\/div>\n\t<\/div>\n<h3 style=\"text-align: left\" class=\"vc_custom_heading vc_do_custom_heading\" >Zeitleiste<\/h3>\n\t<div class=\"wpb_text_column wpb_content_element\" >\n\t\t<div class=\"wpb_wrapper\">\n\t\t\t<p><strong>Tag der offenen T\u00fcr Phase 1:<\/strong>\u00a0M\u00e4rz 2026<\/p>\n<p><strong>Tag der offenen T\u00fcr Phase 2<\/strong>Sommer 2026<\/p>\n<p><strong>Aktivit\u00e4ten vor Baubeginn (Vermessung, Immobilien, Design, Genehmigungen, Materialien usw.):<\/strong>\u00a0Sommer 2026 \u2013 2027<\/p>\n<p><strong>Vegetationsaktivit\u00e4ten und Zugang:<\/strong>\u00a0Dezember 2026 \u2013 April 2027<\/p>\n<p><strong>Bau (Fundamente, Leitungsbau):<\/strong>\u00a02027-2029<\/p>\n<p><strong>Wiederherstellung:<\/strong>\u00a0Die Bauarbeiten dauern bis Dezember 2029 an.<\/p>\n\n\t\t<\/div>\n\t<\/div>\n<h3 style=\"text-align: left\" class=\"vc_custom_heading vc_do_custom_heading\" >Projektdesign<\/h3>\n\t<div class=\"wpb_text_column wpb_content_element\" >\n\t\t<div class=\"wpb_wrapper\">\n\t\t\t<p>Die bestehenden 69-kV-Holzmonopole werden durch 138-kV-verzinkte Stahlmonopole ersetzt.<\/p>\n\n\t\t<\/div>\n\t<\/div>\n<\/div><\/div><\/div><div class=\"wpb_column vc_column_container vc_col-sm-6\"><div class=\"vc_column-inner\"><div class=\"wpb_wrapper\">\n\t<div  class=\"wpb_single_image wpb_content_element vc_align_left  vc_custom_1771012786427\">\n\t\t\n\t\t<figure class=\"wpb_wrapper vc_figure\">\n\t\t\t<div class=\"vc_single_image-wrapper   vc_box_border_grey\"><img loading=\"lazy\" decoding=\"async\" width=\"1225\" height=\"1312\" src=\"https:\/\/www.hoosierenergy.com\/wp-content\/uploads\/2026\/02\/WheelerCreektoKays-1.jpg\" class=\"vc_single_image-img attachment-full\" alt=\"Wheeler Creek to Kays map\" title=\"WheelerCreektoKays\" srcset=\"https:\/\/www.hoosierenergy.com\/wp-content\/uploads\/2026\/02\/WheelerCreektoKays-1.jpg 1225w, https:\/\/www.hoosierenergy.com\/wp-content\/uploads\/2026\/02\/WheelerCreektoKays-1-280x300.jpg 280w, https:\/\/www.hoosierenergy.com\/wp-content\/uploads\/2026\/02\/WheelerCreektoKays-1-956x1024.jpg 956w, https:\/\/www.hoosierenergy.com\/wp-content\/uploads\/2026\/02\/WheelerCreektoKays-1-768x823.jpg 768w, https:\/\/www.hoosierenergy.com\/wp-content\/uploads\/2026\/02\/WheelerCreektoKays-1-11x12.jpg 11w\" sizes=\"auto, (max-width: 1225px) 100vw, 1225px\"  data-dt-location=\"http:\/\/www.hoosierenergy.com\/de\/our-cooperative\/energy-strategy\/grid-infrastructure\/wheeler-creek-to-kays\/wheelercreektokays-2\/\" \/><\/div>\n\t\t<\/figure>\n\t<\/div>\n<\/div><\/div><\/div><\/div><div class=\"vc_row wpb_row vc_row-fluid\"><div class=\"wpb_column vc_column_container vc_col-sm-12\"><div class=\"vc_column-inner\"><div class=\"wpb_wrapper\"><h3 style=\"text-align: left\" class=\"vc_custom_heading vc_do_custom_heading\" >\u00dcberblick zu Hoosier Energy<\/h3>\n\t<div class=\"wpb_text_column wpb_content_element\" >\n\t\t<div class=\"wpb_wrapper\">\n\t\t\t<p>Hoosier Energy wurde 1949 gegr\u00fcndet und ist eine Genossenschaft f\u00fcr Stromerzeugung und -\u00fcbertragung (G&amp;T) mit Hauptsitz in Bloomington, Indiana.<\/p>\n<p>G&amp;T versorgt 17 Mitgliedsgenossenschaften in Zentral- und S\u00fcd-Indiana sowie im S\u00fcdosten von Illinois mit Strom und Dienstleistungen. Wir sind eine gemeinschaftsorientierte Organisation, die sich f\u00fcr die effiziente Bereitstellung erschwinglicher, zuverl\u00e4ssiger und sicherer Energie einsetzt.<\/p>\n\n\t\t<\/div>\n\t<\/div>\n<h3 style=\"text-align: left\" class=\"vc_custom_heading vc_do_custom_heading\" >Hoosier Energy &amp; Wayne White Electric Cooperative<\/h3>\n\t<div class=\"wpb_text_column wpb_content_element\" >\n\t\t<div class=\"wpb_wrapper\">\n\t\t\t<p>Die Wayne White Electric Cooperative ist die einzige lokale Genossenschaft von Hoosier Energy in Illinois. Elektrizit\u00e4tsgenossenschaften wurden von Menschen in l\u00e4ndlichen Gebieten gegr\u00fcndet, die sich zusammenschlossen, um ihre H\u00e4user selbst mit Strom zu versorgen, da die gro\u00dfen Energiekonzerne diese Gebiete nicht erschlie\u00dfen wollten (und es teilweise immer noch tun). Mit Niederlassungen in Fairfield und Enfield versorgt die Wayne White Electric Cooperative derzeit \u00fcber 14.200 Stromz\u00e4hler in elf Landkreisen im S\u00fcdosten von Illinois.<\/p>\n\n\t\t<\/div>\n\t<\/div>\n<div class=\"ult-spacer spacer-69e518186b30d\" data-id=\"69e518186b30d\" data-height=\"75\" data-height-mobile=\"25\" data-height-tab=\"50\" data-height-tab-portrait=\"50\" data-height-mobile-landscape=\"25\" style=\"clear:both;display:block;\"><\/div><\/div><\/div><\/div><\/div><div class=\"vc_row wpb_row vc_row-fluid\"><div class=\"wpb_column vc_column_container vc_col-sm-12\"><div class=\"vc_column-inner\"><div class=\"wpb_wrapper\"><div class=\"ult-spacer spacer-69e518186b9ae\" data-id=\"69e518186b9ae\" data-height=\"75\" data-height-mobile=\"25\" data-height-tab=\"50\" data-height-tab-portrait=\"50\" data-height-mobile-landscape=\"25\" style=\"clear:both;display:block;\"><\/div><\/div><\/div><\/div><\/div><div data-vc-full-width=\"true\" data-vc-full-width-temp=\"true\" data-vc-full-width-init=\"false\" class=\"vc_row wpb_row vc_row-fluid vc_custom_1770760544578 vc_row-has-fill\"><div class=\"wpb_column vc_column_container vc_col-sm-12\"><div class=\"vc_column-inner\"><div class=\"wpb_wrapper\"><div class=\"vc_row wpb_row vc_inner vc_row-fluid vc_custom_1686774795756 vc_row-o-content-middle vc_row-flex\"><div class=\"wpb_column vc_column_container vc_col-sm-3\"><div class=\"vc_column-inner\"><div class=\"wpb_wrapper\"><\/div><\/div><\/div><div class=\"wpb_column vc_column_container vc_col-sm-3\"><div class=\"vc_column-inner\"><div class=\"wpb_wrapper\"><h4 style=\"color: #ffffff;text-align: center\" class=\"vc_custom_heading vc_do_custom_heading\" >Haben Sie weitere Fragen?<\/h4><\/div><\/div><\/div><div class=\"wpb_column vc_column_container vc_col-sm-3\"><div class=\"vc_column-inner\"><div class=\"wpb_wrapper\"><div class=\"vc_btn3-container vc_btn3-center\" ><a style=\"background-color:#0071af; color:#f5ff12;\" class=\"vc_general vc_btn3 vc_btn3-size-md vc_btn3-shape-square vc_btn3-style-custom\" href=\"https:\/\/form.jotform.com\/260407784581160\" title=\"\" target=\"_blank\">KONTAKTIEREN SIE UNS<\/a><\/div><\/div><\/div><\/div><div class=\"wpb_column vc_column_container vc_col-sm-3\"><div class=\"vc_column-inner\"><div class=\"wpb_wrapper\"><\/div><\/div><\/div><\/div><div class=\"ult-spacer spacer-69e518186dae5\" data-id=\"69e518186dae5\" data-height=\"75\" data-height-mobile=\"25\" data-height-tab=\"50\" data-height-tab-portrait=\"50\" data-height-mobile-landscape=\"25\" style=\"clear:both;display:block;\"><\/div><\/div><\/div><\/div><\/div><div class=\"vc_row-full-width vc_clearfix\"><\/div>\n<\/div>","protected":false},"excerpt":{"rendered":"<p>Neubauprojekt f\u00fcr eine \u00dcbertragungsleitung \u2013 Projekt\u00fcbersicht: Das \u00dcbertragungsleitungsprojekt von Hoosier Energy zwischen Wheeler Creek und Kays (Projekt) ist eine wichtige Infrastrukturma\u00dfnahme zur Sicherstellung einer zuverl\u00e4ssigen Stromversorgung im s\u00fcdlichen Zentral-Illinois. Das Projekt umfasst den Neubau und die Modernisierung einer ca. 45 km langen \u00dcbertragungsleitung zwischen dem Umspannwerk Fairfield South und dem Umspannwerk Wheeler Creek. Einige Bereiche\u2026<\/p>","protected":false},"author":1,"featured_media":18953,"parent":165,"menu_order":0,"comment_status":"closed","ping_status":"closed","template":"","meta":{"_acf_changed":false,"footnotes":""},"class_list":["post-25121","page","type-page","status-publish","has-post-thumbnail","hentry","description-off"],"acf":[],"yoast_head":"<!-- This site is optimized with the Yoast SEO plugin v27.4 - https:\/\/yoast.com\/product\/yoast-seo-wordpress\/ -->\r\n<title>Wheeler Creek to Kays | Hoosier Energy | Our Community<\/title>\r\n<meta name=\"description\" content=\"The Wheeler Creek to Kays Transmission Line Project supports the rebuild and upgrade of approximately 28 miles of transmission line between the Fairfield South Substation and Wheeler Creek Substation.\" \/>\r\n<meta name=\"robots\" content=\"index, follow, max-snippet:-1, max-image-preview:large, max-video-preview:-1\" \/>\r\n<link rel=\"canonical\" href=\"https:\/\/www.hoosierenergy.com\/de\/our-cooperative\/energy-strategy\/grid-infrastructure\/wheeler-creek-to-kays\/\" \/>\r\n<meta property=\"og:locale\" content=\"de_DE\" \/>\r\n<meta property=\"og:type\" content=\"article\" \/>\r\n<meta property=\"og:title\" content=\"Wheeler Creek to Kays | Hoosier Energy | Our Community\" \/>\r\n<meta property=\"og:description\" content=\"The Wheeler Creek to Kays Transmission Line Project supports the rebuild and upgrade of approximately 28 miles of transmission line between the Fairfield South Substation and Wheeler Creek Substation.\" \/>\r\n<meta property=\"og:url\" content=\"https:\/\/www.hoosierenergy.com\/de\/our-cooperative\/energy-strategy\/grid-infrastructure\/wheeler-creek-to-kays\/\" \/>\r\n<meta property=\"og:site_name\" content=\"Hoosier Energy\" \/>\r\n<meta property=\"article:publisher\" content=\"https:\/\/www.facebook.com\/HoosierEnergy\" \/>\r\n<meta property=\"article:modified_time\" content=\"2026-02-13T19:59:55+00:00\" \/>\r\n<meta property=\"og:image\" content=\"https:\/\/www.hoosierenergy.com\/wp-content\/uploads\/2025\/02\/Header-CentertonToWillbur.jpg\" \/>\r\n\t<meta property=\"og:image:width\" content=\"1920\" \/>\r\n\t<meta property=\"og:image:height\" content=\"400\" \/>\r\n\t<meta property=\"og:image:type\" content=\"image\/jpeg\" \/>\r\n<meta name=\"twitter:card\" content=\"summary_large_image\" \/>\r\n<meta name=\"twitter:site\" content=\"@hoosierenergy\" \/>\r\n<meta name=\"twitter:label1\" content=\"Gesch\u00e4tzte Lesezeit\" \/>\n\t<meta name=\"twitter:data1\" content=\"7\u00a0Minuten\" \/>\r\n<script type=\"application\/ld+json\" class=\"yoast-schema-graph\">{\"@context\":\"https:\\\/\\\/schema.org\",\"@graph\":[{\"@type\":\"WebPage\",\"@id\":\"https:\\\/\\\/www.hoosierenergy.com\\\/our-cooperative\\\/energy-strategy\\\/grid-infrastructure\\\/wheeler-creek-to-kays\\\/\",\"url\":\"https:\\\/\\\/www.hoosierenergy.com\\\/our-cooperative\\\/energy-strategy\\\/grid-infrastructure\\\/wheeler-creek-to-kays\\\/\",\"name\":\"Wheeler Creek to Kays | Hoosier Energy | Our Community\",\"isPartOf\":{\"@id\":\"https:\\\/\\\/www.hoosierenergy.com\\\/#website\"},\"primaryImageOfPage\":{\"@id\":\"https:\\\/\\\/www.hoosierenergy.com\\\/our-cooperative\\\/energy-strategy\\\/grid-infrastructure\\\/wheeler-creek-to-kays\\\/#primaryimage\"},\"image\":{\"@id\":\"https:\\\/\\\/www.hoosierenergy.com\\\/our-cooperative\\\/energy-strategy\\\/grid-infrastructure\\\/wheeler-creek-to-kays\\\/#primaryimage\"},\"thumbnailUrl\":\"https:\\\/\\\/www.hoosierenergy.com\\\/wp-content\\\/uploads\\\/2025\\\/02\\\/Header-CentertonToWillbur.jpg\",\"datePublished\":\"2026-02-03T19:10:27+00:00\",\"dateModified\":\"2026-02-13T19:59:55+00:00\",\"description\":\"The Wheeler Creek to Kays Transmission Line Project supports the rebuild and upgrade of approximately 28 miles of transmission line between the Fairfield South Substation and Wheeler Creek Substation.\",\"breadcrumb\":{\"@id\":\"https:\\\/\\\/www.hoosierenergy.com\\\/our-cooperative\\\/energy-strategy\\\/grid-infrastructure\\\/wheeler-creek-to-kays\\\/#breadcrumb\"},\"inLanguage\":\"de\",\"potentialAction\":[{\"@type\":\"ReadAction\",\"target\":[\"https:\\\/\\\/www.hoosierenergy.com\\\/our-cooperative\\\/energy-strategy\\\/grid-infrastructure\\\/wheeler-creek-to-kays\\\/\"]}]},{\"@type\":\"ImageObject\",\"inLanguage\":\"de\",\"@id\":\"https:\\\/\\\/www.hoosierenergy.com\\\/our-cooperative\\\/energy-strategy\\\/grid-infrastructure\\\/wheeler-creek-to-kays\\\/#primaryimage\",\"url\":\"https:\\\/\\\/www.hoosierenergy.com\\\/wp-content\\\/uploads\\\/2025\\\/02\\\/Header-CentertonToWillbur.jpg\",\"contentUrl\":\"https:\\\/\\\/www.hoosierenergy.com\\\/wp-content\\\/uploads\\\/2025\\\/02\\\/Header-CentertonToWillbur.jpg\",\"width\":1920,\"height\":400},{\"@type\":\"BreadcrumbList\",\"@id\":\"https:\\\/\\\/www.hoosierenergy.com\\\/our-cooperative\\\/energy-strategy\\\/grid-infrastructure\\\/wheeler-creek-to-kays\\\/#breadcrumb\",\"itemListElement\":[{\"@type\":\"ListItem\",\"position\":1,\"name\":\"Home\",\"item\":\"https:\\\/\\\/www.hoosierenergy.com\\\/\"},{\"@type\":\"ListItem\",\"position\":2,\"name\":\"Our Cooperative\",\"item\":\"https:\\\/\\\/www.hoosierenergy.com\\\/our-cooperative\\\/\"},{\"@type\":\"ListItem\",\"position\":3,\"name\":\"Energy Strategy\",\"item\":\"https:\\\/\\\/www.hoosierenergy.com\\\/our-cooperative\\\/energy-strategy\\\/\"},{\"@type\":\"ListItem\",\"position\":4,\"name\":\"Grid Infrastructure\",\"item\":\"https:\\\/\\\/www.hoosierenergy.com\\\/our-cooperative\\\/energy-strategy\\\/grid-infrastructure\\\/\"},{\"@type\":\"ListItem\",\"position\":5,\"name\":\"Wheeler Creek to Kays\"}]},{\"@type\":\"WebSite\",\"@id\":\"https:\\\/\\\/www.hoosierenergy.com\\\/#website\",\"url\":\"https:\\\/\\\/www.hoosierenergy.com\\\/\",\"name\":\"Hoosier Energy\",\"description\":\"Powering Community\",\"alternateName\":\"Hoosier Energy Rural Electric Cooperative, Inc.\",\"potentialAction\":[{\"@type\":\"SearchAction\",\"target\":{\"@type\":\"EntryPoint\",\"urlTemplate\":\"https:\\\/\\\/www.hoosierenergy.com\\\/?s={search_term_string}\"},\"query-input\":{\"@type\":\"PropertyValueSpecification\",\"valueRequired\":true,\"valueName\":\"search_term_string\"}}],\"inLanguage\":\"de\"}]}<\/script>\r\n<!-- \/ Yoast SEO plugin. -->","yoast_head_json":{"title":"Wheeler Creek to Kays | Hoosier Energy | Our Community","description":"The Wheeler Creek to Kays Transmission Line Project supports the rebuild and upgrade of approximately 28 miles of transmission line between the Fairfield South Substation and Wheeler Creek Substation.","robots":{"index":"index","follow":"follow","max-snippet":"max-snippet:-1","max-image-preview":"max-image-preview:large","max-video-preview":"max-video-preview:-1"},"canonical":"https:\/\/www.hoosierenergy.com\/de\/our-cooperative\/energy-strategy\/grid-infrastructure\/wheeler-creek-to-kays\/","og_locale":"de_DE","og_type":"article","og_title":"Wheeler Creek to Kays | Hoosier Energy | Our Community","og_description":"The Wheeler Creek to Kays Transmission Line Project supports the rebuild and upgrade of approximately 28 miles of transmission line between the Fairfield South Substation and Wheeler Creek Substation.","og_url":"https:\/\/www.hoosierenergy.com\/de\/our-cooperative\/energy-strategy\/grid-infrastructure\/wheeler-creek-to-kays\/","og_site_name":"Hoosier Energy","article_publisher":"https:\/\/www.facebook.com\/HoosierEnergy","article_modified_time":"2026-02-13T19:59:55+00:00","og_image":[{"width":1920,"height":400,"url":"https:\/\/www.hoosierenergy.com\/wp-content\/uploads\/2025\/02\/Header-CentertonToWillbur.jpg","type":"image\/jpeg"}],"twitter_card":"summary_large_image","twitter_site":"@hoosierenergy","twitter_misc":{"Gesch\u00e4tzte Lesezeit":"7\u00a0Minuten"},"schema":{"@context":"https:\/\/schema.org","@graph":[{"@type":"WebPage","@id":"https:\/\/www.hoosierenergy.com\/our-cooperative\/energy-strategy\/grid-infrastructure\/wheeler-creek-to-kays\/","url":"https:\/\/www.hoosierenergy.com\/our-cooperative\/energy-strategy\/grid-infrastructure\/wheeler-creek-to-kays\/","name":"Wheeler Creek to Kays | Hoosier Energy | Our Community","isPartOf":{"@id":"https:\/\/www.hoosierenergy.com\/#website"},"primaryImageOfPage":{"@id":"https:\/\/www.hoosierenergy.com\/our-cooperative\/energy-strategy\/grid-infrastructure\/wheeler-creek-to-kays\/#primaryimage"},"image":{"@id":"https:\/\/www.hoosierenergy.com\/our-cooperative\/energy-strategy\/grid-infrastructure\/wheeler-creek-to-kays\/#primaryimage"},"thumbnailUrl":"https:\/\/www.hoosierenergy.com\/wp-content\/uploads\/2025\/02\/Header-CentertonToWillbur.jpg","datePublished":"2026-02-03T19:10:27+00:00","dateModified":"2026-02-13T19:59:55+00:00","description":"The Wheeler Creek to Kays Transmission Line Project supports the rebuild and upgrade of approximately 28 miles of transmission line between the Fairfield South Substation and Wheeler Creek Substation.","breadcrumb":{"@id":"https:\/\/www.hoosierenergy.com\/our-cooperative\/energy-strategy\/grid-infrastructure\/wheeler-creek-to-kays\/#breadcrumb"},"inLanguage":"de","potentialAction":[{"@type":"ReadAction","target":["https:\/\/www.hoosierenergy.com\/our-cooperative\/energy-strategy\/grid-infrastructure\/wheeler-creek-to-kays\/"]}]},{"@type":"ImageObject","inLanguage":"de","@id":"https:\/\/www.hoosierenergy.com\/our-cooperative\/energy-strategy\/grid-infrastructure\/wheeler-creek-to-kays\/#primaryimage","url":"https:\/\/www.hoosierenergy.com\/wp-content\/uploads\/2025\/02\/Header-CentertonToWillbur.jpg","contentUrl":"https:\/\/www.hoosierenergy.com\/wp-content\/uploads\/2025\/02\/Header-CentertonToWillbur.jpg","width":1920,"height":400},{"@type":"BreadcrumbList","@id":"https:\/\/www.hoosierenergy.com\/our-cooperative\/energy-strategy\/grid-infrastructure\/wheeler-creek-to-kays\/#breadcrumb","itemListElement":[{"@type":"ListItem","position":1,"name":"Home","item":"https:\/\/www.hoosierenergy.com\/"},{"@type":"ListItem","position":2,"name":"Our Cooperative","item":"https:\/\/www.hoosierenergy.com\/our-cooperative\/"},{"@type":"ListItem","position":3,"name":"Energy Strategy","item":"https:\/\/www.hoosierenergy.com\/our-cooperative\/energy-strategy\/"},{"@type":"ListItem","position":4,"name":"Grid Infrastructure","item":"https:\/\/www.hoosierenergy.com\/our-cooperative\/energy-strategy\/grid-infrastructure\/"},{"@type":"ListItem","position":5,"name":"Wheeler Creek to Kays"}]},{"@type":"WebSite","@id":"https:\/\/www.hoosierenergy.com\/#website","url":"https:\/\/www.hoosierenergy.com\/","name":"Hoosier Energie","description":"Gemeinschaft st\u00e4rken","alternateName":"Hoosier Energy Rural Electric Cooperative, Inc.","potentialAction":[{"@type":"SearchAction","target":{"@type":"EntryPoint","urlTemplate":"https:\/\/www.hoosierenergy.com\/?s={search_term_string}"},"query-input":{"@type":"PropertyValueSpecification","valueRequired":true,"valueName":"search_term_string"}}],"inLanguage":"de"}]}},"_links":{"self":[{"href":"http:\/\/www.hoosierenergy.com\/de\/wp-json\/wp\/v2\/pages\/25121","targetHints":{"allow":["GET"]}}],"collection":[{"href":"http:\/\/www.hoosierenergy.com\/de\/wp-json\/wp\/v2\/pages"}],"about":[{"href":"http:\/\/www.hoosierenergy.com\/de\/wp-json\/wp\/v2\/types\/page"}],"author":[{"embeddable":true,"href":"http:\/\/www.hoosierenergy.com\/de\/wp-json\/wp\/v2\/users\/1"}],"replies":[{"embeddable":true,"href":"http:\/\/www.hoosierenergy.com\/de\/wp-json\/wp\/v2\/comments?post=25121"}],"version-history":[{"count":0,"href":"http:\/\/www.hoosierenergy.com\/de\/wp-json\/wp\/v2\/pages\/25121\/revisions"}],"up":[{"embeddable":true,"href":"http:\/\/www.hoosierenergy.com\/de\/wp-json\/wp\/v2\/pages\/165"}],"wp:featuredmedia":[{"embeddable":true,"href":"http:\/\/www.hoosierenergy.com\/de\/wp-json\/wp\/v2\/media\/18953"}],"wp:attachment":[{"href":"http:\/\/www.hoosierenergy.com\/de\/wp-json\/wp\/v2\/media?parent=25121"}],"curies":[{"name":"wp","href":"https:\/\/api.w.org\/{rel}","templated":true}]}}