{"id":140,"date":"2022-07-20T12:24:26","date_gmt":"2022-07-20T12:24:26","guid":{"rendered":"https:\/\/hoosierenerstg.wpengine.com\/?page_id=140"},"modified":"2025-02-03T11:12:32","modified_gmt":"2025-02-03T16:12:32","slug":"history","status":"publish","type":"page","link":"http:\/\/www.hoosierenergy.com\/de\/our-cooperative\/history\/","title":{"rendered":"Geschichte"},"content":{"rendered":"<div class=\"wpb-content-wrapper\"><div class=\"vc_row wpb_row vc_row-fluid negativetopmargin vc_custom_1654014318664 vc_row-has-fill\"><div class=\"wpb_column vc_column_container vc_col-sm-12 vc_col-md-offset-2 vc_col-md-8\"><div class=\"vc_column-inner\"><div class=\"wpb_wrapper\"><div class=\"ult-spacer spacer-69e51593388c0\" data-id=\"69e51593388c0\" data-height=\"50\" data-height-mobile=\"20\" data-height-tab=\"30\" data-height-tab-portrait=\"30\" data-height-mobile-landscape=\"20\" style=\"clear:both;display:block;\"><\/div><h2 style=\"text-align: center\" class=\"vc_custom_heading vc_do_custom_heading\" >Die Wurzeln von Hoosier Energy reichen bis in die 1940er Jahre zur\u00fcck und versorgen seit \u00fcber 70 Jahren Regionen von Indiana und Illinois mit Strom.<\/h2>\n\t<div class=\"wpb_text_column wpb_content_element\" >\n\t\t<div class=\"wpb_wrapper\">\n\t\t\t<p style=\"text-align: center;\">Obwohl Hoosier Energy heute nicht mehr so aussieht wie fr\u00fcher, ist unsere Mission dieselbe geblieben: die Bereitstellung von erschwinglichem, zuverl\u00e4ssigem Strom f\u00fcr l\u00e4ndliche und unterversorgte Regionen in Indiana und Illinois. Im Laufe der Geschichte von Hoosier Energy hat sich unser Wirkungsbereich erweitert und erreicht nun Hunderttausende Haushalte, Bauernh\u00f6fe und Unternehmen. Heute versorgen wir 17 Mitgliedsgenossenschaften mit Strom und liefern Strom \u00fcber ein 2.700 Kilometer langes \u00dcbertragungsnetz.<\/p>\n\n\t\t<\/div>\n\t<\/div>\n<div class=\"ult-spacer spacer-69e5159339272\" data-id=\"69e5159339272\" data-height=\"50\" data-height-mobile=\"25\" data-height-tab=\"35\" data-height-tab-portrait=\"35\" data-height-mobile-landscape=\"25\" style=\"clear:both;display:block;\"><\/div><\/div><\/div><\/div><\/div><div data-vc-full-width=\"true\" data-vc-full-width-temp=\"true\" data-vc-full-width-init=\"false\" data-vc-stretch-content=\"true\" class=\"vc_row wpb_row vc_row-fluid\"><div class=\"wpb_column vc_column_container vc_col-sm-12 vc_col-has-fill\"><div class=\"vc_column-inner vc_custom_1653007235698\"><div class=\"wpb_wrapper\"><div class=\"vc_row wpb_row vc_inner vc_row-fluid vc_row-o-equal-height vc_row-o-content-middle vc_row-flex\"><div class=\"wpb_column vc_column_container vc_col-sm-6 vc_col-has-fill\"><div class=\"vc_column-inner vc_custom_1663456884739\"><div class=\"wpb_wrapper\"><\/div><\/div><\/div><div class=\"wpb_column vc_column_container vc_col-sm-4\"><div class=\"vc_column-inner vc_custom_1653418144460\"><div class=\"wpb_wrapper\"><div class=\"ult-spacer spacer-69e515933a90f\" data-id=\"69e515933a90f\" data-height=\"75\" data-height-mobile=\"35\" data-height-tab=\"60\" data-height-tab-portrait=\"60\" data-height-mobile-landscape=\"35\" style=\"clear:both;display:block;\"><\/div><h2 style=\"text-align: left\" class=\"vc_custom_heading vc_do_custom_heading light-headline\" >Sicherstellung der Stromversorgung f\u00fcr die l\u00e4ndliche Bev\u00f6lkerung von Indiana<\/h2>\n\t<div class=\"wpb_text_column wpb_content_element\" >\n\t\t<div class=\"wpb_wrapper\">\n\t\t\t<p><span style=\"color: #ffffff;\">In den 1930er Jahren waren viele Bauernh\u00f6fe in Indiana noch immer ohne Elektrizit\u00e4t, was haupts\u00e4chlich daran lag, dass private Versorgungsunternehmen damals nicht bereit waren, die notwendigen Investitionen zu t\u00e4tigen, um Stromleitungen durch d\u00fcnn besiedelte Teile des Staates zu verlegen. Obwohl St\u00e4dte und Gemeinden im Mittleren Westen elektrifiziert waren, verwendeten viele Bauern auf dem Land immer noch Gasgeneratoren, um Wasser zu pumpen und begrenzte Aufgaben auf dem Bauernhof zu erledigen.<\/span><\/p>\n<p><span style=\"color: #ffffff;\">1935 trug die neu gegr\u00fcndete Rural Electrification Administration (REA) dazu bei, dies zu \u00e4ndern. Die von Pr\u00e4sident Franklin Delano Roosevelt ins Leben gerufene Bundesbeh\u00f6rde wollte den amerikanischen Landwirten kosteng\u00fcnstigen Strom zur Verf\u00fcgung stellen. Innerhalb weniger Jahre erreichten die Farmen Indianas und des Rests des Landes Elektrizit\u00e4t.<\/span><\/p>\n<p><span style=\"color: #ffffff;\">Kurz nach der Gr\u00fcndung der REA schlossen sich mehrere Bauerngruppen zusammen, um \u00dcbertragungs- und Verteilungsleitungen zu errichten und den Bau durch zinsg\u00fcnstige Bundesdarlehen zu finanzieren. Diese Gruppen erm\u00f6glichten es den Bauern, gemeinsam zu arbeiten, um den Erfolg des jeweils anderen sicherzustellen. In den folgenden Jahren wurden im ganzen Land l\u00e4ndliche Elektrizit\u00e4tsmitgliedschaftsgesellschaften (REMCs) gegr\u00fcndet.<\/span><\/p>\n<p><span style=\"color: #ffffff;\">W\u00e4hrend die REA dabei half, Zehntausende von Bauernh\u00f6fen im ganzen Land mit Elektrizit\u00e4t zu versorgen, hielten die investoreneigenen Versorgungsunternehmen, die den Strom produzierten, die gesamte Macht. In den sp\u00e4ten 1940er Jahren stiegen die Stromkosten, w\u00e4hrend die Zuverl\u00e4ssigkeit abnahm, und viele suchten nach einer Alternative.<\/span><\/p>\n\n\t\t<\/div>\n\t<\/div>\n<div class=\"ult-spacer spacer-69e515933ae43\" data-id=\"69e515933ae43\" data-height=\"75\" data-height-mobile=\"35\" data-height-tab=\"60\" data-height-tab-portrait=\"60\" data-height-mobile-landscape=\"35\" style=\"clear:both;display:block;\"><\/div><\/div><\/div><\/div><\/div><\/div><\/div><\/div><\/div><div class=\"vc_row-full-width vc_clearfix\"><\/div><div data-vc-full-width=\"true\" data-vc-full-width-temp=\"true\" data-vc-full-width-init=\"false\" data-vc-stretch-content=\"true\" class=\"vc_row wpb_row vc_row-fluid\"><div class=\"wpb_column vc_column_container vc_col-sm-12 vc_col-has-fill\"><div class=\"vc_column-inner vc_custom_1652967912356\"><div class=\"wpb_wrapper\"><div class=\"vc_row wpb_row vc_inner vc_row-fluid swap-on-mobile vc_row-o-equal-height vc_row-o-content-middle vc_row-flex\"><div class=\"wpb_column vc_column_container vc_col-sm-6 vc_col-lg-offset-2 vc_col-lg-4\"><div class=\"vc_column-inner vc_custom_1653418170471\"><div class=\"wpb_wrapper\"><div class=\"ult-spacer spacer-69e515933ba73\" data-id=\"69e515933ba73\" data-height=\"75\" data-height-mobile=\"35\" data-height-tab=\"60\" data-height-tab-portrait=\"60\" data-height-mobile-landscape=\"35\" style=\"clear:both;display:block;\"><\/div><h2 style=\"text-align: left\" class=\"vc_custom_heading vc_do_custom_heading light-headline\" >Gemeinsam f\u00fcr eine zuverl\u00e4ssige Stromversorgung<\/h2>\n\t<div class=\"wpb_text_column wpb_content_element\" >\n\t\t<div class=\"wpb_wrapper\">\n\t\t\t<p>Die Anf\u00e4nge von Hoosier Energy reichen bis ins Fr\u00fchjahr 1949 zur\u00fcck, als sich eine Gruppe von Landwirten in einem Caf\u00e9 in Rushville, Indiana, traf, um eine Strategie auszuarbeiten, wie weite Teile des Ackerlandes im ganzen Staat zuverl\u00e4ssig und bezahlbar mit Elektrizit\u00e4t versorgt werden k\u00f6nnten.<\/p>\n<p>Kurz nach ihrem Treffen gr\u00fcndete die Gruppe das Unternehmen, das sp\u00e4ter Hoosier Energy werden sollte. Ihr Ziel war einfach: g\u00fcnstigere Gro\u00dfhandelsstrompreise im Vergleich zu den Preisen, die sie an die investoreneigenen Versorgungsunternehmen zahlten, zu erreichen.<\/p>\n<p>Diese Landwirte bildeten den Vorstand und verabschiedeten eine Resolution, um bei der Rural Electrification Administration einen Kredit in H\u00f6he von $6,5 Millionen zu beantragen, um ein Stromerzeugungs- und \u00dcbertragungssystem aufzubauen. Der Vorstand erkannte, dass sie dies selbst tun mussten, um faire Preise f\u00fcr eine zuverl\u00e4ssige Stromversorgung zu gew\u00e4hrleisten.<\/p>\n\n\t\t<\/div>\n\t<\/div>\n<div class=\"ult-spacer spacer-69e515933bef7\" data-id=\"69e515933bef7\" data-height=\"75\" data-height-mobile=\"35\" data-height-tab=\"60\" data-height-tab-portrait=\"60\" data-height-mobile-landscape=\"35\" style=\"clear:both;display:block;\"><\/div><\/div><\/div><\/div><div class=\"wpb_column vc_column_container vc_col-sm-6 vc_col-has-fill\"><div class=\"vc_column-inner vc_custom_1663456896632\"><div class=\"wpb_wrapper\"><\/div><\/div><\/div><\/div><\/div><\/div><\/div><\/div><div class=\"vc_row-full-width vc_clearfix\"><\/div><div data-vc-full-width=\"true\" data-vc-full-width-temp=\"true\" data-vc-full-width-init=\"false\" data-vc-stretch-content=\"true\" class=\"vc_row wpb_row vc_row-fluid\"><div class=\"wpb_column vc_column_container vc_col-sm-12 vc_col-has-fill\"><div class=\"vc_column-inner vc_custom_1653007217691\"><div class=\"wpb_wrapper\"><div class=\"vc_row wpb_row vc_inner vc_row-fluid vc_row-o-equal-height vc_row-o-content-middle vc_row-flex\"><div class=\"wpb_column vc_column_container vc_col-sm-6 vc_col-has-fill\"><div class=\"vc_column-inner vc_custom_1663456909225\"><div class=\"wpb_wrapper\"><\/div><\/div><\/div><div class=\"wpb_column vc_column_container vc_col-sm-4\"><div class=\"vc_column-inner vc_custom_1653418794265\"><div class=\"wpb_wrapper\"><div class=\"ult-spacer spacer-69e515933ceb2\" data-id=\"69e515933ceb2\" data-height=\"75\" data-height-mobile=\"35\" data-height-tab=\"60\" data-height-tab-portrait=\"60\" data-height-mobile-landscape=\"35\" style=\"clear:both;display:block;\"><\/div><h2 style=\"color: #ffffff;text-align: left\" class=\"vc_custom_heading vc_do_custom_heading light-headline\" >Hoosier Energy heute<\/h2>\n\t<div class=\"wpb_text_column wpb_content_element\" >\n\t\t<div class=\"wpb_wrapper\">\n\t\t\t<p><span style=\"color: #ffffff;\">Im Laufe der Jahrzehnte ist Hoosier Energy gereift und zu einer effizienten Stromerzeugungs- und -\u00fcbertragungsgenossenschaft herangewachsen, die heute \u00fcber 17 Mitgliedsgenossenschaften in einem 15.000 Quadratmeilen gro\u00dfen Gebiet in Indiana und Illinois mehr als 700.000 Verbraucher versorgt. Wir beziehen Strom aus einer Vielzahl von Ressourcen und haben im letzten Jahrzehnt erhebliche Fortschritte bei der Steigerung der Produktion und Verteilung erneuerbarer Energien gemacht. Unser Engagement f\u00fcr erneuerbare Energien wurde durch eine freiwillige Vorstandsrichtlinie gest\u00e4rkt, den Anteil erneuerbarer Energien an unserer Produktion bis 2025 auf mindestens 10% zu erh\u00f6hen.<\/span><\/p>\n<p><span style=\"color: #ffffff;\">Heute arbeiten wir mit derselben Vision und Klarheit, die unserer Genossenschaft seit 1949 dienen. Die Grunds\u00e4tze, die unsere F\u00fchrungskr\u00e4fte vor \u00fcber 70 Jahren leiteten, bleiben dieselben und wir sind entschlossen, unseren Mitgliedern auch in den kommenden Jahrzehnten einen Mehrwert zu bieten.<\/span><\/p>\n\n\t\t<\/div>\n\t<\/div>\n<div class=\"ult-spacer spacer-69e515933d322\" data-id=\"69e515933d322\" data-height=\"75\" data-height-mobile=\"35\" data-height-tab=\"60\" data-height-tab-portrait=\"60\" data-height-mobile-landscape=\"35\" style=\"clear:both;display:block;\"><\/div><\/div><\/div><\/div><\/div><\/div><\/div><\/div><\/div><div class=\"vc_row-full-width vc_clearfix\"><\/div><div data-vc-full-width=\"true\" data-vc-full-width-temp=\"true\" data-vc-full-width-init=\"false\" class=\"vc_row wpb_row vc_row-fluid\"><style type=\"text\/css\" data-type=\"vc_shortcodes-default-css\">.vc_do_custom_heading{margin-bottom:0.625rem;margin-top:0;}.vc_do_btn{margin-bottom:22px;}<\/style><style type=\"text\/css\" data-type=\"vc_shortcodes-custom-css\">.vc_custom_1659638016356{background-image: url(https:\/\/hoosierenergy.com\/wp-content\/uploads\/2022\/08\/Join-Our-Team-Header-01-sigmund-4khkLZuJEYI-unsplash-11.jpg?id=6840) !important;}<\/style><div class=\"wpb_column vc_column_container vc_col-sm-12\"><div class=\"vc_column-inner\"><div class=\"wpb_wrapper\"><div class=\"wpb-content-wrapper\"><div id=\"joinourteam\" data-vc-full-width=\"true\" data-vc-full-width-temp=\"true\" data-vc-full-width-init=\"false\" class=\"vc_row wpb_row vc_row-fluid vc_custom_1659638016356 vc_row-has-fill\"><div class=\"wpb_column vc_column_container vc_col-sm-12 vc_col-md-offset-2 vc_col-md-8\"><div class=\"vc_column-inner\"><div class=\"wpb_wrapper\"><div class=\"ult-spacer spacer-69e5159341d53\" data-id=\"69e5159341d53\" data-height=\"150\" data-height-mobile=\"75\" data-height-tab=\"100\" data-height-tab-portrait=\"100\" data-height-mobile-landscape=\"75\" style=\"clear:both;display:block;\"><\/div><h2 style=\"color: #ffffff;text-align: center\" class=\"vc_custom_heading vc_do_custom_heading\" >WERDEN SIE TEIL UNSERES TEAMS<\/h2><div class=\"ult-spacer spacer-69e515934202f\" data-id=\"69e515934202f\" data-height=\"10\" data-height-mobile=\"5\" data-height-tab=\"10\" data-height-tab-portrait=\"10\" data-height-mobile-landscape=\"5\" style=\"clear:both;display:block;\"><\/div><div class=\"vc_row wpb_row vc_inner vc_row-fluid vc_row-o-equal-height vc_row-o-content-middle vc_row-flex\"><div class=\"center wpb_column vc_column_container vc_col-sm-12 vc_col-md-offset-2 vc_col-md-8\"><div class=\"vc_column-inner\"><div class=\"wpb_wrapper\">\n\t<div class=\"wpb_text_column wpb_content_element\" >\n\t\t<div class=\"wpb_wrapper\">\n\t\t\t<p style=\"text-align: center;\"><span style=\"color: #ffffff;\">Suchen Sie nach einer M\u00f6glichkeit, Karriere in einem Unternehmen zu machen, das seine Mitarbeiter wertsch\u00e4tzt? Helfen Sie uns, eine bessere Zukunft f\u00fcr die Gemeinden zu schaffen, die wir betreuen, und machen Sie Karriere bei Hoosier Energy.<\/span><\/p>\n\n\t\t<\/div>\n\t<\/div>\n<\/div><\/div><\/div><\/div><div class=\"vc_row wpb_row vc_inner vc_row-fluid vc_row-o-equal-height vc_row-o-content-middle vc_row-flex\"><div class=\"center wpb_column vc_column_container vc_col-sm-12 vc_col-md-offset-3 vc_col-md-6\"><div class=\"vc_column-inner\"><div class=\"wpb_wrapper\"><div class=\"vc_btn3-container vc_btn3-inline\" ><a style=\"background-color:#0071af; color:#f5ff12;\" class=\"vc_general vc_btn3 vc_btn3-size-md vc_btn3-shape-square vc_btn3-style-custom\" href=\"\/de\/careers\/\" title=\"JOBS SUCHEN\">JOBS SUCHEN<\/a><\/div><\/div><\/div><\/div><\/div><div class=\"ult-spacer spacer-69e5159343096\" data-id=\"69e5159343096\" data-height=\"150\" data-height-mobile=\"75\" data-height-tab=\"100\" data-height-tab-portrait=\"100\" data-height-mobile-landscape=\"75\" style=\"clear:both;display:block;\"><\/div><\/div><\/div><\/div><\/div><div class=\"vc_row-full-width vc_clearfix\"><\/div>\n<\/div><style type=\"text\/css\" data-type=\"rcb-_wpb_shortcodes_custom_css-60\">.vc_custom_1659638016356{background-image: url(https:\/\/hoosierenergy.com\/wp-content\/uploads\/2022\/08\/Join-Our-Team-Header-01-sigmund-4khkLZuJEYI-unsplash-11.jpg?id=6840) !important;}<\/style><\/div><\/div><\/div><\/div><div class=\"vc_row-full-width vc_clearfix\"><\/div>\n<\/div>","protected":false},"excerpt":{"rendered":"<p>Hoosier Energy hat seine Wurzeln in den 1940er Jahren und versorgt seit \u00fcber 70 Jahren Regionen in Indiana und Illinois mit Strom. Obwohl Hoosier Energy heute nicht mehr so aussieht wie fr\u00fcher, ist unsere Mission dieselbe geblieben: die Bereitstellung erschwinglicher, zuverl\u00e4ssiger Energie f\u00fcr l\u00e4ndliche und unterversorgte Regionen in Indiana und Illinois. Im Laufe der Geschichte von Hoosier Energy \u2026<\/p>","protected":false},"author":1,"featured_media":6829,"parent":22,"menu_order":0,"comment_status":"closed","ping_status":"closed","template":"","meta":{"_acf_changed":false,"footnotes":""},"class_list":["post-140","page","type-page","status-publish","has-post-thumbnail","hentry","description-off"],"acf":[],"yoast_head":"<!-- This site is optimized with the Yoast SEO plugin v27.4 - https:\/\/yoast.com\/product\/yoast-seo-wordpress\/ -->\r\n<title>Our History | Hoosier Energy | Serving Illinois and Indiana<\/title>\r\n<meta name=\"description\" content=\"With roots dating to the 1940s, Hoosier Energy has been powering regions of Indiana and Illinois for over 70 years. Learn more about our history.\" \/>\r\n<meta name=\"robots\" content=\"index, follow, max-snippet:-1, max-image-preview:large, max-video-preview:-1\" \/>\r\n<link rel=\"canonical\" href=\"https:\/\/www.hoosierenergy.com\/de\/our-cooperative\/history\/\" \/>\r\n<meta property=\"og:locale\" content=\"de_DE\" \/>\r\n<meta property=\"og:type\" content=\"article\" \/>\r\n<meta property=\"og:title\" content=\"Our History | Hoosier Energy | Serving Illinois and Indiana\" \/>\r\n<meta property=\"og:description\" content=\"With roots dating to the 1940s, Hoosier Energy has been powering regions of Indiana and Illinois for over 70 years. Learn more about our history.\" \/>\r\n<meta property=\"og:url\" content=\"https:\/\/www.hoosierenergy.com\/de\/our-cooperative\/history\/\" \/>\r\n<meta property=\"og:site_name\" content=\"Hoosier Energy\" \/>\r\n<meta property=\"article:publisher\" content=\"https:\/\/www.facebook.com\/HoosierEnergy\" \/>\r\n<meta property=\"article:modified_time\" content=\"2025-02-03T16:12:32+00:00\" \/>\r\n<meta property=\"og:image\" content=\"https:\/\/www.hoosierenergy.com\/wp-content\/uploads\/2022\/08\/header-ourhistory.jpg\" \/>\r\n\t<meta property=\"og:image:width\" content=\"1920\" \/>\r\n\t<meta property=\"og:image:height\" content=\"560\" \/>\r\n\t<meta property=\"og:image:type\" content=\"image\/jpeg\" \/>\r\n<meta name=\"twitter:card\" content=\"summary_large_image\" \/>\r\n<meta name=\"twitter:site\" content=\"@hoosierenergy\" \/>\r\n<meta name=\"twitter:label1\" content=\"Gesch\u00e4tzte Lesezeit\" \/>\n\t<meta name=\"twitter:data1\" content=\"4\u00a0Minuten\" \/>\r\n<script type=\"application\/ld+json\" class=\"yoast-schema-graph\">{\"@context\":\"https:\\\/\\\/schema.org\",\"@graph\":[{\"@type\":\"WebPage\",\"@id\":\"https:\\\/\\\/www.hoosierenergy.com\\\/our-cooperative\\\/history\\\/\",\"url\":\"https:\\\/\\\/www.hoosierenergy.com\\\/our-cooperative\\\/history\\\/\",\"name\":\"Our History | Hoosier Energy | Serving Illinois and Indiana\",\"isPartOf\":{\"@id\":\"https:\\\/\\\/www.hoosierenergy.com\\\/#website\"},\"primaryImageOfPage\":{\"@id\":\"https:\\\/\\\/www.hoosierenergy.com\\\/our-cooperative\\\/history\\\/#primaryimage\"},\"image\":{\"@id\":\"https:\\\/\\\/www.hoosierenergy.com\\\/our-cooperative\\\/history\\\/#primaryimage\"},\"thumbnailUrl\":\"https:\\\/\\\/www.hoosierenergy.com\\\/wp-content\\\/uploads\\\/2022\\\/08\\\/header-ourhistory.jpg\",\"datePublished\":\"2022-07-20T12:24:26+00:00\",\"dateModified\":\"2025-02-03T16:12:32+00:00\",\"description\":\"With roots dating to the 1940s, Hoosier Energy has been powering regions of Indiana and Illinois for over 70 years. Learn more about our history.\",\"breadcrumb\":{\"@id\":\"https:\\\/\\\/www.hoosierenergy.com\\\/our-cooperative\\\/history\\\/#breadcrumb\"},\"inLanguage\":\"de\",\"potentialAction\":[{\"@type\":\"ReadAction\",\"target\":[\"https:\\\/\\\/www.hoosierenergy.com\\\/our-cooperative\\\/history\\\/\"]}]},{\"@type\":\"ImageObject\",\"inLanguage\":\"de\",\"@id\":\"https:\\\/\\\/www.hoosierenergy.com\\\/our-cooperative\\\/history\\\/#primaryimage\",\"url\":\"https:\\\/\\\/www.hoosierenergy.com\\\/wp-content\\\/uploads\\\/2022\\\/08\\\/header-ourhistory.jpg\",\"contentUrl\":\"https:\\\/\\\/www.hoosierenergy.com\\\/wp-content\\\/uploads\\\/2022\\\/08\\\/header-ourhistory.jpg\",\"width\":1920,\"height\":560},{\"@type\":\"BreadcrumbList\",\"@id\":\"https:\\\/\\\/www.hoosierenergy.com\\\/our-cooperative\\\/history\\\/#breadcrumb\",\"itemListElement\":[{\"@type\":\"ListItem\",\"position\":1,\"name\":\"Home\",\"item\":\"https:\\\/\\\/www.hoosierenergy.com\\\/\"},{\"@type\":\"ListItem\",\"position\":2,\"name\":\"Our Cooperative\",\"item\":\"https:\\\/\\\/www.hoosierenergy.com\\\/our-cooperative\\\/\"},{\"@type\":\"ListItem\",\"position\":3,\"name\":\"History\"}]},{\"@type\":\"WebSite\",\"@id\":\"https:\\\/\\\/www.hoosierenergy.com\\\/#website\",\"url\":\"https:\\\/\\\/www.hoosierenergy.com\\\/\",\"name\":\"Hoosier Energy\",\"description\":\"Powering Community\",\"alternateName\":\"Hoosier Energy Rural Electric Cooperative, Inc.\",\"potentialAction\":[{\"@type\":\"SearchAction\",\"target\":{\"@type\":\"EntryPoint\",\"urlTemplate\":\"https:\\\/\\\/www.hoosierenergy.com\\\/?s={search_term_string}\"},\"query-input\":{\"@type\":\"PropertyValueSpecification\",\"valueRequired\":true,\"valueName\":\"search_term_string\"}}],\"inLanguage\":\"de\"}]}<\/script>\r\n<!-- \/ Yoast SEO plugin. -->","yoast_head_json":{"title":"Our History | Hoosier Energy | Serving Illinois and Indiana","description":"With roots dating to the 1940s, Hoosier Energy has been powering regions of Indiana and Illinois for over 70 years. Learn more about our history.","robots":{"index":"index","follow":"follow","max-snippet":"max-snippet:-1","max-image-preview":"max-image-preview:large","max-video-preview":"max-video-preview:-1"},"canonical":"https:\/\/www.hoosierenergy.com\/de\/our-cooperative\/history\/","og_locale":"de_DE","og_type":"article","og_title":"Our History | Hoosier Energy | Serving Illinois and Indiana","og_description":"With roots dating to the 1940s, Hoosier Energy has been powering regions of Indiana and Illinois for over 70 years. Learn more about our history.","og_url":"https:\/\/www.hoosierenergy.com\/de\/our-cooperative\/history\/","og_site_name":"Hoosier Energy","article_publisher":"https:\/\/www.facebook.com\/HoosierEnergy","article_modified_time":"2025-02-03T16:12:32+00:00","og_image":[{"width":1920,"height":560,"url":"https:\/\/www.hoosierenergy.com\/wp-content\/uploads\/2022\/08\/header-ourhistory.jpg","type":"image\/jpeg"}],"twitter_card":"summary_large_image","twitter_site":"@hoosierenergy","twitter_misc":{"Gesch\u00e4tzte Lesezeit":"4\u00a0Minuten"},"schema":{"@context":"https:\/\/schema.org","@graph":[{"@type":"WebPage","@id":"https:\/\/www.hoosierenergy.com\/our-cooperative\/history\/","url":"https:\/\/www.hoosierenergy.com\/our-cooperative\/history\/","name":"Our History | Hoosier Energy | Serving Illinois and Indiana","isPartOf":{"@id":"https:\/\/www.hoosierenergy.com\/#website"},"primaryImageOfPage":{"@id":"https:\/\/www.hoosierenergy.com\/our-cooperative\/history\/#primaryimage"},"image":{"@id":"https:\/\/www.hoosierenergy.com\/our-cooperative\/history\/#primaryimage"},"thumbnailUrl":"https:\/\/www.hoosierenergy.com\/wp-content\/uploads\/2022\/08\/header-ourhistory.jpg","datePublished":"2022-07-20T12:24:26+00:00","dateModified":"2025-02-03T16:12:32+00:00","description":"With roots dating to the 1940s, Hoosier Energy has been powering regions of Indiana and Illinois for over 70 years. Learn more about our history.","breadcrumb":{"@id":"https:\/\/www.hoosierenergy.com\/our-cooperative\/history\/#breadcrumb"},"inLanguage":"de","potentialAction":[{"@type":"ReadAction","target":["https:\/\/www.hoosierenergy.com\/our-cooperative\/history\/"]}]},{"@type":"ImageObject","inLanguage":"de","@id":"https:\/\/www.hoosierenergy.com\/our-cooperative\/history\/#primaryimage","url":"https:\/\/www.hoosierenergy.com\/wp-content\/uploads\/2022\/08\/header-ourhistory.jpg","contentUrl":"https:\/\/www.hoosierenergy.com\/wp-content\/uploads\/2022\/08\/header-ourhistory.jpg","width":1920,"height":560},{"@type":"BreadcrumbList","@id":"https:\/\/www.hoosierenergy.com\/our-cooperative\/history\/#breadcrumb","itemListElement":[{"@type":"ListItem","position":1,"name":"Home","item":"https:\/\/www.hoosierenergy.com\/"},{"@type":"ListItem","position":2,"name":"Our Cooperative","item":"https:\/\/www.hoosierenergy.com\/our-cooperative\/"},{"@type":"ListItem","position":3,"name":"History"}]},{"@type":"WebSite","@id":"https:\/\/www.hoosierenergy.com\/#website","url":"https:\/\/www.hoosierenergy.com\/","name":"Hoosier Energie","description":"Gemeinschaft st\u00e4rken","alternateName":"Hoosier Energy Rural Electric Cooperative, Inc.","potentialAction":[{"@type":"SearchAction","target":{"@type":"EntryPoint","urlTemplate":"https:\/\/www.hoosierenergy.com\/?s={search_term_string}"},"query-input":{"@type":"PropertyValueSpecification","valueRequired":true,"valueName":"search_term_string"}}],"inLanguage":"de"}]}},"_links":{"self":[{"href":"http:\/\/www.hoosierenergy.com\/de\/wp-json\/wp\/v2\/pages\/140","targetHints":{"allow":["GET"]}}],"collection":[{"href":"http:\/\/www.hoosierenergy.com\/de\/wp-json\/wp\/v2\/pages"}],"about":[{"href":"http:\/\/www.hoosierenergy.com\/de\/wp-json\/wp\/v2\/types\/page"}],"author":[{"embeddable":true,"href":"http:\/\/www.hoosierenergy.com\/de\/wp-json\/wp\/v2\/users\/1"}],"replies":[{"embeddable":true,"href":"http:\/\/www.hoosierenergy.com\/de\/wp-json\/wp\/v2\/comments?post=140"}],"version-history":[{"count":0,"href":"http:\/\/www.hoosierenergy.com\/de\/wp-json\/wp\/v2\/pages\/140\/revisions"}],"up":[{"embeddable":true,"href":"http:\/\/www.hoosierenergy.com\/de\/wp-json\/wp\/v2\/pages\/22"}],"wp:featuredmedia":[{"embeddable":true,"href":"http:\/\/www.hoosierenergy.com\/de\/wp-json\/wp\/v2\/media\/6829"}],"wp:attachment":[{"href":"http:\/\/www.hoosierenergy.com\/de\/wp-json\/wp\/v2\/media?parent=140"}],"curies":[{"name":"wp","href":"https:\/\/api.w.org\/{rel}","templated":true}]}}